{"id":135,"date":"2020-12-31T14:42:41","date_gmt":"2020-12-31T12:42:41","guid":{"rendered":"https:\/\/kktavastia.vaiheessa.fi\/lukiot-lammi\/?page_id=135"},"modified":"2021-06-15T10:58:02","modified_gmt":"2021-06-15T07:58:02","slug":"kurssin-suorittaminen-ja-arviointi","status":"publish","type":"page","link":"https:\/\/www.kktavastia.fi\/lukiot-lammi\/opetus-ja-ohjaus\/opetusjarjestelyt\/kurssin-suorittaminen-ja-arviointi\/","title":{"rendered":"Kurssin\/ opintojakson suorittaminen ja arviointi"},"content":{"rendered":"\n<h3 class=\"wp-block-heading\">Kurssin\/ opintojakson arviointi<\/h3>\n\n\n\n<p>Jokainen opiskelijan opiskelema kurssi \/opintojakso arvioidaan sen p\u00e4\u00e4tytty\u00e4. Arvioinnin teht\u00e4v\u00e4n\u00e4 on antaa palautetta opiskelijalle kurssin tavoitteiden saavuttamisesta ja oppiaineen opiskelun etenemisest\u00e4. Kurssin \/opintojakson arviointi perustuu paitsi mahdollisiin kirjallisiin kokeisiin, opintojen edistymisen jatkuvaan havainnointiin ja opiskelijan tuotosten arviointiin. Arviointiin sis\u00e4ltyy opiskelijan itse- ja\/tai vertaisarviointi.<\/p>\n\n\n\n<p>Opiskelijalla on oikeus saada tieto arviointiperusteista ja niiden soveltamisesta h\u00e4neen (LA 6 \u00a7). Opettaja selvitt\u00e4\u00e4 kurssin \/opintojakson alussa kurssi \/opintojaksokohtaisen arvioinnin perusteet. Jokaiseen kurssiin ei v\u00e4ltt\u00e4m\u00e4tt\u00e4 sis\u00e4lly koetta.<\/p>\n\n\n\n<p>Kunkin oppiaineen pakolliset ja syvent\u00e4v\u00e4t \/valtakunnalliset valinnaiset opinnot arvioidaan numeroasteikolla 4\u201310. Arvosana 5 osoittaa v\u00e4ltt\u00e4vi\u00e4, 6 kohtalaisia, 7 tyydytt\u00e4vi\u00e4, 8 hyvi\u00e4, 9 kiitett\u00e4vi\u00e4 ja 10 erinomaisia tietoja ja taitoja. Hyl\u00e4tty suoritus merkit\u00e4\u00e4n arvosanalla 4. (LA 6 \u00a7.)<\/p>\n\n\n\n<p>Soveltavat kurssit\/ paikalliset valinnaiset opinnot voidaan arvioida numeroin tai suoritusmerkinn\u00e4ll\u00e4 (S = suoritettu, H = hyl\u00e4tty). Arviointitavat m\u00e4\u00e4ritell\u00e4\u00e4n ainekohtaisessa opetussuunnitelmassa. Lukiossa ei ole yksil\u00f6llistettyj\u00e4 oppim\u00e4\u00e4ri\u00e4, vaan oppiaineiden tavoitteet ja keskeiset sis\u00e4ll\u00f6t ovat kaikille samat. Sen sijaan diagnosoidut vammat tai niihin rinnastettavat vaikeudet, kuten lukemis- ja kirjoittamish\u00e4iri\u00f6, maahanmuuttajien kielelliset vaikeudet sek\u00e4 muut syyt, jotka vaikeuttavat osaamisen osoittamista, tulee ottaa huomioon arvioinnissa, siten, ett\u00e4 opiskelijalla on mahdollisuus erityisj\u00e4rjestelyihin ja muuhunkin kirjalliseen n\u00e4ytt\u00f6\u00f6n. Kyseiset vaikeudet voidaan ottaa huomioon m\u00e4\u00e4r\u00e4tt\u00e4ess\u00e4 opiskelijan kurssiarvosanaa opintojakson arvosanaa.<\/p>\n\n\n\n<div class=\"wp-block-buttons is-layout-flex wp-block-buttons-is-layout-flex\">\n<div class=\"wp-block-button\"><a class=\"wp-block-button__link\" href=\"https:\/\/www.kktavastia.fi\/lukiot-lammi\/opetus-ja-ohjaus\/opetusjarjestelyt\/\">Lue lis\u00e4\u00e4 kurssien ja lukion oppim\u00e4\u00e4r\u00e4n suorittamisesta<\/a><\/div>\n<\/div>\n\n\n\n<h3 class=\"wp-block-heading\">K-merkint\u00e4<\/h3>\n\n\n\n<p>Mik\u00e4li kurssisuorituksesta\/ opintojaksosuorituksesta puuttuu jakson loppuun menness\u00e4 osasuorituksia, puuttuvat ty\u00f6t on palautettava seuraavan jakson r\u00e4stikokeeseen menness\u00e4 tai teht\u00e4v\u00e4 viimeist\u00e4\u00e4n r\u00e4stikokeessa. Jos opiskelija ei palauta puuttuvia osasuorituksia m\u00e4\u00e4r\u00e4aikaan menness\u00e4, kurssi\/ opintojakso on suoritettava kokonaan uudelleen.<\/p>\n\n\n\n<p>Jos opiskelija on poissa kurssikokeesta ilman p\u00e4tev\u00e4\u00e4 syyt\u00e4, merkit\u00e4\u00e4n jaksotodistukseen kurssiarvosanaksi\/ opintojakson arvosanaksi K-merkint\u00e4. T\u00e4ss\u00e4 tapauksessa puuttuva koe tehd\u00e4\u00e4n seuraavassa uusintakuulustelussa. Lis\u00e4ksi opiskelijan on teht\u00e4v\u00e4 opettajan m\u00e4\u00e4r\u00e4\u00e4m\u00e4t lis\u00e4teht\u00e4v\u00e4t, jotka on palautettava ennen ko. uusintakuulustelua.<\/p>\n\n\n\n<h3 class=\"wp-block-heading\">X-merkint\u00e4<\/h3>\n\n\n\n<p>K\u00e4yt\u00f6ss\u00e4 on my\u00f6s X-merkint\u00e4. Se annetaan, kun<\/p>\n\n\n\n<ul class=\"wp-block-list\"><li>opettaja ei pysty puutteellisen n\u00e4yt\u00f6n vuoksi arvioimaan kurssia\/ opintojaksoa edes arvosanalla 4<\/li><li>arvioitavissa osasuorituksessa on k\u00e4ytetty vilppi\u00e4<\/li><li>K-merkint\u00e4\u00e4 ei ole hoidettu m\u00e4\u00e4r\u00e4aikaan menness\u00e4<\/li><li>opiskelija keskeytt\u00e4\u00e4 itse kurssin\/opintojakson (ei ole saapunut paikalle tai j\u00e4tt\u00e4nyt arvioitavia suorituksia, ja opettaja katsoo, ett\u00e4 K-merkint\u00e4\u00e4 ei voida antaa).<\/li><\/ul>\n\n\n\n<p>Opettaja on velvollinen kirjaamaan X-merkinn\u00e4n selityksen n\u00e4kyviin (syy merkinn\u00e4lle, jokin edell\u00e4 mainituista). X-merkint\u00e4\u00e4 ei voi antaa muista syist\u00e4. X-merkint\u00e4 tarkoittaa sit\u00e4, ett\u00e4 kurssi\/ opintojakso on k\u00e4yt\u00e4v\u00e4 uudelleen, eik\u00e4 t\u00e4ydent\u00e4minen ole en\u00e4\u00e4 mahdollista. Kurssin \/opintojakson voi k\u00e4yd\u00e4 uudelleen istumalla kurssin tai suorittamalla sen itsen\u00e4isesti (jos se opsin mukaan on mahdollista).<\/p>\n\n\n\n<h3 class=\"wp-block-heading\">R\u00e4stikoe<\/h3>\n\n\n\n<p>Edellisen jakson kurssien\/ opintojaksojen r\u00e4stikokeet j\u00e4rjestet\u00e4\u00e4n seuraavan jakson alkupuolella. Viidennen jakson r\u00e4stikokeen ajankohdasta opiskelija sopii aineenopettajan kanssa. R\u00e4stikokeeseen on ilmoittauduttava kirjallisesti. Ilmoittautumislomake toimitetaan ko. aineenopettajalle.<\/p>\n\n\n\n<p>R\u00e4stikokeessa opiskelija voi suorittaa sellaisen kokeen, josta h\u00e4n on ollut poissa sairauden tai muun hyv\u00e4ksytt\u00e4v\u00e4n syyn takia. R\u00e4stikokeessa on mahdollista suorittaa my\u00f6s koe, jota opiskelija ei ole voinut suorittaa p\u00e4\u00e4llekk\u00e4isten kurssivalintojen\/ opintojaksovalintojen  takia. Lis\u00e4ksi r\u00e4stikokeessa voi suorittaa itsen\u00e4isesti opiskeltaviin kursseihin\/ opintojaksoihin liittyvi\u00e4 kokeita.<\/p>\n\n\n\n<p>Jos opiskelijalta puuttuu useamman kurssin koesuoritus, h\u00e4nen on neuvoteltava kurssin opettajan kanssa kokeen suorittamisen ajankohdasta.<\/p>\n\n\n\n<h3 class=\"wp-block-heading\">Uusintakuulustelu<\/h3>\n\n\n\n<p>Uusintakuulusteluja j\u00e4rjestet\u00e4\u00e4n&nbsp;kolme kertaa&nbsp;lukuvuoden aikana: elokuussa, joulukuussa ja huhtikuun lopussa.<\/p>\n\n\n\n<p>Uusintakuulustelussa voi suorittaa hyl\u00e4tyn (4) kurssin\/ opintojakson, hyv\u00e4ksytyn kurssin\/ opintojakson tai kurssin\/ opintojakson, joka on suoritettu l\u00e4hiopetukseen osallistumatta. Hyv\u00e4ksytty\u00e4 arvosanaa voi korottaa yhden kerran lukio-opintojen aikana ennen p\u00e4\u00e4tt\u00f6arviointia.<\/p>\n\n\n\n<p>Ennen uusintakuulustelua opiskelijan on suoritettava opettajan m\u00e4\u00e4r\u00e4\u00e4m\u00e4t kurssiin\/ opintojaksoon sis\u00e4ltyv\u00e4t teht\u00e4v\u00e4t. Teht\u00e4v\u00e4t on palautettava viimeist\u00e4\u00e4n viikkoa ennen uusintakuulustelua.<\/p>\n\n\n\n<p>Uusintakuulusteluun on ilmoittauduttava kirjallisesti kaksi viikkoa ennen kuulustelua. Elokuussa pidett\u00e4v\u00e4\u00e4n uusintakuulusteluun ilmoittaudutaan lukuvuoden ensimm\u00e4isen viikon aikana. Ilmoittautumislomake toimitetaan ko. aineenopettajalle.<\/p>\n\n\n\n<p>Varsinaisten uusintakuulustelujen lis\u00e4ksi uusintakokeen voi suorittaa r\u00e4stikokeessa sill\u00e4 ehdolla, ett\u00e4 opiskelija ilmoittautuu kokeeseen kaksi viikkoa ennen koetta, pyyt\u00e4\u00e4 ajoissa opettajalta uusittavan kurssin lis\u00e4teht\u00e4v\u00e4t ja palauttaa lis\u00e4teht\u00e4v\u00e4t viikkoa ennen koetta.<\/p>\n\n\n\n<h3 class=\"wp-block-heading\">Kurssiarvosanan\/ opintojaksoarvosanan oikaisu<\/h3>\n\n\n\n<p>Kurssiarvosana voidaan muuttaa perustellusta syyst\u00e4 vain rehtorin luvalla ellei kyse ole uusintakuulustelun tai vastaavan kokeen aiheuttamasta arvosanan korotuksesta.<\/p>\n\n\n\n<p>Opiskelija voi viikon kuluessa arvioinnista tiedon saatuaan pyyt\u00e4\u00e4 kurssiarvosanan\/ opintojaksoarvosanan oikaisua. Pyynt\u00f6 j\u00e4tet\u00e4\u00e4n rehtorille, ja uudesta arvioinnista p\u00e4\u00e4tt\u00e4v\u00e4t rehtori ja opettajat yhdess\u00e4.<\/p>\n\n\n\n<h3 class=\"wp-block-heading\">Vilppi kokeessa<\/h3>\n\n\n\n<p>Mik\u00e4li opiskelija lunttaa, plagioi tai toimii muulla tavalla vilpillisesti kokeessa tai arvioitavassa teht\u00e4v\u00e4ss\u00e4, toiminta alentaa arvioitavan teht\u00e4v\u00e4n arvosanaa ja voi johtaa koko kurssin tai opintojakson hylk\u00e4\u00e4miseen. Aineenopettaja tiedottaa asiasta rehtorille ja ryhm\u00e4nohjaajalle ja alaik\u00e4isen opiskelijan huoltajille.<\/p>\n\n\n\n<p><\/p>\n","protected":false},"excerpt":{"rendered":"<p>Kurssin\/ opintojakson arviointi Jokainen opiskelijan opiskelema kurssi \/opintojakso arvioidaan sen p\u00e4\u00e4tytty\u00e4. Arvioinnin teht\u00e4v\u00e4n\u00e4 on antaa palautetta opiskelijalle kurssin tavoitteiden saavuttamisesta [&hellip;]<\/p>\n","protected":false},"author":6,"featured_media":0,"parent":103,"menu_order":0,"comment_status":"closed","ping_status":"closed","template":"","meta":{"_acf_changed":false,"_relevanssi_hide_post":"","_relevanssi_hide_content":"","_relevanssi_pin_for_all":"","_relevanssi_pin_keywords":"","_relevanssi_unpin_keywords":"","_relevanssi_related_keywords":"","_relevanssi_related_include_ids":"","_relevanssi_related_exclude_ids":"","_relevanssi_related_no_append":"","_relevanssi_related_not_related":"","_relevanssi_related_posts":"1878,1321,843,265,1354,1485","_relevanssi_noindex_reason":"","footnotes":""},"class_list":["post-135","page","type-page","status-publish","hentry"],"acf":[],"yoast_head":"<title>Kurssin suorittaminen ja arviointi | Uusintakuulustelut | Lammin lukio<\/title>\n<meta name=\"description\" content=\"Kurssien suorittaminen ja arviointi Lammin lukiossa: r\u00e4stikokeet, uusintakuulustelut, vilppi kokeessa. Lue lis\u00e4\u00e4!\" \/>\n<meta name=\"robots\" content=\"index, follow, max-snippet:-1, max-image-preview:large, max-video-preview:-1\" \/>\n<link rel=\"canonical\" href=\"https:\/\/www.kktavastia.fi\/lukiot-lammi\/opetus-ja-ohjaus\/opetusjarjestelyt\/kurssin-suorittaminen-ja-arviointi\/\" \/>\n<meta property=\"og:locale\" content=\"fi_FI\" \/>\n<meta property=\"og:type\" content=\"article\" \/>\n<meta property=\"og:title\" content=\"Kurssin suorittaminen ja arviointi | Uusintakuulustelut | Lammin lukio\" \/>\n<meta property=\"og:description\" content=\"Kurssien suorittaminen ja arviointi Lammin lukiossa: r\u00e4stikokeet, uusintakuulustelut, vilppi kokeessa. Lue lis\u00e4\u00e4!\" \/>\n<meta property=\"og:url\" content=\"https:\/\/www.kktavastia.fi\/lukiot-lammi\/opetus-ja-ohjaus\/opetusjarjestelyt\/kurssin-suorittaminen-ja-arviointi\/\" \/>\n<meta property=\"og:site_name\" content=\"Lammin lukio\" \/>\n<meta property=\"article:modified_time\" content=\"2021-06-15T07:58:02+00:00\" \/>\n<meta name=\"twitter:card\" content=\"summary_large_image\" \/>\n<script type=\"application\/ld+json\" class=\"yoast-schema-graph\">{\"@context\":\"https:\\\/\\\/schema.org\",\"@graph\":[{\"@type\":\"WebPage\",\"@id\":\"https:\\\/\\\/www.kktavastia.fi\\\/lukiot-lammi\\\/opetus-ja-ohjaus\\\/opetusjarjestelyt\\\/kurssin-suorittaminen-ja-arviointi\\\/\",\"url\":\"https:\\\/\\\/www.kktavastia.fi\\\/lukiot-lammi\\\/opetus-ja-ohjaus\\\/opetusjarjestelyt\\\/kurssin-suorittaminen-ja-arviointi\\\/\",\"name\":\"Kurssin suorittaminen ja arviointi | Uusintakuulustelut | Lammin lukio\",\"isPartOf\":{\"@id\":\"https:\\\/\\\/www.kktavastia.fi\\\/lukiot-lammi\\\/#website\"},\"datePublished\":\"2020-12-31T12:42:41+00:00\",\"dateModified\":\"2021-06-15T07:58:02+00:00\",\"description\":\"Kurssien suorittaminen ja arviointi Lammin lukiossa: r\u00e4stikokeet, uusintakuulustelut, vilppi kokeessa. Lue lis\u00e4\u00e4!\",\"breadcrumb\":{\"@id\":\"https:\\\/\\\/www.kktavastia.fi\\\/lukiot-lammi\\\/opetus-ja-ohjaus\\\/opetusjarjestelyt\\\/kurssin-suorittaminen-ja-arviointi\\\/#breadcrumb\"},\"inLanguage\":\"fi\",\"potentialAction\":[{\"@type\":\"ReadAction\",\"target\":[\"https:\\\/\\\/www.kktavastia.fi\\\/lukiot-lammi\\\/opetus-ja-ohjaus\\\/opetusjarjestelyt\\\/kurssin-suorittaminen-ja-arviointi\\\/\"]}]},{\"@type\":\"BreadcrumbList\",\"@id\":\"https:\\\/\\\/www.kktavastia.fi\\\/lukiot-lammi\\\/opetus-ja-ohjaus\\\/opetusjarjestelyt\\\/kurssin-suorittaminen-ja-arviointi\\\/#breadcrumb\",\"itemListElement\":[{\"@type\":\"ListItem\",\"position\":1,\"name\":\"Home\",\"item\":\"https:\\\/\\\/www.kktavastia.fi\\\/lukiot-lammi\\\/\"},{\"@type\":\"ListItem\",\"position\":2,\"name\":\"Opetus ja ohjaus\",\"item\":\"https:\\\/\\\/www.kktavastia.fi\\\/lukiot-lammi\\\/opetus-ja-ohjaus\\\/\"},{\"@type\":\"ListItem\",\"position\":3,\"name\":\"Opetusj\u00e4rjestelyt\",\"item\":\"https:\\\/\\\/www.kktavastia.fi\\\/lukiot-lammi\\\/opetus-ja-ohjaus\\\/opetusjarjestelyt\\\/\"},{\"@type\":\"ListItem\",\"position\":4,\"name\":\"Kurssin\\\/ opintojakson suorittaminen ja arviointi\"}]},{\"@type\":\"WebSite\",\"@id\":\"https:\\\/\\\/www.kktavastia.fi\\\/lukiot-lammi\\\/#website\",\"url\":\"https:\\\/\\\/www.kktavastia.fi\\\/lukiot-lammi\\\/\",\"name\":\"Lammin lukio\",\"description\":\"\",\"potentialAction\":[{\"@type\":\"SearchAction\",\"target\":{\"@type\":\"EntryPoint\",\"urlTemplate\":\"https:\\\/\\\/www.kktavastia.fi\\\/lukiot-lammi\\\/?s={search_term_string}\"},\"query-input\":{\"@type\":\"PropertyValueSpecification\",\"valueRequired\":true,\"valueName\":\"search_term_string\"}}],\"inLanguage\":\"fi\"}]}<\/script>","yoast_head_json":{"title":"Kurssin suorittaminen ja arviointi | Uusintakuulustelut | Lammin lukio","description":"Kurssien suorittaminen ja arviointi Lammin lukiossa: r\u00e4stikokeet, uusintakuulustelut, vilppi kokeessa. Lue lis\u00e4\u00e4!","robots":{"index":"index","follow":"follow","max-snippet":"max-snippet:-1","max-image-preview":"max-image-preview:large","max-video-preview":"max-video-preview:-1"},"canonical":"https:\/\/www.kktavastia.fi\/lukiot-lammi\/opetus-ja-ohjaus\/opetusjarjestelyt\/kurssin-suorittaminen-ja-arviointi\/","og_locale":"fi_FI","og_type":"article","og_title":"Kurssin suorittaminen ja arviointi | Uusintakuulustelut | Lammin lukio","og_description":"Kurssien suorittaminen ja arviointi Lammin lukiossa: r\u00e4stikokeet, uusintakuulustelut, vilppi kokeessa. Lue lis\u00e4\u00e4!","og_url":"https:\/\/www.kktavastia.fi\/lukiot-lammi\/opetus-ja-ohjaus\/opetusjarjestelyt\/kurssin-suorittaminen-ja-arviointi\/","og_site_name":"Lammin lukio","article_modified_time":"2021-06-15T07:58:02+00:00","twitter_card":"summary_large_image","schema":{"@context":"https:\/\/schema.org","@graph":[{"@type":"WebPage","@id":"https:\/\/www.kktavastia.fi\/lukiot-lammi\/opetus-ja-ohjaus\/opetusjarjestelyt\/kurssin-suorittaminen-ja-arviointi\/","url":"https:\/\/www.kktavastia.fi\/lukiot-lammi\/opetus-ja-ohjaus\/opetusjarjestelyt\/kurssin-suorittaminen-ja-arviointi\/","name":"Kurssin suorittaminen ja arviointi | Uusintakuulustelut | Lammin lukio","isPartOf":{"@id":"https:\/\/www.kktavastia.fi\/lukiot-lammi\/#website"},"datePublished":"2020-12-31T12:42:41+00:00","dateModified":"2021-06-15T07:58:02+00:00","description":"Kurssien suorittaminen ja arviointi Lammin lukiossa: r\u00e4stikokeet, uusintakuulustelut, vilppi kokeessa. Lue lis\u00e4\u00e4!","breadcrumb":{"@id":"https:\/\/www.kktavastia.fi\/lukiot-lammi\/opetus-ja-ohjaus\/opetusjarjestelyt\/kurssin-suorittaminen-ja-arviointi\/#breadcrumb"},"inLanguage":"fi","potentialAction":[{"@type":"ReadAction","target":["https:\/\/www.kktavastia.fi\/lukiot-lammi\/opetus-ja-ohjaus\/opetusjarjestelyt\/kurssin-suorittaminen-ja-arviointi\/"]}]},{"@type":"BreadcrumbList","@id":"https:\/\/www.kktavastia.fi\/lukiot-lammi\/opetus-ja-ohjaus\/opetusjarjestelyt\/kurssin-suorittaminen-ja-arviointi\/#breadcrumb","itemListElement":[{"@type":"ListItem","position":1,"name":"Home","item":"https:\/\/www.kktavastia.fi\/lukiot-lammi\/"},{"@type":"ListItem","position":2,"name":"Opetus ja ohjaus","item":"https:\/\/www.kktavastia.fi\/lukiot-lammi\/opetus-ja-ohjaus\/"},{"@type":"ListItem","position":3,"name":"Opetusj\u00e4rjestelyt","item":"https:\/\/www.kktavastia.fi\/lukiot-lammi\/opetus-ja-ohjaus\/opetusjarjestelyt\/"},{"@type":"ListItem","position":4,"name":"Kurssin\/ opintojakson suorittaminen ja arviointi"}]},{"@type":"WebSite","@id":"https:\/\/www.kktavastia.fi\/lukiot-lammi\/#website","url":"https:\/\/www.kktavastia.fi\/lukiot-lammi\/","name":"Lammin lukio","description":"","potentialAction":[{"@type":"SearchAction","target":{"@type":"EntryPoint","urlTemplate":"https:\/\/www.kktavastia.fi\/lukiot-lammi\/?s={search_term_string}"},"query-input":{"@type":"PropertyValueSpecification","valueRequired":true,"valueName":"search_term_string"}}],"inLanguage":"fi"}]}},"_links":{"self":[{"href":"https:\/\/www.kktavastia.fi\/lukiot-lammi\/wp-json\/wp\/v2\/pages\/135","targetHints":{"allow":["GET"]}}],"collection":[{"href":"https:\/\/www.kktavastia.fi\/lukiot-lammi\/wp-json\/wp\/v2\/pages"}],"about":[{"href":"https:\/\/www.kktavastia.fi\/lukiot-lammi\/wp-json\/wp\/v2\/types\/page"}],"author":[{"embeddable":true,"href":"https:\/\/www.kktavastia.fi\/lukiot-lammi\/wp-json\/wp\/v2\/users\/6"}],"replies":[{"embeddable":true,"href":"https:\/\/www.kktavastia.fi\/lukiot-lammi\/wp-json\/wp\/v2\/comments?post=135"}],"version-history":[{"count":10,"href":"https:\/\/www.kktavastia.fi\/lukiot-lammi\/wp-json\/wp\/v2\/pages\/135\/revisions"}],"predecessor-version":[{"id":1543,"href":"https:\/\/www.kktavastia.fi\/lukiot-lammi\/wp-json\/wp\/v2\/pages\/135\/revisions\/1543"}],"up":[{"embeddable":true,"href":"https:\/\/www.kktavastia.fi\/lukiot-lammi\/wp-json\/wp\/v2\/pages\/103"}],"wp:attachment":[{"href":"https:\/\/www.kktavastia.fi\/lukiot-lammi\/wp-json\/wp\/v2\/media?parent=135"}],"curies":[{"name":"wp","href":"https:\/\/api.w.org\/{rel}","templated":true}]}}