{"id":131,"date":"2020-12-31T14:33:34","date_gmt":"2020-12-31T12:33:34","guid":{"rendered":"https:\/\/kktavastia.vaiheessa.fi\/lukiot-lammi\/?page_id=131"},"modified":"2021-06-15T10:45:45","modified_gmt":"2021-06-15T07:45:45","slug":"tietotekniikkalaitteet-oppitunneilla","status":"publish","type":"page","link":"https:\/\/www.kktavastia.fi\/lukiot-lammi\/opetus-ja-ohjaus\/opetusjarjestelyt\/tietotekniikkalaitteet-oppitunneilla\/","title":{"rendered":"Tietotekniikkalaitteet oppitunneilla"},"content":{"rendered":"\n<p class=\"is-style-ingress\">Suomessa koulutus on siirtynyt nopeaa tahtia hy\u00f6dynt\u00e4m\u00e4\u00e4n s\u00e4hk\u00f6isi\u00e4 materiaaleja. Ylioppilaskirjoitukset ovat nyky\u00e4\u00e4n kokonaan s\u00e4hk\u00f6iset.<\/p>\n\n\n\n<p>T\u00e4m\u00e4n johdosta on t\u00e4rke\u00e4\u00e4, ett\u00e4 jokaisella  lukion opiskelijalla on k\u00e4yt\u00f6ss\u00e4\u00e4n jokin p\u00e4\u00e4telaite (ei \u00e4lypuhelin) opiskelua varten. P\u00e4\u00e4telaite voi olla opiskelijan tai huoltajan valinnan mukaan kannettava tietokone, tablet-tietokone tai hybridi. Laitteissa tulee olla tekstink\u00e4sittelyyn ja tiedonk\u00e4sittelyyn sopiva ohjelmisto. Useimmissa tablet-laitteissa n\u00e4m\u00e4 kuuluvat jo peruskokoonpanoon. Kouluissa on WLAN-verkko, joten puhelindatakortti ei ole v\u00e4ltt\u00e4m\u00e4t\u00f6n koulun puolesta. Oppivelvollisuusik\u00e4isille lukion syksyll\u00e4 2021 aloittaville p\u00e4\u00e4telaite hankitaan opetuksen j\u00e4rjest\u00e4j\u00e4n toimesta.<\/p>\n\n\n\n<p>Tablet-tietokoneiden etuna on pienuus ja keveys sek\u00e4 hyv\u00e4 akunkesto. Heikkoutena on rajallinen muistikapasiteetti ja n\u00e4pp\u00e4imist\u00f6. L\u00e4pp\u00e4rin etuna on parempi ty\u00f6skentelytila ja sill\u00e4 p\u00e4rj\u00e4\u00e4 my\u00f6s yo-kokeissa ja koulun omissa kokeissa. L\u00e4pp\u00e4rin heikkoutena on lyhyt akunkesto sek\u00e4 koko ja paino mukana kannettavaksi. Hybriditietokone on puolestaan yhdistelm\u00e4 edell\u00e4 mainituista.<\/p>\n\n\n\n<p>T\u00e4m\u00e4n hetken tiedon mukaan ylioppilaskirjoitukset voidaan tehd\u00e4 ainakin t\u00e4ll\u00e4 hetkell\u00e4 viisi vuotta vanhalla kannettavalla tietokoneella. Ylioppilastutkintolautakunnan mukaan ylioppilaskirjoitusten takia ei kuitenkaan tarvitse hankkia opiskeluun nimenomaan kannettavaa tietokonetta, vaan opiskeluun kannattaa hankkia itse opiskelua parhaiten palveleva laite.<\/p>\n\n\n\n<p>Kun ylioppilaskirjoitukset ovat edess\u00e4, jokainen opiskelija tuo oman laitteen mukanaan kirjoituksiin. Kirjoituksiin k\u00e4yvi\u00e4 laitteita on helposti saatavilla ilman suuria kustannuksia.<\/p>\n\n\n\n<p>S\u00e4hk\u00f6isten yo-kokeiden vaatimukset l\u00f6yd\u00e4t <a href=\"https:\/\/www.ylioppilastutkinto.fi\/ylioppilastutkinto\/digitaalinen-ylioppilastutkinto\">YTL:n sivuilta<\/a>.<\/p>\n","protected":false},"excerpt":{"rendered":"<p>Suomessa koulutus on siirtynyt nopeaa tahtia hy\u00f6dynt\u00e4m\u00e4\u00e4n s\u00e4hk\u00f6isi\u00e4 materiaaleja. Ylioppilaskirjoitukset ovat nyky\u00e4\u00e4n kokonaan s\u00e4hk\u00f6iset. T\u00e4m\u00e4n johdosta on t\u00e4rke\u00e4\u00e4, ett\u00e4 jokaisella [&hellip;]<\/p>\n","protected":false},"author":6,"featured_media":0,"parent":103,"menu_order":0,"comment_status":"closed","ping_status":"closed","template":"","meta":{"_acf_changed":false,"_relevanssi_hide_post":"","_relevanssi_hide_content":"","_relevanssi_pin_for_all":"","_relevanssi_pin_keywords":"","_relevanssi_unpin_keywords":"","_relevanssi_related_keywords":"","_relevanssi_related_include_ids":"","_relevanssi_related_exclude_ids":"","_relevanssi_related_no_append":"","_relevanssi_related_not_related":"","_relevanssi_related_posts":"1166,2044,1258,1217,1765,1","_relevanssi_noindex_reason":"","footnotes":""},"class_list":["post-131","page","type-page","status-publish","hentry"],"acf":[],"yoast_head":"<title>Tietotekniikkalaitteet Lammin lukiossa | Tietotekniikka oppitunnilla<\/title>\n<meta name=\"description\" content=\"Tietotekniikkalaitteiden k\u00e4ytt\u00f6 Lammin lukiossa: puhelimet ja tietokoneet oppitunneilla, s\u00e4hk\u00f6iset ylioppilaskirjoitukset.\" \/>\n<meta name=\"robots\" content=\"index, follow, max-snippet:-1, max-image-preview:large, max-video-preview:-1\" \/>\n<link rel=\"canonical\" href=\"https:\/\/www.kktavastia.fi\/lukiot-lammi\/opetus-ja-ohjaus\/opetusjarjestelyt\/tietotekniikkalaitteet-oppitunneilla\/\" \/>\n<meta property=\"og:locale\" content=\"fi_FI\" \/>\n<meta property=\"og:type\" content=\"article\" \/>\n<meta property=\"og:title\" content=\"Tietotekniikkalaitteet Lammin lukiossa | Tietotekniikka oppitunnilla\" \/>\n<meta property=\"og:description\" content=\"Tietotekniikkalaitteiden k\u00e4ytt\u00f6 Lammin lukiossa: puhelimet ja tietokoneet oppitunneilla, s\u00e4hk\u00f6iset ylioppilaskirjoitukset.\" \/>\n<meta property=\"og:url\" content=\"https:\/\/www.kktavastia.fi\/lukiot-lammi\/opetus-ja-ohjaus\/opetusjarjestelyt\/tietotekniikkalaitteet-oppitunneilla\/\" \/>\n<meta property=\"og:site_name\" content=\"Lammin lukio\" \/>\n<meta property=\"article:modified_time\" content=\"2021-06-15T07:45:45+00:00\" \/>\n<meta name=\"twitter:card\" content=\"summary_large_image\" \/>\n<script type=\"application\/ld+json\" class=\"yoast-schema-graph\">{\"@context\":\"https:\\\/\\\/schema.org\",\"@graph\":[{\"@type\":\"WebPage\",\"@id\":\"https:\\\/\\\/www.kktavastia.fi\\\/lukiot-lammi\\\/opetus-ja-ohjaus\\\/opetusjarjestelyt\\\/tietotekniikkalaitteet-oppitunneilla\\\/\",\"url\":\"https:\\\/\\\/www.kktavastia.fi\\\/lukiot-lammi\\\/opetus-ja-ohjaus\\\/opetusjarjestelyt\\\/tietotekniikkalaitteet-oppitunneilla\\\/\",\"name\":\"Tietotekniikkalaitteet Lammin lukiossa | Tietotekniikka oppitunnilla\",\"isPartOf\":{\"@id\":\"https:\\\/\\\/www.kktavastia.fi\\\/lukiot-lammi\\\/#website\"},\"datePublished\":\"2020-12-31T12:33:34+00:00\",\"dateModified\":\"2021-06-15T07:45:45+00:00\",\"description\":\"Tietotekniikkalaitteiden k\u00e4ytt\u00f6 Lammin lukiossa: puhelimet ja tietokoneet oppitunneilla, s\u00e4hk\u00f6iset ylioppilaskirjoitukset.\",\"breadcrumb\":{\"@id\":\"https:\\\/\\\/www.kktavastia.fi\\\/lukiot-lammi\\\/opetus-ja-ohjaus\\\/opetusjarjestelyt\\\/tietotekniikkalaitteet-oppitunneilla\\\/#breadcrumb\"},\"inLanguage\":\"fi\",\"potentialAction\":[{\"@type\":\"ReadAction\",\"target\":[\"https:\\\/\\\/www.kktavastia.fi\\\/lukiot-lammi\\\/opetus-ja-ohjaus\\\/opetusjarjestelyt\\\/tietotekniikkalaitteet-oppitunneilla\\\/\"]}]},{\"@type\":\"BreadcrumbList\",\"@id\":\"https:\\\/\\\/www.kktavastia.fi\\\/lukiot-lammi\\\/opetus-ja-ohjaus\\\/opetusjarjestelyt\\\/tietotekniikkalaitteet-oppitunneilla\\\/#breadcrumb\",\"itemListElement\":[{\"@type\":\"ListItem\",\"position\":1,\"name\":\"Home\",\"item\":\"https:\\\/\\\/www.kktavastia.fi\\\/lukiot-lammi\\\/\"},{\"@type\":\"ListItem\",\"position\":2,\"name\":\"Opetus ja ohjaus\",\"item\":\"https:\\\/\\\/www.kktavastia.fi\\\/lukiot-lammi\\\/opetus-ja-ohjaus\\\/\"},{\"@type\":\"ListItem\",\"position\":3,\"name\":\"Opetusj\u00e4rjestelyt\",\"item\":\"https:\\\/\\\/www.kktavastia.fi\\\/lukiot-lammi\\\/opetus-ja-ohjaus\\\/opetusjarjestelyt\\\/\"},{\"@type\":\"ListItem\",\"position\":4,\"name\":\"Tietotekniikkalaitteet oppitunneilla\"}]},{\"@type\":\"WebSite\",\"@id\":\"https:\\\/\\\/www.kktavastia.fi\\\/lukiot-lammi\\\/#website\",\"url\":\"https:\\\/\\\/www.kktavastia.fi\\\/lukiot-lammi\\\/\",\"name\":\"Lammin lukio\",\"description\":\"\",\"potentialAction\":[{\"@type\":\"SearchAction\",\"target\":{\"@type\":\"EntryPoint\",\"urlTemplate\":\"https:\\\/\\\/www.kktavastia.fi\\\/lukiot-lammi\\\/?s={search_term_string}\"},\"query-input\":{\"@type\":\"PropertyValueSpecification\",\"valueRequired\":true,\"valueName\":\"search_term_string\"}}],\"inLanguage\":\"fi\"}]}<\/script>","yoast_head_json":{"title":"Tietotekniikkalaitteet Lammin lukiossa | Tietotekniikka oppitunnilla","description":"Tietotekniikkalaitteiden k\u00e4ytt\u00f6 Lammin lukiossa: puhelimet ja tietokoneet oppitunneilla, s\u00e4hk\u00f6iset ylioppilaskirjoitukset.","robots":{"index":"index","follow":"follow","max-snippet":"max-snippet:-1","max-image-preview":"max-image-preview:large","max-video-preview":"max-video-preview:-1"},"canonical":"https:\/\/www.kktavastia.fi\/lukiot-lammi\/opetus-ja-ohjaus\/opetusjarjestelyt\/tietotekniikkalaitteet-oppitunneilla\/","og_locale":"fi_FI","og_type":"article","og_title":"Tietotekniikkalaitteet Lammin lukiossa | Tietotekniikka oppitunnilla","og_description":"Tietotekniikkalaitteiden k\u00e4ytt\u00f6 Lammin lukiossa: puhelimet ja tietokoneet oppitunneilla, s\u00e4hk\u00f6iset ylioppilaskirjoitukset.","og_url":"https:\/\/www.kktavastia.fi\/lukiot-lammi\/opetus-ja-ohjaus\/opetusjarjestelyt\/tietotekniikkalaitteet-oppitunneilla\/","og_site_name":"Lammin lukio","article_modified_time":"2021-06-15T07:45:45+00:00","twitter_card":"summary_large_image","schema":{"@context":"https:\/\/schema.org","@graph":[{"@type":"WebPage","@id":"https:\/\/www.kktavastia.fi\/lukiot-lammi\/opetus-ja-ohjaus\/opetusjarjestelyt\/tietotekniikkalaitteet-oppitunneilla\/","url":"https:\/\/www.kktavastia.fi\/lukiot-lammi\/opetus-ja-ohjaus\/opetusjarjestelyt\/tietotekniikkalaitteet-oppitunneilla\/","name":"Tietotekniikkalaitteet Lammin lukiossa | Tietotekniikka oppitunnilla","isPartOf":{"@id":"https:\/\/www.kktavastia.fi\/lukiot-lammi\/#website"},"datePublished":"2020-12-31T12:33:34+00:00","dateModified":"2021-06-15T07:45:45+00:00","description":"Tietotekniikkalaitteiden k\u00e4ytt\u00f6 Lammin lukiossa: puhelimet ja tietokoneet oppitunneilla, s\u00e4hk\u00f6iset ylioppilaskirjoitukset.","breadcrumb":{"@id":"https:\/\/www.kktavastia.fi\/lukiot-lammi\/opetus-ja-ohjaus\/opetusjarjestelyt\/tietotekniikkalaitteet-oppitunneilla\/#breadcrumb"},"inLanguage":"fi","potentialAction":[{"@type":"ReadAction","target":["https:\/\/www.kktavastia.fi\/lukiot-lammi\/opetus-ja-ohjaus\/opetusjarjestelyt\/tietotekniikkalaitteet-oppitunneilla\/"]}]},{"@type":"BreadcrumbList","@id":"https:\/\/www.kktavastia.fi\/lukiot-lammi\/opetus-ja-ohjaus\/opetusjarjestelyt\/tietotekniikkalaitteet-oppitunneilla\/#breadcrumb","itemListElement":[{"@type":"ListItem","position":1,"name":"Home","item":"https:\/\/www.kktavastia.fi\/lukiot-lammi\/"},{"@type":"ListItem","position":2,"name":"Opetus ja ohjaus","item":"https:\/\/www.kktavastia.fi\/lukiot-lammi\/opetus-ja-ohjaus\/"},{"@type":"ListItem","position":3,"name":"Opetusj\u00e4rjestelyt","item":"https:\/\/www.kktavastia.fi\/lukiot-lammi\/opetus-ja-ohjaus\/opetusjarjestelyt\/"},{"@type":"ListItem","position":4,"name":"Tietotekniikkalaitteet oppitunneilla"}]},{"@type":"WebSite","@id":"https:\/\/www.kktavastia.fi\/lukiot-lammi\/#website","url":"https:\/\/www.kktavastia.fi\/lukiot-lammi\/","name":"Lammin lukio","description":"","potentialAction":[{"@type":"SearchAction","target":{"@type":"EntryPoint","urlTemplate":"https:\/\/www.kktavastia.fi\/lukiot-lammi\/?s={search_term_string}"},"query-input":{"@type":"PropertyValueSpecification","valueRequired":true,"valueName":"search_term_string"}}],"inLanguage":"fi"}]}},"_links":{"self":[{"href":"https:\/\/www.kktavastia.fi\/lukiot-lammi\/wp-json\/wp\/v2\/pages\/131","targetHints":{"allow":["GET"]}}],"collection":[{"href":"https:\/\/www.kktavastia.fi\/lukiot-lammi\/wp-json\/wp\/v2\/pages"}],"about":[{"href":"https:\/\/www.kktavastia.fi\/lukiot-lammi\/wp-json\/wp\/v2\/types\/page"}],"author":[{"embeddable":true,"href":"https:\/\/www.kktavastia.fi\/lukiot-lammi\/wp-json\/wp\/v2\/users\/6"}],"replies":[{"embeddable":true,"href":"https:\/\/www.kktavastia.fi\/lukiot-lammi\/wp-json\/wp\/v2\/comments?post=131"}],"version-history":[{"count":4,"href":"https:\/\/www.kktavastia.fi\/lukiot-lammi\/wp-json\/wp\/v2\/pages\/131\/revisions"}],"predecessor-version":[{"id":1538,"href":"https:\/\/www.kktavastia.fi\/lukiot-lammi\/wp-json\/wp\/v2\/pages\/131\/revisions\/1538"}],"up":[{"embeddable":true,"href":"https:\/\/www.kktavastia.fi\/lukiot-lammi\/wp-json\/wp\/v2\/pages\/103"}],"wp:attachment":[{"href":"https:\/\/www.kktavastia.fi\/lukiot-lammi\/wp-json\/wp\/v2\/media?parent=131"}],"curies":[{"name":"wp","href":"https:\/\/api.w.org\/{rel}","templated":true}]}}