{"id":11,"date":"2020-12-31T10:40:49","date_gmt":"2020-12-31T08:40:49","guid":{"rendered":"https:\/\/kktavastia.vaiheessa.fi\/lukiot-lammi\/?page_id=11"},"modified":"2023-09-15T09:18:46","modified_gmt":"2023-09-15T06:18:46","slug":"huoltajille","status":"publish","type":"page","link":"https:\/\/www.kktavastia.fi\/lukiot-lammi\/huoltajille\/","title":{"rendered":"Huoltajille"},"content":{"rendered":"\n<h3 class=\"wp-block-heading\">Lammin lukion ja Hakkalan koulun vanhempainyhdistys ry<\/h3>\n\n\n\n<p>Liity j\u00e4seneksi aktiiviseen vanhempainyhdistykseen!<\/p>\n\n\n\n<p>Miksi mukaan:<\/p>\n\n\n\n<ul class=\"wp-block-list\">\n<li>Koulun k\u00e4yt\u00e4nn\u00f6t tulevat tutuiksi ja voit olla mukana kehitt\u00e4m\u00e4ss\u00e4 niit\u00e4.<\/li>\n\n\n\n<li>Voit vaikuttaa koulun viihtyisyyteen ja turvallisuuteen.<\/li>\n\n\n\n<li>Olet mukana j\u00e4rjest\u00e4m\u00e4ss\u00e4 mukavaa toimintaa lapsille ja nuorille.<\/li>\n\n\n\n<li>Voit vaihtaa ajatuksia muiden vanhempien kanssa lasten kasvatuksesta ja vanhemmuudesta.<\/li>\n\n\n\n<li>Olet mukana rakentamassa paikallista aikuisten turvaverkkoa lasten ja nuorten ymp\u00e4rille.<\/li>\n\n\n\n<li>Tutustut paremmin koulun henkil\u00f6kuntaan.<\/li>\n\n\n\n<li>Opit tuntemaan lapsesi kavereita ja heid\u00e4n vanhempiaan.<\/li>\n<\/ul>\n\n\n\n<p>Kaikki Lammin lukion opiskelijoiden huoltajat ovat Hakkalan koulun ja Lammin lukion yhteisen vanhempainyhdistyksen j\u00e4seni\u00e4.<\/p>\n\n\n\n<p>Tervetuloa mukaan toimintaan!<\/p>\n\n\n\n<h4 class=\"wp-block-heading\">Johtokunta 2023\u20132024<\/h4>\n\n\n\n<p>Puheenjohtaja<br>Tuija Mattila<br>hakkala.vanhempainyhdistys@gmail.com\u00a0\u00a0\u00a0\u00a0\u00a0<\/p>\n\n\n\n<p>Sihteeri<br>Katja Piipponen<\/p>\n\n\n\n<p>Taloudenhoitaja<br>Laura Ruotsalainen&nbsp;<\/p>\n\n\n\n<p>Muut j\u00e4senet<br>Hanna Saarinen (vpj)<br>Jenni Lampinen<br>P\u00e4ivi Fj\u00e4llstr\u00f6m<\/p>\n\n\n\n<p>Lammin lukion edustaja<br>Kirsi Saarikko<\/p>\n\n\n\n<p>Hakkalan koulun edustaja<br>Leija Kuuranhalla<\/p>\n","protected":false},"excerpt":{"rendered":"<p>Lammin lukion ja Hakkalan koulun vanhempainyhdistys ry Liity j\u00e4seneksi aktiiviseen vanhempainyhdistykseen! Miksi mukaan: Kaikki Lammin lukion opiskelijoiden huoltajat ovat Hakkalan [&hellip;]<\/p>\n","protected":false},"author":6,"featured_media":0,"parent":0,"menu_order":0,"comment_status":"closed","ping_status":"closed","template":"","meta":{"_acf_changed":false,"_relevanssi_hide_post":"","_relevanssi_hide_content":"","_relevanssi_pin_for_all":"","_relevanssi_pin_keywords":"","_relevanssi_unpin_keywords":"","_relevanssi_related_keywords":"","_relevanssi_related_include_ids":"","_relevanssi_related_exclude_ids":"","_relevanssi_related_no_append":"","_relevanssi_related_not_related":"","_relevanssi_related_posts":"1335,1325,1338,1354,1178,1214","_relevanssi_noindex_reason":"","footnotes":""},"class_list":["post-11","page","type-page","status-publish","hentry"],"acf":[],"yoast_head":"<title>Lammin lukio | Huoltajille | Vanhempainillat | Vanhempainyhdistys<\/title>\n<meta name=\"description\" content=\"Tietoa Lammin lukion opiskelijan huoltajille: vanhempainillat ja tietoa vanhempainyhdistyksest\u00e4. Lue ja tutustu toimintaan!\" \/>\n<meta name=\"robots\" content=\"index, follow, max-snippet:-1, max-image-preview:large, max-video-preview:-1\" \/>\n<link rel=\"canonical\" href=\"https:\/\/www.kktavastia.fi\/lukiot-lammi\/huoltajille\/\" \/>\n<meta property=\"og:locale\" content=\"fi_FI\" \/>\n<meta property=\"og:type\" content=\"article\" \/>\n<meta property=\"og:title\" content=\"Lammin lukio | Huoltajille | Vanhempainillat | Vanhempainyhdistys\" \/>\n<meta property=\"og:description\" content=\"Tietoa Lammin lukion opiskelijan huoltajille: vanhempainillat ja tietoa vanhempainyhdistyksest\u00e4. Lue ja tutustu toimintaan!\" \/>\n<meta property=\"og:url\" content=\"https:\/\/www.kktavastia.fi\/lukiot-lammi\/huoltajille\/\" \/>\n<meta property=\"og:site_name\" content=\"Lammin lukio\" \/>\n<meta property=\"article:modified_time\" content=\"2023-09-15T06:18:46+00:00\" \/>\n<meta name=\"twitter:card\" content=\"summary_large_image\" \/>\n<script type=\"application\/ld+json\" class=\"yoast-schema-graph\">{\"@context\":\"https:\\\/\\\/schema.org\",\"@graph\":[{\"@type\":\"WebPage\",\"@id\":\"https:\\\/\\\/www.kktavastia.fi\\\/lukiot-lammi\\\/huoltajille\\\/\",\"url\":\"https:\\\/\\\/www.kktavastia.fi\\\/lukiot-lammi\\\/huoltajille\\\/\",\"name\":\"Lammin lukio | Huoltajille | Vanhempainillat | Vanhempainyhdistys\",\"isPartOf\":{\"@id\":\"https:\\\/\\\/www.kktavastia.fi\\\/lukiot-lammi\\\/#website\"},\"datePublished\":\"2020-12-31T08:40:49+00:00\",\"dateModified\":\"2023-09-15T06:18:46+00:00\",\"description\":\"Tietoa Lammin lukion opiskelijan huoltajille: vanhempainillat ja tietoa vanhempainyhdistyksest\u00e4. Lue ja tutustu toimintaan!\",\"breadcrumb\":{\"@id\":\"https:\\\/\\\/www.kktavastia.fi\\\/lukiot-lammi\\\/huoltajille\\\/#breadcrumb\"},\"inLanguage\":\"fi\",\"potentialAction\":[{\"@type\":\"ReadAction\",\"target\":[\"https:\\\/\\\/www.kktavastia.fi\\\/lukiot-lammi\\\/huoltajille\\\/\"]}]},{\"@type\":\"BreadcrumbList\",\"@id\":\"https:\\\/\\\/www.kktavastia.fi\\\/lukiot-lammi\\\/huoltajille\\\/#breadcrumb\",\"itemListElement\":[{\"@type\":\"ListItem\",\"position\":1,\"name\":\"Home\",\"item\":\"https:\\\/\\\/www.kktavastia.fi\\\/lukiot-lammi\\\/\"},{\"@type\":\"ListItem\",\"position\":2,\"name\":\"Huoltajille\"}]},{\"@type\":\"WebSite\",\"@id\":\"https:\\\/\\\/www.kktavastia.fi\\\/lukiot-lammi\\\/#website\",\"url\":\"https:\\\/\\\/www.kktavastia.fi\\\/lukiot-lammi\\\/\",\"name\":\"Lammin lukio\",\"description\":\"\",\"potentialAction\":[{\"@type\":\"SearchAction\",\"target\":{\"@type\":\"EntryPoint\",\"urlTemplate\":\"https:\\\/\\\/www.kktavastia.fi\\\/lukiot-lammi\\\/?s={search_term_string}\"},\"query-input\":{\"@type\":\"PropertyValueSpecification\",\"valueRequired\":true,\"valueName\":\"search_term_string\"}}],\"inLanguage\":\"fi\"}]}<\/script>","yoast_head_json":{"title":"Lammin lukio | Huoltajille | Vanhempainillat | Vanhempainyhdistys","description":"Tietoa Lammin lukion opiskelijan huoltajille: vanhempainillat ja tietoa vanhempainyhdistyksest\u00e4. Lue ja tutustu toimintaan!","robots":{"index":"index","follow":"follow","max-snippet":"max-snippet:-1","max-image-preview":"max-image-preview:large","max-video-preview":"max-video-preview:-1"},"canonical":"https:\/\/www.kktavastia.fi\/lukiot-lammi\/huoltajille\/","og_locale":"fi_FI","og_type":"article","og_title":"Lammin lukio | Huoltajille | Vanhempainillat | Vanhempainyhdistys","og_description":"Tietoa Lammin lukion opiskelijan huoltajille: vanhempainillat ja tietoa vanhempainyhdistyksest\u00e4. Lue ja tutustu toimintaan!","og_url":"https:\/\/www.kktavastia.fi\/lukiot-lammi\/huoltajille\/","og_site_name":"Lammin lukio","article_modified_time":"2023-09-15T06:18:46+00:00","twitter_card":"summary_large_image","schema":{"@context":"https:\/\/schema.org","@graph":[{"@type":"WebPage","@id":"https:\/\/www.kktavastia.fi\/lukiot-lammi\/huoltajille\/","url":"https:\/\/www.kktavastia.fi\/lukiot-lammi\/huoltajille\/","name":"Lammin lukio | Huoltajille | Vanhempainillat | Vanhempainyhdistys","isPartOf":{"@id":"https:\/\/www.kktavastia.fi\/lukiot-lammi\/#website"},"datePublished":"2020-12-31T08:40:49+00:00","dateModified":"2023-09-15T06:18:46+00:00","description":"Tietoa Lammin lukion opiskelijan huoltajille: vanhempainillat ja tietoa vanhempainyhdistyksest\u00e4. Lue ja tutustu toimintaan!","breadcrumb":{"@id":"https:\/\/www.kktavastia.fi\/lukiot-lammi\/huoltajille\/#breadcrumb"},"inLanguage":"fi","potentialAction":[{"@type":"ReadAction","target":["https:\/\/www.kktavastia.fi\/lukiot-lammi\/huoltajille\/"]}]},{"@type":"BreadcrumbList","@id":"https:\/\/www.kktavastia.fi\/lukiot-lammi\/huoltajille\/#breadcrumb","itemListElement":[{"@type":"ListItem","position":1,"name":"Home","item":"https:\/\/www.kktavastia.fi\/lukiot-lammi\/"},{"@type":"ListItem","position":2,"name":"Huoltajille"}]},{"@type":"WebSite","@id":"https:\/\/www.kktavastia.fi\/lukiot-lammi\/#website","url":"https:\/\/www.kktavastia.fi\/lukiot-lammi\/","name":"Lammin lukio","description":"","potentialAction":[{"@type":"SearchAction","target":{"@type":"EntryPoint","urlTemplate":"https:\/\/www.kktavastia.fi\/lukiot-lammi\/?s={search_term_string}"},"query-input":{"@type":"PropertyValueSpecification","valueRequired":true,"valueName":"search_term_string"}}],"inLanguage":"fi"}]}},"_links":{"self":[{"href":"https:\/\/www.kktavastia.fi\/lukiot-lammi\/wp-json\/wp\/v2\/pages\/11","targetHints":{"allow":["GET"]}}],"collection":[{"href":"https:\/\/www.kktavastia.fi\/lukiot-lammi\/wp-json\/wp\/v2\/pages"}],"about":[{"href":"https:\/\/www.kktavastia.fi\/lukiot-lammi\/wp-json\/wp\/v2\/types\/page"}],"author":[{"embeddable":true,"href":"https:\/\/www.kktavastia.fi\/lukiot-lammi\/wp-json\/wp\/v2\/users\/6"}],"replies":[{"embeddable":true,"href":"https:\/\/www.kktavastia.fi\/lukiot-lammi\/wp-json\/wp\/v2\/comments?post=11"}],"version-history":[{"count":9,"href":"https:\/\/www.kktavastia.fi\/lukiot-lammi\/wp-json\/wp\/v2\/pages\/11\/revisions"}],"predecessor-version":[{"id":2095,"href":"https:\/\/www.kktavastia.fi\/lukiot-lammi\/wp-json\/wp\/v2\/pages\/11\/revisions\/2095"}],"wp:attachment":[{"href":"https:\/\/www.kktavastia.fi\/lukiot-lammi\/wp-json\/wp\/v2\/media?parent=11"}],"curies":[{"name":"wp","href":"https:\/\/api.w.org\/{rel}","templated":true}]}}