{"id":103,"date":"2020-12-31T14:00:04","date_gmt":"2020-12-31T12:00:04","guid":{"rendered":"https:\/\/kktavastia.vaiheessa.fi\/lukiot-lammi\/?page_id=103"},"modified":"2023-08-28T12:02:51","modified_gmt":"2023-08-28T09:02:51","slug":"opetusjarjestelyt","status":"publish","type":"page","link":"https:\/\/www.kktavastia.fi\/lukiot-lammi\/opetus-ja-ohjaus\/opetusjarjestelyt\/","title":{"rendered":"Opetusj\u00e4rjestelyt"},"content":{"rendered":"\n<p class=\"is-style-ingress\">Lukion oppim\u00e4\u00e4r\u00e4 on laajuudeltaan kolmivuotinen (150 opintopistett\u00e4) ja suoritusaika on korkeintaan nelj\u00e4 vuotta. Rehtori voi erityisest\u00e4 syyst\u00e4 my\u00f6nt\u00e4\u00e4 lis\u00e4aikaa.<\/p>\n\n\n\n<p>Opintojen rakenne m\u00e4\u00e4r\u00e4ytyy opetussuunnitelman mukaan (LOPS 2021).<\/p>\n\n\n\n<p>Nuorille tarkoitetun lukiokoulutuksen oppim\u00e4\u00e4r\u00e4n laajuus on 150 opintopistett\u00e4. Lukio-opinnot muodostuvat pakollisista ja valtakunnallisista valinnaisista opinnoista.&nbsp; Valtakunnallisia valinnaisia opintoja nuorille tarkoitetun lukiokoulutuksen oppim\u00e4\u00e4r\u00e4\u00e4n tulee sis\u00e4lty\u00e4 v\u00e4hint\u00e4\u00e4n 20 opintopistett\u00e4. Oppim\u00e4\u00e4r\u00e4\u00e4n voi lis\u00e4ksi sis\u00e4lty\u00e4 lukiodiplomeita ja muita paikallisia valinnaisia opintoja. Lukiodiplomien laajuus on kaksi opintopistett\u00e4.<\/p>\n\n\n\n<h3 class=\"wp-block-heading\">Lukion oppim\u00e4\u00e4r\u00e4n suorittaminen<\/h3>\n\n\n\n<p>Opiskelija on suorittanut lukion oppim\u00e4\u00e4r\u00e4n silloin, kun h\u00e4n on suorittanut oppiaineiden oppim\u00e4\u00e4r\u00e4t hyv\u00e4ksytysti ja 150 opintopistett\u00e4 t\u00e4yttyy sis\u00e4lt\u00e4en pakolliset opintojaksot (94\/102 opintopistett\u00e4) ja valtakunnalliset valinnaiset opintojaksot (min 20 opintopistett\u00e4). Lis\u00e4ksi opintoihin sis\u00e4ltyy koulukohtaisia valinnaisia opintoja. Lukion opintojen m\u00e4\u00e4r\u00e4ss\u00e4 ovat mukana kaikki opiskelijan arvioidut opinnot. Lukion oppim\u00e4\u00e4r\u00e4n suorittaneelle opiskelijalle annetaan p\u00e4\u00e4tt\u00f6todistus.<\/p>\n\n\n\n<p>Lukion koko oppim\u00e4\u00e4r\u00e4n suorittamisesta ei anneta yhteist\u00e4 arvosanaa oppiaineiden arvosanojen keskiarvona eik\u00e4 muullakaan tavalla.<\/p>\n\n\n\n<p>Suoritettuaan koko lukion oppim\u00e4\u00e4r\u00e4n saa abiturientti kolmannen jakson j\u00e4lkeen&nbsp;v\u00e4litodistuksen, jonka arvosanat muodostuvat p\u00e4\u00e4tt\u00f6arvioinnin valtakunnallisten arvosteluperusteiden mukaan.<\/p>\n\n\n\n<p>V\u00e4litodistuksen arvosanaa&nbsp;voi korottaa kev\u00e4\u00e4n uusintakuulustelussa. Koe sis\u00e4lt\u00e4\u00e4 opiskelijan lukion aikana suorittamien opintojen oppim\u00e4\u00e4r\u00e4n.<\/p>\n\n\n\n<p>Opiskelija voi kahden kuukauden kuluessa arvioinnista tiedon saatuaan pyyt\u00e4\u00e4 opinnoissa etenemist\u00e4 koskevan p\u00e4\u00e4t\u00f6ksen tai p\u00e4\u00e4tt\u00f6arvioinnin uusimista. Pyynt\u00f6 tehd\u00e4\u00e4n rehtorille. Uudesta arvioinnista p\u00e4\u00e4tt\u00e4v\u00e4t koulun rehtori ja opiskelijan opettajat yhdess\u00e4. (LA 13 \u00a7.)<\/p>\n\n\n\n<h3 class=\"wp-block-heading\">Oppiaineen oppim\u00e4\u00e4r\u00e4n suorittaminen<\/h3>\n\n\n\n<p>Saadakseen oppiaineen oppim\u00e4\u00e4r\u00e4n hyv\u00e4ksytysti suoritetuksi opiskelijan on suoritettava p\u00e4\u00e4osa oppiaineen opinnoista hyv\u00e4ksytysti. Hyl\u00e4ttyj\u00e4 arvosanoja saa olla pakollisissa ja valtakunnallisissa valinnaisissa opinnoissa enint\u00e4\u00e4n seuraavasti:<\/p>\n\n\n\n<figure class=\"wp-block-table\"><table><tbody><tr><td>Pakollisten ja valtakunnallisten valinnaisten m\u00e4\u00e4r\u00e4,&nbsp; opintopistett\u00e4<\/td><td>Hyl\u00e4ttyj\u00e4 voi olla enint\u00e4\u00e4n , opintopistett\u00e4<\/td><\/tr><tr><td>2 \u2013 5 opintopistett\u00e4<\/td><td>0<\/td><\/tr><tr><td>6 \u2013 11 opintopistett\u00e4<\/td><td>2<\/td><\/tr><tr><td>12- 17 opintopistett\u00e4<\/td><td>4<\/td><\/tr><tr><td>18 opintopistett\u00e4 t tai enemm\u00e4n<\/td><td>6<\/td><\/tr><\/tbody><\/table><\/figure>\n\n\n\n<p>Oppiaineen oppim\u00e4\u00e4r\u00e4n arvosana m\u00e4\u00e4r\u00e4ytyy opiskelijan opiskelemien pakollisten ja valtakunnallisten valinnaisten opintojen arvosanojen opintopisteiden mukaan painotettuna aritmeettisena keskiarvona.<\/p>\n\n\n\n<p>Numeroarvosanoin arvioidaan kaikki pakollisten oppiaineiden oppim\u00e4\u00e4r\u00e4t sek\u00e4 valinnaiset vieraat kielet. Opinto-ohjauksesta annetaan suoritusmerkint\u00e4. Mik\u00e4li opiskelija pyyt\u00e4\u00e4, h\u00e4n on oikeutettu saamaan suoritusmerkinn\u00e4n liikunnasta ja sellaisista oppiaineista, joissa opiskelijan suorittama oppim\u00e4\u00e4r\u00e4 k\u00e4sitt\u00e4\u00e4 vain kaksi opintopistett\u00e4 sek\u00e4 valinnaisista vieraista kielist\u00e4, mik\u00e4li opiskelijan suorittama oppim\u00e4\u00e4r\u00e4 k\u00e4sitt\u00e4\u00e4 vain nelj\u00e4 opintopistett\u00e4.<\/p>\n\n\n\n<div class=\"wp-block-file\"><a id=\"wp-block-file--media-5e57b8cc-2f60-48ca-9362-3a9dee91e621\" href=\"https:\/\/www.kktavastia.fi\/media\/sites\/7\/arvosanan-muuttaminen-suoritusmerkinnaksi.pdf\">Lomake arvosanan muuttamisesta suoritusmerkinn\u00e4ksi<\/a><a href=\"https:\/\/www.kktavastia.fi\/media\/sites\/7\/arvosanan-muuttaminen-suoritusmerkinnaksi.pdf\" class=\"wp-block-file__button wp-element-button\" download aria-describedby=\"wp-block-file--media-5e57b8cc-2f60-48ca-9362-3a9dee91e621\">Lataa<\/a><\/div>\n\n\n\n<blockquote class=\"wp-block-quote is-layout-flow wp-block-quote-is-layout-flow\">\n<p>\u201dOpiskelijalle, joka ei ole tullut hyv\u00e4ksytyksi jossakin oppiaineessa tai joka haluaa korottaa saamaansa arvosanaa, j\u00e4rjestet\u00e4\u00e4n pyydett\u00e4ess\u00e4 mahdollisuus erillisess\u00e4 kirjallisessa kuulustelussa arvosanan korottamiseen.\u201d<\/p>\n<cite>(LA 8 \u00a7)<\/cite><\/blockquote>\n\n\n\n<p>Valtakunnallisissa opetussuunnitelman perusteissa m\u00e4\u00e4riteltyjen pakollisten ja valtakunnallisten valinnaisten opintojaksojen pohjalta muodostuvaa arvosanaa on mahdollista korottaa erillisen kuulustelun lis\u00e4ksi<\/p>\n\n\n\n<ul class=\"wp-block-list\">\n<li>koulutuksen j\u00e4rjest\u00e4j\u00e4n opetussuunnitelmassa m\u00e4\u00e4rittelemien valtakunnallisten ja koulukohtaisten valinnaisten opintojen lis\u00e4n\u00e4yt\u00f6ll\u00e4<\/li>\n\n\n\n<li>opiskelijan arvioinnista p\u00e4\u00e4tt\u00e4vien harkinnan perusteella, mik\u00e4li opiskelijan tiedot ja taidot ovat oppiaineen p\u00e4\u00e4tt\u00f6vaiheessa opintoarvosanojen perusteella m\u00e4\u00e4r\u00e4ytyv\u00e4\u00e4 arvosanaa paremmat.<\/li>\n<\/ul>\n\n\n\n<section class=\"block block-image-content-upsell right-image\">\n  <div class=\"container\">\n\n    <div class=\"cols\">\n      <div class=\"col col-content\">\n        <div class=\"content content-dark\">\n          <h3>Kurssien suorittaminen ja arvointi<\/h3>\n          <p>Lue lis\u00e4\u00e4 kurssien suorittamisesta ja arviointiperusteista.<\/p>\n                      <a href=\"https:\/\/kktavastia.fi\/lukiot-lammi\/opetus-ja-ohjaus\/opetusjarjestelyt\/kurssin-suorittaminen-ja-arviointi\/\" class=\"button button-light\">Kurssin suorittaminen ja arviointi<svg xmlns=\"http:\/\/www.w3.org\/2000\/svg\" width=\"23\" height=\"8\" viewBox=\"0 0 23 8\"><path d=\"M1 3.818h21.23m0 0L19.153.764m3.077 3.054l-3.077 3.055\" stroke=\"currentColor\" stroke-width=\"1.5\" fill=\"none\" fill-rule=\"evenodd\" stroke-linecap=\"round\" stroke-linejoin=\"round\"\/><\/svg>\n<\/a>\n                  <\/div>\n      <\/div>\n\n      <div class=\"col col-image\">\n            <div class=\"lazy\"\n      data-bg=\"https:\/\/www.kktavastia.fi\/media\/sites\/7\/kuvis12.jpg\"\n          >\n    <\/div>\n\n          <\/div>\n    <\/div>\n\n  <\/div>\n<\/section>\n","protected":false},"excerpt":{"rendered":"<p>Lukion oppim\u00e4\u00e4r\u00e4 on laajuudeltaan kolmivuotinen (150 opintopistett\u00e4) ja suoritusaika on korkeintaan nelj\u00e4 vuotta. Rehtori voi erityisest\u00e4 syyst\u00e4 my\u00f6nt\u00e4\u00e4 lis\u00e4aikaa. Opintojen [&hellip;]<\/p>\n","protected":false},"author":6,"featured_media":0,"parent":9,"menu_order":0,"comment_status":"closed","ping_status":"closed","template":"","meta":{"_acf_changed":false,"_relevanssi_hide_post":"","_relevanssi_hide_content":"","_relevanssi_pin_for_all":"","_relevanssi_pin_keywords":"","_relevanssi_unpin_keywords":"","_relevanssi_related_keywords":"","_relevanssi_related_include_ids":"","_relevanssi_related_exclude_ids":"","_relevanssi_related_no_append":"","_relevanssi_related_not_related":"","_relevanssi_related_posts":"797,887,501,494,1085,1321","_relevanssi_noindex_reason":"","footnotes":""},"class_list":["post-103","page","type-page","status-publish","hentry"],"acf":[],"yoast_head":"<title>Opetusj\u00e4rjestelyt Lammin lukiossa | Lukion kurssit ja oppim\u00e4\u00e4r\u00e4<\/title>\n<meta name=\"description\" content=\"Opetusj\u00e4rjestelyt Lammin lukiossa: lukion kurssit, oppim\u00e4\u00e4r\u00e4n suorittaminen ja oppiaineiden kurssim\u00e4\u00e4r\u00e4t.\" \/>\n<meta name=\"robots\" content=\"index, follow, max-snippet:-1, max-image-preview:large, max-video-preview:-1\" \/>\n<link rel=\"canonical\" href=\"https:\/\/www.kktavastia.fi\/lukiot-lammi\/opetus-ja-ohjaus\/opetusjarjestelyt\/\" \/>\n<meta property=\"og:locale\" content=\"fi_FI\" \/>\n<meta property=\"og:type\" content=\"article\" \/>\n<meta property=\"og:title\" content=\"Opetusj\u00e4rjestelyt Lammin lukiossa | Lukion kurssit ja oppim\u00e4\u00e4r\u00e4\" \/>\n<meta property=\"og:description\" content=\"Opetusj\u00e4rjestelyt Lammin lukiossa: lukion kurssit, oppim\u00e4\u00e4r\u00e4n suorittaminen ja oppiaineiden kurssim\u00e4\u00e4r\u00e4t.\" \/>\n<meta property=\"og:url\" content=\"https:\/\/www.kktavastia.fi\/lukiot-lammi\/opetus-ja-ohjaus\/opetusjarjestelyt\/\" \/>\n<meta property=\"og:site_name\" content=\"Lammin lukio\" \/>\n<meta property=\"article:modified_time\" content=\"2023-08-28T09:02:51+00:00\" \/>\n<meta name=\"twitter:card\" content=\"summary_large_image\" \/>\n<script type=\"application\/ld+json\" class=\"yoast-schema-graph\">{\"@context\":\"https:\\\/\\\/schema.org\",\"@graph\":[{\"@type\":\"WebPage\",\"@id\":\"https:\\\/\\\/www.kktavastia.fi\\\/lukiot-lammi\\\/opetus-ja-ohjaus\\\/opetusjarjestelyt\\\/\",\"url\":\"https:\\\/\\\/www.kktavastia.fi\\\/lukiot-lammi\\\/opetus-ja-ohjaus\\\/opetusjarjestelyt\\\/\",\"name\":\"Opetusj\u00e4rjestelyt Lammin lukiossa | Lukion kurssit ja oppim\u00e4\u00e4r\u00e4\",\"isPartOf\":{\"@id\":\"https:\\\/\\\/www.kktavastia.fi\\\/lukiot-lammi\\\/#website\"},\"datePublished\":\"2020-12-31T12:00:04+00:00\",\"dateModified\":\"2023-08-28T09:02:51+00:00\",\"description\":\"Opetusj\u00e4rjestelyt Lammin lukiossa: lukion kurssit, oppim\u00e4\u00e4r\u00e4n suorittaminen ja oppiaineiden kurssim\u00e4\u00e4r\u00e4t.\",\"breadcrumb\":{\"@id\":\"https:\\\/\\\/www.kktavastia.fi\\\/lukiot-lammi\\\/opetus-ja-ohjaus\\\/opetusjarjestelyt\\\/#breadcrumb\"},\"inLanguage\":\"fi\",\"potentialAction\":[{\"@type\":\"ReadAction\",\"target\":[\"https:\\\/\\\/www.kktavastia.fi\\\/lukiot-lammi\\\/opetus-ja-ohjaus\\\/opetusjarjestelyt\\\/\"]}]},{\"@type\":\"BreadcrumbList\",\"@id\":\"https:\\\/\\\/www.kktavastia.fi\\\/lukiot-lammi\\\/opetus-ja-ohjaus\\\/opetusjarjestelyt\\\/#breadcrumb\",\"itemListElement\":[{\"@type\":\"ListItem\",\"position\":1,\"name\":\"Home\",\"item\":\"https:\\\/\\\/www.kktavastia.fi\\\/lukiot-lammi\\\/\"},{\"@type\":\"ListItem\",\"position\":2,\"name\":\"Opetus ja ohjaus\",\"item\":\"https:\\\/\\\/www.kktavastia.fi\\\/lukiot-lammi\\\/opetus-ja-ohjaus\\\/\"},{\"@type\":\"ListItem\",\"position\":3,\"name\":\"Opetusj\u00e4rjestelyt\"}]},{\"@type\":\"WebSite\",\"@id\":\"https:\\\/\\\/www.kktavastia.fi\\\/lukiot-lammi\\\/#website\",\"url\":\"https:\\\/\\\/www.kktavastia.fi\\\/lukiot-lammi\\\/\",\"name\":\"Lammin lukio\",\"description\":\"\",\"potentialAction\":[{\"@type\":\"SearchAction\",\"target\":{\"@type\":\"EntryPoint\",\"urlTemplate\":\"https:\\\/\\\/www.kktavastia.fi\\\/lukiot-lammi\\\/?s={search_term_string}\"},\"query-input\":{\"@type\":\"PropertyValueSpecification\",\"valueRequired\":true,\"valueName\":\"search_term_string\"}}],\"inLanguage\":\"fi\"}]}<\/script>","yoast_head_json":{"title":"Opetusj\u00e4rjestelyt Lammin lukiossa | Lukion kurssit ja oppim\u00e4\u00e4r\u00e4","description":"Opetusj\u00e4rjestelyt Lammin lukiossa: lukion kurssit, oppim\u00e4\u00e4r\u00e4n suorittaminen ja oppiaineiden kurssim\u00e4\u00e4r\u00e4t.","robots":{"index":"index","follow":"follow","max-snippet":"max-snippet:-1","max-image-preview":"max-image-preview:large","max-video-preview":"max-video-preview:-1"},"canonical":"https:\/\/www.kktavastia.fi\/lukiot-lammi\/opetus-ja-ohjaus\/opetusjarjestelyt\/","og_locale":"fi_FI","og_type":"article","og_title":"Opetusj\u00e4rjestelyt Lammin lukiossa | Lukion kurssit ja oppim\u00e4\u00e4r\u00e4","og_description":"Opetusj\u00e4rjestelyt Lammin lukiossa: lukion kurssit, oppim\u00e4\u00e4r\u00e4n suorittaminen ja oppiaineiden kurssim\u00e4\u00e4r\u00e4t.","og_url":"https:\/\/www.kktavastia.fi\/lukiot-lammi\/opetus-ja-ohjaus\/opetusjarjestelyt\/","og_site_name":"Lammin lukio","article_modified_time":"2023-08-28T09:02:51+00:00","twitter_card":"summary_large_image","schema":{"@context":"https:\/\/schema.org","@graph":[{"@type":"WebPage","@id":"https:\/\/www.kktavastia.fi\/lukiot-lammi\/opetus-ja-ohjaus\/opetusjarjestelyt\/","url":"https:\/\/www.kktavastia.fi\/lukiot-lammi\/opetus-ja-ohjaus\/opetusjarjestelyt\/","name":"Opetusj\u00e4rjestelyt Lammin lukiossa | Lukion kurssit ja oppim\u00e4\u00e4r\u00e4","isPartOf":{"@id":"https:\/\/www.kktavastia.fi\/lukiot-lammi\/#website"},"datePublished":"2020-12-31T12:00:04+00:00","dateModified":"2023-08-28T09:02:51+00:00","description":"Opetusj\u00e4rjestelyt Lammin lukiossa: lukion kurssit, oppim\u00e4\u00e4r\u00e4n suorittaminen ja oppiaineiden kurssim\u00e4\u00e4r\u00e4t.","breadcrumb":{"@id":"https:\/\/www.kktavastia.fi\/lukiot-lammi\/opetus-ja-ohjaus\/opetusjarjestelyt\/#breadcrumb"},"inLanguage":"fi","potentialAction":[{"@type":"ReadAction","target":["https:\/\/www.kktavastia.fi\/lukiot-lammi\/opetus-ja-ohjaus\/opetusjarjestelyt\/"]}]},{"@type":"BreadcrumbList","@id":"https:\/\/www.kktavastia.fi\/lukiot-lammi\/opetus-ja-ohjaus\/opetusjarjestelyt\/#breadcrumb","itemListElement":[{"@type":"ListItem","position":1,"name":"Home","item":"https:\/\/www.kktavastia.fi\/lukiot-lammi\/"},{"@type":"ListItem","position":2,"name":"Opetus ja ohjaus","item":"https:\/\/www.kktavastia.fi\/lukiot-lammi\/opetus-ja-ohjaus\/"},{"@type":"ListItem","position":3,"name":"Opetusj\u00e4rjestelyt"}]},{"@type":"WebSite","@id":"https:\/\/www.kktavastia.fi\/lukiot-lammi\/#website","url":"https:\/\/www.kktavastia.fi\/lukiot-lammi\/","name":"Lammin lukio","description":"","potentialAction":[{"@type":"SearchAction","target":{"@type":"EntryPoint","urlTemplate":"https:\/\/www.kktavastia.fi\/lukiot-lammi\/?s={search_term_string}"},"query-input":{"@type":"PropertyValueSpecification","valueRequired":true,"valueName":"search_term_string"}}],"inLanguage":"fi"}]}},"_links":{"self":[{"href":"https:\/\/www.kktavastia.fi\/lukiot-lammi\/wp-json\/wp\/v2\/pages\/103","targetHints":{"allow":["GET"]}}],"collection":[{"href":"https:\/\/www.kktavastia.fi\/lukiot-lammi\/wp-json\/wp\/v2\/pages"}],"about":[{"href":"https:\/\/www.kktavastia.fi\/lukiot-lammi\/wp-json\/wp\/v2\/types\/page"}],"author":[{"embeddable":true,"href":"https:\/\/www.kktavastia.fi\/lukiot-lammi\/wp-json\/wp\/v2\/users\/6"}],"replies":[{"embeddable":true,"href":"https:\/\/www.kktavastia.fi\/lukiot-lammi\/wp-json\/wp\/v2\/comments?post=103"}],"version-history":[{"count":17,"href":"https:\/\/www.kktavastia.fi\/lukiot-lammi\/wp-json\/wp\/v2\/pages\/103\/revisions"}],"predecessor-version":[{"id":2077,"href":"https:\/\/www.kktavastia.fi\/lukiot-lammi\/wp-json\/wp\/v2\/pages\/103\/revisions\/2077"}],"up":[{"embeddable":true,"href":"https:\/\/www.kktavastia.fi\/lukiot-lammi\/wp-json\/wp\/v2\/pages\/9"}],"wp:attachment":[{"href":"https:\/\/www.kktavastia.fi\/lukiot-lammi\/wp-json\/wp\/v2\/media?parent=103"}],"curies":[{"name":"wp","href":"https:\/\/api.w.org\/{rel}","templated":true}]}}