{"id":101,"date":"2020-12-31T13:59:46","date_gmt":"2020-12-31T11:59:46","guid":{"rendered":"https:\/\/kktavastia.vaiheessa.fi\/lukiot-lammi\/?page_id=101"},"modified":"2021-01-21T12:29:58","modified_gmt":"2021-01-21T10:29:58","slug":"opinto-ohjaus","status":"publish","type":"page","link":"https:\/\/www.kktavastia.fi\/lukiot-lammi\/opetus-ja-ohjaus\/opinto-ohjaus\/","title":{"rendered":"Opinto-ohjaus"},"content":{"rendered":"\n<p class=\"is-style-ingress\">Opinto-ohjauksen tarkoituksena on auttaa opiskelijaa opintojen etenemisess\u00e4 ja jatko-opintojen pohdinnassa. Ole rohkeasti yhteydess\u00e4, jos tarvitset apua tai haluat mietti\u00e4 vaihtoehtoja.<\/p>\n\n\n\n<p><\/p>\n\n\n\n<h4 class=\"wp-block-heading\">Opinto-ohjaaja<\/h4>\n\n\n\n<ul class=\"wp-block-list\"><li>Raija Markkanen, puh. 050 509 0373, raija.markkanen@kktavastia.fi<\/li><\/ul>\n","protected":false},"excerpt":{"rendered":"<p>Opinto-ohjauksen tarkoituksena on auttaa opiskelijaa opintojen etenemisess\u00e4 ja jatko-opintojen pohdinnassa. Ole rohkeasti yhteydess\u00e4, jos tarvitset apua tai haluat mietti\u00e4 vaihtoehtoja. [&hellip;]<\/p>\n","protected":false},"author":6,"featured_media":0,"parent":9,"menu_order":0,"comment_status":"closed","ping_status":"closed","template":"","meta":{"_acf_changed":false,"_relevanssi_hide_post":"","_relevanssi_hide_content":"","_relevanssi_pin_for_all":"","_relevanssi_pin_keywords":"","_relevanssi_unpin_keywords":"","_relevanssi_related_keywords":"","_relevanssi_related_include_ids":"","_relevanssi_related_exclude_ids":"","_relevanssi_related_no_append":"","_relevanssi_related_not_related":"","_relevanssi_related_posts":"","_relevanssi_noindex_reason":"","footnotes":""},"class_list":["post-101","page","type-page","status-publish","hentry"],"acf":[],"yoast_head":"<title>Opinto-ohjaaja ja opinto-ohjaus Lammin lukiossa | Yhteystiedot<\/title>\n<meta name=\"description\" content=\"Opinto-ohjaus ja opinto-ohjaaja Lammin lukiossa, katso yhteystiedot t\u00e4\u00e4lt\u00e4!\" \/>\n<meta name=\"robots\" content=\"index, follow, max-snippet:-1, max-image-preview:large, max-video-preview:-1\" \/>\n<link rel=\"canonical\" href=\"https:\/\/www.kktavastia.fi\/lukiot-lammi\/opetus-ja-ohjaus\/opinto-ohjaus\/\" \/>\n<meta property=\"og:locale\" content=\"fi_FI\" \/>\n<meta property=\"og:type\" content=\"article\" \/>\n<meta property=\"og:title\" content=\"Opinto-ohjaaja ja opinto-ohjaus Lammin lukiossa | Yhteystiedot\" \/>\n<meta property=\"og:description\" content=\"Opinto-ohjaus ja opinto-ohjaaja Lammin lukiossa, katso yhteystiedot t\u00e4\u00e4lt\u00e4!\" \/>\n<meta property=\"og:url\" content=\"https:\/\/www.kktavastia.fi\/lukiot-lammi\/opetus-ja-ohjaus\/opinto-ohjaus\/\" \/>\n<meta property=\"og:site_name\" content=\"Lammin lukio\" \/>\n<meta property=\"article:modified_time\" content=\"2021-01-21T10:29:58+00:00\" \/>\n<meta name=\"twitter:card\" content=\"summary_large_image\" \/>\n<script type=\"application\/ld+json\" class=\"yoast-schema-graph\">{\"@context\":\"https:\/\/schema.org\",\"@graph\":[{\"@type\":\"WebPage\",\"@id\":\"https:\/\/www.kktavastia.fi\/lukiot-lammi\/opetus-ja-ohjaus\/opinto-ohjaus\/\",\"url\":\"https:\/\/www.kktavastia.fi\/lukiot-lammi\/opetus-ja-ohjaus\/opinto-ohjaus\/\",\"name\":\"Opinto-ohjaaja ja opinto-ohjaus Lammin lukiossa | Yhteystiedot\",\"isPartOf\":{\"@id\":\"https:\/\/www.kktavastia.fi\/lukiot-lammi\/#website\"},\"datePublished\":\"2020-12-31T11:59:46+00:00\",\"dateModified\":\"2021-01-21T10:29:58+00:00\",\"description\":\"Opinto-ohjaus ja opinto-ohjaaja Lammin lukiossa, katso yhteystiedot t\u00e4\u00e4lt\u00e4!\",\"breadcrumb\":{\"@id\":\"https:\/\/www.kktavastia.fi\/lukiot-lammi\/opetus-ja-ohjaus\/opinto-ohjaus\/#breadcrumb\"},\"inLanguage\":\"fi\",\"potentialAction\":[{\"@type\":\"ReadAction\",\"target\":[\"https:\/\/www.kktavastia.fi\/lukiot-lammi\/opetus-ja-ohjaus\/opinto-ohjaus\/\"]}]},{\"@type\":\"BreadcrumbList\",\"@id\":\"https:\/\/www.kktavastia.fi\/lukiot-lammi\/opetus-ja-ohjaus\/opinto-ohjaus\/#breadcrumb\",\"itemListElement\":[{\"@type\":\"ListItem\",\"position\":1,\"name\":\"Home\",\"item\":\"https:\/\/www.kktavastia.fi\/lukiot-lammi\/\"},{\"@type\":\"ListItem\",\"position\":2,\"name\":\"Opetus ja ohjaus\",\"item\":\"https:\/\/www.kktavastia.fi\/lukiot-lammi\/opetus-ja-ohjaus\/\"},{\"@type\":\"ListItem\",\"position\":3,\"name\":\"Opinto-ohjaus\"}]},{\"@type\":\"WebSite\",\"@id\":\"https:\/\/www.kktavastia.fi\/lukiot-lammi\/#website\",\"url\":\"https:\/\/www.kktavastia.fi\/lukiot-lammi\/\",\"name\":\"Lammin lukio\",\"description\":\"\",\"potentialAction\":[{\"@type\":\"SearchAction\",\"target\":{\"@type\":\"EntryPoint\",\"urlTemplate\":\"https:\/\/www.kktavastia.fi\/lukiot-lammi\/?s={search_term_string}\"},\"query-input\":{\"@type\":\"PropertyValueSpecification\",\"valueRequired\":true,\"valueName\":\"search_term_string\"}}],\"inLanguage\":\"fi\"}]}<\/script>","yoast_head_json":{"title":"Opinto-ohjaaja ja opinto-ohjaus Lammin lukiossa | Yhteystiedot","description":"Opinto-ohjaus ja opinto-ohjaaja Lammin lukiossa, katso yhteystiedot t\u00e4\u00e4lt\u00e4!","robots":{"index":"index","follow":"follow","max-snippet":"max-snippet:-1","max-image-preview":"max-image-preview:large","max-video-preview":"max-video-preview:-1"},"canonical":"https:\/\/www.kktavastia.fi\/lukiot-lammi\/opetus-ja-ohjaus\/opinto-ohjaus\/","og_locale":"fi_FI","og_type":"article","og_title":"Opinto-ohjaaja ja opinto-ohjaus Lammin lukiossa | Yhteystiedot","og_description":"Opinto-ohjaus ja opinto-ohjaaja Lammin lukiossa, katso yhteystiedot t\u00e4\u00e4lt\u00e4!","og_url":"https:\/\/www.kktavastia.fi\/lukiot-lammi\/opetus-ja-ohjaus\/opinto-ohjaus\/","og_site_name":"Lammin lukio","article_modified_time":"2021-01-21T10:29:58+00:00","twitter_card":"summary_large_image","schema":{"@context":"https:\/\/schema.org","@graph":[{"@type":"WebPage","@id":"https:\/\/www.kktavastia.fi\/lukiot-lammi\/opetus-ja-ohjaus\/opinto-ohjaus\/","url":"https:\/\/www.kktavastia.fi\/lukiot-lammi\/opetus-ja-ohjaus\/opinto-ohjaus\/","name":"Opinto-ohjaaja ja opinto-ohjaus Lammin lukiossa | Yhteystiedot","isPartOf":{"@id":"https:\/\/www.kktavastia.fi\/lukiot-lammi\/#website"},"datePublished":"2020-12-31T11:59:46+00:00","dateModified":"2021-01-21T10:29:58+00:00","description":"Opinto-ohjaus ja opinto-ohjaaja Lammin lukiossa, katso yhteystiedot t\u00e4\u00e4lt\u00e4!","breadcrumb":{"@id":"https:\/\/www.kktavastia.fi\/lukiot-lammi\/opetus-ja-ohjaus\/opinto-ohjaus\/#breadcrumb"},"inLanguage":"fi","potentialAction":[{"@type":"ReadAction","target":["https:\/\/www.kktavastia.fi\/lukiot-lammi\/opetus-ja-ohjaus\/opinto-ohjaus\/"]}]},{"@type":"BreadcrumbList","@id":"https:\/\/www.kktavastia.fi\/lukiot-lammi\/opetus-ja-ohjaus\/opinto-ohjaus\/#breadcrumb","itemListElement":[{"@type":"ListItem","position":1,"name":"Home","item":"https:\/\/www.kktavastia.fi\/lukiot-lammi\/"},{"@type":"ListItem","position":2,"name":"Opetus ja ohjaus","item":"https:\/\/www.kktavastia.fi\/lukiot-lammi\/opetus-ja-ohjaus\/"},{"@type":"ListItem","position":3,"name":"Opinto-ohjaus"}]},{"@type":"WebSite","@id":"https:\/\/www.kktavastia.fi\/lukiot-lammi\/#website","url":"https:\/\/www.kktavastia.fi\/lukiot-lammi\/","name":"Lammin lukio","description":"","potentialAction":[{"@type":"SearchAction","target":{"@type":"EntryPoint","urlTemplate":"https:\/\/www.kktavastia.fi\/lukiot-lammi\/?s={search_term_string}"},"query-input":{"@type":"PropertyValueSpecification","valueRequired":true,"valueName":"search_term_string"}}],"inLanguage":"fi"}]}},"_links":{"self":[{"href":"https:\/\/www.kktavastia.fi\/lukiot-lammi\/wp-json\/wp\/v2\/pages\/101","targetHints":{"allow":["GET"]}}],"collection":[{"href":"https:\/\/www.kktavastia.fi\/lukiot-lammi\/wp-json\/wp\/v2\/pages"}],"about":[{"href":"https:\/\/www.kktavastia.fi\/lukiot-lammi\/wp-json\/wp\/v2\/types\/page"}],"author":[{"embeddable":true,"href":"https:\/\/www.kktavastia.fi\/lukiot-lammi\/wp-json\/wp\/v2\/users\/6"}],"replies":[{"embeddable":true,"href":"https:\/\/www.kktavastia.fi\/lukiot-lammi\/wp-json\/wp\/v2\/comments?post=101"}],"version-history":[{"count":3,"href":"https:\/\/www.kktavastia.fi\/lukiot-lammi\/wp-json\/wp\/v2\/pages\/101\/revisions"}],"predecessor-version":[{"id":128,"href":"https:\/\/www.kktavastia.fi\/lukiot-lammi\/wp-json\/wp\/v2\/pages\/101\/revisions\/128"}],"up":[{"embeddable":true,"href":"https:\/\/www.kktavastia.fi\/lukiot-lammi\/wp-json\/wp\/v2\/pages\/9"}],"wp:attachment":[{"href":"https:\/\/www.kktavastia.fi\/lukiot-lammi\/wp-json\/wp\/v2\/media?parent=101"}],"curies":[{"name":"wp","href":"https:\/\/api.w.org\/{rel}","templated":true}]}}