{"id":98,"date":"2020-12-29T13:33:08","date_gmt":"2020-12-29T11:33:08","guid":{"rendered":"https:\/\/kktavastia.vaiheessa.fi\/lukiot-kauriala\/?page_id=98"},"modified":"2025-09-03T13:31:38","modified_gmt":"2025-09-03T10:31:38","slug":"opinto-ohjaus","status":"publish","type":"page","link":"https:\/\/www.kktavastia.fi\/lukiot-kauriala\/opetus-ja-ohjaus\/opinto-ohjaus\/","title":{"rendered":"Opinto-ohjaus"},"content":{"rendered":"\n<p class=\"is-style-ingress\">Opinto-ohjaajat auttavat opintojen suunnittelussa. Kysy rohkeasti, jos jokin on ep\u00e4selv\u00e4\u00e4 tai haluat pohtia vaihtoehtoja! My\u00f6s tutorit ovat uusien opiskelijoiden tukena ja apuna.<\/p>\n\n\n\n<h3 class=\"wp-block-heading\">Opinto-ohjaajat<\/h3>\n\n\n\n<ul class=\"wp-block-list\">\n<li>Jyrki Eriksson, puh. 050 9110 335, jyrki.eriksson@kktavastia.fi<br>ryhm\u00e4t  23DE, 24BF, 25F <\/li>\n\n\n\n<li>Ari\u00a0Partanen,\u00a0puh. 040 5623 391, ari.partanen@kktavastia.fi<br>ryhm\u00e4t 22S, 23BF, 24AC, 25CE <\/li>\n\n\n\n<li>Elina Torkko-Hieto,<strong>\u00a0<\/strong>puh. 050 5090 811, elina.torkko-hieto@kktavastia.fi<br>ryhm\u00e4t 22S, 23AC, 24DE, 25ABD<\/li>\n<\/ul>\n\n\n\n<p><a href=\"http:\/\/student.kktavastia.fi\/it\/opot.html\">S\u00e4hk\u00f6inen ajanvaraus opoille<\/a><\/p>\n\n\n\n<p>Henkil\u00f6kohtaista neuvontaa varten opinto-ohjaajat ovat tavattavissa p\u00e4ivitt\u00e4in varmimmin klo 9\u201314 vastaanottotilassaan kansliassa (Elina ja Ari) sek\u00e4 ty\u00f6tilassa 232 (Jyrki). Huoneeseen 232 p\u00e4\u00e4see hissill\u00e4 painamalla kerrosta 2B. Ajanvaraus on s\u00e4hk\u00f6inen. Linkki on yll\u00e4.<\/p>\n\n\n\n<h3 class=\"wp-block-heading\">Opintojen ohjaus<\/h3>\n\n\n\n<p>Opinto-ohjauksen oppitunneilla k\u00e4sitell\u00e4\u00e4n kaikkia opiskelijoita koskevia opinto-ohjauksen kysymyksi\u00e4. Saat mm. perustiedot ylioppilastutkinnosta ja jatko-opinnoista sek\u00e4 tietoa opintojen rakenteista, koulutusaloista ja hakumenettelyist\u00e4 eri oppilaitoksiin sek\u00e4 kartoitat omia oppimistyylej\u00e4si.<\/p>\n\n\n\n<p>Jokaisen opiskelijan opintoihin kuuluu pakollisena&nbsp;kaksi opinto-ohjauksen kurssia\/opintojaksoa (OP01 ja OP02).&nbsp;N\u00e4m\u00e4 toteutuvat luokkatunteina,&nbsp;pienryhm\u00e4- ja henkil\u00f6kohtaisena ohjauksena. OP1-kurssin\/opintojakson luokkatunnit on hajautettu kolmen lukiovuoden ajalle.<\/p>\n\n\n\n<p>1. vuosikurssin opiskelijoilla on jaksossa 1. lukuj\u00e4rjestykseen merkityt OP01-opintojakson tunnit, muilla vuosiluokilla tunneista informoidaan erikseen. OP02 on kiinte\u00e4sti lukuj\u00e4rjestyksess\u00e4 2. opintovuonna.<\/p>\n\n\n\n<h5 class=\"wp-block-heading\">Pienryhm\u00e4ohjaus<\/h5>\n\n\n\n<p>Samalle koulutusalalle, koulutustasolle tai samaan koulutusohjelmaan pyrkivien ohjausmuotona k\u00e4ytet\u00e4\u00e4n pienryhm\u00e4ohjausta.<\/p>\n\n\n\n<h5 class=\"wp-block-heading\">Henkil\u00f6kohtainen ohjaus<\/h5>\n\n\n\n<p>Henkil\u00f6kohtaisessa ohjauksessa&nbsp;voit keskustella opintoihisi, koulutusvalintoihisi sek\u00e4 ammatti- ja urasuunnitteluusi, tulevaisuuteesi ja el\u00e4m\u00e4ntilanteeseesi liittyvist\u00e4 kysymyksist\u00e4 opinto-ohjaajasi kanssa.<\/p>\n\n\n\n<h5 class=\"wp-block-heading\">Ainekohtainen ohjaus<\/h5>\n\n\n\n<p>Aineenopettajilta saat yksityiskohtaista tietoa oppiaineiden sis\u00e4ll\u00f6ist\u00e4, suoritusohjeista, ja alan muista mahdollisuuksista sek\u00e4 tarvittaessa tukiopetusta.<\/p>\n\n\n\n<p><\/p>\n\n\n\n<h3 class=\"wp-block-heading\">Koulutusesittelyt<\/h3>\n\n\n\n<p>Opinto-ohjauksessa toteutetaan koulutusesittelyj\u00e4 oppilaitoksessa sek\u00e4 vierailu- ja messuk\u00e4yntej\u00e4 oppilaitoksen ulkopuolelle. Tapahtumat ovat olennainen osa opiskelijoille suunnatuista koulutusinformaation tiedonl\u00e4hteist\u00e4. N\u00e4ist\u00e4 esittelyist\u00e4 tulee merkint\u00e4&nbsp;opopassiin. Koulutusesittelyj\u00e4 tulee olla k\u00e4ytyn\u00e4 lukion aikana v\u00e4hint\u00e4\u00e4n viisi.<\/p>\n\n\n\n<h3 class=\"wp-block-heading\">Aineistot ja materiaalit<\/h3>\n\n\n\n<p>Opinto-ohjaajalta tai ohjauksen infopisteest\u00e4 saat mm. jatko-opintojen koulutus- ja valintaoppaita sek\u00e4 korkeakoulujen esitteit\u00e4. Jotta voisit hy\u00f6dynt\u00e4\u00e4 kaikkea saatavilla olevaa tietoa koulutus- ja ammattiurasi valinnassa, hanki aktiivisesti tietoa my\u00f6s itse. Arvokasta tietoa voit kartuttaa harrastuksissasi, kes\u00e4t\u00f6iss\u00e4, vapaaehtoist\u00f6iss\u00e4 tai vaikkapa tuttavien avulla.<\/p>\n\n\n\n<h3 class=\"wp-block-heading\">Tuutortoiminta<\/h3>\n\n\n\n<p>Ryhm\u00e4nohjaajien ja opinto-ohjaajien tukena toimivat tutorit, jotka auttavat sinua erityisesti lukio-opintojesi alussa. Toisen vuosikurssin opiskelijoista valitut tutorit auttavat ja tukevat muita opiskelijoita, l\u00e4hinn\u00e4 opintojen alkuvaiheessa, monin eri tavoin. Varsinaisen tukity\u00f6ns\u00e4 ohella he osallistuvat my\u00f6s kouluty\u00f6n suunnitteluun yhdess\u00e4 opinto-ohjaajien ja rehtorin kanssa. Tutorit vierailevat eri tilaisuuksissa mm. yl\u00e4kouluissa ja vanhempainilloissa edustaen Kaurialan lukiota ja v\u00e4litt\u00e4en opiskelua ja lukiota koskevia tietoja. Tutortoiminnasta vastaa&nbsp;opinto-ohjaaja Jyrki Eriksson.<\/p>\n","protected":false},"excerpt":{"rendered":"<p>Opinto-ohjaajat auttavat opintojen suunnittelussa. Kysy rohkeasti, jos jokin on ep\u00e4selv\u00e4\u00e4 tai haluat pohtia vaihtoehtoja! My\u00f6s tutorit ovat uusien opiskelijoiden tukena [&hellip;]<\/p>\n","protected":false},"author":6,"featured_media":0,"parent":13,"menu_order":0,"comment_status":"closed","ping_status":"closed","template":"","meta":{"_acf_changed":false,"_relevanssi_hide_post":"","_relevanssi_hide_content":"","_relevanssi_pin_for_all":"","_relevanssi_pin_keywords":"","_relevanssi_unpin_keywords":"","_relevanssi_related_keywords":"","_relevanssi_related_include_ids":"","_relevanssi_related_exclude_ids":"","_relevanssi_related_no_append":"","_relevanssi_related_not_related":"","_relevanssi_related_posts":"13,96,100,244,4,55","_relevanssi_noindex_reason":"","footnotes":""},"class_list":["post-98","page","type-page","status-publish","hentry"],"acf":[],"yoast_head":"<title>Opinto-ohjaus - Kaurialan lukio<\/title>\n<meta name=\"robots\" content=\"index, follow, max-snippet:-1, max-image-preview:large, max-video-preview:-1\" \/>\n<link rel=\"canonical\" href=\"https:\/\/www.kktavastia.fi\/lukiot-kauriala\/opetus-ja-ohjaus\/opinto-ohjaus\/\" \/>\n<meta property=\"og:locale\" content=\"fi_FI\" \/>\n<meta property=\"og:type\" content=\"article\" \/>\n<meta property=\"og:title\" content=\"Opinto-ohjaus - Kaurialan lukio\" \/>\n<meta property=\"og:description\" content=\"Opinto-ohjaajat auttavat opintojen suunnittelussa. Kysy rohkeasti, jos jokin on ep\u00e4selv\u00e4\u00e4 tai haluat pohtia vaihtoehtoja! My\u00f6s tutorit ovat uusien opiskelijoiden tukena [&hellip;]\" \/>\n<meta property=\"og:url\" content=\"https:\/\/www.kktavastia.fi\/lukiot-kauriala\/opetus-ja-ohjaus\/opinto-ohjaus\/\" \/>\n<meta property=\"og:site_name\" content=\"Kaurialan lukio\" \/>\n<meta property=\"article:modified_time\" content=\"2025-09-03T10:31:38+00:00\" \/>\n<meta name=\"twitter:card\" content=\"summary_large_image\" \/>\n<script type=\"application\/ld+json\" class=\"yoast-schema-graph\">{\"@context\":\"https:\\\/\\\/schema.org\",\"@graph\":[{\"@type\":\"WebPage\",\"@id\":\"https:\\\/\\\/www.kktavastia.fi\\\/lukiot-kauriala\\\/opetus-ja-ohjaus\\\/opinto-ohjaus\\\/\",\"url\":\"https:\\\/\\\/www.kktavastia.fi\\\/lukiot-kauriala\\\/opetus-ja-ohjaus\\\/opinto-ohjaus\\\/\",\"name\":\"Opinto-ohjaus - Kaurialan lukio\",\"isPartOf\":{\"@id\":\"https:\\\/\\\/www.kktavastia.fi\\\/lukiot-kauriala\\\/#website\"},\"datePublished\":\"2020-12-29T11:33:08+00:00\",\"dateModified\":\"2025-09-03T10:31:38+00:00\",\"breadcrumb\":{\"@id\":\"https:\\\/\\\/www.kktavastia.fi\\\/lukiot-kauriala\\\/opetus-ja-ohjaus\\\/opinto-ohjaus\\\/#breadcrumb\"},\"inLanguage\":\"fi\",\"potentialAction\":[{\"@type\":\"ReadAction\",\"target\":[\"https:\\\/\\\/www.kktavastia.fi\\\/lukiot-kauriala\\\/opetus-ja-ohjaus\\\/opinto-ohjaus\\\/\"]}]},{\"@type\":\"BreadcrumbList\",\"@id\":\"https:\\\/\\\/www.kktavastia.fi\\\/lukiot-kauriala\\\/opetus-ja-ohjaus\\\/opinto-ohjaus\\\/#breadcrumb\",\"itemListElement\":[{\"@type\":\"ListItem\",\"position\":1,\"name\":\"Home\",\"item\":\"https:\\\/\\\/www.kktavastia.fi\\\/lukiot-kauriala\\\/\"},{\"@type\":\"ListItem\",\"position\":2,\"name\":\"Opetus ja ohjaus\",\"item\":\"https:\\\/\\\/www.kktavastia.fi\\\/lukiot-kauriala\\\/opetus-ja-ohjaus\\\/\"},{\"@type\":\"ListItem\",\"position\":3,\"name\":\"Opinto-ohjaus\"}]},{\"@type\":\"WebSite\",\"@id\":\"https:\\\/\\\/www.kktavastia.fi\\\/lukiot-kauriala\\\/#website\",\"url\":\"https:\\\/\\\/www.kktavastia.fi\\\/lukiot-kauriala\\\/\",\"name\":\"Kaurialan lukio\",\"description\":\"\",\"potentialAction\":[{\"@type\":\"SearchAction\",\"target\":{\"@type\":\"EntryPoint\",\"urlTemplate\":\"https:\\\/\\\/www.kktavastia.fi\\\/lukiot-kauriala\\\/?s={search_term_string}\"},\"query-input\":{\"@type\":\"PropertyValueSpecification\",\"valueRequired\":true,\"valueName\":\"search_term_string\"}}],\"inLanguage\":\"fi\"}]}<\/script>","yoast_head_json":{"title":"Opinto-ohjaus - Kaurialan lukio","robots":{"index":"index","follow":"follow","max-snippet":"max-snippet:-1","max-image-preview":"max-image-preview:large","max-video-preview":"max-video-preview:-1"},"canonical":"https:\/\/www.kktavastia.fi\/lukiot-kauriala\/opetus-ja-ohjaus\/opinto-ohjaus\/","og_locale":"fi_FI","og_type":"article","og_title":"Opinto-ohjaus - Kaurialan lukio","og_description":"Opinto-ohjaajat auttavat opintojen suunnittelussa. Kysy rohkeasti, jos jokin on ep\u00e4selv\u00e4\u00e4 tai haluat pohtia vaihtoehtoja! My\u00f6s tutorit ovat uusien opiskelijoiden tukena [&hellip;]","og_url":"https:\/\/www.kktavastia.fi\/lukiot-kauriala\/opetus-ja-ohjaus\/opinto-ohjaus\/","og_site_name":"Kaurialan lukio","article_modified_time":"2025-09-03T10:31:38+00:00","twitter_card":"summary_large_image","schema":{"@context":"https:\/\/schema.org","@graph":[{"@type":"WebPage","@id":"https:\/\/www.kktavastia.fi\/lukiot-kauriala\/opetus-ja-ohjaus\/opinto-ohjaus\/","url":"https:\/\/www.kktavastia.fi\/lukiot-kauriala\/opetus-ja-ohjaus\/opinto-ohjaus\/","name":"Opinto-ohjaus - Kaurialan lukio","isPartOf":{"@id":"https:\/\/www.kktavastia.fi\/lukiot-kauriala\/#website"},"datePublished":"2020-12-29T11:33:08+00:00","dateModified":"2025-09-03T10:31:38+00:00","breadcrumb":{"@id":"https:\/\/www.kktavastia.fi\/lukiot-kauriala\/opetus-ja-ohjaus\/opinto-ohjaus\/#breadcrumb"},"inLanguage":"fi","potentialAction":[{"@type":"ReadAction","target":["https:\/\/www.kktavastia.fi\/lukiot-kauriala\/opetus-ja-ohjaus\/opinto-ohjaus\/"]}]},{"@type":"BreadcrumbList","@id":"https:\/\/www.kktavastia.fi\/lukiot-kauriala\/opetus-ja-ohjaus\/opinto-ohjaus\/#breadcrumb","itemListElement":[{"@type":"ListItem","position":1,"name":"Home","item":"https:\/\/www.kktavastia.fi\/lukiot-kauriala\/"},{"@type":"ListItem","position":2,"name":"Opetus ja ohjaus","item":"https:\/\/www.kktavastia.fi\/lukiot-kauriala\/opetus-ja-ohjaus\/"},{"@type":"ListItem","position":3,"name":"Opinto-ohjaus"}]},{"@type":"WebSite","@id":"https:\/\/www.kktavastia.fi\/lukiot-kauriala\/#website","url":"https:\/\/www.kktavastia.fi\/lukiot-kauriala\/","name":"Kaurialan lukio","description":"","potentialAction":[{"@type":"SearchAction","target":{"@type":"EntryPoint","urlTemplate":"https:\/\/www.kktavastia.fi\/lukiot-kauriala\/?s={search_term_string}"},"query-input":{"@type":"PropertyValueSpecification","valueRequired":true,"valueName":"search_term_string"}}],"inLanguage":"fi"}]}},"_links":{"self":[{"href":"https:\/\/www.kktavastia.fi\/lukiot-kauriala\/wp-json\/wp\/v2\/pages\/98","targetHints":{"allow":["GET"]}}],"collection":[{"href":"https:\/\/www.kktavastia.fi\/lukiot-kauriala\/wp-json\/wp\/v2\/pages"}],"about":[{"href":"https:\/\/www.kktavastia.fi\/lukiot-kauriala\/wp-json\/wp\/v2\/types\/page"}],"author":[{"embeddable":true,"href":"https:\/\/www.kktavastia.fi\/lukiot-kauriala\/wp-json\/wp\/v2\/users\/6"}],"replies":[{"embeddable":true,"href":"https:\/\/www.kktavastia.fi\/lukiot-kauriala\/wp-json\/wp\/v2\/comments?post=98"}],"version-history":[{"count":21,"href":"https:\/\/www.kktavastia.fi\/lukiot-kauriala\/wp-json\/wp\/v2\/pages\/98\/revisions"}],"predecessor-version":[{"id":4789,"href":"https:\/\/www.kktavastia.fi\/lukiot-kauriala\/wp-json\/wp\/v2\/pages\/98\/revisions\/4789"}],"up":[{"embeddable":true,"href":"https:\/\/www.kktavastia.fi\/lukiot-kauriala\/wp-json\/wp\/v2\/pages\/13"}],"wp:attachment":[{"href":"https:\/\/www.kktavastia.fi\/lukiot-kauriala\/wp-json\/wp\/v2\/media?parent=98"}],"curies":[{"name":"wp","href":"https:\/\/api.w.org\/{rel}","templated":true}]}}