{"id":96,"date":"2020-12-29T13:32:52","date_gmt":"2020-12-29T11:32:52","guid":{"rendered":"https:\/\/kktavastia.vaiheessa.fi\/lukiot-kauriala\/?page_id=96"},"modified":"2026-02-04T10:54:36","modified_gmt":"2026-02-04T08:54:36","slug":"opintojen-suunnittelu","status":"publish","type":"page","link":"https:\/\/www.kktavastia.fi\/lukiot-kauriala\/opetus-ja-ohjaus\/opintojen-suunnittelu\/","title":{"rendered":"Opintojen suunnittelu"},"content":{"rendered":"\n<p class=\"is-style-ingress\">Kaurialan lukion tarjonta on monipuolinen. T\u00e4\u00e4lt\u00e4 l\u00f6yd\u00e4t tietoa tarkempaa tietoa opetussuunnitelmista, erilaisista lukion kursseista\/opintojaksoista ja niiden suoritusmuodoista. Koska lukio-opinnot ovat teoriapainotteisia, kannattaa lukuj\u00e4rjestykseen valita my\u00f6s taito- ja taideaineita. My\u00f6s&nbsp;vieraiden kielten osaaminen voi&nbsp;tulevaisuudessa kullanarvoista. <\/p>\n\n\n\n<p><a href=\"https:\/\/www.kktavastia.fi\/media\/sites\/6\/kaurialan-lukio-2025-2026-jakoversio.pdf\" target=\"_blank\" rel=\"noreferrer noopener\">Opintotarjotin 2025-2026<\/a> <br><a href=\"https:\/\/www.kktavastia.fi\/media\/sites\/6\/kaurialan-lukion-toimintasuunnitelma-lv-2526.pdf\" target=\"_blank\" rel=\"noreferrer noopener\">Toimintasuunnitelma lv 2025-2026<\/a><\/p>\n\n\n\n<h3 class=\"wp-block-heading\"><strong>Opetussuunnitelma<\/strong><\/h3>\n\n\n\n<p>T\u00e4ydenn\u00e4mme t\u00e4h\u00e4n tietoa uuden opetussuunnitelman osalta kes\u00e4n ja alkusyksyn 2021 aikana. Uudessa opetussuunnitelmassa opinnot mitoitetaan opintopistein\u00e4 ja suoritetaan opintojaksoittain. <\/p>\n\n\n\n<p><a href=\"https:\/\/eperusteet.opintopolku.fi\/#\/fi\/opetussuunnitelma\/11422365\/lukiokoulutus\/tiedot\" target=\"_blank\" rel=\"noreferrer noopener\">Opetussuunnitelma 2021 <\/a><\/p>\n\n\n\n<div class=\"wp-block-file\"><a id=\"wp-block-file--media-3c812e88-4494-4d81-b178-355043bc55d4\" href=\"https:\/\/www.kktavastia.fi\/media\/sites\/6\/liite-matematiikka-ja-luonnontiedelukion-opetussuunnitelma.pdf\">Matematiikka- ja luonnontiedelukion opetussuunnitelma<\/a><a href=\"https:\/\/www.kktavastia.fi\/media\/sites\/6\/liite-matematiikka-ja-luonnontiedelukion-opetussuunnitelma.pdf\" class=\"wp-block-file__button wp-element-button\" download aria-describedby=\"wp-block-file--media-3c812e88-4494-4d81-b178-355043bc55d4\">Lataa<\/a><\/div>\n\n\n\n<p><a href=\"https:\/\/www.kktavastia.fi\/media\/sites\/6\/ensimmaisen-vuoden-valinnaista-tarjontaa-1.pdf\" target=\"_blank\" rel=\"noreferrer noopener nofollow\">Ensimm\u00e4isen vuoden valinnaista tarjontaa<\/a><br><a href=\"https:\/\/www.kktavastia.fi\/media\/sites\/6\/lyhyet-kuvaukset-26-27.pdf\" id=\"https:\/\/www.kktavastia.fi\/media\/sites\/6\/lyhyet-kuvaukset-26-27.pdf\" target=\"_blank\" rel=\"noreferrer noopener nofollow\">Lyhyet opintojaksokuvaukset<\/a><\/p>\n\n\n\n<h3 class=\"wp-block-heading\">Opiskeluaika<\/h3>\n\n\n\n<p>Lukio-opinnot voi suorittaa 2\u20134 vuodessa. Jos haluaa huomattavasti nopeuttaa opiskelutahtia, voi joutua suorittamaan opintoja itsen\u00e4isesti opiskellen ja mahdollisesti k\u00e4ytt\u00e4m\u00e4\u00e4n hyv\u00e4kseen my\u00f6s kes\u00e4lukukausia ja&nbsp;H\u00e4meenlinnan lyseon aikuislinjan&nbsp;ilta- ja verkko-opintoja.<\/p>\n\n\n\n<p>Lukio-opintojen suoritusaikataulu voi olla esimerkiksi jokin seuraavista vaihtoehdoista:<\/p>\n\n\n\n<ol class=\"wp-block-list\">\n<li>Suoritat opinnot kolmessa vuodessa, jolloin voit aloittaa ylioppilaskokeiden suorittamisen toisen vuoden kev\u00e4\u00e4ll\u00e4 tai kolmannen vuoden syksyll\u00e4 ja saat tutkinnon valmiiksi kolmessa vuodessa, jolloin aikaa opintoihin on 13 jaksoa ja valmistut kev\u00e4\u00e4ll\u00e4. <\/li>\n\n\n\n<li>Suoritat opinnot kahdessa ja puolessa vuodessa ja saat yo-tutkinnon valmiiksi viimeist\u00e4\u00e4n kolmannen vuoden syksyll\u00e4, jolloin aikaa opintoihin on 11 jaksoa ja valmistut syksyll\u00e4. <\/li>\n\n\n\n<li>Suoritat opinnot kolmessa ja puolessa vuodessa ja saat yo-tutkinnon valmiiksi nelj\u00e4nten\u00e4 syksyn\u00e4, jolloin opiskeluaikaa on 16 jaksoa ja valmistut syksyll\u00e4.<\/li>\n\n\n\n<li>Suoritat opinnot nelj\u00e4ss\u00e4 vuodessa ja saat yo-tutkinnon valmiiksi nelj\u00e4nnen vuoden kev\u00e4\u00e4ll\u00e4, jolloin aikaa opintoihin on 18 jaksoa ja valmistut kev\u00e4\u00e4ll\u00e4. <\/li>\n<\/ol>\n\n\n\n<p>Suositeltavin ja yleisin aikataulu lukio-opintojen suorittamiseksi on vaihtoehto 1), jolloin lukio-opinnot valmistuvat kolmessa vuodessa. T\u00e4m\u00e4 tarkoittaa sit\u00e4, ett\u00e4 opintokertym\u00e4 ensimm\u00e4isen ja toisen opintovuoden aikana on v\u00e4hint\u00e4\u00e4n 120 opintopistett\u00e4. N\u00e4in kolmannen vuoden kolmeen ensimm\u00e4iseen lukuvuosijaksoon j\u00e4isi 30 opintopistett\u00e4. Suosittelemme kuitenkin, ett\u00e4 suoritat opintoja enemm\u00e4n kuin juuri minimim\u00e4\u00e4r\u00e4n (150 opintopistett\u00e4).<\/p>\n\n\n\n<p>Nelj\u00e4n vuoden ohjelma voi olla tarpeellinen vaihtoehto esimerkiksi laajan opinto-ohjelman, opintojen uusimisen tai aikaa viev\u00e4n harrastuksen vuoksi. Normaaleja kolmen vuoden opintoja suositellaan opintojen suunnittelun yleiseksi l\u00e4ht\u00f6kohdaksi lukiota aloitettaessa. Opiskeluaikaa voi kuitenkin joustavasti muuttaa lukio-opintojen aikana. Suunnitelma opintojen laajentamisesta kolmeen ja puoleen tai nelj\u00e4\u00e4n vuoteen on aina teht\u00e4v\u00e4 kirjallisena yhdess\u00e4 opinto-ohjaajan kanssa. Opintojen tehokas eteneminen nelj\u00e4n vuoden opinnoissa edellytt\u00e4\u00e4 hyvin tarkkaa, koulussa hyv\u00e4ksytty\u00e4 suunnitelmaa opintojen ja yo-kokeen yhteensovittamisesta.<\/p>\n\n\n\n<p>Heikon opintomenestyksen takia pidentyv\u00e4t opinnot on syyt\u00e4 anoa vasta toisen vuoden lopulla, kun kouluaikaa on j\u00e4ljell\u00e4 kolme jaksoa. Ammattiuraa edist\u00e4v\u00e4t, pitk\u00e4j\u00e4nteiset tavoitteelliset harrastukset ja muu opiskelu sek\u00e4 erityisen laajat lukio-opinnot tulisi ottaa huomioon jo lukioon tultaessa ja anoa haluttaessa opinto-oikeutta nelj\u00e4ksi vuodeksi.<\/p>\n\n\n\n<p><\/p>\n\n\n\n<h3 class=\"wp-block-heading\">Opintojaksojen suoritustavat<\/h3>\n\n\n\n<h4 class=\"wp-block-heading\">L\u00e4hiopetus<\/h4>\n\n\n\n<p>L\u00e4hiopetus tarkoittaa, ett\u00e4 opiskelija osallistuu oppituntity\u00f6skentelyyn ja tekee vaaditut teht\u00e4v\u00e4t ja muut suoritukset sovittujen opetussuunnitelmaan pohjautuvien vaatimusten mukaan (esim. kokeet, kotiesseet, sanakokeet, tutkielmat, suulliset esitykset yms.).<\/p>\n\n\n\n<h4 class=\"wp-block-heading\">Itsen\u00e4inen opiskelu<\/h4>\n\n\n\n<p>Opintoja on mahdollisuus suorittaa my\u00f6s itsen\u00e4isesti.  Itsen\u00e4isest\u00e4 suorittamisesta tulee tehd\u00e4 sitova kirjallinen sopimus asianomaisen opettajan kanssa<strong>&nbsp;ennen opintojakson alkua<\/strong> ja ennen uuden lukuvuosijakson alkua. Erityisest\u00e4 syyst\u00e4 (esim. terveys, opinto-ohjaukselliset syyt) voidaan poiketa mainitusta aikarajasta.<\/p>\n\n\n\n<p>Itsen\u00e4inen suorittaminen sovitaan opettajan kanssa ja anotaan Wilmassa. Yhteisess\u00e4 sopimuksessa m\u00e4\u00e4ritell\u00e4\u00e4n tenttimisajat ja v\u00e4li- ym. teht\u00e4vien palautusajat sek\u00e4 muut tenttimiseen liittyv\u00e4t menettelytavat. Itsen\u00e4isesti suoritettavien opintojen vaatimukset ovat samat kuin l\u00e4hiopetuksenkin. <strong>Itsen\u00e4isesti suoritetuista opinnoista ei voi saada hyl\u00e4tty\u00e4 arvosanaa<\/strong> (ks. tarkemmin ops), <strong>eik\u00e4 hyl\u00e4tyst\u00e4 tenttisuorituksesta saa opintopisteit\u00e4 <\/strong>(merkit\u00e4\u00e4n arvosanalla X).<\/p>\n\n\n\n<p>Joidenkin opintojaksojen (kuten liikunnan, vieraiden kielten suullisten opintojaksojen, ilmaisutaidon, kokeellisten, opintojaksojen&nbsp;yms.) suorittaminen itsen\u00e4isesti tenttim\u00e4ll\u00e4 ei ole mahdollista,&nbsp;sill\u00e4 ty\u00f6tavat, sis\u00e4ll\u00f6t ja\/tai arviointiperusteet voivat olla&nbsp;itsen\u00e4isesti suoritettuna haasteellisia.&nbsp;Lis\u00e4tietoja itsen\u00e4isen suorittamisen mahdollisuuksista saa kunkin aineen opettajilta. Opetussuunnitelmassa on kunkin opintojakson kohdalla mainittu, mik\u00e4li itsen\u00e4inen suorittaminen ei ole mahdollista. <\/p>\n\n\n\n<p>Itsen\u00e4ist\u00e4 suorittamista anotaan Wilmassa. Sinisess\u00e4 yl\u00e4palkissa on Hakemukset ja p\u00e4\u00e4t\u00f6kset -valikko. Sielt\u00e4 klikataan uusi hakemus -painiketta. <\/p>\n\n\n\n<h4 class=\"wp-block-heading\">Verkko-opinnot<\/h4>\n\n\n\n<p>Lis\u00e4ksi on tarjolla verkko-opintoja, joista saa tietoa opinto-ohjaajalta, jolle my\u00f6s ilmoittaudutaan. <\/p>\n\n\n\n<h4 class=\"wp-block-heading\">Projektit<\/h4>\n\n\n\n<p>Vuosittain koulussa toteutuu monia projekteja, joista osa on tiedossa lukuvuoden alkaessa. Projekteista j\u00e4rjestet\u00e4\u00e4n lukukauden aikana tiedotustilaisuuksia, ja niist\u00e4 ilmoitetaan koulun infomonitorilla. Joistakin projekteista saa opintosuoritukset projektisuunnitelmassa mainitulla tavalla.<\/p>\n\n\n\n<h4 class=\"wp-block-heading\">Muualla suoritetut opinnot<\/h4>\n\n\n\n<p>S\u00e4\u00e4d\u00f6sten mukaan muualla kuin lukiossa suoritettuja opintoja voidaan lukion oppim\u00e4\u00e4r\u00e4\u00e4n (150 opintopistett\u00e4) hyv\u00e4ksy\u00e4 sen mukaisesti kuin lukion tuntijako sallii (94-102 + 20 opintopistett\u00e4), loput opinnot voivat olla paikallisia opintojaksoja. Hyv\u00e4ksyj\u00e4 on rehtori tai h\u00e4nen valtuuttamansa henkil\u00f6.<\/p>\n\n\n\n<p>Lukio-opinnoiksi voidaan hyv\u00e4ksy\u00e4 suoritus, joka on lukion opetussuunnitelman tavoitteiden mukainen, pohjaa peruskoulun oppim\u00e4\u00e4r\u00e4\u00e4n ja on kestoltaan v\u00e4hint\u00e4\u00e4n 30 l\u00e4sn\u00e4olotuntia. Opintojen tulee olla muiden&nbsp;oppilaitosten j\u00e4rjest\u00e4mi\u00e4&nbsp;ja kurssin\/opintojakson opettajalla on oltava opettajakelpoisuus. Koululle toimitettavasta alkuper\u00e4isest\u00e4 todistuksesta tulee ilmet\u00e4 eriteltyin\u00e4 opintojen keskeinen sis\u00e4lt\u00f6, laajuus tunteina, opetuksen antajan p\u00e4tevyys ja suorituksen arviointi.<\/p>\n\n\n\n<p>Muissa lukioissa suoritetut opinnot hyv\u00e4ksyt\u00e4\u00e4n lukion oppim\u00e4\u00e4r\u00e4\u00e4n. Sinulla on mahdollisuus suorittaa opintoja my\u00f6s ammatillisissa oppilaitoksissa ja yliopistoissa. Niiden hyv\u00e4ksymisest\u00e4 lukion oppim\u00e4\u00e4r\u00e4\u00e4n p\u00e4\u00e4tt\u00e4\u00e4 rehtori.<\/p>\n\n\n\n<p>Koulun ja urheiluseurojen valmentajien kanssa yhdess\u00e4 m\u00e4\u00e4rittelem\u00e4t tavoitteet, -sis\u00e4ll\u00f6t ja suoritukset voidaan hyv\u00e4ksy\u00e4 lukio-opinnoiksi. Hyv\u00e4ksytt\u00e4vyydest\u00e4 ohjeita antaa liikunnan lehtori. T\u00e4llaiset urheilu- ja liikunnan valmennusopinnot edellytt\u00e4v\u00e4t oppilaalta n\u00e4ytt\u00f6\u00e4 valtakunnantason suorituksista ja\/tai tavoitetasosta.&nbsp;Sibelius-opiston ja Aimo-koulun (kuvataide\/ k\u00e4sity\u00f6koulu) opinnot opiskelija voi lukea hyv\u00e4kseen silt\u00e4 osin, kuin ne on saatu valmiiksi lukioaikana.&nbsp;Muualla suoritettuja opintoja hyv\u00e4ksyt\u00e4\u00e4n opiskelijan anomuksen perusteella (osaamisen tunnustaminen).<\/p>\n\n\n\n<p>Vaihto-oppilasvuoden lukiotasoisista opinnoista hyv\u00e4ksyt\u00e4\u00e4n erikseen neuvoteltavat suoritukset. Kun lukio-opintoihin anotaan hyv\u00e4ksytt\u00e4v\u00e4ksi ulkomaisia opintoja, tulee opiskelusuorituksista olla selke\u00e4 eritelty n\u00e4ytt\u00f6: opiskelupaikan taso, opintojen laatu ja kesto tunteina, arviointi ja\/tai osallistuminen poissaoloineen sek\u00e4 suoritustaso. Ilman n\u00e4iden tietojen ilmenemist\u00e4 todistuksesta vaihto-oppilasvuoden opintoja ei voida lukea hyv\u00e4ksi lukio-oppim\u00e4\u00e4r\u00e4\u00e4n. <\/p>\n\n\n\n<p>Lukion oppim\u00e4\u00e4r\u00e4\u00e4n voidaan hyv\u00e4ksy\u00e4 my\u00f6s muita koti- tai ulkomaisia opintoja. P\u00e4\u00e4t\u00f6ksen korvaavuudesta tai hyv\u00e4ksi lukemisesta tekee rehtori tutustuttuaan alkuper\u00e4isiin todistuksiin ja mahdollisesti neuvoteltuaan opiskelijan kanssa.<\/p>\n\n\n\n<p>Oheisessa taulukossa on hyv\u00e4ksytt\u00e4vien opintojen opintopistem\u00e4\u00e4r\u00e4t. <a href=\"https:\/\/www.kktavastia.fi\/media\/sites\/6\/osaamisen-tunnustaminen-lukiokoulutus-tavastia-1.pdf\">Korvaavuustaulukko<\/a>.<\/p>\n\n\n\n<div class=\"wp-block-file\"><a id=\"wp-block-file--media-16a50a5a-a54c-4f4b-9fbc-008552bb6fca\" href=\"https:\/\/www.kktavastia.fi\/media\/sites\/6\/uusi_muualla-suoritetut-kurssit.pdf\">Anomus muualla suoritetun kurssin hyv\u00e4ksymisest\u00e4<\/a><a href=\"https:\/\/www.kktavastia.fi\/media\/sites\/6\/uusi_muualla-suoritetut-kurssit.pdf\" class=\"wp-block-file__button wp-element-button\" download aria-describedby=\"wp-block-file--media-16a50a5a-a54c-4f4b-9fbc-008552bb6fca\">Avaa PDF<\/a><\/div>\n","protected":false},"excerpt":{"rendered":"<p>Kaurialan lukion tarjonta on monipuolinen. T\u00e4\u00e4lt\u00e4 l\u00f6yd\u00e4t tietoa tarkempaa tietoa opetussuunnitelmista, erilaisista lukion kursseista\/opintojaksoista ja niiden suoritusmuodoista. Koska lukio-opinnot ovat [&hellip;]<\/p>\n","protected":false},"author":6,"featured_media":0,"parent":13,"menu_order":0,"comment_status":"closed","ping_status":"closed","template":"","meta":{"_acf_changed":false,"_relevanssi_hide_post":"","_relevanssi_hide_content":"","_relevanssi_pin_for_all":"","_relevanssi_pin_keywords":"","_relevanssi_unpin_keywords":"","_relevanssi_related_keywords":"","_relevanssi_related_include_ids":"","_relevanssi_related_exclude_ids":"","_relevanssi_related_no_append":"","_relevanssi_related_not_related":"","_relevanssi_related_posts":"6,55,102,268,32,78","_relevanssi_noindex_reason":"","footnotes":""},"class_list":["post-96","page","type-page","status-publish","hentry"],"acf":[],"yoast_head":"<title>Opintojen suunnittelu Kaurialan lukiossa | Kurssikuvaukset, opiskeluaika<\/title>\n<meta name=\"description\" content=\"Tietoa opintojen suunnittelusta Kaurialan lukiossa. Katso kurssikuvaukset ja suoritustava sek\u00e4 tietoa opiskeluajasta.\" \/>\n<meta name=\"robots\" content=\"index, follow, max-snippet:-1, max-image-preview:large, max-video-preview:-1\" \/>\n<link rel=\"canonical\" href=\"https:\/\/www.kktavastia.fi\/lukiot-kauriala\/opetus-ja-ohjaus\/opintojen-suunnittelu\/\" \/>\n<meta property=\"og:locale\" content=\"fi_FI\" \/>\n<meta property=\"og:type\" content=\"article\" \/>\n<meta property=\"og:title\" content=\"Opintojen suunnittelu Kaurialan lukiossa | Kurssikuvaukset, opiskeluaika\" \/>\n<meta property=\"og:description\" content=\"Tietoa opintojen suunnittelusta Kaurialan lukiossa. Katso kurssikuvaukset ja suoritustava sek\u00e4 tietoa opiskeluajasta.\" \/>\n<meta property=\"og:url\" content=\"https:\/\/www.kktavastia.fi\/lukiot-kauriala\/opetus-ja-ohjaus\/opintojen-suunnittelu\/\" \/>\n<meta property=\"og:site_name\" content=\"Kaurialan lukio\" \/>\n<meta property=\"article:modified_time\" content=\"2026-02-04T08:54:36+00:00\" \/>\n<meta name=\"twitter:card\" content=\"summary_large_image\" \/>\n<script type=\"application\/ld+json\" class=\"yoast-schema-graph\">{\"@context\":\"https:\\\/\\\/schema.org\",\"@graph\":[{\"@type\":\"WebPage\",\"@id\":\"https:\\\/\\\/www.kktavastia.fi\\\/lukiot-kauriala\\\/opetus-ja-ohjaus\\\/opintojen-suunnittelu\\\/\",\"url\":\"https:\\\/\\\/www.kktavastia.fi\\\/lukiot-kauriala\\\/opetus-ja-ohjaus\\\/opintojen-suunnittelu\\\/\",\"name\":\"Opintojen suunnittelu Kaurialan lukiossa | Kurssikuvaukset, opiskeluaika\",\"isPartOf\":{\"@id\":\"https:\\\/\\\/www.kktavastia.fi\\\/lukiot-kauriala\\\/#website\"},\"datePublished\":\"2020-12-29T11:32:52+00:00\",\"dateModified\":\"2026-02-04T08:54:36+00:00\",\"description\":\"Tietoa opintojen suunnittelusta Kaurialan lukiossa. Katso kurssikuvaukset ja suoritustava sek\u00e4 tietoa opiskeluajasta.\",\"breadcrumb\":{\"@id\":\"https:\\\/\\\/www.kktavastia.fi\\\/lukiot-kauriala\\\/opetus-ja-ohjaus\\\/opintojen-suunnittelu\\\/#breadcrumb\"},\"inLanguage\":\"fi\",\"potentialAction\":[{\"@type\":\"ReadAction\",\"target\":[\"https:\\\/\\\/www.kktavastia.fi\\\/lukiot-kauriala\\\/opetus-ja-ohjaus\\\/opintojen-suunnittelu\\\/\"]}]},{\"@type\":\"BreadcrumbList\",\"@id\":\"https:\\\/\\\/www.kktavastia.fi\\\/lukiot-kauriala\\\/opetus-ja-ohjaus\\\/opintojen-suunnittelu\\\/#breadcrumb\",\"itemListElement\":[{\"@type\":\"ListItem\",\"position\":1,\"name\":\"Home\",\"item\":\"https:\\\/\\\/www.kktavastia.fi\\\/lukiot-kauriala\\\/\"},{\"@type\":\"ListItem\",\"position\":2,\"name\":\"Opetus ja ohjaus\",\"item\":\"https:\\\/\\\/www.kktavastia.fi\\\/lukiot-kauriala\\\/opetus-ja-ohjaus\\\/\"},{\"@type\":\"ListItem\",\"position\":3,\"name\":\"Opintojen suunnittelu\"}]},{\"@type\":\"WebSite\",\"@id\":\"https:\\\/\\\/www.kktavastia.fi\\\/lukiot-kauriala\\\/#website\",\"url\":\"https:\\\/\\\/www.kktavastia.fi\\\/lukiot-kauriala\\\/\",\"name\":\"Kaurialan lukio\",\"description\":\"\",\"potentialAction\":[{\"@type\":\"SearchAction\",\"target\":{\"@type\":\"EntryPoint\",\"urlTemplate\":\"https:\\\/\\\/www.kktavastia.fi\\\/lukiot-kauriala\\\/?s={search_term_string}\"},\"query-input\":{\"@type\":\"PropertyValueSpecification\",\"valueRequired\":true,\"valueName\":\"search_term_string\"}}],\"inLanguage\":\"fi\"}]}<\/script>","yoast_head_json":{"title":"Opintojen suunnittelu Kaurialan lukiossa | Kurssikuvaukset, opiskeluaika","description":"Tietoa opintojen suunnittelusta Kaurialan lukiossa. Katso kurssikuvaukset ja suoritustava sek\u00e4 tietoa opiskeluajasta.","robots":{"index":"index","follow":"follow","max-snippet":"max-snippet:-1","max-image-preview":"max-image-preview:large","max-video-preview":"max-video-preview:-1"},"canonical":"https:\/\/www.kktavastia.fi\/lukiot-kauriala\/opetus-ja-ohjaus\/opintojen-suunnittelu\/","og_locale":"fi_FI","og_type":"article","og_title":"Opintojen suunnittelu Kaurialan lukiossa | Kurssikuvaukset, opiskeluaika","og_description":"Tietoa opintojen suunnittelusta Kaurialan lukiossa. Katso kurssikuvaukset ja suoritustava sek\u00e4 tietoa opiskeluajasta.","og_url":"https:\/\/www.kktavastia.fi\/lukiot-kauriala\/opetus-ja-ohjaus\/opintojen-suunnittelu\/","og_site_name":"Kaurialan lukio","article_modified_time":"2026-02-04T08:54:36+00:00","twitter_card":"summary_large_image","schema":{"@context":"https:\/\/schema.org","@graph":[{"@type":"WebPage","@id":"https:\/\/www.kktavastia.fi\/lukiot-kauriala\/opetus-ja-ohjaus\/opintojen-suunnittelu\/","url":"https:\/\/www.kktavastia.fi\/lukiot-kauriala\/opetus-ja-ohjaus\/opintojen-suunnittelu\/","name":"Opintojen suunnittelu Kaurialan lukiossa | Kurssikuvaukset, opiskeluaika","isPartOf":{"@id":"https:\/\/www.kktavastia.fi\/lukiot-kauriala\/#website"},"datePublished":"2020-12-29T11:32:52+00:00","dateModified":"2026-02-04T08:54:36+00:00","description":"Tietoa opintojen suunnittelusta Kaurialan lukiossa. Katso kurssikuvaukset ja suoritustava sek\u00e4 tietoa opiskeluajasta.","breadcrumb":{"@id":"https:\/\/www.kktavastia.fi\/lukiot-kauriala\/opetus-ja-ohjaus\/opintojen-suunnittelu\/#breadcrumb"},"inLanguage":"fi","potentialAction":[{"@type":"ReadAction","target":["https:\/\/www.kktavastia.fi\/lukiot-kauriala\/opetus-ja-ohjaus\/opintojen-suunnittelu\/"]}]},{"@type":"BreadcrumbList","@id":"https:\/\/www.kktavastia.fi\/lukiot-kauriala\/opetus-ja-ohjaus\/opintojen-suunnittelu\/#breadcrumb","itemListElement":[{"@type":"ListItem","position":1,"name":"Home","item":"https:\/\/www.kktavastia.fi\/lukiot-kauriala\/"},{"@type":"ListItem","position":2,"name":"Opetus ja ohjaus","item":"https:\/\/www.kktavastia.fi\/lukiot-kauriala\/opetus-ja-ohjaus\/"},{"@type":"ListItem","position":3,"name":"Opintojen suunnittelu"}]},{"@type":"WebSite","@id":"https:\/\/www.kktavastia.fi\/lukiot-kauriala\/#website","url":"https:\/\/www.kktavastia.fi\/lukiot-kauriala\/","name":"Kaurialan lukio","description":"","potentialAction":[{"@type":"SearchAction","target":{"@type":"EntryPoint","urlTemplate":"https:\/\/www.kktavastia.fi\/lukiot-kauriala\/?s={search_term_string}"},"query-input":{"@type":"PropertyValueSpecification","valueRequired":true,"valueName":"search_term_string"}}],"inLanguage":"fi"}]}},"_links":{"self":[{"href":"https:\/\/www.kktavastia.fi\/lukiot-kauriala\/wp-json\/wp\/v2\/pages\/96","targetHints":{"allow":["GET"]}}],"collection":[{"href":"https:\/\/www.kktavastia.fi\/lukiot-kauriala\/wp-json\/wp\/v2\/pages"}],"about":[{"href":"https:\/\/www.kktavastia.fi\/lukiot-kauriala\/wp-json\/wp\/v2\/types\/page"}],"author":[{"embeddable":true,"href":"https:\/\/www.kktavastia.fi\/lukiot-kauriala\/wp-json\/wp\/v2\/users\/6"}],"replies":[{"embeddable":true,"href":"https:\/\/www.kktavastia.fi\/lukiot-kauriala\/wp-json\/wp\/v2\/comments?post=96"}],"version-history":[{"count":24,"href":"https:\/\/www.kktavastia.fi\/lukiot-kauriala\/wp-json\/wp\/v2\/pages\/96\/revisions"}],"predecessor-version":[{"id":4993,"href":"https:\/\/www.kktavastia.fi\/lukiot-kauriala\/wp-json\/wp\/v2\/pages\/96\/revisions\/4993"}],"up":[{"embeddable":true,"href":"https:\/\/www.kktavastia.fi\/lukiot-kauriala\/wp-json\/wp\/v2\/pages\/13"}],"wp:attachment":[{"href":"https:\/\/www.kktavastia.fi\/lukiot-kauriala\/wp-json\/wp\/v2\/media?parent=96"}],"curies":[{"name":"wp","href":"https:\/\/api.w.org\/{rel}","templated":true}]}}