{"id":82,"date":"2020-12-29T13:29:13","date_gmt":"2020-12-29T11:29:13","guid":{"rendered":"https:\/\/kktavastia.vaiheessa.fi\/lukiot-kauriala\/?page_id=82"},"modified":"2024-11-04T08:53:33","modified_gmt":"2024-11-04T06:53:33","slug":"kansainvalisyys","status":"publish","type":"page","link":"https:\/\/www.kktavastia.fi\/lukiot-kauriala\/opiskelijalle\/kansainvalisyys\/","title":{"rendered":"Kansainv\u00e4lisyys"},"content":{"rendered":"\n<p class=\"is-style-ingress\">Kaurialan lukion kansainv\u00e4lisyyskasvatus pohjautuu Opetushallituksen m\u00e4\u00e4ritt\u00e4miin kansainv\u00e4lisyyden tasoihin. Vuosittain pyrit\u00e4\u00e4n toteuttamaan kansainv\u00e4lisi\u00e4 opiskelijavierailuja, joiden toteutuminen riippuu saadusta rahoituksesta. Koulun j\u00e4rjest\u00e4mist\u00e4 vaihto-ohjelmista informoidaan lukuvuoden aikana ryhm\u00e4nohjauksissa ja erillisiss\u00e4 informaatioissa.<\/p>\n\n\n\n<p>Kansainv\u00e4lisyytt\u00e4 tukee Kaurialan lukion&nbsp;kielitarjonta. A-kielen\u00e4 koulussamme voi englannin lis\u00e4ksi opiskella ruotsia,&nbsp;ranskaa, saksaa ja ven\u00e4j\u00e4\u00e4. B3-kielist\u00e4 (eli lukiosta alkava oppim\u00e4\u00e4r\u00e4) tarjolla ovat ranska, saksa, espanja ja ven\u00e4j\u00e4.<\/p>\n\n\n\n<h3 class=\"wp-block-heading\">Kansainv\u00e4lisyys asenteina, uskalluksena, ymm\u00e4rryksen\u00e4<\/h3>\n\n\n\n<p>Kansainv\u00e4lisyyskasvatus Kaurialan lukiossa n\u00e4kyy opiskelijoiden my\u00f6nteisen\u00e4 asenteina vieraita kulttuureja ja kansalaisia kohtaan, uskalluksena kohdata erilaisia ihmisi\u00e4 ja kommunikoida heid\u00e4n kanssaan vieraalla kielell\u00e4 sek\u00e4 ymm\u00e4rryksen\u00e4 ja kiinnostuksena niin oman kuin vieraan maan kulttuuriin ja taiteeseen. Nyky-yhteiskuntamme on entist\u00e4 monikultturisempi.<\/p>\n\n\n\n<p>Perheesi voi my\u00f6s tarjoutua ulkomaiselle vaihto-opiskelijalle <a href=\"http:\/\/yfu.fi\/isantaperheeksi\/\">is\u00e4nt\u00e4perheeksi<\/a>.<\/p>\n\n\n\n<h3 class=\"wp-block-heading\">Kotikansainv\u00e4lisyys<\/h3>\n\n\n\n<p>Kotikansainv\u00e4lisyys lukiossamme toteutuu kansainv\u00e4lisyyskerhon, vaihto-opiskelijoiden ja -opettajien, vierailijoiden ja esimerkiksi eTwinningin avulla ulkomaisten kumppanuuskoulujen kanssa. Kansainv\u00e4lisyyskerho j\u00e4rjest\u00e4\u00e4 vuosittain kansainv\u00e4lisyysviikon ja kumppanuuskoulujen vierailujen yhteydess\u00e4 iltaohjelmaa nuorille. Vaihto-opiskelijamme ja -opettajamme ottavat osaa kv. kerhojen viikkokokouksiin.<\/p>\n\n\n\n<p>Kielten opiskelijat k\u00e4yv\u00e4t opettajan johdolla pit\u00e4m\u00e4ss\u00e4 ns. kielisuihkuja Seminaarin koululla. Kaurialan yl\u00e4koululle tarjoamme englannin keskustelukerhoa, jota ohjaavat koulumme opiskelijat, vaihto-opiskelijat Comenius-apulaisopettajan ja toisen opettajan johdolla.<\/p>\n\n\n\n<h3 class=\"wp-block-heading\">Kansallinen ja seudullinen kansainv\u00e4lisyys<\/h3>\n\n\n\n<p>T\u00e4rke\u00e4 osa kansallista kansainv\u00e4lisyytt\u00e4 on yst\u00e4vyystoiminta Eken\u00e4s Gymnasiumin kanssa. Seudullista yhteisty\u00f6t\u00e4 on tehty mm. CERN-projektin yhteydess\u00e4, jossa Kaurialan lukio toimii seudullisena koordinaattorikouluna.<\/p>\n\n\n\n<h3 class=\"wp-block-heading\">Kansainv\u00e4linen liikkuvuus<\/h3>\n\n\n\n<p>Lukiomme kansainv\u00e4liset projektit ovat kansainv\u00e4lisyyskasvatuksemme \u201ckeih\u00e4\u00e4nk\u00e4rjet\u201d. Vuosittain tarjoamme useita ulkomaille suuntautuvaa projektia. Kaikkiin projekteihin kuuluu opiskelijan omavastuuosuus, joka sitouttaa projektity\u00f6h\u00f6n. Kumppanuuskoulujen projekteissa on kahdensuuntainen vaihto; majoitumme perheisiin ja vastavierailun aikana lukiolaisten perheet majoittavat ulkomaisia vieraita. Lis\u00e4ksi j\u00e4rjest\u00e4mme kansainv\u00e4lisi\u00e4 projekteja, jossa vieraillaan ulkomaisessa suurkaupungissa tutustuen paikalliseen historiaan, kieleen ja kulttuuriin.<\/p>\n\n\n\n<div class=\"padlet-embed\" style=\"border:1px solid rgba(0,0,0,0.1);border-radius:2px;box-sizing:border-box;overflow:hidden;position:relative;width:100%;background:#F4F4F4\"><p style=\"padding:0;margin:0\"><iframe src=\"https:\/\/kktavastia.padlet.org\/embed\/wo1bxm6cnawk6c93\" frameborder=\"0\" allow=\"camera;microphone;geolocation\" style=\"width:100%;height:608px;display:block;padding:0;margin:0\"><\/iframe><\/p><div style=\"display:flex;align-items:center;justify-content:end;margin:0;height:28px\"><a href=\"https:\/\/padlet.com?ref=embed\" style=\"display:block;flex-grow:0;margin:0;border:none;padding:0;text-decoration:none\" target=\"_blank\" rel=\"noopener\"><div style=\"display:flex;align-items:center;\"><img loading=\"lazy\" decoding=\"async\" src=\"https:\/\/padlet.net\/embeds\/made_with_padlet_2022.png\" width=\"114\" height=\"28\" style=\"padding:0;margin:0;background:0 0;border:none;box-shadow:none\" alt=\"Tehty Padletilla\"><\/div><\/a><\/div><\/div>\n\n\n\n<div style=\"height:36px\" aria-hidden=\"true\" class=\"wp-block-spacer\"><\/div>\n\n\n<div class=\"wp-block-image\">\n<figure class=\"alignleft size-large is-resized\"><img loading=\"lazy\" decoding=\"async\" width=\"1024\" height=\"456\" src=\"https:\/\/www.kktavastia.fi\/media\/sites\/6\/erasmus_plus_akkreditoitu-organisaatio_logo_vaaleansininen_fi-1024x456.jpg\" alt=\"\" class=\"wp-image-3951\" style=\"width:157px;height:auto\" srcset=\"https:\/\/www.kktavastia.fi\/media\/sites\/6\/erasmus_plus_akkreditoitu-organisaatio_logo_vaaleansininen_fi-1024x456.jpg 1024w, https:\/\/www.kktavastia.fi\/media\/sites\/6\/erasmus_plus_akkreditoitu-organisaatio_logo_vaaleansininen_fi-300x134.jpg 300w, https:\/\/www.kktavastia.fi\/media\/sites\/6\/erasmus_plus_akkreditoitu-organisaatio_logo_vaaleansininen_fi-768x342.jpg 768w, https:\/\/www.kktavastia.fi\/media\/sites\/6\/erasmus_plus_akkreditoitu-organisaatio_logo_vaaleansininen_fi-1536x684.jpg 1536w, https:\/\/www.kktavastia.fi\/media\/sites\/6\/erasmus_plus_akkreditoitu-organisaatio_logo_vaaleansininen_fi-460x205.jpg 460w, https:\/\/www.kktavastia.fi\/media\/sites\/6\/erasmus_plus_akkreditoitu-organisaatio_logo_vaaleansininen_fi-20x9.jpg 20w, https:\/\/www.kktavastia.fi\/media\/sites\/6\/erasmus_plus_akkreditoitu-organisaatio_logo_vaaleansininen_fi.jpg 1986w\" sizes=\"auto, (max-width: 1024px) 100vw, 1024px\" \/><\/figure>\n<\/div>","protected":false},"excerpt":{"rendered":"<p>Kaurialan lukion kansainv\u00e4lisyyskasvatus pohjautuu Opetushallituksen m\u00e4\u00e4ritt\u00e4miin kansainv\u00e4lisyyden tasoihin. Vuosittain pyrit\u00e4\u00e4n toteuttamaan kansainv\u00e4lisi\u00e4 opiskelijavierailuja, joiden toteutuminen riippuu saadusta rahoituksesta. Koulun j\u00e4rjest\u00e4mist\u00e4 [&hellip;]<\/p>\n","protected":false},"author":6,"featured_media":0,"parent":8,"menu_order":0,"comment_status":"closed","ping_status":"closed","template":"","meta":{"_acf_changed":false,"_relevanssi_hide_post":"","_relevanssi_hide_content":"","_relevanssi_pin_for_all":"","_relevanssi_pin_keywords":"","_relevanssi_unpin_keywords":"","_relevanssi_related_keywords":"","_relevanssi_related_include_ids":"","_relevanssi_related_exclude_ids":"","_relevanssi_related_no_append":"","_relevanssi_related_not_related":"","_relevanssi_related_posts":"4","_relevanssi_noindex_reason":"","footnotes":""},"class_list":["post-82","page","type-page","status-publish","hentry"],"acf":[],"yoast_head":"<title>Kansainv\u00e4lisyys Kaurialan lukiossa<\/title>\n<meta name=\"description\" content=\"Kansainv\u00e4lisyys Kaurialan lukiossa tarkoittaa kansainv\u00e4lisi\u00e4 yhteisty\u00f6projekteja, vierailuja sek\u00e4 vaihto-oppilastoimintaa. Lue lis\u00e4\u00e4!\" \/>\n<meta name=\"robots\" content=\"index, follow, max-snippet:-1, max-image-preview:large, max-video-preview:-1\" \/>\n<link rel=\"canonical\" href=\"https:\/\/www.kktavastia.fi\/lukiot-kauriala\/opiskelijalle\/kansainvalisyys\/\" \/>\n<meta property=\"og:locale\" content=\"fi_FI\" \/>\n<meta property=\"og:type\" content=\"article\" \/>\n<meta property=\"og:title\" content=\"Kansainv\u00e4lisyys Kaurialan lukiossa\" \/>\n<meta property=\"og:description\" content=\"Kansainv\u00e4lisyys Kaurialan lukiossa tarkoittaa kansainv\u00e4lisi\u00e4 yhteisty\u00f6projekteja, vierailuja sek\u00e4 vaihto-oppilastoimintaa. Lue lis\u00e4\u00e4!\" \/>\n<meta property=\"og:url\" content=\"https:\/\/www.kktavastia.fi\/lukiot-kauriala\/opiskelijalle\/kansainvalisyys\/\" \/>\n<meta property=\"og:site_name\" content=\"Kaurialan lukio\" \/>\n<meta property=\"article:modified_time\" content=\"2024-11-04T06:53:33+00:00\" \/>\n<meta property=\"og:image\" content=\"https:\/\/padlet.net\/embeds\/made_with_padlet_2022.png\" \/>\n<meta name=\"twitter:card\" content=\"summary_large_image\" \/>\n<script type=\"application\/ld+json\" class=\"yoast-schema-graph\">{\"@context\":\"https:\/\/schema.org\",\"@graph\":[{\"@type\":\"WebPage\",\"@id\":\"https:\/\/www.kktavastia.fi\/lukiot-kauriala\/opiskelijalle\/kansainvalisyys\/\",\"url\":\"https:\/\/www.kktavastia.fi\/lukiot-kauriala\/opiskelijalle\/kansainvalisyys\/\",\"name\":\"Kansainv\u00e4lisyys Kaurialan lukiossa\",\"isPartOf\":{\"@id\":\"https:\/\/www.kktavastia.fi\/lukiot-kauriala\/#website\"},\"primaryImageOfPage\":{\"@id\":\"https:\/\/www.kktavastia.fi\/lukiot-kauriala\/opiskelijalle\/kansainvalisyys\/#primaryimage\"},\"image\":{\"@id\":\"https:\/\/www.kktavastia.fi\/lukiot-kauriala\/opiskelijalle\/kansainvalisyys\/#primaryimage\"},\"thumbnailUrl\":\"https:\/\/padlet.net\/embeds\/made_with_padlet_2022.png\",\"datePublished\":\"2020-12-29T11:29:13+00:00\",\"dateModified\":\"2024-11-04T06:53:33+00:00\",\"description\":\"Kansainv\u00e4lisyys Kaurialan lukiossa tarkoittaa kansainv\u00e4lisi\u00e4 yhteisty\u00f6projekteja, vierailuja sek\u00e4 vaihto-oppilastoimintaa. Lue lis\u00e4\u00e4!\",\"breadcrumb\":{\"@id\":\"https:\/\/www.kktavastia.fi\/lukiot-kauriala\/opiskelijalle\/kansainvalisyys\/#breadcrumb\"},\"inLanguage\":\"fi\",\"potentialAction\":[{\"@type\":\"ReadAction\",\"target\":[\"https:\/\/www.kktavastia.fi\/lukiot-kauriala\/opiskelijalle\/kansainvalisyys\/\"]}]},{\"@type\":\"ImageObject\",\"inLanguage\":\"fi\",\"@id\":\"https:\/\/www.kktavastia.fi\/lukiot-kauriala\/opiskelijalle\/kansainvalisyys\/#primaryimage\",\"url\":\"https:\/\/padlet.net\/embeds\/made_with_padlet_2022.png\",\"contentUrl\":\"https:\/\/padlet.net\/embeds\/made_with_padlet_2022.png\"},{\"@type\":\"BreadcrumbList\",\"@id\":\"https:\/\/www.kktavastia.fi\/lukiot-kauriala\/opiskelijalle\/kansainvalisyys\/#breadcrumb\",\"itemListElement\":[{\"@type\":\"ListItem\",\"position\":1,\"name\":\"Home\",\"item\":\"https:\/\/www.kktavastia.fi\/lukiot-kauriala\/\"},{\"@type\":\"ListItem\",\"position\":2,\"name\":\"Opiskelijalle\",\"item\":\"https:\/\/www.kktavastia.fi\/lukiot-kauriala\/opiskelijalle\/\"},{\"@type\":\"ListItem\",\"position\":3,\"name\":\"Kansainv\u00e4lisyys\"}]},{\"@type\":\"WebSite\",\"@id\":\"https:\/\/www.kktavastia.fi\/lukiot-kauriala\/#website\",\"url\":\"https:\/\/www.kktavastia.fi\/lukiot-kauriala\/\",\"name\":\"Kaurialan lukio\",\"description\":\"\",\"potentialAction\":[{\"@type\":\"SearchAction\",\"target\":{\"@type\":\"EntryPoint\",\"urlTemplate\":\"https:\/\/www.kktavastia.fi\/lukiot-kauriala\/?s={search_term_string}\"},\"query-input\":{\"@type\":\"PropertyValueSpecification\",\"valueRequired\":true,\"valueName\":\"search_term_string\"}}],\"inLanguage\":\"fi\"}]}<\/script>","yoast_head_json":{"title":"Kansainv\u00e4lisyys Kaurialan lukiossa","description":"Kansainv\u00e4lisyys Kaurialan lukiossa tarkoittaa kansainv\u00e4lisi\u00e4 yhteisty\u00f6projekteja, vierailuja sek\u00e4 vaihto-oppilastoimintaa. Lue lis\u00e4\u00e4!","robots":{"index":"index","follow":"follow","max-snippet":"max-snippet:-1","max-image-preview":"max-image-preview:large","max-video-preview":"max-video-preview:-1"},"canonical":"https:\/\/www.kktavastia.fi\/lukiot-kauriala\/opiskelijalle\/kansainvalisyys\/","og_locale":"fi_FI","og_type":"article","og_title":"Kansainv\u00e4lisyys Kaurialan lukiossa","og_description":"Kansainv\u00e4lisyys Kaurialan lukiossa tarkoittaa kansainv\u00e4lisi\u00e4 yhteisty\u00f6projekteja, vierailuja sek\u00e4 vaihto-oppilastoimintaa. Lue lis\u00e4\u00e4!","og_url":"https:\/\/www.kktavastia.fi\/lukiot-kauriala\/opiskelijalle\/kansainvalisyys\/","og_site_name":"Kaurialan lukio","article_modified_time":"2024-11-04T06:53:33+00:00","og_image":[{"url":"https:\/\/padlet.net\/embeds\/made_with_padlet_2022.png","type":"","width":"","height":""}],"twitter_card":"summary_large_image","schema":{"@context":"https:\/\/schema.org","@graph":[{"@type":"WebPage","@id":"https:\/\/www.kktavastia.fi\/lukiot-kauriala\/opiskelijalle\/kansainvalisyys\/","url":"https:\/\/www.kktavastia.fi\/lukiot-kauriala\/opiskelijalle\/kansainvalisyys\/","name":"Kansainv\u00e4lisyys Kaurialan lukiossa","isPartOf":{"@id":"https:\/\/www.kktavastia.fi\/lukiot-kauriala\/#website"},"primaryImageOfPage":{"@id":"https:\/\/www.kktavastia.fi\/lukiot-kauriala\/opiskelijalle\/kansainvalisyys\/#primaryimage"},"image":{"@id":"https:\/\/www.kktavastia.fi\/lukiot-kauriala\/opiskelijalle\/kansainvalisyys\/#primaryimage"},"thumbnailUrl":"https:\/\/padlet.net\/embeds\/made_with_padlet_2022.png","datePublished":"2020-12-29T11:29:13+00:00","dateModified":"2024-11-04T06:53:33+00:00","description":"Kansainv\u00e4lisyys Kaurialan lukiossa tarkoittaa kansainv\u00e4lisi\u00e4 yhteisty\u00f6projekteja, vierailuja sek\u00e4 vaihto-oppilastoimintaa. Lue lis\u00e4\u00e4!","breadcrumb":{"@id":"https:\/\/www.kktavastia.fi\/lukiot-kauriala\/opiskelijalle\/kansainvalisyys\/#breadcrumb"},"inLanguage":"fi","potentialAction":[{"@type":"ReadAction","target":["https:\/\/www.kktavastia.fi\/lukiot-kauriala\/opiskelijalle\/kansainvalisyys\/"]}]},{"@type":"ImageObject","inLanguage":"fi","@id":"https:\/\/www.kktavastia.fi\/lukiot-kauriala\/opiskelijalle\/kansainvalisyys\/#primaryimage","url":"https:\/\/padlet.net\/embeds\/made_with_padlet_2022.png","contentUrl":"https:\/\/padlet.net\/embeds\/made_with_padlet_2022.png"},{"@type":"BreadcrumbList","@id":"https:\/\/www.kktavastia.fi\/lukiot-kauriala\/opiskelijalle\/kansainvalisyys\/#breadcrumb","itemListElement":[{"@type":"ListItem","position":1,"name":"Home","item":"https:\/\/www.kktavastia.fi\/lukiot-kauriala\/"},{"@type":"ListItem","position":2,"name":"Opiskelijalle","item":"https:\/\/www.kktavastia.fi\/lukiot-kauriala\/opiskelijalle\/"},{"@type":"ListItem","position":3,"name":"Kansainv\u00e4lisyys"}]},{"@type":"WebSite","@id":"https:\/\/www.kktavastia.fi\/lukiot-kauriala\/#website","url":"https:\/\/www.kktavastia.fi\/lukiot-kauriala\/","name":"Kaurialan lukio","description":"","potentialAction":[{"@type":"SearchAction","target":{"@type":"EntryPoint","urlTemplate":"https:\/\/www.kktavastia.fi\/lukiot-kauriala\/?s={search_term_string}"},"query-input":{"@type":"PropertyValueSpecification","valueRequired":true,"valueName":"search_term_string"}}],"inLanguage":"fi"}]}},"_links":{"self":[{"href":"https:\/\/www.kktavastia.fi\/lukiot-kauriala\/wp-json\/wp\/v2\/pages\/82","targetHints":{"allow":["GET"]}}],"collection":[{"href":"https:\/\/www.kktavastia.fi\/lukiot-kauriala\/wp-json\/wp\/v2\/pages"}],"about":[{"href":"https:\/\/www.kktavastia.fi\/lukiot-kauriala\/wp-json\/wp\/v2\/types\/page"}],"author":[{"embeddable":true,"href":"https:\/\/www.kktavastia.fi\/lukiot-kauriala\/wp-json\/wp\/v2\/users\/6"}],"replies":[{"embeddable":true,"href":"https:\/\/www.kktavastia.fi\/lukiot-kauriala\/wp-json\/wp\/v2\/comments?post=82"}],"version-history":[{"count":11,"href":"https:\/\/www.kktavastia.fi\/lukiot-kauriala\/wp-json\/wp\/v2\/pages\/82\/revisions"}],"predecessor-version":[{"id":4556,"href":"https:\/\/www.kktavastia.fi\/lukiot-kauriala\/wp-json\/wp\/v2\/pages\/82\/revisions\/4556"}],"up":[{"embeddable":true,"href":"https:\/\/www.kktavastia.fi\/lukiot-kauriala\/wp-json\/wp\/v2\/pages\/8"}],"wp:attachment":[{"href":"https:\/\/www.kktavastia.fi\/lukiot-kauriala\/wp-json\/wp\/v2\/media?parent=82"}],"curies":[{"name":"wp","href":"https:\/\/api.w.org\/{rel}","templated":true}]}}