{"id":78,"date":"2020-12-29T13:28:32","date_gmt":"2020-12-29T11:28:32","guid":{"rendered":"https:\/\/kktavastia.vaiheessa.fi\/lukiot-kauriala\/?page_id=78"},"modified":"2025-09-25T11:03:40","modified_gmt":"2025-09-25T08:03:40","slug":"oppimisen-tuki-ja-erityisopetus","status":"publish","type":"page","link":"https:\/\/www.kktavastia.fi\/lukiot-kauriala\/opiskelijalle\/oppimisen-tuki-ja-erityisopetus\/","title":{"rendered":"Oppimisen tuki ja erityisopetus"},"content":{"rendered":"\n<p class=\"is-style-ingress\">T\u00e4\u00e4lt\u00e4 l\u00f6yd\u00e4t tietoa, jos tarvitset tukea opiskelussasi. Ota rohkeasti yhteytt\u00e4, jos silt\u00e4 tuntuu!<\/p>\n\n\n\n<h3 class=\"wp-block-heading\">Oppimisen tuki lukiossa<\/h3>\n\n\n\n<p>Lukiossa oppimisen tuki on kaikkien saatavilla, eik\u00e4 se edellyt\u00e4 esimerkiksi todettuja oppimisvaikeuksia tai diagnooseja. <\/p>\n\n\n\n<p>Lukion oppimisen tuen keinot ovat suppeampia kuin perusasteella &#8211; oppim\u00e4\u00e4r\u00e4\u00e4 ei esimerkiksi voi yksil\u00f6llist\u00e4\u00e4. <strong>Oppimisen tuen keskeinen muoto on aineenopettajan antama tuki <\/strong>(mm. tukiopetus ja eriytt\u00e4misen keinot silt\u00e4 osin kuin mahdollista opetussuunnitelman rajoissa). Lis\u00e4ksi lukiossamme on tukipajoja ja tukiopintojaksoja (matematiikka, kielet), joissa opiskelija vahvistaa perustaitojaan pienemm\u00e4ss\u00e4 opetusryhm\u00e4ss\u00e4. <\/p>\n\n\n\n<p>Opiskelijalla on aina oikeus pyyt\u00e4\u00e4 tukiopetusta, jos oppiaine on vaikea tai on perusteltu syy esimerkiksi poissaoloihin oppitunneilta. Esimerkiksi lomamatkat tai opiskelun tahallinen laiminly\u00f6nti eiv\u00e4t suoraan oikeuta tukiopetuksen saamiseen. <\/p>\n\n\n\n<p>Kaikille lukion aloittaville tehd\u00e4\u00e4n digilukiseula. Erityisopettaja kutsuu seulaan j\u00e4\u00e4neet\u00a0opiskelijat\u00a0keskusteluun mahdollisista jatkotoimenpiteist\u00e4. My\u00f6s huoltaja voi olla yhteydess\u00e4 tiedustellakseen seulan tuloksia tai jos ep\u00e4ilee nuorella lukivaikeutta.<\/p>\n\n\n\n<p>Opiskelijalla (alaik\u00e4isen osalta huoltajalla) on oikeus hakea p\u00e4\u00e4t\u00f6st\u00e4 erityisopetuksesta, jos tuen tarve on erityisen suurta ja tavanomaiset tukikeinot ovat osoittautuneet riitt\u00e4m\u00e4tt\u00f6miksi (ja opiskelija on aktiivisesti my\u00f6s k\u00e4ytt\u00e4nyt suunniteltuja keinoja).<\/p>\n\n\n\n<p>Lis\u00e4tietoja oppimisen tuen paikallisista ratkaisuista saat <a href=\"https:\/\/eperusteet.opintopolku.fi\/#\/fi\/opetussuunnitelma\/11422365\/lukiokoulutus\/tekstikappale\/32277686\" target=\"_blank\" rel=\"noreferrer noopener nofollow\">t\u00e4st\u00e4<\/a>. <br><\/p>\n\n\n\n<h3 class=\"wp-block-heading\">Erityisopettaja<\/h3>\n\n\n\n<p>Anna-Leena M\u00e4kinen<strong><br><\/strong>puh. 040 8682 114, anna-leena.makinen@kktavastia.fi, tavoitettavissa my\u00f6s Wilma-viestill\u00e4 <\/p>\n\n\n\n<p>Erityisopettaja palvelee lukiolaisia kaikissa oppimiseen sek\u00e4 lukemisen ja kirjoittamisen vaikeuksiin liittyviss\u00e4 asioissa. Yksil\u00f6lliseen lukitestiin kannattaa hakeutua, jos on syyt\u00e4 ep\u00e4ill\u00e4 lukivaikeutta. T\u00e4ll\u00f6in opiskelijan on mahdollista saada erityisopettajalta ja aineenopettajilta tukea mahdollisissa oppimisen ongelmissa. Lukivaikeus voidaan huomioida my\u00f6s lukio-opintojen aikana ja ylioppilaskirjoituksissa. Opiskelijan on mahdollista saada esimerkiksi lis\u00e4aikaa (2h) koetilanteissa. Muita mahdollisia erityisj\u00e4rjestelyj\u00e4 ovat mm. erillinen koetila ja oikeus suurentaa kirjasinkokoa.<\/p>\n\n\n\n<p>Jatko-opintosuunnittelussa arvioidaan my\u00f6s lukivaikeuden tai muun vastaavan seikan vaikutusta opiskelupaikan valintaan.<\/p>\n\n\n\n<div class=\"wp-block-buttons is-layout-flex wp-block-buttons-is-layout-flex\"><\/div>\n\n\n\n<h3 class=\"wp-block-heading\">Erityisopetus lukiossa<\/h3>\n\n\n\n<p>Lukiossa erityisopettaja ei ole laaja-alainen erityisopettaja, vaan ainekohtaisesta oppimisen tuesta vastaavat aineenopettajat. <\/p>\n\n\n\n<p>Erityisopettajan antama tuki voi olla esimerkiksi keskustelua tuen tarpeista ja opiskelua tukevista keinoista tai lukemisen ja kirjoittamisen vaikeuksien testaamista. Lis\u00e4ksi erityisopettaja voi yhdess\u00e4 opiskelijan kanssa etsi\u00e4 sopivia opiskelustrategioita sek\u00e4 antaa tukea ja ohjausta opiskelutaitojen kehitt\u00e4miseen, kokonaisuuksien j\u00e4sent\u00e4miseen, teht\u00e4vien aikatauluttamiseen ja valmiiksi saamiseen sek\u00e4 itsen\u00e4iseen ja tavoitteelliseen opiskeluun.<\/p>\n\n\n\n<p>Erityisopettaja my\u00f6s konsultoi aineenopettajia tuen toteuttamisessa. <\/p>\n","protected":false},"excerpt":{"rendered":"<p>T\u00e4\u00e4lt\u00e4 l\u00f6yd\u00e4t tietoa, jos tarvitset tukea opiskelussasi. Ota rohkeasti yhteytt\u00e4, jos silt\u00e4 tuntuu! Oppimisen tuki lukiossa Lukiossa oppimisen tuki on [&hellip;]<\/p>\n","protected":false},"author":6,"featured_media":0,"parent":8,"menu_order":0,"comment_status":"closed","ping_status":"closed","template":"","meta":{"_acf_changed":false,"_relevanssi_hide_post":"","_relevanssi_hide_content":"","_relevanssi_pin_for_all":"","_relevanssi_pin_keywords":"","_relevanssi_unpin_keywords":"","_relevanssi_related_keywords":"","_relevanssi_related_include_ids":"","_relevanssi_related_exclude_ids":"","_relevanssi_related_no_append":"","_relevanssi_related_not_related":"","_relevanssi_related_posts":"84,98,55,76,86,100","_relevanssi_noindex_reason":"","footnotes":""},"class_list":["post-78","page","type-page","status-publish","hentry"],"acf":[],"yoast_head":"<title>Kaurialan lukion opiskelun tuki | Erityisopettaja, koulukuraattori, terveys<\/title>\n<meta name=\"description\" content=\"Kaurialan lukion opiskelun tukipalvelut l\u00f6yd\u00e4t t\u00e4\u00e4lt\u00e4: erityisopettaja, koulukuraattori, terveydenhoito ja psykologi.\" \/>\n<meta name=\"robots\" content=\"index, follow, max-snippet:-1, max-image-preview:large, max-video-preview:-1\" \/>\n<link rel=\"canonical\" href=\"https:\/\/www.kktavastia.fi\/lukiot-kauriala\/opiskelijalle\/oppimisen-tuki-ja-erityisopetus\/\" \/>\n<meta property=\"og:locale\" content=\"fi_FI\" \/>\n<meta property=\"og:type\" content=\"article\" \/>\n<meta property=\"og:title\" content=\"Kaurialan lukion opiskelun tuki | Erityisopettaja, koulukuraattori, terveys\" \/>\n<meta property=\"og:description\" content=\"Kaurialan lukion opiskelun tukipalvelut l\u00f6yd\u00e4t t\u00e4\u00e4lt\u00e4: erityisopettaja, koulukuraattori, terveydenhoito ja psykologi.\" \/>\n<meta property=\"og:url\" content=\"https:\/\/www.kktavastia.fi\/lukiot-kauriala\/opiskelijalle\/oppimisen-tuki-ja-erityisopetus\/\" \/>\n<meta property=\"og:site_name\" content=\"Kaurialan lukio\" \/>\n<meta property=\"article:modified_time\" content=\"2025-09-25T08:03:40+00:00\" \/>\n<meta name=\"twitter:card\" content=\"summary_large_image\" \/>\n<script type=\"application\/ld+json\" class=\"yoast-schema-graph\">{\"@context\":\"https:\/\/schema.org\",\"@graph\":[{\"@type\":\"WebPage\",\"@id\":\"https:\/\/www.kktavastia.fi\/lukiot-kauriala\/opiskelijalle\/oppimisen-tuki-ja-erityisopetus\/\",\"url\":\"https:\/\/www.kktavastia.fi\/lukiot-kauriala\/opiskelijalle\/oppimisen-tuki-ja-erityisopetus\/\",\"name\":\"Kaurialan lukion opiskelun tuki | Erityisopettaja, koulukuraattori, terveys\",\"isPartOf\":{\"@id\":\"https:\/\/www.kktavastia.fi\/lukiot-kauriala\/#website\"},\"datePublished\":\"2020-12-29T11:28:32+00:00\",\"dateModified\":\"2025-09-25T08:03:40+00:00\",\"description\":\"Kaurialan lukion opiskelun tukipalvelut l\u00f6yd\u00e4t t\u00e4\u00e4lt\u00e4: erityisopettaja, koulukuraattori, terveydenhoito ja psykologi.\",\"breadcrumb\":{\"@id\":\"https:\/\/www.kktavastia.fi\/lukiot-kauriala\/opiskelijalle\/oppimisen-tuki-ja-erityisopetus\/#breadcrumb\"},\"inLanguage\":\"fi\",\"potentialAction\":[{\"@type\":\"ReadAction\",\"target\":[\"https:\/\/www.kktavastia.fi\/lukiot-kauriala\/opiskelijalle\/oppimisen-tuki-ja-erityisopetus\/\"]}]},{\"@type\":\"BreadcrumbList\",\"@id\":\"https:\/\/www.kktavastia.fi\/lukiot-kauriala\/opiskelijalle\/oppimisen-tuki-ja-erityisopetus\/#breadcrumb\",\"itemListElement\":[{\"@type\":\"ListItem\",\"position\":1,\"name\":\"Home\",\"item\":\"https:\/\/www.kktavastia.fi\/lukiot-kauriala\/\"},{\"@type\":\"ListItem\",\"position\":2,\"name\":\"Opiskelijalle\",\"item\":\"https:\/\/www.kktavastia.fi\/lukiot-kauriala\/opiskelijalle\/\"},{\"@type\":\"ListItem\",\"position\":3,\"name\":\"Oppimisen tuki ja erityisopetus\"}]},{\"@type\":\"WebSite\",\"@id\":\"https:\/\/www.kktavastia.fi\/lukiot-kauriala\/#website\",\"url\":\"https:\/\/www.kktavastia.fi\/lukiot-kauriala\/\",\"name\":\"Kaurialan lukio\",\"description\":\"\",\"potentialAction\":[{\"@type\":\"SearchAction\",\"target\":{\"@type\":\"EntryPoint\",\"urlTemplate\":\"https:\/\/www.kktavastia.fi\/lukiot-kauriala\/?s={search_term_string}\"},\"query-input\":{\"@type\":\"PropertyValueSpecification\",\"valueRequired\":true,\"valueName\":\"search_term_string\"}}],\"inLanguage\":\"fi\"}]}<\/script>","yoast_head_json":{"title":"Kaurialan lukion opiskelun tuki | Erityisopettaja, koulukuraattori, terveys","description":"Kaurialan lukion opiskelun tukipalvelut l\u00f6yd\u00e4t t\u00e4\u00e4lt\u00e4: erityisopettaja, koulukuraattori, terveydenhoito ja psykologi.","robots":{"index":"index","follow":"follow","max-snippet":"max-snippet:-1","max-image-preview":"max-image-preview:large","max-video-preview":"max-video-preview:-1"},"canonical":"https:\/\/www.kktavastia.fi\/lukiot-kauriala\/opiskelijalle\/oppimisen-tuki-ja-erityisopetus\/","og_locale":"fi_FI","og_type":"article","og_title":"Kaurialan lukion opiskelun tuki | Erityisopettaja, koulukuraattori, terveys","og_description":"Kaurialan lukion opiskelun tukipalvelut l\u00f6yd\u00e4t t\u00e4\u00e4lt\u00e4: erityisopettaja, koulukuraattori, terveydenhoito ja psykologi.","og_url":"https:\/\/www.kktavastia.fi\/lukiot-kauriala\/opiskelijalle\/oppimisen-tuki-ja-erityisopetus\/","og_site_name":"Kaurialan lukio","article_modified_time":"2025-09-25T08:03:40+00:00","twitter_card":"summary_large_image","schema":{"@context":"https:\/\/schema.org","@graph":[{"@type":"WebPage","@id":"https:\/\/www.kktavastia.fi\/lukiot-kauriala\/opiskelijalle\/oppimisen-tuki-ja-erityisopetus\/","url":"https:\/\/www.kktavastia.fi\/lukiot-kauriala\/opiskelijalle\/oppimisen-tuki-ja-erityisopetus\/","name":"Kaurialan lukion opiskelun tuki | Erityisopettaja, koulukuraattori, terveys","isPartOf":{"@id":"https:\/\/www.kktavastia.fi\/lukiot-kauriala\/#website"},"datePublished":"2020-12-29T11:28:32+00:00","dateModified":"2025-09-25T08:03:40+00:00","description":"Kaurialan lukion opiskelun tukipalvelut l\u00f6yd\u00e4t t\u00e4\u00e4lt\u00e4: erityisopettaja, koulukuraattori, terveydenhoito ja psykologi.","breadcrumb":{"@id":"https:\/\/www.kktavastia.fi\/lukiot-kauriala\/opiskelijalle\/oppimisen-tuki-ja-erityisopetus\/#breadcrumb"},"inLanguage":"fi","potentialAction":[{"@type":"ReadAction","target":["https:\/\/www.kktavastia.fi\/lukiot-kauriala\/opiskelijalle\/oppimisen-tuki-ja-erityisopetus\/"]}]},{"@type":"BreadcrumbList","@id":"https:\/\/www.kktavastia.fi\/lukiot-kauriala\/opiskelijalle\/oppimisen-tuki-ja-erityisopetus\/#breadcrumb","itemListElement":[{"@type":"ListItem","position":1,"name":"Home","item":"https:\/\/www.kktavastia.fi\/lukiot-kauriala\/"},{"@type":"ListItem","position":2,"name":"Opiskelijalle","item":"https:\/\/www.kktavastia.fi\/lukiot-kauriala\/opiskelijalle\/"},{"@type":"ListItem","position":3,"name":"Oppimisen tuki ja erityisopetus"}]},{"@type":"WebSite","@id":"https:\/\/www.kktavastia.fi\/lukiot-kauriala\/#website","url":"https:\/\/www.kktavastia.fi\/lukiot-kauriala\/","name":"Kaurialan lukio","description":"","potentialAction":[{"@type":"SearchAction","target":{"@type":"EntryPoint","urlTemplate":"https:\/\/www.kktavastia.fi\/lukiot-kauriala\/?s={search_term_string}"},"query-input":{"@type":"PropertyValueSpecification","valueRequired":true,"valueName":"search_term_string"}}],"inLanguage":"fi"}]}},"_links":{"self":[{"href":"https:\/\/www.kktavastia.fi\/lukiot-kauriala\/wp-json\/wp\/v2\/pages\/78","targetHints":{"allow":["GET"]}}],"collection":[{"href":"https:\/\/www.kktavastia.fi\/lukiot-kauriala\/wp-json\/wp\/v2\/pages"}],"about":[{"href":"https:\/\/www.kktavastia.fi\/lukiot-kauriala\/wp-json\/wp\/v2\/types\/page"}],"author":[{"embeddable":true,"href":"https:\/\/www.kktavastia.fi\/lukiot-kauriala\/wp-json\/wp\/v2\/users\/6"}],"replies":[{"embeddable":true,"href":"https:\/\/www.kktavastia.fi\/lukiot-kauriala\/wp-json\/wp\/v2\/comments?post=78"}],"version-history":[{"count":24,"href":"https:\/\/www.kktavastia.fi\/lukiot-kauriala\/wp-json\/wp\/v2\/pages\/78\/revisions"}],"predecessor-version":[{"id":4804,"href":"https:\/\/www.kktavastia.fi\/lukiot-kauriala\/wp-json\/wp\/v2\/pages\/78\/revisions\/4804"}],"up":[{"embeddable":true,"href":"https:\/\/www.kktavastia.fi\/lukiot-kauriala\/wp-json\/wp\/v2\/pages\/8"}],"wp:attachment":[{"href":"https:\/\/www.kktavastia.fi\/lukiot-kauriala\/wp-json\/wp\/v2\/media?parent=78"}],"curies":[{"name":"wp","href":"https:\/\/api.w.org\/{rel}","templated":true}]}}