{"id":74,"date":"2020-12-29T13:27:44","date_gmt":"2020-12-29T11:27:44","guid":{"rendered":"https:\/\/kktavastia.vaiheessa.fi\/lukiot-kauriala\/?page_id=74"},"modified":"2026-01-19T15:11:12","modified_gmt":"2026-01-19T13:11:12","slug":"tyo-ja-loma-ajat","status":"publish","type":"page","link":"https:\/\/www.kktavastia.fi\/lukiot-kauriala\/opiskelijalle\/tyo-ja-loma-ajat\/","title":{"rendered":"Ty\u00f6- ja loma-ajat"},"content":{"rendered":"\n<h3 class=\"wp-block-heading\">Lukuvuosi 2025 &#8211; 2026<\/h3>\n\n\n\n<h4 class=\"wp-block-heading\">Syyslukukausi ke 6.8.\u2013 pe 19.12.2025 <br>(mahdollisuuksien mukaan teemme pe 19.12. ty\u00f6p\u00e4iv\u00e4n to 18.12. iltatapahtumana)<\/h4>\n\n\n\n<ul class=\"wp-block-list\">\n<li>Syysloma vk 42 ma 13.\u2013su 19.10.2025<\/li>\n\n\n\n<li>Joululoma ma 22.12.2025\u2013 ti 6.1.2026<\/li>\n<\/ul>\n\n\n\n<h4 class=\"wp-block-heading\">Kev\u00e4tlukukausi ke 7.1.2025\u2013 la 30.5.2026<\/h4>\n\n\n\n<ul class=\"wp-block-list\">\n<li>Talviloma vk 9 ma 23.2.\u2013 su 1.3.2026<\/li>\n\n\n\n<li>P\u00e4\u00e4si\u00e4isloma pe 3. \u2013 ma 6.4.2026<\/li>\n\n\n\n<li>Vapunp\u00e4iv\u00e4 pe 1.5.2026<\/li>\n\n\n\n<li>Helatorstai 14.5.2026<\/li>\n<\/ul>\n\n\n\n<p><strong>Lukuvuoden 2025\u20132026 jaksot ja jaksojen p\u00e4\u00e4tt\u00f6viikot <\/strong><\/p>\n\n\n\n<figure class=\"wp-block-table\"><table><tbody><tr><td>Lukuvuosijakso 1<\/td><td>ke 6.8. &#8211; pe 26.9.<\/td><td>jakson p\u00e4\u00e4tt\u00f6viikko<\/td><td>pe 19.9. &#8211; pe 26.9.<\/td><\/tr><tr><td>Lukuvuosijakso 2<\/td><td>ma 29.9. &#8211; ma 24.11.<\/td><td>jakson p\u00e4\u00e4tt\u00f6viikko<\/td><td>ma 17.11. &#8211; ma 24.11.<\/td><\/tr><tr><td>Lukuvuosijakso 3<\/td><td>ti 25.11. &#8211; pe 30.1.<\/td><td>jakson p\u00e4\u00e4tt\u00f6viikko<\/td><td>pe 23.1. &#8211; pe 30.1.<\/td><\/tr><tr><td>Lukuvuosijakso 4<\/td><td>ma 2.2. &#8211; ti 31.3.<\/td><td>jakson p\u00e4\u00e4tt\u00f6viikko<\/td><td>ti 24.3. &#8211; ti 31.3.<\/td><\/tr><tr><td>Lukuvuosijakso 5<\/td><td>ke 1.4. &#8211; la 30.5.<\/td><td>jakson p\u00e4\u00e4tt\u00f6viikko<\/td><td>to 21.5. &#8211; to 28.5.<\/td><\/tr><\/tbody><\/table><\/figure>\n\n\n\n<h4 class=\"wp-block-heading\">Tuntikiertokaavio 1.8.2025 alkaen<\/h4>\n\n\n\n<figure class=\"wp-block-table\"><table><tbody><tr><td><\/td><td><strong>MA<\/strong><\/td><td><strong>TI<\/strong><\/td><td><strong>KE<\/strong><\/td><td><strong>TO<\/strong><\/td><td><strong>PE<\/strong><\/td><\/tr><tr><td>8.10\u20139.25<\/td><td>1<\/td><td>7<\/td><td>(8)<\/td><td>2<\/td><td>7<\/td><\/tr><tr><td>&nbsp;9.35\u201310.55<\/td><td>4<\/td><td>2<\/td><td>1<\/td><td>4<\/td><td>6<\/td><\/tr><tr><td>&nbsp;11.05\u201312.20\/<br>11.20\u201312.35<\/td><td>2<\/td><td>4<\/td><td>3<\/td><td>1<\/td><td>5<\/td><\/tr><tr><td>13.15\u201314.30<\/td><td>5<\/td><td>3<\/td><td>5<\/td><td>6<\/td><td>3<\/td><\/tr><tr><td>14.45\u201316.00<br>14.50 &#8211; 16.05 (ma)<\/td><td>8\/8A<\/td><td>6<\/td><td>7<\/td><td>8\/8B<\/td><td>(8)<\/td><\/tr><\/tbody><\/table><\/figure>\n\n\n\n<p>Ruokailemme 5-6 vuorossa lukuvuosijaksojen 1-3 aikana ja viidess\u00e4 vuorossa jaksojen 4-5 aikana.<\/p>\n\n\n\n<h3 class=\"wp-block-heading\">Lukuvuosi 2026 \u2013 2027<\/h3>\n\n\n\n<h4 class=\"wp-block-heading\">Syyslukukausi ke 12.8.\u2013 ti 22.12.2026<br>(mahdollisuuksien mukaan teemme ti 22.12. ty\u00f6p\u00e4iv\u00e4n ma 21.12. iltatapahtumana)<\/h4>\n\n\n\n<ul class=\"wp-block-list\">\n<li>Syysloma vk 42 ma 12.\u2013su 18.10.2026<\/li>\n\n\n\n<li>Joululoma ke 23.12.2026\u2013 ke 6.1.2027<\/li>\n<\/ul>\n\n\n\n<h4 class=\"wp-block-heading\">Kev\u00e4tlukukausi to 7.1.2026\u2013 la 5.6.2027<\/h4>\n\n\n\n<ul class=\"wp-block-list\">\n<li>Talviloma vk 9 ma 1.3. \u2013 su 7.3.2027<\/li>\n\n\n\n<li>P\u00e4\u00e4si\u00e4isloma pe 26.3. \u2013 ma 29.3.2027<\/li>\n\n\n\n<li>Helatorstai 6.5.2027<\/li>\n\n\n\n<li>Helatorstain j\u00e4lkeinen pe 7.5. vapaa<\/li>\n<\/ul>\n\n\n\n<p><strong>Lukuvuoden 2026\u20132027 jaksot ja p\u00e4\u00e4tt\u00f6viikot<\/strong><\/p>\n\n\n\n<figure class=\"wp-block-table\"><table><tbody><tr><td>Lukuvuosijakso 1<\/td><td>ke 12.8. &#8211; pe 2.10.<\/td><td>jakson p\u00e4\u00e4tt\u00f6viikko<\/td><td>pe 25.9. &#8211; pe 2.10.<\/td><\/tr><tr><td>Lukuvuosijakso 2<\/td><td>ma 5.10. &#8211; ma 30.11.<\/td><td>jakson p\u00e4\u00e4tt\u00f6viikko<\/td><td>ma 23.11. &#8211; ma 30.11.<\/td><\/tr><tr><td>Lukuvuosijakso 3<\/td><td>ti 1.12. &#8211; pe 5.2.<\/td><td>jakson p\u00e4\u00e4tt\u00f6viikko<\/td><td>pe 29.1. &#8211; pe 5.2.<\/td><\/tr><tr><td>Lukuvuosijakso 4<\/td><td>ma 8.2. &#8211; to 8.4.<\/td><td>jakson p\u00e4\u00e4tt\u00f6viikko<\/td><td>to 1.4. &#8211; to 8.4.<\/td><\/tr><tr><td>Lukuvuosijakso 5<\/td><td>pe 9.4. &#8211; la 5.6.<\/td><td>jakson p\u00e4\u00e4tt\u00f6viikko<\/td><td>to 27.5. &#8211; to 3.6.<\/td><\/tr><\/tbody><\/table><\/figure>\n\n\n\n<p><\/p>\n\n\n\n<h3 class=\"wp-block-heading\">Lukuvuosi 2027 \u2013 2028<\/h3>\n\n\n\n<h4 class=\"wp-block-heading\">Syyslukukausi ke 11.8.\u2013 ke 22.12.2027<br>(mahdollisuuksien mukaan teemme ke 22.12. ty\u00f6p\u00e4iv\u00e4n ti 21.12. iltatapahtumana)<\/h4>\n\n\n\n<ul class=\"wp-block-list\">\n<li>Syysloma vk 42 ma 18.\u2013su 24.10.2027<\/li>\n\n\n\n<li>Joululoma to 23.12.2027\u2013 su 9.1.2028<\/li>\n<\/ul>\n\n\n\n<h4 class=\"wp-block-heading\">Kev\u00e4tlukukausi ma 10.1.2028\u2013 la 3.6.2028<\/h4>\n\n\n\n<ul class=\"wp-block-list\">\n<li>Talviloma vk 9 ma 28.2. \u2013 su 5.3.2028<\/li>\n\n\n\n<li>P\u00e4\u00e4si\u00e4isloma pe 14.4. \u2013 ma 17.4.2027<\/li>\n\n\n\n<li>Vapunp\u00e4iv\u00e4 ma 1.5.2028<\/li>\n\n\n\n<li>Helatorstai 25.5.2028<\/li>\n<\/ul>\n\n\n\n<p><\/p>\n","protected":false},"excerpt":{"rendered":"<p>Lukuvuosi 2025 &#8211; 2026 Syyslukukausi ke 6.8.\u2013 pe 19.12.2025 (mahdollisuuksien mukaan teemme pe 19.12. ty\u00f6p\u00e4iv\u00e4n to 18.12. iltatapahtumana) Kev\u00e4tlukukausi ke [&hellip;]<\/p>\n","protected":false},"author":6,"featured_media":0,"parent":8,"menu_order":0,"comment_status":"closed","ping_status":"closed","template":"","meta":{"_acf_changed":false,"_relevanssi_hide_post":"","_relevanssi_hide_content":"","_relevanssi_pin_for_all":"","_relevanssi_pin_keywords":"","_relevanssi_unpin_keywords":"","_relevanssi_related_keywords":"","_relevanssi_related_include_ids":"","_relevanssi_related_exclude_ids":"","_relevanssi_related_no_append":"","_relevanssi_related_not_related":"","_relevanssi_related_posts":"8,102,244,4,82,248","_relevanssi_noindex_reason":"","footnotes":""},"class_list":["post-74","page","type-page","status-publish","hentry"],"acf":[],"yoast_head":"<title>Kaurialan lukion ty\u00f6- ja loma-ajat | Kaurialan lukion jaksot ja lukuvuosi<\/title>\n<meta name=\"description\" content=\"Kaurialan lukion ty\u00f6- ja loma-ajat l\u00f6yd\u00e4t t\u00e4\u00e4lt\u00e4. Katso jaksot ja p\u00e4\u00e4tt\u00f6viikot sek\u00e4 lukukauden alkamis- ja p\u00e4\u00e4ttymisp\u00e4iv\u00e4t.\" \/>\n<meta name=\"robots\" content=\"index, follow, max-snippet:-1, max-image-preview:large, max-video-preview:-1\" \/>\n<link rel=\"canonical\" href=\"https:\/\/www.kktavastia.fi\/lukiot-kauriala\/opiskelijalle\/tyo-ja-loma-ajat\/\" \/>\n<meta property=\"og:locale\" content=\"fi_FI\" \/>\n<meta property=\"og:type\" content=\"article\" \/>\n<meta property=\"og:title\" content=\"Kaurialan lukion ty\u00f6- ja loma-ajat | Kaurialan lukion jaksot ja lukuvuosi\" \/>\n<meta property=\"og:description\" content=\"Kaurialan lukion ty\u00f6- ja loma-ajat l\u00f6yd\u00e4t t\u00e4\u00e4lt\u00e4. Katso jaksot ja p\u00e4\u00e4tt\u00f6viikot sek\u00e4 lukukauden alkamis- ja p\u00e4\u00e4ttymisp\u00e4iv\u00e4t.\" \/>\n<meta property=\"og:url\" content=\"https:\/\/www.kktavastia.fi\/lukiot-kauriala\/opiskelijalle\/tyo-ja-loma-ajat\/\" \/>\n<meta property=\"og:site_name\" content=\"Kaurialan lukio\" \/>\n<meta property=\"article:modified_time\" content=\"2026-01-19T13:11:12+00:00\" \/>\n<meta name=\"twitter:card\" content=\"summary_large_image\" \/>\n<script type=\"application\/ld+json\" class=\"yoast-schema-graph\">{\"@context\":\"https:\\\/\\\/schema.org\",\"@graph\":[{\"@type\":\"WebPage\",\"@id\":\"https:\\\/\\\/www.kktavastia.fi\\\/lukiot-kauriala\\\/opiskelijalle\\\/tyo-ja-loma-ajat\\\/\",\"url\":\"https:\\\/\\\/www.kktavastia.fi\\\/lukiot-kauriala\\\/opiskelijalle\\\/tyo-ja-loma-ajat\\\/\",\"name\":\"Kaurialan lukion ty\u00f6- ja loma-ajat | Kaurialan lukion jaksot ja lukuvuosi\",\"isPartOf\":{\"@id\":\"https:\\\/\\\/www.kktavastia.fi\\\/lukiot-kauriala\\\/#website\"},\"datePublished\":\"2020-12-29T11:27:44+00:00\",\"dateModified\":\"2026-01-19T13:11:12+00:00\",\"description\":\"Kaurialan lukion ty\u00f6- ja loma-ajat l\u00f6yd\u00e4t t\u00e4\u00e4lt\u00e4. Katso jaksot ja p\u00e4\u00e4tt\u00f6viikot sek\u00e4 lukukauden alkamis- ja p\u00e4\u00e4ttymisp\u00e4iv\u00e4t.\",\"breadcrumb\":{\"@id\":\"https:\\\/\\\/www.kktavastia.fi\\\/lukiot-kauriala\\\/opiskelijalle\\\/tyo-ja-loma-ajat\\\/#breadcrumb\"},\"inLanguage\":\"fi\",\"potentialAction\":[{\"@type\":\"ReadAction\",\"target\":[\"https:\\\/\\\/www.kktavastia.fi\\\/lukiot-kauriala\\\/opiskelijalle\\\/tyo-ja-loma-ajat\\\/\"]}]},{\"@type\":\"BreadcrumbList\",\"@id\":\"https:\\\/\\\/www.kktavastia.fi\\\/lukiot-kauriala\\\/opiskelijalle\\\/tyo-ja-loma-ajat\\\/#breadcrumb\",\"itemListElement\":[{\"@type\":\"ListItem\",\"position\":1,\"name\":\"Home\",\"item\":\"https:\\\/\\\/www.kktavastia.fi\\\/lukiot-kauriala\\\/\"},{\"@type\":\"ListItem\",\"position\":2,\"name\":\"Opiskelijalle\",\"item\":\"https:\\\/\\\/www.kktavastia.fi\\\/lukiot-kauriala\\\/opiskelijalle\\\/\"},{\"@type\":\"ListItem\",\"position\":3,\"name\":\"Ty\u00f6- ja loma-ajat\"}]},{\"@type\":\"WebSite\",\"@id\":\"https:\\\/\\\/www.kktavastia.fi\\\/lukiot-kauriala\\\/#website\",\"url\":\"https:\\\/\\\/www.kktavastia.fi\\\/lukiot-kauriala\\\/\",\"name\":\"Kaurialan lukio\",\"description\":\"\",\"potentialAction\":[{\"@type\":\"SearchAction\",\"target\":{\"@type\":\"EntryPoint\",\"urlTemplate\":\"https:\\\/\\\/www.kktavastia.fi\\\/lukiot-kauriala\\\/?s={search_term_string}\"},\"query-input\":{\"@type\":\"PropertyValueSpecification\",\"valueRequired\":true,\"valueName\":\"search_term_string\"}}],\"inLanguage\":\"fi\"}]}<\/script>","yoast_head_json":{"title":"Kaurialan lukion ty\u00f6- ja loma-ajat | Kaurialan lukion jaksot ja lukuvuosi","description":"Kaurialan lukion ty\u00f6- ja loma-ajat l\u00f6yd\u00e4t t\u00e4\u00e4lt\u00e4. Katso jaksot ja p\u00e4\u00e4tt\u00f6viikot sek\u00e4 lukukauden alkamis- ja p\u00e4\u00e4ttymisp\u00e4iv\u00e4t.","robots":{"index":"index","follow":"follow","max-snippet":"max-snippet:-1","max-image-preview":"max-image-preview:large","max-video-preview":"max-video-preview:-1"},"canonical":"https:\/\/www.kktavastia.fi\/lukiot-kauriala\/opiskelijalle\/tyo-ja-loma-ajat\/","og_locale":"fi_FI","og_type":"article","og_title":"Kaurialan lukion ty\u00f6- ja loma-ajat | Kaurialan lukion jaksot ja lukuvuosi","og_description":"Kaurialan lukion ty\u00f6- ja loma-ajat l\u00f6yd\u00e4t t\u00e4\u00e4lt\u00e4. Katso jaksot ja p\u00e4\u00e4tt\u00f6viikot sek\u00e4 lukukauden alkamis- ja p\u00e4\u00e4ttymisp\u00e4iv\u00e4t.","og_url":"https:\/\/www.kktavastia.fi\/lukiot-kauriala\/opiskelijalle\/tyo-ja-loma-ajat\/","og_site_name":"Kaurialan lukio","article_modified_time":"2026-01-19T13:11:12+00:00","twitter_card":"summary_large_image","schema":{"@context":"https:\/\/schema.org","@graph":[{"@type":"WebPage","@id":"https:\/\/www.kktavastia.fi\/lukiot-kauriala\/opiskelijalle\/tyo-ja-loma-ajat\/","url":"https:\/\/www.kktavastia.fi\/lukiot-kauriala\/opiskelijalle\/tyo-ja-loma-ajat\/","name":"Kaurialan lukion ty\u00f6- ja loma-ajat | Kaurialan lukion jaksot ja lukuvuosi","isPartOf":{"@id":"https:\/\/www.kktavastia.fi\/lukiot-kauriala\/#website"},"datePublished":"2020-12-29T11:27:44+00:00","dateModified":"2026-01-19T13:11:12+00:00","description":"Kaurialan lukion ty\u00f6- ja loma-ajat l\u00f6yd\u00e4t t\u00e4\u00e4lt\u00e4. Katso jaksot ja p\u00e4\u00e4tt\u00f6viikot sek\u00e4 lukukauden alkamis- ja p\u00e4\u00e4ttymisp\u00e4iv\u00e4t.","breadcrumb":{"@id":"https:\/\/www.kktavastia.fi\/lukiot-kauriala\/opiskelijalle\/tyo-ja-loma-ajat\/#breadcrumb"},"inLanguage":"fi","potentialAction":[{"@type":"ReadAction","target":["https:\/\/www.kktavastia.fi\/lukiot-kauriala\/opiskelijalle\/tyo-ja-loma-ajat\/"]}]},{"@type":"BreadcrumbList","@id":"https:\/\/www.kktavastia.fi\/lukiot-kauriala\/opiskelijalle\/tyo-ja-loma-ajat\/#breadcrumb","itemListElement":[{"@type":"ListItem","position":1,"name":"Home","item":"https:\/\/www.kktavastia.fi\/lukiot-kauriala\/"},{"@type":"ListItem","position":2,"name":"Opiskelijalle","item":"https:\/\/www.kktavastia.fi\/lukiot-kauriala\/opiskelijalle\/"},{"@type":"ListItem","position":3,"name":"Ty\u00f6- ja loma-ajat"}]},{"@type":"WebSite","@id":"https:\/\/www.kktavastia.fi\/lukiot-kauriala\/#website","url":"https:\/\/www.kktavastia.fi\/lukiot-kauriala\/","name":"Kaurialan lukio","description":"","potentialAction":[{"@type":"SearchAction","target":{"@type":"EntryPoint","urlTemplate":"https:\/\/www.kktavastia.fi\/lukiot-kauriala\/?s={search_term_string}"},"query-input":{"@type":"PropertyValueSpecification","valueRequired":true,"valueName":"search_term_string"}}],"inLanguage":"fi"}]}},"_links":{"self":[{"href":"https:\/\/www.kktavastia.fi\/lukiot-kauriala\/wp-json\/wp\/v2\/pages\/74","targetHints":{"allow":["GET"]}}],"collection":[{"href":"https:\/\/www.kktavastia.fi\/lukiot-kauriala\/wp-json\/wp\/v2\/pages"}],"about":[{"href":"https:\/\/www.kktavastia.fi\/lukiot-kauriala\/wp-json\/wp\/v2\/types\/page"}],"author":[{"embeddable":true,"href":"https:\/\/www.kktavastia.fi\/lukiot-kauriala\/wp-json\/wp\/v2\/users\/6"}],"replies":[{"embeddable":true,"href":"https:\/\/www.kktavastia.fi\/lukiot-kauriala\/wp-json\/wp\/v2\/comments?post=74"}],"version-history":[{"count":24,"href":"https:\/\/www.kktavastia.fi\/lukiot-kauriala\/wp-json\/wp\/v2\/pages\/74\/revisions"}],"predecessor-version":[{"id":4985,"href":"https:\/\/www.kktavastia.fi\/lukiot-kauriala\/wp-json\/wp\/v2\/pages\/74\/revisions\/4985"}],"up":[{"embeddable":true,"href":"https:\/\/www.kktavastia.fi\/lukiot-kauriala\/wp-json\/wp\/v2\/pages\/8"}],"wp:attachment":[{"href":"https:\/\/www.kktavastia.fi\/lukiot-kauriala\/wp-json\/wp\/v2\/media?parent=74"}],"curies":[{"name":"wp","href":"https:\/\/api.w.org\/{rel}","templated":true}]}}