{"id":6,"date":"2020-12-29T12:03:50","date_gmt":"2020-12-29T10:03:50","guid":{"rendered":"https:\/\/kktavastia.vaiheessa.fi\/lukiot-kauriala\/?page_id=6"},"modified":"2025-12-16T12:54:08","modified_gmt":"2025-12-16T10:54:08","slug":"tule-opiskelijaksi","status":"publish","type":"page","link":"https:\/\/www.kktavastia.fi\/lukiot-kauriala\/tule-opiskelijaksi\/","title":{"rendered":"Tule opiskelijaksi"},"content":{"rendered":"\n<p class=\"is-style-ingress\">Kaurialan lukioon haetaan valtakunnallisessa yhteishaussa Opintopolku.fi-sivustolla. Seuraava yhteishaku on 17.2.\u201317.3.2026.<\/p>\n\n\n\n<div class=\"wp-block-buttons is-layout-flex wp-block-buttons-is-layout-flex\">\n<div class=\"wp-block-button\"><a class=\"wp-block-button__link wp-element-button\" href=\"https:\/\/opintopolku.fi\/konfo\/fi\/\" target=\"_blank\" rel=\"noreferrer noopener\">Opintopolkuun<\/a><\/div>\n<\/div>\n\n\n\n<h3 class=\"wp-block-heading\">Ohjeita hakijalle<\/h3>\n\n\n\n<p><strong>Esittelyilta yhdeks\u00e4sluokkalaisille ja huoltajille pidet\u00e4\u00e4n KE 21.1.2026 klo 18.00<\/strong> koululla osoitteessa Erottajakatu 5. Alle p\u00e4ivitet\u00e4\u00e4n illan materiaaleja.<\/p>\n\n\n\n<h4 class=\"wp-block-heading\">Opiskelijavalinnoista ilmoittaminen<\/h4>\n\n\n\n<p>Yhteisvalinnan haku julkistetaan aikaisintaan 11.6.2026. Aikaisintaan 12.6.2026 saat koululta s\u00e4hk\u00f6postin yhteishaussa ilmoittamaasi s\u00e4hk\u00f6postiin, jossa kerrotaan toimintaohjeet \u2013 miten otat lukiopaikan vastaan, miten ilmoittaudut kouluun, miten Wilma-tunnus luodaan ja miten teet ainevalinnat. Tarkkaile siis s\u00e4hk\u00f6postiasi!<\/p>\n\n\n\n<p><strong>Opiskelupaikka pit\u00e4\u00e4 vastaanottaa Opintopolussa viimeist\u00e4\u00e4n 25.6.2026!<\/strong><\/p>\n\n\n\n<h4 class=\"wp-block-heading\">Opiskelu lukiossa<\/h4>\n\n\n\n<p>Seuraavista linkeist\u00e4 p\u00e4\u00e4set katsomaan, mm. sit\u00e4, millaista lukio-opiskelu on, millainen on tuntijako, millaista valinnaista tarjontaa ensimm\u00e4isen\u00e4 lukiovuonna on. <strong>Dokumentit p\u00e4ivittyv\u00e4t ennen yhteishaun alkua!<\/strong><\/p>\n\n\n\n<ul class=\"wp-block-list\">\n<li><a href=\"https:\/\/www.kktavastia.fi\/media\/sites\/6\/tervetuloa-kaurialan-lukioon-2024.pdf\" target=\"_blank\" rel=\"noreferrer noopener\">Tervetuloa Kaurialan lukioon<\/a><\/li>\n\n\n\n<li><a href=\"https:\/\/www.kktavastia.fi\/media\/sites\/6\/ekan-vuoden-valinnaista-tarjontaa-2023-2024.pdf\" target=\"_blank\" rel=\"noreferrer noopener\">Ensimm\u00e4isen vuoden valinnaista tarjontaa<\/a><\/li>\n\n\n\n<li><a href=\"https:\/\/www.kktavastia.fi\/media\/sites\/6\/ensimmaisen-vuoden-pakolliset-opinnot-tyojarjestyksessa.pdf\" target=\"_blank\" rel=\"noreferrer noopener\">Ensimm\u00e4isen vuoden pakolliset opinnot ty\u00f6j\u00e4rjestyksess\u00e4<\/a><\/li>\n<\/ul>\n\n\n\n<p><strong>Toimitamme helmikuun alkuun menness\u00e4 H\u00e4meenlinnan kaupungin sek\u00e4 ymp\u00e4rist\u00f6kuntien yl\u00e4kouluille s-postitse linkin, jossa p\u00e4\u00e4see tekem\u00e4\u00e4n lukion ainevalintojen ennakkokartoituksen.<\/strong> Jos olet hakemassa Kaurialan lukioon muualta, ole yhteydess\u00e4 s-postitse apulaisrehtoriin (Jussi Mestari, jussi.mestari@kktavastia.fi) linkin saamiseksi. Linkki\u00e4 voi my\u00f6s tiedustella, jos jostain syyst\u00e4 sit\u00e4 ei ole yl\u00e4koulusi oppilaanohjaajalle saapunut.<\/p>\n\n\n\n<p>Valituille l\u00e4hetet\u00e4\u00e4n s\u00e4hk\u00f6posti, jonka mukana tulee ohjeistusta\u00a0 t\u00e4rkeist\u00e4 opintojen aloitukseen liittyvist\u00e4 asioista.\u00a0<strong>Varmistathan, ett\u00e4 yhteishakusi tiedoissa s\u00e4hk\u00f6postiosoite, joka toimii my\u00f6s peruskoulun j\u00e4lkeen.<\/strong><\/p>\n\n\n\n<p>Huomioithan, ett\u00e4 valinnan j\u00e4lkeinen informaatio l\u00e4hetet\u00e4\u00e4n yhteishaussa ilmoittamaasi s\u00e4hk\u00f6postiosoitteeseen!<\/p>\n\n\n\n<h3 class=\"wp-block-heading\">Haku matematiikka- ja luonnontiedelukioon <\/h3>\n\n\n\n<p>Matemaattis-luonnontieteelliselle erityisteht\u00e4v\u00e4linjalle eli matematiikka- ja luonnontiedelukioon hakeneille ei j\u00e4rjestet\u00e4 p\u00e4\u00e4sykoetta, vaan valinta perustuu painotettuun perusasteen p\u00e4\u00e4tt\u00f6todistuksen keskiarvoon (painokertoimet: matematiikka 3, fysiikka, kemia, biologia, maantieto sek\u00e4 \u00e4idinkieli ja kirjallisuus\/suomi toisena kielen\u00e4 2). Kyseess\u00e4 on lukuaineiden keskiarvo (my\u00f6s B2- ja A2-kieli).<\/p>\n\n\n\n<p>Klikkaa t\u00e4st\u00e4 <a href=\"https:\/\/www.kktavastia.fi\/lukiot-kauriala\/tiedelukio\/\" target=\"_blank\" rel=\"noreferrer noopener\">lis\u00e4tietoa<\/a>.<\/p>\n\n\n\n<h3 class=\"wp-block-heading\">Haku taidelinjalle<\/h3>\n\n\n\n<p>Taidelinjalle haetaan yhteishaussa Opintopolussa. Linjalle valitaan 16 opiskelijaa seuraavilla kriteereill\u00e4:<br>1 perusasteen p\u00e4\u00e4tt\u00f6todistuksen lukuaineiden painotetun keskiarvon perusteella siten, ett\u00e4 mukaan otetaan sek\u00e4 musiikin ett\u00e4 kuvataiteen p\u00e4\u00e4tt\u00f6arvosana kertoimella 2.<\/p>\n\n\n\n<p>2 lis\u00e4n\u00e4ytt\u00f6, joka koostuu portfoliosta ja motivaatiokirjeest\u00e4. &nbsp;<\/p>\n\n\n\n<p>Klikkaa t\u00e4st\u00e4 <a href=\"https:\/\/www.kktavastia.fi\/lukiot-kauriala\/erityislinjat\/taidelinja\/\" target=\"_blank\" rel=\"noreferrer noopener\">lis\u00e4tietoa<\/a>. Linkist\u00e4 p\u00e4\u00e4set taidelinjan sivuille, joilla on julkaistu tietoa motivaatiokirjeest\u00e4 sek\u00e4 portfolion ohjeistukset sek\u00e4 annettu aikataulut ja ohjeet palautuksille. <\/p>\n\n\n\n<section class=\"block block-image-content-upsell right-image\">\n  <div class=\"container\">\n\n    <div class=\"cols\">\n      <div class=\"col col-content\">\n        <div class=\"content content-dark\">\n          <h3>Mik\u00e4 on matematiikka- ja luonnontiedelukio?<\/h3>\n          <p>Matematiikka- ja luonnontiedelukio (aiemmin tiedelukio) on erinomainen vaihtoehto,\u00a0 jos olet kiinnostunut ja innostunut matematiikasta ja\/tai luonnontieteist\u00e4. LUMA-lukio tarjoaa hienon mahdollisuuden opiskella n\u00e4it\u00e4 kiinnostavia oppiaineita tavallista lukiota laajemmin. Lis\u00e4ksi opintoihin sis\u00e4ltyy vain erityslukiolaisille tarjottavia opintojaksoja.<\/p>\n                      <a href=\"https:\/\/kktavastia.fi\/lukiot-kauriala\/tule-opiskelijaksi\/tiedelukio\/\" class=\"button button-light\">Lue lis\u00e4\u00e4 tiedelukiosta<svg xmlns=\"http:\/\/www.w3.org\/2000\/svg\" width=\"23\" height=\"8\" viewBox=\"0 0 23 8\"><path d=\"M1 3.818h21.23m0 0L19.153.764m3.077 3.054l-3.077 3.055\" stroke=\"currentColor\" stroke-width=\"1.5\" fill=\"none\" fill-rule=\"evenodd\" stroke-linecap=\"round\" stroke-linejoin=\"round\"\/><\/svg>\n<\/a>\n                  <\/div>\n      <\/div>\n\n      <div class=\"col col-image\">\n            <div class=\"lazy\"\n      data-bg=\"https:\/\/www.kktavastia.fi\/media\/sites\/6\/mittausta.jpg\"\n          >\n    <\/div>\n\n          <\/div>\n    <\/div>\n\n  <\/div>\n<\/section>\n","protected":false},"excerpt":{"rendered":"<p>Kaurialan lukioon haetaan valtakunnallisessa yhteishaussa Opintopolku.fi-sivustolla. Seuraava yhteishaku on 17.2.\u201317.3.2026. Ohjeita hakijalle Esittelyilta yhdeks\u00e4sluokkalaisille ja huoltajille pidet\u00e4\u00e4n KE 21.1.2026 klo [&hellip;]<\/p>\n","protected":false},"author":6,"featured_media":0,"parent":0,"menu_order":7,"comment_status":"closed","ping_status":"closed","template":"","meta":{"_acf_changed":false,"_relevanssi_hide_post":"","_relevanssi_hide_content":"","_relevanssi_pin_for_all":"","_relevanssi_pin_keywords":"","_relevanssi_unpin_keywords":"","_relevanssi_related_keywords":"","_relevanssi_related_include_ids":"","_relevanssi_related_exclude_ids":"","_relevanssi_related_no_append":"","_relevanssi_related_not_related":"","_relevanssi_related_posts":"4,13,84,96,2715,268","_relevanssi_noindex_reason":"","footnotes":""},"class_list":["post-6","page","type-page","status-publish","hentry"],"acf":[],"yoast_head":"<title>Opiskelijaksi Kaurialan lukioon | Hae Kaurialan lukioon yhteishaussa<\/title>\n<meta name=\"description\" content=\"Tule opiskelijaksi Kaurialan lukioon! Kaurialan lukioon voi hakea yhteishaussa. Kaurialan lukiossa on yleislinja ja tiedelinja.\" \/>\n<meta name=\"robots\" content=\"index, follow, max-snippet:-1, max-image-preview:large, max-video-preview:-1\" \/>\n<link rel=\"canonical\" href=\"https:\/\/www.kktavastia.fi\/lukiot-kauriala\/tule-opiskelijaksi\/\" \/>\n<meta property=\"og:locale\" content=\"fi_FI\" \/>\n<meta property=\"og:type\" content=\"article\" \/>\n<meta property=\"og:title\" content=\"Opiskelijaksi Kaurialan lukioon | Hae Kaurialan lukioon yhteishaussa\" \/>\n<meta property=\"og:description\" content=\"Tule opiskelijaksi Kaurialan lukioon! Kaurialan lukioon voi hakea yhteishaussa. Kaurialan lukiossa on yleislinja ja tiedelinja.\" \/>\n<meta property=\"og:url\" content=\"https:\/\/www.kktavastia.fi\/lukiot-kauriala\/tule-opiskelijaksi\/\" \/>\n<meta property=\"og:site_name\" content=\"Kaurialan lukio\" \/>\n<meta property=\"article:modified_time\" content=\"2025-12-16T10:54:08+00:00\" \/>\n<meta name=\"twitter:card\" content=\"summary_large_image\" \/>\n<script type=\"application\/ld+json\" class=\"yoast-schema-graph\">{\"@context\":\"https:\\\/\\\/schema.org\",\"@graph\":[{\"@type\":\"WebPage\",\"@id\":\"https:\\\/\\\/www.kktavastia.fi\\\/lukiot-kauriala\\\/tule-opiskelijaksi\\\/\",\"url\":\"https:\\\/\\\/www.kktavastia.fi\\\/lukiot-kauriala\\\/tule-opiskelijaksi\\\/\",\"name\":\"Opiskelijaksi Kaurialan lukioon | Hae Kaurialan lukioon yhteishaussa\",\"isPartOf\":{\"@id\":\"https:\\\/\\\/www.kktavastia.fi\\\/lukiot-kauriala\\\/#website\"},\"datePublished\":\"2020-12-29T10:03:50+00:00\",\"dateModified\":\"2025-12-16T10:54:08+00:00\",\"description\":\"Tule opiskelijaksi Kaurialan lukioon! Kaurialan lukioon voi hakea yhteishaussa. Kaurialan lukiossa on yleislinja ja tiedelinja.\",\"breadcrumb\":{\"@id\":\"https:\\\/\\\/www.kktavastia.fi\\\/lukiot-kauriala\\\/tule-opiskelijaksi\\\/#breadcrumb\"},\"inLanguage\":\"fi\",\"potentialAction\":[{\"@type\":\"ReadAction\",\"target\":[\"https:\\\/\\\/www.kktavastia.fi\\\/lukiot-kauriala\\\/tule-opiskelijaksi\\\/\"]}]},{\"@type\":\"BreadcrumbList\",\"@id\":\"https:\\\/\\\/www.kktavastia.fi\\\/lukiot-kauriala\\\/tule-opiskelijaksi\\\/#breadcrumb\",\"itemListElement\":[{\"@type\":\"ListItem\",\"position\":1,\"name\":\"Home\",\"item\":\"https:\\\/\\\/www.kktavastia.fi\\\/lukiot-kauriala\\\/\"},{\"@type\":\"ListItem\",\"position\":2,\"name\":\"Tule opiskelijaksi\"}]},{\"@type\":\"WebSite\",\"@id\":\"https:\\\/\\\/www.kktavastia.fi\\\/lukiot-kauriala\\\/#website\",\"url\":\"https:\\\/\\\/www.kktavastia.fi\\\/lukiot-kauriala\\\/\",\"name\":\"Kaurialan lukio\",\"description\":\"\",\"potentialAction\":[{\"@type\":\"SearchAction\",\"target\":{\"@type\":\"EntryPoint\",\"urlTemplate\":\"https:\\\/\\\/www.kktavastia.fi\\\/lukiot-kauriala\\\/?s={search_term_string}\"},\"query-input\":{\"@type\":\"PropertyValueSpecification\",\"valueRequired\":true,\"valueName\":\"search_term_string\"}}],\"inLanguage\":\"fi\"}]}<\/script>","yoast_head_json":{"title":"Opiskelijaksi Kaurialan lukioon | Hae Kaurialan lukioon yhteishaussa","description":"Tule opiskelijaksi Kaurialan lukioon! Kaurialan lukioon voi hakea yhteishaussa. Kaurialan lukiossa on yleislinja ja tiedelinja.","robots":{"index":"index","follow":"follow","max-snippet":"max-snippet:-1","max-image-preview":"max-image-preview:large","max-video-preview":"max-video-preview:-1"},"canonical":"https:\/\/www.kktavastia.fi\/lukiot-kauriala\/tule-opiskelijaksi\/","og_locale":"fi_FI","og_type":"article","og_title":"Opiskelijaksi Kaurialan lukioon | Hae Kaurialan lukioon yhteishaussa","og_description":"Tule opiskelijaksi Kaurialan lukioon! Kaurialan lukioon voi hakea yhteishaussa. Kaurialan lukiossa on yleislinja ja tiedelinja.","og_url":"https:\/\/www.kktavastia.fi\/lukiot-kauriala\/tule-opiskelijaksi\/","og_site_name":"Kaurialan lukio","article_modified_time":"2025-12-16T10:54:08+00:00","twitter_card":"summary_large_image","schema":{"@context":"https:\/\/schema.org","@graph":[{"@type":"WebPage","@id":"https:\/\/www.kktavastia.fi\/lukiot-kauriala\/tule-opiskelijaksi\/","url":"https:\/\/www.kktavastia.fi\/lukiot-kauriala\/tule-opiskelijaksi\/","name":"Opiskelijaksi Kaurialan lukioon | Hae Kaurialan lukioon yhteishaussa","isPartOf":{"@id":"https:\/\/www.kktavastia.fi\/lukiot-kauriala\/#website"},"datePublished":"2020-12-29T10:03:50+00:00","dateModified":"2025-12-16T10:54:08+00:00","description":"Tule opiskelijaksi Kaurialan lukioon! Kaurialan lukioon voi hakea yhteishaussa. Kaurialan lukiossa on yleislinja ja tiedelinja.","breadcrumb":{"@id":"https:\/\/www.kktavastia.fi\/lukiot-kauriala\/tule-opiskelijaksi\/#breadcrumb"},"inLanguage":"fi","potentialAction":[{"@type":"ReadAction","target":["https:\/\/www.kktavastia.fi\/lukiot-kauriala\/tule-opiskelijaksi\/"]}]},{"@type":"BreadcrumbList","@id":"https:\/\/www.kktavastia.fi\/lukiot-kauriala\/tule-opiskelijaksi\/#breadcrumb","itemListElement":[{"@type":"ListItem","position":1,"name":"Home","item":"https:\/\/www.kktavastia.fi\/lukiot-kauriala\/"},{"@type":"ListItem","position":2,"name":"Tule opiskelijaksi"}]},{"@type":"WebSite","@id":"https:\/\/www.kktavastia.fi\/lukiot-kauriala\/#website","url":"https:\/\/www.kktavastia.fi\/lukiot-kauriala\/","name":"Kaurialan lukio","description":"","potentialAction":[{"@type":"SearchAction","target":{"@type":"EntryPoint","urlTemplate":"https:\/\/www.kktavastia.fi\/lukiot-kauriala\/?s={search_term_string}"},"query-input":{"@type":"PropertyValueSpecification","valueRequired":true,"valueName":"search_term_string"}}],"inLanguage":"fi"}]}},"_links":{"self":[{"href":"https:\/\/www.kktavastia.fi\/lukiot-kauriala\/wp-json\/wp\/v2\/pages\/6","targetHints":{"allow":["GET"]}}],"collection":[{"href":"https:\/\/www.kktavastia.fi\/lukiot-kauriala\/wp-json\/wp\/v2\/pages"}],"about":[{"href":"https:\/\/www.kktavastia.fi\/lukiot-kauriala\/wp-json\/wp\/v2\/types\/page"}],"author":[{"embeddable":true,"href":"https:\/\/www.kktavastia.fi\/lukiot-kauriala\/wp-json\/wp\/v2\/users\/6"}],"replies":[{"embeddable":true,"href":"https:\/\/www.kktavastia.fi\/lukiot-kauriala\/wp-json\/wp\/v2\/comments?post=6"}],"version-history":[{"count":24,"href":"https:\/\/www.kktavastia.fi\/lukiot-kauriala\/wp-json\/wp\/v2\/pages\/6\/revisions"}],"predecessor-version":[{"id":4938,"href":"https:\/\/www.kktavastia.fi\/lukiot-kauriala\/wp-json\/wp\/v2\/pages\/6\/revisions\/4938"}],"wp:attachment":[{"href":"https:\/\/www.kktavastia.fi\/lukiot-kauriala\/wp-json\/wp\/v2\/media?parent=6"}],"curies":[{"name":"wp","href":"https:\/\/api.w.org\/{rel}","templated":true}]}}