{"id":55,"date":"2020-12-29T12:54:42","date_gmt":"2020-12-29T10:54:42","guid":{"rendered":"https:\/\/kktavastia.vaiheessa.fi\/lukiot-kauriala\/?page_id=55"},"modified":"2025-12-16T12:51:49","modified_gmt":"2025-12-16T10:51:49","slug":"tiedelukio","status":"publish","type":"page","link":"https:\/\/www.kktavastia.fi\/lukiot-kauriala\/erityislinjat\/tiedelukio\/","title":{"rendered":"LUMA-lukio"},"content":{"rendered":"\n<p class=\"is-style-ingress\">LUMA- eli matematiikka- ja luonnontiedelukio on erinomainen vaihtoehto sinulle, joka olet kiinnostunut ja innostunut matematiikasta ja\/tai luonnontieteist\u00e4. LUMA-lukio tarjoaa sinulle hienon mahdollisuuden opiskella n\u00e4it\u00e4 itse\u00e4si kiinnostavia oppiaineita tavallista lukiota laajemmin, sill\u00e4 erityisen tuntijaon voit halutessasi j\u00e4tt\u00e4\u00e4 valitsematta joidenkin muiden aineiden valtakunnallisen opetussuunnitelman mukaisia kursseja.<\/p>\n\n\n\n<h3 class=\"wp-block-heading\">Matematiikka- ja luonnontiedelukion opinnot <\/h3>\n\n\n\n<p>Matematiikka- ja luonnontiedelukion opetussuunnitelman n\u00e4et kokonaisuudessaan alla olevasta linkist\u00e4:<\/p>\n\n\n\n<p><a href=\"https:\/\/www.kktavastia.fi\/media\/sites\/6\/liite-matematiikka-ja-luonnontiedelukion-opetussuunnitelma.pdf\" target=\"_blank\" rel=\"noreferrer noopener\">Matematiikka- ja luonnontiedelukion opetussuunnitelma<\/a><\/p>\n\n\n\n<p>1&nbsp;. Luonnontieteellinen koulutusteht\u00e4v\u00e4 ja sen ehdot&nbsp;<\/p>\n\n\n\n<ul class=\"wp-block-list\">\n<li>Opiskelijat, jotka suorittavat<strong> v\u00e4hint\u00e4\u00e4n 24 op laajuisesti erityisen koulutusteht\u00e4v\u00e4n opintoja,<\/strong> ovat oikeutettuja v\u00e4hent\u00e4m\u00e4\u00e4n pakollisten opintojen m\u00e4\u00e4r\u00e4st\u00e4 16 op laajuiset opinnot.&nbsp;<\/li>\n\n\n\n<li>Opiskelijan tulee kuitenkin suorittaa <strong>v\u00e4hint\u00e4\u00e4n puolet lukion jokaisen oppiaineen pakollisista opinnoista.&nbsp;<\/strong><\/li>\n\n\n\n<li>Jos pakollisen oppiaineen pakolliset opinnot ovat 2 op laajuiset, ne tulee suorittaa kokonaan.&nbsp;<\/li>\n<\/ul>\n\n\n\n<p>2. Suoritusvaatimukset<\/p>\n\n\n\n<ul class=\"wp-block-list\">\n<li>Pitk\u00e4 matematiikka (v\u00e4hint\u00e4\u00e4n&nbsp;valtakunnallinen pakollinen oppim\u00e4\u00e4r\u00e4)&nbsp;<\/li>\n\n\n\n<li>Luonnontieteiden perusopinnot&nbsp;&nbsp;<br>&#8211; yksi oppiaine kokonaan (valtakunnalliset valinnaiset opintojaksot) JA&nbsp;&nbsp;<br>&#8211; 8 op valinnaisia opintoja mist\u00e4 tahansa luonnontiedeaineesta (FY, KE, BI, GE)&nbsp;<\/li>\n\n\n\n<li>Paikalliset valinnaiset opintojaksot&nbsp;yhteens\u00e4&nbsp;v\u00e4hint\u00e4\u00e4n 16 op, joista pakollisia LUMA1&nbsp;sek\u00e4&nbsp;LUMA2 (molemmat 2 op) ja yksi laboratorio-, ty\u00f6- tai kentt\u00e4opintojakso (2op).&nbsp;<br>N\u00e4m\u00e4 opinnot on lueteltu opetussuunnitelmassa (katso yll\u00e4).<\/li>\n<\/ul>\n\n\n\n<h3 class=\"wp-block-heading\">Hakeminen matematiikka- ja luonnontiedelukioon<\/h3>\n\n\n\n<p>Matemaattis-luonnontieteelliseen lukioon ei j\u00e4rjestet\u00e4 p\u00e4\u00e4sykoetta, vaan opiskelijat valitaan&nbsp;perusasteen p\u00e4\u00e4tt\u00f6todistuksen painotetun keskiarvon perusteella. Painotuskertoimet ovat seuraavat: matematiikka 3, fysiikka, kemia, biologia, maantieto sek\u00e4 \u00e4idinkieli ja kirjallisuus 2).<\/p>\n\n\n\n<figure class=\"wp-block-image size-large\"><img loading=\"lazy\" decoding=\"async\" width=\"683\" height=\"1024\" src=\"https:\/\/www.kktavastia.fi\/media\/sites\/6\/lukiolaiset-38-lowres-683x1024.jpg\" alt=\"\" class=\"wp-image-3633\" srcset=\"https:\/\/www.kktavastia.fi\/media\/sites\/6\/lukiolaiset-38-lowres-683x1024.jpg 683w, https:\/\/www.kktavastia.fi\/media\/sites\/6\/lukiolaiset-38-lowres-200x300.jpg 200w, https:\/\/www.kktavastia.fi\/media\/sites\/6\/lukiolaiset-38-lowres-768x1152.jpg 768w, https:\/\/www.kktavastia.fi\/media\/sites\/6\/lukiolaiset-38-lowres-1024x1536.jpg 1024w, https:\/\/www.kktavastia.fi\/media\/sites\/6\/lukiolaiset-38-lowres-scaled.jpg 1365w, https:\/\/www.kktavastia.fi\/media\/sites\/6\/lukiolaiset-38-lowres-13x20.jpg 13w\" sizes=\"auto, (max-width: 683px) 100vw, 683px\" \/><figcaption class=\"wp-element-caption\">Tiedelukiossa kokeellisuus ja tiedon soveltaminen ovat isossa roolissa. <\/figcaption><\/figure>\n\n\n\n<h3 class=\"wp-block-heading\">Miksi kannattaa hakea matematiikka- ja luonnontiedelukioon?<\/h3>\n\n\n\n<p>Opiskeluun kuuluvat t\u00e4rkein\u00e4 osina sek\u00e4 kokeellisuus ett\u00e4 tiedon soveltaminen. K\u00e4yt\u00e4nn\u00f6ss\u00e4 t\u00e4m\u00e4 tarkoittaa, ett\u00e4 koulup\u00e4iv\u00e4 voi sis\u00e4lt\u00e4\u00e4 mm. laboratoriot\u00f6iden tekemist\u00e4 ja niiden raportointia, luonnon tutkimista eri kentt\u00e4kursseilla, projektit\u00f6iden laatimista sek\u00e4 vierailuja eri jatko-opintopaikkoihin ja teollisuuslaitoksiin. Matematiikan valinnaisilla opintojaksoilla tietoja ja taitoja syvennet\u00e4\u00e4n niin, ett\u00e4 opiskelu yliopistoissa ja korkeakouluissa olisi sujuvaa.<\/p>\n\n\n\n<p>My\u00f6s muiden aineiden opinnoissa LUMA-lukiolaisten kiinnostus tekniikkaa kohtaan otetaan huomioon: esimerkiksi kuvataiteen tunneilla k\u00e4ytet\u00e4\u00e4n monipuolisesti erilaisia nykyteknologian menetelmi\u00e4 (interaktiivinen VR-kalusto, Ipadpro &amp; Applepen \u2013digitaalinen kuvan tuottaminen, robotit, 3D-mallinnus ja -tulostus, Green Screen). Lis\u00e4ksi Suomen tiedelukioverkoston kanssa yhteisty\u00f6ss\u00e4 j\u00e4rjestet\u00e4\u00e4n mahdollisuuksien mukaan sek\u00e4 kansallisia ett\u00e4 kansainv\u00e4lisi\u00e4 tiedekouluja tai -leirej\u00e4, ja opiskelijoita kannustetaan osallistumaan erilaisiin tiedekilpailuihin ja -tapahtumiin.<\/p>\n\n\n\n<p>Valtakunnallisesti tiedeyhteis\u00f6t ovat korostaneet tutkivan, ongelmal\u00e4ht\u00f6isen ja tieteellisen l\u00e4hestymistavan t\u00e4rkeytt\u00e4 ja sen vahvistamisen tarvetta. Siksi valmistautuminen jo lukioaikana t\u00e4m\u00e4n kaltaiseen ty\u00f6skentelyyn helpottaa menestymist\u00e4 jatkossa. Kaurialan matematiikka- ja luonnontiedelukiosta saat hyv\u00e4t valmiudet pyrki\u00e4 jatko-opintoihin yliopistoihin ja korkeakouluihin.<\/p>\n\n\n\n<p>Lis\u00e4tietoja tiedelukiosta saat rehtoreilta, opinto-ohjaajilta tai lehtori&nbsp;Sakari Saloselta.<\/p>\n\n\n\n<p><\/p>\n","protected":false},"excerpt":{"rendered":"<p>LUMA- eli matematiikka- ja luonnontiedelukio on erinomainen vaihtoehto sinulle, joka olet kiinnostunut ja innostunut matematiikasta ja\/tai luonnontieteist\u00e4. LUMA-lukio tarjoaa sinulle [&hellip;]<\/p>\n","protected":false},"author":6,"featured_media":0,"parent":4821,"menu_order":6,"comment_status":"closed","ping_status":"closed","template":"","meta":{"_acf_changed":false,"_relevanssi_hide_post":"","_relevanssi_hide_content":"","_relevanssi_pin_for_all":"","_relevanssi_pin_keywords":"","_relevanssi_unpin_keywords":"","_relevanssi_related_keywords":"","_relevanssi_related_include_ids":"","_relevanssi_related_exclude_ids":"","_relevanssi_related_no_append":"","_relevanssi_related_not_related":"","_relevanssi_related_posts":"96,4,6,100,8,102","_relevanssi_noindex_reason":"","footnotes":""},"class_list":["post-55","page","type-page","status-publish","hentry"],"acf":[],"yoast_head":"<title>Kaurialan lukio on tiedelukio | Hae tiedelinjalle Kaurialan lukioon<\/title>\n<meta name=\"description\" content=\"Kaurialan lukiossa toimii tiedelukio. Tiedelukioon haetaan yhteishaussa. Tiedelinjan lis\u00e4ksi Kaurialassa voi opiskella my\u00f6s yleislinjalla.\" \/>\n<meta name=\"robots\" content=\"index, follow, max-snippet:-1, max-image-preview:large, max-video-preview:-1\" \/>\n<link rel=\"canonical\" href=\"https:\/\/www.kktavastia.fi\/lukiot-kauriala\/erityislinjat\/tiedelukio\/\" \/>\n<meta property=\"og:locale\" content=\"fi_FI\" \/>\n<meta property=\"og:type\" content=\"article\" \/>\n<meta property=\"og:title\" content=\"Kaurialan lukio on tiedelukio | Hae tiedelinjalle Kaurialan lukioon\" \/>\n<meta property=\"og:description\" content=\"Kaurialan lukiossa toimii tiedelukio. Tiedelukioon haetaan yhteishaussa. Tiedelinjan lis\u00e4ksi Kaurialassa voi opiskella my\u00f6s yleislinjalla.\" \/>\n<meta property=\"og:url\" content=\"https:\/\/www.kktavastia.fi\/lukiot-kauriala\/erityislinjat\/tiedelukio\/\" \/>\n<meta property=\"og:site_name\" content=\"Kaurialan lukio\" \/>\n<meta property=\"article:modified_time\" content=\"2025-12-16T10:51:49+00:00\" \/>\n<meta property=\"og:image\" content=\"https:\/\/www.kktavastia.fi\/media\/sites\/6\/lukiolaiset-38-lowres-scaled.jpg\" \/>\n\t<meta property=\"og:image:width\" content=\"1365\" \/>\n\t<meta property=\"og:image:height\" content=\"2048\" \/>\n\t<meta property=\"og:image:type\" content=\"image\/jpeg\" \/>\n<meta name=\"twitter:card\" content=\"summary_large_image\" \/>\n<script type=\"application\/ld+json\" class=\"yoast-schema-graph\">{\"@context\":\"https:\\\/\\\/schema.org\",\"@graph\":[{\"@type\":\"WebPage\",\"@id\":\"https:\\\/\\\/www.kktavastia.fi\\\/lukiot-kauriala\\\/erityislinjat\\\/tiedelukio\\\/\",\"url\":\"https:\\\/\\\/www.kktavastia.fi\\\/lukiot-kauriala\\\/erityislinjat\\\/tiedelukio\\\/\",\"name\":\"Kaurialan lukio on tiedelukio | Hae tiedelinjalle Kaurialan lukioon\",\"isPartOf\":{\"@id\":\"https:\\\/\\\/www.kktavastia.fi\\\/lukiot-kauriala\\\/#website\"},\"primaryImageOfPage\":{\"@id\":\"https:\\\/\\\/www.kktavastia.fi\\\/lukiot-kauriala\\\/erityislinjat\\\/tiedelukio\\\/#primaryimage\"},\"image\":{\"@id\":\"https:\\\/\\\/www.kktavastia.fi\\\/lukiot-kauriala\\\/erityislinjat\\\/tiedelukio\\\/#primaryimage\"},\"thumbnailUrl\":\"https:\\\/\\\/www.kktavastia.fi\\\/media\\\/sites\\\/6\\\/lukiolaiset-38-lowres-683x1024.jpg\",\"datePublished\":\"2020-12-29T10:54:42+00:00\",\"dateModified\":\"2025-12-16T10:51:49+00:00\",\"description\":\"Kaurialan lukiossa toimii tiedelukio. Tiedelukioon haetaan yhteishaussa. Tiedelinjan lis\u00e4ksi Kaurialassa voi opiskella my\u00f6s yleislinjalla.\",\"breadcrumb\":{\"@id\":\"https:\\\/\\\/www.kktavastia.fi\\\/lukiot-kauriala\\\/erityislinjat\\\/tiedelukio\\\/#breadcrumb\"},\"inLanguage\":\"fi\",\"potentialAction\":[{\"@type\":\"ReadAction\",\"target\":[\"https:\\\/\\\/www.kktavastia.fi\\\/lukiot-kauriala\\\/erityislinjat\\\/tiedelukio\\\/\"]}]},{\"@type\":\"ImageObject\",\"inLanguage\":\"fi\",\"@id\":\"https:\\\/\\\/www.kktavastia.fi\\\/lukiot-kauriala\\\/erityislinjat\\\/tiedelukio\\\/#primaryimage\",\"url\":\"https:\\\/\\\/www.kktavastia.fi\\\/media\\\/sites\\\/6\\\/lukiolaiset-38-lowres-683x1024.jpg\",\"contentUrl\":\"https:\\\/\\\/www.kktavastia.fi\\\/media\\\/sites\\\/6\\\/lukiolaiset-38-lowres-683x1024.jpg\"},{\"@type\":\"BreadcrumbList\",\"@id\":\"https:\\\/\\\/www.kktavastia.fi\\\/lukiot-kauriala\\\/erityislinjat\\\/tiedelukio\\\/#breadcrumb\",\"itemListElement\":[{\"@type\":\"ListItem\",\"position\":1,\"name\":\"Home\",\"item\":\"https:\\\/\\\/www.kktavastia.fi\\\/lukiot-kauriala\\\/\"},{\"@type\":\"ListItem\",\"position\":2,\"name\":\"Erityislinjat\",\"item\":\"https:\\\/\\\/www.kktavastia.fi\\\/lukiot-kauriala\\\/erityislinjat\\\/\"},{\"@type\":\"ListItem\",\"position\":3,\"name\":\"LUMA-lukio\"}]},{\"@type\":\"WebSite\",\"@id\":\"https:\\\/\\\/www.kktavastia.fi\\\/lukiot-kauriala\\\/#website\",\"url\":\"https:\\\/\\\/www.kktavastia.fi\\\/lukiot-kauriala\\\/\",\"name\":\"Kaurialan lukio\",\"description\":\"\",\"potentialAction\":[{\"@type\":\"SearchAction\",\"target\":{\"@type\":\"EntryPoint\",\"urlTemplate\":\"https:\\\/\\\/www.kktavastia.fi\\\/lukiot-kauriala\\\/?s={search_term_string}\"},\"query-input\":{\"@type\":\"PropertyValueSpecification\",\"valueRequired\":true,\"valueName\":\"search_term_string\"}}],\"inLanguage\":\"fi\"}]}<\/script>","yoast_head_json":{"title":"Kaurialan lukio on tiedelukio | Hae tiedelinjalle Kaurialan lukioon","description":"Kaurialan lukiossa toimii tiedelukio. Tiedelukioon haetaan yhteishaussa. Tiedelinjan lis\u00e4ksi Kaurialassa voi opiskella my\u00f6s yleislinjalla.","robots":{"index":"index","follow":"follow","max-snippet":"max-snippet:-1","max-image-preview":"max-image-preview:large","max-video-preview":"max-video-preview:-1"},"canonical":"https:\/\/www.kktavastia.fi\/lukiot-kauriala\/erityislinjat\/tiedelukio\/","og_locale":"fi_FI","og_type":"article","og_title":"Kaurialan lukio on tiedelukio | Hae tiedelinjalle Kaurialan lukioon","og_description":"Kaurialan lukiossa toimii tiedelukio. Tiedelukioon haetaan yhteishaussa. Tiedelinjan lis\u00e4ksi Kaurialassa voi opiskella my\u00f6s yleislinjalla.","og_url":"https:\/\/www.kktavastia.fi\/lukiot-kauriala\/erityislinjat\/tiedelukio\/","og_site_name":"Kaurialan lukio","article_modified_time":"2025-12-16T10:51:49+00:00","og_image":[{"width":1365,"height":2048,"url":"https:\/\/www.kktavastia.fi\/media\/sites\/6\/lukiolaiset-38-lowres-scaled.jpg","type":"image\/jpeg"}],"twitter_card":"summary_large_image","schema":{"@context":"https:\/\/schema.org","@graph":[{"@type":"WebPage","@id":"https:\/\/www.kktavastia.fi\/lukiot-kauriala\/erityislinjat\/tiedelukio\/","url":"https:\/\/www.kktavastia.fi\/lukiot-kauriala\/erityislinjat\/tiedelukio\/","name":"Kaurialan lukio on tiedelukio | Hae tiedelinjalle Kaurialan lukioon","isPartOf":{"@id":"https:\/\/www.kktavastia.fi\/lukiot-kauriala\/#website"},"primaryImageOfPage":{"@id":"https:\/\/www.kktavastia.fi\/lukiot-kauriala\/erityislinjat\/tiedelukio\/#primaryimage"},"image":{"@id":"https:\/\/www.kktavastia.fi\/lukiot-kauriala\/erityislinjat\/tiedelukio\/#primaryimage"},"thumbnailUrl":"https:\/\/www.kktavastia.fi\/media\/sites\/6\/lukiolaiset-38-lowres-683x1024.jpg","datePublished":"2020-12-29T10:54:42+00:00","dateModified":"2025-12-16T10:51:49+00:00","description":"Kaurialan lukiossa toimii tiedelukio. Tiedelukioon haetaan yhteishaussa. Tiedelinjan lis\u00e4ksi Kaurialassa voi opiskella my\u00f6s yleislinjalla.","breadcrumb":{"@id":"https:\/\/www.kktavastia.fi\/lukiot-kauriala\/erityislinjat\/tiedelukio\/#breadcrumb"},"inLanguage":"fi","potentialAction":[{"@type":"ReadAction","target":["https:\/\/www.kktavastia.fi\/lukiot-kauriala\/erityislinjat\/tiedelukio\/"]}]},{"@type":"ImageObject","inLanguage":"fi","@id":"https:\/\/www.kktavastia.fi\/lukiot-kauriala\/erityislinjat\/tiedelukio\/#primaryimage","url":"https:\/\/www.kktavastia.fi\/media\/sites\/6\/lukiolaiset-38-lowres-683x1024.jpg","contentUrl":"https:\/\/www.kktavastia.fi\/media\/sites\/6\/lukiolaiset-38-lowres-683x1024.jpg"},{"@type":"BreadcrumbList","@id":"https:\/\/www.kktavastia.fi\/lukiot-kauriala\/erityislinjat\/tiedelukio\/#breadcrumb","itemListElement":[{"@type":"ListItem","position":1,"name":"Home","item":"https:\/\/www.kktavastia.fi\/lukiot-kauriala\/"},{"@type":"ListItem","position":2,"name":"Erityislinjat","item":"https:\/\/www.kktavastia.fi\/lukiot-kauriala\/erityislinjat\/"},{"@type":"ListItem","position":3,"name":"LUMA-lukio"}]},{"@type":"WebSite","@id":"https:\/\/www.kktavastia.fi\/lukiot-kauriala\/#website","url":"https:\/\/www.kktavastia.fi\/lukiot-kauriala\/","name":"Kaurialan lukio","description":"","potentialAction":[{"@type":"SearchAction","target":{"@type":"EntryPoint","urlTemplate":"https:\/\/www.kktavastia.fi\/lukiot-kauriala\/?s={search_term_string}"},"query-input":{"@type":"PropertyValueSpecification","valueRequired":true,"valueName":"search_term_string"}}],"inLanguage":"fi"}]}},"_links":{"self":[{"href":"https:\/\/www.kktavastia.fi\/lukiot-kauriala\/wp-json\/wp\/v2\/pages\/55","targetHints":{"allow":["GET"]}}],"collection":[{"href":"https:\/\/www.kktavastia.fi\/lukiot-kauriala\/wp-json\/wp\/v2\/pages"}],"about":[{"href":"https:\/\/www.kktavastia.fi\/lukiot-kauriala\/wp-json\/wp\/v2\/types\/page"}],"author":[{"embeddable":true,"href":"https:\/\/www.kktavastia.fi\/lukiot-kauriala\/wp-json\/wp\/v2\/users\/6"}],"replies":[{"embeddable":true,"href":"https:\/\/www.kktavastia.fi\/lukiot-kauriala\/wp-json\/wp\/v2\/comments?post=55"}],"version-history":[{"count":25,"href":"https:\/\/www.kktavastia.fi\/lukiot-kauriala\/wp-json\/wp\/v2\/pages\/55\/revisions"}],"predecessor-version":[{"id":4934,"href":"https:\/\/www.kktavastia.fi\/lukiot-kauriala\/wp-json\/wp\/v2\/pages\/55\/revisions\/4934"}],"up":[{"embeddable":true,"href":"https:\/\/www.kktavastia.fi\/lukiot-kauriala\/wp-json\/wp\/v2\/pages\/4821"}],"wp:attachment":[{"href":"https:\/\/www.kktavastia.fi\/lukiot-kauriala\/wp-json\/wp\/v2\/media?parent=55"}],"curies":[{"name":"wp","href":"https:\/\/api.w.org\/{rel}","templated":true}]}}