{"id":4821,"date":"2025-10-09T13:36:52","date_gmt":"2025-10-09T10:36:52","guid":{"rendered":"https:\/\/www.kktavastia.fi\/lukiot-kauriala\/?page_id=4821"},"modified":"2025-10-09T13:59:43","modified_gmt":"2025-10-09T10:59:43","slug":"erityislinjat","status":"publish","type":"page","link":"https:\/\/www.kktavastia.fi\/lukiot-kauriala\/erityislinjat\/","title":{"rendered":"Erityislinjat"},"content":{"rendered":"\n<p class=\"is-style-ingress\">Kaurialan lukiossa on yleislukion lis\u00e4ksi tarjolla LUMA-lukio eli matemaattisluonnontieteellinen lukio sek\u00e4 uutuutena taidelinja alkaen 2026. <\/p>\n\n\n\n<p>Lue lis\u00e4\u00e4 taidelinjasta <a href=\"https:\/\/www.kktavastia.fi\/lukiot-kauriala\/taidelinja\/\">t\u00e4\u00e4lt\u00e4<\/a>. <\/p>\n\n\n\n<p>Lis\u00e4tietoa LUMA-lukiosta l\u00f6yd\u00e4t <a href=\"https:\/\/www.kktavastia.fi\/lukiot-kauriala\/tiedelukio\/\">t\u00e4\u00e4lt\u00e4<\/a>. <\/p>\n\n\n\n<p><\/p>\n","protected":false},"excerpt":{"rendered":"<p>Kaurialan lukiossa on yleislukion lis\u00e4ksi tarjolla LUMA-lukio eli matemaattisluonnontieteellinen lukio sek\u00e4 uutuutena taidelinja alkaen 2026. Lue lis\u00e4\u00e4 taidelinjasta t\u00e4\u00e4lt\u00e4. Lis\u00e4tietoa [&hellip;]<\/p>\n","protected":false},"author":3,"featured_media":0,"parent":0,"menu_order":0,"comment_status":"closed","ping_status":"closed","template":"","meta":{"_acf_changed":false,"_relevanssi_hide_post":"","_relevanssi_hide_content":"","_relevanssi_pin_for_all":"","_relevanssi_pin_keywords":"","_relevanssi_unpin_keywords":"","_relevanssi_related_keywords":"","_relevanssi_related_include_ids":"","_relevanssi_related_exclude_ids":"","_relevanssi_related_no_append":"","_relevanssi_related_not_related":"","_relevanssi_related_posts":"102,96,4,98,86,78","_relevanssi_noindex_reason":"","footnotes":""},"class_list":["post-4821","page","type-page","status-publish","hentry"],"acf":[],"yoast_head":"<title>Erityislinjat - Kaurialan lukio<\/title>\n<meta name=\"robots\" content=\"index, follow, max-snippet:-1, max-image-preview:large, max-video-preview:-1\" \/>\n<link rel=\"canonical\" href=\"https:\/\/www.kktavastia.fi\/lukiot-kauriala\/erityislinjat\/\" \/>\n<meta property=\"og:locale\" content=\"fi_FI\" \/>\n<meta property=\"og:type\" content=\"article\" \/>\n<meta property=\"og:title\" content=\"Erityislinjat - Kaurialan lukio\" \/>\n<meta property=\"og:description\" content=\"Kaurialan lukiossa on yleislukion lis\u00e4ksi tarjolla LUMA-lukio eli matemaattisluonnontieteellinen lukio sek\u00e4 uutuutena taidelinja alkaen 2026. Lue lis\u00e4\u00e4 taidelinjasta t\u00e4\u00e4lt\u00e4. Lis\u00e4tietoa [&hellip;]\" \/>\n<meta property=\"og:url\" content=\"https:\/\/www.kktavastia.fi\/lukiot-kauriala\/erityislinjat\/\" \/>\n<meta property=\"og:site_name\" content=\"Kaurialan lukio\" \/>\n<meta property=\"article:modified_time\" content=\"2025-10-09T10:59:43+00:00\" \/>\n<meta name=\"twitter:card\" content=\"summary_large_image\" \/>\n<script type=\"application\/ld+json\" class=\"yoast-schema-graph\">{\"@context\":\"https:\\\/\\\/schema.org\",\"@graph\":[{\"@type\":\"WebPage\",\"@id\":\"https:\\\/\\\/www.kktavastia.fi\\\/lukiot-kauriala\\\/erityislinjat\\\/\",\"url\":\"https:\\\/\\\/www.kktavastia.fi\\\/lukiot-kauriala\\\/erityislinjat\\\/\",\"name\":\"Erityislinjat - Kaurialan lukio\",\"isPartOf\":{\"@id\":\"https:\\\/\\\/www.kktavastia.fi\\\/lukiot-kauriala\\\/#website\"},\"datePublished\":\"2025-10-09T10:36:52+00:00\",\"dateModified\":\"2025-10-09T10:59:43+00:00\",\"breadcrumb\":{\"@id\":\"https:\\\/\\\/www.kktavastia.fi\\\/lukiot-kauriala\\\/erityislinjat\\\/#breadcrumb\"},\"inLanguage\":\"fi\",\"potentialAction\":[{\"@type\":\"ReadAction\",\"target\":[\"https:\\\/\\\/www.kktavastia.fi\\\/lukiot-kauriala\\\/erityislinjat\\\/\"]}]},{\"@type\":\"BreadcrumbList\",\"@id\":\"https:\\\/\\\/www.kktavastia.fi\\\/lukiot-kauriala\\\/erityislinjat\\\/#breadcrumb\",\"itemListElement\":[{\"@type\":\"ListItem\",\"position\":1,\"name\":\"Home\",\"item\":\"https:\\\/\\\/www.kktavastia.fi\\\/lukiot-kauriala\\\/\"},{\"@type\":\"ListItem\",\"position\":2,\"name\":\"Erityislinjat\"}]},{\"@type\":\"WebSite\",\"@id\":\"https:\\\/\\\/www.kktavastia.fi\\\/lukiot-kauriala\\\/#website\",\"url\":\"https:\\\/\\\/www.kktavastia.fi\\\/lukiot-kauriala\\\/\",\"name\":\"Kaurialan lukio\",\"description\":\"\",\"potentialAction\":[{\"@type\":\"SearchAction\",\"target\":{\"@type\":\"EntryPoint\",\"urlTemplate\":\"https:\\\/\\\/www.kktavastia.fi\\\/lukiot-kauriala\\\/?s={search_term_string}\"},\"query-input\":{\"@type\":\"PropertyValueSpecification\",\"valueRequired\":true,\"valueName\":\"search_term_string\"}}],\"inLanguage\":\"fi\"}]}<\/script>","yoast_head_json":{"title":"Erityislinjat - Kaurialan lukio","robots":{"index":"index","follow":"follow","max-snippet":"max-snippet:-1","max-image-preview":"max-image-preview:large","max-video-preview":"max-video-preview:-1"},"canonical":"https:\/\/www.kktavastia.fi\/lukiot-kauriala\/erityislinjat\/","og_locale":"fi_FI","og_type":"article","og_title":"Erityislinjat - Kaurialan lukio","og_description":"Kaurialan lukiossa on yleislukion lis\u00e4ksi tarjolla LUMA-lukio eli matemaattisluonnontieteellinen lukio sek\u00e4 uutuutena taidelinja alkaen 2026. Lue lis\u00e4\u00e4 taidelinjasta t\u00e4\u00e4lt\u00e4. Lis\u00e4tietoa [&hellip;]","og_url":"https:\/\/www.kktavastia.fi\/lukiot-kauriala\/erityislinjat\/","og_site_name":"Kaurialan lukio","article_modified_time":"2025-10-09T10:59:43+00:00","twitter_card":"summary_large_image","schema":{"@context":"https:\/\/schema.org","@graph":[{"@type":"WebPage","@id":"https:\/\/www.kktavastia.fi\/lukiot-kauriala\/erityislinjat\/","url":"https:\/\/www.kktavastia.fi\/lukiot-kauriala\/erityislinjat\/","name":"Erityislinjat - Kaurialan lukio","isPartOf":{"@id":"https:\/\/www.kktavastia.fi\/lukiot-kauriala\/#website"},"datePublished":"2025-10-09T10:36:52+00:00","dateModified":"2025-10-09T10:59:43+00:00","breadcrumb":{"@id":"https:\/\/www.kktavastia.fi\/lukiot-kauriala\/erityislinjat\/#breadcrumb"},"inLanguage":"fi","potentialAction":[{"@type":"ReadAction","target":["https:\/\/www.kktavastia.fi\/lukiot-kauriala\/erityislinjat\/"]}]},{"@type":"BreadcrumbList","@id":"https:\/\/www.kktavastia.fi\/lukiot-kauriala\/erityislinjat\/#breadcrumb","itemListElement":[{"@type":"ListItem","position":1,"name":"Home","item":"https:\/\/www.kktavastia.fi\/lukiot-kauriala\/"},{"@type":"ListItem","position":2,"name":"Erityislinjat"}]},{"@type":"WebSite","@id":"https:\/\/www.kktavastia.fi\/lukiot-kauriala\/#website","url":"https:\/\/www.kktavastia.fi\/lukiot-kauriala\/","name":"Kaurialan lukio","description":"","potentialAction":[{"@type":"SearchAction","target":{"@type":"EntryPoint","urlTemplate":"https:\/\/www.kktavastia.fi\/lukiot-kauriala\/?s={search_term_string}"},"query-input":{"@type":"PropertyValueSpecification","valueRequired":true,"valueName":"search_term_string"}}],"inLanguage":"fi"}]}},"_links":{"self":[{"href":"https:\/\/www.kktavastia.fi\/lukiot-kauriala\/wp-json\/wp\/v2\/pages\/4821","targetHints":{"allow":["GET"]}}],"collection":[{"href":"https:\/\/www.kktavastia.fi\/lukiot-kauriala\/wp-json\/wp\/v2\/pages"}],"about":[{"href":"https:\/\/www.kktavastia.fi\/lukiot-kauriala\/wp-json\/wp\/v2\/types\/page"}],"author":[{"embeddable":true,"href":"https:\/\/www.kktavastia.fi\/lukiot-kauriala\/wp-json\/wp\/v2\/users\/3"}],"replies":[{"embeddable":true,"href":"https:\/\/www.kktavastia.fi\/lukiot-kauriala\/wp-json\/wp\/v2\/comments?post=4821"}],"version-history":[{"count":4,"href":"https:\/\/www.kktavastia.fi\/lukiot-kauriala\/wp-json\/wp\/v2\/pages\/4821\/revisions"}],"predecessor-version":[{"id":4833,"href":"https:\/\/www.kktavastia.fi\/lukiot-kauriala\/wp-json\/wp\/v2\/pages\/4821\/revisions\/4833"}],"wp:attachment":[{"href":"https:\/\/www.kktavastia.fi\/lukiot-kauriala\/wp-json\/wp\/v2\/media?parent=4821"}],"curies":[{"name":"wp","href":"https:\/\/api.w.org\/{rel}","templated":true}]}}