{"id":3525,"date":"2022-11-02T10:27:09","date_gmt":"2022-11-02T08:27:09","guid":{"rendered":"https:\/\/www.kktavastia.fi\/lukiot-kauriala\/?page_id=3525"},"modified":"2026-02-05T13:34:20","modified_gmt":"2026-02-05T11:34:20","slug":"korkeakouluyhteistyo","status":"publish","type":"page","link":"https:\/\/www.kktavastia.fi\/lukiot-kauriala\/opiskelijalle\/korkeakouluyhteistyo\/","title":{"rendered":"Korkeakouluyhteisty\u00f6"},"content":{"rendered":"\n<p class=\"is-style-ingress\">Osallistuminen kurkistuskursseille eli korkea-asteen opintoihin kannattaa jo lukiossa. Tavoitteena on sujuvoittaa opiskelijan siirtymist\u00e4 toiselta asteelta korkea-asteelle.<\/p>\n\n\n\n<h3 class=\"wp-block-heading\" id=\"mita-kurkistuskursseilla-tarkoitetaan\">Mit\u00e4 kurkistuskursseilla tarkoitetaan?<\/h3>\n\n\n\n<p>Olemme ker\u00e4nneet t\u00e4lle sivulle&nbsp; linkkej\u00e4 lukiolaisille sopiviin korkea-asteen opintoihin. T\u00e4st\u00e4 p\u00e4\u00e4set katsomaan nopeasti tarjontaa. <a href=\"https:\/\/opin.fi\/fi\" id=\"https:\/\/opin.fi\/fi\" target=\"_blank\" rel=\"noreferrer noopener nofollow\">Opin.fi<\/a><\/p>\n\n\n\n<p>Korkea-asteen kurssisuoritukset hyv\u00e4ksyt\u00e4\u00e4n my\u00f6s lukio-opinnoiksi. Suurin osa kursseista on maksuttomia, ja ne toteutetaan verkko-opintoina. Mahdollisista kurssimaksuista huolehtii opiskelija itse. Kurkistuskursseilla opiskelija saa mahdollisuuden tutustua korkeakoulutukseen, eri aloihin ja opintojen edellytt\u00e4miin valmiuksiin.<\/p>\n\n\n\n<h3 class=\"wp-block-heading\" id=\"miksi-osallistua\">Miksi osallistua?<\/h3>\n\n\n\n<p>Lukion yksi t\u00e4rke\u00e4 teht\u00e4v\u00e4 on valmistaa opiskelijoita korkea-asteen opintoihin. Tavoitteena on sujuvoittaa opiskelijan siirtymist\u00e4 toiselta asteelta korkea-asteelle. Siksi jokaisen lukiolaisen on hy\u00f6dyllist\u00e4 opiskella ainakin yksi korkea-asteen kurssi jo lukioaikana.<\/p>\n\n\n\n<p>Huomaathan, ett\u00e4 osaan kursseista voi ilmoittautua mukaan opiskelemaan ymp\u00e4ri vuoden ja osa taas on suoritettavissa vain tiettyn\u00e4 aikana vuodesta.<\/p>\n\n\n\n<p>Jos sinulla on tietoa hyvist\u00e4 l\u00e4hinn\u00e4 maksuttomista korkea-asteen kursseista, anna meille <a href=\"https:\/\/www.kktavastia.fi\/palaute\/\">palautetta<\/a> (valitse valikosta oma lukiosi) ja lis\u00e4\u00e4mme kursseja nettisivustollemme.<\/p>\n\n\n\n<h2 class=\"wp-block-heading\" id=\"yliopistot\">Yliopistot<\/h2>\n\n\n\n<div class=\"wp-block-cover\"><span aria-hidden=\"true\" class=\"wp-block-cover__background has-background-dim\"><\/span><div class=\"wp-block-cover__inner-container is-layout-flow wp-block-cover-is-layout-flow\">\n<div class=\"wp-block-group\"><div class=\"wp-block-group__inner-container is-layout-constrained wp-block-group-is-layout-constrained\">\n<h3 class=\"wp-block-heading\">Helsingin avoin yliopisto &nbsp;<\/h3>\n\n\n\n<h3 class=\"wp-block-heading\"><strong>KK Tavastialla on Helsingin avoimen yliopiston sek\u00e4 It\u00e4-Suomen yliopiston kanssa sopimus kurssien maksuttomuudesta Tavastian lukiolaisille. Kun haluat opiskella n\u00e4iden yliopistojen kursseilla, ota ensin yhteytt\u00e4 omaan opinto-ohjaajaasi, joka ohjaa, miten maksuttomuus toteutuu.<\/strong><\/h3>\n\n\n\n<p><a href=\"https:\/\/www.helsinki.fi\/fi\/hakeminen-ja-opetus\/etsi-koulutuksia-ja-kursseja?s_itg=open_university&amp;s_its=%2A&amp;s_p=1&amp;s_q=&amp;s_s=start&amp;s_tag=gymnasium_and_vocational_students&amp;s_y=486\">Lukiolaisille sopivia avoimen yliopiston kursseja<\/a>&nbsp;<\/p>\n\n\n\n<p><a href=\"https:\/\/www.helsinki.fi\/fi\/hakeminen-ja-opetus\/etsi-koulutuksia-ja-kursseja?s_itg=open_university&amp;s_its=%2A&amp;s_p=1&amp;s_q=&amp;s_s=start&amp;s_tag=opintotarjonta%3Atutustumiskurssi_kurssi&amp;s_y=420\">Maksuttomat tutustumiskurssit lukiolaisille<\/a>&nbsp;<\/p>\n\n\n\n<p>Joihinkin&nbsp;Helsingin&nbsp;yliopiston&nbsp;koulutusohjelmiin&nbsp;voi&nbsp;hakea&nbsp;avointen&nbsp;yliopisto-opintojen&nbsp;perusteella. <a href=\"https:\/\/www.helsinki.fi\/fi\/hakeminen-ja-opetus\/hae-kandi-ja-maisteriohjelmiin\/avoimen-vaylan-haku\">Lue lis\u00e4\u00e4.<\/a> &nbsp;<\/p>\n\n\n\n<h3 class=\"wp-block-heading\">It\u00e4-Suomen yliopisto<\/h3>\n\n\n\n<p><a href=\"https:\/\/www.uef.fi\/fi\/yhteistyo-lukioiden-ja-toisen-asteen-oppilaitosten-kanssa\">It\u00e4-Suomen yliopiston opintotarjonta toisen asteen opiskelijoille<\/a><\/p>\n<\/div><\/div>\n<\/div><\/div>\n\n\n\n<p><\/p>\n\n\n\n<h3 class=\"wp-block-heading\" id=\"jyvaskylan-yliopisto\">Jyv\u00e4skyl\u00e4n yliopisto<\/h3>\n\n\n\n<p><a href=\"https:\/\/www.jyu.fi\/fi\/tule-opiskelemaan\/opinnot-toiselle-asteelle\">Jyv\u00e4skyl\u00e4n yliopiston opintotarjonta<\/a><\/p>\n\n\n\n<p><a href=\"https:\/\/www.jyu.fi\/fi\/avoin-yliopisto\/opinnot\/maksuttomat-opinnot-jyu-avoimessa-yliopistossa\" target=\"_blank\" rel=\"noreferrer noopener\">Maksuttomat opinnot Jyv\u00e4skyl\u00e4n yliopiston avoimessa yliopistossa<\/a><\/p>\n\n\n\n<h3 class=\"wp-block-heading\" id=\"tampereen-yliopisto\">Tampereen yliopisto<\/h3>\n\n\n\n<p>Tampereen yliopiston ja Tampereen ammattikorkeakoulun kurssit toisen asteen opiskelijoille l\u00f6yd\u00e4t <a href=\"https:\/\/www.tuni.fi\/fi\/tule-opiskelemaan\/toisen-asteen-yhteistyoopinnot\">t\u00e4\u00e4lt\u00e4<\/a>. <\/p>\n\n\n\n<p>Ilmoittaudu suoraan opinnot tarjoavaan oppilaitokseen.&nbsp;<\/p>\n\n\n\n<h3 class=\"wp-block-heading\" id=\"tampereen-kesayliopisto\">Tampereen kes\u00e4yliopisto<\/h3>\n\n\n\n<p>Lue <a href=\"https:\/\/tampereenkesayliopisto.fi\/opiskelijalle\/lukio-opiskelijoille\/\">lukiolaisille soveltuvista opinnoista<\/a> lis\u00e4\u00e4. Tampereen kes\u00e4yliopiston kurssit ovat maksuttomia vain sopimuslukioille, eli KK-Tavastian lukiolaisille ne ovat maksullisia.<\/p>\n\n\n\n<h3 class=\"wp-block-heading\" id=\"helsingin-yliopisto\">Helsingin yliopisto<\/h3>\n\n\n\n<p><a href=\"https:\/\/www2.helsinki.fi\/fi\/tiedekasvatus\/lapsille-nuorille-ja-perheille\/lukiolaisten-tiedeopinnot#section-38379\">Lukiolaisten tiedeopinnot<\/a><\/p>\n\n\n\n<p><a href=\"https:\/\/tiedelukutaito.mooc.fi\/\">Tiedelukutaidon perusteet<\/a> -kurssi on Mooc-kurssi, jonka hyv\u00e4ksytyst\u00e4 suorituksesta Helsingin yliopisto my\u00f6nt\u00e4\u00e4 2 opintopistett\u00e4.<\/p>\n\n\n\n<p><a href=\"https:\/\/buildingai.elementsofai.com\/?_ga=2.189688555.1708904307.1606932734-205444333.1604653826\">Teko\u00e4ly\u00e4 k\u00e4yt\u00e4nn\u00f6ss\u00e4<\/a><\/p>\n\n\n\n<p>\u201cTeko\u00e4ly\u00e4 k\u00e4yt\u00e4nn\u00f6ss\u00e4\u201d on ilmainen verkkokurssi jossa uppoudutaan kirjaimellisesti teko\u00e4lyn luomiseen algoritmien ja k\u00e4yt\u00e4nn\u00f6n esimerkkien kautta. Jotta saisit kurssista mahdollisimman paljon irti, sinun olisi hyv\u00e4 tuntea Python-ohjelmoinnin perusteet. Kurssi on t\u00e4ll\u00e4 hetkell\u00e4 saatavilla vain englanniksi.<\/p>\n\n\n\n<h3 class=\"wp-block-heading\" id=\"ita-suomen-yliopisto\">It\u00e4-Suomen yliopisto<\/h3>\n\n\n\n<p><\/p>\n\n\n\n<p><a href=\"https:\/\/www.uef.fi\/fi\/yhteistyo-lukioiden-ja-toisen-asteen-oppilaitosten-kanssa\">Opetusta ja tapahtumia toisen asteen opiskelijoille<\/a><\/p>\n\n\n\n<p>Avoin yliopisto tarjoaa 100 erilaista yliopiston opintoainetta, joiden avulla voi tutustua, t\u00e4ydent\u00e4\u00e4 opintojaan tai hy\u00f6dynt\u00e4\u00e4 v\u00e4livuotena. Maksullisia.<\/p>\n\n\n\n<p>MOOC-kurssit, maksuton tapa tutustua erilaisiin tieteenaloihin ja teemoihin. Kurssin suorituksen rekister\u00f6iminen maksaa. <a href=\"https:\/\/www.uef.fi\/fi\/mooc-kurssit\">https:\/\/www.uef.fi\/fi\/mooc-kurssit<\/a><\/p>\n\n\n\n<h3 class=\"wp-block-heading\" id=\"turun-yliopisto\">Turun yliopisto<\/h3>\n\n\n\n<p><a href=\"https:\/\/www.utu.fi\/fi\/opiskelijaksi\/tutustu-yliopistoon\">Turun yliopiston avoimen yliopiston tarjonta<\/a>. <\/p>\n\n\n\n<p>MOOC-kurssit, maksuton tapa tutustua erilaisiin tieteenaloihin. Kurssin rekister\u00f6iminen maksaa. <a href=\"https:\/\/www.utu.fi\/fi\/opiskelijaksi\/avoin-oppimateriaali_MOOC\">https:\/\/www.utu.fi\/fi\/opiskelijaksi\/avoin-oppimateriaali_MOOC<\/a><\/p>\n\n\n\n<p>Yliopisto-opintoihin avoimen v\u00e4yl\u00e4n kautta mahdollista seuraavista kursseista:<\/p>\n\n\n\n<p><a href=\"https:\/\/www.utu.fi\/fi\/opiskelijaksi\/hakeminen\/avoin-vayla\">https:\/\/www.utu.fi\/fi\/opiskelijaksi\/hakeminen\/avoin-vayla<\/a><\/p>\n\n\n\n<h3 class=\"wp-block-heading\">FITech-verkostoyliopisto<\/h3>\n\n\n\n<p><a href=\"http:\/\/fitech.io\/fi\/\">Valikoituja opintoja<\/a> kaikista tekniikan alan yliopistoista Suomessa. Kurssit ovat kaikille avoimia.<\/p>\n\n\n\n<h3 class=\"wp-block-heading\">Oulun yliopisto<\/h3>\n\n\n\n<p>Maksuttoman avoimen yliopiston <a href=\"https:\/\/joy.oulu.fi\/fi\/avoin-yliopisto\/avoimen-yliopiston-opintotarjonta-toisen-asteen-opiskelijoille\">tutustumisopinnot lukiolaisille<\/a>.<\/p>\n\n\n\n<h3 class=\"wp-block-heading\">Lapin yliopisto<\/h3>\n\n\n\n<p>Lapin yliopiston lukiolaisten <a href=\"https:\/\/www.ulapland.fi\/FI\/Yksikot\/Avoin-yliopisto\/Opintotarjonta-lukuvuosi-2024%E2%80%9325\">kurkistusopinnot.<\/a><\/p>\n\n\n\n<h3 class=\"wp-block-heading\">Vaasan yliopisto<\/h3>\n\n\n\n<p>Vaasan yliopiston <a href=\"https:\/\/www.uwasa.fi\/fi\/koulutus\/avoin\/opiskelu\/tutustumiskurssit\">kurkistusopinnot.<\/a><\/p>\n\n\n\n<h2 class=\"wp-block-heading\" id=\"ammattikorkeakoulut-ja-avoimet-ammattikorkeakoulut\">Ammattikorkeakoulut ja avoimet ammattikorkeakoulut<\/h2>\n\n\n\n<p>Useimmat ammattikorkeakoulut tarjoavat maksuttomia kurkistuskursseja, joita voi my\u00f6hemmin hyv\u00e4ksilukea, mik\u00e4li p\u00e4\u00e4tyy tutkinto-opiskelijaksi. Googlaa tai hy\u00f6dynn\u00e4 alla olevia linkkej\u00e4!<\/p>\n\n\n\n<p><a href=\"https:\/\/www.diak.fi\/avoin-amk\/opintotarjonta\/toisen-asteen-opiskelijoille\/#b1c1fb5e\"><strong>DIAK<\/strong><\/a><\/p>\n\n\n\n<p>Maksuttomat orientaatiokurssit verkossa liittyen sairaanhoitajan, terveydenhoitajan, sosionomin tai tulkkauksen opintoihin.<\/p>\n\n\n\n<p>DIAKIN <a href=\"https:\/\/www.diak.fi\/avoimen-amkn-nonstop-opinnot\/\"><strong>Non-stop-opinnot<\/strong><\/a><\/p>\n\n\n\n<p><a href=\"https:\/\/www.haaga-helia.fi\/fi\/avoin-amk-lukiolaisille\"><strong>Haaga-Helia<\/strong><\/a><\/p>\n\n\n\n<p>Lukiolaisille suunnatut opinnot maksuttomia, muu opintotarjonta maksullista. Kurssilistaus l\u00f6ytyy yll\u00e4olevan linkin kautta-<\/p>\n\n\n\n<p><strong><a href=\"https:\/\/www.hamk.fi\/tule-opiskelemaan\/jatkuva-oppiminen\/avoin-amk\/\">HAMK<\/a><\/strong><\/p>\n\n\n\n<p>Opinnot p\u00e4\u00e4osin maksullisia. <\/p>\n\n\n\n<ul class=\"wp-block-list\">\n<li>Medialukutaidon ty\u00f6kalupakki<\/li>\n\n\n\n<li>Kest\u00e4v\u00e4 kehitys.nyt<\/li>\n\n\n\n<li>&nbsp;IoT, Microcontrollers (englanniksi)<\/li>\n<\/ul>\n\n\n\n<p>Opiskelija voi suorittaa toisen asteen opintojen aikana amk-opintoja osana tutkintoa. T\u00e4m\u00e4n j\u00e4lkeen opiskelija voi hakea HAMKiin tutkinto-opiskelijaksi toisen asteen tutkinnon ja HAMKissa suoritettujen opintojen perusteella ilman valintakoetta. <a href=\"https:\/\/www.hamk.fi\/hae-hamkiin\/vaylaopinnot\/\">www.hamk.fi\/hae-hamkiin\/vaylaopinnot\/ <\/a><\/p>\n\n\n\n<p><a href=\"https:\/\/kauppa.humak.fi\/tuote-osasto\/kurkistuskurssit\/\"><strong>HUMAK<\/strong><\/a><\/p>\n\n\n\n<p>Maksuttomat, verkossa suoritettavat kurkistuskurssit kulttuurintuottajan, yhteis\u00f6pedagogin ja tulkkauksen koulutuksiin.<\/p>\n\n\n\n<p><strong><a href=\"https:\/\/www.jamk.fi\/fi\/hae-opiskelemaan\/avoin\/ammattikorkeakouluopinnot-lukiolaisille-ja-ammattiin-opiskeleville\">JAMK<\/a><\/strong><\/p>\n\n\n\n<p>Saatavilla verkko-opintoja. Opinnot ovat maksullisia Tavastian opiskelijoille.<\/p>\n\n\n\n<p><strong><a href=\"https:\/\/kamk.fi\/hae-lisakoulutusta-taydenna-osaamistasi\/avoin-amk\/amk-opinnot-toisen-asteen-opiskelijalle\">KAMK<\/a><\/strong><\/p>\n\n\n\n<h4 class=\"wp-block-heading\" id=\"karelia-amk\"><a href=\"https:\/\/kamk.fi\/hae-lisakoulutusta-taydenna-osaamistasi\/avoin-amk\/amk-opinnot-toisen-asteen-opiskelijalle\/)\">Karelia AMK<\/a><\/h4>\n\n\n\n<p>Valittavissa verkko-opintoja. Nimetyt opinnot (linkki yll\u00e4) ovat 2. asteen opiskelijoille maksuttomia, muut maksullisia.<\/p>\n\n\n\n<p><strong><a href=\"https:\/\/lab.fi\/fi\/koulutus\/avoin-amk\">LAB-ammattikorkeakoulu<\/a><\/strong><\/p>\n\n\n\n<p>Verkko-opinnot yll\u00e4olevan linkin takana. Kaikki yksitt\u00e4iset opintojaksot ovat 2. asteen opiskelijoille maksuttomia.<\/p>\n\n\n\n<h4 class=\"wp-block-heading\" id=\"laurea-amk\"><a href=\"https:\/\/www.laurea.fi\/koulutus\/avoin-ammattikorkeakoulu\/\">Laurea AMK<\/a><\/h4>\n\n\n\n<p>Laurean avoimen ammattikorkeakoulun opinnoista l\u00f6yd\u00e4t juuri lukiolaisille suunniteltuja opintoja, joita voit suorittaa jo lukioaikana ja halutessasi lukea hyv\u00e4ksi, kun aloitat opiskelut Laureassa tutkinto-opiskelijana. Kurkistuskurssit ovat 2. asteen opiskelijoille maksuttomia, muut opinnot maksullisia.&nbsp;<\/p>\n\n\n\n<h4 class=\"wp-block-heading\" id=\"metropolia\"><a href=\"https:\/\/www.metropolia.fi\/fi\/opiskelu-metropoliassa\/lukiolaisille\">Metropolia<\/a><\/h4>\n\n\n\n<p>Kurkistuskurssit ovat 2. asteen opiskelijoille maksuttomia, muut opinnot maksullisia.<\/p>\n\n\n\n<p><a href=\"https:\/\/www.oamk.fi\/fi\/koulutus\/avoin-ammattikorkeakoulu\"><strong>OAMK<\/strong><\/a><\/p>\n\n\n\n<p>Opinnot p\u00e4\u00e4osin maksullisia. HUOM! Tavastian opiskelijat eiv\u00e4t voi valita OAMK Highway-opintoja.&nbsp;<\/p>\n\n\n\n<p><strong><a href=\"https:\/\/www.samk.fi\/hae-opiskelemaan\/avoin-amk\/vaylaopinnot-ja-kurkistuskurssit\/\">SAMK<\/a><\/strong><\/p>\n\n\n\n<p>Verkossa suoritettavat opinnot l\u00f6yd\u00e4t valitsemalla \u201ctoteutustapa\u201d- kohdasta verkko-opinnot. Opiskelu on maksutonta.<\/p>\n\n\n\n<p><a href=\"https:\/\/www.tuni.fi\/fi\/tule-opiskelemaan\/avoimet-korkeakouluopinnot\/avoin-amk\"><strong>TAMK<\/strong><\/a><\/p>\n\n\n\n<p>Saatavilla opintoja verkossa sek\u00e4 l\u00e4hiopetuksena Tampereella. Opinnot ovat maksullisia.&nbsp;<\/p>\n\n\n\n<p><a href=\"https:\/\/www.vamk.fi\/haku\/avoin\/\"><strong>VAMK<\/strong><\/a><\/p>\n\n\n\n<p>Saatavilla maksullisia verkko-opintoja.&nbsp;<\/p>\n\n\n\n<p><strong><a href=\"https:\/\/www.xamk.fi\/koulutus\/xamk-pulse-avoin-ammattikorkeakoulu\/\">XAMK<\/a><\/strong><\/p>\n\n\n\n<p>Toisen asteen opiskelijat voivat opiskella XAMKin avoimen AMK:n opintoja maksuttomasti.<\/p>\n\n\n\n<p><strong><a href=\"https:\/\/www.turkuamk.fi\/koulutus\/avoin-amk\/)\">TurunAMK avoin koulutus<\/a><\/strong><\/p>\n\n\n\n<p>Turun ammattikorkeakoulussa on mahdollisuus avoimiin opintoihin.&nbsp;<\/p>\n\n\n\n<p><a href=\"https:\/\/www.savonia.fi\/paivita-osaamistasi\/avoin-amk-ja-avoin-yamk\/amk-opinnot-lukiolaisille-ja-ammattiin-opiskeleville\/\"><strong>Savonia<\/strong><\/a><\/p>\n\n\n\n<p><br><em>My\u00f6s t\u00e4lt\u00e4 sivustolta voit l\u00f6yt\u00e4\u00e4 sopivia kurkistuskursseja, mutta huomaathan, ett\u00e4 sivustolla on my\u00f6s muitakin sek\u00e4 maksullisia kursseja tarjolla:<\/em> <a href=\"https:\/\/opin.fi\/fi\">https:\/\/opin.fi\/fi<\/a><\/p>\n\n\n\n<p><\/p>\n","protected":false},"excerpt":{"rendered":"<p>Osallistuminen kurkistuskursseille eli korkea-asteen opintoihin kannattaa jo lukiossa. Tavoitteena on sujuvoittaa opiskelijan siirtymist\u00e4 toiselta asteelta korkea-asteelle. Mit\u00e4 kurkistuskursseilla tarkoitetaan? Olemme [&hellip;]<\/p>\n","protected":false},"author":6,"featured_media":0,"parent":8,"menu_order":0,"comment_status":"closed","ping_status":"closed","template":"","meta":{"_acf_changed":false,"_relevanssi_hide_post":"","_relevanssi_hide_content":"","_relevanssi_pin_for_all":"","_relevanssi_pin_keywords":"","_relevanssi_unpin_keywords":"","_relevanssi_related_keywords":"","_relevanssi_related_include_ids":"","_relevanssi_related_exclude_ids":"","_relevanssi_related_no_append":"","_relevanssi_related_not_related":"","_relevanssi_related_posts":"102,3,55,96,6,98","_relevanssi_noindex_reason":"","footnotes":""},"class_list":["post-3525","page","type-page","status-publish","hentry"],"acf":[],"yoast_head":"<title>Korkeakouluyhteisty\u00f6 - Kaurialan lukio<\/title>\n<meta name=\"robots\" content=\"index, follow, max-snippet:-1, max-image-preview:large, max-video-preview:-1\" \/>\n<link rel=\"canonical\" href=\"https:\/\/www.kktavastia.fi\/lukiot-kauriala\/opiskelijalle\/korkeakouluyhteistyo\/\" \/>\n<meta property=\"og:locale\" content=\"fi_FI\" \/>\n<meta property=\"og:type\" content=\"article\" \/>\n<meta property=\"og:title\" content=\"Korkeakouluyhteisty\u00f6 - Kaurialan lukio\" \/>\n<meta property=\"og:description\" content=\"Osallistuminen kurkistuskursseille eli korkea-asteen opintoihin kannattaa jo lukiossa. Tavoitteena on sujuvoittaa opiskelijan siirtymist\u00e4 toiselta asteelta korkea-asteelle. Mit\u00e4 kurkistuskursseilla tarkoitetaan? Olemme [&hellip;]\" \/>\n<meta property=\"og:url\" content=\"https:\/\/www.kktavastia.fi\/lukiot-kauriala\/opiskelijalle\/korkeakouluyhteistyo\/\" \/>\n<meta property=\"og:site_name\" content=\"Kaurialan lukio\" \/>\n<meta property=\"article:modified_time\" content=\"2026-02-05T11:34:20+00:00\" \/>\n<meta name=\"twitter:card\" content=\"summary_large_image\" \/>\n<script type=\"application\/ld+json\" class=\"yoast-schema-graph\">{\"@context\":\"https:\\\/\\\/schema.org\",\"@graph\":[{\"@type\":\"WebPage\",\"@id\":\"https:\\\/\\\/www.kktavastia.fi\\\/lukiot-kauriala\\\/opiskelijalle\\\/korkeakouluyhteistyo\\\/\",\"url\":\"https:\\\/\\\/www.kktavastia.fi\\\/lukiot-kauriala\\\/opiskelijalle\\\/korkeakouluyhteistyo\\\/\",\"name\":\"Korkeakouluyhteisty\u00f6 - Kaurialan lukio\",\"isPartOf\":{\"@id\":\"https:\\\/\\\/www.kktavastia.fi\\\/lukiot-kauriala\\\/#website\"},\"datePublished\":\"2022-11-02T08:27:09+00:00\",\"dateModified\":\"2026-02-05T11:34:20+00:00\",\"breadcrumb\":{\"@id\":\"https:\\\/\\\/www.kktavastia.fi\\\/lukiot-kauriala\\\/opiskelijalle\\\/korkeakouluyhteistyo\\\/#breadcrumb\"},\"inLanguage\":\"fi\",\"potentialAction\":[{\"@type\":\"ReadAction\",\"target\":[\"https:\\\/\\\/www.kktavastia.fi\\\/lukiot-kauriala\\\/opiskelijalle\\\/korkeakouluyhteistyo\\\/\"]}]},{\"@type\":\"BreadcrumbList\",\"@id\":\"https:\\\/\\\/www.kktavastia.fi\\\/lukiot-kauriala\\\/opiskelijalle\\\/korkeakouluyhteistyo\\\/#breadcrumb\",\"itemListElement\":[{\"@type\":\"ListItem\",\"position\":1,\"name\":\"Home\",\"item\":\"https:\\\/\\\/www.kktavastia.fi\\\/lukiot-kauriala\\\/\"},{\"@type\":\"ListItem\",\"position\":2,\"name\":\"Opiskelijalle\",\"item\":\"https:\\\/\\\/www.kktavastia.fi\\\/lukiot-kauriala\\\/opiskelijalle\\\/\"},{\"@type\":\"ListItem\",\"position\":3,\"name\":\"Korkeakouluyhteisty\u00f6\"}]},{\"@type\":\"WebSite\",\"@id\":\"https:\\\/\\\/www.kktavastia.fi\\\/lukiot-kauriala\\\/#website\",\"url\":\"https:\\\/\\\/www.kktavastia.fi\\\/lukiot-kauriala\\\/\",\"name\":\"Kaurialan lukio\",\"description\":\"\",\"potentialAction\":[{\"@type\":\"SearchAction\",\"target\":{\"@type\":\"EntryPoint\",\"urlTemplate\":\"https:\\\/\\\/www.kktavastia.fi\\\/lukiot-kauriala\\\/?s={search_term_string}\"},\"query-input\":{\"@type\":\"PropertyValueSpecification\",\"valueRequired\":true,\"valueName\":\"search_term_string\"}}],\"inLanguage\":\"fi\"}]}<\/script>","yoast_head_json":{"title":"Korkeakouluyhteisty\u00f6 - Kaurialan lukio","robots":{"index":"index","follow":"follow","max-snippet":"max-snippet:-1","max-image-preview":"max-image-preview:large","max-video-preview":"max-video-preview:-1"},"canonical":"https:\/\/www.kktavastia.fi\/lukiot-kauriala\/opiskelijalle\/korkeakouluyhteistyo\/","og_locale":"fi_FI","og_type":"article","og_title":"Korkeakouluyhteisty\u00f6 - Kaurialan lukio","og_description":"Osallistuminen kurkistuskursseille eli korkea-asteen opintoihin kannattaa jo lukiossa. Tavoitteena on sujuvoittaa opiskelijan siirtymist\u00e4 toiselta asteelta korkea-asteelle. Mit\u00e4 kurkistuskursseilla tarkoitetaan? Olemme [&hellip;]","og_url":"https:\/\/www.kktavastia.fi\/lukiot-kauriala\/opiskelijalle\/korkeakouluyhteistyo\/","og_site_name":"Kaurialan lukio","article_modified_time":"2026-02-05T11:34:20+00:00","twitter_card":"summary_large_image","schema":{"@context":"https:\/\/schema.org","@graph":[{"@type":"WebPage","@id":"https:\/\/www.kktavastia.fi\/lukiot-kauriala\/opiskelijalle\/korkeakouluyhteistyo\/","url":"https:\/\/www.kktavastia.fi\/lukiot-kauriala\/opiskelijalle\/korkeakouluyhteistyo\/","name":"Korkeakouluyhteisty\u00f6 - Kaurialan lukio","isPartOf":{"@id":"https:\/\/www.kktavastia.fi\/lukiot-kauriala\/#website"},"datePublished":"2022-11-02T08:27:09+00:00","dateModified":"2026-02-05T11:34:20+00:00","breadcrumb":{"@id":"https:\/\/www.kktavastia.fi\/lukiot-kauriala\/opiskelijalle\/korkeakouluyhteistyo\/#breadcrumb"},"inLanguage":"fi","potentialAction":[{"@type":"ReadAction","target":["https:\/\/www.kktavastia.fi\/lukiot-kauriala\/opiskelijalle\/korkeakouluyhteistyo\/"]}]},{"@type":"BreadcrumbList","@id":"https:\/\/www.kktavastia.fi\/lukiot-kauriala\/opiskelijalle\/korkeakouluyhteistyo\/#breadcrumb","itemListElement":[{"@type":"ListItem","position":1,"name":"Home","item":"https:\/\/www.kktavastia.fi\/lukiot-kauriala\/"},{"@type":"ListItem","position":2,"name":"Opiskelijalle","item":"https:\/\/www.kktavastia.fi\/lukiot-kauriala\/opiskelijalle\/"},{"@type":"ListItem","position":3,"name":"Korkeakouluyhteisty\u00f6"}]},{"@type":"WebSite","@id":"https:\/\/www.kktavastia.fi\/lukiot-kauriala\/#website","url":"https:\/\/www.kktavastia.fi\/lukiot-kauriala\/","name":"Kaurialan lukio","description":"","potentialAction":[{"@type":"SearchAction","target":{"@type":"EntryPoint","urlTemplate":"https:\/\/www.kktavastia.fi\/lukiot-kauriala\/?s={search_term_string}"},"query-input":{"@type":"PropertyValueSpecification","valueRequired":true,"valueName":"search_term_string"}}],"inLanguage":"fi"}]}},"_links":{"self":[{"href":"https:\/\/www.kktavastia.fi\/lukiot-kauriala\/wp-json\/wp\/v2\/pages\/3525","targetHints":{"allow":["GET"]}}],"collection":[{"href":"https:\/\/www.kktavastia.fi\/lukiot-kauriala\/wp-json\/wp\/v2\/pages"}],"about":[{"href":"https:\/\/www.kktavastia.fi\/lukiot-kauriala\/wp-json\/wp\/v2\/types\/page"}],"author":[{"embeddable":true,"href":"https:\/\/www.kktavastia.fi\/lukiot-kauriala\/wp-json\/wp\/v2\/users\/6"}],"replies":[{"embeddable":true,"href":"https:\/\/www.kktavastia.fi\/lukiot-kauriala\/wp-json\/wp\/v2\/comments?post=3525"}],"version-history":[{"count":13,"href":"https:\/\/www.kktavastia.fi\/lukiot-kauriala\/wp-json\/wp\/v2\/pages\/3525\/revisions"}],"predecessor-version":[{"id":4995,"href":"https:\/\/www.kktavastia.fi\/lukiot-kauriala\/wp-json\/wp\/v2\/pages\/3525\/revisions\/4995"}],"up":[{"embeddable":true,"href":"https:\/\/www.kktavastia.fi\/lukiot-kauriala\/wp-json\/wp\/v2\/pages\/8"}],"wp:attachment":[{"href":"https:\/\/www.kktavastia.fi\/lukiot-kauriala\/wp-json\/wp\/v2\/media?parent=3525"}],"curies":[{"name":"wp","href":"https:\/\/api.w.org\/{rel}","templated":true}]}}