{"id":32,"date":"2020-12-29T12:30:32","date_gmt":"2020-12-29T10:30:32","guid":{"rendered":"https:\/\/kktavastia.vaiheessa.fi\/lukiot-kauriala\/?page_id=32"},"modified":"2026-04-28T08:26:23","modified_gmt":"2026-04-28T05:26:23","slug":"huoltajille","status":"publish","type":"page","link":"https:\/\/www.kktavastia.fi\/lukiot-kauriala\/huoltajille\/","title":{"rendered":"Huoltajille"},"content":{"rendered":"\n<h3 class=\"wp-block-heading\">Huoltajan opas<\/h3>\n\n\n\n<p>Ohessa on linkitettyn\u00e4 huoltajan opas, jossa on kootusti tietoa koulun k\u00e4yt\u00e4nteist\u00e4, mm. loman anominen, poissaolomerkinn\u00e4t ja yleisi\u00e4 asioita opintojen seurannasta.<\/p>\n\n\n\n<p><a href=\"https:\/\/www.kktavastia.fi\/media\/sites\/6\/huoltajan-opas-editoitu-versio-2626.pdf\">Huoltajan opas 2025-2026<\/a><br><a href=\"https:\/\/www.kktavastia.fi\/media\/sites\/6\/kaurialan-lukion-turvallisemman-tilan-periaatteet.pdf\" target=\"_blank\" rel=\"noreferrer noopener nofollow\">Turvallisemman tilan periaatteet lukiossamme<\/a><\/p>\n\n\n\n<h2 class=\"wp-block-heading\">Vanhempainillat lukuvuonna 2025\u20132026<\/h2>\n\n\n\n<p><strong>Tulevia vanhempainiltoja<\/strong><br>MA 27.4. &#8211; kakkosten vanhempainilta klo 18<\/p>\n\n\n\n<p><strong>Menneit\u00e4 vanhempainiltoja<\/strong><br>TI 19.8. &#8211; infoilta lukion k\u00e4yt\u00e4nteist\u00e4 1. vsk:n kotiv\u00e4elle &#8211; <a href=\"https:\/\/www.kktavastia.fi\/media\/sites\/6\/ykkosten-vanhempaininfo-elokuu-2025.pdf\" target=\"_blank\" rel=\"noreferrer noopener\">illan diat<\/a><br>MA 3.11. &#8211; ykk\u00f6sten vanhempainilta &#8211; <a href=\"https:\/\/www.kktavastia.fi\/media\/sites\/6\/ykkosten-vanhempainilta-s25.pdf\" target=\"_blank\" rel=\"noreferrer noopener\">rehtorin osuus<\/a>, <a href=\"https:\/\/www.kktavastia.fi\/media\/sites\/6\/1vsk_vanhempainilta_opot_0311251.pdf\" target=\"_blank\" rel=\"noreferrer noopener\">opinto-ohjaajien osuus<\/a>, <a href=\"https:\/\/www.kktavastia.fi\/media\/sites\/6\/ryhmanohjaajan-diat-1.-vsk-s25.pdf\" target=\"_blank\" rel=\"noreferrer noopener\">ryhm\u00e4nohjaajan osuus<\/a><br>TO 15.1. &#8211; abien vanhempainilta &#8211; <a href=\"https:\/\/www.kktavastia.fi\/media\/sites\/6\/abien-vanhempainilta-tammikuu-2026.pdf\" target=\"_blank\" rel=\"noreferrer noopener nofollow\">rehtorin osuus,<\/a> <a href=\"https:\/\/www.kktavastia.fi\/media\/sites\/6\/abiturienttien_-vanhempainilta_2026_opot.pdf\" target=\"_blank\" rel=\"noreferrer noopener nofollow\">opinto-ohjaajan osuus<\/a>, <a href=\"https:\/\/www.kktavastia.fi\/media\/sites\/6\/tarkeita-paivamaaria-2026-1.pdf\" target=\"_blank\" rel=\"noreferrer noopener nofollow\">t\u00e4rkeit\u00e4 p\u00e4iv\u00e4m\u00e4\u00e4ri\u00e4<\/a><br>MA 27.4. &#8211; kakkosten vanhempainilta &#8211; <a href=\"https:\/\/www.kktavastia.fi\/media\/sites\/6\/kaurialan-kakkosten-vanhempainilta-2026-rehtorin-diat.pdf\" id=\"https:\/\/www.kktavastia.fi\/media\/sites\/6\/kaurialan-kakkosten-vanhempainilta-2026-rehtorin-diat.pdf\" target=\"_blank\" rel=\"noreferrer noopener nofollow\">rehtorin osuus<\/a>, <a href=\"https:\/\/www.kktavastia.fi\/media\/sites\/6\/abin_aikajana_2026.pdf\" id=\"https:\/\/www.kktavastia.fi\/media\/sites\/6\/abin_aikajana_2026.pdf\" target=\"_blank\" rel=\"noreferrer noopener nofollow\">abin aikajana<\/a><\/p>\n\n\n\n<figure class=\"wp-block-gallery has-nested-images columns-default is-cropped wp-block-gallery-2 is-layout-flex wp-block-gallery-is-layout-flex\">\n<figure class=\"wp-block-image size-large\"><img loading=\"lazy\" decoding=\"async\" width=\"1024\" height=\"768\" data-id=\"3300\" src=\"https:\/\/www.kktavastia.fi\/media\/sites\/6\/img_54631-1024x768.jpg\" alt=\"\" class=\"wp-image-3300\" srcset=\"https:\/\/www.kktavastia.fi\/media\/sites\/6\/img_54631-1024x768.jpg 1024w, https:\/\/www.kktavastia.fi\/media\/sites\/6\/img_54631-300x225.jpg 300w, https:\/\/www.kktavastia.fi\/media\/sites\/6\/img_54631-768x576.jpg 768w, https:\/\/www.kktavastia.fi\/media\/sites\/6\/img_54631-1536x1152.jpg 1536w, https:\/\/www.kktavastia.fi\/media\/sites\/6\/img_54631-scaled.jpg 2048w, https:\/\/www.kktavastia.fi\/media\/sites\/6\/img_54631-20x15.jpg 20w\" sizes=\"auto, (max-width: 1024px) 100vw, 1024px\" \/><\/figure>\n\n\n\n<figure class=\"wp-block-image size-large\"><img loading=\"lazy\" decoding=\"async\" width=\"1024\" height=\"768\" data-id=\"3303\" src=\"https:\/\/www.kktavastia.fi\/media\/sites\/6\/img_54682-1024x768.jpg\" alt=\"\" class=\"wp-image-3303\" srcset=\"https:\/\/www.kktavastia.fi\/media\/sites\/6\/img_54682-1024x768.jpg 1024w, https:\/\/www.kktavastia.fi\/media\/sites\/6\/img_54682-300x225.jpg 300w, https:\/\/www.kktavastia.fi\/media\/sites\/6\/img_54682-768x576.jpg 768w, https:\/\/www.kktavastia.fi\/media\/sites\/6\/img_54682-1536x1152.jpg 1536w, https:\/\/www.kktavastia.fi\/media\/sites\/6\/img_54682-scaled.jpg 2048w, https:\/\/www.kktavastia.fi\/media\/sites\/6\/img_54682-20x15.jpg 20w\" sizes=\"auto, (max-width: 1024px) 100vw, 1024px\" \/><\/figure>\n\n\n\n<figure class=\"wp-block-image size-large\"><img loading=\"lazy\" decoding=\"async\" width=\"1024\" height=\"768\" data-id=\"3304\" src=\"https:\/\/www.kktavastia.fi\/media\/sites\/6\/img_54761-1024x768.jpg\" alt=\"\" class=\"wp-image-3304\" srcset=\"https:\/\/www.kktavastia.fi\/media\/sites\/6\/img_54761-1024x768.jpg 1024w, https:\/\/www.kktavastia.fi\/media\/sites\/6\/img_54761-300x225.jpg 300w, https:\/\/www.kktavastia.fi\/media\/sites\/6\/img_54761-768x576.jpg 768w, https:\/\/www.kktavastia.fi\/media\/sites\/6\/img_54761-1536x1152.jpg 1536w, https:\/\/www.kktavastia.fi\/media\/sites\/6\/img_54761-scaled.jpg 2048w, https:\/\/www.kktavastia.fi\/media\/sites\/6\/img_54761-20x15.jpg 20w\" sizes=\"auto, (max-width: 1024px) 100vw, 1024px\" \/><\/figure>\n<figcaption class=\"blocks-gallery-caption wp-element-caption\">Toisen vuosiluokan vanhempainilta ker\u00e4si 25.4.22 paljon huoltajia tutustumaan tiloihin ja kuulemaan t\u00e4rkeit\u00e4 asioita tulevasta abivuodesta. <\/figcaption><\/figure>\n\n\n\n<h3 class=\"wp-block-heading\">Vanhempainyhdistys<\/h3>\n\n\n\n<p>Vanhempainyhdistys toimii koulun nykyisten oppilaiden ja koulun yhdyssiteen\u00e4 sek\u00e4 edist\u00e4\u00e4 kodin ja koulun v\u00e4list\u00e4 vuorovaikutusta oppilaiden ja koulun henkil\u00f6kunnan kanssa. Vanhempainyhdistys osallistuu mm. vanhojentanssien j\u00e4rjestelyihin ja&nbsp;toimii yhdess\u00e4 muiden koulujen vanhempainyhdistysten kanssa.<\/p>\n\n\n\n<p><a href=\"https:\/\/www.kktavastia.fi\/media\/sites\/6\/kaulu-vanhempainyhdistys-ry_n-saannot-1-1.pdf\" target=\"_blank\" rel=\"noreferrer noopener\">Vanhempainyhdistyksen s\u00e4\u00e4nn\u00f6t<\/a><\/p>\n\n\n\n<h4 class=\"wp-block-heading\">Vanhempainyhdistyksen j\u00e4senmaksu<\/h4>\n\n\n\n<ul class=\"wp-block-list\">\n<li>J\u00e4senmaksun m\u00e4\u00e4r\u00e4: 10 \u20ac\/vuosi tai 25 \u20ac\/3 vuotta tai 30 \u20ac\/4 vuotta<\/li>\n\n\n\n<li>Maksun saaja: Kaurialan lukion vanhempainyhdistys ry.<\/li>\n\n\n\n<li>Tilinumero: FI12 5680 0040 1246 91 OKOYFIHH<\/li>\n\n\n\n<li>Kirjoita viestikentt\u00e4\u00e4n maksajan nimi.<\/li>\n<\/ul>\n\n\n\n<p>Vanhempainyhdistys kiitt\u00e4\u00e4!<\/p>\n\n\n\n<section class=\"block block-two-columns\">\n  <div class=\"container\">\n    <div class=\"cols\">\n\n    \n      <div class=\"col\">\n        <h3>Vanhempainyhdistyksen hallitus <\/h3>\n        <p><!-- wp:paragraph --><\/p>\n<p>Vanhempainyhdistyksen s\u00e4hk\u00f6posti on kaurialanlukion.vy@gmail.com.<\/p>\n<p>Puheenjohtaja<br \/>\nSanna Uotila<\/p>\n<p><!-- \/wp:paragraph --> <!-- wp:paragraph --><\/p>\n<p>Varapuheenjohtaja<br \/>\nLiisa Haakana<\/p>\n<p>Sihteeri<br \/>\nPauliina Kauppinen<\/p>\n<p>Taloudenhoitaja<br \/>\nAnna-Kaisa Kyl\u00e4maa<\/p>\n<p>J\u00e4sen<br \/>\nJaana Huhtanen<\/p>\n<p>J\u00e4sen<br \/>\nMaija Tavastila<\/p>\n<p><!-- \/wp:paragraph --><\/p>\n      <\/div>\n\n    \n      <div class=\"col\">\n        <h3><\/h3>\n        <p>&nbsp;<\/p>\n<p>&nbsp;<\/p>\n<p>J\u00e4sen<br \/>\nPilvi Rounala<\/p>\n<p>J\u00e4sen<br \/>\nMinna Kallio<\/p>\n<p>&nbsp;<\/p>\n<p>Toiminnantarkastaja<br \/>\nMiina Vuorela<\/p>\n<p>varatoiminnantarkastaja<br \/>\nMaria Lassila-Merisalo<\/p>\n      <\/div>\n\n    \n    <\/div>\n  <\/div>\n<\/section>\n\n\n\n<p><\/p>\n","protected":false},"excerpt":{"rendered":"<p>Huoltajan opas Ohessa on linkitettyn\u00e4 huoltajan opas, jossa on kootusti tietoa koulun k\u00e4yt\u00e4nteist\u00e4, mm. loman anominen, poissaolomerkinn\u00e4t ja yleisi\u00e4 asioita [&hellip;]<\/p>\n","protected":false},"author":6,"featured_media":0,"parent":0,"menu_order":3,"comment_status":"closed","ping_status":"closed","template":"","meta":{"_acf_changed":false,"_relevanssi_hide_post":"","_relevanssi_hide_content":"","_relevanssi_pin_for_all":"","_relevanssi_pin_keywords":"","_relevanssi_unpin_keywords":"","_relevanssi_related_keywords":"","_relevanssi_related_include_ids":"","_relevanssi_related_exclude_ids":"","_relevanssi_related_no_append":"","_relevanssi_related_not_related":"","_relevanssi_related_posts":"268,4,244,80,3,8","_relevanssi_noindex_reason":"","footnotes":""},"class_list":["post-32","page","type-page","status-publish","hentry"],"acf":[],"yoast_head":"<title>Kaurialan lukio | Huoltajille | Vanhempainillat | Vanhempainyhdistys<\/title>\n<meta name=\"description\" content=\"Katso Kaurialan lukion vanhempainillat, tietoa huoltajille ja vanhempainyhdistyksen yhteystiedot.\" \/>\n<meta name=\"robots\" content=\"index, follow, max-snippet:-1, max-image-preview:large, max-video-preview:-1\" \/>\n<link rel=\"canonical\" href=\"https:\/\/www.kktavastia.fi\/lukiot-kauriala\/huoltajille\/\" \/>\n<meta property=\"og:locale\" content=\"fi_FI\" \/>\n<meta property=\"og:type\" content=\"article\" \/>\n<meta property=\"og:title\" content=\"Kaurialan lukio | Huoltajille | Vanhempainillat | Vanhempainyhdistys\" \/>\n<meta property=\"og:description\" content=\"Katso Kaurialan lukion vanhempainillat, tietoa huoltajille ja vanhempainyhdistyksen yhteystiedot.\" \/>\n<meta property=\"og:url\" content=\"https:\/\/www.kktavastia.fi\/lukiot-kauriala\/huoltajille\/\" \/>\n<meta property=\"og:site_name\" content=\"Kaurialan lukio\" \/>\n<meta property=\"article:modified_time\" content=\"2026-04-28T05:26:23+00:00\" \/>\n<meta property=\"og:image\" content=\"https:\/\/www.kktavastia.fi\/media\/sites\/6\/img_54631-scaled.jpg\" \/>\n\t<meta property=\"og:image:width\" content=\"2048\" \/>\n\t<meta property=\"og:image:height\" content=\"1536\" \/>\n\t<meta property=\"og:image:type\" content=\"image\/jpeg\" \/>\n<meta name=\"twitter:card\" content=\"summary_large_image\" \/>\n<script type=\"application\/ld+json\" class=\"yoast-schema-graph\">{\"@context\":\"https:\\\/\\\/schema.org\",\"@graph\":[{\"@type\":\"WebPage\",\"@id\":\"https:\\\/\\\/www.kktavastia.fi\\\/lukiot-kauriala\\\/huoltajille\\\/\",\"url\":\"https:\\\/\\\/www.kktavastia.fi\\\/lukiot-kauriala\\\/huoltajille\\\/\",\"name\":\"Kaurialan lukio | Huoltajille | Vanhempainillat | Vanhempainyhdistys\",\"isPartOf\":{\"@id\":\"https:\\\/\\\/www.kktavastia.fi\\\/lukiot-kauriala\\\/#website\"},\"primaryImageOfPage\":{\"@id\":\"https:\\\/\\\/www.kktavastia.fi\\\/lukiot-kauriala\\\/huoltajille\\\/#primaryimage\"},\"image\":{\"@id\":\"https:\\\/\\\/www.kktavastia.fi\\\/lukiot-kauriala\\\/huoltajille\\\/#primaryimage\"},\"thumbnailUrl\":\"https:\\\/\\\/www.kktavastia.fi\\\/media\\\/sites\\\/6\\\/img_54631-1024x768.jpg\",\"datePublished\":\"2020-12-29T10:30:32+00:00\",\"dateModified\":\"2026-04-28T05:26:23+00:00\",\"description\":\"Katso Kaurialan lukion vanhempainillat, tietoa huoltajille ja vanhempainyhdistyksen yhteystiedot.\",\"breadcrumb\":{\"@id\":\"https:\\\/\\\/www.kktavastia.fi\\\/lukiot-kauriala\\\/huoltajille\\\/#breadcrumb\"},\"inLanguage\":\"fi\",\"potentialAction\":[{\"@type\":\"ReadAction\",\"target\":[\"https:\\\/\\\/www.kktavastia.fi\\\/lukiot-kauriala\\\/huoltajille\\\/\"]}]},{\"@type\":\"ImageObject\",\"inLanguage\":\"fi\",\"@id\":\"https:\\\/\\\/www.kktavastia.fi\\\/lukiot-kauriala\\\/huoltajille\\\/#primaryimage\",\"url\":\"https:\\\/\\\/www.kktavastia.fi\\\/media\\\/sites\\\/6\\\/img_54631-1024x768.jpg\",\"contentUrl\":\"https:\\\/\\\/www.kktavastia.fi\\\/media\\\/sites\\\/6\\\/img_54631-1024x768.jpg\"},{\"@type\":\"BreadcrumbList\",\"@id\":\"https:\\\/\\\/www.kktavastia.fi\\\/lukiot-kauriala\\\/huoltajille\\\/#breadcrumb\",\"itemListElement\":[{\"@type\":\"ListItem\",\"position\":1,\"name\":\"Home\",\"item\":\"https:\\\/\\\/www.kktavastia.fi\\\/lukiot-kauriala\\\/\"},{\"@type\":\"ListItem\",\"position\":2,\"name\":\"Huoltajille\"}]},{\"@type\":\"WebSite\",\"@id\":\"https:\\\/\\\/www.kktavastia.fi\\\/lukiot-kauriala\\\/#website\",\"url\":\"https:\\\/\\\/www.kktavastia.fi\\\/lukiot-kauriala\\\/\",\"name\":\"Kaurialan lukio\",\"description\":\"\",\"potentialAction\":[{\"@type\":\"SearchAction\",\"target\":{\"@type\":\"EntryPoint\",\"urlTemplate\":\"https:\\\/\\\/www.kktavastia.fi\\\/lukiot-kauriala\\\/?s={search_term_string}\"},\"query-input\":{\"@type\":\"PropertyValueSpecification\",\"valueRequired\":true,\"valueName\":\"search_term_string\"}}],\"inLanguage\":\"fi\"}]}<\/script>","yoast_head_json":{"title":"Kaurialan lukio | Huoltajille | Vanhempainillat | Vanhempainyhdistys","description":"Katso Kaurialan lukion vanhempainillat, tietoa huoltajille ja vanhempainyhdistyksen yhteystiedot.","robots":{"index":"index","follow":"follow","max-snippet":"max-snippet:-1","max-image-preview":"max-image-preview:large","max-video-preview":"max-video-preview:-1"},"canonical":"https:\/\/www.kktavastia.fi\/lukiot-kauriala\/huoltajille\/","og_locale":"fi_FI","og_type":"article","og_title":"Kaurialan lukio | Huoltajille | Vanhempainillat | Vanhempainyhdistys","og_description":"Katso Kaurialan lukion vanhempainillat, tietoa huoltajille ja vanhempainyhdistyksen yhteystiedot.","og_url":"https:\/\/www.kktavastia.fi\/lukiot-kauriala\/huoltajille\/","og_site_name":"Kaurialan lukio","article_modified_time":"2026-04-28T05:26:23+00:00","og_image":[{"width":2048,"height":1536,"url":"https:\/\/www.kktavastia.fi\/media\/sites\/6\/img_54631-scaled.jpg","type":"image\/jpeg"}],"twitter_card":"summary_large_image","schema":{"@context":"https:\/\/schema.org","@graph":[{"@type":"WebPage","@id":"https:\/\/www.kktavastia.fi\/lukiot-kauriala\/huoltajille\/","url":"https:\/\/www.kktavastia.fi\/lukiot-kauriala\/huoltajille\/","name":"Kaurialan lukio | Huoltajille | Vanhempainillat | Vanhempainyhdistys","isPartOf":{"@id":"https:\/\/www.kktavastia.fi\/lukiot-kauriala\/#website"},"primaryImageOfPage":{"@id":"https:\/\/www.kktavastia.fi\/lukiot-kauriala\/huoltajille\/#primaryimage"},"image":{"@id":"https:\/\/www.kktavastia.fi\/lukiot-kauriala\/huoltajille\/#primaryimage"},"thumbnailUrl":"https:\/\/www.kktavastia.fi\/media\/sites\/6\/img_54631-1024x768.jpg","datePublished":"2020-12-29T10:30:32+00:00","dateModified":"2026-04-28T05:26:23+00:00","description":"Katso Kaurialan lukion vanhempainillat, tietoa huoltajille ja vanhempainyhdistyksen yhteystiedot.","breadcrumb":{"@id":"https:\/\/www.kktavastia.fi\/lukiot-kauriala\/huoltajille\/#breadcrumb"},"inLanguage":"fi","potentialAction":[{"@type":"ReadAction","target":["https:\/\/www.kktavastia.fi\/lukiot-kauriala\/huoltajille\/"]}]},{"@type":"ImageObject","inLanguage":"fi","@id":"https:\/\/www.kktavastia.fi\/lukiot-kauriala\/huoltajille\/#primaryimage","url":"https:\/\/www.kktavastia.fi\/media\/sites\/6\/img_54631-1024x768.jpg","contentUrl":"https:\/\/www.kktavastia.fi\/media\/sites\/6\/img_54631-1024x768.jpg"},{"@type":"BreadcrumbList","@id":"https:\/\/www.kktavastia.fi\/lukiot-kauriala\/huoltajille\/#breadcrumb","itemListElement":[{"@type":"ListItem","position":1,"name":"Home","item":"https:\/\/www.kktavastia.fi\/lukiot-kauriala\/"},{"@type":"ListItem","position":2,"name":"Huoltajille"}]},{"@type":"WebSite","@id":"https:\/\/www.kktavastia.fi\/lukiot-kauriala\/#website","url":"https:\/\/www.kktavastia.fi\/lukiot-kauriala\/","name":"Kaurialan lukio","description":"","potentialAction":[{"@type":"SearchAction","target":{"@type":"EntryPoint","urlTemplate":"https:\/\/www.kktavastia.fi\/lukiot-kauriala\/?s={search_term_string}"},"query-input":{"@type":"PropertyValueSpecification","valueRequired":true,"valueName":"search_term_string"}}],"inLanguage":"fi"}]}},"_links":{"self":[{"href":"https:\/\/www.kktavastia.fi\/lukiot-kauriala\/wp-json\/wp\/v2\/pages\/32","targetHints":{"allow":["GET"]}}],"collection":[{"href":"https:\/\/www.kktavastia.fi\/lukiot-kauriala\/wp-json\/wp\/v2\/pages"}],"about":[{"href":"https:\/\/www.kktavastia.fi\/lukiot-kauriala\/wp-json\/wp\/v2\/types\/page"}],"author":[{"embeddable":true,"href":"https:\/\/www.kktavastia.fi\/lukiot-kauriala\/wp-json\/wp\/v2\/users\/6"}],"replies":[{"embeddable":true,"href":"https:\/\/www.kktavastia.fi\/lukiot-kauriala\/wp-json\/wp\/v2\/comments?post=32"}],"version-history":[{"count":25,"href":"https:\/\/www.kktavastia.fi\/lukiot-kauriala\/wp-json\/wp\/v2\/pages\/32\/revisions"}],"predecessor-version":[{"id":5017,"href":"https:\/\/www.kktavastia.fi\/lukiot-kauriala\/wp-json\/wp\/v2\/pages\/32\/revisions\/5017"}],"wp:attachment":[{"href":"https:\/\/www.kktavastia.fi\/lukiot-kauriala\/wp-json\/wp\/v2\/media?parent=32"}],"curies":[{"name":"wp","href":"https:\/\/api.w.org\/{rel}","templated":true}]}}