{"id":2715,"date":"2021-01-29T14:38:28","date_gmt":"2021-01-29T12:38:28","guid":{"rendered":"https:\/\/kktavastia.vaiheessa.fi\/lukiot-kauriala\/?page_id=2715"},"modified":"2021-02-11T09:44:32","modified_gmt":"2021-02-11T07:44:32","slug":"kestava-kehitys","status":"publish","type":"page","link":"https:\/\/www.kktavastia.fi\/lukiot-kauriala\/ajankohtaista\/kestava-kehitys\/","title":{"rendered":"Kest\u00e4v\u00e4 kehitys"},"content":{"rendered":"\n<ul class=\"wp-block-list\"><li>Kaurialan lukiossa toimii s\u00e4\u00e4nn\u00f6llisesti kokoontuva kest\u00e4v\u00e4n kehityksen tiimi, jossa on mukana opiskelijaj\u00e4seni\u00e4. Opiskelijoiden osallisuus on t\u00e4rke\u00e4 osa kest\u00e4v\u00e4n kehityksen toimintaa.&nbsp;<\/li><li>Kest\u00e4v\u00e4n kehityksen tiimi tuottaa s\u00e4\u00e4nn\u00f6llisesti aiheeseen liittyv\u00e4\u00e4 aineistoa sosiaaliseen mediaan, jotta periaatteiden tiedostaminen lis\u00e4\u00e4ntyy entisest\u00e4\u00e4n.&nbsp;<\/li><li>Kaurialan lukiossa on k\u00e4yt\u00f6ss\u00e4 kest\u00e4v\u00e4n kehityksen matriisi, jonka avulla jaetaan tietoa eri oppiaineissa, tunneilla ja eri yhteyksiss\u00e4 tapahtuvasta kest\u00e4v\u00e4n kehityksen periaatteita noudattavasta toiminnasta \u2013 n\u00e4in tieto lis\u00e4\u00e4ntyy henkil\u00f6kunnan keskuudessa ja hyvi\u00e4 periaatteita voidaan jakaa.&nbsp;<\/li><li>Oppiaineiden opetussis\u00e4lt\u00f6jen suunnittelussa huomioidaan kest\u00e4v\u00e4n kehityksen sertifikaatin hakukriteerien t\u00e4yttymist\u00e4.&nbsp;<\/li><li>Oppituntien taukojumppaa edistet\u00e4\u00e4n aktiivisesti.&nbsp;<\/li><li>Opiskelijoiden taukoaikojen oleskelutiloissa huomioidaan kest\u00e4v\u00e4n hyvinvoinnin periaatteiden vahvistamista: sosiaalista kest\u00e4v\u00e4\u00e4 kehityst\u00e4, kierr\u00e4tyst\u00e4 sek\u00e4 kierr\u00e4tyskalusteiden k\u00e4ytt\u00f6\u00e4.&nbsp;<\/li><li>Kaurialan lukion STEAM-hankkeen periaatteisiin kuuluu innovoiva asenne, joka on yksi kest\u00e4v\u00e4n hyvinvoinnin olennainen l\u00e4ht\u00f6kohta.&nbsp;&nbsp;<\/li><li>Opiskelijoiden osallisuuden tapojen jatkuva vahvistaminen.&nbsp;<\/li><li>Energians\u00e4\u00e4st\u00f6viikkoon osallistuminen vuosittain.<\/li><li>Ruokah\u00e4vikkiin pienent\u00e4miseen panostaminen: p\u00e4\u00e4tt\u00f6viikon ruokailukysely etuk\u00e4teen ja sen mukaan ruoan toimittaminen.&nbsp;<\/li><\/ul>\n","protected":false},"excerpt":{"rendered":"<p>Kaurialan lukiossa toimii s\u00e4\u00e4nn\u00f6llisesti kokoontuva kest\u00e4v\u00e4n kehityksen tiimi, jossa on mukana opiskelijaj\u00e4seni\u00e4. Opiskelijoiden osallisuus on t\u00e4rke\u00e4 osa kest\u00e4v\u00e4n kehityksen toimintaa.&nbsp; [&hellip;]<\/p>\n","protected":false},"author":3,"featured_media":0,"parent":3,"menu_order":0,"comment_status":"closed","ping_status":"closed","template":"","meta":{"_acf_changed":false,"_relevanssi_hide_post":"","_relevanssi_hide_content":"","_relevanssi_pin_for_all":"","_relevanssi_pin_keywords":"","_relevanssi_unpin_keywords":"","_relevanssi_related_keywords":"","_relevanssi_related_include_ids":"","_relevanssi_related_exclude_ids":"","_relevanssi_related_no_append":"","_relevanssi_related_not_related":"","_relevanssi_related_posts":"","_relevanssi_noindex_reason":"","footnotes":""},"class_list":["post-2715","page","type-page","status-publish","hentry"],"acf":[],"yoast_head":"<title>Kest\u00e4v\u00e4 kehitys - Kaurialan lukio<\/title>\n<meta name=\"robots\" content=\"index, follow, max-snippet:-1, max-image-preview:large, max-video-preview:-1\" \/>\n<link rel=\"canonical\" href=\"https:\/\/www.kktavastia.fi\/lukiot-kauriala\/ajankohtaista\/kestava-kehitys\/\" \/>\n<meta property=\"og:locale\" content=\"fi_FI\" \/>\n<meta property=\"og:type\" content=\"article\" \/>\n<meta property=\"og:title\" content=\"Kest\u00e4v\u00e4 kehitys - Kaurialan lukio\" \/>\n<meta property=\"og:description\" content=\"Kaurialan lukiossa toimii s\u00e4\u00e4nn\u00f6llisesti kokoontuva kest\u00e4v\u00e4n kehityksen tiimi, jossa on mukana opiskelijaj\u00e4seni\u00e4. Opiskelijoiden osallisuus on t\u00e4rke\u00e4 osa kest\u00e4v\u00e4n kehityksen toimintaa.&nbsp; [&hellip;]\" \/>\n<meta property=\"og:url\" content=\"https:\/\/www.kktavastia.fi\/lukiot-kauriala\/ajankohtaista\/kestava-kehitys\/\" \/>\n<meta property=\"og:site_name\" content=\"Kaurialan lukio\" \/>\n<meta property=\"article:modified_time\" content=\"2021-02-11T07:44:32+00:00\" \/>\n<meta name=\"twitter:card\" content=\"summary_large_image\" \/>\n<script type=\"application\/ld+json\" class=\"yoast-schema-graph\">{\"@context\":\"https:\\\/\\\/schema.org\",\"@graph\":[{\"@type\":\"WebPage\",\"@id\":\"https:\\\/\\\/www.kktavastia.fi\\\/lukiot-kauriala\\\/ajankohtaista\\\/kestava-kehitys\\\/\",\"url\":\"https:\\\/\\\/www.kktavastia.fi\\\/lukiot-kauriala\\\/ajankohtaista\\\/kestava-kehitys\\\/\",\"name\":\"Kest\u00e4v\u00e4 kehitys - Kaurialan lukio\",\"isPartOf\":{\"@id\":\"https:\\\/\\\/www.kktavastia.fi\\\/lukiot-kauriala\\\/#website\"},\"datePublished\":\"2021-01-29T12:38:28+00:00\",\"dateModified\":\"2021-02-11T07:44:32+00:00\",\"breadcrumb\":{\"@id\":\"https:\\\/\\\/www.kktavastia.fi\\\/lukiot-kauriala\\\/ajankohtaista\\\/kestava-kehitys\\\/#breadcrumb\"},\"inLanguage\":\"fi\",\"potentialAction\":[{\"@type\":\"ReadAction\",\"target\":[\"https:\\\/\\\/www.kktavastia.fi\\\/lukiot-kauriala\\\/ajankohtaista\\\/kestava-kehitys\\\/\"]}]},{\"@type\":\"BreadcrumbList\",\"@id\":\"https:\\\/\\\/www.kktavastia.fi\\\/lukiot-kauriala\\\/ajankohtaista\\\/kestava-kehitys\\\/#breadcrumb\",\"itemListElement\":[{\"@type\":\"ListItem\",\"position\":1,\"name\":\"Home\",\"item\":\"https:\\\/\\\/www.kktavastia.fi\\\/lukiot-kauriala\\\/\"},{\"@type\":\"ListItem\",\"position\":2,\"name\":\"Ajankohtaista\",\"item\":\"https:\\\/\\\/www.kktavastia.fi\\\/lukiot-kauriala\\\/ajankohtaista\\\/\"},{\"@type\":\"ListItem\",\"position\":3,\"name\":\"Kest\u00e4v\u00e4 kehitys\"}]},{\"@type\":\"WebSite\",\"@id\":\"https:\\\/\\\/www.kktavastia.fi\\\/lukiot-kauriala\\\/#website\",\"url\":\"https:\\\/\\\/www.kktavastia.fi\\\/lukiot-kauriala\\\/\",\"name\":\"Kaurialan lukio\",\"description\":\"\",\"potentialAction\":[{\"@type\":\"SearchAction\",\"target\":{\"@type\":\"EntryPoint\",\"urlTemplate\":\"https:\\\/\\\/www.kktavastia.fi\\\/lukiot-kauriala\\\/?s={search_term_string}\"},\"query-input\":{\"@type\":\"PropertyValueSpecification\",\"valueRequired\":true,\"valueName\":\"search_term_string\"}}],\"inLanguage\":\"fi\"}]}<\/script>","yoast_head_json":{"title":"Kest\u00e4v\u00e4 kehitys - Kaurialan lukio","robots":{"index":"index","follow":"follow","max-snippet":"max-snippet:-1","max-image-preview":"max-image-preview:large","max-video-preview":"max-video-preview:-1"},"canonical":"https:\/\/www.kktavastia.fi\/lukiot-kauriala\/ajankohtaista\/kestava-kehitys\/","og_locale":"fi_FI","og_type":"article","og_title":"Kest\u00e4v\u00e4 kehitys - Kaurialan lukio","og_description":"Kaurialan lukiossa toimii s\u00e4\u00e4nn\u00f6llisesti kokoontuva kest\u00e4v\u00e4n kehityksen tiimi, jossa on mukana opiskelijaj\u00e4seni\u00e4. Opiskelijoiden osallisuus on t\u00e4rke\u00e4 osa kest\u00e4v\u00e4n kehityksen toimintaa.&nbsp; [&hellip;]","og_url":"https:\/\/www.kktavastia.fi\/lukiot-kauriala\/ajankohtaista\/kestava-kehitys\/","og_site_name":"Kaurialan lukio","article_modified_time":"2021-02-11T07:44:32+00:00","twitter_card":"summary_large_image","schema":{"@context":"https:\/\/schema.org","@graph":[{"@type":"WebPage","@id":"https:\/\/www.kktavastia.fi\/lukiot-kauriala\/ajankohtaista\/kestava-kehitys\/","url":"https:\/\/www.kktavastia.fi\/lukiot-kauriala\/ajankohtaista\/kestava-kehitys\/","name":"Kest\u00e4v\u00e4 kehitys - Kaurialan lukio","isPartOf":{"@id":"https:\/\/www.kktavastia.fi\/lukiot-kauriala\/#website"},"datePublished":"2021-01-29T12:38:28+00:00","dateModified":"2021-02-11T07:44:32+00:00","breadcrumb":{"@id":"https:\/\/www.kktavastia.fi\/lukiot-kauriala\/ajankohtaista\/kestava-kehitys\/#breadcrumb"},"inLanguage":"fi","potentialAction":[{"@type":"ReadAction","target":["https:\/\/www.kktavastia.fi\/lukiot-kauriala\/ajankohtaista\/kestava-kehitys\/"]}]},{"@type":"BreadcrumbList","@id":"https:\/\/www.kktavastia.fi\/lukiot-kauriala\/ajankohtaista\/kestava-kehitys\/#breadcrumb","itemListElement":[{"@type":"ListItem","position":1,"name":"Home","item":"https:\/\/www.kktavastia.fi\/lukiot-kauriala\/"},{"@type":"ListItem","position":2,"name":"Ajankohtaista","item":"https:\/\/www.kktavastia.fi\/lukiot-kauriala\/ajankohtaista\/"},{"@type":"ListItem","position":3,"name":"Kest\u00e4v\u00e4 kehitys"}]},{"@type":"WebSite","@id":"https:\/\/www.kktavastia.fi\/lukiot-kauriala\/#website","url":"https:\/\/www.kktavastia.fi\/lukiot-kauriala\/","name":"Kaurialan lukio","description":"","potentialAction":[{"@type":"SearchAction","target":{"@type":"EntryPoint","urlTemplate":"https:\/\/www.kktavastia.fi\/lukiot-kauriala\/?s={search_term_string}"},"query-input":{"@type":"PropertyValueSpecification","valueRequired":true,"valueName":"search_term_string"}}],"inLanguage":"fi"}]}},"_links":{"self":[{"href":"https:\/\/www.kktavastia.fi\/lukiot-kauriala\/wp-json\/wp\/v2\/pages\/2715","targetHints":{"allow":["GET"]}}],"collection":[{"href":"https:\/\/www.kktavastia.fi\/lukiot-kauriala\/wp-json\/wp\/v2\/pages"}],"about":[{"href":"https:\/\/www.kktavastia.fi\/lukiot-kauriala\/wp-json\/wp\/v2\/types\/page"}],"author":[{"embeddable":true,"href":"https:\/\/www.kktavastia.fi\/lukiot-kauriala\/wp-json\/wp\/v2\/users\/3"}],"replies":[{"embeddable":true,"href":"https:\/\/www.kktavastia.fi\/lukiot-kauriala\/wp-json\/wp\/v2\/comments?post=2715"}],"version-history":[{"count":7,"href":"https:\/\/www.kktavastia.fi\/lukiot-kauriala\/wp-json\/wp\/v2\/pages\/2715\/revisions"}],"predecessor-version":[{"id":2756,"href":"https:\/\/www.kktavastia.fi\/lukiot-kauriala\/wp-json\/wp\/v2\/pages\/2715\/revisions\/2756"}],"up":[{"embeddable":true,"href":"https:\/\/www.kktavastia.fi\/lukiot-kauriala\/wp-json\/wp\/v2\/pages\/3"}],"wp:attachment":[{"href":"https:\/\/www.kktavastia.fi\/lukiot-kauriala\/wp-json\/wp\/v2\/media?parent=2715"}],"curies":[{"name":"wp","href":"https:\/\/api.w.org\/{rel}","templated":true}]}}