{"id":268,"date":"2020-12-30T13:07:20","date_gmt":"2020-12-30T11:07:20","guid":{"rendered":"https:\/\/kktavastia.vaiheessa.fi\/lukiot-kauriala\/?page_id=268"},"modified":"2025-12-19T13:02:31","modified_gmt":"2025-12-19T11:02:31","slug":"alumnit","status":"publish","type":"page","link":"https:\/\/www.kktavastia.fi\/lukiot-kauriala\/opiskelijalle\/alumnit\/","title":{"rendered":"Alumnit"},"content":{"rendered":"\n<p class=\"is-style-ingress\">Oletko opiskellut Kaurialan lukiossa tai H\u00e4meenlinnan tytt\u00f6lyseossa? Jos vastaat kyll\u00e4, olet lukiomme alumni!<\/p>\n\n\n\n<p>Kaurialan lukiossa k\u00e4ynnistyi lukuvuonna 2011\u20132012 alumnitoiminta. Nykyiset ja tulevat Kaurialan lukiolaiset haluavat mielell\u00e4\u00e4n kuulla, millaisiin ammatteihin Kaurialan lukiossa opiskelleet ovat valmistuneet, mik\u00e4 on ollut heid\u00e4n urapolkunsa ja mit\u00e4 muistoja heill\u00e4 on omasta opiskeluajastaan.<\/p>\n\n\n\n<p>Alumnitoiminta sis\u00e4lt\u00e4\u00e4 mm. koulutusalojen ja ammattialojen esittelyj\u00e4 sek\u00e4 studia generalia -luentoja. Tiedeilloissa ja koulutusesittelyiss\u00e4 entiset opiskelijat ovat jo aiemmin kertoneet erityisaloistaan, ja t\u00e4t\u00e4 perinnett\u00e4 haluamme yll\u00e4pit\u00e4\u00e4 ja jalostaa. Tarkoituksena on my\u00f6s j\u00e4rjest\u00e4\u00e4 luokkakokouksia, lis\u00e4t\u00e4 tiedotustoimintaa sek\u00e4 jakaa stipendej\u00e4 ja avustuksia. Muita alumnitoimintaan liittyvi\u00e4 tapahtumia ovat esim. Vuoden alumnin valitseminen ja alumnien tapaaminen.<\/p>\n\n\n\n<div class=\"wp-block-buttons is-layout-flex wp-block-buttons-is-layout-flex\">\n<div class=\"wp-block-button\"><a class=\"wp-block-button__link wp-element-button\" href=\"https:\/\/docs.google.com\/forms\/d\/e\/1FAIpQLSctTG-Lpwy7dhnpR8VugF5TYN2phnvyFO3EDpLTUFtKRb2DIw\/viewform?formkey=dGhSVDNwYUNHeVR5U051emhnNks3alE6MQ#gid=0\">Ilmoittaudu alumniksi!<\/a><\/div>\n<\/div>\n\n\n\n<h4 class=\"wp-block-heading\">Vuoden alumnit<\/h4>\n\n\n\n<p>Vuoden 2024 alumni on Tuula Linnainmaa. <a href=\"https:\/\/www.kktavastia.fi\/lukiot-kauriala\/2024\/kaurialan-lukion-vuoden-2024-alumni-on-tuula-linnainmaa\/\">Lue lis\u00e4\u00e4<\/a>. <\/p>\n\n\n\n<p>Aiempina vuosina vuoden alumneiksi on valittu:<\/p>\n\n\n\n<ul class=\"wp-block-list\">\n<li>2012 Merja Yl\u00e4-Anttila<\/li>\n\n\n\n<li>2013 Jyrki Louhi<\/li>\n\n\n\n<li>2014 Liisi Tandefelt<\/li>\n\n\n\n<li>2015 Viljo Pet\u00e4j\u00e4<\/li>\n\n\n\n<li>2016 Anneli Pauli<\/li>\n\n\n\n<li>2017 Petri Vil\u00e9n<\/li>\n\n\n\n<li>2018 Liisa Alanen ja Leena-Maija Ruuskanen<\/li>\n\n\n\n<li>2019 Tommi Alanne<\/li>\n\n\n\n<li>2020 Kreeta Karvala<\/li>\n\n\n\n<li>2021 Kari Tikkinen<\/li>\n\n\n\n<li>2022 Juuso Hietanen<\/li>\n\n\n\n<li>2023 Maria Lassila-Merisalo<\/li>\n\n\n\n<li>2024 Tuula Linnainmaa<\/li>\n\n\n\n<li>2025 Hanna Uusitalo<\/li>\n<\/ul>\n\n\n\n<p>Kaurialan lukion alumnit Facebookissa:<\/p>\n\n\n\n<ul class=\"wp-block-social-links alignleft is-layout-flex wp-block-social-links-is-layout-flex\"><li class=\"wp-social-link wp-social-link-facebook  wp-block-social-link\"><a href=\"https:\/\/www.facebook.com\/Kaurialan-lukion-alumnit-119417184846950\/?fref=ts\" class=\"wp-block-social-link-anchor\"><svg width=\"24\" height=\"24\" viewBox=\"0 0 24 24\" version=\"1.1\" xmlns=\"http:\/\/www.w3.org\/2000\/svg\" aria-hidden=\"true\" focusable=\"false\"><path d=\"M12 2C6.5 2 2 6.5 2 12c0 5 3.7 9.1 8.4 9.9v-7H7.9V12h2.5V9.8c0-2.5 1.5-3.9 3.8-3.9 1.1 0 2.2.2 2.2.2v2.5h-1.3c-1.2 0-1.6.8-1.6 1.6V12h2.8l-.4 2.9h-2.3v7C18.3 21.1 22 17 22 12c0-5.5-4.5-10-10-10z\"><\/path><\/svg><span class=\"wp-block-social-link-label screen-reader-text\">Facebook<\/span><\/a><\/li>\n\n\n\n\n\n\n\n<\/ul>\n\n\n\n<p>Alumnina voit my\u00f6s ilmoittautua sijaisopettajaksi <a href=\"https:\/\/forms.office.com\/e\/zUVRFYDeQR\" target=\"_blank\" rel=\"noreferrer noopener nofollow\">t\u00e4ss\u00e4 linkiss\u00e4<\/a>. <\/p>\n\n\n\n<p><\/p>\n","protected":false},"excerpt":{"rendered":"<p>Oletko opiskellut Kaurialan lukiossa tai H\u00e4meenlinnan tytt\u00f6lyseossa? Jos vastaat kyll\u00e4, olet lukiomme alumni! Kaurialan lukiossa k\u00e4ynnistyi lukuvuonna 2011\u20132012 alumnitoiminta. Nykyiset [&hellip;]<\/p>\n","protected":false},"author":6,"featured_media":0,"parent":8,"menu_order":0,"comment_status":"closed","ping_status":"closed","template":"","meta":{"_acf_changed":false,"_relevanssi_hide_post":"","_relevanssi_hide_content":"","_relevanssi_pin_for_all":"","_relevanssi_pin_keywords":"","_relevanssi_unpin_keywords":"","_relevanssi_related_keywords":"","_relevanssi_related_include_ids":"","_relevanssi_related_exclude_ids":"","_relevanssi_related_no_append":"","_relevanssi_related_not_related":"","_relevanssi_related_posts":"74,84,55,3525,3,100","_relevanssi_noindex_reason":"","footnotes":""},"class_list":["post-268","page","type-page","status-publish","hentry"],"acf":[],"yoast_head":"<title>Kaurialan lukion alumnit | Kaurialan lukion vuoden alumni<\/title>\n<meta name=\"description\" content=\"Kaurialan lukion alumnit eli tietoa entisten opiskelijoiden toiminnasta. Kaurialan lukiossa valitaan vuosittain vuoden alumni.\" \/>\n<meta name=\"robots\" content=\"index, follow, max-snippet:-1, max-image-preview:large, max-video-preview:-1\" \/>\n<link rel=\"canonical\" href=\"https:\/\/www.kktavastia.fi\/lukiot-kauriala\/opiskelijalle\/alumnit\/\" \/>\n<meta property=\"og:locale\" content=\"fi_FI\" \/>\n<meta property=\"og:type\" content=\"article\" \/>\n<meta property=\"og:title\" content=\"Kaurialan lukion alumnit | Kaurialan lukion vuoden alumni\" \/>\n<meta property=\"og:description\" content=\"Kaurialan lukion alumnit eli tietoa entisten opiskelijoiden toiminnasta. Kaurialan lukiossa valitaan vuosittain vuoden alumni.\" \/>\n<meta property=\"og:url\" content=\"https:\/\/www.kktavastia.fi\/lukiot-kauriala\/opiskelijalle\/alumnit\/\" \/>\n<meta property=\"og:site_name\" content=\"Kaurialan lukio\" \/>\n<meta property=\"article:modified_time\" content=\"2025-12-19T11:02:31+00:00\" \/>\n<meta name=\"twitter:card\" content=\"summary_large_image\" \/>\n<script type=\"application\/ld+json\" class=\"yoast-schema-graph\">{\"@context\":\"https:\\\/\\\/schema.org\",\"@graph\":[{\"@type\":\"WebPage\",\"@id\":\"https:\\\/\\\/www.kktavastia.fi\\\/lukiot-kauriala\\\/opiskelijalle\\\/alumnit\\\/\",\"url\":\"https:\\\/\\\/www.kktavastia.fi\\\/lukiot-kauriala\\\/opiskelijalle\\\/alumnit\\\/\",\"name\":\"Kaurialan lukion alumnit | Kaurialan lukion vuoden alumni\",\"isPartOf\":{\"@id\":\"https:\\\/\\\/www.kktavastia.fi\\\/lukiot-kauriala\\\/#website\"},\"datePublished\":\"2020-12-30T11:07:20+00:00\",\"dateModified\":\"2025-12-19T11:02:31+00:00\",\"description\":\"Kaurialan lukion alumnit eli tietoa entisten opiskelijoiden toiminnasta. Kaurialan lukiossa valitaan vuosittain vuoden alumni.\",\"breadcrumb\":{\"@id\":\"https:\\\/\\\/www.kktavastia.fi\\\/lukiot-kauriala\\\/opiskelijalle\\\/alumnit\\\/#breadcrumb\"},\"inLanguage\":\"fi\",\"potentialAction\":[{\"@type\":\"ReadAction\",\"target\":[\"https:\\\/\\\/www.kktavastia.fi\\\/lukiot-kauriala\\\/opiskelijalle\\\/alumnit\\\/\"]}]},{\"@type\":\"BreadcrumbList\",\"@id\":\"https:\\\/\\\/www.kktavastia.fi\\\/lukiot-kauriala\\\/opiskelijalle\\\/alumnit\\\/#breadcrumb\",\"itemListElement\":[{\"@type\":\"ListItem\",\"position\":1,\"name\":\"Home\",\"item\":\"https:\\\/\\\/www.kktavastia.fi\\\/lukiot-kauriala\\\/\"},{\"@type\":\"ListItem\",\"position\":2,\"name\":\"Opiskelijalle\",\"item\":\"https:\\\/\\\/www.kktavastia.fi\\\/lukiot-kauriala\\\/opiskelijalle\\\/\"},{\"@type\":\"ListItem\",\"position\":3,\"name\":\"Alumnit\"}]},{\"@type\":\"WebSite\",\"@id\":\"https:\\\/\\\/www.kktavastia.fi\\\/lukiot-kauriala\\\/#website\",\"url\":\"https:\\\/\\\/www.kktavastia.fi\\\/lukiot-kauriala\\\/\",\"name\":\"Kaurialan lukio\",\"description\":\"\",\"potentialAction\":[{\"@type\":\"SearchAction\",\"target\":{\"@type\":\"EntryPoint\",\"urlTemplate\":\"https:\\\/\\\/www.kktavastia.fi\\\/lukiot-kauriala\\\/?s={search_term_string}\"},\"query-input\":{\"@type\":\"PropertyValueSpecification\",\"valueRequired\":true,\"valueName\":\"search_term_string\"}}],\"inLanguage\":\"fi\"}]}<\/script>","yoast_head_json":{"title":"Kaurialan lukion alumnit | Kaurialan lukion vuoden alumni","description":"Kaurialan lukion alumnit eli tietoa entisten opiskelijoiden toiminnasta. Kaurialan lukiossa valitaan vuosittain vuoden alumni.","robots":{"index":"index","follow":"follow","max-snippet":"max-snippet:-1","max-image-preview":"max-image-preview:large","max-video-preview":"max-video-preview:-1"},"canonical":"https:\/\/www.kktavastia.fi\/lukiot-kauriala\/opiskelijalle\/alumnit\/","og_locale":"fi_FI","og_type":"article","og_title":"Kaurialan lukion alumnit | Kaurialan lukion vuoden alumni","og_description":"Kaurialan lukion alumnit eli tietoa entisten opiskelijoiden toiminnasta. Kaurialan lukiossa valitaan vuosittain vuoden alumni.","og_url":"https:\/\/www.kktavastia.fi\/lukiot-kauriala\/opiskelijalle\/alumnit\/","og_site_name":"Kaurialan lukio","article_modified_time":"2025-12-19T11:02:31+00:00","twitter_card":"summary_large_image","schema":{"@context":"https:\/\/schema.org","@graph":[{"@type":"WebPage","@id":"https:\/\/www.kktavastia.fi\/lukiot-kauriala\/opiskelijalle\/alumnit\/","url":"https:\/\/www.kktavastia.fi\/lukiot-kauriala\/opiskelijalle\/alumnit\/","name":"Kaurialan lukion alumnit | Kaurialan lukion vuoden alumni","isPartOf":{"@id":"https:\/\/www.kktavastia.fi\/lukiot-kauriala\/#website"},"datePublished":"2020-12-30T11:07:20+00:00","dateModified":"2025-12-19T11:02:31+00:00","description":"Kaurialan lukion alumnit eli tietoa entisten opiskelijoiden toiminnasta. Kaurialan lukiossa valitaan vuosittain vuoden alumni.","breadcrumb":{"@id":"https:\/\/www.kktavastia.fi\/lukiot-kauriala\/opiskelijalle\/alumnit\/#breadcrumb"},"inLanguage":"fi","potentialAction":[{"@type":"ReadAction","target":["https:\/\/www.kktavastia.fi\/lukiot-kauriala\/opiskelijalle\/alumnit\/"]}]},{"@type":"BreadcrumbList","@id":"https:\/\/www.kktavastia.fi\/lukiot-kauriala\/opiskelijalle\/alumnit\/#breadcrumb","itemListElement":[{"@type":"ListItem","position":1,"name":"Home","item":"https:\/\/www.kktavastia.fi\/lukiot-kauriala\/"},{"@type":"ListItem","position":2,"name":"Opiskelijalle","item":"https:\/\/www.kktavastia.fi\/lukiot-kauriala\/opiskelijalle\/"},{"@type":"ListItem","position":3,"name":"Alumnit"}]},{"@type":"WebSite","@id":"https:\/\/www.kktavastia.fi\/lukiot-kauriala\/#website","url":"https:\/\/www.kktavastia.fi\/lukiot-kauriala\/","name":"Kaurialan lukio","description":"","potentialAction":[{"@type":"SearchAction","target":{"@type":"EntryPoint","urlTemplate":"https:\/\/www.kktavastia.fi\/lukiot-kauriala\/?s={search_term_string}"},"query-input":{"@type":"PropertyValueSpecification","valueRequired":true,"valueName":"search_term_string"}}],"inLanguage":"fi"}]}},"_links":{"self":[{"href":"https:\/\/www.kktavastia.fi\/lukiot-kauriala\/wp-json\/wp\/v2\/pages\/268","targetHints":{"allow":["GET"]}}],"collection":[{"href":"https:\/\/www.kktavastia.fi\/lukiot-kauriala\/wp-json\/wp\/v2\/pages"}],"about":[{"href":"https:\/\/www.kktavastia.fi\/lukiot-kauriala\/wp-json\/wp\/v2\/types\/page"}],"author":[{"embeddable":true,"href":"https:\/\/www.kktavastia.fi\/lukiot-kauriala\/wp-json\/wp\/v2\/users\/6"}],"replies":[{"embeddable":true,"href":"https:\/\/www.kktavastia.fi\/lukiot-kauriala\/wp-json\/wp\/v2\/comments?post=268"}],"version-history":[{"count":16,"href":"https:\/\/www.kktavastia.fi\/lukiot-kauriala\/wp-json\/wp\/v2\/pages\/268\/revisions"}],"predecessor-version":[{"id":4939,"href":"https:\/\/www.kktavastia.fi\/lukiot-kauriala\/wp-json\/wp\/v2\/pages\/268\/revisions\/4939"}],"up":[{"embeddable":true,"href":"https:\/\/www.kktavastia.fi\/lukiot-kauriala\/wp-json\/wp\/v2\/pages\/8"}],"wp:attachment":[{"href":"https:\/\/www.kktavastia.fi\/lukiot-kauriala\/wp-json\/wp\/v2\/media?parent=268"}],"curies":[{"name":"wp","href":"https:\/\/api.w.org\/{rel}","templated":true}]}}