{"id":244,"date":"2020-12-30T12:21:16","date_gmt":"2020-12-30T10:21:16","guid":{"rendered":"https:\/\/kktavastia.vaiheessa.fi\/lukiot-kauriala\/?page_id=244"},"modified":"2025-02-14T10:40:39","modified_gmt":"2025-02-14T08:40:39","slug":"kurssien-suorittaminen","status":"publish","type":"page","link":"https:\/\/www.kktavastia.fi\/lukiot-kauriala\/opetus-ja-ohjaus\/opetusjarjestelyt\/kurssien-suorittaminen\/","title":{"rendered":"Kurssien\/opintojaksojen suorittaminen"},"content":{"rendered":"\n<p class=\"is-style-ingress\">T\u00e4\u00e4lt\u00e4 l\u00f6yd\u00e4t tietoa opintojaksoille ilmoittautumisesta, arvosanoista sek\u00e4 tarvittaessa opintojaksojen uusimisesta.<\/p>\n\n\n\n<h3 class=\"wp-block-heading\">Opintojaksoille ilmoittautuminen<\/h3>\n\n\n\n<p>Opintojaksoille ilmoittaudutaan Wilman kautta. Valinnat tehd\u00e4\u00e4n koko vuodeksi. Valintoja voi muuttaa opinto-ohjaajan kautta, mutta j\u00e4rkev\u00e4n toiminnan vuoksi valintojen jatkuvaa muuttamista tulee v\u00e4ltt\u00e4\u00e4. Jotta opiskelu olisi kaikilla mahdollista, opinto-ohjaajat voivat tehd\u00e4 tasoituksia ryhm\u00e4kokoihin, joten et v\u00e4ltt\u00e4m\u00e4tt\u00e4 aina p\u00e4\u00e4se siihen ryhm\u00e4\u00e4n, mihin olet ilmoittautunut. Tarkista aina seuraavan jakson lopullinen lukuj\u00e4rjestyksesi ennen uuden jakson alkamista (p\u00e4\u00e4tt\u00f6viikon viimeisen\u00e4 p\u00e4iv\u00e4n\u00e4).<\/p>\n\n\n\n<p>Mik\u00e4li tietty opintojakso on jo t\u00e4ynn\u00e4, voi opinto-ohjaaja muuttaa yksitt\u00e4isten opiskelijoiden lukuj\u00e4rjestyst\u00e4 siten, ett\u00e4 kenenk\u00e4\u00e4n opinnot eiv\u00e4t viiv\u00e4sty. Ensisijaisoikeuden antaa aina mm. lyhyen kielen opiskelu. Ajantasainen opintotarjotin on koulun kotisivuilla sek\u00e4 Wilmassa. Wilmassa n\u00e4kyv\u00e4t my\u00f6s opintosuoritukset. Jokainen opiskelija on Wilmaan oma k\u00e4ytt\u00e4j\u00e4tunnus ja salasana. Alle 18-vuotiaiden huoltajilla on omat k\u00e4ytt\u00e4j\u00e4tunnukset ja salasanat. Opiskelijan t\u00e4ytt\u00e4ess\u00e4 18 vuotta, oikeus Wilman tietoihin p\u00e4\u00e4syyn sulkeutuu huoltajalta. <strong>Opiskelija <\/strong>voi itse antaa luvan Wilmassa huoltajille (Wilmassa lomakkeet -&gt; 18 vuotta t\u00e4ytt\u00e4nyt antaa luvan&#8230;)<\/p>\n\n\n\n<h3 class=\"wp-block-heading\">Jakson p\u00e4\u00e4tt\u00f6viikko ja palautukset<\/h3>\n\n\n\n<p>Jakson lopussa on p\u00e4\u00e4tt\u00f6viikko. Jokaisena p\u00e4iv\u00e4n\u00e4 on yhden palkin (palkit 1\u20136) tunnit klo 8\u201312 v\u00e4lill\u00e4 sek\u00e4 mahdollisesti seuraavan palkin oppitunti\/valmistava tunti klo 12.30, mik\u00e4li ryhm\u00e4n kanssa opettaja on n\u00e4in sopinut.&nbsp;<\/p>\n\n\n\n<p>P\u00e4\u00e4tt\u00f6viikon palkkij\u00e4rjestys 1, 2, 3, 4, 5 ja 6. Palkkien 7 ja 8 osalta on joko koulun yhteisesti sovittu p\u00e4iv\u00e4m\u00e4\u00e4r\u00e4 tai opettaja sopii ryhm\u00e4n kanssa erikseen, miten toimitaan. P\u00e4\u00e4tt\u00f6viikolla voi olla my\u00f6s muuta koulun toimintaan liittyv\u00e4\u00e4 ohjelmaa. <\/p>\n\n\n\n<h3 class=\"wp-block-heading\">Opintojakson arvosana (1.8.2021 ja sen j\u00e4lkeen aloittaneet)<\/h3>\n\n\n\n<p><strong>Kurssit<\/strong><\/p>\n\n\n\n<p>Lukion pakolliset ja syvent\u00e4v\u00e4t kurssit arvioidaan numeroin 4\u201310. Soveltavien kurssien arvioinnissa k\u00e4ytet\u00e4\u00e4n suoritusmerkint\u00e4\u00e4 (S\/H). Kaikki teht\u00e4v\u00e4t on palautettava opettajan antaman aikataulun mukaisesti (ellei toisin henkil\u00f6kohtaisesti opettajan kanssa sovita).&nbsp;Mik\u00e4li opiskelija sairastumisen tai muun hyv\u00e4ksytyn poissaolon vuoksi ei ole voinut palauttaa teht\u00e4vi\u00e4 kurssin alussa sovittuun m\u00e4\u00e4r\u00e4aikaan menness\u00e4, on asiasta sovittava opettajan kanssa.<\/p>\n\n\n\n<p>Opiskelijan oikeus hy\u00f6dynt\u00e4\u00e4 my\u00f6h\u00e4isemp\u00e4\u00e4 palautusajankohta riippuu my\u00f6s siit\u00e4, ett\u00e4 h\u00e4n on selvitt\u00e4nyt opettajalle poissaolonsa lukion s\u00e4\u00e4nt\u00f6jen mukaisesti. L\u00e4ht\u00f6kohtaisesti niit\u00e4 t\u00f6it\u00e4, joiden palauttaminen on selv\u00e4sti laiminly\u00f6ty jakson aikana opettajan antamien ohjeiden vastaisesti, ei voi palauttaa. Palauttamattomat suoritukset voivat laskea arvosanaa (arviointiperusteet selvitet\u00e4\u00e4n jokaisen kurssin alussa).<\/p>\n\n\n\n<p>Kurssin voi k\u00e4yd\u00e4 uudelleen istumalla kurssin tai suorittamalla sen itsen\u00e4isesti (jos se opsin mukaan on mahdollista).<\/p>\n\n\n\n<p><strong>Opintojaksot<\/strong><\/p>\n\n\n\n<p>Pakolliset ja valtakunnalliset valinnaiset opintojaksot arvioidaan numeroin 4\u201310. Paikallisten valinnaisten opintojaksojen arvioinnissa k\u00e4ytet\u00e4\u00e4n suoritusmerkint\u00e4\u00e4 (S\/H). Kaikki teht\u00e4v\u00e4t on palautettava opettajan antaman aikataulun mukaisesti (ellei toisin henkil\u00f6kohtaisesti opettajan kanssa sovita).&nbsp;Mik\u00e4li opiskelija sairastumisen tai muun hyv\u00e4ksytyn poissaolon vuoksi ei ole voinut palauttaa teht\u00e4vi\u00e4 sovittuun m\u00e4\u00e4r\u00e4aikaan menness\u00e4, on asiasta sovittava opettajan kanssa. <\/p>\n\n\n\n<p>Uuden opetussuunnitelman mukaiset arviointimerkinn\u00e4t ovat koostetusti opetussuunnitelman arviointiosiossa. P\u00e4\u00e4set siihen t\u00e4st\u00e4: <a href=\"https:\/\/eperusteet.opintopolku.fi\/beta\/#\/fi\/opetussuunnitelma\/11422365\/lukiokoulutus\/tekstikappale\/11423606\">opetussuunnitelman arviointiosio<\/a> (rullaa sivun loppuun).<\/p>\n\n\n\n<p>K-merkint\u00e4 annetaan kun kurssisuoritus on kesken (suorituksia puuttuu, mutta opettaja katsoo, ett\u00e4 ne palauttamalla tai tekem\u00e4ll\u00e4 voi arvosanan saada).<\/p>\n\n\n\n<p>1.8.2019 alkaen k\u00e4yt\u00f6ss\u00e4 on my\u00f6s X-merkint\u00e4. Se annetaan, kun<\/p>\n\n\n\n<ul class=\"wp-block-list\">\n<li>opettaja ei pysty puutteellisen n\u00e4yt\u00f6n vuoksi arvioimaan kurssia edes arvosanalla 4<\/li>\n\n\n\n<li>arvioitavissa suorituksissa on k\u00e4ytetty vilppi\u00e4<\/li>\n\n\n\n<li>K-merkint\u00e4\u00e4 ei ole hoidettu m\u00e4\u00e4r\u00e4aikaan menness\u00e4<\/li>\n\n\n\n<li>opiskelija keskeytt\u00e4\u00e4 itse opintojakson (ei ole saapunut paikalle tai j\u00e4tt\u00e4nyt arvioitavia suorituksia, ja opettaja katsoo, ett\u00e4 K-merkint\u00e4\u00e4 ei voida antaa)<\/li>\n\n\n\n<li>itsen\u00e4inen suoritus (tentti) on hyl\u00e4tty<\/li>\n<\/ul>\n\n\n\n<p>Opettaja on velvollinen kirjaamaan X-merkinn\u00e4n selityksen n\u00e4kyviin (syy merkinn\u00e4lle, jokin edell\u00e4 mainituista). X-merkint\u00e4\u00e4 ei voi antaa muista syist\u00e4. X-merkint\u00e4 tarkoittaa sit\u00e4, ett\u00e4 opintojakso on k\u00e4yt\u00e4v\u00e4 uudelleen, eik\u00e4 t\u00e4ydent\u00e4minen ole en\u00e4\u00e4 mahdollista.<\/p>\n\n\n\n<h3 class=\"wp-block-heading\">Hyl\u00e4tty arvosana ja sen uusiminen\/hyl\u00e4tyn opintojakson tai sen hyl\u00e4tyn osasuorituksen uusiminen<\/h3>\n\n\n\n<p>Hyl\u00e4tyn opintojakson uusimista on mahdollisuus yritt\u00e4\u00e4\u00a0kerran\u00a0kunkin jakson j\u00e4lkeen j\u00e4rjestett\u00e4vin\u00e4 uusintakoep\u00e4ivin\u00e4 (ks. kohta uusintakuulustelut). Tenttim\u00e4ll\u00e4 suoritettua hyl\u00e4tty\u00e4 opintojaksoa ei voi korvata uusintakuulustelulla.<\/p>\n\n\n\n<p>LOPS 2021: &#8221;Opiskelijalla on oikeus korottaa yhden kerran hyl\u00e4tty\u00e4 osasuoritusta opintojakson aikana tai erikseen sovittavana yleisen\u00e4 ajankohtana. Opiskelijalla on oikeus korottaa yhden kerran hyl\u00e4tty\u00e4 kokonaista opintojaksoa tukiopintojaksolla tai yleisen\u00e4 ajankohtana (r\u00e4stitenttip\u00e4iv\u00e4t tai erikseen sovittu uusinta).&#8221;<\/p>\n\n\n\n<p>Oppiaineen p\u00e4\u00e4tt\u00f6arvosanan voi saada vain, jos hyl\u00e4ttyjen pakollisten ja syvent\u00e4vien kurssien m\u00e4\u00e4r\u00e4 kokonaiskurssim\u00e4\u00e4r\u00e4st\u00e4 tao pakollisten ja valtakunnallisten valinnaisten opintopistem\u00e4\u00e4r\u00e4st\u00e4 on enint\u00e4\u00e4n seuraavan taulukon mukainen:<\/p>\n\n\n\n<figure class=\"wp-block-table\"><table><tbody><tr><td>Opintopistem\u00e4\u00e4r\u00e4<\/td><td>Hyl\u00e4ttyj\u00e4 voi olla<\/td><\/tr><tr><td>\u00a02-4 op<\/td><td>0 op<\/td><\/tr><tr><td>\u00a06-10 op<\/td><td>2 op<\/td><\/tr><tr><td>\u00a012-16 op<\/td><td>4 op<\/td><\/tr><tr><td>\u00a018- op<\/td><td>6 op<\/td><\/tr><\/tbody><\/table><\/figure>\n\n\n\n<p>OPS 1.8.2021 tai sen j\u00e4lkeen aloittaneilla: 2\/3 oppiaineen pakollisten ja valtakunnallisten valinnaista opintopistem\u00e4\u00e4r\u00e4st\u00e4 tulee olla hyv\u00e4ksytysti suoritettuja. <strong>Hyl\u00e4tyn valtakunnallisen valinnaisen opintojakson<\/strong> voi pyyt\u00e4\u00e4 poistettavaksi rekisterist\u00e4, mutta samalla menett\u00e4\u00e4 my\u00f6s opintopisteet. <\/p>\n\n\n\n<h3 class=\"wp-block-heading\">Hyv\u00e4ksytyn opintojakson uusiminen<\/h3>\n\n\n\n<p>Opiskelijalla on oikeus yritt\u00e4\u00e4 korottaa saamaansa arvosanaa osallistumalla opintojaksolle uudelleen tai suorittamalla sen itsen\u00e4isesti opettajan ohjeiden mukaisesti. Itsen\u00e4isest\u00e4 suorituksesta tehd\u00e4\u00e4n kirjallinen sopimus opettajan kanssa.<\/p>\n\n\n\n<p>Lis\u00e4ksi matematiikan tukiopintojaksoilla (MAA16, MAB12 &#8211; MAB14) voi tietyin edellytyksin korottaa hyv\u00e4ksyttyj\u00e4 matematiikan arvosanoja. Kielten tukiopintojaksoilla voi uusia, hyl\u00e4tyn arvosanan lis\u00e4ksi, my\u00f6s arvosanaa 5.<\/p>\n\n\n\n<p><strong>OPS 2021:<\/strong> &#8221;Opiskelijalla on oikeus korottaa yhden kerran hyv\u00e4ksytty\u00e4 opintojaksoa erikseen sovittavana yleisen\u00e4 ajankohtana. Opintojakso tulee arvioida monipuolisilla n\u00e4yt\u00f6ill\u00e4. Hyv\u00e4ksytty\u00e4 opintojaksoa voi uusia my\u00f6s suorittamalla opintojakso uudelleen, jos se on ty\u00f6j\u00e4rjestysteknisesti mahdollista, suorittamalla opintojakso itsen\u00e4isesti tai osoittamalla muulla tavoin hankittu osaaminen. Arvioinnin pit\u00e4\u00e4 olla t\u00e4ll\u00f6inkin monipuolista.&#8221;<\/p>\n\n\n\n<p>Tukiopintojaksoilla voi tietyin edellytyksen yritt\u00e4\u00e4 korottaa saatua opintojakson arvosanaa. <\/p>\n\n\n\n<h3 class=\"wp-block-heading\">Uusintakuulustelut<\/h3>\n\n\n\n<p>Uusintakuulustelut j\u00e4rjestet\u00e4\u00e4n opetetuissa aineissa jaksojen j\u00e4lkeen (ks. kotisivujen kalenteri). Uusintakuulusteluun saa osallistua opiskelija, joka opintojaksosta saanut hyl\u00e4tyn (4) arvosanan, on ollut poissa p\u00e4\u00e4tt\u00f6viikon arvioitavasta suorituksesta sairauden tai muun hyv\u00e4ksytyn syyn takia (suoritus kesken, annettu merkint\u00e4 K) tai suorittaa tenttim\u00e4ll\u00e4 opintojaksoa, jonka vaadittuun arvioitavaan suoritukseen h\u00e4nell\u00e4 ei ole ollut mahdollisuutta osallistua (p\u00e4\u00e4tt\u00f6p\u00e4iv\u00e4n\u00e4 jo muun opintojakson suoritus).<\/p>\n\n\n\n<p>Hyl\u00e4tyn opintojakson uusintaan voi osallistua kerran. Jos tulos j\u00e4\u00e4 hyl\u00e4tyksi, opintojakso on k\u00e4yt\u00e4v\u00e4 uudestaan. Jos opiskelija on saanut opintojaksosta hyl\u00e4tyn arvosanan ja ilmoittautuu uusintaan, mutta ei saavu uusintatilaisuuteen, kirjataan Wilmaan: ei saapunut uusintaan, ei en\u00e4\u00e4 uusintaoikeutta. Arvosana j\u00e4\u00e4 hyl\u00e4tyksi, jolloin opintojakso on mahdollisesti suoritettava uudelleen.<\/p>\n\n\n\n<p>Uusintakuulusteluun ilmoittaudutaan Wilmassa. Tarkempi ohjeistus annetaan ennen uusintaa Wilma-viestill\u00e4.<\/p>\n\n\n\n<p>Uusintap\u00e4ivi\u00e4 on kolme (matematiikka, kielet ja \u00e4idinkieli, reaali). P\u00e4iv\u00e4t ilmoitetaan kalenterissa, infoteeveess\u00e4 sek\u00e4 ryhm\u00e4nohjaustuokiossa. Uusintakoeaika on kaksi tuntia ja puoli tuntia.&nbsp;Samana p\u00e4iv\u00e4n\u00e4 voi osallistua vain yhteen uusintakuulusteluun. Jos on tarve uusia useampia opintojaksoja, tulee neuvotella asianomaisen opettajien kanssa kokeiden\/suoritusten tekemisest\u00e4 muuna ajankohtana.<\/p>\n\n\n\n<h3 class=\"wp-block-heading\">Oppim\u00e4\u00e4r\u00e4arvosana<\/h3>\n\n\n\n<p>Oppim\u00e4\u00e4r\u00e4arvosana voidaan antaa ainoastaan sellaiselle opiskelijalle, joka on suorittanut kunkin aineen opetussuunnitelmassa (OPS) m\u00e4\u00e4ritellyn pakollisen oppim\u00e4\u00e4r\u00e4n (=pakolliset opinnot) sek\u00e4 itse valitsemansa valinnaiset opinnot, joista 20 op on oltava valtakunnallisia valinnaisia opintoja.<\/p>\n\n\n\n<p>Lukioasetuksen m\u00e4\u00e4ritt\u00e4min numeroin arvioidaan kaikki pakollisten aineiden oppim\u00e4\u00e4r\u00e4t sek\u00e4 valinnaiset vieraat kielet. Opinto-ohjauksesta annetaan suoritusmerkint\u00e4. Mik\u00e4li opiskelija pyyt\u00e4\u00e4, h\u00e4n on oikeutettu saamaan suoritusmerkinn\u00e4n liikunnasta ja sellaisista oppiaineista, joissa opiskelijan suorittama oppim\u00e4\u00e4r\u00e4 k\u00e4sitt\u00e4\u00e4 vain yhden opintojakson sek\u00e4 valinnaisista vieraista kielist\u00e4, mik\u00e4li opiskelija suorittama oppim\u00e4\u00e4r\u00e4 niiss\u00e4 k\u00e4sitt\u00e4\u00e4 vain 4 opintopistett\u00e4.<\/p>\n\n\n\n<p>Oppim\u00e4\u00e4r\u00e4arvosana (p\u00e4\u00e4tt\u00f6arvosana) annetaan, kun 2\/3 aineen pakollisten ja suoritettujen valtakunnallisten valinnaisten opintojaksojen opintopistem\u00e4\u00e4r\u00e4st\u00e4 on hyv\u00e4ksytty\u00e4 (arvosana muu kuin 4).\u00a0Paikallisista valinnaisista opintojaksoista lukion oppim\u00e4\u00e4r\u00e4\u00e4n luetaan vain opiskelijan hyv\u00e4ksytysti suorittamat opintojaksot. P\u00e4\u00e4tt\u00f6arvosana lasketaan opintopistem\u00e4\u00e4r\u00e4ll\u00e4 painotetuista opintojaksoista. Opettajalla (yhdess\u00e4 rehtorin kanssa) on mahdollisuus korottaa p\u00e4\u00e4tt\u00f6arvosanaa lis\u00e4n\u00e4yt\u00f6n tai muun harkinnan perusteella. Oppilaalla on oikeus\u00a0kerran\u00a0yritt\u00e4\u00e4 korottaa saamiaan p\u00e4\u00e4tt\u00f6arvosanoja (esimerkiksi prelimin\u00e4\u00e4rikokeessa tai erillisess\u00e4 korotustentiss\u00e4).<\/p>\n\n\n\n<h3 class=\"wp-block-heading\">Todistukset<\/h3>\n\n\n\n<p>Oppilas saa lukion p\u00e4\u00e4tt\u00f6todistuksen suoritettuaan lukion koko oppim\u00e4\u00e4r\u00e4n mukaiset opinnot.<strong>\u00a0<\/strong>P\u00e4\u00e4tt\u00f6todistukseen\u00a0merkit\u00e4\u00e4n oppiaineiden arvosanat koko suoritetun oppim\u00e4\u00e4r\u00e4n osalta sek\u00e4 kussakin oppiaineessa suoritettujen opintopisteiden m\u00e4\u00e4r\u00e4. Lukion p\u00e4\u00e4tt\u00f6todistuksen liitteeseen merkit\u00e4\u00e4n opiskelijan oppiaineisiin liittym\u00e4tt\u00f6m\u00e4t lukio-oppim\u00e4\u00e4r\u00e4\u00e4n hyv\u00e4ksytyt opinnot ja niiden arviointi.<\/p>\n\n\n\n<p>Ylioppilastutkintotodistuksen&nbsp;saamisen ehtona on, ett\u00e4 opiskelija on suorittanut lukion oppim\u00e4\u00e4r\u00e4n, ja l\u00e4p\u00e4issyt ylioppilastutkintoon liittyvien pakollisten aineiden kokeet hyv\u00e4ksytysti. Ilman lukion p\u00e4\u00e4tt\u00f6todistusta ei voi saada ylioppilastutkintotodistusta.<\/p>\n\n\n\n<p>Mik\u00e4li opiskelija ei saa lukion p\u00e4\u00e4tt\u00f6todistusta, h\u00e4n voi saada&nbsp;todistuksen lukion oppim\u00e4\u00e4r\u00e4n&nbsp;suorittamisesta, mik\u00e4li h\u00e4n on suorittanut yhden tai useamman lukion oppiaineen oppim\u00e4\u00e4r\u00e4n.<\/p>\n\n\n\n<p>Jos opiskelija eroaa lukiosta ennen koko oppim\u00e4\u00e4r\u00e4n suorittamista, h\u00e4nelle annetaan&nbsp;erotodistus. Jos opiskelija aikoo keskeytt\u00e4\u00e4 opintonsa, h\u00e4nen on keskusteltava asiasta opinto-ohjaajan kanssa ja teht\u00e4v\u00e4 rehtorille osoitettu kirjallinen, allekirjoitettu eroanomus.<\/p>\n\n\n\n<h3 class=\"wp-block-heading\">Opiskelutodistus ja opintosuoritusote<\/h3>\n\n\n\n<p>Mik\u00e4li tarvitset opiskelutodistusta tai otetta opintosuorituksistasi, kirjaudu Wilmaan. Siell\u00e4 on ohjeet Atomi-palvelun k\u00e4ytt\u00f6\u00f6n. Atomi-palvelun linkki on my\u00f6s KK-Tavastian p\u00e4\u00e4sivulla kohdassa opiskelijoiden linkit. https:\/\/www.kktavastia.fi\/opiskelijalle\/<\/p>\n","protected":false},"excerpt":{"rendered":"<p>T\u00e4\u00e4lt\u00e4 l\u00f6yd\u00e4t tietoa opintojaksoille ilmoittautumisesta, arvosanoista sek\u00e4 tarvittaessa opintojaksojen uusimisesta. Opintojaksoille ilmoittautuminen Opintojaksoille ilmoittaudutaan Wilman kautta. Valinnat tehd\u00e4\u00e4n koko vuodeksi. [&hellip;]<\/p>\n","protected":false},"author":6,"featured_media":0,"parent":100,"menu_order":0,"comment_status":"closed","ping_status":"closed","template":"","meta":{"_acf_changed":false,"_relevanssi_hide_post":"","_relevanssi_hide_content":"","_relevanssi_pin_for_all":"","_relevanssi_pin_keywords":"","_relevanssi_unpin_keywords":"","_relevanssi_related_keywords":"","_relevanssi_related_include_ids":"","_relevanssi_related_exclude_ids":"","_relevanssi_related_no_append":"","_relevanssi_related_not_related":"","_relevanssi_related_posts":"84,8,98,100,3,102","_relevanssi_noindex_reason":"","footnotes":""},"class_list":["post-244","page","type-page","status-publish","hentry"],"acf":[],"yoast_head":"<title>Kurssien suorittaminen Kaurialan lukiossa | Ilmoittautuminen, arvosanat<\/title>\n<meta name=\"description\" content=\"Kurssien suorittaminen Kaurialan lukiossa: kursseille ilmoittautuminen, kurssiarvosanat, kurssien uusiminen, hyl\u00e4tty arvosana. Katso ohjeet\" \/>\n<meta name=\"robots\" content=\"index, follow, max-snippet:-1, max-image-preview:large, max-video-preview:-1\" \/>\n<link rel=\"canonical\" href=\"https:\/\/www.kktavastia.fi\/lukiot-kauriala\/opetus-ja-ohjaus\/opetusjarjestelyt\/kurssien-suorittaminen\/\" \/>\n<meta property=\"og:locale\" content=\"fi_FI\" \/>\n<meta property=\"og:type\" content=\"article\" \/>\n<meta property=\"og:title\" content=\"Kurssien suorittaminen Kaurialan lukiossa | Ilmoittautuminen, arvosanat\" \/>\n<meta property=\"og:description\" content=\"Kurssien suorittaminen Kaurialan lukiossa: kursseille ilmoittautuminen, kurssiarvosanat, kurssien uusiminen, hyl\u00e4tty arvosana. Katso ohjeet\" \/>\n<meta property=\"og:url\" content=\"https:\/\/www.kktavastia.fi\/lukiot-kauriala\/opetus-ja-ohjaus\/opetusjarjestelyt\/kurssien-suorittaminen\/\" \/>\n<meta property=\"og:site_name\" content=\"Kaurialan lukio\" \/>\n<meta property=\"article:modified_time\" content=\"2025-02-14T08:40:39+00:00\" \/>\n<meta name=\"twitter:card\" content=\"summary_large_image\" \/>\n<script type=\"application\/ld+json\" class=\"yoast-schema-graph\">{\"@context\":\"https:\\\/\\\/schema.org\",\"@graph\":[{\"@type\":\"WebPage\",\"@id\":\"https:\\\/\\\/www.kktavastia.fi\\\/lukiot-kauriala\\\/opetus-ja-ohjaus\\\/opetusjarjestelyt\\\/kurssien-suorittaminen\\\/\",\"url\":\"https:\\\/\\\/www.kktavastia.fi\\\/lukiot-kauriala\\\/opetus-ja-ohjaus\\\/opetusjarjestelyt\\\/kurssien-suorittaminen\\\/\",\"name\":\"Kurssien suorittaminen Kaurialan lukiossa | Ilmoittautuminen, arvosanat\",\"isPartOf\":{\"@id\":\"https:\\\/\\\/www.kktavastia.fi\\\/lukiot-kauriala\\\/#website\"},\"datePublished\":\"2020-12-30T10:21:16+00:00\",\"dateModified\":\"2025-02-14T08:40:39+00:00\",\"description\":\"Kurssien suorittaminen Kaurialan lukiossa: kursseille ilmoittautuminen, kurssiarvosanat, kurssien uusiminen, hyl\u00e4tty arvosana. Katso ohjeet\",\"breadcrumb\":{\"@id\":\"https:\\\/\\\/www.kktavastia.fi\\\/lukiot-kauriala\\\/opetus-ja-ohjaus\\\/opetusjarjestelyt\\\/kurssien-suorittaminen\\\/#breadcrumb\"},\"inLanguage\":\"fi\",\"potentialAction\":[{\"@type\":\"ReadAction\",\"target\":[\"https:\\\/\\\/www.kktavastia.fi\\\/lukiot-kauriala\\\/opetus-ja-ohjaus\\\/opetusjarjestelyt\\\/kurssien-suorittaminen\\\/\"]}]},{\"@type\":\"BreadcrumbList\",\"@id\":\"https:\\\/\\\/www.kktavastia.fi\\\/lukiot-kauriala\\\/opetus-ja-ohjaus\\\/opetusjarjestelyt\\\/kurssien-suorittaminen\\\/#breadcrumb\",\"itemListElement\":[{\"@type\":\"ListItem\",\"position\":1,\"name\":\"Home\",\"item\":\"https:\\\/\\\/www.kktavastia.fi\\\/lukiot-kauriala\\\/\"},{\"@type\":\"ListItem\",\"position\":2,\"name\":\"Opetus ja ohjaus\",\"item\":\"https:\\\/\\\/www.kktavastia.fi\\\/lukiot-kauriala\\\/opetus-ja-ohjaus\\\/\"},{\"@type\":\"ListItem\",\"position\":3,\"name\":\"Opetusj\u00e4rjestelyt\",\"item\":\"https:\\\/\\\/www.kktavastia.fi\\\/lukiot-kauriala\\\/opetus-ja-ohjaus\\\/opetusjarjestelyt\\\/\"},{\"@type\":\"ListItem\",\"position\":4,\"name\":\"Kurssien\\\/opintojaksojen suorittaminen\"}]},{\"@type\":\"WebSite\",\"@id\":\"https:\\\/\\\/www.kktavastia.fi\\\/lukiot-kauriala\\\/#website\",\"url\":\"https:\\\/\\\/www.kktavastia.fi\\\/lukiot-kauriala\\\/\",\"name\":\"Kaurialan lukio\",\"description\":\"\",\"potentialAction\":[{\"@type\":\"SearchAction\",\"target\":{\"@type\":\"EntryPoint\",\"urlTemplate\":\"https:\\\/\\\/www.kktavastia.fi\\\/lukiot-kauriala\\\/?s={search_term_string}\"},\"query-input\":{\"@type\":\"PropertyValueSpecification\",\"valueRequired\":true,\"valueName\":\"search_term_string\"}}],\"inLanguage\":\"fi\"}]}<\/script>","yoast_head_json":{"title":"Kurssien suorittaminen Kaurialan lukiossa | Ilmoittautuminen, arvosanat","description":"Kurssien suorittaminen Kaurialan lukiossa: kursseille ilmoittautuminen, kurssiarvosanat, kurssien uusiminen, hyl\u00e4tty arvosana. Katso ohjeet","robots":{"index":"index","follow":"follow","max-snippet":"max-snippet:-1","max-image-preview":"max-image-preview:large","max-video-preview":"max-video-preview:-1"},"canonical":"https:\/\/www.kktavastia.fi\/lukiot-kauriala\/opetus-ja-ohjaus\/opetusjarjestelyt\/kurssien-suorittaminen\/","og_locale":"fi_FI","og_type":"article","og_title":"Kurssien suorittaminen Kaurialan lukiossa | Ilmoittautuminen, arvosanat","og_description":"Kurssien suorittaminen Kaurialan lukiossa: kursseille ilmoittautuminen, kurssiarvosanat, kurssien uusiminen, hyl\u00e4tty arvosana. Katso ohjeet","og_url":"https:\/\/www.kktavastia.fi\/lukiot-kauriala\/opetus-ja-ohjaus\/opetusjarjestelyt\/kurssien-suorittaminen\/","og_site_name":"Kaurialan lukio","article_modified_time":"2025-02-14T08:40:39+00:00","twitter_card":"summary_large_image","schema":{"@context":"https:\/\/schema.org","@graph":[{"@type":"WebPage","@id":"https:\/\/www.kktavastia.fi\/lukiot-kauriala\/opetus-ja-ohjaus\/opetusjarjestelyt\/kurssien-suorittaminen\/","url":"https:\/\/www.kktavastia.fi\/lukiot-kauriala\/opetus-ja-ohjaus\/opetusjarjestelyt\/kurssien-suorittaminen\/","name":"Kurssien suorittaminen Kaurialan lukiossa | Ilmoittautuminen, arvosanat","isPartOf":{"@id":"https:\/\/www.kktavastia.fi\/lukiot-kauriala\/#website"},"datePublished":"2020-12-30T10:21:16+00:00","dateModified":"2025-02-14T08:40:39+00:00","description":"Kurssien suorittaminen Kaurialan lukiossa: kursseille ilmoittautuminen, kurssiarvosanat, kurssien uusiminen, hyl\u00e4tty arvosana. Katso ohjeet","breadcrumb":{"@id":"https:\/\/www.kktavastia.fi\/lukiot-kauriala\/opetus-ja-ohjaus\/opetusjarjestelyt\/kurssien-suorittaminen\/#breadcrumb"},"inLanguage":"fi","potentialAction":[{"@type":"ReadAction","target":["https:\/\/www.kktavastia.fi\/lukiot-kauriala\/opetus-ja-ohjaus\/opetusjarjestelyt\/kurssien-suorittaminen\/"]}]},{"@type":"BreadcrumbList","@id":"https:\/\/www.kktavastia.fi\/lukiot-kauriala\/opetus-ja-ohjaus\/opetusjarjestelyt\/kurssien-suorittaminen\/#breadcrumb","itemListElement":[{"@type":"ListItem","position":1,"name":"Home","item":"https:\/\/www.kktavastia.fi\/lukiot-kauriala\/"},{"@type":"ListItem","position":2,"name":"Opetus ja ohjaus","item":"https:\/\/www.kktavastia.fi\/lukiot-kauriala\/opetus-ja-ohjaus\/"},{"@type":"ListItem","position":3,"name":"Opetusj\u00e4rjestelyt","item":"https:\/\/www.kktavastia.fi\/lukiot-kauriala\/opetus-ja-ohjaus\/opetusjarjestelyt\/"},{"@type":"ListItem","position":4,"name":"Kurssien\/opintojaksojen suorittaminen"}]},{"@type":"WebSite","@id":"https:\/\/www.kktavastia.fi\/lukiot-kauriala\/#website","url":"https:\/\/www.kktavastia.fi\/lukiot-kauriala\/","name":"Kaurialan lukio","description":"","potentialAction":[{"@type":"SearchAction","target":{"@type":"EntryPoint","urlTemplate":"https:\/\/www.kktavastia.fi\/lukiot-kauriala\/?s={search_term_string}"},"query-input":{"@type":"PropertyValueSpecification","valueRequired":true,"valueName":"search_term_string"}}],"inLanguage":"fi"}]}},"_links":{"self":[{"href":"https:\/\/www.kktavastia.fi\/lukiot-kauriala\/wp-json\/wp\/v2\/pages\/244","targetHints":{"allow":["GET"]}}],"collection":[{"href":"https:\/\/www.kktavastia.fi\/lukiot-kauriala\/wp-json\/wp\/v2\/pages"}],"about":[{"href":"https:\/\/www.kktavastia.fi\/lukiot-kauriala\/wp-json\/wp\/v2\/types\/page"}],"author":[{"embeddable":true,"href":"https:\/\/www.kktavastia.fi\/lukiot-kauriala\/wp-json\/wp\/v2\/users\/6"}],"replies":[{"embeddable":true,"href":"https:\/\/www.kktavastia.fi\/lukiot-kauriala\/wp-json\/wp\/v2\/comments?post=244"}],"version-history":[{"count":20,"href":"https:\/\/www.kktavastia.fi\/lukiot-kauriala\/wp-json\/wp\/v2\/pages\/244\/revisions"}],"predecessor-version":[{"id":4660,"href":"https:\/\/www.kktavastia.fi\/lukiot-kauriala\/wp-json\/wp\/v2\/pages\/244\/revisions\/4660"}],"up":[{"embeddable":true,"href":"https:\/\/www.kktavastia.fi\/lukiot-kauriala\/wp-json\/wp\/v2\/pages\/100"}],"wp:attachment":[{"href":"https:\/\/www.kktavastia.fi\/lukiot-kauriala\/wp-json\/wp\/v2\/media?parent=244"}],"curies":[{"name":"wp","href":"https:\/\/api.w.org\/{rel}","templated":true}]}}