{"id":87,"date":"2021-01-05T15:58:36","date_gmt":"2021-01-05T13:58:36","guid":{"rendered":"https:\/\/kktavastia.vaiheessa.fi\/lukiot-hameenlinnan-lyseo\/?page_id=87"},"modified":"2025-11-17T11:36:59","modified_gmt":"2025-11-17T09:36:59","slug":"tule-opiskelijaksi","status":"publish","type":"page","link":"https:\/\/www.kktavastia.fi\/lukiot-hameenlinnan-lyseo\/tule-opiskelijaksi\/","title":{"rendered":"Tule opiskelijaksi"},"content":{"rendered":"\n<p class=\"is-style-ingress\">H\u00e4meenlinnan lyseon lukioon haetaan valtakunnallisessa yhteishaussa Opintopolku.fi-sivuston kautta. Seuraava yhteishaku on k\u00e4ynniss\u00e4 17.2.-17.3.2026.<\/p>\n\n\n\n<div class=\"wp-block-buttons is-layout-flex wp-block-buttons-is-layout-flex\">\n<div class=\"wp-block-button\"><a class=\"wp-block-button__link wp-element-button\" href=\"https:\/\/opintopolku.fi\/konfo\/fi\/\" target=\"_blank\" rel=\"noreferrer noopener\">Opintopolku.fi-sivustolle<\/a><\/div>\n<\/div>\n\n\n\n<h3 class=\"wp-block-heading\">Lukion esittelyilta 9-luokkalaisille ja huoltajille tiistaina 20.1.2026 klo 18.00 A-rakennuksen ruokalassa.<\/h3>\n\n\n\n<h3 class=\"wp-block-heading\"><br>Koulun esittelyvideo<\/h3>\n\n\n\n<figure class=\"wp-block-embed is-type-video is-provider-youtube wp-block-embed-youtube wp-embed-aspect-16-9 wp-has-aspect-ratio\"><div class=\"wp-block-embed__wrapper\">\n<div data-service=\"1067208535\" data-id=\"1067208535\" data-title=\"T\u00e4m\u00e4 upote saattaa k\u00e4ytt\u00e4\u00e4 ev\u00e4steit\u00e4\" data-autoscale><\/div>\n<\/div><\/figure>\n\n\n\n<h3 class=\"wp-block-heading\" id=\"opiskelijavalinnasta-ilmoittaminen\">Opiskelijavalinnasta ilmoittaminen<\/h3>\n\n\n\n<p><strong>Kev\u00e4\u00e4n 2026 haku<\/strong><\/p>\n\n\n\n<p>Lukioon valituille opiskelijoille l\u00e4hetet\u00e4\u00e4n tieto opiskelijavalinnasta&nbsp;aikaisintaan kes\u00e4kuussa 2026. Tieto l\u00e4hetet\u00e4\u00e4n yhteishaun hakemuksessa ilmoittamaasi s\u00e4hk\u00f6postiosoitteeseen. S\u00e4hk\u00f6postissa kerrotaan toimintaohjeet lukiopaikan vastaanottamisesta, miten ilmoittaudut lukioon, miten Wilma-tunnukset luodaan ja miten ainevalinnat tehd\u00e4\u00e4n.&nbsp;Toivomme, ett\u00e4 otat lukiopaikan vastaan mahdollisimman pian tiedon saatuasi.<\/p>\n\n\n\n<h3 class=\"wp-block-heading\">Opiskelu lukiossa<\/h3>\n\n\n\n<p>Valintakirjeest\u00e4 l\u00f6yd\u00e4t paljon ohjeita lukion aloittamisesta. <\/p>\n\n\n\n<p>Jos haluat tiet\u00e4\u00e4, mit\u00e4 ensimm\u00e4isen vuoden opintoihisi kuuluu, tutustu alla olevaan tiedostoon. Lukuj\u00e4rjestyksen tulet n\u00e4kem\u00e4\u00e4n Wilmasta aikaisintaan elokuun alussa ennen koulun alkua.<\/p>\n\n\n\n<div class=\"wp-block-file\"><a id=\"wp-block-file--media-f67d9009-e208-4dcb-a312-bebdd9f0ce94\" href=\"https:\/\/www.kktavastia.fi\/media\/sites\/8\/ensimmaisen-vuoden-pakolliset-opinnot-tyojarjestyksessa-1.pdf\">Ensimm\u00e4isen vuoden pakolliset opinnot ty\u00f6j\u00e4rjestyksess\u00e4<\/a><a href=\"https:\/\/www.kktavastia.fi\/media\/sites\/8\/ensimmaisen-vuoden-pakolliset-opinnot-tyojarjestyksessa-1.pdf\" class=\"wp-block-file__button wp-element-button\" download aria-describedby=\"wp-block-file--media-f67d9009-e208-4dcb-a312-bebdd9f0ce94\">Lataa<\/a><\/div>\n\n\n\n<h3 class=\"wp-block-heading\" id=\"ainevalintakortin-tayttaminen\">Ainevalintakortti t\u00e4ytet\u00e4\u00e4n s\u00e4hk\u00f6isesti<\/h3>\n\n\n\n<p>Hakuvaiheessa t\u00e4ytet\u00e4\u00e4n s\u00e4hk\u00f6inen <strong>esivalintakartoitus<\/strong>, joka tehd\u00e4\u00e4n s\u00e4hk\u00f6isesti peruskoulun opinto-ohjaajasi avustuksella t\u00e4ytt\u00e4m\u00e4ll\u00e4 s\u00e4hk\u00f6inen ainevalintakortti. Saat linkin omalta opinto-ohjaajaltasi. <\/p>\n\n\n\n<p>Jos haet lukioomme muualta kuin Kanta-H\u00e4meen alueelta, pyyd\u00e4 linkki s\u00e4hk\u00f6iseen ainevalintaan lyseon lukion opinto-ohjaajilta osoitteesta anne.ahvenharju@kktavastia.fi, tiina.maki@kktavastia.fi tai kukka.tast@kktavastia.fi<\/p>\n\n\n\n<p>Kun sinut on valittu Lyseon lukioon, ilmoitat ainevalintasi samalla Wilmassa, kun aktivoit Wilma-tunnuksesi ja ilmoittaudut Wilmassa lyseon lukiolaiseksi mahdollisimman pian opiskelijavalinnan selvitess\u00e4.<\/p>\n\n\n\n<p><strong>Huomioithan, ett\u00e4 valinnan j\u00e4lkeinen informaatio l\u00e4hetet\u00e4\u00e4n yhteishaussa Opintopolussa ilmoittamaasi s\u00e4hk\u00f6postiosoitteeseen!<\/strong> Ilmoita siis s\u00e4hk\u00f6postiosoitteesi huolellisesti oikein yhteishakua t\u00e4ytt\u00e4ess\u00e4si. <\/p>\n\n\n\n<h3 class=\"wp-block-heading\" id=\"lisatietoja-antavat\">Lis\u00e4tietoja antavat:<\/h3>\n\n\n\n<ul class=\"wp-block-list\">\n<li>Opinto-ohjaaja Tiina M\u00e4ki, puh. 040 8667 709, tiina.maki@kktavastia.fi<\/li>\n\n\n\n<li>Opinto-ohjaaja Anne Ahvenharju, puh 040 8696205, anne.ahvenharju@kktavastia.fi<\/li>\n\n\n\n<li>Urheilulinjalle hakeville Tiina Kivinen, puh 040 5008913, tiina.kivinen@kktavastia.fi<\/li>\n\n\n\n<li>Luovan yritt\u00e4jyyden linjalle hakeville Anne Ahvenharju, puh 040 8696205, anne.ahvenharju@kktavastia.fi<\/li>\n<\/ul>\n\n\n\n<h3 class=\"wp-block-heading\" id=\"haku-erityislinjoille\">Haku erityislinjoille<\/h3>\n\n\n\n<p>Lyseon lukiossa voi opiskella yleislinjan lis\u00e4ksi urheilulinjalla, luovan yritt\u00e4jyyden linjalla tai aikuislinjalla. Urheilulinjalle hakeville j\u00e4rjestet\u00e4\u00e4n osaamis- ja soveltuvuusn\u00e4ytt\u00f6 ja luovan yritt\u00e4jyyden linjalle hakeneille valintakoe j\u00e4rjestet\u00e4\u00e4n s\u00e4hk\u00f6isesti. <\/p>\n\n\n\n<h4 class=\"wp-block-heading\" id=\"haku-urheilulinjalle\">Haku urheilulinjalle<\/h4>\n\n\n\n<p>Urheilulinjalla voi sovittaa yhteen tavallista m\u00e4\u00e4r\u00e4tietoisemman valmennuksen ja opiskelun. Urheilulinjalle haetaan kev\u00e4\u00e4n yhteisvalinnassa. Huomaa t\u00e4ytt\u00e4\u00e4 haun yhteydess\u00e4 urheilijan lis\u00e4tietolomake.<\/p>\n\n\n\n<p>Haku ja lis\u00e4tietoja <a href=\"https:\/\/www.kktavastia.fi\/lukiot-hameenlinnan-lyseo\/erityislinjat\/urheilulinja\/\">urheilulinjasta ja linjan valintaperusteista<\/a>.  <a href=\"https:\/\/www.youtube.com\/watch?v=y324x87_fCw&amp;feature=youtu.be\">Katso video!<\/a><\/p>\n\n\n\n<h4 class=\"wp-block-heading\" id=\"haku-luovan-yrittajyyden-linjalle\">Haku luovan yritt\u00e4jyyden linjalle<\/h4>\n\n\n\n<p>Haku ja lis\u00e4tietoja <a href=\"https:\/\/www.kktavastia.fi\/lukiot-hameenlinnan-lyseo\/erityislinjat\/luovan-yrittajyyden-linja\/\">luovan yritt\u00e4jyyden linjasta<\/a>.<\/p>\n\n\n\n<h4 class=\"wp-block-heading\" id=\"tutustu-myos-aikuislinjaan\">Tutustu my\u00f6s <a href=\"https:\/\/www.kktavastia.fi\/lukiot-hameenlinnan-lyseo-aikuislinja\/\">aikuislinjaan<\/a>.<\/h4>\n","protected":false},"excerpt":{"rendered":"<p>H\u00e4meenlinnan lyseon lukioon haetaan valtakunnallisessa yhteishaussa Opintopolku.fi-sivuston kautta. Seuraava yhteishaku on k\u00e4ynniss\u00e4 17.2.-17.3.2026. Lukion esittelyilta 9-luokkalaisille ja huoltajille tiistaina 20.1.2026 [&hellip;]<\/p>\n","protected":false},"author":3,"featured_media":0,"parent":0,"menu_order":10,"comment_status":"closed","ping_status":"closed","template":"","meta":{"_acf_changed":false,"_relevanssi_hide_post":"","_relevanssi_hide_content":"","_relevanssi_pin_for_all":"","_relevanssi_pin_keywords":"","_relevanssi_unpin_keywords":"","_relevanssi_related_keywords":"","_relevanssi_related_include_ids":"","_relevanssi_related_exclude_ids":"","_relevanssi_related_no_append":"","_relevanssi_related_not_related":"","_relevanssi_related_posts":"33","_relevanssi_noindex_reason":"","footnotes":""},"class_list":["post-87","page","type-page","status-publish","hentry"],"acf":[],"yoast_head":"<title>Haku H\u00e4meenlinnan lyseon lukioon | Tule opiskelijaksi lyseolle<\/title>\n<meta name=\"description\" content=\"Haku H\u00e4meenlinnan lyseon lukioon tapahtuu kev\u00e4\u00e4ll\u00e4 yhteishaussa. Meill\u00e4 on laaja kurssitarjotin ja p\u00e4tev\u00e4t opettajat, tutustu lis\u00e4\u00e4!\" \/>\n<meta name=\"robots\" content=\"index, follow, max-snippet:-1, max-image-preview:large, max-video-preview:-1\" \/>\n<link rel=\"canonical\" href=\"https:\/\/www.kktavastia.fi\/lukiot-hameenlinnan-lyseo\/tule-opiskelijaksi\/\" \/>\n<meta property=\"og:locale\" content=\"fi_FI\" \/>\n<meta property=\"og:type\" content=\"article\" \/>\n<meta property=\"og:title\" content=\"Haku H\u00e4meenlinnan lyseon lukioon | Tule opiskelijaksi lyseolle\" \/>\n<meta property=\"og:description\" content=\"Haku H\u00e4meenlinnan lyseon lukioon tapahtuu kev\u00e4\u00e4ll\u00e4 yhteishaussa. Meill\u00e4 on laaja kurssitarjotin ja p\u00e4tev\u00e4t opettajat, tutustu lis\u00e4\u00e4!\" \/>\n<meta property=\"og:url\" content=\"https:\/\/www.kktavastia.fi\/lukiot-hameenlinnan-lyseo\/tule-opiskelijaksi\/\" \/>\n<meta property=\"og:site_name\" content=\"H\u00e4meenlinnan lyseon lukio\" \/>\n<meta property=\"article:modified_time\" content=\"2025-11-17T09:36:59+00:00\" \/>\n<meta name=\"twitter:card\" content=\"summary_large_image\" \/>\n<script type=\"application\/ld+json\" class=\"yoast-schema-graph\">{\"@context\":\"https:\\\/\\\/schema.org\",\"@graph\":[{\"@type\":\"WebPage\",\"@id\":\"https:\\\/\\\/www.kktavastia.fi\\\/lukiot-hameenlinnan-lyseo\\\/tule-opiskelijaksi\\\/\",\"url\":\"https:\\\/\\\/www.kktavastia.fi\\\/lukiot-hameenlinnan-lyseo\\\/tule-opiskelijaksi\\\/\",\"name\":\"Haku H\u00e4meenlinnan lyseon lukioon | Tule opiskelijaksi lyseolle\",\"isPartOf\":{\"@id\":\"https:\\\/\\\/www.kktavastia.fi\\\/lukiot-hameenlinnan-lyseo\\\/#website\"},\"datePublished\":\"2021-01-05T13:58:36+00:00\",\"dateModified\":\"2025-11-17T09:36:59+00:00\",\"description\":\"Haku H\u00e4meenlinnan lyseon lukioon tapahtuu kev\u00e4\u00e4ll\u00e4 yhteishaussa. Meill\u00e4 on laaja kurssitarjotin ja p\u00e4tev\u00e4t opettajat, tutustu lis\u00e4\u00e4!\",\"breadcrumb\":{\"@id\":\"https:\\\/\\\/www.kktavastia.fi\\\/lukiot-hameenlinnan-lyseo\\\/tule-opiskelijaksi\\\/#breadcrumb\"},\"inLanguage\":\"fi\",\"potentialAction\":[{\"@type\":\"ReadAction\",\"target\":[\"https:\\\/\\\/www.kktavastia.fi\\\/lukiot-hameenlinnan-lyseo\\\/tule-opiskelijaksi\\\/\"]}]},{\"@type\":\"BreadcrumbList\",\"@id\":\"https:\\\/\\\/www.kktavastia.fi\\\/lukiot-hameenlinnan-lyseo\\\/tule-opiskelijaksi\\\/#breadcrumb\",\"itemListElement\":[{\"@type\":\"ListItem\",\"position\":1,\"name\":\"Home\",\"item\":\"https:\\\/\\\/www.kktavastia.fi\\\/lukiot-hameenlinnan-lyseo\\\/\"},{\"@type\":\"ListItem\",\"position\":2,\"name\":\"Tule opiskelijaksi\"}]},{\"@type\":\"WebSite\",\"@id\":\"https:\\\/\\\/www.kktavastia.fi\\\/lukiot-hameenlinnan-lyseo\\\/#website\",\"url\":\"https:\\\/\\\/www.kktavastia.fi\\\/lukiot-hameenlinnan-lyseo\\\/\",\"name\":\"H\u00e4meenlinnan lyseon lukio\",\"description\":\"\",\"potentialAction\":[{\"@type\":\"SearchAction\",\"target\":{\"@type\":\"EntryPoint\",\"urlTemplate\":\"https:\\\/\\\/www.kktavastia.fi\\\/lukiot-hameenlinnan-lyseo\\\/?s={search_term_string}\"},\"query-input\":{\"@type\":\"PropertyValueSpecification\",\"valueRequired\":true,\"valueName\":\"search_term_string\"}}],\"inLanguage\":\"fi\"}]}<\/script>","yoast_head_json":{"title":"Haku H\u00e4meenlinnan lyseon lukioon | Tule opiskelijaksi lyseolle","description":"Haku H\u00e4meenlinnan lyseon lukioon tapahtuu kev\u00e4\u00e4ll\u00e4 yhteishaussa. Meill\u00e4 on laaja kurssitarjotin ja p\u00e4tev\u00e4t opettajat, tutustu lis\u00e4\u00e4!","robots":{"index":"index","follow":"follow","max-snippet":"max-snippet:-1","max-image-preview":"max-image-preview:large","max-video-preview":"max-video-preview:-1"},"canonical":"https:\/\/www.kktavastia.fi\/lukiot-hameenlinnan-lyseo\/tule-opiskelijaksi\/","og_locale":"fi_FI","og_type":"article","og_title":"Haku H\u00e4meenlinnan lyseon lukioon | Tule opiskelijaksi lyseolle","og_description":"Haku H\u00e4meenlinnan lyseon lukioon tapahtuu kev\u00e4\u00e4ll\u00e4 yhteishaussa. Meill\u00e4 on laaja kurssitarjotin ja p\u00e4tev\u00e4t opettajat, tutustu lis\u00e4\u00e4!","og_url":"https:\/\/www.kktavastia.fi\/lukiot-hameenlinnan-lyseo\/tule-opiskelijaksi\/","og_site_name":"H\u00e4meenlinnan lyseon lukio","article_modified_time":"2025-11-17T09:36:59+00:00","twitter_card":"summary_large_image","schema":{"@context":"https:\/\/schema.org","@graph":[{"@type":"WebPage","@id":"https:\/\/www.kktavastia.fi\/lukiot-hameenlinnan-lyseo\/tule-opiskelijaksi\/","url":"https:\/\/www.kktavastia.fi\/lukiot-hameenlinnan-lyseo\/tule-opiskelijaksi\/","name":"Haku H\u00e4meenlinnan lyseon lukioon | Tule opiskelijaksi lyseolle","isPartOf":{"@id":"https:\/\/www.kktavastia.fi\/lukiot-hameenlinnan-lyseo\/#website"},"datePublished":"2021-01-05T13:58:36+00:00","dateModified":"2025-11-17T09:36:59+00:00","description":"Haku H\u00e4meenlinnan lyseon lukioon tapahtuu kev\u00e4\u00e4ll\u00e4 yhteishaussa. Meill\u00e4 on laaja kurssitarjotin ja p\u00e4tev\u00e4t opettajat, tutustu lis\u00e4\u00e4!","breadcrumb":{"@id":"https:\/\/www.kktavastia.fi\/lukiot-hameenlinnan-lyseo\/tule-opiskelijaksi\/#breadcrumb"},"inLanguage":"fi","potentialAction":[{"@type":"ReadAction","target":["https:\/\/www.kktavastia.fi\/lukiot-hameenlinnan-lyseo\/tule-opiskelijaksi\/"]}]},{"@type":"BreadcrumbList","@id":"https:\/\/www.kktavastia.fi\/lukiot-hameenlinnan-lyseo\/tule-opiskelijaksi\/#breadcrumb","itemListElement":[{"@type":"ListItem","position":1,"name":"Home","item":"https:\/\/www.kktavastia.fi\/lukiot-hameenlinnan-lyseo\/"},{"@type":"ListItem","position":2,"name":"Tule opiskelijaksi"}]},{"@type":"WebSite","@id":"https:\/\/www.kktavastia.fi\/lukiot-hameenlinnan-lyseo\/#website","url":"https:\/\/www.kktavastia.fi\/lukiot-hameenlinnan-lyseo\/","name":"H\u00e4meenlinnan lyseon lukio","description":"","potentialAction":[{"@type":"SearchAction","target":{"@type":"EntryPoint","urlTemplate":"https:\/\/www.kktavastia.fi\/lukiot-hameenlinnan-lyseo\/?s={search_term_string}"},"query-input":{"@type":"PropertyValueSpecification","valueRequired":true,"valueName":"search_term_string"}}],"inLanguage":"fi"}]}},"_links":{"self":[{"href":"https:\/\/www.kktavastia.fi\/lukiot-hameenlinnan-lyseo\/wp-json\/wp\/v2\/pages\/87","targetHints":{"allow":["GET"]}}],"collection":[{"href":"https:\/\/www.kktavastia.fi\/lukiot-hameenlinnan-lyseo\/wp-json\/wp\/v2\/pages"}],"about":[{"href":"https:\/\/www.kktavastia.fi\/lukiot-hameenlinnan-lyseo\/wp-json\/wp\/v2\/types\/page"}],"author":[{"embeddable":true,"href":"https:\/\/www.kktavastia.fi\/lukiot-hameenlinnan-lyseo\/wp-json\/wp\/v2\/users\/3"}],"replies":[{"embeddable":true,"href":"https:\/\/www.kktavastia.fi\/lukiot-hameenlinnan-lyseo\/wp-json\/wp\/v2\/comments?post=87"}],"version-history":[{"count":24,"href":"https:\/\/www.kktavastia.fi\/lukiot-hameenlinnan-lyseo\/wp-json\/wp\/v2\/pages\/87\/revisions"}],"predecessor-version":[{"id":6030,"href":"https:\/\/www.kktavastia.fi\/lukiot-hameenlinnan-lyseo\/wp-json\/wp\/v2\/pages\/87\/revisions\/6030"}],"wp:attachment":[{"href":"https:\/\/www.kktavastia.fi\/lukiot-hameenlinnan-lyseo\/wp-json\/wp\/v2\/media?parent=87"}],"curies":[{"name":"wp","href":"https:\/\/api.w.org\/{rel}","templated":true}]}}