{"id":77,"date":"2021-01-05T15:52:38","date_gmt":"2021-01-05T13:52:38","guid":{"rendered":"https:\/\/kktavastia.vaiheessa.fi\/lukiot-hameenlinnan-lyseo\/?page_id=77"},"modified":"2024-11-01T11:32:58","modified_gmt":"2024-11-01T09:32:58","slug":"opiskelijalle","status":"publish","type":"page","link":"https:\/\/www.kktavastia.fi\/lukiot-hameenlinnan-lyseo\/opiskelijalle\/","title":{"rendered":"Opiskelijalle"},"content":{"rendered":"\n<p><strong>Kurssitarjonta 2020\u20132021<\/strong><br><a href=\"https:\/\/www.kktavastia.fi\/media\/sites\/8\/kurssitarjotin-2020-2021-1.pdf\" target=\"_blank\" rel=\"noreferrer noopener\">Kurssitarjotin 2020-2021<\/a><\/p>\n\n\n\n<p><strong>Oppikirjat ja laitehankinnat<br><\/strong><a href=\"https:\/\/www.kktavastia.fi\/media\/sites\/8\/oppikirjat-lv-2020-2021-1.pdf\" target=\"_blank\" rel=\"noreferrer noopener\">Oppikirjat lv 2020-2021<\/a><br><a href=\"https:\/\/www.ylioppilastutkinto.fi\/images\/sivuston_tiedostot\/Ohjeet\/Yleiset\/liite_2-ohje_kokelaan_tietokoneesta_2019.pdf\" target=\"_blank\" rel=\"noreferrer noopener\">Laitehankinnat opiskelijoille (ohje 2020)<\/a><\/p>\n\n\n\n<p><strong>Opetussuunnitelmat<\/strong><br><a href=\"https:\/\/www.kktavastia.fi\/media\/sites\/8\/a-lukiokoulutus-tavastian-ops-2016-paivitetty-2018-1.pdf\" target=\"_blank\" rel=\"noreferrer noopener\">Opetussuunitelma 2016 ja j\u00e4lkeen aloittaneet (<\/a>p\u00e4ivitetty kes\u00e4kuussa 2019)<\/p>\n\n\n\n<p><a href=\"https:\/\/www.kktavastia.fi\/media\/sites\/8\/opintosuunnitelmalomake-ops2016-.pdf\" target=\"_blank\" rel=\"noreferrer noopener\">Opintosuunnitelmalomake ops2016<\/a><a href=\"https:\/\/www.kktavastia.fi\/media\/sites\/8\/lyseon-oppikirjat-2018-2019.pdf\" target=\"_blank\" rel=\"noreferrer noopener\"> (kurssien sijoittuminen opintoaikaan)<br><\/a><\/p>\n\n\n\n<p><strong>Verkkokurssit<\/strong><br><a href=\"http:\/\/moodle.kktavastia.fi\/course\/index.php?categoryid=85\">Verkkokurssitarjonta Moodlessa<\/a><\/p>\n\n\n\n<p><strong>Lyhyet kurssikuvaukset<\/strong><br><a href=\"https:\/\/www.kktavastia.fi\/media\/sites\/8\/aidinkieli-ja-ilmaisutaito-seka-s2.docx\" target=\"_blank\" rel=\"noreferrer noopener\">\u00c4idinkieli ja ilmaisutaito sek\u00e4 S2<\/a><br><a href=\"https:\/\/www.kktavastia.fi\/media\/sites\/8\/kielet-1.docx\" target=\"_blank\" rel=\"noreferrer noopener\">Kielet<\/a><br><a href=\"https:\/\/www.kktavastia.fi\/media\/sites\/8\/matematiikka-1.docx\" target=\"_blank\" rel=\"noreferrer noopener\">Matematiikka<\/a><br><a href=\"https:\/\/www.kktavastia.fi\/media\/sites\/8\/biologia-maantiede-fysiikka-kemia-ja-tieto-ja-viestintateknologia-1.docx\" target=\"_blank\" rel=\"noreferrer noopener\">Biologia, maantiede, fysiikka, kemia ja tieto- ja viestint\u00e4teknologia<\/a><br><a href=\"https:\/\/www.kktavastia.fi\/media\/sites\/8\/historia-ja-yhteiskuntaoppi-1.docx\" target=\"_blank\" rel=\"noreferrer noopener\">Historia ja yhteiskuntaoppi<\/a><br><a href=\"https:\/\/www.kktavastia.fi\/media\/sites\/8\/terveystieto-ja-liikunta-1.docx\" target=\"_blank\" rel=\"noreferrer noopener\">Terveystieto ja liikunta<\/a><br><a href=\"https:\/\/www.kktavastia.fi\/media\/sites\/8\/uskonto-elamankatsomustieto-filosofia-ja-psykologia.docx\" target=\"_blank\" rel=\"noreferrer noopener\">Uskonto, el\u00e4m\u00e4nkatsomustieto, filosofia ja psykologia<\/a><br><a href=\"https:\/\/www.kktavastia.fi\/media\/sites\/8\/musiikki-ja-kuvataide-1.docx\" target=\"_blank\" rel=\"noreferrer noopener\">musiikki ja kuvataide<\/a><br><a href=\"https:\/\/www.kktavastia.fi\/media\/sites\/8\/muut-opinnot-1-opinto-ohjaus-teemakurssit-diplomit-taiteiden-valiset-kurssit-1-1.docx\" target=\"_blank\" rel=\"noreferrer noopener\">Muut-opinnot-1-opinto-ohjaus-teemakurssit-diplomit-taiteiden-valiset-kurssit<\/a><br><a href=\"https:\/\/www.kktavastia.fi\/media\/sites\/8\/luovan-yrittajyyden-linjan-opinnot-ja-vaatimukset-1.docx\" target=\"_blank\" rel=\"noreferrer noopener\">Luovan yritt\u00e4jyyden linjan opinnot ja vaatimukset<\/a><\/p>\n\n\n\n<p><strong>Muita linkkej\u00e4:<\/strong><\/p>\n\n\n\n<p><a href=\"http:\/\/www.edu.fi\/lukiodiplomit\"><strong>Lukiodiplomin<\/strong> suoritusohjeet ja vanhat lukiodiplomiteht\u00e4v\u00e4t<\/a><\/p>\n\n\n\n<p><strong>Kurkistuskursseja<\/strong>: Mietitytt\u00e4v\u00e4tk\u00f6 jatko-opinnot lukion j\u00e4lkeen? Korkea-asteen opintoihin kannattaa tutustua jo lukiossa. Katso lis\u00e4\u00e4&nbsp;<a href=\"https:\/\/www.kktavastia.fi\/kurkistuskurssit\/\" target=\"_blank\" rel=\"noreferrer noopener\">kurkistuskursseista!<\/a><\/p>\n","protected":false},"excerpt":{"rendered":"<p>Kurssitarjonta 2020\u20132021Kurssitarjotin 2020-2021 Oppikirjat ja laitehankinnatOppikirjat lv 2020-2021Laitehankinnat opiskelijoille (ohje 2020) OpetussuunnitelmatOpetussuunitelma 2016 ja j\u00e4lkeen aloittaneet (p\u00e4ivitetty kes\u00e4kuussa 2019) Opintosuunnitelmalomake [&hellip;]<\/p>\n","protected":false},"author":3,"featured_media":0,"parent":0,"menu_order":9,"comment_status":"closed","ping_status":"closed","template":"template-modular.php","meta":{"_acf_changed":false,"_relevanssi_hide_post":"","_relevanssi_hide_content":"","_relevanssi_pin_for_all":"","_relevanssi_pin_keywords":"","_relevanssi_unpin_keywords":"","_relevanssi_related_keywords":"","_relevanssi_related_include_ids":"","_relevanssi_related_exclude_ids":"","_relevanssi_related_no_append":"","_relevanssi_related_not_related":"","_relevanssi_related_posts":"","_relevanssi_noindex_reason":"","footnotes":""},"class_list":["post-77","page","type-page","status-publish","hentry"],"acf":[],"yoast_head":"<title>H\u00e4meenlinnan lyseon lukion opiskelijalle | Tietoa opiskelijalle<\/title>\n<meta name=\"description\" content=\"H\u00e4meenlinnan lyseon lukion opiskelijalle t\u00e4rke\u00e4\u00e4 tietoa: oppikirjat, kurssitarjotin, ty\u00f6- ja loma-ajat, jaksot ja p\u00e4\u00e4tt\u00f6viikot.\" \/>\n<meta name=\"robots\" content=\"index, follow, max-snippet:-1, max-image-preview:large, max-video-preview:-1\" \/>\n<link rel=\"canonical\" href=\"https:\/\/www.kktavastia.fi\/lukiot-hameenlinnan-lyseo\/opiskelijalle\/\" \/>\n<meta property=\"og:locale\" content=\"fi_FI\" \/>\n<meta property=\"og:type\" content=\"article\" \/>\n<meta property=\"og:title\" content=\"H\u00e4meenlinnan lyseon lukion opiskelijalle | Tietoa opiskelijalle\" \/>\n<meta property=\"og:description\" content=\"H\u00e4meenlinnan lyseon lukion opiskelijalle t\u00e4rke\u00e4\u00e4 tietoa: oppikirjat, kurssitarjotin, ty\u00f6- ja loma-ajat, jaksot ja p\u00e4\u00e4tt\u00f6viikot.\" \/>\n<meta property=\"og:url\" content=\"https:\/\/www.kktavastia.fi\/lukiot-hameenlinnan-lyseo\/opiskelijalle\/\" \/>\n<meta property=\"og:site_name\" content=\"H\u00e4meenlinnan lyseon lukio\" \/>\n<meta property=\"article:modified_time\" content=\"2024-11-01T09:32:58+00:00\" \/>\n<meta name=\"twitter:card\" content=\"summary_large_image\" \/>\n<script type=\"application\/ld+json\" class=\"yoast-schema-graph\">{\"@context\":\"https:\\\/\\\/schema.org\",\"@graph\":[{\"@type\":\"WebPage\",\"@id\":\"https:\\\/\\\/www.kktavastia.fi\\\/lukiot-hameenlinnan-lyseo\\\/opiskelijalle\\\/\",\"url\":\"https:\\\/\\\/www.kktavastia.fi\\\/lukiot-hameenlinnan-lyseo\\\/opiskelijalle\\\/\",\"name\":\"H\u00e4meenlinnan lyseon lukion opiskelijalle | Tietoa opiskelijalle\",\"isPartOf\":{\"@id\":\"https:\\\/\\\/www.kktavastia.fi\\\/lukiot-hameenlinnan-lyseo\\\/#website\"},\"datePublished\":\"2021-01-05T13:52:38+00:00\",\"dateModified\":\"2024-11-01T09:32:58+00:00\",\"description\":\"H\u00e4meenlinnan lyseon lukion opiskelijalle t\u00e4rke\u00e4\u00e4 tietoa: oppikirjat, kurssitarjotin, ty\u00f6- ja loma-ajat, jaksot ja p\u00e4\u00e4tt\u00f6viikot.\",\"breadcrumb\":{\"@id\":\"https:\\\/\\\/www.kktavastia.fi\\\/lukiot-hameenlinnan-lyseo\\\/opiskelijalle\\\/#breadcrumb\"},\"inLanguage\":\"fi\",\"potentialAction\":[{\"@type\":\"ReadAction\",\"target\":[\"https:\\\/\\\/www.kktavastia.fi\\\/lukiot-hameenlinnan-lyseo\\\/opiskelijalle\\\/\"]}]},{\"@type\":\"BreadcrumbList\",\"@id\":\"https:\\\/\\\/www.kktavastia.fi\\\/lukiot-hameenlinnan-lyseo\\\/opiskelijalle\\\/#breadcrumb\",\"itemListElement\":[{\"@type\":\"ListItem\",\"position\":1,\"name\":\"Home\",\"item\":\"https:\\\/\\\/www.kktavastia.fi\\\/lukiot-hameenlinnan-lyseo\\\/\"},{\"@type\":\"ListItem\",\"position\":2,\"name\":\"Opiskelijalle\"}]},{\"@type\":\"WebSite\",\"@id\":\"https:\\\/\\\/www.kktavastia.fi\\\/lukiot-hameenlinnan-lyseo\\\/#website\",\"url\":\"https:\\\/\\\/www.kktavastia.fi\\\/lukiot-hameenlinnan-lyseo\\\/\",\"name\":\"H\u00e4meenlinnan lyseon lukio\",\"description\":\"\",\"potentialAction\":[{\"@type\":\"SearchAction\",\"target\":{\"@type\":\"EntryPoint\",\"urlTemplate\":\"https:\\\/\\\/www.kktavastia.fi\\\/lukiot-hameenlinnan-lyseo\\\/?s={search_term_string}\"},\"query-input\":{\"@type\":\"PropertyValueSpecification\",\"valueRequired\":true,\"valueName\":\"search_term_string\"}}],\"inLanguage\":\"fi\"}]}<\/script>","yoast_head_json":{"title":"H\u00e4meenlinnan lyseon lukion opiskelijalle | Tietoa opiskelijalle","description":"H\u00e4meenlinnan lyseon lukion opiskelijalle t\u00e4rke\u00e4\u00e4 tietoa: oppikirjat, kurssitarjotin, ty\u00f6- ja loma-ajat, jaksot ja p\u00e4\u00e4tt\u00f6viikot.","robots":{"index":"index","follow":"follow","max-snippet":"max-snippet:-1","max-image-preview":"max-image-preview:large","max-video-preview":"max-video-preview:-1"},"canonical":"https:\/\/www.kktavastia.fi\/lukiot-hameenlinnan-lyseo\/opiskelijalle\/","og_locale":"fi_FI","og_type":"article","og_title":"H\u00e4meenlinnan lyseon lukion opiskelijalle | Tietoa opiskelijalle","og_description":"H\u00e4meenlinnan lyseon lukion opiskelijalle t\u00e4rke\u00e4\u00e4 tietoa: oppikirjat, kurssitarjotin, ty\u00f6- ja loma-ajat, jaksot ja p\u00e4\u00e4tt\u00f6viikot.","og_url":"https:\/\/www.kktavastia.fi\/lukiot-hameenlinnan-lyseo\/opiskelijalle\/","og_site_name":"H\u00e4meenlinnan lyseon lukio","article_modified_time":"2024-11-01T09:32:58+00:00","twitter_card":"summary_large_image","schema":{"@context":"https:\/\/schema.org","@graph":[{"@type":"WebPage","@id":"https:\/\/www.kktavastia.fi\/lukiot-hameenlinnan-lyseo\/opiskelijalle\/","url":"https:\/\/www.kktavastia.fi\/lukiot-hameenlinnan-lyseo\/opiskelijalle\/","name":"H\u00e4meenlinnan lyseon lukion opiskelijalle | Tietoa opiskelijalle","isPartOf":{"@id":"https:\/\/www.kktavastia.fi\/lukiot-hameenlinnan-lyseo\/#website"},"datePublished":"2021-01-05T13:52:38+00:00","dateModified":"2024-11-01T09:32:58+00:00","description":"H\u00e4meenlinnan lyseon lukion opiskelijalle t\u00e4rke\u00e4\u00e4 tietoa: oppikirjat, kurssitarjotin, ty\u00f6- ja loma-ajat, jaksot ja p\u00e4\u00e4tt\u00f6viikot.","breadcrumb":{"@id":"https:\/\/www.kktavastia.fi\/lukiot-hameenlinnan-lyseo\/opiskelijalle\/#breadcrumb"},"inLanguage":"fi","potentialAction":[{"@type":"ReadAction","target":["https:\/\/www.kktavastia.fi\/lukiot-hameenlinnan-lyseo\/opiskelijalle\/"]}]},{"@type":"BreadcrumbList","@id":"https:\/\/www.kktavastia.fi\/lukiot-hameenlinnan-lyseo\/opiskelijalle\/#breadcrumb","itemListElement":[{"@type":"ListItem","position":1,"name":"Home","item":"https:\/\/www.kktavastia.fi\/lukiot-hameenlinnan-lyseo\/"},{"@type":"ListItem","position":2,"name":"Opiskelijalle"}]},{"@type":"WebSite","@id":"https:\/\/www.kktavastia.fi\/lukiot-hameenlinnan-lyseo\/#website","url":"https:\/\/www.kktavastia.fi\/lukiot-hameenlinnan-lyseo\/","name":"H\u00e4meenlinnan lyseon lukio","description":"","potentialAction":[{"@type":"SearchAction","target":{"@type":"EntryPoint","urlTemplate":"https:\/\/www.kktavastia.fi\/lukiot-hameenlinnan-lyseo\/?s={search_term_string}"},"query-input":{"@type":"PropertyValueSpecification","valueRequired":true,"valueName":"search_term_string"}}],"inLanguage":"fi"}]}},"_links":{"self":[{"href":"https:\/\/www.kktavastia.fi\/lukiot-hameenlinnan-lyseo\/wp-json\/wp\/v2\/pages\/77","targetHints":{"allow":["GET"]}}],"collection":[{"href":"https:\/\/www.kktavastia.fi\/lukiot-hameenlinnan-lyseo\/wp-json\/wp\/v2\/pages"}],"about":[{"href":"https:\/\/www.kktavastia.fi\/lukiot-hameenlinnan-lyseo\/wp-json\/wp\/v2\/types\/page"}],"author":[{"embeddable":true,"href":"https:\/\/www.kktavastia.fi\/lukiot-hameenlinnan-lyseo\/wp-json\/wp\/v2\/users\/3"}],"replies":[{"embeddable":true,"href":"https:\/\/www.kktavastia.fi\/lukiot-hameenlinnan-lyseo\/wp-json\/wp\/v2\/comments?post=77"}],"version-history":[{"count":19,"href":"https:\/\/www.kktavastia.fi\/lukiot-hameenlinnan-lyseo\/wp-json\/wp\/v2\/pages\/77\/revisions"}],"predecessor-version":[{"id":5567,"href":"https:\/\/www.kktavastia.fi\/lukiot-hameenlinnan-lyseo\/wp-json\/wp\/v2\/pages\/77\/revisions\/5567"}],"wp:attachment":[{"href":"https:\/\/www.kktavastia.fi\/lukiot-hameenlinnan-lyseo\/wp-json\/wp\/v2\/media?parent=77"}],"curies":[{"name":"wp","href":"https:\/\/api.w.org\/{rel}","templated":true}]}}