{"id":59,"date":"2021-01-05T15:47:08","date_gmt":"2021-01-05T13:47:08","guid":{"rendered":"https:\/\/kktavastia.vaiheessa.fi\/lukiot-hameenlinnan-lyseo\/?page_id=59"},"modified":"2025-06-17T13:42:53","modified_gmt":"2025-06-17T10:42:53","slug":"opetus","status":"publish","type":"page","link":"https:\/\/www.kktavastia.fi\/lukiot-hameenlinnan-lyseo\/opetus\/","title":{"rendered":"Opetus ja ohjaus"},"content":{"rendered":"\n<p>T\u00e4\u00e4lt\u00e4 l\u00f6yd\u00e4t tietoa lukion opintojaksoista ja niiden sis\u00e4ll\u00f6ist\u00e4 sek\u00e4 opintojen suunnittelusta ja ylioppilastutkinnon suorittamisesta. <\/p>\n","protected":false},"excerpt":{"rendered":"<p>T\u00e4\u00e4lt\u00e4 l\u00f6yd\u00e4t tietoa lukion opintojaksoista ja niiden sis\u00e4ll\u00f6ist\u00e4 sek\u00e4 opintojen suunnittelusta ja ylioppilastutkinnon suorittamisesta.<\/p>\n","protected":false},"author":3,"featured_media":4666,"parent":0,"menu_order":8,"comment_status":"closed","ping_status":"closed","template":"template-modular.php","meta":{"_acf_changed":false,"_relevanssi_hide_post":"","_relevanssi_hide_content":"","_relevanssi_pin_for_all":"","_relevanssi_pin_keywords":"","_relevanssi_unpin_keywords":"","_relevanssi_related_keywords":"","_relevanssi_related_include_ids":"","_relevanssi_related_exclude_ids":"","_relevanssi_related_no_append":"","_relevanssi_related_not_related":"","_relevanssi_related_posts":"","_relevanssi_noindex_reason":"","footnotes":""},"class_list":["post-59","page","type-page","status-publish","has-post-thumbnail","hentry"],"acf":[],"yoast_head":"<title>Opetus H\u00e4meenlinnan lyseon lukiossa | Opetusj\u00e4rjestelyt<\/title>\n<meta name=\"description\" content=\"Opetus H\u00e4meenlinnan lyseon lukiossa: Katso tietoa opetusj\u00e4rjestelyist\u00e4 ja ylioppilastutkinnosta sek\u00e4 abi-info.\" \/>\n<meta name=\"robots\" content=\"index, follow, max-snippet:-1, max-image-preview:large, max-video-preview:-1\" \/>\n<link rel=\"canonical\" href=\"https:\/\/www.kktavastia.fi\/lukiot-hameenlinnan-lyseo\/opetus\/\" \/>\n<meta property=\"og:locale\" content=\"fi_FI\" \/>\n<meta property=\"og:type\" content=\"article\" \/>\n<meta property=\"og:title\" content=\"Opetus H\u00e4meenlinnan lyseon lukiossa | Opetusj\u00e4rjestelyt\" \/>\n<meta property=\"og:description\" content=\"Opetus H\u00e4meenlinnan lyseon lukiossa: Katso tietoa opetusj\u00e4rjestelyist\u00e4 ja ylioppilastutkinnosta sek\u00e4 abi-info.\" \/>\n<meta property=\"og:url\" content=\"https:\/\/www.kktavastia.fi\/lukiot-hameenlinnan-lyseo\/opetus\/\" \/>\n<meta property=\"og:site_name\" content=\"H\u00e4meenlinnan lyseon lukio\" \/>\n<meta property=\"article:modified_time\" content=\"2025-06-17T10:42:53+00:00\" \/>\n<meta property=\"og:image\" content=\"https:\/\/www.kktavastia.fi\/media\/sites\/8\/lukiolaiset-32-lowres-scaled.jpg\" \/>\n\t<meta property=\"og:image:width\" content=\"2048\" \/>\n\t<meta property=\"og:image:height\" content=\"1365\" \/>\n\t<meta property=\"og:image:type\" content=\"image\/jpeg\" \/>\n<meta name=\"twitter:card\" content=\"summary_large_image\" \/>\n<script type=\"application\/ld+json\" class=\"yoast-schema-graph\">{\"@context\":\"https:\\\/\\\/schema.org\",\"@graph\":[{\"@type\":\"WebPage\",\"@id\":\"https:\\\/\\\/www.kktavastia.fi\\\/lukiot-hameenlinnan-lyseo\\\/opetus\\\/\",\"url\":\"https:\\\/\\\/www.kktavastia.fi\\\/lukiot-hameenlinnan-lyseo\\\/opetus\\\/\",\"name\":\"Opetus H\u00e4meenlinnan lyseon lukiossa | Opetusj\u00e4rjestelyt\",\"isPartOf\":{\"@id\":\"https:\\\/\\\/www.kktavastia.fi\\\/lukiot-hameenlinnan-lyseo\\\/#website\"},\"primaryImageOfPage\":{\"@id\":\"https:\\\/\\\/www.kktavastia.fi\\\/lukiot-hameenlinnan-lyseo\\\/opetus\\\/#primaryimage\"},\"image\":{\"@id\":\"https:\\\/\\\/www.kktavastia.fi\\\/lukiot-hameenlinnan-lyseo\\\/opetus\\\/#primaryimage\"},\"thumbnailUrl\":\"https:\\\/\\\/www.kktavastia.fi\\\/media\\\/sites\\\/8\\\/lukiolaiset-32-lowres-scaled.jpg\",\"datePublished\":\"2021-01-05T13:47:08+00:00\",\"dateModified\":\"2025-06-17T10:42:53+00:00\",\"description\":\"Opetus H\u00e4meenlinnan lyseon lukiossa: Katso tietoa opetusj\u00e4rjestelyist\u00e4 ja ylioppilastutkinnosta sek\u00e4 abi-info.\",\"breadcrumb\":{\"@id\":\"https:\\\/\\\/www.kktavastia.fi\\\/lukiot-hameenlinnan-lyseo\\\/opetus\\\/#breadcrumb\"},\"inLanguage\":\"fi\",\"potentialAction\":[{\"@type\":\"ReadAction\",\"target\":[\"https:\\\/\\\/www.kktavastia.fi\\\/lukiot-hameenlinnan-lyseo\\\/opetus\\\/\"]}]},{\"@type\":\"ImageObject\",\"inLanguage\":\"fi\",\"@id\":\"https:\\\/\\\/www.kktavastia.fi\\\/lukiot-hameenlinnan-lyseo\\\/opetus\\\/#primaryimage\",\"url\":\"https:\\\/\\\/www.kktavastia.fi\\\/media\\\/sites\\\/8\\\/lukiolaiset-32-lowres-scaled.jpg\",\"contentUrl\":\"https:\\\/\\\/www.kktavastia.fi\\\/media\\\/sites\\\/8\\\/lukiolaiset-32-lowres-scaled.jpg\",\"width\":2048,\"height\":1365,\"caption\":\"opiskelijat istumassa p\u00f6yd\u00e4n \u00e4\u00e4ress\u00e4\"},{\"@type\":\"BreadcrumbList\",\"@id\":\"https:\\\/\\\/www.kktavastia.fi\\\/lukiot-hameenlinnan-lyseo\\\/opetus\\\/#breadcrumb\",\"itemListElement\":[{\"@type\":\"ListItem\",\"position\":1,\"name\":\"Home\",\"item\":\"https:\\\/\\\/www.kktavastia.fi\\\/lukiot-hameenlinnan-lyseo\\\/\"},{\"@type\":\"ListItem\",\"position\":2,\"name\":\"Opetus ja ohjaus\"}]},{\"@type\":\"WebSite\",\"@id\":\"https:\\\/\\\/www.kktavastia.fi\\\/lukiot-hameenlinnan-lyseo\\\/#website\",\"url\":\"https:\\\/\\\/www.kktavastia.fi\\\/lukiot-hameenlinnan-lyseo\\\/\",\"name\":\"H\u00e4meenlinnan lyseon lukio\",\"description\":\"\",\"potentialAction\":[{\"@type\":\"SearchAction\",\"target\":{\"@type\":\"EntryPoint\",\"urlTemplate\":\"https:\\\/\\\/www.kktavastia.fi\\\/lukiot-hameenlinnan-lyseo\\\/?s={search_term_string}\"},\"query-input\":{\"@type\":\"PropertyValueSpecification\",\"valueRequired\":true,\"valueName\":\"search_term_string\"}}],\"inLanguage\":\"fi\"}]}<\/script>","yoast_head_json":{"title":"Opetus H\u00e4meenlinnan lyseon lukiossa | Opetusj\u00e4rjestelyt","description":"Opetus H\u00e4meenlinnan lyseon lukiossa: Katso tietoa opetusj\u00e4rjestelyist\u00e4 ja ylioppilastutkinnosta sek\u00e4 abi-info.","robots":{"index":"index","follow":"follow","max-snippet":"max-snippet:-1","max-image-preview":"max-image-preview:large","max-video-preview":"max-video-preview:-1"},"canonical":"https:\/\/www.kktavastia.fi\/lukiot-hameenlinnan-lyseo\/opetus\/","og_locale":"fi_FI","og_type":"article","og_title":"Opetus H\u00e4meenlinnan lyseon lukiossa | Opetusj\u00e4rjestelyt","og_description":"Opetus H\u00e4meenlinnan lyseon lukiossa: Katso tietoa opetusj\u00e4rjestelyist\u00e4 ja ylioppilastutkinnosta sek\u00e4 abi-info.","og_url":"https:\/\/www.kktavastia.fi\/lukiot-hameenlinnan-lyseo\/opetus\/","og_site_name":"H\u00e4meenlinnan lyseon lukio","article_modified_time":"2025-06-17T10:42:53+00:00","og_image":[{"width":2048,"height":1365,"url":"https:\/\/www.kktavastia.fi\/media\/sites\/8\/lukiolaiset-32-lowres-scaled.jpg","type":"image\/jpeg"}],"twitter_card":"summary_large_image","schema":{"@context":"https:\/\/schema.org","@graph":[{"@type":"WebPage","@id":"https:\/\/www.kktavastia.fi\/lukiot-hameenlinnan-lyseo\/opetus\/","url":"https:\/\/www.kktavastia.fi\/lukiot-hameenlinnan-lyseo\/opetus\/","name":"Opetus H\u00e4meenlinnan lyseon lukiossa | Opetusj\u00e4rjestelyt","isPartOf":{"@id":"https:\/\/www.kktavastia.fi\/lukiot-hameenlinnan-lyseo\/#website"},"primaryImageOfPage":{"@id":"https:\/\/www.kktavastia.fi\/lukiot-hameenlinnan-lyseo\/opetus\/#primaryimage"},"image":{"@id":"https:\/\/www.kktavastia.fi\/lukiot-hameenlinnan-lyseo\/opetus\/#primaryimage"},"thumbnailUrl":"https:\/\/www.kktavastia.fi\/media\/sites\/8\/lukiolaiset-32-lowres-scaled.jpg","datePublished":"2021-01-05T13:47:08+00:00","dateModified":"2025-06-17T10:42:53+00:00","description":"Opetus H\u00e4meenlinnan lyseon lukiossa: Katso tietoa opetusj\u00e4rjestelyist\u00e4 ja ylioppilastutkinnosta sek\u00e4 abi-info.","breadcrumb":{"@id":"https:\/\/www.kktavastia.fi\/lukiot-hameenlinnan-lyseo\/opetus\/#breadcrumb"},"inLanguage":"fi","potentialAction":[{"@type":"ReadAction","target":["https:\/\/www.kktavastia.fi\/lukiot-hameenlinnan-lyseo\/opetus\/"]}]},{"@type":"ImageObject","inLanguage":"fi","@id":"https:\/\/www.kktavastia.fi\/lukiot-hameenlinnan-lyseo\/opetus\/#primaryimage","url":"https:\/\/www.kktavastia.fi\/media\/sites\/8\/lukiolaiset-32-lowres-scaled.jpg","contentUrl":"https:\/\/www.kktavastia.fi\/media\/sites\/8\/lukiolaiset-32-lowres-scaled.jpg","width":2048,"height":1365,"caption":"opiskelijat istumassa p\u00f6yd\u00e4n \u00e4\u00e4ress\u00e4"},{"@type":"BreadcrumbList","@id":"https:\/\/www.kktavastia.fi\/lukiot-hameenlinnan-lyseo\/opetus\/#breadcrumb","itemListElement":[{"@type":"ListItem","position":1,"name":"Home","item":"https:\/\/www.kktavastia.fi\/lukiot-hameenlinnan-lyseo\/"},{"@type":"ListItem","position":2,"name":"Opetus ja ohjaus"}]},{"@type":"WebSite","@id":"https:\/\/www.kktavastia.fi\/lukiot-hameenlinnan-lyseo\/#website","url":"https:\/\/www.kktavastia.fi\/lukiot-hameenlinnan-lyseo\/","name":"H\u00e4meenlinnan lyseon lukio","description":"","potentialAction":[{"@type":"SearchAction","target":{"@type":"EntryPoint","urlTemplate":"https:\/\/www.kktavastia.fi\/lukiot-hameenlinnan-lyseo\/?s={search_term_string}"},"query-input":{"@type":"PropertyValueSpecification","valueRequired":true,"valueName":"search_term_string"}}],"inLanguage":"fi"}]}},"_links":{"self":[{"href":"https:\/\/www.kktavastia.fi\/lukiot-hameenlinnan-lyseo\/wp-json\/wp\/v2\/pages\/59","targetHints":{"allow":["GET"]}}],"collection":[{"href":"https:\/\/www.kktavastia.fi\/lukiot-hameenlinnan-lyseo\/wp-json\/wp\/v2\/pages"}],"about":[{"href":"https:\/\/www.kktavastia.fi\/lukiot-hameenlinnan-lyseo\/wp-json\/wp\/v2\/types\/page"}],"author":[{"embeddable":true,"href":"https:\/\/www.kktavastia.fi\/lukiot-hameenlinnan-lyseo\/wp-json\/wp\/v2\/users\/3"}],"replies":[{"embeddable":true,"href":"https:\/\/www.kktavastia.fi\/lukiot-hameenlinnan-lyseo\/wp-json\/wp\/v2\/comments?post=59"}],"version-history":[{"count":25,"href":"https:\/\/www.kktavastia.fi\/lukiot-hameenlinnan-lyseo\/wp-json\/wp\/v2\/pages\/59\/revisions"}],"predecessor-version":[{"id":5867,"href":"https:\/\/www.kktavastia.fi\/lukiot-hameenlinnan-lyseo\/wp-json\/wp\/v2\/pages\/59\/revisions\/5867"}],"wp:featuredmedia":[{"embeddable":true,"href":"https:\/\/www.kktavastia.fi\/lukiot-hameenlinnan-lyseo\/wp-json\/wp\/v2\/media\/4666"}],"wp:attachment":[{"href":"https:\/\/www.kktavastia.fi\/lukiot-hameenlinnan-lyseo\/wp-json\/wp\/v2\/media?parent=59"}],"curies":[{"name":"wp","href":"https:\/\/api.w.org\/{rel}","templated":true}]}}