{"id":4802,"date":"2023-02-23T15:17:11","date_gmt":"2023-02-23T13:17:11","guid":{"rendered":"https:\/\/www.kktavastia.fi\/lukiot-hameenlinnan-lyseo\/?page_id=4802"},"modified":"2025-06-16T10:20:01","modified_gmt":"2025-06-16T07:20:01","slug":"opintojen-suorittaminen","status":"publish","type":"page","link":"https:\/\/www.kktavastia.fi\/lukiot-hameenlinnan-lyseo\/opetus\/opintojen-suorittaminen\/","title":{"rendered":"Opintojen suorittaminen"},"content":{"rendered":"\n<p class=\"is-style-ingress\">T\u00e4\u00e4lt\u00e4 l\u00f6yd\u00e4t ohjeet mm. mit\u00e4 tehd\u00e4, jos opintoja tarvitsee uusia tai vaihtaa.<\/p>\n\n\n\n<h2 class=\"wp-block-heading\">Opintosuunnitelma<\/h2>\n\n\n\n<p>Laadit pian opintojen alettua opintosuunnitelman, jota tarkennetaan lukioaikana. Opinto-ohjaajasi auttaa sinua suunnitelman tekemisess\u00e4. Opintosuunnitelmaa p\u00e4ivitet\u00e4\u00e4n aika-ajoin, mutta on t\u00e4rke\u00e4\u00e4, ett\u00e4 pysyt suunnitelman mukaisessa opiskelutahdissa, jotta opintosi valmistuvat ja p\u00e4\u00e4set ylioppilaaksi. Opintosuunnitelmasi n\u00e4kyy Wilmassa Opinnot-v\u00e4lilehdell\u00e4 tummempina valintoina tai numeroilla 1 (seuraava lukuvuosi) ja 2 (kolmantena tai viimeisen\u00e4 vuonna) opiskeltavina. T\u00e4m\u00e4 Opinnot-n\u00e4ytt\u00f6 pit\u00e4\u00e4 pit\u00e4\u00e4 ajantasalla, jos opintosuunnitelmaasi tehd\u00e4\u00e4n muutoksia opon kanssa.<\/p>\n\n\n\n<h2 class=\"wp-block-heading\">Opintojaksolle ilmoittautuminen<\/h2>\n\n\n\n<p>Ensimm\u00e4isen\u00e4 vuonna opintojaksot ovat p\u00e4\u00e4osin pakollisia. Opintojaksolle menn\u00e4\u00e4n lukuj\u00e4rjestyksen mukaisesti. Ole paikalla opintojakson alkaessa niin opettaja ei ota uutta opiskelijaa tilallesi. Jos olet sairaana opintojakson ensimm\u00e4isill\u00e4 tunneille, ilmoita opettajalle, ett\u00e4 olet tulossa opintojaksolle, kun tervehdyt.<\/p>\n\n\n\n<p>Opintojaksoille ilmoittaudutaan p\u00e4\u00e4s\u00e4\u00e4nt\u00f6isesti Wilman kautta. Seuraavan jakson valintoja voi muuttaa vain opinto-ohjaajan kautta p\u00e4\u00e4tt\u00f6viikon alkuun menness\u00e4 eli&nbsp;<strong>ennen jakson p\u00e4\u00e4tt\u00f6viikkoa<\/strong>.  Tarkista aina seuraavan jakson lopullinen lukuj\u00e4rjestyksesi ennen uuden jakson alkamista. Muutoksia voi lukuj\u00e4rjestykseen tulla, koska opinto-ohjaajat joutuvat tasaamaan opetusryhmi\u00e4 koko lukuvuoden ajan.<\/p>\n\n\n\n<p>Mik\u00e4li tietty opintojakso on jo t\u00e4ynn\u00e4, voi opinto-ohjaaja muuttaa yksitt\u00e4isten opiskelijoiden lukuj\u00e4rjestyst\u00e4 siten, ett\u00e4 kenenk\u00e4\u00e4n opinnot eiv\u00e4t viiv\u00e4sty. Ajantasainen opintotarjotin on koulun kotisivuilla v\u00e4lilehdell\u00e4 Opintojen suunnittelu.<\/p>\n\n\n\n<h2 class=\"wp-block-heading\">Opintojaksomuutokset ja opintojakson vaihtaminen<\/h2>\n\n\n\n<p>Oppiaineen oppim\u00e4\u00e4r\u00e4 muodostuu oppilaan itse tekemist\u00e4 ainevalinnoista. Ainevalintojaan ei tule muuttaa omatoimisesti ilman yhteist\u00e4 sopimista.&nbsp;Sopiminen tapahtuu aina opinto-ohjaajan kanssa.<\/p>\n\n\n\n<p>Opiskelija voi vaihtaa valitsemiaan opintojaksoja jaksosta toiseen tietyin ehdoin. Joskus voi olla j\u00e4rkev\u00e4\u00e4 esimerkiksi tasata opintokuormaa. Aina tulee kuitenkin varmistaa etuk\u00e4teen, ett\u00e4 uudessa ryhm\u00e4ss\u00e4 on tilaa lis\u00e4opiskelijalle. T\u00e4m\u00e4 tapahtuu helpoimmin Wilman kautta, jossa on koko ajan n\u00e4ht\u00e4vill\u00e4 ryhm\u00e4n opiskelijoiden m\u00e4\u00e4r\u00e4. Ainevalintojen&nbsp;muutokset on kuitenkin hyv\u00e4 tehd\u00e4 opinto-ohjaajan kanssa, jotka tarkistavat, ett\u00e4 opinnot etenev\u00e4t valtakunnallisen tuntijaon edellytysten mukaisesti. T\u00e4ll\u00e4 tavoin varmistaa my\u00f6s, ett\u00e4 opintojen loppuvaiheessa ei tule yll\u00e4tyksi\u00e4.<\/p>\n\n\n\n<p><strong>Matematiikan oppim\u00e4\u00e4r\u00e4n vaihtaminen<\/strong><\/p>\n\n\n\n<p>Kun matematiikan oppim\u00e4\u00e4r\u00e4\u00e4 vaihdetaan pitk\u00e4st\u00e4 lyhyeen, suoritettuja opintoja luetaan hyv\u00e4ksi seuraavalla tavalla: MAA2-MAB2, MAA3-MAB3, MAA6-MAB8, MAA8-MAB5, MAA9-MAB7. Muut pitk\u00e4n oppim\u00e4\u00e4r\u00e4n mukaiset hyv\u00e4ksisuoritetut opinnot tai vaihdon yhteydess\u00e4 yli j\u00e4\u00e4v\u00e4t opintopisteet vastaavat hyv\u00e4ksytysti suoritetut opinnot voivat olla lyhyen oppim\u00e4\u00e4r\u00e4n muita valinnaisia tai temaattisia opintoja. <\/p>\n\n\n\n<p>Mik\u00e4li opiskelija haluaa vaihtaa pitk\u00e4n matematiikan lyhyeksi matematiikaksi, on k\u00e4yt\u00e4v\u00e4 opinto-ohjaajan luona.  Vaihdon yhteydess\u00e4 palautetaan vaihtolomake, jonka saa matematiikan opettajalta opok\u00e4ynti\u00e4 varten.<\/p>\n","protected":false},"excerpt":{"rendered":"<p>T\u00e4\u00e4lt\u00e4 l\u00f6yd\u00e4t ohjeet mm. mit\u00e4 tehd\u00e4, jos opintoja tarvitsee uusia tai vaihtaa. Opintosuunnitelma Laadit pian opintojen alettua opintosuunnitelman, jota tarkennetaan [&hellip;]<\/p>\n","protected":false},"author":6,"featured_media":0,"parent":59,"menu_order":3,"comment_status":"closed","ping_status":"closed","template":"","meta":{"_acf_changed":false,"_relevanssi_hide_post":"","_relevanssi_hide_content":"","_relevanssi_pin_for_all":"","_relevanssi_pin_keywords":"","_relevanssi_unpin_keywords":"","_relevanssi_related_keywords":"","_relevanssi_related_include_ids":"","_relevanssi_related_exclude_ids":"","_relevanssi_related_no_append":"","_relevanssi_related_not_related":"","_relevanssi_related_posts":"1654,3012,661,4003,3376,4548","_relevanssi_noindex_reason":"","footnotes":""},"class_list":["post-4802","page","type-page","status-publish","hentry"],"acf":[],"yoast_head":"<title>Opintojen suorittaminen - H\u00e4meenlinnan lyseon lukio<\/title>\n<meta name=\"robots\" content=\"index, follow, max-snippet:-1, max-image-preview:large, max-video-preview:-1\" \/>\n<link rel=\"canonical\" href=\"https:\/\/www.kktavastia.fi\/lukiot-hameenlinnan-lyseo\/opetus\/opintojen-suorittaminen\/\" \/>\n<meta property=\"og:locale\" content=\"fi_FI\" \/>\n<meta property=\"og:type\" content=\"article\" \/>\n<meta property=\"og:title\" content=\"Opintojen suorittaminen - H\u00e4meenlinnan lyseon lukio\" \/>\n<meta property=\"og:description\" content=\"T\u00e4\u00e4lt\u00e4 l\u00f6yd\u00e4t ohjeet mm. mit\u00e4 tehd\u00e4, jos opintoja tarvitsee uusia tai vaihtaa. Opintosuunnitelma Laadit pian opintojen alettua opintosuunnitelman, jota tarkennetaan [&hellip;]\" \/>\n<meta property=\"og:url\" content=\"https:\/\/www.kktavastia.fi\/lukiot-hameenlinnan-lyseo\/opetus\/opintojen-suorittaminen\/\" \/>\n<meta property=\"og:site_name\" content=\"H\u00e4meenlinnan lyseon lukio\" \/>\n<meta property=\"article:modified_time\" content=\"2025-06-16T07:20:01+00:00\" \/>\n<meta name=\"twitter:card\" content=\"summary_large_image\" \/>\n<script type=\"application\/ld+json\" class=\"yoast-schema-graph\">{\"@context\":\"https:\\\/\\\/schema.org\",\"@graph\":[{\"@type\":\"WebPage\",\"@id\":\"https:\\\/\\\/www.kktavastia.fi\\\/lukiot-hameenlinnan-lyseo\\\/opetus\\\/opintojen-suorittaminen\\\/\",\"url\":\"https:\\\/\\\/www.kktavastia.fi\\\/lukiot-hameenlinnan-lyseo\\\/opetus\\\/opintojen-suorittaminen\\\/\",\"name\":\"Opintojen suorittaminen - H\u00e4meenlinnan lyseon lukio\",\"isPartOf\":{\"@id\":\"https:\\\/\\\/www.kktavastia.fi\\\/lukiot-hameenlinnan-lyseo\\\/#website\"},\"datePublished\":\"2023-02-23T13:17:11+00:00\",\"dateModified\":\"2025-06-16T07:20:01+00:00\",\"breadcrumb\":{\"@id\":\"https:\\\/\\\/www.kktavastia.fi\\\/lukiot-hameenlinnan-lyseo\\\/opetus\\\/opintojen-suorittaminen\\\/#breadcrumb\"},\"inLanguage\":\"fi\",\"potentialAction\":[{\"@type\":\"ReadAction\",\"target\":[\"https:\\\/\\\/www.kktavastia.fi\\\/lukiot-hameenlinnan-lyseo\\\/opetus\\\/opintojen-suorittaminen\\\/\"]}]},{\"@type\":\"BreadcrumbList\",\"@id\":\"https:\\\/\\\/www.kktavastia.fi\\\/lukiot-hameenlinnan-lyseo\\\/opetus\\\/opintojen-suorittaminen\\\/#breadcrumb\",\"itemListElement\":[{\"@type\":\"ListItem\",\"position\":1,\"name\":\"Home\",\"item\":\"https:\\\/\\\/www.kktavastia.fi\\\/lukiot-hameenlinnan-lyseo\\\/\"},{\"@type\":\"ListItem\",\"position\":2,\"name\":\"Opetus ja ohjaus\",\"item\":\"https:\\\/\\\/www.kktavastia.fi\\\/lukiot-hameenlinnan-lyseo\\\/opetus\\\/\"},{\"@type\":\"ListItem\",\"position\":3,\"name\":\"Opintojen suorittaminen\"}]},{\"@type\":\"WebSite\",\"@id\":\"https:\\\/\\\/www.kktavastia.fi\\\/lukiot-hameenlinnan-lyseo\\\/#website\",\"url\":\"https:\\\/\\\/www.kktavastia.fi\\\/lukiot-hameenlinnan-lyseo\\\/\",\"name\":\"H\u00e4meenlinnan lyseon lukio\",\"description\":\"\",\"potentialAction\":[{\"@type\":\"SearchAction\",\"target\":{\"@type\":\"EntryPoint\",\"urlTemplate\":\"https:\\\/\\\/www.kktavastia.fi\\\/lukiot-hameenlinnan-lyseo\\\/?s={search_term_string}\"},\"query-input\":{\"@type\":\"PropertyValueSpecification\",\"valueRequired\":true,\"valueName\":\"search_term_string\"}}],\"inLanguage\":\"fi\"}]}<\/script>","yoast_head_json":{"title":"Opintojen suorittaminen - H\u00e4meenlinnan lyseon lukio","robots":{"index":"index","follow":"follow","max-snippet":"max-snippet:-1","max-image-preview":"max-image-preview:large","max-video-preview":"max-video-preview:-1"},"canonical":"https:\/\/www.kktavastia.fi\/lukiot-hameenlinnan-lyseo\/opetus\/opintojen-suorittaminen\/","og_locale":"fi_FI","og_type":"article","og_title":"Opintojen suorittaminen - H\u00e4meenlinnan lyseon lukio","og_description":"T\u00e4\u00e4lt\u00e4 l\u00f6yd\u00e4t ohjeet mm. mit\u00e4 tehd\u00e4, jos opintoja tarvitsee uusia tai vaihtaa. Opintosuunnitelma Laadit pian opintojen alettua opintosuunnitelman, jota tarkennetaan [&hellip;]","og_url":"https:\/\/www.kktavastia.fi\/lukiot-hameenlinnan-lyseo\/opetus\/opintojen-suorittaminen\/","og_site_name":"H\u00e4meenlinnan lyseon lukio","article_modified_time":"2025-06-16T07:20:01+00:00","twitter_card":"summary_large_image","schema":{"@context":"https:\/\/schema.org","@graph":[{"@type":"WebPage","@id":"https:\/\/www.kktavastia.fi\/lukiot-hameenlinnan-lyseo\/opetus\/opintojen-suorittaminen\/","url":"https:\/\/www.kktavastia.fi\/lukiot-hameenlinnan-lyseo\/opetus\/opintojen-suorittaminen\/","name":"Opintojen suorittaminen - H\u00e4meenlinnan lyseon lukio","isPartOf":{"@id":"https:\/\/www.kktavastia.fi\/lukiot-hameenlinnan-lyseo\/#website"},"datePublished":"2023-02-23T13:17:11+00:00","dateModified":"2025-06-16T07:20:01+00:00","breadcrumb":{"@id":"https:\/\/www.kktavastia.fi\/lukiot-hameenlinnan-lyseo\/opetus\/opintojen-suorittaminen\/#breadcrumb"},"inLanguage":"fi","potentialAction":[{"@type":"ReadAction","target":["https:\/\/www.kktavastia.fi\/lukiot-hameenlinnan-lyseo\/opetus\/opintojen-suorittaminen\/"]}]},{"@type":"BreadcrumbList","@id":"https:\/\/www.kktavastia.fi\/lukiot-hameenlinnan-lyseo\/opetus\/opintojen-suorittaminen\/#breadcrumb","itemListElement":[{"@type":"ListItem","position":1,"name":"Home","item":"https:\/\/www.kktavastia.fi\/lukiot-hameenlinnan-lyseo\/"},{"@type":"ListItem","position":2,"name":"Opetus ja ohjaus","item":"https:\/\/www.kktavastia.fi\/lukiot-hameenlinnan-lyseo\/opetus\/"},{"@type":"ListItem","position":3,"name":"Opintojen suorittaminen"}]},{"@type":"WebSite","@id":"https:\/\/www.kktavastia.fi\/lukiot-hameenlinnan-lyseo\/#website","url":"https:\/\/www.kktavastia.fi\/lukiot-hameenlinnan-lyseo\/","name":"H\u00e4meenlinnan lyseon lukio","description":"","potentialAction":[{"@type":"SearchAction","target":{"@type":"EntryPoint","urlTemplate":"https:\/\/www.kktavastia.fi\/lukiot-hameenlinnan-lyseo\/?s={search_term_string}"},"query-input":{"@type":"PropertyValueSpecification","valueRequired":true,"valueName":"search_term_string"}}],"inLanguage":"fi"}]}},"_links":{"self":[{"href":"https:\/\/www.kktavastia.fi\/lukiot-hameenlinnan-lyseo\/wp-json\/wp\/v2\/pages\/4802","targetHints":{"allow":["GET"]}}],"collection":[{"href":"https:\/\/www.kktavastia.fi\/lukiot-hameenlinnan-lyseo\/wp-json\/wp\/v2\/pages"}],"about":[{"href":"https:\/\/www.kktavastia.fi\/lukiot-hameenlinnan-lyseo\/wp-json\/wp\/v2\/types\/page"}],"author":[{"embeddable":true,"href":"https:\/\/www.kktavastia.fi\/lukiot-hameenlinnan-lyseo\/wp-json\/wp\/v2\/users\/6"}],"replies":[{"embeddable":true,"href":"https:\/\/www.kktavastia.fi\/lukiot-hameenlinnan-lyseo\/wp-json\/wp\/v2\/comments?post=4802"}],"version-history":[{"count":18,"href":"https:\/\/www.kktavastia.fi\/lukiot-hameenlinnan-lyseo\/wp-json\/wp\/v2\/pages\/4802\/revisions"}],"predecessor-version":[{"id":5800,"href":"https:\/\/www.kktavastia.fi\/lukiot-hameenlinnan-lyseo\/wp-json\/wp\/v2\/pages\/4802\/revisions\/5800"}],"up":[{"embeddable":true,"href":"https:\/\/www.kktavastia.fi\/lukiot-hameenlinnan-lyseo\/wp-json\/wp\/v2\/pages\/59"}],"wp:attachment":[{"href":"https:\/\/www.kktavastia.fi\/lukiot-hameenlinnan-lyseo\/wp-json\/wp\/v2\/media?parent=4802"}],"curies":[{"name":"wp","href":"https:\/\/api.w.org\/{rel}","templated":true}]}}