{"id":4798,"date":"2023-02-23T15:16:23","date_gmt":"2023-02-23T13:16:23","guid":{"rendered":"https:\/\/www.kktavastia.fi\/lukiot-hameenlinnan-lyseo\/?page_id=4798"},"modified":"2026-04-30T10:17:12","modified_gmt":"2026-04-30T07:17:12","slug":"opetuksen-suunnittelu","status":"publish","type":"page","link":"https:\/\/www.kktavastia.fi\/lukiot-hameenlinnan-lyseo\/opetus\/opetuksen-suunnittelu\/","title":{"rendered":"Opintojen suunnittelu"},"content":{"rendered":"\n<p>T\u00e4\u00e4lt\u00e4 l\u00f6yd\u00e4t tietoa, mit\u00e4 opintosi voivat sis\u00e4lt\u00e4\u00e4 ja mit\u00e4 eri tapoja niit\u00e4 on opiskella.<\/p>\n\n\n\n<h2 class=\"wp-block-heading\">Opintojen sis\u00e4lt\u00f6<\/h2>\n\n\n\n<p>Lukiossa noudatetaan opetussuunnitelmaa, joka perustuu vuoden 2019 lukion opetussuunnitelman perusteisiin. Opetussuunnitelmaa p\u00e4ivitet\u00e4\u00e4n aika-ajoin.<\/p>\n\n\n\n<p><a href=\"https:\/\/eperusteet.opintopolku.fi\/#\/fi\/opetussuunnitelma\/11422365\/lukiokoulutus\/tiedot\">Opetussuunnitelma LOPS 2021<\/a><\/p>\n\n\n\n<p><a href=\"https:\/\/eperusteet.opintopolku.fi\/#\/fi\/opetussuunnitelma\/11422365\/lukiokoulutus\/tiedot\">Opetussuunnitelma koulukoht Eperusteet<\/a><\/p>\n\n\n\n<div class=\"wp-block-file\"><a id=\"wp-block-file--media-a9cd6ee2-335f-4d3f-8f42-32194d73efb8\" href=\"https:\/\/www.kktavastia.fi\/media\/sites\/8\/urheilulinjan-opetussuunnitelma-2021-paivitetty-2025.pdf\">Urheilulinjan opetussuunnitelma 2021 p\u00e4ivitetty 2025<\/a><a href=\"https:\/\/www.kktavastia.fi\/media\/sites\/8\/urheilulinjan-opetussuunnitelma-2021-paivitetty-2025.pdf\" class=\"wp-block-file__button wp-element-button\" download aria-describedby=\"wp-block-file--media-a9cd6ee2-335f-4d3f-8f42-32194d73efb8\">Lataa<\/a><\/div>\n\n\n\n<h2 class=\"wp-block-heading\">Kuluvan lukuvuoden 2025-2026 opintotarjotin<\/h2>\n\n\n\n<p>Opintotarjottimesta l\u00f6yd\u00e4t lukiossamme j\u00e4rjestett\u00e4v\u00e4t eri oppiaineiden opintojaksot sijoitettuina jaksoihin. Opintotarjottimen avulla sijoitat tarvitsemasi opinnot  toukokuussa Wilman s\u00e4hk\u00f6iseen j\u00e4rjestelm\u00e4\u00e4n (Kurssitarjotin), jolloin sinulle muodostuu aina seuraavan lukuvuoden ty\u00f6j\u00e4rjestys eli lukuj\u00e4rjestys.<\/p>\n\n\n\n<div class=\"wp-block-file\"><a id=\"wp-block-file--media-7d0ddd47-2eaa-4d40-9090-0e76ec9ef22b\" href=\"https:\/\/www.kktavastia.fi\/media\/sites\/8\/opintotarjotin-25-26-mv.pdf\">Opintotarjotin 2025-2026<\/a><a href=\"https:\/\/www.kktavastia.fi\/media\/sites\/8\/opintotarjotin-25-26-mv.pdf\" class=\"wp-block-file__button wp-element-button\" download aria-describedby=\"wp-block-file--media-7d0ddd47-2eaa-4d40-9090-0e76ec9ef22b\">Lataa<\/a><\/div>\n\n\n\n<h2 class=\"wp-block-heading\">Tulevan lukuvuoden 2026-2027 opintojen suunnittelu<\/h2>\n\n\n\n<p>Esivalinnat tehd\u00e4\u00e4n helmi-maaliskuussa ja sit\u00e4 varten tarvitse ohjeet sek\u00e4 opintosuunnitelmalomakkeen. Wilman tiedotteista l\u00f6ytyy lyhyt ohje, jolla etenet. S\u00e4hk\u00f6inen esivalintatarjotin on auki 9.3.\u201317.3.2026. Ryhm\u00e4nohjaajasi ohjeistaa sinua ryhm\u00e4nohjauksessa 16.2. ja 2.3.<\/p>\n\n\n\n<div class=\"wp-block-file\"><a id=\"wp-block-file--media-f3044e0f-8615-40b6-a6cb-e4ebb8bfa7b9\" href=\"https:\/\/www.kktavastia.fi\/media\/sites\/8\/opintojaksojen-esivalintaohjeistus-lukuvuodelle-2026-2027.pdf\">Opintojaksojen esivalintaohjeistus 2026\u20132027<\/a><a href=\"https:\/\/www.kktavastia.fi\/media\/sites\/8\/opintojaksojen-esivalintaohjeistus-lukuvuodelle-2026-2027.pdf\" class=\"wp-block-file__button wp-element-button\" download aria-describedby=\"wp-block-file--media-f3044e0f-8615-40b6-a6cb-e4ebb8bfa7b9\">Lataa<\/a><\/div>\n\n\n\n<div class=\"wp-block-file\"><a id=\"wp-block-file--media-f4366af2-aa83-4a15-b21c-cfbf60bc56b5\" href=\"https:\/\/www.kktavastia.fi\/media\/sites\/8\/opintotarjotin-lv-2026-2027-lyseon-lukio-mv.pdf\">Opintotarjotin lv 2026-2027 lyseon lukio mv<\/a><a href=\"https:\/\/www.kktavastia.fi\/media\/sites\/8\/opintotarjotin-lv-2026-2027-lyseon-lukio-mv.pdf\" class=\"wp-block-file__button wp-element-button\" download aria-describedby=\"wp-block-file--media-f4366af2-aa83-4a15-b21c-cfbf60bc56b5\">Lataa<\/a><\/div>\n\n\n\n<div class=\"wp-block-file\"><a id=\"wp-block-file--media-a9e1c87e-5fa5-4bf1-9489-219a65e3b5d7\" href=\"https:\/\/www.kktavastia.fi\/media\/sites\/8\/ohje-opintovalintojen-tekemiseen-lv-26-27-valmis.pdf\">OHJE OPINTOVALINTOJEN TEKEMISEEN LV 26-27 (valmis)<\/a><a href=\"https:\/\/www.kktavastia.fi\/media\/sites\/8\/ohje-opintovalintojen-tekemiseen-lv-26-27-valmis.pdf\" class=\"wp-block-file__button wp-element-button\" download aria-describedby=\"wp-block-file--media-a9e1c87e-5fa5-4bf1-9489-219a65e3b5d7\">Lataa<\/a><\/div>\n\n\n\n<p>Alta l\u00f6yd\u00e4t ohjeet sek\u00e4 <strong>opintosuunnitelmalomakkeen<\/strong>, mist\u00e4 n\u00e4et, mit\u00e4 opintojaksoja sinun tulisi sis\u00e4llytt\u00e4\u00e4 ensi lukuvuoden opintoihin. Sit\u00e4 tarvitset, kun suunnittelet esivalintoja varten seuraavan vuoden opintoja. Lomake on s\u00e4hk\u00f6isen\u00e4 v\u00e4rillinen. Saat ryhm\u00e4&#8217;nohjauksessa mustavalkoisen paperisen vastaavan.<\/p>\n\n\n\n<div class=\"wp-block-file\"><a id=\"wp-block-file--media-4c4b367d-0485-45a7-8eb9-a4c5048e9b3d\" href=\"https:\/\/www.kktavastia.fi\/media\/sites\/8\/opintosuunnitelmalomake-2026-27.xlsx\">Opintosuunnitelmalomake 2026\u20132027<\/a><a href=\"https:\/\/www.kktavastia.fi\/media\/sites\/8\/opintosuunnitelmalomake-2026-27.xlsx\" class=\"wp-block-file__button wp-element-button\" download aria-describedby=\"wp-block-file--media-4c4b367d-0485-45a7-8eb9-a4c5048e9b3d\">Lataa<\/a><\/div>\n\n\n\n<h3 class=\"wp-block-heading\">Verkko-opinnot<\/h3>\n\n\n\n<div class=\"wp-block-file\"><a id=\"wp-block-file--media-5fb9e2b3-4c37-44df-9be4-f6f60b6595e4\" href=\"https:\/\/www.kktavastia.fi\/media\/sites\/8\/verkkokurssit-25-26-ailu.pdf\">Verkkokurssit 25-26 Moodle<\/a><a href=\"https:\/\/www.kktavastia.fi\/media\/sites\/8\/verkkokurssit-25-26-ailu.pdf\" class=\"wp-block-file__button wp-element-button\" download aria-describedby=\"wp-block-file--media-5fb9e2b3-4c37-44df-9be4-f6f60b6595e4\">Lataa<\/a><\/div>\n\n\n\n<p>T\u00e4ll\u00e4 hetkell\u00e4 lukiossa opiskellaan 1-4 vuosikurssilla lukion opetussuunnitelman 21 (LOPS21) mukaisesti.<\/p>\n\n\n\n<p>LOPS21 opetussuunnitelman mukaan jaetaan valtakunnallisiin pakollisiin , valtakunnallisiin valinnaisiin ja koulukohtaisiin valinnaisiin opintojaksoihin, jotka suorittamisesta saadaan opintopisteit\u00e4. Lukion oppim\u00e4\u00e4r\u00e4n suorittamiseksi, v\u00e4h. 150 opintopistett\u00e4, &nbsp; tulee olla suoritettuna pakollisten opintojaksojen lis\u00e4ksi v\u00e4hint\u00e4\u00e4n 20 opintopistett\u00e4 valtakunnallisista valinnaisista opintojaksoista. Opintojen laajuus voi olla 150 opintopistett\u00e4 suurempi.<\/p>\n\n\n\n<p>Pakollisten opintojen lis\u00e4ksi voi opinto-ohjelmaan valita muita tarjolla olevia opintoja siten, ett\u00e4 oppim\u00e4\u00e4r\u00e4\u00e4n sis\u00e4ltyy <strong>valtakunnallisia valinnaisia v\u00e4h. 20 opintopistett\u00e4<\/strong>. <\/p>\n\n\n\n<p>Valtakunnalliset valinnaiset opintojaksot ovat pakollisiin opintojaksoihin liittyvi\u00e4 opintoja, joilla syvennet\u00e4\u00e4n aikaisemmin hankittuja tietoja ja taitoja. <\/p>\n\n\n\n<p>Koulukohtaiset valinnaiset opintojaksot ovat useamman oppiaineen opintoja, menetelm\u00e4opintoja, pelk\u00e4st\u00e4\u00e4n koulukohtaisia valinnaisia tai muissa oppilaitoksissa opiskeltavia opintojaksoja huomioiden, ett\u00e4 hyv\u00e4ksi luettavan opintojakson pit\u00e4\u00e4 olla kestoltaan\/opintopisteilt\u00e4\u00e4n lukion opintojakson vertaisia. <\/p>\n\n\n\n<p>Kahden opintopisteen suuruinen opintojakso on kestoltaan laskennallisesti 38h (38x45min tai 22,8x75min).<\/p>\n\n\n\n<p>Ensimm\u00e4isen\u00e4 lukiovuotena opiskellaan paljon pakollisia opintoja. Riippuen opiskelijan ainevalinnoista tai erityislinjasta lukuj\u00e4rjestykseen voi  tulla my\u00f6s jonkin verran valinnaisia aineita. Ensimm\u00e4isen jakson lukuj\u00e4rjestys tehd\u00e4\u00e4n valmiiksi elokuussa, mutta opintojen suunnittelua jatketaan yhdess\u00e4 opinto-ohjaajan kanssa opo-tunneilla.<\/p>\n\n\n\n<p><a href=\"https:\/\/www.oph.fi\/sites\/default\/files\/documents\/lukion_opetussuunnitelman_perusteet_2019.pdf\">Valtakunnallisen opetussuunnitelman perusteet l\u00f6ytyv\u00e4t t\u00e4\u00e4lt\u00e4<\/a> Lukion oman opetussuunnitelman l\u00f6yd\u00e4t t\u00e4m\u00e4n sivun yl\u00e4laidasta ensimm\u00e4isen otsikon alta.<\/p>\n\n\n\n<h2 class=\"wp-block-heading\">Opiskeluaika<\/h2>\n\n\n\n<p>Lukio-opinnot voi suorittaa 2\u20134 vuodessa. Jos haluaa huomattavasti nopeuttaa opiskelutahtia, voi joutua suorittamaan opintoja itsen\u00e4isesti opiskellen ja mahdollisesti k\u00e4ytt\u00e4m\u00e4\u00e4n hyv\u00e4kseen my\u00f6s kes\u00e4lukukausia ja&nbsp;H\u00e4meenlinnan lyseon aikuislinjan&nbsp;ilta- ja verkko-opintoja.<\/p>\n\n\n\n<p>Lukio-opintojen suoritusaikataulu voi olla esimerkiksi jokin seuraavista vaihtoehdoista:<\/p>\n\n\n\n<p>Suositeltavin ja yleisin aikataulu lukio-opintojen suorittamiseksi on vaihtoehto, jolloin lukio-opinnot valmistuvat kolmessa vuodessa. T\u00e4m\u00e4 tarkoittaa sit\u00e4, ett\u00e4 opintokertym\u00e4 ensimm\u00e4isen ja toisen opintovuoden aikana on v\u00e4hint\u00e4\u00e4n 120 opintopistett\u00e4. N\u00e4in kolmannen vuoden kolmeen ensimm\u00e4iseen lukuvuosijaksoon j\u00e4\u00e4 30 opintopistett\u00e4. <\/p>\n\n\n\n<h2 class=\"wp-block-heading\">Opintojaksojen suoritustavat<\/h2>\n\n\n\n<p><strong>L\u00e4hiopetus<\/strong><\/p>\n\n\n\n<p>Opiskelemme p\u00e4\u00e4s\u00e4\u00e4nt\u00f6isesti l\u00e4hiopetuksessa oppitunneilla. Vaihtoehtoisia suoritustapoja on tarjolla joissakin aineissa ja opintojaksoissa.<\/p>\n\n\n\n<p><strong>Itsen\u00e4inen opiskelu<\/strong><\/p>\n\n\n\n<p>Opintoja on mahdollisuus suorittaa my\u00f6s itsen\u00e4isesti. Itsen\u00e4isest\u00e4 suorittamisesta tulee tehd\u00e4 sitova kirjallinen sopimus asianomaisen opettajan kanssa&nbsp;ennen opintojakson alkua ja ennen jaksoperiodin alkua.  Erityisest\u00e4 syyst\u00e4 voidaan poiketa mainitusta aikarajasta. T\u00e4llaisia syit\u00e4 on esim terveydelliset tai opinto-ohjaukselliset syyt.<\/p>\n\n\n\n<p>Oikeutta itsen\u00e4iseen suoritukseen voi hakea Wilman kautta kohdasta &#8221;hakemukset ja p\u00e4\u00e4t\u00f6kset&#8221;. Itsen\u00e4iseen suoritukseen tarvitaan lupa, jonka my\u00f6nt\u00e4\u00e4 apulaisrehtori tai rehtori, mutta sit\u00e4 ennen asiasta on neuvoteltava opettajan kanssa. My\u00f6s kansliassa on paperisia lomakkeita, joilla itsen\u00e4ist\u00e4 suoritusta voi hakea. Yhteisess\u00e4 sopimuksessa m\u00e4\u00e4ritell\u00e4\u00e4n tenttimisajat ja v\u00e4li- ym. teht\u00e4vien palautusajat sek\u00e4 muut suoritukseen liittyv\u00e4t menettelytavat kuten kokeet\/tentit opettajan kanssa. Itsen\u00e4isesti suoritettavien opintojen vaatimukset ovat samat kuin l\u00e4hiopetuksenkin. <strong>Itsen\u00e4isesti suoritetuista opinnoista ei voi saada hyl\u00e4tty\u00e4 arvosanaa (4), eik\u00e4 hyl\u00e4tyst\u00e4 tenttisuorituksesta saa merkint\u00e4\u00e4 rekisteriin.<\/strong><\/p>\n\n\n\n<p>Joidenkin opintojaksojen kuten liikunnan tai vieraiden kielten suullisten kurssien suorittaminen itsen\u00e4isesti tenttim\u00e4ll\u00e4 ei ole mahdollista,&nbsp;sill\u00e4 ty\u00f6tavat, sis\u00e4ll\u00f6t ja\/tai arviointiperusteet ovat itsen\u00e4isesti suoritettuna haasteellisia.&nbsp;Lis\u00e4tietoja itsen\u00e4isen suorittamisen mahdollisuuksista saa kunkin aineen opettajilta. Opetussuunnitelmassa on kunkin aineen ja opintojakson kohdalla mainittu, mik\u00e4li itsen\u00e4inen suorittaminen ei ole mahdollista.<\/p>\n\n\n\n<p><strong>Verkkokurssit<\/strong><\/p>\n\n\n\n<p>Lis\u00e4ksi on tarjolla verkkokursseja, joista saa tietoa opinto-ohjaajalta. Verkkokursseille ilmoittaudutaan ja niiden suorittamisaika on 7 viikkoa siit\u00e4, kun on saanut opintojaksoavaimen.<\/p>\n\n\n\n<p><strong>Muualla suoritetut opinnot<\/strong><\/p>\n\n\n\n<p>Lukion oppim\u00e4\u00e4r\u00e4\u00e4n voidaan s\u00e4\u00e4d\u00f6sten mukaan sis\u00e4llytt\u00e4\u00e4 muualla kuin lukiossa suoritettuja opintoja sen mukaisesti kuin lukion tuntijako sallii pakollisten ja valtakunnan valinnaisten lis\u00e4ksi. Hyv\u00e4ksyj\u00e4 on rehtori tai h\u00e4nen valtuuttamansa henkil\u00f6. Mik\u00e4li haluat opintoihisi laskettavan mukaan muualla suorittavia opintoja, selvit\u00e4 aina koulustasi, onko suunnittelemasi opinnot sellaisia, jotka voidaan hyv\u00e4ksyt\u00e4\u00e4n lukio-opintoihin.<\/p>\n\n\n\n<p>Muualla suoritettuja opintoja hyv\u00e4ksyt\u00e4\u00e4n opiskelijan anomuksen perusteella. Opintojaksoksi voidaan hyv\u00e4ksy\u00e4 suoritus, joka on lukion opetussuunnitelman tavoitteiden mukainen ja kestoltaan v\u00e4hint\u00e4\u00e4n 30 l\u00e4sn\u00e4olotuntia. Koululle toimitettavasta alkuper\u00e4isest\u00e4 todistuksesta tulee ilmet\u00e4 eriteltyin\u00e4 opintojen keskeinen sis\u00e4lt\u00f6, laajuus tunteina, opetuksen antajan p\u00e4tevyys ja suorituksen arviointi.<\/p>\n\n\n\n<p>Muissa lukioissa suoritetut opinnot hyv\u00e4ksyt\u00e4\u00e4n lukion oppim\u00e4\u00e4r\u00e4\u00e4n. Opintoja voi suorittaa my\u00f6s ammatillisissa oppilaitoksissa ja yliopistoissa. Niiden hyv\u00e4ksymisest\u00e4 lukion oppim\u00e4\u00e4r\u00e4\u00e4n p\u00e4\u00e4tt\u00e4\u00e4 rehtori.<\/p>\n\n\n\n<p>Sibelius-opiston ja Aimo-koulun (kuvataide\/ k\u00e4sity\u00f6koulu) opinnot opiskelija voi lukea hyv\u00e4kseen silt\u00e4 osin, kuin ne on saatu valmiiksi lukioaikana.&nbsp;Urheiluun ja valmennukseen liittyv\u00e4t opinnot edellytt\u00e4v\u00e4t n\u00e4ytt\u00f6\u00e4 valtakunnantason suorituksista.&nbsp;<\/p>\n\n\n\n<p>Vaihto-oppilasvuoden lukiotasoisista opinnoista hyv\u00e4ksyt\u00e4\u00e4n erikseen neuvoteltavat suoritukset. Periaatteena on, ett\u00e4 yksi opintojakso vastaa ymp\u00e4rivuotista yhden viikkotunnin opiskelua. Kun lukio-opintoihin anotaan hyv\u00e4ksytt\u00e4v\u00e4ksi ulkomaisia opintoja, tulee opiskelusuorituksista olla selke\u00e4 eritelty n\u00e4ytt\u00f6: opiskelupaikan taso, opintojen laatu ja kesto tunteina, arviointi ja\/tai osallistuminen poissaoloineen sek\u00e4 suoritustaso. Ilman n\u00e4iden tietojen ilmenemist\u00e4 todistuksesta vaihto-oppilasvuoden opintoja ei voida lukea hyv\u00e4ksi lukio-oppim\u00e4\u00e4r\u00e4\u00e4n. Vaihto-oppilasvuodesta voidaan laskea kertyv\u00e4n 2-16 op riippuen vuoden aikana opiskeluista opinnoista. T\u00e4m\u00e4 on syyt\u00e4 huomioida, kun saa\/pyyt\u00e4\u00e4 vaihtokoulusta todistuksen.<\/p>\n\n\n\n<p>Lukion oppim\u00e4\u00e4r\u00e4\u00e4n voidaan hyv\u00e4ksy\u00e4 my\u00f6s muita koti- tai ulkomaisia opintoja, jotka voidaan katsoa liittyv\u00e4n lukion opetussuunnitelman sis\u00e4lt\u00f6ihin tai tavoitteisiin. P\u00e4\u00e4t\u00f6ksen korvaavuudesta tai hyv\u00e4ksi lukemisesta tekee rehtori tai apulaisrehtori (rehtorin valtuuttamana) tutustuttuaan alkuper\u00e4isiin todistuksiin ja mahdollisesti neuvoteltuaan opiskelijan kanssa.<\/p>\n\n\n\n<p><strong>Projektit<\/strong><\/p>\n\n\n\n<p>Vuosittain koulussa toteutuu monia projekteja, joista osa on tiedossa lukuvuoden alkaessa. Niist\u00e4 tiedotetaan ryhm\u00e4nohjauksissa ja viikkotiedotteessa sek\u00e4 vastuuopettajan l\u00e4hett\u00e4m\u00e4ll\u00e4 erillisell\u00e4 Wilma-viestill\u00e4. Kansainv\u00e4lisist\u00e4 opinnoista osa on projektiopintoja.<\/p>\n","protected":false},"excerpt":{"rendered":"<p>T\u00e4\u00e4lt\u00e4 l\u00f6yd\u00e4t tietoa, mit\u00e4 opintosi voivat sis\u00e4lt\u00e4\u00e4 ja mit\u00e4 eri tapoja niit\u00e4 on opiskella. Opintojen sis\u00e4lt\u00f6 Lukiossa noudatetaan opetussuunnitelmaa, joka [&hellip;]<\/p>\n","protected":false},"author":6,"featured_media":0,"parent":59,"menu_order":2,"comment_status":"closed","ping_status":"closed","template":"","meta":{"_acf_changed":false,"_relevanssi_hide_post":"","_relevanssi_hide_content":"","_relevanssi_pin_for_all":"","_relevanssi_pin_keywords":"","_relevanssi_unpin_keywords":"","_relevanssi_related_keywords":"","_relevanssi_related_include_ids":"","_relevanssi_related_exclude_ids":"","_relevanssi_related_no_append":"","_relevanssi_related_not_related":"","_relevanssi_related_posts":"3845,2310,1755,3810,2338,2279","_relevanssi_noindex_reason":"","footnotes":""},"class_list":["post-4798","page","type-page","status-publish","hentry"],"acf":[],"yoast_head":"<title>Opintojen suunnittelu - H\u00e4meenlinnan lyseon lukio<\/title>\n<meta name=\"robots\" content=\"index, follow, max-snippet:-1, max-image-preview:large, max-video-preview:-1\" \/>\n<link rel=\"canonical\" href=\"https:\/\/www.kktavastia.fi\/lukiot-hameenlinnan-lyseo\/opetus\/opetuksen-suunnittelu\/\" \/>\n<meta property=\"og:locale\" content=\"fi_FI\" \/>\n<meta property=\"og:type\" content=\"article\" \/>\n<meta property=\"og:title\" content=\"Opintojen suunnittelu - H\u00e4meenlinnan lyseon lukio\" \/>\n<meta property=\"og:description\" content=\"T\u00e4\u00e4lt\u00e4 l\u00f6yd\u00e4t tietoa, mit\u00e4 opintosi voivat sis\u00e4lt\u00e4\u00e4 ja mit\u00e4 eri tapoja niit\u00e4 on opiskella. Opintojen sis\u00e4lt\u00f6 Lukiossa noudatetaan opetussuunnitelmaa, joka [&hellip;]\" \/>\n<meta property=\"og:url\" content=\"https:\/\/www.kktavastia.fi\/lukiot-hameenlinnan-lyseo\/opetus\/opetuksen-suunnittelu\/\" \/>\n<meta property=\"og:site_name\" content=\"H\u00e4meenlinnan lyseon lukio\" \/>\n<meta property=\"article:modified_time\" content=\"2026-04-30T07:17:12+00:00\" \/>\n<meta name=\"twitter:card\" content=\"summary_large_image\" \/>\n<script type=\"application\/ld+json\" class=\"yoast-schema-graph\">{\"@context\":\"https:\\\/\\\/schema.org\",\"@graph\":[{\"@type\":\"WebPage\",\"@id\":\"https:\\\/\\\/www.kktavastia.fi\\\/lukiot-hameenlinnan-lyseo\\\/opetus\\\/opetuksen-suunnittelu\\\/\",\"url\":\"https:\\\/\\\/www.kktavastia.fi\\\/lukiot-hameenlinnan-lyseo\\\/opetus\\\/opetuksen-suunnittelu\\\/\",\"name\":\"Opintojen suunnittelu - H\u00e4meenlinnan lyseon lukio\",\"isPartOf\":{\"@id\":\"https:\\\/\\\/www.kktavastia.fi\\\/lukiot-hameenlinnan-lyseo\\\/#website\"},\"datePublished\":\"2023-02-23T13:16:23+00:00\",\"dateModified\":\"2026-04-30T07:17:12+00:00\",\"breadcrumb\":{\"@id\":\"https:\\\/\\\/www.kktavastia.fi\\\/lukiot-hameenlinnan-lyseo\\\/opetus\\\/opetuksen-suunnittelu\\\/#breadcrumb\"},\"inLanguage\":\"fi\",\"potentialAction\":[{\"@type\":\"ReadAction\",\"target\":[\"https:\\\/\\\/www.kktavastia.fi\\\/lukiot-hameenlinnan-lyseo\\\/opetus\\\/opetuksen-suunnittelu\\\/\"]}]},{\"@type\":\"BreadcrumbList\",\"@id\":\"https:\\\/\\\/www.kktavastia.fi\\\/lukiot-hameenlinnan-lyseo\\\/opetus\\\/opetuksen-suunnittelu\\\/#breadcrumb\",\"itemListElement\":[{\"@type\":\"ListItem\",\"position\":1,\"name\":\"Home\",\"item\":\"https:\\\/\\\/www.kktavastia.fi\\\/lukiot-hameenlinnan-lyseo\\\/\"},{\"@type\":\"ListItem\",\"position\":2,\"name\":\"Opetus ja ohjaus\",\"item\":\"https:\\\/\\\/www.kktavastia.fi\\\/lukiot-hameenlinnan-lyseo\\\/opetus\\\/\"},{\"@type\":\"ListItem\",\"position\":3,\"name\":\"Opintojen suunnittelu\"}]},{\"@type\":\"WebSite\",\"@id\":\"https:\\\/\\\/www.kktavastia.fi\\\/lukiot-hameenlinnan-lyseo\\\/#website\",\"url\":\"https:\\\/\\\/www.kktavastia.fi\\\/lukiot-hameenlinnan-lyseo\\\/\",\"name\":\"H\u00e4meenlinnan lyseon lukio\",\"description\":\"\",\"potentialAction\":[{\"@type\":\"SearchAction\",\"target\":{\"@type\":\"EntryPoint\",\"urlTemplate\":\"https:\\\/\\\/www.kktavastia.fi\\\/lukiot-hameenlinnan-lyseo\\\/?s={search_term_string}\"},\"query-input\":{\"@type\":\"PropertyValueSpecification\",\"valueRequired\":true,\"valueName\":\"search_term_string\"}}],\"inLanguage\":\"fi\"}]}<\/script>","yoast_head_json":{"title":"Opintojen suunnittelu - H\u00e4meenlinnan lyseon lukio","robots":{"index":"index","follow":"follow","max-snippet":"max-snippet:-1","max-image-preview":"max-image-preview:large","max-video-preview":"max-video-preview:-1"},"canonical":"https:\/\/www.kktavastia.fi\/lukiot-hameenlinnan-lyseo\/opetus\/opetuksen-suunnittelu\/","og_locale":"fi_FI","og_type":"article","og_title":"Opintojen suunnittelu - H\u00e4meenlinnan lyseon lukio","og_description":"T\u00e4\u00e4lt\u00e4 l\u00f6yd\u00e4t tietoa, mit\u00e4 opintosi voivat sis\u00e4lt\u00e4\u00e4 ja mit\u00e4 eri tapoja niit\u00e4 on opiskella. Opintojen sis\u00e4lt\u00f6 Lukiossa noudatetaan opetussuunnitelmaa, joka [&hellip;]","og_url":"https:\/\/www.kktavastia.fi\/lukiot-hameenlinnan-lyseo\/opetus\/opetuksen-suunnittelu\/","og_site_name":"H\u00e4meenlinnan lyseon lukio","article_modified_time":"2026-04-30T07:17:12+00:00","twitter_card":"summary_large_image","schema":{"@context":"https:\/\/schema.org","@graph":[{"@type":"WebPage","@id":"https:\/\/www.kktavastia.fi\/lukiot-hameenlinnan-lyseo\/opetus\/opetuksen-suunnittelu\/","url":"https:\/\/www.kktavastia.fi\/lukiot-hameenlinnan-lyseo\/opetus\/opetuksen-suunnittelu\/","name":"Opintojen suunnittelu - H\u00e4meenlinnan lyseon lukio","isPartOf":{"@id":"https:\/\/www.kktavastia.fi\/lukiot-hameenlinnan-lyseo\/#website"},"datePublished":"2023-02-23T13:16:23+00:00","dateModified":"2026-04-30T07:17:12+00:00","breadcrumb":{"@id":"https:\/\/www.kktavastia.fi\/lukiot-hameenlinnan-lyseo\/opetus\/opetuksen-suunnittelu\/#breadcrumb"},"inLanguage":"fi","potentialAction":[{"@type":"ReadAction","target":["https:\/\/www.kktavastia.fi\/lukiot-hameenlinnan-lyseo\/opetus\/opetuksen-suunnittelu\/"]}]},{"@type":"BreadcrumbList","@id":"https:\/\/www.kktavastia.fi\/lukiot-hameenlinnan-lyseo\/opetus\/opetuksen-suunnittelu\/#breadcrumb","itemListElement":[{"@type":"ListItem","position":1,"name":"Home","item":"https:\/\/www.kktavastia.fi\/lukiot-hameenlinnan-lyseo\/"},{"@type":"ListItem","position":2,"name":"Opetus ja ohjaus","item":"https:\/\/www.kktavastia.fi\/lukiot-hameenlinnan-lyseo\/opetus\/"},{"@type":"ListItem","position":3,"name":"Opintojen suunnittelu"}]},{"@type":"WebSite","@id":"https:\/\/www.kktavastia.fi\/lukiot-hameenlinnan-lyseo\/#website","url":"https:\/\/www.kktavastia.fi\/lukiot-hameenlinnan-lyseo\/","name":"H\u00e4meenlinnan lyseon lukio","description":"","potentialAction":[{"@type":"SearchAction","target":{"@type":"EntryPoint","urlTemplate":"https:\/\/www.kktavastia.fi\/lukiot-hameenlinnan-lyseo\/?s={search_term_string}"},"query-input":{"@type":"PropertyValueSpecification","valueRequired":true,"valueName":"search_term_string"}}],"inLanguage":"fi"}]}},"_links":{"self":[{"href":"https:\/\/www.kktavastia.fi\/lukiot-hameenlinnan-lyseo\/wp-json\/wp\/v2\/pages\/4798","targetHints":{"allow":["GET"]}}],"collection":[{"href":"https:\/\/www.kktavastia.fi\/lukiot-hameenlinnan-lyseo\/wp-json\/wp\/v2\/pages"}],"about":[{"href":"https:\/\/www.kktavastia.fi\/lukiot-hameenlinnan-lyseo\/wp-json\/wp\/v2\/types\/page"}],"author":[{"embeddable":true,"href":"https:\/\/www.kktavastia.fi\/lukiot-hameenlinnan-lyseo\/wp-json\/wp\/v2\/users\/6"}],"replies":[{"embeddable":true,"href":"https:\/\/www.kktavastia.fi\/lukiot-hameenlinnan-lyseo\/wp-json\/wp\/v2\/comments?post=4798"}],"version-history":[{"count":24,"href":"https:\/\/www.kktavastia.fi\/lukiot-hameenlinnan-lyseo\/wp-json\/wp\/v2\/pages\/4798\/revisions"}],"predecessor-version":[{"id":6151,"href":"https:\/\/www.kktavastia.fi\/lukiot-hameenlinnan-lyseo\/wp-json\/wp\/v2\/pages\/4798\/revisions\/6151"}],"up":[{"embeddable":true,"href":"https:\/\/www.kktavastia.fi\/lukiot-hameenlinnan-lyseo\/wp-json\/wp\/v2\/pages\/59"}],"wp:attachment":[{"href":"https:\/\/www.kktavastia.fi\/lukiot-hameenlinnan-lyseo\/wp-json\/wp\/v2\/media?parent=4798"}],"curies":[{"name":"wp","href":"https:\/\/api.w.org\/{rel}","templated":true}]}}