{"id":44,"date":"2021-01-05T15:04:36","date_gmt":"2021-01-05T13:04:36","guid":{"rendered":"https:\/\/kktavastia.vaiheessa.fi\/lukiot-hameenlinnan-lyseo\/?page_id=44"},"modified":"2026-04-14T15:11:27","modified_gmt":"2026-04-14T12:11:27","slug":"huoltajille","status":"publish","type":"page","link":"https:\/\/www.kktavastia.fi\/lukiot-hameenlinnan-lyseo\/huoltajille\/","title":{"rendered":"Huoltajille"},"content":{"rendered":"\n<h2 class=\"wp-block-heading\">Huoltajaopas<\/h2>\n\n\n\n<p>Ohessa on linkitettyn\u00e4 huoltajan opas, jossa on kootusti tietoa koulun k\u00e4yt\u00e4nteist\u00e4 esim. kuinka huoltaja luo Wilma-tunnukset, anoo lomaa lapselleen, selvitt\u00e4\u00e4 poissaolot tai  millaisia asioita kannattaa ja voi seurata opintojen etenemisest\u00e4.<\/p>\n\n\n\n<p>Kutsu vanhempainiltoihin l\u00e4hetet\u00e4\u00e4n Wilma-viestill\u00e4 kaikille huoltajille, joilla on oikeus opiskelijan Wilmaan (huom. yli 18-vuotiaat opiskelijat)<\/p>\n\n\n\n<div class=\"wp-block-file\"><a id=\"wp-block-file--media-91836021-c4ae-4945-8a0a-87af65b02f95\" href=\"https:\/\/www.kktavastia.fi\/media\/sites\/8\/huoltajan-opas-lyseon-lukio-2025-2026.pdf\">Huoltajan opas Lyseon lukio 2025-2026<\/a><a href=\"https:\/\/www.kktavastia.fi\/media\/sites\/8\/huoltajan-opas-lyseon-lukio-2025-2026.pdf\" class=\"wp-block-file__button wp-element-button\" download aria-describedby=\"wp-block-file--media-91836021-c4ae-4945-8a0a-87af65b02f95\">Lataa<\/a><\/div>\n\n\n\n<p><strong>Ykk\u00f6sten vanhempainilta<\/strong> ti 28.10.2025 klo 18.00<\/p>\n\n\n\n<div class=\"wp-block-file\"><a id=\"wp-block-file--media-fa81454c-8c12-43eb-b224-b795d399f546\" href=\"https:\/\/www.kktavastia.fi\/media\/sites\/8\/25-vanhempainillan-diat-pdf.pdf\">25 vanhempainillan diat pdf<\/a><a href=\"https:\/\/www.kktavastia.fi\/media\/sites\/8\/25-vanhempainillan-diat-pdf.pdf\" class=\"wp-block-file__button wp-element-button\" download aria-describedby=\"wp-block-file--media-fa81454c-8c12-43eb-b224-b795d399f546\">Lataa<\/a><\/div>\n\n\n\n<p><br><strong>Kakkosten vanhempainilta <\/strong>ma 13.4.2026 klo 18.00. <\/p>\n\n\n\n<div class=\"wp-block-file\"><a id=\"wp-block-file--media-a1ceb2a0-a695-4ed5-86c1-ff3ef067500b\" href=\"https:\/\/www.kktavastia.fi\/media\/sites\/8\/2.-vsk-vanh.ilta-13.4.2026.pdf\">2. vsk vanh.ilta 13.4.2026 rehtorin osuus<\/a><a href=\"https:\/\/www.kktavastia.fi\/media\/sites\/8\/2.-vsk-vanh.ilta-13.4.2026.pdf\" class=\"wp-block-file__button wp-element-button\" download aria-describedby=\"wp-block-file--media-a1ceb2a0-a695-4ed5-86c1-ff3ef067500b\">Lataa<\/a><\/div>\n\n\n\n<div class=\"wp-block-file\"><a id=\"wp-block-file--media-ee2a18a2-c335-4417-9a6c-3606869929d1\" href=\"https:\/\/www.kktavastia.fi\/media\/sites\/8\/kakkosten-vanhempainilta-2026-opot.pdf\">Kakkosten vanhempainilta 2026 opot<\/a><a href=\"https:\/\/www.kktavastia.fi\/media\/sites\/8\/kakkosten-vanhempainilta-2026-opot.pdf\" class=\"wp-block-file__button wp-element-button\" download aria-describedby=\"wp-block-file--media-ee2a18a2-c335-4417-9a6c-3606869929d1\">Lataa<\/a><\/div>\n\n\n\n<div class=\"wp-block-file\"><a id=\"wp-block-file--media-db0dd622-aa54-4241-b0c3-e79aba36731b\" href=\"https:\/\/www.kktavastia.fi\/media\/sites\/8\/kysely-yhteenveto-2026-vanh.ilta_.pdf\">Kysely yhteenveto 2026 vanh.ilta<\/a><a href=\"https:\/\/www.kktavastia.fi\/media\/sites\/8\/kysely-yhteenveto-2026-vanh.ilta_.pdf\" class=\"wp-block-file__button wp-element-button\" download aria-describedby=\"wp-block-file--media-db0dd622-aa54-4241-b0c3-e79aba36731b\">Lataa<\/a><\/div>\n\n\n\n<p><strong>Abien vanhempainilta <\/strong> ke  14.1.2025 klo 18.00<\/p>\n\n\n\n<div class=\"wp-block-file\"><a id=\"wp-block-file--media-c8ecb533-04cc-4888-b79d-cdf8471a1eaa\" href=\"https:\/\/www.kktavastia.fi\/media\/sites\/8\/abin-loppusuora-14.1.2026-rehtorin-osuus.pdf\">Abin loppusuora 14.1.2026 rehtorin osuus<\/a><a href=\"https:\/\/www.kktavastia.fi\/media\/sites\/8\/abin-loppusuora-14.1.2026-rehtorin-osuus.pdf\" class=\"wp-block-file__button wp-element-button\" download aria-describedby=\"wp-block-file--media-c8ecb533-04cc-4888-b79d-cdf8471a1eaa\">Lataa<\/a><\/div>\n\n\n\n<div class=\"wp-block-file\"><a id=\"wp-block-file--media-e7a4c775-e3ee-4299-95d7-4de102251504\" href=\"https:\/\/www.kktavastia.fi\/media\/sites\/8\/abien-vanhempainilta-k26-1.pdf\">Lukiosta jatko-opintoihin opot K26 (1)<\/a><a href=\"https:\/\/www.kktavastia.fi\/media\/sites\/8\/abien-vanhempainilta-k26-1.pdf\" class=\"wp-block-file__button wp-element-button\" download aria-describedby=\"wp-block-file--media-e7a4c775-e3ee-4299-95d7-4de102251504\">Lataa<\/a><\/div>\n\n\n\n<p>Viime lukuvuoden asiantuntijailtaan unesta  liittyvi\u00e4 videoita l\u00f6ytyy klikkaamalla seuraavaa linkki\u00e4<br><a href=\"https:\/\/www.oph.fi\/fi\/koulutus-ja-tutkinnot\/opiskeluhuolto-ja-hyvinvointi\/unikoulutus\">https:\/\/www.oph.fi\/fi\/koulutus-ja-tutkinnot\/opiskeluhuolto-ja-hyvinvointi\/unikoulutus<\/a><\/p>\n\n\n\n<p><strong>Lue, kirjoita, laske ja keskity sujuvammin! <br>Erilaisten oppijoiden liitto j\u00e4rjest\u00e4\u00e4 t\u00e4n\u00e4 syksyn\u00e4 infosarjan, jossa tutustutaan erilaisiin oppimisen keinoihin ja apuv\u00e4lineisiin.<\/strong><br>Katso aikataulu t\u00e4st\u00e4<\/p>\n\n\n\n<div class=\"wp-block-file\"><a id=\"wp-block-file--media-fdc8fc0d-390c-41fd-8d6e-b63c8bb0c67e\" href=\"https:\/\/www.kktavastia.fi\/media\/sites\/8\/erilaisten-oppijoiden-liiton-infosarja.jpg\">Erilaisten oppijoiden liiton infosarja<\/a><a href=\"https:\/\/www.kktavastia.fi\/media\/sites\/8\/erilaisten-oppijoiden-liiton-infosarja.jpg\" class=\"wp-block-file__button wp-element-button\" download aria-describedby=\"wp-block-file--media-fdc8fc0d-390c-41fd-8d6e-b63c8bb0c67e\">Lataa<\/a><\/div>\n\n\n\n<h2 class=\"wp-block-heading\">Vanhempainyhdistys<\/h2>\n\n\n\n<p>Vanhempainyhdistys toimii koulun ja kodin yhdyssiteen\u00e4, oppilaiden hyv\u00e4ksi. Lukuvuoden j\u00e4senmaksu on vapaaehtoinen ja suuruudeltaan 10 \u20ac per perhe lukuvuotta kohden. Koko lukioajan j\u00e4senyys 30 \u20ac\/perhe. J\u00e4senmaksu maksetaan syyslukukauden aikana.  Kannatusj\u00e4senmaksu on 10 e\/kannattajaj\u00e4sen.<\/p>\n\n\n\n<p>J\u00e4senmaksu tulee maksaa yhdistyksen tilille : Lammin S\u00e4\u00e4st\u00f6pankki FI65 4260 0010 3884 18 tai MobilePaylla,  lyhytvalintanumero 17418<\/p>\n\n\n\n<p>Maksamalla j\u00e4senmaksun olet tukemassa opiskelijoiden toimintaa. J\u00e4senmaksut ja yhdistyksen varat k\u00e4ytet\u00e4\u00e4n siis t\u00e4ysim\u00e4\u00e4r\u00e4isesti oppilaiden hyv\u00e4ksi ja niill\u00e4 rahoitetaan muun muassa vuotuiset stipendit sek\u00e4 ollaan tukemassa my\u00f6s opintoihin liittyvi\u00e4 projekteja.<\/p>\n\n\n\n<p>Yhdistyst\u00e4 koskevissa asioissa voit olla yhteydess\u00e4 yhdistyksen hallitukseen.<\/p>\n\n\n\n<h5 class=\"wp-block-heading\">Vanhempainyhdistyksen hallitus<\/h5>\n\n\n\n<figure class=\"wp-block-table\"><table><tbody><tr><td><strong>Puheenjohtaja<\/strong><br>Tiina Vilmi-Ker\u00e4l\u00e4<br>tiina.vilmi-kerala at pp.inet.fi<\/td><td><strong>Varapuheenjohtaja<\/strong><br>Pia Rupponen<\/td><\/tr><tr><td><strong>Sihteeri<\/strong><br>Minna Laurema<\/td><td><strong>Rahastonhoitaja<br><\/strong>Sanna Manderbacka<br>sanna.manderbacka(at)gmail.com<\/td><\/tr><tr><td>Jenni Lehto, j\u00e4sen<\/td><td>Marleena Tjurin, j\u00e4sen<\/td><\/tr><tr><td>Heli Immonen, j\u00e4sen<\/td><td><\/td><\/tr><\/tbody><\/table><\/figure>\n\n\n\n<h3 class=\"wp-block-heading\">Vanhempainyhdistyksen kokoukset<\/h3>\n\n\n\n<p><strong>Lv 2023-2024<\/strong><\/p>\n\n\n\n<div class=\"wp-block-file\"><a id=\"wp-block-file--media-b8b4d2c6-39df-4c7f-980b-f53c18c3486a\" href=\"https:\/\/www.kktavastia.fi\/media\/sites\/8\/poytakirja-vuosikokous-260923.pdf\">poytakirja-vuosikokous-260923<\/a><a href=\"https:\/\/www.kktavastia.fi\/media\/sites\/8\/poytakirja-vuosikokous-260923.pdf\" class=\"wp-block-file__button wp-element-button\" download aria-describedby=\"wp-block-file--media-b8b4d2c6-39df-4c7f-980b-f53c18c3486a\">Lataa<\/a><\/div>\n\n\n\n<div class=\"wp-block-file\"><a id=\"wp-block-file--media-7688e26d-68bb-4175-b8e1-2c96f1f51064\" href=\"https:\/\/www.kktavastia.fi\/media\/sites\/8\/poytakirja_syyskokous_280922.pdf\">P\u00f6yt\u00e4kirja_SYYSKOKOUS_280922<\/a><a href=\"https:\/\/www.kktavastia.fi\/media\/sites\/8\/poytakirja_syyskokous_280922.pdf\" class=\"wp-block-file__button wp-element-button\" download aria-describedby=\"wp-block-file--media-7688e26d-68bb-4175-b8e1-2c96f1f51064\">Lataa<\/a><\/div>\n","protected":false},"excerpt":{"rendered":"<p>Huoltajaopas Ohessa on linkitettyn\u00e4 huoltajan opas, jossa on kootusti tietoa koulun k\u00e4yt\u00e4nteist\u00e4 esim. kuinka huoltaja luo Wilma-tunnukset, anoo lomaa lapselleen, [&hellip;]<\/p>\n","protected":false},"author":3,"featured_media":0,"parent":0,"menu_order":7,"comment_status":"closed","ping_status":"closed","template":"","meta":{"_acf_changed":false,"_relevanssi_hide_post":"","_relevanssi_hide_content":"","_relevanssi_pin_for_all":"","_relevanssi_pin_keywords":"","_relevanssi_unpin_keywords":"","_relevanssi_related_keywords":"","_relevanssi_related_include_ids":"","_relevanssi_related_exclude_ids":"","_relevanssi_related_no_append":"","_relevanssi_related_not_related":"","_relevanssi_related_posts":"33","_relevanssi_noindex_reason":"","footnotes":""},"class_list":["post-44","page","type-page","status-publish","hentry"],"acf":[],"yoast_head":"<title>H\u00e4meenlinnan lyseon lukio | Huoltajille | Vanhempainyhdistys<\/title>\n<meta name=\"description\" content=\"Tutustu H\u00e4meenlinnan lyseon lukion Huoltajille-osioon ja lue lis\u00e4\u00e4 vanhempainyhdistyksen toiminnasta.\" \/>\n<meta name=\"robots\" content=\"index, follow, max-snippet:-1, max-image-preview:large, max-video-preview:-1\" \/>\n<link rel=\"canonical\" href=\"https:\/\/www.kktavastia.fi\/lukiot-hameenlinnan-lyseo\/huoltajille\/\" \/>\n<meta property=\"og:locale\" content=\"fi_FI\" \/>\n<meta property=\"og:type\" content=\"article\" \/>\n<meta property=\"og:title\" content=\"H\u00e4meenlinnan lyseon lukio | Huoltajille | Vanhempainyhdistys\" \/>\n<meta property=\"og:description\" content=\"Tutustu H\u00e4meenlinnan lyseon lukion Huoltajille-osioon ja lue lis\u00e4\u00e4 vanhempainyhdistyksen toiminnasta.\" \/>\n<meta property=\"og:url\" content=\"https:\/\/www.kktavastia.fi\/lukiot-hameenlinnan-lyseo\/huoltajille\/\" \/>\n<meta property=\"og:site_name\" content=\"H\u00e4meenlinnan lyseon lukio\" \/>\n<meta property=\"article:modified_time\" content=\"2026-04-14T12:11:27+00:00\" \/>\n<meta name=\"twitter:card\" content=\"summary_large_image\" \/>\n<script type=\"application\/ld+json\" class=\"yoast-schema-graph\">{\"@context\":\"https:\\\/\\\/schema.org\",\"@graph\":[{\"@type\":\"WebPage\",\"@id\":\"https:\\\/\\\/www.kktavastia.fi\\\/lukiot-hameenlinnan-lyseo\\\/huoltajille\\\/\",\"url\":\"https:\\\/\\\/www.kktavastia.fi\\\/lukiot-hameenlinnan-lyseo\\\/huoltajille\\\/\",\"name\":\"H\u00e4meenlinnan lyseon lukio | Huoltajille | Vanhempainyhdistys\",\"isPartOf\":{\"@id\":\"https:\\\/\\\/www.kktavastia.fi\\\/lukiot-hameenlinnan-lyseo\\\/#website\"},\"datePublished\":\"2021-01-05T13:04:36+00:00\",\"dateModified\":\"2026-04-14T12:11:27+00:00\",\"description\":\"Tutustu H\u00e4meenlinnan lyseon lukion Huoltajille-osioon ja lue lis\u00e4\u00e4 vanhempainyhdistyksen toiminnasta.\",\"breadcrumb\":{\"@id\":\"https:\\\/\\\/www.kktavastia.fi\\\/lukiot-hameenlinnan-lyseo\\\/huoltajille\\\/#breadcrumb\"},\"inLanguage\":\"fi\",\"potentialAction\":[{\"@type\":\"ReadAction\",\"target\":[\"https:\\\/\\\/www.kktavastia.fi\\\/lukiot-hameenlinnan-lyseo\\\/huoltajille\\\/\"]}]},{\"@type\":\"BreadcrumbList\",\"@id\":\"https:\\\/\\\/www.kktavastia.fi\\\/lukiot-hameenlinnan-lyseo\\\/huoltajille\\\/#breadcrumb\",\"itemListElement\":[{\"@type\":\"ListItem\",\"position\":1,\"name\":\"Home\",\"item\":\"https:\\\/\\\/www.kktavastia.fi\\\/lukiot-hameenlinnan-lyseo\\\/\"},{\"@type\":\"ListItem\",\"position\":2,\"name\":\"Huoltajille\"}]},{\"@type\":\"WebSite\",\"@id\":\"https:\\\/\\\/www.kktavastia.fi\\\/lukiot-hameenlinnan-lyseo\\\/#website\",\"url\":\"https:\\\/\\\/www.kktavastia.fi\\\/lukiot-hameenlinnan-lyseo\\\/\",\"name\":\"H\u00e4meenlinnan lyseon lukio\",\"description\":\"\",\"potentialAction\":[{\"@type\":\"SearchAction\",\"target\":{\"@type\":\"EntryPoint\",\"urlTemplate\":\"https:\\\/\\\/www.kktavastia.fi\\\/lukiot-hameenlinnan-lyseo\\\/?s={search_term_string}\"},\"query-input\":{\"@type\":\"PropertyValueSpecification\",\"valueRequired\":true,\"valueName\":\"search_term_string\"}}],\"inLanguage\":\"fi\"}]}<\/script>","yoast_head_json":{"title":"H\u00e4meenlinnan lyseon lukio | Huoltajille | Vanhempainyhdistys","description":"Tutustu H\u00e4meenlinnan lyseon lukion Huoltajille-osioon ja lue lis\u00e4\u00e4 vanhempainyhdistyksen toiminnasta.","robots":{"index":"index","follow":"follow","max-snippet":"max-snippet:-1","max-image-preview":"max-image-preview:large","max-video-preview":"max-video-preview:-1"},"canonical":"https:\/\/www.kktavastia.fi\/lukiot-hameenlinnan-lyseo\/huoltajille\/","og_locale":"fi_FI","og_type":"article","og_title":"H\u00e4meenlinnan lyseon lukio | Huoltajille | Vanhempainyhdistys","og_description":"Tutustu H\u00e4meenlinnan lyseon lukion Huoltajille-osioon ja lue lis\u00e4\u00e4 vanhempainyhdistyksen toiminnasta.","og_url":"https:\/\/www.kktavastia.fi\/lukiot-hameenlinnan-lyseo\/huoltajille\/","og_site_name":"H\u00e4meenlinnan lyseon lukio","article_modified_time":"2026-04-14T12:11:27+00:00","twitter_card":"summary_large_image","schema":{"@context":"https:\/\/schema.org","@graph":[{"@type":"WebPage","@id":"https:\/\/www.kktavastia.fi\/lukiot-hameenlinnan-lyseo\/huoltajille\/","url":"https:\/\/www.kktavastia.fi\/lukiot-hameenlinnan-lyseo\/huoltajille\/","name":"H\u00e4meenlinnan lyseon lukio | Huoltajille | Vanhempainyhdistys","isPartOf":{"@id":"https:\/\/www.kktavastia.fi\/lukiot-hameenlinnan-lyseo\/#website"},"datePublished":"2021-01-05T13:04:36+00:00","dateModified":"2026-04-14T12:11:27+00:00","description":"Tutustu H\u00e4meenlinnan lyseon lukion Huoltajille-osioon ja lue lis\u00e4\u00e4 vanhempainyhdistyksen toiminnasta.","breadcrumb":{"@id":"https:\/\/www.kktavastia.fi\/lukiot-hameenlinnan-lyseo\/huoltajille\/#breadcrumb"},"inLanguage":"fi","potentialAction":[{"@type":"ReadAction","target":["https:\/\/www.kktavastia.fi\/lukiot-hameenlinnan-lyseo\/huoltajille\/"]}]},{"@type":"BreadcrumbList","@id":"https:\/\/www.kktavastia.fi\/lukiot-hameenlinnan-lyseo\/huoltajille\/#breadcrumb","itemListElement":[{"@type":"ListItem","position":1,"name":"Home","item":"https:\/\/www.kktavastia.fi\/lukiot-hameenlinnan-lyseo\/"},{"@type":"ListItem","position":2,"name":"Huoltajille"}]},{"@type":"WebSite","@id":"https:\/\/www.kktavastia.fi\/lukiot-hameenlinnan-lyseo\/#website","url":"https:\/\/www.kktavastia.fi\/lukiot-hameenlinnan-lyseo\/","name":"H\u00e4meenlinnan lyseon lukio","description":"","potentialAction":[{"@type":"SearchAction","target":{"@type":"EntryPoint","urlTemplate":"https:\/\/www.kktavastia.fi\/lukiot-hameenlinnan-lyseo\/?s={search_term_string}"},"query-input":{"@type":"PropertyValueSpecification","valueRequired":true,"valueName":"search_term_string"}}],"inLanguage":"fi"}]}},"_links":{"self":[{"href":"https:\/\/www.kktavastia.fi\/lukiot-hameenlinnan-lyseo\/wp-json\/wp\/v2\/pages\/44","targetHints":{"allow":["GET"]}}],"collection":[{"href":"https:\/\/www.kktavastia.fi\/lukiot-hameenlinnan-lyseo\/wp-json\/wp\/v2\/pages"}],"about":[{"href":"https:\/\/www.kktavastia.fi\/lukiot-hameenlinnan-lyseo\/wp-json\/wp\/v2\/types\/page"}],"author":[{"embeddable":true,"href":"https:\/\/www.kktavastia.fi\/lukiot-hameenlinnan-lyseo\/wp-json\/wp\/v2\/users\/3"}],"replies":[{"embeddable":true,"href":"https:\/\/www.kktavastia.fi\/lukiot-hameenlinnan-lyseo\/wp-json\/wp\/v2\/comments?post=44"}],"version-history":[{"count":25,"href":"https:\/\/www.kktavastia.fi\/lukiot-hameenlinnan-lyseo\/wp-json\/wp\/v2\/pages\/44\/revisions"}],"predecessor-version":[{"id":6134,"href":"https:\/\/www.kktavastia.fi\/lukiot-hameenlinnan-lyseo\/wp-json\/wp\/v2\/pages\/44\/revisions\/6134"}],"wp:attachment":[{"href":"https:\/\/www.kktavastia.fi\/lukiot-hameenlinnan-lyseo\/wp-json\/wp\/v2\/media?parent=44"}],"curies":[{"name":"wp","href":"https:\/\/api.w.org\/{rel}","templated":true}]}}