{"id":4,"date":"2020-12-29T11:07:07","date_gmt":"2020-12-29T09:07:07","guid":{"rendered":"https:\/\/kktavastia.vaiheessa.fi\/lukiot-hameenlinnan-lyseo\/etusivu\/"},"modified":"2026-02-05T13:43:49","modified_gmt":"2026-02-05T11:43:49","slug":"hameenlinnan-lyseo","status":"publish","type":"page","link":"https:\/\/www.kktavastia.fi\/lukiot-hameenlinnan-lyseo\/","title":{"rendered":"H\u00e4meenlinnan lyseon lukio"},"content":{"rendered":"","protected":false},"excerpt":{"rendered":"","protected":false},"author":6,"featured_media":0,"parent":0,"menu_order":5,"comment_status":"closed","ping_status":"closed","template":"template-modular.php","meta":{"_acf_changed":false,"_relevanssi_hide_post":"","_relevanssi_hide_content":"","_relevanssi_pin_for_all":"","_relevanssi_pin_keywords":"","_relevanssi_unpin_keywords":"","_relevanssi_related_keywords":"","_relevanssi_related_include_ids":"","_relevanssi_related_exclude_ids":"","_relevanssi_related_no_append":"","_relevanssi_related_not_related":"","_relevanssi_related_posts":"","_relevanssi_noindex_reason":"","footnotes":""},"class_list":["post-4","page","type-page","status-publish","hentry"],"acf":[],"yoast_head":"<title>H\u00e4meenlinnan lyseon lukio | Koulutuskuntayhtym\u00e4 Tavastia<\/title>\n<meta name=\"description\" content=\"H\u00e4meenlinnan lyseon lukio on osa Koulutuskuntayhtym\u00e4 Tavastiaa. Lyseon lukioon voi hakea kev\u00e4isin yhteishaussa. Tutustu lyseon lukioon!\" \/>\n<meta name=\"robots\" content=\"index, follow, max-snippet:-1, max-image-preview:large, max-video-preview:-1\" \/>\n<link rel=\"canonical\" href=\"https:\/\/www.kktavastia.fi\/lukiot-hameenlinnan-lyseo\/\" \/>\n<meta property=\"og:locale\" content=\"fi_FI\" \/>\n<meta property=\"og:type\" content=\"article\" \/>\n<meta property=\"og:title\" content=\"H\u00e4meenlinnan lyseon lukio | Koulutuskuntayhtym\u00e4 Tavastia\" \/>\n<meta property=\"og:description\" content=\"H\u00e4meenlinnan lyseon lukio on osa Koulutuskuntayhtym\u00e4 Tavastiaa. Lyseon lukioon voi hakea kev\u00e4isin yhteishaussa. Tutustu lyseon lukioon!\" \/>\n<meta property=\"og:url\" content=\"https:\/\/www.kktavastia.fi\/lukiot-hameenlinnan-lyseo\/\" \/>\n<meta property=\"og:site_name\" content=\"H\u00e4meenlinnan lyseon lukio\" \/>\n<meta property=\"article:modified_time\" content=\"2026-02-05T11:43:49+00:00\" \/>\n<meta name=\"twitter:card\" content=\"summary_large_image\" \/>\n<script type=\"application\/ld+json\" class=\"yoast-schema-graph\">{\"@context\":\"https:\\\/\\\/schema.org\",\"@graph\":[{\"@type\":\"WebPage\",\"@id\":\"https:\\\/\\\/www.kktavastia.fi\\\/lukiot-hameenlinnan-lyseo\\\/\",\"url\":\"https:\\\/\\\/www.kktavastia.fi\\\/lukiot-hameenlinnan-lyseo\\\/\",\"name\":\"H\u00e4meenlinnan lyseon lukio | Koulutuskuntayhtym\u00e4 Tavastia\",\"isPartOf\":{\"@id\":\"https:\\\/\\\/www.kktavastia.fi\\\/lukiot-hameenlinnan-lyseo\\\/#website\"},\"datePublished\":\"2020-12-29T09:07:07+00:00\",\"dateModified\":\"2026-02-05T11:43:49+00:00\",\"description\":\"H\u00e4meenlinnan lyseon lukio on osa Koulutuskuntayhtym\u00e4 Tavastiaa. Lyseon lukioon voi hakea kev\u00e4isin yhteishaussa. Tutustu lyseon lukioon!\",\"breadcrumb\":{\"@id\":\"https:\\\/\\\/www.kktavastia.fi\\\/lukiot-hameenlinnan-lyseo\\\/#breadcrumb\"},\"inLanguage\":\"fi\",\"potentialAction\":[{\"@type\":\"ReadAction\",\"target\":[\"https:\\\/\\\/www.kktavastia.fi\\\/lukiot-hameenlinnan-lyseo\\\/\"]}]},{\"@type\":\"BreadcrumbList\",\"@id\":\"https:\\\/\\\/www.kktavastia.fi\\\/lukiot-hameenlinnan-lyseo\\\/#breadcrumb\",\"itemListElement\":[{\"@type\":\"ListItem\",\"position\":1,\"name\":\"Home\",\"item\":\"https:\\\/\\\/www.kktavastia.fi\\\/lukiot-hameenlinnan-lyseo\\\/\"},{\"@type\":\"ListItem\",\"position\":2,\"name\":\"H\u00e4meenlinnan lyseon lukio\"}]},{\"@type\":\"WebSite\",\"@id\":\"https:\\\/\\\/www.kktavastia.fi\\\/lukiot-hameenlinnan-lyseo\\\/#website\",\"url\":\"https:\\\/\\\/www.kktavastia.fi\\\/lukiot-hameenlinnan-lyseo\\\/\",\"name\":\"H\u00e4meenlinnan lyseon lukio\",\"description\":\"\",\"potentialAction\":[{\"@type\":\"SearchAction\",\"target\":{\"@type\":\"EntryPoint\",\"urlTemplate\":\"https:\\\/\\\/www.kktavastia.fi\\\/lukiot-hameenlinnan-lyseo\\\/?s={search_term_string}\"},\"query-input\":{\"@type\":\"PropertyValueSpecification\",\"valueRequired\":true,\"valueName\":\"search_term_string\"}}],\"inLanguage\":\"fi\"}]}<\/script>","yoast_head_json":{"title":"H\u00e4meenlinnan lyseon lukio | Koulutuskuntayhtym\u00e4 Tavastia","description":"H\u00e4meenlinnan lyseon lukio on osa Koulutuskuntayhtym\u00e4 Tavastiaa. Lyseon lukioon voi hakea kev\u00e4isin yhteishaussa. Tutustu lyseon lukioon!","robots":{"index":"index","follow":"follow","max-snippet":"max-snippet:-1","max-image-preview":"max-image-preview:large","max-video-preview":"max-video-preview:-1"},"canonical":"https:\/\/www.kktavastia.fi\/lukiot-hameenlinnan-lyseo\/","og_locale":"fi_FI","og_type":"article","og_title":"H\u00e4meenlinnan lyseon lukio | Koulutuskuntayhtym\u00e4 Tavastia","og_description":"H\u00e4meenlinnan lyseon lukio on osa Koulutuskuntayhtym\u00e4 Tavastiaa. Lyseon lukioon voi hakea kev\u00e4isin yhteishaussa. Tutustu lyseon lukioon!","og_url":"https:\/\/www.kktavastia.fi\/lukiot-hameenlinnan-lyseo\/","og_site_name":"H\u00e4meenlinnan lyseon lukio","article_modified_time":"2026-02-05T11:43:49+00:00","twitter_card":"summary_large_image","schema":{"@context":"https:\/\/schema.org","@graph":[{"@type":"WebPage","@id":"https:\/\/www.kktavastia.fi\/lukiot-hameenlinnan-lyseo\/","url":"https:\/\/www.kktavastia.fi\/lukiot-hameenlinnan-lyseo\/","name":"H\u00e4meenlinnan lyseon lukio | Koulutuskuntayhtym\u00e4 Tavastia","isPartOf":{"@id":"https:\/\/www.kktavastia.fi\/lukiot-hameenlinnan-lyseo\/#website"},"datePublished":"2020-12-29T09:07:07+00:00","dateModified":"2026-02-05T11:43:49+00:00","description":"H\u00e4meenlinnan lyseon lukio on osa Koulutuskuntayhtym\u00e4 Tavastiaa. Lyseon lukioon voi hakea kev\u00e4isin yhteishaussa. Tutustu lyseon lukioon!","breadcrumb":{"@id":"https:\/\/www.kktavastia.fi\/lukiot-hameenlinnan-lyseo\/#breadcrumb"},"inLanguage":"fi","potentialAction":[{"@type":"ReadAction","target":["https:\/\/www.kktavastia.fi\/lukiot-hameenlinnan-lyseo\/"]}]},{"@type":"BreadcrumbList","@id":"https:\/\/www.kktavastia.fi\/lukiot-hameenlinnan-lyseo\/#breadcrumb","itemListElement":[{"@type":"ListItem","position":1,"name":"Home","item":"https:\/\/www.kktavastia.fi\/lukiot-hameenlinnan-lyseo\/"},{"@type":"ListItem","position":2,"name":"H\u00e4meenlinnan lyseon lukio"}]},{"@type":"WebSite","@id":"https:\/\/www.kktavastia.fi\/lukiot-hameenlinnan-lyseo\/#website","url":"https:\/\/www.kktavastia.fi\/lukiot-hameenlinnan-lyseo\/","name":"H\u00e4meenlinnan lyseon lukio","description":"","potentialAction":[{"@type":"SearchAction","target":{"@type":"EntryPoint","urlTemplate":"https:\/\/www.kktavastia.fi\/lukiot-hameenlinnan-lyseo\/?s={search_term_string}"},"query-input":{"@type":"PropertyValueSpecification","valueRequired":true,"valueName":"search_term_string"}}],"inLanguage":"fi"}]}},"_links":{"self":[{"href":"https:\/\/www.kktavastia.fi\/lukiot-hameenlinnan-lyseo\/wp-json\/wp\/v2\/pages\/4","targetHints":{"allow":["GET"]}}],"collection":[{"href":"https:\/\/www.kktavastia.fi\/lukiot-hameenlinnan-lyseo\/wp-json\/wp\/v2\/pages"}],"about":[{"href":"https:\/\/www.kktavastia.fi\/lukiot-hameenlinnan-lyseo\/wp-json\/wp\/v2\/types\/page"}],"author":[{"embeddable":true,"href":"https:\/\/www.kktavastia.fi\/lukiot-hameenlinnan-lyseo\/wp-json\/wp\/v2\/users\/6"}],"replies":[{"embeddable":true,"href":"https:\/\/www.kktavastia.fi\/lukiot-hameenlinnan-lyseo\/wp-json\/wp\/v2\/comments?post=4"}],"version-history":[{"count":25,"href":"https:\/\/www.kktavastia.fi\/lukiot-hameenlinnan-lyseo\/wp-json\/wp\/v2\/pages\/4\/revisions"}],"predecessor-version":[{"id":6085,"href":"https:\/\/www.kktavastia.fi\/lukiot-hameenlinnan-lyseo\/wp-json\/wp\/v2\/pages\/4\/revisions\/6085"}],"wp:attachment":[{"href":"https:\/\/www.kktavastia.fi\/lukiot-hameenlinnan-lyseo\/wp-json\/wp\/v2\/media?parent=4"}],"curies":[{"name":"wp","href":"https:\/\/api.w.org\/{rel}","templated":true}]}}