{"id":3739,"date":"2021-06-22T11:50:11","date_gmt":"2021-06-22T08:50:11","guid":{"rendered":"https:\/\/www.kktavastia.fi\/lukiot-hameenlinnan-lyseo\/?page_id=3739"},"modified":"2022-11-21T10:24:09","modified_gmt":"2022-11-21T08:24:09","slug":"hameenlinnan-lyseon-lukion-kalenteri","status":"publish","type":"page","link":"https:\/\/www.kktavastia.fi\/lukiot-hameenlinnan-lyseo\/hameenlinnan-lyseon-lukion-kalenteri\/","title":{"rendered":"H\u00e4meenlinnan lyseon lukion kalenteri"},"content":{"rendered":"\n<h3 class=\"wp-block-heading\">Loma-ajat, kirjoitukset, vanhojen tanssit, koeviikot jne. \u2013 rullaa sivua alasp\u00e4in!<\/h3>\n\n\n\n<p>T\u00e4\u00e4lt\u00e4 l\u00f6yd\u00e4t lukiolaisen arkeen liittyvi\u00e4 H\u00e4meenlinnan lyseon lukion yhteisi\u00e4 opiskeluissa huomioitavia asioita ja tapahtumia. Kalenteria p\u00e4ivitt\u00e4\u00e4 lyseon lukion henkil\u00f6kunta. Rullaa sivua alasp\u00e4in ja jos haluat lis\u00e4tietoa asiasta, mene nuolella tapahtuman p\u00e4\u00e4lle ja esiin ponnahtaa selitysteksti, jos sellainen on tehty. Kuukautta pystyt vaihtamaan kalenterin yl\u00e4reunasta oikealta. <\/p>\n\n\n\n<p>Jos huomaat kalenterissa virheit\u00e4 tai puutteita, ilmoita siit\u00e4 tiina.kivinen@kktavastia.fi \u2013 kiitos! <\/p>\n","protected":false},"excerpt":{"rendered":"<p>Loma-ajat, kirjoitukset, vanhojen tanssit, koeviikot jne. \u2013 rullaa sivua alasp\u00e4in! T\u00e4\u00e4lt\u00e4 l\u00f6yd\u00e4t lukiolaisen arkeen liittyvi\u00e4 H\u00e4meenlinnan lyseon lukion yhteisi\u00e4 opiskeluissa [&hellip;]<\/p>\n","protected":false},"author":3,"featured_media":0,"parent":0,"menu_order":6,"comment_status":"closed","ping_status":"closed","template":"template-modular.php","meta":{"_acf_changed":false,"_relevanssi_hide_post":"","_relevanssi_hide_content":"","_relevanssi_pin_for_all":"","_relevanssi_pin_keywords":"","_relevanssi_unpin_keywords":"","_relevanssi_related_keywords":"","_relevanssi_related_include_ids":"","_relevanssi_related_exclude_ids":"","_relevanssi_related_no_append":"","_relevanssi_related_not_related":"","_relevanssi_related_posts":"2604,2557,1725,2609,615,2400","_relevanssi_noindex_reason":"","footnotes":""},"class_list":["post-3739","page","type-page","status-publish","hentry"],"acf":[],"yoast_head":"<title>H\u00e4meenlinnan lyseon lukion kalenteri - H\u00e4meenlinnan lyseon lukio<\/title>\n<meta name=\"robots\" content=\"index, follow, max-snippet:-1, max-image-preview:large, max-video-preview:-1\" \/>\n<link rel=\"canonical\" href=\"https:\/\/www.kktavastia.fi\/lukiot-hameenlinnan-lyseo\/hameenlinnan-lyseon-lukion-kalenteri\/\" \/>\n<meta property=\"og:locale\" content=\"fi_FI\" \/>\n<meta property=\"og:type\" content=\"article\" \/>\n<meta property=\"og:title\" content=\"H\u00e4meenlinnan lyseon lukion kalenteri - H\u00e4meenlinnan lyseon lukio\" \/>\n<meta property=\"og:description\" content=\"Loma-ajat, kirjoitukset, vanhojen tanssit, koeviikot jne. \u2013 rullaa sivua alasp\u00e4in! T\u00e4\u00e4lt\u00e4 l\u00f6yd\u00e4t lukiolaisen arkeen liittyvi\u00e4 H\u00e4meenlinnan lyseon lukion yhteisi\u00e4 opiskeluissa [&hellip;]\" \/>\n<meta property=\"og:url\" content=\"https:\/\/www.kktavastia.fi\/lukiot-hameenlinnan-lyseo\/hameenlinnan-lyseon-lukion-kalenteri\/\" \/>\n<meta property=\"og:site_name\" content=\"H\u00e4meenlinnan lyseon lukio\" \/>\n<meta property=\"article:modified_time\" content=\"2022-11-21T08:24:09+00:00\" \/>\n<meta name=\"twitter:card\" content=\"summary_large_image\" \/>\n<script type=\"application\/ld+json\" class=\"yoast-schema-graph\">{\"@context\":\"https:\\\/\\\/schema.org\",\"@graph\":[{\"@type\":\"WebPage\",\"@id\":\"https:\\\/\\\/www.kktavastia.fi\\\/lukiot-hameenlinnan-lyseo\\\/hameenlinnan-lyseon-lukion-kalenteri\\\/\",\"url\":\"https:\\\/\\\/www.kktavastia.fi\\\/lukiot-hameenlinnan-lyseo\\\/hameenlinnan-lyseon-lukion-kalenteri\\\/\",\"name\":\"H\u00e4meenlinnan lyseon lukion kalenteri - H\u00e4meenlinnan lyseon lukio\",\"isPartOf\":{\"@id\":\"https:\\\/\\\/www.kktavastia.fi\\\/lukiot-hameenlinnan-lyseo\\\/#website\"},\"datePublished\":\"2021-06-22T08:50:11+00:00\",\"dateModified\":\"2022-11-21T08:24:09+00:00\",\"breadcrumb\":{\"@id\":\"https:\\\/\\\/www.kktavastia.fi\\\/lukiot-hameenlinnan-lyseo\\\/hameenlinnan-lyseon-lukion-kalenteri\\\/#breadcrumb\"},\"inLanguage\":\"fi\",\"potentialAction\":[{\"@type\":\"ReadAction\",\"target\":[\"https:\\\/\\\/www.kktavastia.fi\\\/lukiot-hameenlinnan-lyseo\\\/hameenlinnan-lyseon-lukion-kalenteri\\\/\"]}]},{\"@type\":\"BreadcrumbList\",\"@id\":\"https:\\\/\\\/www.kktavastia.fi\\\/lukiot-hameenlinnan-lyseo\\\/hameenlinnan-lyseon-lukion-kalenteri\\\/#breadcrumb\",\"itemListElement\":[{\"@type\":\"ListItem\",\"position\":1,\"name\":\"Home\",\"item\":\"https:\\\/\\\/www.kktavastia.fi\\\/lukiot-hameenlinnan-lyseo\\\/\"},{\"@type\":\"ListItem\",\"position\":2,\"name\":\"H\u00e4meenlinnan lyseon lukion kalenteri\"}]},{\"@type\":\"WebSite\",\"@id\":\"https:\\\/\\\/www.kktavastia.fi\\\/lukiot-hameenlinnan-lyseo\\\/#website\",\"url\":\"https:\\\/\\\/www.kktavastia.fi\\\/lukiot-hameenlinnan-lyseo\\\/\",\"name\":\"H\u00e4meenlinnan lyseon lukio\",\"description\":\"\",\"potentialAction\":[{\"@type\":\"SearchAction\",\"target\":{\"@type\":\"EntryPoint\",\"urlTemplate\":\"https:\\\/\\\/www.kktavastia.fi\\\/lukiot-hameenlinnan-lyseo\\\/?s={search_term_string}\"},\"query-input\":{\"@type\":\"PropertyValueSpecification\",\"valueRequired\":true,\"valueName\":\"search_term_string\"}}],\"inLanguage\":\"fi\"}]}<\/script>","yoast_head_json":{"title":"H\u00e4meenlinnan lyseon lukion kalenteri - H\u00e4meenlinnan lyseon lukio","robots":{"index":"index","follow":"follow","max-snippet":"max-snippet:-1","max-image-preview":"max-image-preview:large","max-video-preview":"max-video-preview:-1"},"canonical":"https:\/\/www.kktavastia.fi\/lukiot-hameenlinnan-lyseo\/hameenlinnan-lyseon-lukion-kalenteri\/","og_locale":"fi_FI","og_type":"article","og_title":"H\u00e4meenlinnan lyseon lukion kalenteri - H\u00e4meenlinnan lyseon lukio","og_description":"Loma-ajat, kirjoitukset, vanhojen tanssit, koeviikot jne. \u2013 rullaa sivua alasp\u00e4in! T\u00e4\u00e4lt\u00e4 l\u00f6yd\u00e4t lukiolaisen arkeen liittyvi\u00e4 H\u00e4meenlinnan lyseon lukion yhteisi\u00e4 opiskeluissa [&hellip;]","og_url":"https:\/\/www.kktavastia.fi\/lukiot-hameenlinnan-lyseo\/hameenlinnan-lyseon-lukion-kalenteri\/","og_site_name":"H\u00e4meenlinnan lyseon lukio","article_modified_time":"2022-11-21T08:24:09+00:00","twitter_card":"summary_large_image","schema":{"@context":"https:\/\/schema.org","@graph":[{"@type":"WebPage","@id":"https:\/\/www.kktavastia.fi\/lukiot-hameenlinnan-lyseo\/hameenlinnan-lyseon-lukion-kalenteri\/","url":"https:\/\/www.kktavastia.fi\/lukiot-hameenlinnan-lyseo\/hameenlinnan-lyseon-lukion-kalenteri\/","name":"H\u00e4meenlinnan lyseon lukion kalenteri - H\u00e4meenlinnan lyseon lukio","isPartOf":{"@id":"https:\/\/www.kktavastia.fi\/lukiot-hameenlinnan-lyseo\/#website"},"datePublished":"2021-06-22T08:50:11+00:00","dateModified":"2022-11-21T08:24:09+00:00","breadcrumb":{"@id":"https:\/\/www.kktavastia.fi\/lukiot-hameenlinnan-lyseo\/hameenlinnan-lyseon-lukion-kalenteri\/#breadcrumb"},"inLanguage":"fi","potentialAction":[{"@type":"ReadAction","target":["https:\/\/www.kktavastia.fi\/lukiot-hameenlinnan-lyseo\/hameenlinnan-lyseon-lukion-kalenteri\/"]}]},{"@type":"BreadcrumbList","@id":"https:\/\/www.kktavastia.fi\/lukiot-hameenlinnan-lyseo\/hameenlinnan-lyseon-lukion-kalenteri\/#breadcrumb","itemListElement":[{"@type":"ListItem","position":1,"name":"Home","item":"https:\/\/www.kktavastia.fi\/lukiot-hameenlinnan-lyseo\/"},{"@type":"ListItem","position":2,"name":"H\u00e4meenlinnan lyseon lukion kalenteri"}]},{"@type":"WebSite","@id":"https:\/\/www.kktavastia.fi\/lukiot-hameenlinnan-lyseo\/#website","url":"https:\/\/www.kktavastia.fi\/lukiot-hameenlinnan-lyseo\/","name":"H\u00e4meenlinnan lyseon lukio","description":"","potentialAction":[{"@type":"SearchAction","target":{"@type":"EntryPoint","urlTemplate":"https:\/\/www.kktavastia.fi\/lukiot-hameenlinnan-lyseo\/?s={search_term_string}"},"query-input":{"@type":"PropertyValueSpecification","valueRequired":true,"valueName":"search_term_string"}}],"inLanguage":"fi"}]}},"_links":{"self":[{"href":"https:\/\/www.kktavastia.fi\/lukiot-hameenlinnan-lyseo\/wp-json\/wp\/v2\/pages\/3739","targetHints":{"allow":["GET"]}}],"collection":[{"href":"https:\/\/www.kktavastia.fi\/lukiot-hameenlinnan-lyseo\/wp-json\/wp\/v2\/pages"}],"about":[{"href":"https:\/\/www.kktavastia.fi\/lukiot-hameenlinnan-lyseo\/wp-json\/wp\/v2\/types\/page"}],"author":[{"embeddable":true,"href":"https:\/\/www.kktavastia.fi\/lukiot-hameenlinnan-lyseo\/wp-json\/wp\/v2\/users\/3"}],"replies":[{"embeddable":true,"href":"https:\/\/www.kktavastia.fi\/lukiot-hameenlinnan-lyseo\/wp-json\/wp\/v2\/comments?post=3739"}],"version-history":[{"count":20,"href":"https:\/\/www.kktavastia.fi\/lukiot-hameenlinnan-lyseo\/wp-json\/wp\/v2\/pages\/3739\/revisions"}],"predecessor-version":[{"id":3837,"href":"https:\/\/www.kktavastia.fi\/lukiot-hameenlinnan-lyseo\/wp-json\/wp\/v2\/pages\/3739\/revisions\/3837"}],"wp:attachment":[{"href":"https:\/\/www.kktavastia.fi\/lukiot-hameenlinnan-lyseo\/wp-json\/wp\/v2\/media?parent=3739"}],"curies":[{"name":"wp","href":"https:\/\/api.w.org\/{rel}","templated":true}]}}