{"id":366,"date":"2021-01-15T12:59:02","date_gmt":"2021-01-15T10:59:02","guid":{"rendered":"https:\/\/kktavastia.vaiheessa.fi\/lukiot-hameenlinnan-lyseo\/?page_id=366"},"modified":"2025-12-19T11:41:11","modified_gmt":"2025-12-19T09:41:11","slug":"kansainvalisyys","status":"publish","type":"page","link":"https:\/\/www.kktavastia.fi\/lukiot-hameenlinnan-lyseo\/opiskelijalle\/kansainvalisyys\/","title":{"rendered":"Kansainv\u00e4lisyys"},"content":{"rendered":"\n<p class=\"is-style-ingress\">Kansainv\u00e4lisyys on osa lyseon lukion toimintaa. Opetuksessa t\u00e4m\u00e4 ilmenee muun muassa kansainv\u00e4lisesti ajankohtaisina teemoina sek\u00e4 kansainv\u00e4listen projektien ja opintomatkojen toteuttamisena. Kansainv\u00e4listen opiskelijavierailujen toteutuminen riippuu rahoituksesta, jota saadaan.  Oman arvokkaan lis\u00e4ns\u00e4 kansainv\u00e4lisyyteen ja erilaisiin kulttuureihin tuovat koulussa vuosittain opiskelevat vaihto-oppilaat.<\/p>\n\n\n\n<h3 class=\"wp-block-heading\">Kansainv\u00e4linen liikkuvuus<\/h3>\n\n\n\n<p>Lukiomme kansainv\u00e4liset projektit ovat kansainv\u00e4lisyyskasvatusta parhaimmillaan. Vuosittain tarjoamme ulkomaille suuntautuvia KV-projekteja, joihin halukkailla on mahdollisuus osallistua. Kaikkiin projekteihin kuuluu opiskelijan taloudellinen omavastuuosuus, joka sitouttaa projektity\u00f6h\u00f6n. Yst\u00e4vyyskoulujen projekteissa on kahdensuuntainen vaihto; majoitumme perheisiin ja vastavierailun aikana lukiolaisten perheet majoittavat ulkomaisia vieraita.&nbsp;<\/p>\n\n\n\n<p>Lukuvuonna 2025-2026 vierailimme opiskelijoiden kanssa Saksassa, Ranskassa, Italiassa ja uutena tulossa Kiina sek\u00e4 mahdollisesti Intia. Seuraavana lukuvuonna 25-26 vaihtoprojekteja toteutetaan Saksaan, Ranskaan, Italiaan, It\u00e4valtaan. Urheilijavaihto Sloveniaan j\u00e4rjestet\u00e4\u00e4n, jos l\u00e4htij\u00f6it\u00e4 on riitt\u00e4v\u00e4sti.<br><\/p>\n\n\n\n<h4 class=\"wp-block-heading\">Erasmus-akkreditointi<\/h4>\n\n\n\n<p>Opetushallitus on my\u00f6nt\u00e4nyt organisaatiollemme Erasmus-akkreditoinnin. Akkreditoidut organisaatiot voivat hakea omasta kiinti\u00f6st\u00e4\u00e4n rahoitusta liikkuvuuteen Erasmus+ -ohjelman yleissivist\u00e4v\u00e4n koulutuksen KA1-hauissa koko ohjelmakaudelle 2021-2027.<\/p>\n\n\n\n<h3 class=\"wp-block-heading\">Vaihto-oppilaaksi ulkomaille?<\/h3>\n\n\n\n<p>Vaihto-oppilasvuoden lukiotasoisista opinnoista anotaan erikseen hyv\u00e4ksilukuja lukio-opintoihin. Kun anomusta hyv\u00e4ksytt\u00e4vist\u00e4 ulkomaisista opinnoista tekee, tulee opiskelusuorituksista olla selke\u00e4 eritelty n\u00e4ytt\u00f6: opiskelupaikan taso, kurssin laatu ja kesto tunteina, arviointi ja\/tai osallistuminen poissaoloineen sek\u00e4 suoritustaso.<\/p>\n\n\n\n<p>Ilman edell\u00e4 mainittuja tietojen ilmenemist\u00e4 todistuksesta vaihto-oppilasvuoden opintoja ei voida lukea hyv\u00e4ksi lukio-oppim\u00e4\u00e4r\u00e4\u00e4n. Vaihto-oppilasvuodesta voidaan laskea kertyv\u00e4n 1\u20138 lukiokurssia riippuen vuoden aikana opiskelluista kursseista.<\/p>\n\n\n\n<p>Jos olet l\u00e4hd\u00f6ss\u00e4 vaihto-opiskelijaksi ulkomaille, sinun tulee tehd\u00e4 anomus vuoden poissaolosta rehtorilta. Anomus on vapaamuotoinen ja alaik\u00e4isen kohdalla anomuksen tekee huoltaja. Anomus pit\u00e4\u00e4 tehd\u00e4 heti, kun vaihto-oppilasvaihto on varmistunut.<\/p>\n\n\n\n<figure class=\"wp-block-image size-large is-resized\"><img loading=\"lazy\" decoding=\"async\" width=\"1024\" height=\"456\" src=\"https:\/\/www.kktavastia.fi\/media\/sites\/8\/erasmus_plus_akkreditoitu-organisaatio_logo_vaaleansininen_fi-1024x456.jpg\" alt=\"\" class=\"wp-image-5150\" style=\"width:undefinedpx;height:100px\" srcset=\"https:\/\/www.kktavastia.fi\/media\/sites\/8\/erasmus_plus_akkreditoitu-organisaatio_logo_vaaleansininen_fi-1024x456.jpg 1024w, https:\/\/www.kktavastia.fi\/media\/sites\/8\/erasmus_plus_akkreditoitu-organisaatio_logo_vaaleansininen_fi-300x134.jpg 300w, https:\/\/www.kktavastia.fi\/media\/sites\/8\/erasmus_plus_akkreditoitu-organisaatio_logo_vaaleansininen_fi-768x342.jpg 768w, https:\/\/www.kktavastia.fi\/media\/sites\/8\/erasmus_plus_akkreditoitu-organisaatio_logo_vaaleansininen_fi-1536x684.jpg 1536w, https:\/\/www.kktavastia.fi\/media\/sites\/8\/erasmus_plus_akkreditoitu-organisaatio_logo_vaaleansininen_fi-460x205.jpg 460w, https:\/\/www.kktavastia.fi\/media\/sites\/8\/erasmus_plus_akkreditoitu-organisaatio_logo_vaaleansininen_fi-20x9.jpg 20w, https:\/\/www.kktavastia.fi\/media\/sites\/8\/erasmus_plus_akkreditoitu-organisaatio_logo_vaaleansininen_fi.jpg 1986w\" sizes=\"auto, (max-width: 1024px) 100vw, 1024px\" \/><\/figure>\n\n\n\n<h3 class=\"wp-block-heading\">Kotikansainv\u00e4lisyys<\/h3>\n\n\n\n<p>Lukiossamme kokoontuu joka toinen viikko kansainv\u00e4lisyyskerho GLOBE klubi. Lis\u00e4\u00e4 toiminnasta tiedotetaan lukuvuoden alussa. Olethan kuulolla!<\/p>\n","protected":false},"excerpt":{"rendered":"<p>Kansainv\u00e4lisyys on osa lyseon lukion toimintaa. Opetuksessa t\u00e4m\u00e4 ilmenee muun muassa kansainv\u00e4lisesti ajankohtaisina teemoina sek\u00e4 kansainv\u00e4listen projektien ja opintomatkojen toteuttamisena. [&hellip;]<\/p>\n","protected":false},"author":6,"featured_media":5444,"parent":77,"menu_order":7,"comment_status":"closed","ping_status":"closed","template":"","meta":{"_acf_changed":false,"_relevanssi_hide_post":"","_relevanssi_hide_content":"","_relevanssi_pin_for_all":"","_relevanssi_pin_keywords":"","_relevanssi_unpin_keywords":"","_relevanssi_related_keywords":"","_relevanssi_related_include_ids":"","_relevanssi_related_exclude_ids":"","_relevanssi_related_no_append":"","_relevanssi_related_not_related":"","_relevanssi_related_posts":"33","_relevanssi_noindex_reason":"","footnotes":""},"class_list":["post-366","page","type-page","status-publish","has-post-thumbnail","hentry"],"acf":[],"yoast_head":"<title>Kansainv\u00e4lisyys H\u00e4meenlinnan lyseon lukiossa | Vaihto-oppilaaksi<\/title>\n<meta name=\"description\" content=\"Kansainv\u00e4lisyys H\u00e4meenlinnan lyseon lukiossa tarkoittaa mm. projekteja ja vaihto-oppilastoimintaa. Tutustu lis\u00e4\u00e4!\" \/>\n<meta name=\"robots\" content=\"index, follow, max-snippet:-1, max-image-preview:large, max-video-preview:-1\" \/>\n<link rel=\"canonical\" href=\"https:\/\/www.kktavastia.fi\/lukiot-hameenlinnan-lyseo\/opiskelijalle\/kansainvalisyys\/\" \/>\n<meta property=\"og:locale\" content=\"fi_FI\" \/>\n<meta property=\"og:type\" content=\"article\" \/>\n<meta property=\"og:title\" content=\"Kansainv\u00e4lisyys H\u00e4meenlinnan lyseon lukiossa | Vaihto-oppilaaksi\" \/>\n<meta property=\"og:description\" content=\"Kansainv\u00e4lisyys H\u00e4meenlinnan lyseon lukiossa tarkoittaa mm. projekteja ja vaihto-oppilastoimintaa. Tutustu lis\u00e4\u00e4!\" \/>\n<meta property=\"og:url\" content=\"https:\/\/www.kktavastia.fi\/lukiot-hameenlinnan-lyseo\/opiskelijalle\/kansainvalisyys\/\" \/>\n<meta property=\"og:site_name\" content=\"H\u00e4meenlinnan lyseon lukio\" \/>\n<meta property=\"article:modified_time\" content=\"2025-12-19T09:41:11+00:00\" \/>\n<meta property=\"og:image\" content=\"https:\/\/www.kktavastia.fi\/media\/sites\/8\/globe-klubi-mainos-scaled.jpg\" \/>\n\t<meta property=\"og:image:width\" content=\"2560\" \/>\n\t<meta property=\"og:image:height\" content=\"1440\" \/>\n\t<meta property=\"og:image:type\" content=\"image\/jpeg\" \/>\n<meta name=\"twitter:card\" content=\"summary_large_image\" \/>\n<script type=\"application\/ld+json\" class=\"yoast-schema-graph\">{\"@context\":\"https:\\\/\\\/schema.org\",\"@graph\":[{\"@type\":\"WebPage\",\"@id\":\"https:\\\/\\\/www.kktavastia.fi\\\/lukiot-hameenlinnan-lyseo\\\/opiskelijalle\\\/kansainvalisyys\\\/\",\"url\":\"https:\\\/\\\/www.kktavastia.fi\\\/lukiot-hameenlinnan-lyseo\\\/opiskelijalle\\\/kansainvalisyys\\\/\",\"name\":\"Kansainv\u00e4lisyys H\u00e4meenlinnan lyseon lukiossa | Vaihto-oppilaaksi\",\"isPartOf\":{\"@id\":\"https:\\\/\\\/www.kktavastia.fi\\\/lukiot-hameenlinnan-lyseo\\\/#website\"},\"primaryImageOfPage\":{\"@id\":\"https:\\\/\\\/www.kktavastia.fi\\\/lukiot-hameenlinnan-lyseo\\\/opiskelijalle\\\/kansainvalisyys\\\/#primaryimage\"},\"image\":{\"@id\":\"https:\\\/\\\/www.kktavastia.fi\\\/lukiot-hameenlinnan-lyseo\\\/opiskelijalle\\\/kansainvalisyys\\\/#primaryimage\"},\"thumbnailUrl\":\"https:\\\/\\\/www.kktavastia.fi\\\/media\\\/sites\\\/8\\\/globe-klubi-mainos-scaled.jpg\",\"datePublished\":\"2021-01-15T10:59:02+00:00\",\"dateModified\":\"2025-12-19T09:41:11+00:00\",\"description\":\"Kansainv\u00e4lisyys H\u00e4meenlinnan lyseon lukiossa tarkoittaa mm. projekteja ja vaihto-oppilastoimintaa. Tutustu lis\u00e4\u00e4!\",\"breadcrumb\":{\"@id\":\"https:\\\/\\\/www.kktavastia.fi\\\/lukiot-hameenlinnan-lyseo\\\/opiskelijalle\\\/kansainvalisyys\\\/#breadcrumb\"},\"inLanguage\":\"fi\",\"potentialAction\":[{\"@type\":\"ReadAction\",\"target\":[\"https:\\\/\\\/www.kktavastia.fi\\\/lukiot-hameenlinnan-lyseo\\\/opiskelijalle\\\/kansainvalisyys\\\/\"]}]},{\"@type\":\"ImageObject\",\"inLanguage\":\"fi\",\"@id\":\"https:\\\/\\\/www.kktavastia.fi\\\/lukiot-hameenlinnan-lyseo\\\/opiskelijalle\\\/kansainvalisyys\\\/#primaryimage\",\"url\":\"https:\\\/\\\/www.kktavastia.fi\\\/media\\\/sites\\\/8\\\/globe-klubi-mainos-scaled.jpg\",\"contentUrl\":\"https:\\\/\\\/www.kktavastia.fi\\\/media\\\/sites\\\/8\\\/globe-klubi-mainos-scaled.jpg\",\"width\":2560,\"height\":1440},{\"@type\":\"BreadcrumbList\",\"@id\":\"https:\\\/\\\/www.kktavastia.fi\\\/lukiot-hameenlinnan-lyseo\\\/opiskelijalle\\\/kansainvalisyys\\\/#breadcrumb\",\"itemListElement\":[{\"@type\":\"ListItem\",\"position\":1,\"name\":\"Home\",\"item\":\"https:\\\/\\\/www.kktavastia.fi\\\/lukiot-hameenlinnan-lyseo\\\/\"},{\"@type\":\"ListItem\",\"position\":2,\"name\":\"Opiskelijalle\",\"item\":\"https:\\\/\\\/www.kktavastia.fi\\\/lukiot-hameenlinnan-lyseo\\\/opiskelijalle\\\/\"},{\"@type\":\"ListItem\",\"position\":3,\"name\":\"Kansainv\u00e4lisyys\"}]},{\"@type\":\"WebSite\",\"@id\":\"https:\\\/\\\/www.kktavastia.fi\\\/lukiot-hameenlinnan-lyseo\\\/#website\",\"url\":\"https:\\\/\\\/www.kktavastia.fi\\\/lukiot-hameenlinnan-lyseo\\\/\",\"name\":\"H\u00e4meenlinnan lyseon lukio\",\"description\":\"\",\"potentialAction\":[{\"@type\":\"SearchAction\",\"target\":{\"@type\":\"EntryPoint\",\"urlTemplate\":\"https:\\\/\\\/www.kktavastia.fi\\\/lukiot-hameenlinnan-lyseo\\\/?s={search_term_string}\"},\"query-input\":{\"@type\":\"PropertyValueSpecification\",\"valueRequired\":true,\"valueName\":\"search_term_string\"}}],\"inLanguage\":\"fi\"}]}<\/script>","yoast_head_json":{"title":"Kansainv\u00e4lisyys H\u00e4meenlinnan lyseon lukiossa | Vaihto-oppilaaksi","description":"Kansainv\u00e4lisyys H\u00e4meenlinnan lyseon lukiossa tarkoittaa mm. projekteja ja vaihto-oppilastoimintaa. Tutustu lis\u00e4\u00e4!","robots":{"index":"index","follow":"follow","max-snippet":"max-snippet:-1","max-image-preview":"max-image-preview:large","max-video-preview":"max-video-preview:-1"},"canonical":"https:\/\/www.kktavastia.fi\/lukiot-hameenlinnan-lyseo\/opiskelijalle\/kansainvalisyys\/","og_locale":"fi_FI","og_type":"article","og_title":"Kansainv\u00e4lisyys H\u00e4meenlinnan lyseon lukiossa | Vaihto-oppilaaksi","og_description":"Kansainv\u00e4lisyys H\u00e4meenlinnan lyseon lukiossa tarkoittaa mm. projekteja ja vaihto-oppilastoimintaa. Tutustu lis\u00e4\u00e4!","og_url":"https:\/\/www.kktavastia.fi\/lukiot-hameenlinnan-lyseo\/opiskelijalle\/kansainvalisyys\/","og_site_name":"H\u00e4meenlinnan lyseon lukio","article_modified_time":"2025-12-19T09:41:11+00:00","og_image":[{"width":2560,"height":1440,"url":"https:\/\/www.kktavastia.fi\/media\/sites\/8\/globe-klubi-mainos-scaled.jpg","type":"image\/jpeg"}],"twitter_card":"summary_large_image","schema":{"@context":"https:\/\/schema.org","@graph":[{"@type":"WebPage","@id":"https:\/\/www.kktavastia.fi\/lukiot-hameenlinnan-lyseo\/opiskelijalle\/kansainvalisyys\/","url":"https:\/\/www.kktavastia.fi\/lukiot-hameenlinnan-lyseo\/opiskelijalle\/kansainvalisyys\/","name":"Kansainv\u00e4lisyys H\u00e4meenlinnan lyseon lukiossa | Vaihto-oppilaaksi","isPartOf":{"@id":"https:\/\/www.kktavastia.fi\/lukiot-hameenlinnan-lyseo\/#website"},"primaryImageOfPage":{"@id":"https:\/\/www.kktavastia.fi\/lukiot-hameenlinnan-lyseo\/opiskelijalle\/kansainvalisyys\/#primaryimage"},"image":{"@id":"https:\/\/www.kktavastia.fi\/lukiot-hameenlinnan-lyseo\/opiskelijalle\/kansainvalisyys\/#primaryimage"},"thumbnailUrl":"https:\/\/www.kktavastia.fi\/media\/sites\/8\/globe-klubi-mainos-scaled.jpg","datePublished":"2021-01-15T10:59:02+00:00","dateModified":"2025-12-19T09:41:11+00:00","description":"Kansainv\u00e4lisyys H\u00e4meenlinnan lyseon lukiossa tarkoittaa mm. projekteja ja vaihto-oppilastoimintaa. Tutustu lis\u00e4\u00e4!","breadcrumb":{"@id":"https:\/\/www.kktavastia.fi\/lukiot-hameenlinnan-lyseo\/opiskelijalle\/kansainvalisyys\/#breadcrumb"},"inLanguage":"fi","potentialAction":[{"@type":"ReadAction","target":["https:\/\/www.kktavastia.fi\/lukiot-hameenlinnan-lyseo\/opiskelijalle\/kansainvalisyys\/"]}]},{"@type":"ImageObject","inLanguage":"fi","@id":"https:\/\/www.kktavastia.fi\/lukiot-hameenlinnan-lyseo\/opiskelijalle\/kansainvalisyys\/#primaryimage","url":"https:\/\/www.kktavastia.fi\/media\/sites\/8\/globe-klubi-mainos-scaled.jpg","contentUrl":"https:\/\/www.kktavastia.fi\/media\/sites\/8\/globe-klubi-mainos-scaled.jpg","width":2560,"height":1440},{"@type":"BreadcrumbList","@id":"https:\/\/www.kktavastia.fi\/lukiot-hameenlinnan-lyseo\/opiskelijalle\/kansainvalisyys\/#breadcrumb","itemListElement":[{"@type":"ListItem","position":1,"name":"Home","item":"https:\/\/www.kktavastia.fi\/lukiot-hameenlinnan-lyseo\/"},{"@type":"ListItem","position":2,"name":"Opiskelijalle","item":"https:\/\/www.kktavastia.fi\/lukiot-hameenlinnan-lyseo\/opiskelijalle\/"},{"@type":"ListItem","position":3,"name":"Kansainv\u00e4lisyys"}]},{"@type":"WebSite","@id":"https:\/\/www.kktavastia.fi\/lukiot-hameenlinnan-lyseo\/#website","url":"https:\/\/www.kktavastia.fi\/lukiot-hameenlinnan-lyseo\/","name":"H\u00e4meenlinnan lyseon lukio","description":"","potentialAction":[{"@type":"SearchAction","target":{"@type":"EntryPoint","urlTemplate":"https:\/\/www.kktavastia.fi\/lukiot-hameenlinnan-lyseo\/?s={search_term_string}"},"query-input":{"@type":"PropertyValueSpecification","valueRequired":true,"valueName":"search_term_string"}}],"inLanguage":"fi"}]}},"_links":{"self":[{"href":"https:\/\/www.kktavastia.fi\/lukiot-hameenlinnan-lyseo\/wp-json\/wp\/v2\/pages\/366","targetHints":{"allow":["GET"]}}],"collection":[{"href":"https:\/\/www.kktavastia.fi\/lukiot-hameenlinnan-lyseo\/wp-json\/wp\/v2\/pages"}],"about":[{"href":"https:\/\/www.kktavastia.fi\/lukiot-hameenlinnan-lyseo\/wp-json\/wp\/v2\/types\/page"}],"author":[{"embeddable":true,"href":"https:\/\/www.kktavastia.fi\/lukiot-hameenlinnan-lyseo\/wp-json\/wp\/v2\/users\/6"}],"replies":[{"embeddable":true,"href":"https:\/\/www.kktavastia.fi\/lukiot-hameenlinnan-lyseo\/wp-json\/wp\/v2\/comments?post=366"}],"version-history":[{"count":19,"href":"https:\/\/www.kktavastia.fi\/lukiot-hameenlinnan-lyseo\/wp-json\/wp\/v2\/pages\/366\/revisions"}],"predecessor-version":[{"id":6051,"href":"https:\/\/www.kktavastia.fi\/lukiot-hameenlinnan-lyseo\/wp-json\/wp\/v2\/pages\/366\/revisions\/6051"}],"up":[{"embeddable":true,"href":"https:\/\/www.kktavastia.fi\/lukiot-hameenlinnan-lyseo\/wp-json\/wp\/v2\/pages\/77"}],"wp:featuredmedia":[{"embeddable":true,"href":"https:\/\/www.kktavastia.fi\/lukiot-hameenlinnan-lyseo\/wp-json\/wp\/v2\/media\/5444"}],"wp:attachment":[{"href":"https:\/\/www.kktavastia.fi\/lukiot-hameenlinnan-lyseo\/wp-json\/wp\/v2\/media?parent=366"}],"curies":[{"name":"wp","href":"https:\/\/api.w.org\/{rel}","templated":true}]}}