{"id":3613,"date":"2021-06-15T13:53:06","date_gmt":"2021-06-15T10:53:06","guid":{"rendered":"https:\/\/www.kktavastia.fi\/lukiot-hameenlinnan-lyseo\/?page_id=3613"},"modified":"2025-08-11T14:51:20","modified_gmt":"2025-08-11T11:51:20","slug":"opinto-ohjaus","status":"publish","type":"page","link":"https:\/\/www.kktavastia.fi\/lukiot-hameenlinnan-lyseo\/opetus\/opinto-ohjaus\/","title":{"rendered":"Opinto-ohjaus"},"content":{"rendered":"\n<p>Opinto-ohjaajat:<\/p>\n\n\n\n<ul class=\"wp-block-list\">\n<li>Anne Ahvenharju, puh. 040 8696 205, anne.ahvenharju@kktavastia.fi<\/li>\n\n\n\n<li>Tiina M\u00e4ki,&nbsp;puh. 040 8667 709, tiina.maki@kktavastia.fi<\/li>\n\n\n\n<li>Kukka Tast, puh. 044 3443 061, kukka.tast@kktavastia.fi<\/li>\n<\/ul>\n\n\n\n<p>Opinto-ohjaajien M\u00e4ki ja Ahvenharju ty\u00f6huoneet sijaitsevat G-rakennuksen 1. kerroksessa p\u00e4\u00e4ovesta tullessa oikealla (lasiovi) ja k\u00e4yt\u00e4v\u00e4n p\u00e4\u00e4ss\u00e4. Opinto-ohjaaja Kukka Tast toimii sek\u00e4 p\u00e4iv\u00e4lukiossa ett\u00e4 my\u00f6s aikuislinjalla. H\u00e4nen ty\u00f6huoneensa l\u00f6yd\u00e4t 2.krs:sta lukion kanslian vierest\u00e4.<\/p>\n\n\n\n<p>Yksil\u00f6ohjaus<\/p>\n\n\n\n<p>Henkil\u00f6kohtaiseen ohjaukseen aika varataan s\u00e4hk\u00f6isen ajanvarauksen kautta. Henkil\u00f6kohtaisessa ohjauksessa&nbsp;voit keskustella opintoihisi, koulutusvalintoihisi sek\u00e4 ammatti- ja urasuunnitteluusi, tulevaisuuteesi ja el\u00e4m\u00e4ntilanteeseesi liittyvist\u00e4 kysymyksist\u00e4 opinto-ohjaajasi kanssa.<\/p>\n\n\n\n<p><a href=\"https:\/\/outlook.office365.com\/owa\/calendar\/Tavastianlukionopojenajanvaraus@livekktavastia.onmicrosoft.com\/bookings\/\">S\u00e4hk\u00f6inen ajanvaraus<\/a><\/p>\n\n\n\n<p>Jos yll\u00e4oleva linkkaus s\u00e4hk\u00f6iseen ajanvaraukseen ei toimi, etsi opojen ajanvaraus opiskelijan pikalinkeist\u00e4 kktavastian etusivulta v\u00e4lilehdelt\u00e4 OPISKELIJALLE+&nbsp;<a href=\"https:\/\/www.kktavastia.fi\/opiskelijalle\/\">https:\/\/www.kktavastia.fi\/opiskelijalle\/<\/a><\/p>\n\n\n\n<p>Opinto-ohjauksen opintojaksot<\/p>\n\n\n\n<ul class=\"wp-block-list\">\n<li>OP1 Min\u00e4 opiskelijana<\/li>\n\n\n\n<li>OP2 Jatko-opinnot ja ty\u00f6el\u00e4m\u00e4<\/li>\n\n\n\n<li>OP3 Tuutor-opintojakso<\/li>\n<\/ul>\n\n\n\n<p>Jokaisen opiskelijan opintoihin kuuluu pakollisena&nbsp;kaksi opinto-ohjauksen opintojaksoa (OP1 ja OP2).&nbsp;N\u00e4m\u00e4 toteutuvat luokkatunteina sek\u00e4 pienryhm\u00e4- ja henkil\u00f6kohtaisena ohjauksena. Opinto-ohjauksen oppitunneilla k\u00e4sitell\u00e4\u00e4n kaikkia opiskelijoita koskevia opinto-ohjauksen kysymyksi\u00e4. Saat mm. perustiedot ylioppilastutkinnosta ja jatko-opinnoista sek\u00e4 tietoa opintojen rakenteista, koulutusaloista ja hakumenettelyist\u00e4 eri oppilaitoksiin. OP1-opintojakson oppitunteja on ensimm\u00e4isen vuoden kahdessa ensimm\u00e4isess\u00e4 jaksossa. OP1-opintojakso jatkuu toisen vuoden syksyyn saakka. OP2-opintojaksolla opiskellaan toisen vuoden kev\u00e4\u00e4ll\u00e4 ja kolmantena vuonna.&nbsp; OP2-opintojaksoon kuuluu toisen vuoden kev\u00e4\u00e4ll\u00e4 TET-jakso ja urailtap\u00e4iv\u00e4 sek\u00e4 kolmantena vuonna jatko-opintoiltap\u00e4iv\u00e4. Osan ohjauksesta antavat ryhm\u00e4nohjaajat, jotka ryhm\u00e4nohjaustuokioissa auttavat mm. opintovalintojen suunnittelussa.<\/p>\n\n\n\n<p>Pienryhm\u00e4ohjaus<\/p>\n\n\n\n<p>Samalle koulutusalalle, koulutustasolle tai samaan koulutusohjelmaan pyrkivien ohjausmuotona voidaan k\u00e4ytt\u00e4\u00e4 pienryhm\u00e4ohjausta.<\/p>\n\n\n\n<p>Tutustuminen jatko-opintoihin ja ty\u00f6el\u00e4m\u00e4\u00e4n<\/p>\n\n\n\n<p>Opinto-ohjauksen opintojaksoihin sis\u00e4ltyy vierailuja oppilaitoksiin ja ty\u00f6paikoille, messuk\u00e4yntej\u00e4 sek\u00e4 koulussamme j\u00e4rjestettyj\u00e4 tilaisuuksia, joissa vierailijat esittelev\u00e4t oman alansa koulutusta ja ammatteja.<\/p>\n\n\n\n<p>paikoille, messuk\u00e4yntej\u00e4 sek\u00e4 koulussamme j\u00e4rjestettyj\u00e4 tilaisuuksia, joissa vierailijat esittelev\u00e4t oman alansa koulutusta ja ammatteja.<\/p>\n","protected":false},"excerpt":{"rendered":"<p>Opinto-ohjaajat: Opinto-ohjaajien M\u00e4ki ja Ahvenharju ty\u00f6huoneet sijaitsevat G-rakennuksen 1. kerroksessa p\u00e4\u00e4ovesta tullessa oikealla (lasiovi) ja k\u00e4yt\u00e4v\u00e4n p\u00e4\u00e4ss\u00e4. Opinto-ohjaaja Kukka Tast [&hellip;]<\/p>\n","protected":false},"author":25,"featured_media":0,"parent":59,"menu_order":4,"comment_status":"closed","ping_status":"closed","template":"","meta":{"_acf_changed":false,"_relevanssi_hide_post":"","_relevanssi_hide_content":"","_relevanssi_pin_for_all":"","_relevanssi_pin_keywords":"","_relevanssi_unpin_keywords":"","_relevanssi_related_keywords":"","_relevanssi_related_include_ids":"","_relevanssi_related_exclude_ids":"","_relevanssi_related_no_append":"","_relevanssi_related_not_related":"","_relevanssi_related_posts":"1478,1658,1745,2121,1770,2033","_relevanssi_noindex_reason":"","footnotes":""},"class_list":["post-3613","page","type-page","status-publish","hentry"],"acf":[],"yoast_head":"<title>Opinto-ohjaus - H\u00e4meenlinnan lyseon lukio<\/title>\n<meta name=\"robots\" content=\"index, follow, max-snippet:-1, max-image-preview:large, max-video-preview:-1\" \/>\n<link rel=\"canonical\" href=\"https:\/\/www.kktavastia.fi\/lukiot-hameenlinnan-lyseo\/opetus\/opinto-ohjaus\/\" \/>\n<meta property=\"og:locale\" content=\"fi_FI\" \/>\n<meta property=\"og:type\" content=\"article\" \/>\n<meta property=\"og:title\" content=\"Opinto-ohjaus - H\u00e4meenlinnan lyseon lukio\" \/>\n<meta property=\"og:description\" content=\"Opinto-ohjaajat: Opinto-ohjaajien M\u00e4ki ja Ahvenharju ty\u00f6huoneet sijaitsevat G-rakennuksen 1. kerroksessa p\u00e4\u00e4ovesta tullessa oikealla (lasiovi) ja k\u00e4yt\u00e4v\u00e4n p\u00e4\u00e4ss\u00e4. Opinto-ohjaaja Kukka Tast [&hellip;]\" \/>\n<meta property=\"og:url\" content=\"https:\/\/www.kktavastia.fi\/lukiot-hameenlinnan-lyseo\/opetus\/opinto-ohjaus\/\" \/>\n<meta property=\"og:site_name\" content=\"H\u00e4meenlinnan lyseon lukio\" \/>\n<meta property=\"article:modified_time\" content=\"2025-08-11T11:51:20+00:00\" \/>\n<meta name=\"twitter:card\" content=\"summary_large_image\" \/>\n<script type=\"application\/ld+json\" class=\"yoast-schema-graph\">{\"@context\":\"https:\\\/\\\/schema.org\",\"@graph\":[{\"@type\":\"WebPage\",\"@id\":\"https:\\\/\\\/www.kktavastia.fi\\\/lukiot-hameenlinnan-lyseo\\\/opetus\\\/opinto-ohjaus\\\/\",\"url\":\"https:\\\/\\\/www.kktavastia.fi\\\/lukiot-hameenlinnan-lyseo\\\/opetus\\\/opinto-ohjaus\\\/\",\"name\":\"Opinto-ohjaus - H\u00e4meenlinnan lyseon lukio\",\"isPartOf\":{\"@id\":\"https:\\\/\\\/www.kktavastia.fi\\\/lukiot-hameenlinnan-lyseo\\\/#website\"},\"datePublished\":\"2021-06-15T10:53:06+00:00\",\"dateModified\":\"2025-08-11T11:51:20+00:00\",\"breadcrumb\":{\"@id\":\"https:\\\/\\\/www.kktavastia.fi\\\/lukiot-hameenlinnan-lyseo\\\/opetus\\\/opinto-ohjaus\\\/#breadcrumb\"},\"inLanguage\":\"fi\",\"potentialAction\":[{\"@type\":\"ReadAction\",\"target\":[\"https:\\\/\\\/www.kktavastia.fi\\\/lukiot-hameenlinnan-lyseo\\\/opetus\\\/opinto-ohjaus\\\/\"]}]},{\"@type\":\"BreadcrumbList\",\"@id\":\"https:\\\/\\\/www.kktavastia.fi\\\/lukiot-hameenlinnan-lyseo\\\/opetus\\\/opinto-ohjaus\\\/#breadcrumb\",\"itemListElement\":[{\"@type\":\"ListItem\",\"position\":1,\"name\":\"Home\",\"item\":\"https:\\\/\\\/www.kktavastia.fi\\\/lukiot-hameenlinnan-lyseo\\\/\"},{\"@type\":\"ListItem\",\"position\":2,\"name\":\"Opetus ja ohjaus\",\"item\":\"https:\\\/\\\/www.kktavastia.fi\\\/lukiot-hameenlinnan-lyseo\\\/opetus\\\/\"},{\"@type\":\"ListItem\",\"position\":3,\"name\":\"Opinto-ohjaus\"}]},{\"@type\":\"WebSite\",\"@id\":\"https:\\\/\\\/www.kktavastia.fi\\\/lukiot-hameenlinnan-lyseo\\\/#website\",\"url\":\"https:\\\/\\\/www.kktavastia.fi\\\/lukiot-hameenlinnan-lyseo\\\/\",\"name\":\"H\u00e4meenlinnan lyseon lukio\",\"description\":\"\",\"potentialAction\":[{\"@type\":\"SearchAction\",\"target\":{\"@type\":\"EntryPoint\",\"urlTemplate\":\"https:\\\/\\\/www.kktavastia.fi\\\/lukiot-hameenlinnan-lyseo\\\/?s={search_term_string}\"},\"query-input\":{\"@type\":\"PropertyValueSpecification\",\"valueRequired\":true,\"valueName\":\"search_term_string\"}}],\"inLanguage\":\"fi\"}]}<\/script>","yoast_head_json":{"title":"Opinto-ohjaus - H\u00e4meenlinnan lyseon lukio","robots":{"index":"index","follow":"follow","max-snippet":"max-snippet:-1","max-image-preview":"max-image-preview:large","max-video-preview":"max-video-preview:-1"},"canonical":"https:\/\/www.kktavastia.fi\/lukiot-hameenlinnan-lyseo\/opetus\/opinto-ohjaus\/","og_locale":"fi_FI","og_type":"article","og_title":"Opinto-ohjaus - H\u00e4meenlinnan lyseon lukio","og_description":"Opinto-ohjaajat: Opinto-ohjaajien M\u00e4ki ja Ahvenharju ty\u00f6huoneet sijaitsevat G-rakennuksen 1. kerroksessa p\u00e4\u00e4ovesta tullessa oikealla (lasiovi) ja k\u00e4yt\u00e4v\u00e4n p\u00e4\u00e4ss\u00e4. Opinto-ohjaaja Kukka Tast [&hellip;]","og_url":"https:\/\/www.kktavastia.fi\/lukiot-hameenlinnan-lyseo\/opetus\/opinto-ohjaus\/","og_site_name":"H\u00e4meenlinnan lyseon lukio","article_modified_time":"2025-08-11T11:51:20+00:00","twitter_card":"summary_large_image","schema":{"@context":"https:\/\/schema.org","@graph":[{"@type":"WebPage","@id":"https:\/\/www.kktavastia.fi\/lukiot-hameenlinnan-lyseo\/opetus\/opinto-ohjaus\/","url":"https:\/\/www.kktavastia.fi\/lukiot-hameenlinnan-lyseo\/opetus\/opinto-ohjaus\/","name":"Opinto-ohjaus - H\u00e4meenlinnan lyseon lukio","isPartOf":{"@id":"https:\/\/www.kktavastia.fi\/lukiot-hameenlinnan-lyseo\/#website"},"datePublished":"2021-06-15T10:53:06+00:00","dateModified":"2025-08-11T11:51:20+00:00","breadcrumb":{"@id":"https:\/\/www.kktavastia.fi\/lukiot-hameenlinnan-lyseo\/opetus\/opinto-ohjaus\/#breadcrumb"},"inLanguage":"fi","potentialAction":[{"@type":"ReadAction","target":["https:\/\/www.kktavastia.fi\/lukiot-hameenlinnan-lyseo\/opetus\/opinto-ohjaus\/"]}]},{"@type":"BreadcrumbList","@id":"https:\/\/www.kktavastia.fi\/lukiot-hameenlinnan-lyseo\/opetus\/opinto-ohjaus\/#breadcrumb","itemListElement":[{"@type":"ListItem","position":1,"name":"Home","item":"https:\/\/www.kktavastia.fi\/lukiot-hameenlinnan-lyseo\/"},{"@type":"ListItem","position":2,"name":"Opetus ja ohjaus","item":"https:\/\/www.kktavastia.fi\/lukiot-hameenlinnan-lyseo\/opetus\/"},{"@type":"ListItem","position":3,"name":"Opinto-ohjaus"}]},{"@type":"WebSite","@id":"https:\/\/www.kktavastia.fi\/lukiot-hameenlinnan-lyseo\/#website","url":"https:\/\/www.kktavastia.fi\/lukiot-hameenlinnan-lyseo\/","name":"H\u00e4meenlinnan lyseon lukio","description":"","potentialAction":[{"@type":"SearchAction","target":{"@type":"EntryPoint","urlTemplate":"https:\/\/www.kktavastia.fi\/lukiot-hameenlinnan-lyseo\/?s={search_term_string}"},"query-input":{"@type":"PropertyValueSpecification","valueRequired":true,"valueName":"search_term_string"}}],"inLanguage":"fi"}]}},"_links":{"self":[{"href":"https:\/\/www.kktavastia.fi\/lukiot-hameenlinnan-lyseo\/wp-json\/wp\/v2\/pages\/3613","targetHints":{"allow":["GET"]}}],"collection":[{"href":"https:\/\/www.kktavastia.fi\/lukiot-hameenlinnan-lyseo\/wp-json\/wp\/v2\/pages"}],"about":[{"href":"https:\/\/www.kktavastia.fi\/lukiot-hameenlinnan-lyseo\/wp-json\/wp\/v2\/types\/page"}],"author":[{"embeddable":true,"href":"https:\/\/www.kktavastia.fi\/lukiot-hameenlinnan-lyseo\/wp-json\/wp\/v2\/users\/25"}],"replies":[{"embeddable":true,"href":"https:\/\/www.kktavastia.fi\/lukiot-hameenlinnan-lyseo\/wp-json\/wp\/v2\/comments?post=3613"}],"version-history":[{"count":25,"href":"https:\/\/www.kktavastia.fi\/lukiot-hameenlinnan-lyseo\/wp-json\/wp\/v2\/pages\/3613\/revisions"}],"predecessor-version":[{"id":5927,"href":"https:\/\/www.kktavastia.fi\/lukiot-hameenlinnan-lyseo\/wp-json\/wp\/v2\/pages\/3613\/revisions\/5927"}],"up":[{"embeddable":true,"href":"https:\/\/www.kktavastia.fi\/lukiot-hameenlinnan-lyseo\/wp-json\/wp\/v2\/pages\/59"}],"wp:attachment":[{"href":"https:\/\/www.kktavastia.fi\/lukiot-hameenlinnan-lyseo\/wp-json\/wp\/v2\/media?parent=3613"}],"curies":[{"name":"wp","href":"https:\/\/api.w.org\/{rel}","templated":true}]}}