{"id":3494,"date":"2021-06-09T14:18:08","date_gmt":"2021-06-09T11:18:08","guid":{"rendered":"https:\/\/www.kktavastia.fi\/lukiot-hameenlinnan-lyseo\/?page_id=3494"},"modified":"2025-06-17T13:58:19","modified_gmt":"2025-06-17T10:58:19","slug":"opintojaksojen-suorittaminen","status":"publish","type":"page","link":"https:\/\/www.kktavastia.fi\/lukiot-hameenlinnan-lyseo\/opetus\/opintojen-suorittaminen\/opintojaksojen-suorittaminen\/","title":{"rendered":"Suoritukset ja arviointi"},"content":{"rendered":"\n<p>T\u00e4\u00e4lt\u00e4 l\u00f6yd\u00e4t tietoa hy\u00f6dyllist\u00e4 tietoa mm. p\u00e4\u00e4tt\u00f6viikoista, kokeista, arvosanamerkinn\u00f6ist\u00e4, opintojakson uusimisesta ja uusintakuulusteluista<\/p>\n\n\n\n<h3 class=\"wp-block-heading\">Jakson p\u00e4\u00e4tt\u00f6viikko, kokeiden palautus ja palautekeskustelu<\/h3>\n\n\n\n<p>Jokaisen jakson lopussa on kuuden p\u00e4iv\u00e4n\u00a0pituinen p\u00e4\u00e4tt\u00f6viikko. Jokaisena p\u00e4iv\u00e4n\u00e4 on yhden koodin (1\u20136) tunnit kello 8\u201312 v\u00e4lill\u00e4. P\u00e4\u00e4tt\u00f6viikon koodij\u00e4rjestys on 1, 2, 3, 4, 5, 6. Koodien 7 ja 8 osalta opettaja sopii ryhm\u00e4n kanssa erikseen, miten toimitaan. P\u00e4\u00e4tt\u00f6viikolla voi olla my\u00f6s muuta koulun toimintaan liittyv\u00e4\u00e4 ohjelmaa. \u00a0Kokeiden palautukset hoituvat s\u00e4hk\u00f6isesti, mutta opettajasi antaa palautetta kokeista joko s\u00e4hk\u00f6isesti Wilman kautta tai voit pyyt\u00e4\u00e4 palautekeskustelun tai opettaja ilmoittaa ajan, jolloin on tavoitettavissa koe- tai arviointipalautetta varten.<\/p>\n\n\n\n<h3 class=\"wp-block-heading\"><strong>Opintojakso<\/strong>jen arvosanat<\/h3>\n\n\n\n<p>Pakolliset ja valtakunnalliset valinnaiset opintojaksot arvioidaan numeroin 4\u201310. Paikallisten valinnaisten opintojaksojen arvioinnissa k\u00e4ytet\u00e4\u00e4n suoritusmerkint\u00e4\u00e4 (S\/H). Kaikki teht\u00e4v\u00e4t on palautettava opettajan antaman aikataulun mukaisesti. Mik\u00e4li opiskelija sairastumisen tai muun hyv\u00e4ksytyn poissaolon vuoksi ei ole voinut palauttaa teht\u00e4vi\u00e4 sovittuun m\u00e4\u00e4r\u00e4aikaan menness\u00e4, on asiasta sovittava opettajan kanssa. N\u00e4iss\u00e4 poikkeustilanteissa voi opettajan kanssa sopia aikataulun pident\u00e4misest\u00e4.&nbsp;My\u00f6s urheilulinjalaiset voivat sopia poikkeavasta aikataulusta , jos kilpailu- tai harjoittelutilanne niin vaatii. Poikkeavasta aikataulusta sovitaan aina etuk\u00e4teen opettajan tai yhdess\u00e4 opon ja opettajan kanssa. My\u00f6s urheilulinjakoordinaattori auttaa asiassa, jos urheilijan poissaolo on pitk\u00e4 (viikkoja).<\/p>\n\n\n\n<p><strong>Arvosanat 5-10<\/strong> Opintojakso on hyv\u00e4ksytty ja opintopistem\u00e4\u00e4r\u00e4 lasketaan opintojen kokonaispistem\u00e4\u00e4r\u00e4\u00e4n.<\/p>\n\n\n\n<p><strong>S-merkint\u00e4 (S) <\/strong>Opintojakso on hyv\u00e4ksytty suoritusmerkinn\u00e4ll\u00e4. Opintopistem\u00e4\u00e4r\u00e4 lasketaan kokonaispistem\u00e4\u00e4r\u00e4\u00e4n.<\/p>\n\n\n\n<p><strong>4 <\/strong>Opintojakso on hyl\u00e4tty ja sen voi uusia. Opintojakson pistem\u00e4\u00e4r\u00e4 lasketaan kokonaispistem\u00e4\u00e4r\u00e4\u00e4n, mutta oppim\u00e4\u00e4r\u00e4ss\u00e4 on huomioitava 2\/3-s\u00e4\u00e4nt\u00f6. Valtakunnallisen valinnaisen voi pyyt\u00e4\u00e4 poistettavaksi rekisterist\u00e4, jolloin my\u00f6s suorituspistem\u00e4\u00e4r\u00e4 poistuu. Tehd\u00e4\u00e4n kirjallisesti.<\/p>\n\n\n\n<p><strong>H-merkint\u00e4. <\/strong>Opintojakso on hyl\u00e4tty ja sen voi uusia. Ei merkint\u00e4 opintorekisteriin.<\/p>\n\n\n\n<p><strong>K-merkint\u00e4 (K<\/strong>) annetaan kun opintojakson suoritus on kesken. Opintojakso on kesken, jos suorituksia puuttuu, mutta opettaja katsoo, ett\u00e4 ne palauttamalla tai tekem\u00e4ll\u00e4 voi arvosanan saada.<\/p>\n\n\n\n<p>Uuden opetussuunnitelman mukaiset arviointimerkinn\u00e4t ovat koostetusti opetussuunnitelman arviointiosiossa. P\u00e4\u00e4set siihen t\u00e4st\u00e4:<a href=\"https:\/\/eperusteet.opintopolku.fi\/#\/fi\/opetussuunnitelma\/11422365\/lukiokoulutus\/tekstikappale\/24903792\">&nbsp;opetussuunnitelman arviointiosio<\/a>.<\/p>\n\n\n\n<p><strong>X-merkint\u00e4 (X)<\/strong>. Se annetaan, kun<\/p>\n\n\n\n<ul class=\"wp-block-list\">\n<li>opettaja ei pysty puutteellisen n\u00e4yt\u00f6n vuoksi arvioimaan kurssia edes arvosanalla 4<\/li>\n\n\n\n<li>arvioitavissa suorituksissa on k\u00e4ytetty vilppi\u00e4<\/li>\n\n\n\n<li>K-merkint\u00e4\u00e4 ei ole hoidettu m\u00e4\u00e4r\u00e4aikaan menness\u00e4<\/li>\n\n\n\n<li>opiskelija keskeytt\u00e4\u00e4 itse opintojakson  (ei ole saapunut paikalle tai j\u00e4tt\u00e4nyt arvioitavia suorituksia, ja opettaja katsoo, ett\u00e4 K-merkint\u00e4\u00e4 ei voida antaa).<\/li>\n<\/ul>\n\n\n\n<p>Opettaja on velvollinen kirjaamaan X-merkinn\u00e4n selityksen n\u00e4kyviin (syy merkinn\u00e4lle, jokin edell\u00e4 mainituista). X-merkint\u00e4\u00e4 ei voi antaa muista syist\u00e4. X-merkint\u00e4 tarkoittaa sit\u00e4, ett\u00e4 kurssi on k\u00e4yt\u00e4v\u00e4 uudelleen, eik\u00e4 t\u00e4ydent\u00e4minen ole en\u00e4\u00e4 mahdollista. Kurssin voi k\u00e4yd\u00e4 uudelleen istumalla kurssin tai suorittamalla sen itsen\u00e4isesti (jos se opsin mukaan on mahdollista).<\/p>\n\n\n\n<p><strong>O-merkint\u00e4 (O)<\/strong> K\u00e4ytet\u00e4\u00e4n pitkien opintojaksojen v\u00e4liarviointiin. Pitkill\u00e4 opintojaksoilla tarkoitetaan yli 2 op:n arvoisia opintojaksoja. Toimii opintojen seuraamisen v\u00e4lineen\u00e4 eik\u00e4 ole virallinen arviointimerkint\u00e4. O-merkint\u00e4 muutetaan arvosanaksi, kun koko opintojakso on opiskeltu ja arvioinnin edellytykset ovat t\u00e4yttyneet.<\/p>\n\n\n\n<h3 class=\"wp-block-heading\">Hyl\u00e4tty opintojaksosuoritus ja sen uusiminen<\/h3>\n\n\n\n<p>Hyl\u00e4tyn opintojakson uusimista on mahdollisuus yritt\u00e4\u00e4 kerran kunkin jakson j\u00e4lkeen j\u00e4rjestett\u00e4vin\u00e4 uusintakoep\u00e4ivin\u00e4. Itsen\u00e4isesti suoritettua (\/tenttim\u00e4ll\u00e4 suoritettua)  hyl\u00e4tty\u00e4  ei voi korvata uusintakuulustelulla tai lis\u00e4teht\u00e4vill\u00e4. Niiss\u00e4 tapauksissa, joissa opiskelijan suoritus on hyl\u00e4tty (arvosana 4) eik\u00e4 se tule uusintakuulustelussakaan hyv\u00e4ksytyksi, on opiskelijan syyt\u00e4 v\u00e4litt\u00f6m\u00e4sti ottaa yhteys opinto-ohjaajaan ja p\u00e4ivitt\u00e4\u00e4 oma opintosuunnitelmansa.<\/p>\n\n\n\n<p>Oppiaineen p\u00e4\u00e4tt\u00f6arvosanan voi saada vain, jos hyl\u00e4ttyjen pakollisten ja valtakunnallisten valinnaisten m\u00e4\u00e4r\u00e4 kokonaiskurssim\u00e4\u00e4r\u00e4st\u00e4 on enint\u00e4\u00e4n seuraavan taulukon mukainen:<\/p>\n\n\n\n<figure class=\"wp-block-table\"><table><tbody><tr><td>Kokonaisopintopistem\u00e4\u00e4r\u00e4<\/td><td>Hyl\u00e4ttyj\u00e4 voi olla<\/td><\/tr><tr><td>2-4 opintopistett\u00e4<\/td><td>0 op<\/td><\/tr><tr><td>6-10 op<\/td><td>2 op<\/td><\/tr><tr><td>12-16 op<\/td><td>4 op<\/td><\/tr><tr><td>18 op<\/td><td>6 op<\/td><\/tr><\/tbody><\/table><\/figure>\n\n\n\n<p>OPS 1.8.2021 tai sen j\u00e4lkeen aloittaneilla: 2\/3 oppiaineen pakollisten ja valtakunnallisten valinnaista opintopistem\u00e4\u00e4r\u00e4st\u00e4 tulee olla hyv\u00e4ksytysti suoritettuja.&nbsp;<strong>Hyl\u00e4tyn valtakunnallisen valinnaisen opintojakson<\/strong>&nbsp;voi pyyt\u00e4\u00e4 poistettavaksi rekisterist\u00e4, mutta samalla menett\u00e4\u00e4 my\u00f6s opintopisteet.<\/p>\n\n\n\n<h3 class=\"wp-block-heading\">Hyv\u00e4ksytyn opintojakson uusiminen<\/h3>\n\n\n\n<p>\u201dOpiskelijalla on oikeus korottaa yhden kerran hyv\u00e4ksytty\u00e4 opintojaksoa erikseen sovittavana yleisen\u00e4 ajankohtana. Opintojakso tulee arvioida monipuolisilla n\u00e4yt\u00f6ill\u00e4. Hyv\u00e4ksytty\u00e4 opintojaksoa voi uusia my\u00f6s suorittamalla opintojakso uudelleen, jos se on ty\u00f6j\u00e4rjestysteknisesti mahdollista, suorittamalla opintojakso itsen\u00e4isesti tai osoittamalla muulla tavoin hankittu osaaminen. Arvioinnin pit\u00e4\u00e4 olla t\u00e4ll\u00f6inkin monipuolista.\u201d, Lukion opetussuunnitelman perusteet 2021<\/p>\n\n\n\n<p>Tukiopintojaksoilla voi tietyin edellytyksen yritt\u00e4\u00e4 korottaa saatua opintojakson arvosanaa.<\/p>\n\n\n\n<h3 class=\"wp-block-heading\">Uusintakuulustelut<\/h3>\n\n\n\n<p>Uusintakuulustelut j\u00e4rjestet\u00e4\u00e4n opetetuissa aineissa jaksojen j\u00e4lkeen (ks. kotisivujen opiskelijakalenteri tai kotisivujen ty\u00f6-ja loma-ajat -sivu). Uusintakuulusteluun saa osallistua opiskelija, joka on saanut opintojaksosta hyl\u00e4tyn (4) arvosanan, on ollut poissa p\u00e4\u00e4tt\u00f6viikon arvioitavasta suorituksesta sairauden tai muun hyv\u00e4ksytyn syyn takia tai suorittaa itsen\u00e4isesti\/tenttim\u00e4ll\u00e4 sellaista opintojaksoa, jonka suoritukseen h\u00e4nell\u00e4 ei ole ollut mahdollisuutta osallistua  esim p\u00e4\u00e4tt\u00f6p\u00e4iv\u00e4n\u00e4 jo muun opintojakson koe.<\/p>\n\n\n\n<p>Hyl\u00e4tyn opintojakson uusintaan voi osallistua kerran. Jos tulos j\u00e4\u00e4 hyl\u00e4tyksi, opintojakso on k\u00e4yt\u00e4v\u00e4 uudestaan. Jos opiskelija on saanut opintojaksosta hyl\u00e4tyn arvosanan ja ilmoittautuu uusintaan, mutta ei saavu uusintatilaisuuteen, kirjataan Wilmaan: ei saapunut uusintaan, ei en\u00e4\u00e4 uusintaoikeutta. Arvosana j\u00e4\u00e4 hyl\u00e4tyksi, jolloin opintojakso on mahdollisesti suoritettava uudelleen.<\/p>\n\n\n\n<p>Uusintakuulusteluun ilmoittaudutaan Wilmassa. Tarkempi ohjeistus annetaan ennen uusintaa ryhm\u00e4nohjauksessa tai\/ja viikkotiedotteessa. Uusintap\u00e4iv\u00e4t l\u00f6yd\u00e4t s\u00e4hk\u00f6isest\u00e4 opiskelijakalenterista.<\/p>\n\n\n\n<p>Uusintap\u00e4ivi\u00e4 on kaksi: kielet (1 pv) ja matemaattiset aineet ja reaali (1 pv). P\u00e4iv\u00e4t ilmoitetaan opiskelijakalenterissa sek\u00e4 ryhm\u00e4nohjaustuokiossa ja viikkotiedotteessa. L\u00f6yd\u00e4t ne my\u00f6s kotisivuilta v\u00e4lilehdelt\u00e4 Ty\u00f6- ja loma-ajat. Uusintakoeaika on kieliss\u00e4 3 tuntia ja matematiikassa ja reaalissa 2 tuntia. Samana p\u00e4iv\u00e4n\u00e4 voi osallistua vain yhteen uusintakuulusteluun. Jos on tarve uusia useampia opintojaksoja, tulee neuvotella asianomaisen opettajan kanssa kokeiden\/suoritusten tekemisest\u00e4 muuna ajankohtana.<\/p>\n\n\n\n<h3 class=\"wp-block-heading\">Opintosuoritukset n\u00e4kyv\u00e4t Wilmassa<\/h3>\n\n\n\n<p>Opintosuoritukset n\u00e4kyv\u00e4t Wilmassa Opinnot-v\u00e4lilehdell\u00e4. Kaikki merkinn\u00e4t saa n\u00e4kyviin, kun valitsee sivulta kohdan suoritukset ja valitsee lis\u00e4ksi <strong>&#8221;N\u00e4yt\u00e4 kaikki&#8221;.<\/strong> <strong>T\u00e4ll\u00f6in aukeaa my\u00f6s selitys esim K-merkinn\u00e4lle (mit\u00e4 puuttuu).<\/strong> Jokaisella opiskelijalla on Wilmaan oma k\u00e4ytt\u00e4j\u00e4tunnus ja salasana. Alle 18-vuotiaiden huoltajilla on omat k\u00e4ytt\u00e4j\u00e4tunnukset ja salasanat. Opiskelijan t\u00e4ytt\u00e4ess\u00e4 18 vuotta, oikeus Wilman tietoihin p\u00e4\u00e4syyn sulkeutuu huoltajalta.&nbsp;Opiskelija&nbsp;voi itse antaa luvan Wilmassa huoltajille (Wilmassa lomakkeet -&gt; 18 vuotta t\u00e4ytt\u00e4nyt antaa luvan\u2026)<\/p>\n\n\n\n<h3 class=\"wp-block-heading\">Oppim\u00e4\u00e4r\u00e4arvosana<\/h3>\n\n\n\n<p>Lukioasetuksen m\u00e4\u00e4ritt\u00e4min numeroin arvioidaan kaikki pakollisten aineiden oppim\u00e4\u00e4r\u00e4t sek\u00e4 valinnaiset vieraat kielet. Opinto-ohjauksesta annetaan suoritusmerkint\u00e4. Mik\u00e4li opiskelija pyyt\u00e4\u00e4, h\u00e4n on oikeutettu saamaan suoritusmerkinn\u00e4n liikunnasta ja sellaisista oppiaineista, joissa opiskelijan suorittama oppim\u00e4\u00e4r\u00e4 k\u00e4sitt\u00e4\u00e4 vain yhden opintojakson sek\u00e4 valinnaisista vieraista kielist\u00e4, mik\u00e4li opiskelija suorittama oppim\u00e4\u00e4r\u00e4 niiss\u00e4 k\u00e4sitt\u00e4\u00e4 vain 4 opintopistett\u00e4.<\/p>\n\n\n\n<p>Oppim\u00e4\u00e4r\u00e4arvosana (ns. p\u00e4\u00e4tt\u00f6arvosana) annetaan, kun 2\/3 aineen pakollisista ja valtakunnallisesta opintopistem\u00e4\u00e4r\u00e4st\u00e4 on hyv\u00e4ksyttyj\u00e4 (arvosana parempi kuin 4).\u00a0Paikallisista valinnaisista opintojaksoista lukion oppim\u00e4\u00e4r\u00e4\u00e4n luetaan vain opiskelijan hyv\u00e4ksytysti suorittamat opintojaksot. P\u00e4\u00e4tt\u00f6arvosana lasketaan aritmeettisena keskiarvona opintopistem\u00e4\u00e4r\u00e4ll\u00e4 painotetuista opintojaksoista. Opettajalla on yhdess\u00e4 rehtorin kanssa mahdollisuus korottaa p\u00e4\u00e4tt\u00f6arvosanaa lis\u00e4n\u00e4yt\u00f6n tai muun harkinnan perusteella. Oppilaalla on oikeus\u00a0kerran\u00a0yritt\u00e4\u00e4 korottaa saamiaan p\u00e4\u00e4tt\u00f6arvosanoja esimerkiksi erillisess\u00e4 korotustentiss\u00e4.<\/p>\n\n\n\n<h3 class=\"wp-block-heading\">Todistukset<\/h3>\n\n\n\n<p>Oppilas saa s\u00e4hk\u00f6isen lukion p\u00e4\u00e4tt\u00f6todistuksen suoritettuaan lukion koko oppim\u00e4\u00e4r\u00e4n mukaiset opinnot.<strong>&nbsp;<\/strong>S\u00e4hk\u00f6inen todistus on ainoa virallinen todistus. S\u00e4hk\u00f6inen todistus ladataan talteen ATOMI-palvelusta, kun valmistumisen yhteydess\u00e4 saat linkin omaan todistukseesi. Ennen valmistumista opiskelija ilmoittaa Wilmaan toimivan s\u00e4hk\u00f6postiosoitteen koululle koulus\u00e4hk\u00f6postiosoitteen tilalle.<\/p>\n\n\n\n<p>P\u00e4\u00e4tt\u00f6todistukseen&nbsp;merkit\u00e4\u00e4n oppiaineiden arvosanat koko suoritetun oppim\u00e4\u00e4r\u00e4n osalta sek\u00e4 kussakin oppiaineessa suoritettujen kurssien m\u00e4\u00e4r\u00e4. Lukion p\u00e4\u00e4tt\u00f6todistuksen liitteeseen merkit\u00e4\u00e4n opiskelijan oppiaineisiin liittym\u00e4tt\u00f6m\u00e4t soveltavat&nbsp;tai muualla suorittamat lukio-oppim\u00e4\u00e4r\u00e4\u00e4n hyv\u00e4ksytyt kurssit ja niiden arviointi.<\/p>\n\n\n\n<p>Ylioppilastutkintotodistuksen&nbsp;saamisen ehtona on, ett\u00e4 opiskelija on suorittanut lukion oppim\u00e4\u00e4r\u00e4n, ja l\u00e4p\u00e4issyt ylioppilastutkintoon liittyvien pakollisten aineiden kokeet hyv\u00e4ksytysti. Ilman lukion p\u00e4\u00e4tt\u00f6todistusta ei voi saada ylioppilastutkintotodistusta.<\/p>\n\n\n\n<p>Mik\u00e4li opiskelija ei saa lukion p\u00e4\u00e4tt\u00f6todistusta, h\u00e4n voi saada\u00a0todistuksen oppim\u00e4\u00e4r\u00e4n\u00a0suorittamisesta, mik\u00e4li h\u00e4n on suorittanut lukion oppim\u00e4\u00e4r\u00e4n yhdess\u00e4 tai useammassa lukio-oppiaineessa.<\/p>\n\n\n\n<p>Abivuonna 3.jakson j\u00e4lkeen ryhm\u00e4nohjaaja l\u00e4hett\u00e4\u00e4 Wilma-viestill\u00e4 sen hetkisen tiedon suoritetuista opinnoista lukion oppim\u00e4\u00e4r\u00e4\u00e4n peilaten. T\u00e4ll\u00f6in viestiss\u00e4 kerrotaan mahdollisesti viel\u00e4 puuttuvat opintopisteet ainekohtaisesti.  T\u00e4ll\u00e4 viestill\u00e4 varmistetaan se, ett\u00e4 opiskelija on tietoinen lukion oppim\u00e4\u00e4r\u00e4n valmistumisen ehdoista.  Opiskelija voi my\u00f6s ladat itselleen opintosuoritusotteen ATOMI-palvelun kautta, milloin vain haluaa.   T\u00e4t\u00e4 ns opintosuoritusotetta tarvitsee esim. opiskelijan hakiessa vaihto-opiskelijaksi toiseen maahan, koulunvaihdon yhteydess\u00e4 tai Kelaa varten.<\/p>\n","protected":false},"excerpt":{"rendered":"<p>T\u00e4\u00e4lt\u00e4 l\u00f6yd\u00e4t tietoa hy\u00f6dyllist\u00e4 tietoa mm. p\u00e4\u00e4tt\u00f6viikoista, kokeista, arvosanamerkinn\u00f6ist\u00e4, opintojakson uusimisesta ja uusintakuulusteluista Jakson p\u00e4\u00e4tt\u00f6viikko, kokeiden palautus ja palautekeskustelu Jokaisen [&hellip;]<\/p>\n","protected":false},"author":6,"featured_media":0,"parent":4802,"menu_order":0,"comment_status":"closed","ping_status":"closed","template":"","meta":{"_acf_changed":false,"_relevanssi_hide_post":"","_relevanssi_hide_content":"","_relevanssi_pin_for_all":"","_relevanssi_pin_keywords":"","_relevanssi_unpin_keywords":"","_relevanssi_related_keywords":"","_relevanssi_related_include_ids":"","_relevanssi_related_exclude_ids":"","_relevanssi_related_no_append":"","_relevanssi_related_not_related":"","_relevanssi_related_posts":"3059,1720,2107,3143,1099,1503","_relevanssi_noindex_reason":"","footnotes":""},"class_list":["post-3494","page","type-page","status-publish","hentry"],"acf":[],"yoast_head":"<title>Suoritukset ja arviointi - H\u00e4meenlinnan lyseon lukio<\/title>\n<meta name=\"robots\" content=\"index, follow, max-snippet:-1, max-image-preview:large, max-video-preview:-1\" \/>\n<link rel=\"canonical\" href=\"https:\/\/www.kktavastia.fi\/lukiot-hameenlinnan-lyseo\/opetus\/opintojen-suorittaminen\/opintojaksojen-suorittaminen\/\" \/>\n<meta property=\"og:locale\" content=\"fi_FI\" \/>\n<meta property=\"og:type\" content=\"article\" \/>\n<meta property=\"og:title\" content=\"Suoritukset ja arviointi - H\u00e4meenlinnan lyseon lukio\" \/>\n<meta property=\"og:description\" content=\"T\u00e4\u00e4lt\u00e4 l\u00f6yd\u00e4t tietoa hy\u00f6dyllist\u00e4 tietoa mm. p\u00e4\u00e4tt\u00f6viikoista, kokeista, arvosanamerkinn\u00f6ist\u00e4, opintojakson uusimisesta ja uusintakuulusteluista Jakson p\u00e4\u00e4tt\u00f6viikko, kokeiden palautus ja palautekeskustelu Jokaisen [&hellip;]\" \/>\n<meta property=\"og:url\" content=\"https:\/\/www.kktavastia.fi\/lukiot-hameenlinnan-lyseo\/opetus\/opintojen-suorittaminen\/opintojaksojen-suorittaminen\/\" \/>\n<meta property=\"og:site_name\" content=\"H\u00e4meenlinnan lyseon lukio\" \/>\n<meta property=\"article:modified_time\" content=\"2025-06-17T10:58:19+00:00\" \/>\n<meta name=\"twitter:card\" content=\"summary_large_image\" \/>\n<script type=\"application\/ld+json\" class=\"yoast-schema-graph\">{\"@context\":\"https:\\\/\\\/schema.org\",\"@graph\":[{\"@type\":\"WebPage\",\"@id\":\"https:\\\/\\\/www.kktavastia.fi\\\/lukiot-hameenlinnan-lyseo\\\/opetus\\\/opintojen-suorittaminen\\\/opintojaksojen-suorittaminen\\\/\",\"url\":\"https:\\\/\\\/www.kktavastia.fi\\\/lukiot-hameenlinnan-lyseo\\\/opetus\\\/opintojen-suorittaminen\\\/opintojaksojen-suorittaminen\\\/\",\"name\":\"Suoritukset ja arviointi - H\u00e4meenlinnan lyseon lukio\",\"isPartOf\":{\"@id\":\"https:\\\/\\\/www.kktavastia.fi\\\/lukiot-hameenlinnan-lyseo\\\/#website\"},\"datePublished\":\"2021-06-09T11:18:08+00:00\",\"dateModified\":\"2025-06-17T10:58:19+00:00\",\"breadcrumb\":{\"@id\":\"https:\\\/\\\/www.kktavastia.fi\\\/lukiot-hameenlinnan-lyseo\\\/opetus\\\/opintojen-suorittaminen\\\/opintojaksojen-suorittaminen\\\/#breadcrumb\"},\"inLanguage\":\"fi\",\"potentialAction\":[{\"@type\":\"ReadAction\",\"target\":[\"https:\\\/\\\/www.kktavastia.fi\\\/lukiot-hameenlinnan-lyseo\\\/opetus\\\/opintojen-suorittaminen\\\/opintojaksojen-suorittaminen\\\/\"]}]},{\"@type\":\"BreadcrumbList\",\"@id\":\"https:\\\/\\\/www.kktavastia.fi\\\/lukiot-hameenlinnan-lyseo\\\/opetus\\\/opintojen-suorittaminen\\\/opintojaksojen-suorittaminen\\\/#breadcrumb\",\"itemListElement\":[{\"@type\":\"ListItem\",\"position\":1,\"name\":\"Home\",\"item\":\"https:\\\/\\\/www.kktavastia.fi\\\/lukiot-hameenlinnan-lyseo\\\/\"},{\"@type\":\"ListItem\",\"position\":2,\"name\":\"Opetus ja ohjaus\",\"item\":\"https:\\\/\\\/www.kktavastia.fi\\\/lukiot-hameenlinnan-lyseo\\\/opetus\\\/\"},{\"@type\":\"ListItem\",\"position\":3,\"name\":\"Opintojen suorittaminen\",\"item\":\"https:\\\/\\\/www.kktavastia.fi\\\/lukiot-hameenlinnan-lyseo\\\/opetus\\\/opintojen-suorittaminen\\\/\"},{\"@type\":\"ListItem\",\"position\":4,\"name\":\"Suoritukset ja arviointi\"}]},{\"@type\":\"WebSite\",\"@id\":\"https:\\\/\\\/www.kktavastia.fi\\\/lukiot-hameenlinnan-lyseo\\\/#website\",\"url\":\"https:\\\/\\\/www.kktavastia.fi\\\/lukiot-hameenlinnan-lyseo\\\/\",\"name\":\"H\u00e4meenlinnan lyseon lukio\",\"description\":\"\",\"potentialAction\":[{\"@type\":\"SearchAction\",\"target\":{\"@type\":\"EntryPoint\",\"urlTemplate\":\"https:\\\/\\\/www.kktavastia.fi\\\/lukiot-hameenlinnan-lyseo\\\/?s={search_term_string}\"},\"query-input\":{\"@type\":\"PropertyValueSpecification\",\"valueRequired\":true,\"valueName\":\"search_term_string\"}}],\"inLanguage\":\"fi\"}]}<\/script>","yoast_head_json":{"title":"Suoritukset ja arviointi - H\u00e4meenlinnan lyseon lukio","robots":{"index":"index","follow":"follow","max-snippet":"max-snippet:-1","max-image-preview":"max-image-preview:large","max-video-preview":"max-video-preview:-1"},"canonical":"https:\/\/www.kktavastia.fi\/lukiot-hameenlinnan-lyseo\/opetus\/opintojen-suorittaminen\/opintojaksojen-suorittaminen\/","og_locale":"fi_FI","og_type":"article","og_title":"Suoritukset ja arviointi - H\u00e4meenlinnan lyseon lukio","og_description":"T\u00e4\u00e4lt\u00e4 l\u00f6yd\u00e4t tietoa hy\u00f6dyllist\u00e4 tietoa mm. p\u00e4\u00e4tt\u00f6viikoista, kokeista, arvosanamerkinn\u00f6ist\u00e4, opintojakson uusimisesta ja uusintakuulusteluista Jakson p\u00e4\u00e4tt\u00f6viikko, kokeiden palautus ja palautekeskustelu Jokaisen [&hellip;]","og_url":"https:\/\/www.kktavastia.fi\/lukiot-hameenlinnan-lyseo\/opetus\/opintojen-suorittaminen\/opintojaksojen-suorittaminen\/","og_site_name":"H\u00e4meenlinnan lyseon lukio","article_modified_time":"2025-06-17T10:58:19+00:00","twitter_card":"summary_large_image","schema":{"@context":"https:\/\/schema.org","@graph":[{"@type":"WebPage","@id":"https:\/\/www.kktavastia.fi\/lukiot-hameenlinnan-lyseo\/opetus\/opintojen-suorittaminen\/opintojaksojen-suorittaminen\/","url":"https:\/\/www.kktavastia.fi\/lukiot-hameenlinnan-lyseo\/opetus\/opintojen-suorittaminen\/opintojaksojen-suorittaminen\/","name":"Suoritukset ja arviointi - H\u00e4meenlinnan lyseon lukio","isPartOf":{"@id":"https:\/\/www.kktavastia.fi\/lukiot-hameenlinnan-lyseo\/#website"},"datePublished":"2021-06-09T11:18:08+00:00","dateModified":"2025-06-17T10:58:19+00:00","breadcrumb":{"@id":"https:\/\/www.kktavastia.fi\/lukiot-hameenlinnan-lyseo\/opetus\/opintojen-suorittaminen\/opintojaksojen-suorittaminen\/#breadcrumb"},"inLanguage":"fi","potentialAction":[{"@type":"ReadAction","target":["https:\/\/www.kktavastia.fi\/lukiot-hameenlinnan-lyseo\/opetus\/opintojen-suorittaminen\/opintojaksojen-suorittaminen\/"]}]},{"@type":"BreadcrumbList","@id":"https:\/\/www.kktavastia.fi\/lukiot-hameenlinnan-lyseo\/opetus\/opintojen-suorittaminen\/opintojaksojen-suorittaminen\/#breadcrumb","itemListElement":[{"@type":"ListItem","position":1,"name":"Home","item":"https:\/\/www.kktavastia.fi\/lukiot-hameenlinnan-lyseo\/"},{"@type":"ListItem","position":2,"name":"Opetus ja ohjaus","item":"https:\/\/www.kktavastia.fi\/lukiot-hameenlinnan-lyseo\/opetus\/"},{"@type":"ListItem","position":3,"name":"Opintojen suorittaminen","item":"https:\/\/www.kktavastia.fi\/lukiot-hameenlinnan-lyseo\/opetus\/opintojen-suorittaminen\/"},{"@type":"ListItem","position":4,"name":"Suoritukset ja arviointi"}]},{"@type":"WebSite","@id":"https:\/\/www.kktavastia.fi\/lukiot-hameenlinnan-lyseo\/#website","url":"https:\/\/www.kktavastia.fi\/lukiot-hameenlinnan-lyseo\/","name":"H\u00e4meenlinnan lyseon lukio","description":"","potentialAction":[{"@type":"SearchAction","target":{"@type":"EntryPoint","urlTemplate":"https:\/\/www.kktavastia.fi\/lukiot-hameenlinnan-lyseo\/?s={search_term_string}"},"query-input":{"@type":"PropertyValueSpecification","valueRequired":true,"valueName":"search_term_string"}}],"inLanguage":"fi"}]}},"_links":{"self":[{"href":"https:\/\/www.kktavastia.fi\/lukiot-hameenlinnan-lyseo\/wp-json\/wp\/v2\/pages\/3494","targetHints":{"allow":["GET"]}}],"collection":[{"href":"https:\/\/www.kktavastia.fi\/lukiot-hameenlinnan-lyseo\/wp-json\/wp\/v2\/pages"}],"about":[{"href":"https:\/\/www.kktavastia.fi\/lukiot-hameenlinnan-lyseo\/wp-json\/wp\/v2\/types\/page"}],"author":[{"embeddable":true,"href":"https:\/\/www.kktavastia.fi\/lukiot-hameenlinnan-lyseo\/wp-json\/wp\/v2\/users\/6"}],"replies":[{"embeddable":true,"href":"https:\/\/www.kktavastia.fi\/lukiot-hameenlinnan-lyseo\/wp-json\/wp\/v2\/comments?post=3494"}],"version-history":[{"count":24,"href":"https:\/\/www.kktavastia.fi\/lukiot-hameenlinnan-lyseo\/wp-json\/wp\/v2\/pages\/3494\/revisions"}],"predecessor-version":[{"id":5880,"href":"https:\/\/www.kktavastia.fi\/lukiot-hameenlinnan-lyseo\/wp-json\/wp\/v2\/pages\/3494\/revisions\/5880"}],"up":[{"embeddable":true,"href":"https:\/\/www.kktavastia.fi\/lukiot-hameenlinnan-lyseo\/wp-json\/wp\/v2\/pages\/4802"}],"wp:attachment":[{"href":"https:\/\/www.kktavastia.fi\/lukiot-hameenlinnan-lyseo\/wp-json\/wp\/v2\/media?parent=3494"}],"curies":[{"name":"wp","href":"https:\/\/api.w.org\/{rel}","templated":true}]}}