{"id":3484,"date":"2021-06-02T14:26:55","date_gmt":"2021-06-02T11:26:55","guid":{"rendered":"https:\/\/www.kktavastia.fi\/lukiot-hameenlinnan-lyseo\/?page_id=3484"},"modified":"2025-06-16T10:16:47","modified_gmt":"2025-06-16T07:16:47","slug":"opinnot-lops21-mukaan-s2021-tai-jalkeen-aloittaneet","status":"publish","type":"page","link":"https:\/\/www.kktavastia.fi\/lukiot-hameenlinnan-lyseo\/opetus\/opinnot-lops21-mukaan-s2021-tai-jalkeen-aloittaneet\/","title":{"rendered":"Opinnoista yleist\u00e4"},"content":{"rendered":"\n<h3 class=\"wp-block-heading\">Oppivelvollisuus ja maksuton koulutus<\/h3>\n\n\n\n<p><strong>Jos tulet<\/strong> <strong>suoraan peruskoulun 9. luokalta opiskelemaan toisen asteen koulutusta, olet oppivelvollinen<\/strong>. Sinulle kuuluu maksuttomana opetus, p\u00e4ivitt\u00e4inen ateria, opetuksen edellytt\u00e4m\u00e4t oppimateriaalit. Koulu hankkii sinulle edell\u00e4 mainitut oppimateriaalit ja -v\u00e4lineet.<\/p>\n\n\n\n<p>Opetuksen edellytt\u00e4m\u00e4t oppimateriaalit sek\u00e4 ty\u00f6v\u00e4lineet, -asut ja -aineet ovat opiskelijalle maksuttomia. Maksuttomia eiv\u00e4t kuitenkaan ole erityist\u00e4 harrastuneisuutta painottavissa koulutuksissa tarvittavat opiskelijan henkil\u00f6kohtaiseen k\u00e4ytt\u00f6\u00f6n tarkoitetut soittimet, urheiluv\u00e4lineet tai muut vastaavat v\u00e4lineet ja tarvikkeet, joita opiskelija voi k\u00e4ytt\u00e4\u00e4 my\u00f6s muutoin kuin opetuksen yhteydess\u00e4. Opintoja t\u00e4ydent\u00e4vist\u00e4 vapaaehtoisista opintoretkist\u00e4, vierailuista, tapahtumista ja muista vastaavista toiminnoista voidaan peri\u00e4 kohtuullisia maksuja. (Oppivelvollisuuslaki \u00a717).<\/p>\n\n\n\n<p>Muille kuin oppivelvollisille opiskelijoille tulee kustannuksia opetuksen edellytt\u00e4mist\u00e4 oppimateriaaleista ja ty\u00f6v\u00e4lineist\u00e4. Muiden kuin oppivelvollisten tulee hankkia itse tarvittavat oppikirjat.<\/p>\n\n\n\n<h3 class=\"wp-block-heading\">Oppikirjat<\/h3>\n\n\n\n<p>Oppimateriaalit ovat p\u00e4\u00e4s\u00e4\u00e4nt\u00f6isesti s\u00e4hk\u00f6isi\u00e4 lisenssej\u00e4, jotka opettajat jakavat opintojaksojen alussa. Lisenssit uusitaan vuosittain. Opiskelija voi itse hankkia perinteisen paperikirjan mik\u00e4li kokee sen tarpeelliseksi itselleen. S\u00e4hk\u00f6isess\u00e4 ja paperisisssa materiaaleissa on pieni\u00e4 eroavaisuuksia, mutta yleens\u00e4 kustantajakohtaiset sis\u00e4ll\u00f6t ovat samankaltaisia.<\/p>\n\n\n\n<div class=\"wp-block-file\"><a id=\"wp-block-file--media-56a1f06b-4db1-45d4-b686-f323496a9e7c\" href=\"https:\/\/www.kktavastia.fi\/media\/sites\/8\/oppikirjat-kotisivuille-lops21.pdf\">Oppikirjat  LOPS21<\/a><a href=\"https:\/\/www.kktavastia.fi\/media\/sites\/8\/oppikirjat-kotisivuille-lops21.pdf\" class=\"wp-block-file__button wp-element-button\" download aria-describedby=\"wp-block-file--media-56a1f06b-4db1-45d4-b686-f323496a9e7c\">Lataa<\/a><\/div>\n\n\n\n<h3 class=\"wp-block-heading\">Opiskeluaika<\/h3>\n\n\n\n<p>Lukio-opinnot voi suorittaa 2\u20134 vuodessa. Opinnoista tehd\u00e4\u00e4n opinto-ohjaajasi kanssa suunnitelma ja kirjataan opiskelusuunnitelmaan, joka on n\u00e4ht\u00e4viss\u00e4 opiskelijan Wilmassa. Jos haluaa huomattavasti nopeuttaa opiskelutahtia, voi suorittaa opintojaksoja itsen\u00e4isesti opiskellen, lukion verkko-opintoina  ja mahdollisesti my\u00f6s kes\u00e4lukio- ja aikuislinjan opintoina.<\/p>\n\n\n\n<p>Kolmen vuoden opinto-ohjelmassa suositeltava opintojaksokertym\u00e4 ensimm\u00e4isen ja toisen opintovuoden aikana on noin 120 opintopistett\u00e4 &#8211; 60 opintopistett\u00e4 kumpanakin vuonna. N\u00e4in kolmannen vuoden kolmeen ensimm\u00e4iseen jaksoon j\u00e4\u00e4 opiskeltavaksi 30 opintopistett\u00e4. <\/p>\n\n\n\n<p>Normaaleja kolmen vuoden opintoja suositellaan opintojen suunnittelun yleiseksi l\u00e4ht\u00f6kohdaksi lukiota aloitettaessa. Opiskeluaikaa voi kuitenkin joustavasti muuttaa lukio-opintojen aikana. Nelj\u00e4n vuoden ohjelma voi olla tarpeellinen vaihtoehto esimerkiksi laajan opinto-ohjelman tai aikaa viev\u00e4n harrastuksen vuoksi kuten urheilulinjalla.  Suunnitelma opintojen pident\u00e4misest\u00e4&nbsp; kolmeen ja puoleen tai nelj\u00e4\u00e4n vuoteen tehd\u00e4\u00e4n kirjallisena yhdess\u00e4 opinto-ohjaajan kanssa.<\/p>\n\n\n\n<h3 class=\"wp-block-heading\">Oppimaan oppimisen &#8221;reseptit&#8221;<\/h3>\n\n\n\n<div class=\"wp-block-file\"><a id=\"wp-block-file--media-9d205071-7739-491d-adec-019274849117\" href=\"https:\/\/www.kktavastia.fi\/media\/sites\/8\/resepti-aidinkielen-opiskeluun-koottuna.pdf\">Resepti-aidinkielen-opiskeluun-koottuna<\/a><a href=\"https:\/\/www.kktavastia.fi\/media\/sites\/8\/resepti-aidinkielen-opiskeluun-koottuna.pdf\" class=\"wp-block-file__button wp-element-button\" download aria-describedby=\"wp-block-file--media-9d205071-7739-491d-adec-019274849117\">Lataa<\/a><\/div>\n\n\n\n<div class=\"wp-block-file\"><a id=\"wp-block-file--media-87a74862-44a2-4b09-bea4-fccdd36ddbec\" href=\"https:\/\/www.kktavastia.fi\/media\/sites\/8\/resepti-matematiikan-opiskeluun-kopio.pdf\">Resepti-matematiikan-opiskeluun-kopio<\/a><a href=\"https:\/\/www.kktavastia.fi\/media\/sites\/8\/resepti-matematiikan-opiskeluun-kopio.pdf\" class=\"wp-block-file__button wp-element-button\" download aria-describedby=\"wp-block-file--media-87a74862-44a2-4b09-bea4-fccdd36ddbec\">Lataa<\/a><\/div>\n\n\n\n<div class=\"wp-block-file\"><a id=\"wp-block-file--media-621632ae-73bc-47ff-92ae-bc9f6e694b30\" href=\"https:\/\/www.kktavastia.fi\/media\/sites\/8\/resepti-kemian-ja-fysiikan-opiskeluun-.pdf\">Resepti-kemian-ja-fysiikan-opiskeluun-<\/a><a href=\"https:\/\/www.kktavastia.fi\/media\/sites\/8\/resepti-kemian-ja-fysiikan-opiskeluun-.pdf\" class=\"wp-block-file__button wp-element-button\" download aria-describedby=\"wp-block-file--media-621632ae-73bc-47ff-92ae-bc9f6e694b30\">Lataa<\/a><\/div>\n\n\n\n<div class=\"wp-block-file\"><a id=\"wp-block-file--media-370b37fa-0fd8-4562-b8ef-d522743a4e89\" href=\"https:\/\/www.kktavastia.fi\/media\/sites\/8\/reseptit-kielten-opiskeluun.pdf\">Reseptit-kielten-opiskeluun<\/a><a href=\"https:\/\/www.kktavastia.fi\/media\/sites\/8\/reseptit-kielten-opiskeluun.pdf\" class=\"wp-block-file__button wp-element-button\" download aria-describedby=\"wp-block-file--media-370b37fa-0fd8-4562-b8ef-d522743a4e89\">Lataa<\/a><\/div>\n\n\n\n<div class=\"wp-block-file\"><a id=\"wp-block-file--media-4bf88c03-0f98-4505-bb5f-7cd234b1bfc6\" href=\"https:\/\/www.kktavastia.fi\/media\/sites\/8\/resepti-reaalin-lukulaksyn-opiskelemiseen-.pdf\">Resepti-reaalin-lukulaksyn-opiskelemiseen-<\/a><a href=\"https:\/\/www.kktavastia.fi\/media\/sites\/8\/resepti-reaalin-lukulaksyn-opiskelemiseen-.pdf\" class=\"wp-block-file__button wp-element-button\" download aria-describedby=\"wp-block-file--media-4bf88c03-0f98-4505-bb5f-7cd234b1bfc6\">Lataa<\/a><\/div>\n\n\n\n<div class=\"wp-block-file\"><a id=\"wp-block-file--media-eb486c85-8888-4be3-b304-391b1435c4e8\" href=\"https:\/\/www.kktavastia.fi\/media\/sites\/8\/resepti-reaalin-esseevastauksen-kirjoittaiseen-kopio.pdf\">Resepti-reaalin-esseevastauksen-kirjoittaiseen-kopio<\/a><a href=\"https:\/\/www.kktavastia.fi\/media\/sites\/8\/resepti-reaalin-esseevastauksen-kirjoittaiseen-kopio.pdf\" class=\"wp-block-file__button wp-element-button\" download aria-describedby=\"wp-block-file--media-eb486c85-8888-4be3-b304-391b1435c4e8\">Lataa<\/a><\/div>\n\n\n\n<h3 class=\"wp-block-heading\">Huoltajan valvontavastuu<\/h3>\n\n\n\n<p>Oppivelvollisen huoltajan on huolehdittava siit\u00e4, ett\u00e4 oppivelvollinen suorittaa oppivelvollisuuden. Huoltajalle l\u00f6ytyy oma opas t\u00e4\u00e4lt\u00e4 <a href=\"https:\/\/www.kktavastia.fi\/lukiot-hameenlinnan-lyseo\/huoltajille\/\">https:\/\/www.kktavastia.fi\/lukiot-hameenlinnan-lyseo\/huoltajille\/<\/a><\/p>\n\n\n\n<h3 class=\"wp-block-heading\">Ylioppilastutkinto<\/h3>\n\n\n\n<p>Ylioppilaskokeet tehd\u00e4\u00e4n kokonaan s\u00e4hk\u00f6isesti.  Saat lis\u00e4tietoa ylioppilastutkinnosta n\u00e4ilt\u00e4 kotisivuilta kohdasta ylioppilastutkinto ja niihin osallistumisesta ja ilmoittautumisesta kotisivujen Abi-infosta. Huomaa, ett\u00e4 rehtorin abi-infoihin osallistuminen on pakollista silloin, kun aikoo ilmoittautua ja osallistua ylioppilaskokeisiin.<\/p>\n","protected":false},"excerpt":{"rendered":"<p>Oppivelvollisuus ja maksuton koulutus Jos tulet suoraan peruskoulun 9. luokalta opiskelemaan toisen asteen koulutusta, olet oppivelvollinen. Sinulle kuuluu maksuttomana opetus, [&hellip;]<\/p>\n","protected":false},"author":3,"featured_media":50,"parent":59,"menu_order":1,"comment_status":"closed","ping_status":"closed","template":"","meta":{"_acf_changed":false,"_relevanssi_hide_post":"","_relevanssi_hide_content":"","_relevanssi_pin_for_all":"","_relevanssi_pin_keywords":"","_relevanssi_unpin_keywords":"","_relevanssi_related_keywords":"","_relevanssi_related_include_ids":"","_relevanssi_related_exclude_ids":"","_relevanssi_related_no_append":"","_relevanssi_related_not_related":"","_relevanssi_related_posts":"2468,2838,2661,2033,2596,1471","_relevanssi_noindex_reason":"","footnotes":""},"class_list":["post-3484","page","type-page","status-publish","has-post-thumbnail","hentry"],"acf":[],"yoast_head":"<title>Opinnoista yleist\u00e4 - H\u00e4meenlinnan lyseon lukio<\/title>\n<meta name=\"robots\" content=\"index, follow, max-snippet:-1, max-image-preview:large, max-video-preview:-1\" \/>\n<link rel=\"canonical\" href=\"https:\/\/www.kktavastia.fi\/lukiot-hameenlinnan-lyseo\/opetus\/opinnot-lops21-mukaan-s2021-tai-jalkeen-aloittaneet\/\" \/>\n<meta property=\"og:locale\" content=\"fi_FI\" \/>\n<meta property=\"og:type\" content=\"article\" \/>\n<meta property=\"og:title\" content=\"Opinnoista yleist\u00e4 - H\u00e4meenlinnan lyseon lukio\" \/>\n<meta property=\"og:description\" content=\"Oppivelvollisuus ja maksuton koulutus Jos tulet suoraan peruskoulun 9. luokalta opiskelemaan toisen asteen koulutusta, olet oppivelvollinen. Sinulle kuuluu maksuttomana opetus, [&hellip;]\" \/>\n<meta property=\"og:url\" content=\"https:\/\/www.kktavastia.fi\/lukiot-hameenlinnan-lyseo\/opetus\/opinnot-lops21-mukaan-s2021-tai-jalkeen-aloittaneet\/\" \/>\n<meta property=\"og:site_name\" content=\"H\u00e4meenlinnan lyseon lukio\" \/>\n<meta property=\"article:modified_time\" content=\"2025-06-16T07:16:47+00:00\" \/>\n<meta property=\"og:image\" content=\"https:\/\/www.kktavastia.fi\/media\/sites\/8\/img_0955-scaled-e1622633442341.jpg\" \/>\n\t<meta property=\"og:image:width\" content=\"2027\" \/>\n\t<meta property=\"og:image:height\" content=\"1034\" \/>\n\t<meta property=\"og:image:type\" content=\"image\/jpeg\" \/>\n<meta name=\"twitter:card\" content=\"summary_large_image\" \/>\n<script type=\"application\/ld+json\" class=\"yoast-schema-graph\">{\"@context\":\"https:\\\/\\\/schema.org\",\"@graph\":[{\"@type\":\"WebPage\",\"@id\":\"https:\\\/\\\/www.kktavastia.fi\\\/lukiot-hameenlinnan-lyseo\\\/opetus\\\/opinnot-lops21-mukaan-s2021-tai-jalkeen-aloittaneet\\\/\",\"url\":\"https:\\\/\\\/www.kktavastia.fi\\\/lukiot-hameenlinnan-lyseo\\\/opetus\\\/opinnot-lops21-mukaan-s2021-tai-jalkeen-aloittaneet\\\/\",\"name\":\"Opinnoista yleist\u00e4 - H\u00e4meenlinnan lyseon lukio\",\"isPartOf\":{\"@id\":\"https:\\\/\\\/www.kktavastia.fi\\\/lukiot-hameenlinnan-lyseo\\\/#website\"},\"primaryImageOfPage\":{\"@id\":\"https:\\\/\\\/www.kktavastia.fi\\\/lukiot-hameenlinnan-lyseo\\\/opetus\\\/opinnot-lops21-mukaan-s2021-tai-jalkeen-aloittaneet\\\/#primaryimage\"},\"image\":{\"@id\":\"https:\\\/\\\/www.kktavastia.fi\\\/lukiot-hameenlinnan-lyseo\\\/opetus\\\/opinnot-lops21-mukaan-s2021-tai-jalkeen-aloittaneet\\\/#primaryimage\"},\"thumbnailUrl\":\"https:\\\/\\\/www.kktavastia.fi\\\/media\\\/sites\\\/8\\\/img_0955-scaled-e1622633442341.jpg\",\"datePublished\":\"2021-06-02T11:26:55+00:00\",\"dateModified\":\"2025-06-16T07:16:47+00:00\",\"breadcrumb\":{\"@id\":\"https:\\\/\\\/www.kktavastia.fi\\\/lukiot-hameenlinnan-lyseo\\\/opetus\\\/opinnot-lops21-mukaan-s2021-tai-jalkeen-aloittaneet\\\/#breadcrumb\"},\"inLanguage\":\"fi\",\"potentialAction\":[{\"@type\":\"ReadAction\",\"target\":[\"https:\\\/\\\/www.kktavastia.fi\\\/lukiot-hameenlinnan-lyseo\\\/opetus\\\/opinnot-lops21-mukaan-s2021-tai-jalkeen-aloittaneet\\\/\"]}]},{\"@type\":\"ImageObject\",\"inLanguage\":\"fi\",\"@id\":\"https:\\\/\\\/www.kktavastia.fi\\\/lukiot-hameenlinnan-lyseo\\\/opetus\\\/opinnot-lops21-mukaan-s2021-tai-jalkeen-aloittaneet\\\/#primaryimage\",\"url\":\"https:\\\/\\\/www.kktavastia.fi\\\/media\\\/sites\\\/8\\\/img_0955-scaled-e1622633442341.jpg\",\"contentUrl\":\"https:\\\/\\\/www.kktavastia.fi\\\/media\\\/sites\\\/8\\\/img_0955-scaled-e1622633442341.jpg\",\"width\":2027,\"height\":1034},{\"@type\":\"BreadcrumbList\",\"@id\":\"https:\\\/\\\/www.kktavastia.fi\\\/lukiot-hameenlinnan-lyseo\\\/opetus\\\/opinnot-lops21-mukaan-s2021-tai-jalkeen-aloittaneet\\\/#breadcrumb\",\"itemListElement\":[{\"@type\":\"ListItem\",\"position\":1,\"name\":\"Home\",\"item\":\"https:\\\/\\\/www.kktavastia.fi\\\/lukiot-hameenlinnan-lyseo\\\/\"},{\"@type\":\"ListItem\",\"position\":2,\"name\":\"Opetus ja ohjaus\",\"item\":\"https:\\\/\\\/www.kktavastia.fi\\\/lukiot-hameenlinnan-lyseo\\\/opetus\\\/\"},{\"@type\":\"ListItem\",\"position\":3,\"name\":\"Opinnoista yleist\u00e4\"}]},{\"@type\":\"WebSite\",\"@id\":\"https:\\\/\\\/www.kktavastia.fi\\\/lukiot-hameenlinnan-lyseo\\\/#website\",\"url\":\"https:\\\/\\\/www.kktavastia.fi\\\/lukiot-hameenlinnan-lyseo\\\/\",\"name\":\"H\u00e4meenlinnan lyseon lukio\",\"description\":\"\",\"potentialAction\":[{\"@type\":\"SearchAction\",\"target\":{\"@type\":\"EntryPoint\",\"urlTemplate\":\"https:\\\/\\\/www.kktavastia.fi\\\/lukiot-hameenlinnan-lyseo\\\/?s={search_term_string}\"},\"query-input\":{\"@type\":\"PropertyValueSpecification\",\"valueRequired\":true,\"valueName\":\"search_term_string\"}}],\"inLanguage\":\"fi\"}]}<\/script>","yoast_head_json":{"title":"Opinnoista yleist\u00e4 - H\u00e4meenlinnan lyseon lukio","robots":{"index":"index","follow":"follow","max-snippet":"max-snippet:-1","max-image-preview":"max-image-preview:large","max-video-preview":"max-video-preview:-1"},"canonical":"https:\/\/www.kktavastia.fi\/lukiot-hameenlinnan-lyseo\/opetus\/opinnot-lops21-mukaan-s2021-tai-jalkeen-aloittaneet\/","og_locale":"fi_FI","og_type":"article","og_title":"Opinnoista yleist\u00e4 - H\u00e4meenlinnan lyseon lukio","og_description":"Oppivelvollisuus ja maksuton koulutus Jos tulet suoraan peruskoulun 9. luokalta opiskelemaan toisen asteen koulutusta, olet oppivelvollinen. Sinulle kuuluu maksuttomana opetus, [&hellip;]","og_url":"https:\/\/www.kktavastia.fi\/lukiot-hameenlinnan-lyseo\/opetus\/opinnot-lops21-mukaan-s2021-tai-jalkeen-aloittaneet\/","og_site_name":"H\u00e4meenlinnan lyseon lukio","article_modified_time":"2025-06-16T07:16:47+00:00","og_image":[{"width":2027,"height":1034,"url":"https:\/\/www.kktavastia.fi\/media\/sites\/8\/img_0955-scaled-e1622633442341.jpg","type":"image\/jpeg"}],"twitter_card":"summary_large_image","schema":{"@context":"https:\/\/schema.org","@graph":[{"@type":"WebPage","@id":"https:\/\/www.kktavastia.fi\/lukiot-hameenlinnan-lyseo\/opetus\/opinnot-lops21-mukaan-s2021-tai-jalkeen-aloittaneet\/","url":"https:\/\/www.kktavastia.fi\/lukiot-hameenlinnan-lyseo\/opetus\/opinnot-lops21-mukaan-s2021-tai-jalkeen-aloittaneet\/","name":"Opinnoista yleist\u00e4 - H\u00e4meenlinnan lyseon lukio","isPartOf":{"@id":"https:\/\/www.kktavastia.fi\/lukiot-hameenlinnan-lyseo\/#website"},"primaryImageOfPage":{"@id":"https:\/\/www.kktavastia.fi\/lukiot-hameenlinnan-lyseo\/opetus\/opinnot-lops21-mukaan-s2021-tai-jalkeen-aloittaneet\/#primaryimage"},"image":{"@id":"https:\/\/www.kktavastia.fi\/lukiot-hameenlinnan-lyseo\/opetus\/opinnot-lops21-mukaan-s2021-tai-jalkeen-aloittaneet\/#primaryimage"},"thumbnailUrl":"https:\/\/www.kktavastia.fi\/media\/sites\/8\/img_0955-scaled-e1622633442341.jpg","datePublished":"2021-06-02T11:26:55+00:00","dateModified":"2025-06-16T07:16:47+00:00","breadcrumb":{"@id":"https:\/\/www.kktavastia.fi\/lukiot-hameenlinnan-lyseo\/opetus\/opinnot-lops21-mukaan-s2021-tai-jalkeen-aloittaneet\/#breadcrumb"},"inLanguage":"fi","potentialAction":[{"@type":"ReadAction","target":["https:\/\/www.kktavastia.fi\/lukiot-hameenlinnan-lyseo\/opetus\/opinnot-lops21-mukaan-s2021-tai-jalkeen-aloittaneet\/"]}]},{"@type":"ImageObject","inLanguage":"fi","@id":"https:\/\/www.kktavastia.fi\/lukiot-hameenlinnan-lyseo\/opetus\/opinnot-lops21-mukaan-s2021-tai-jalkeen-aloittaneet\/#primaryimage","url":"https:\/\/www.kktavastia.fi\/media\/sites\/8\/img_0955-scaled-e1622633442341.jpg","contentUrl":"https:\/\/www.kktavastia.fi\/media\/sites\/8\/img_0955-scaled-e1622633442341.jpg","width":2027,"height":1034},{"@type":"BreadcrumbList","@id":"https:\/\/www.kktavastia.fi\/lukiot-hameenlinnan-lyseo\/opetus\/opinnot-lops21-mukaan-s2021-tai-jalkeen-aloittaneet\/#breadcrumb","itemListElement":[{"@type":"ListItem","position":1,"name":"Home","item":"https:\/\/www.kktavastia.fi\/lukiot-hameenlinnan-lyseo\/"},{"@type":"ListItem","position":2,"name":"Opetus ja ohjaus","item":"https:\/\/www.kktavastia.fi\/lukiot-hameenlinnan-lyseo\/opetus\/"},{"@type":"ListItem","position":3,"name":"Opinnoista yleist\u00e4"}]},{"@type":"WebSite","@id":"https:\/\/www.kktavastia.fi\/lukiot-hameenlinnan-lyseo\/#website","url":"https:\/\/www.kktavastia.fi\/lukiot-hameenlinnan-lyseo\/","name":"H\u00e4meenlinnan lyseon lukio","description":"","potentialAction":[{"@type":"SearchAction","target":{"@type":"EntryPoint","urlTemplate":"https:\/\/www.kktavastia.fi\/lukiot-hameenlinnan-lyseo\/?s={search_term_string}"},"query-input":{"@type":"PropertyValueSpecification","valueRequired":true,"valueName":"search_term_string"}}],"inLanguage":"fi"}]}},"_links":{"self":[{"href":"https:\/\/www.kktavastia.fi\/lukiot-hameenlinnan-lyseo\/wp-json\/wp\/v2\/pages\/3484","targetHints":{"allow":["GET"]}}],"collection":[{"href":"https:\/\/www.kktavastia.fi\/lukiot-hameenlinnan-lyseo\/wp-json\/wp\/v2\/pages"}],"about":[{"href":"https:\/\/www.kktavastia.fi\/lukiot-hameenlinnan-lyseo\/wp-json\/wp\/v2\/types\/page"}],"author":[{"embeddable":true,"href":"https:\/\/www.kktavastia.fi\/lukiot-hameenlinnan-lyseo\/wp-json\/wp\/v2\/users\/3"}],"replies":[{"embeddable":true,"href":"https:\/\/www.kktavastia.fi\/lukiot-hameenlinnan-lyseo\/wp-json\/wp\/v2\/comments?post=3484"}],"version-history":[{"count":24,"href":"https:\/\/www.kktavastia.fi\/lukiot-hameenlinnan-lyseo\/wp-json\/wp\/v2\/pages\/3484\/revisions"}],"predecessor-version":[{"id":5769,"href":"https:\/\/www.kktavastia.fi\/lukiot-hameenlinnan-lyseo\/wp-json\/wp\/v2\/pages\/3484\/revisions\/5769"}],"up":[{"embeddable":true,"href":"https:\/\/www.kktavastia.fi\/lukiot-hameenlinnan-lyseo\/wp-json\/wp\/v2\/pages\/59"}],"wp:featuredmedia":[{"embeddable":true,"href":"https:\/\/www.kktavastia.fi\/lukiot-hameenlinnan-lyseo\/wp-json\/wp\/v2\/media\/50"}],"wp:attachment":[{"href":"https:\/\/www.kktavastia.fi\/lukiot-hameenlinnan-lyseo\/wp-json\/wp\/v2\/media?parent=3484"}],"curies":[{"name":"wp","href":"https:\/\/api.w.org\/{rel}","templated":true}]}}