{"id":308,"date":"2021-01-13T15:47:25","date_gmt":"2021-01-13T13:47:25","guid":{"rendered":"https:\/\/kktavastia.vaiheessa.fi\/lukiot-hameenlinnan-lyseo\/?page_id=308"},"modified":"2026-04-15T10:33:13","modified_gmt":"2026-04-15T07:33:13","slug":"abi-info","status":"publish","type":"page","link":"https:\/\/www.kktavastia.fi\/lukiot-hameenlinnan-lyseo\/ylioppilastutkinto\/abi-info\/","title":{"rendered":"Abi-info"},"content":{"rendered":"\n<h3 class=\"wp-block-heading\">Rehtorin abi-infot kokelaille<\/h3>\n\n\n\n<p>Abi-infot pidet\u00e4\u00e4n, jotta jokainen kokelas osaisi ilmoittautua, toimia kokeissa ja ymm\u00e4rt\u00e4\u00e4 ylioppilastutkintoon liittyv\u00e4t m\u00e4\u00e4r\u00e4ykset. Abi-infoihin osallistuminen on yo-kokelaalle pakollista.<\/p>\n\n\n\n<ul class=\"wp-block-list\">\n<li>Ilmoittautumiseen liittyv\u00e4t infot marraskuussa (kev\u00e4\u00e4n kokeisiin) ja toukokuussa (syksyn kokeisiin).<\/li>\n\n\n\n<li>Kokeessa toimimiseen ja tutkintom\u00e4\u00e4r\u00e4yksiin liittyv\u00e4t infot syyskuussa (syksyn kokeita koskien) ja tammikuussa (kev\u00e4\u00e4n kokeita koskien). Samassa yhteydess\u00e4 puhutaan valmistumiseen liittyvist\u00e4 asioista.<\/li>\n<\/ul>\n\n\n\n<h3 class=\"wp-block-heading\">Abi-info syksyn 2026 kokeisiin osallistuvalle<\/h3>\n\n\n\n<p>Voit kerrata abi-infon asioita alla olevista tiedostoista materiaaleista, jotka julkaistaan, kun abi-infot on pidetty.<br>Seuraavat abi-infot syksyn 2026 kokeisiin ilmoittautuvalle pidet\u00e4\u00e4n <br>ma 4.5.klo 12.45 ja<br>ti 5.5. klo 12.45 <br>kumpikin A-rakennuksen liikuntasalissa.<\/p>\n\n\n\n<h3 class=\"wp-block-heading\">Syksyn 2026 ylioppilaskokeet<\/h3>\n\n\n\n<p>Ylioppilaskokeiden p\u00e4iv\u00e4m\u00e4\u00e4r\u00e4t julkaistaan tutkintolautakunnan sivuilla.<br>\u2013 kirjoitettavien aineiden pakolliset kurssit tulee olla suoritettuna ennen yo-kokeita:<\/p>\n\n\n\n<p><a href=\"https:\/\/www.ylioppilastutkinto.fi\/fi\/tutkinnon-suorittaminen\/koepaivat\/syksyn-2026-koepaivat\">Syksyn 2026 koep\u00e4iv\u00e4t<\/a><\/p>\n\n\n\n<p><a href=\"https:\/\/www.ylioppilastutkinto.fi\/fi\/tutkinnon-suorittaminen\/koepaivat\/kevaan-2027-koepaivat\">Kev\u00e4\u00e4n 2027 koep\u00e4iv\u00e4t<\/a><\/p>\n\n\n\n<h3 class=\"wp-block-heading\">Saapuminen syksyn 2026 ylioppilaskokeisiin<\/h3>\n\n\n\n<p>Koepaikat ja tarkka aikataulu ilmoitetaan t\u00e4ss\u00e4 syksyll\u00e4 hyviss\u00e4 ajoin ennen kokeiden alkua. Kokeet p\u00e4\u00e4s\u00e4\u00e4nt\u00f6isesti pidet\u00e4\u00e4n Tavastia Areenalla, mutta osa kokeista voidaan j\u00e4rjest\u00e4\u00e4 my\u00f6skin Kaurialan lukiossa.<\/p>\n\n\n\n<p><strong>Ilmoitathan etuk\u00e4teen lyseon lukion kansliaan, jos et aio osallistua kokeeseen lainkaan<\/strong>! (tiina.hokkanen@kktavastia.fi&nbsp;tai puh 050 5090757). \u00c4killiset peruuntumiset ilmoitetaan AINA rehtorille puhelimitse 040&nbsp;749 3843 (mm \u00e4killiset sairaustapaukset).<\/p>\n\n\n\n<p><strong><u>Koep\u00e4iv\u00e4kohtaiset ohjeet:<\/u>\u00a0saapumisaikataulu ja saapumisovi<\/strong><\/p>\n\n\n\n<p>Kokelaat tulevat Areenalle kahdesta eri ulko-ovesta (p\u00e4\u00e4ovi ja Peuhulan ovi)\u00a0ja k\u00e4ytt\u00e4v\u00e4t my\u00f6s eri pukuhuoneita. Koetilaan ohjataan pukuhuoneesta keltaisin kyltein. Kun olet j\u00e4tt\u00e4nyt p\u00e4\u00e4llysvaatteesi pukuhuoneeseen, siirry ev\u00e4iden ym. tarkastukseen seuraamalla keltaisia opasteita. \u00a0Noudata saapumisohjeita, jotta saadaan sis\u00e4\u00e4ntulo sujuvaksi.<\/p>\n\n\n\n<p>\u00c4l\u00e4 ota mukaan arvoesineit\u00e4. Jos v\u00e4ltt\u00e4m\u00e4tt\u00e4 tarvitset mukaan esim. lompakon tai puhelimen, merkitse ne tai varaa niille l\u00e4pin\u00e4kyv\u00e4 pieni pussi, jossa on nimesi.<\/p>\n\n\n\n<p>Huolehdithan k\u00e4sien pesusta ja\/tai desinfioinnista k\u00e4sidesill\u00e4 wc-k\u00e4yntien yhteydess\u00e4.<\/p>\n\n\n\n<h3 class=\"wp-block-heading\">YO-kokeisiin ilmoittautuminen -rehtorin abi-info<\/h3>\n\n\n\n<aside class=\"block block-featured-story\">\n  <div class=\"container\">\n    <h3>Varmista osaamisesi abittikokeessa!<\/h3>\n      <p>Varmista Abitti-osaamisesi yo-kokeissa! Harjoittele koulussa abittikokeissa. Jos tietokoneesi tarvitsee p\u00e4ivityst\u00e4 tai koneesi vaihtuu, on syyt\u00e4 testata kone abittij\u00e4rjestelm\u00e4ss\u00e4 ennen kuin saapuu yo-kokeeseen.<\/p>\n          <\/div>\n<\/aside>\n\n\n\n<p>Kev\u00e4\u00e4n ylioppilaskokeisiin ilmoittautuminen on edellisen marraskuun aikana ja syksyn kokeisiin toukokuussa. <\/p>\n\n\n\n<p><strong>Lyseon nykyinen opiskelija<\/strong>: Syksyn 2026  yo-kokeisiin ilmoittaudutaan Wilmassa lomakkeella YO-ilmoittautuminen. Lomake on auki 7.5.-27.5.2026. Sen j\u00e4lkeen teht\u00e4v\u00e4t ilmoittautumiset tai niiden muutokset tehd\u00e4\u00e4n vain koulun kanslian kautta toukokuun aikana.<\/p>\n\n\n\n<p><strong>Mik\u00e4li olet jo valmistunut <\/strong>aiemmin H\u00e4meenlinnan lyseon lukiosta ja tulet korottamaan arvosanojasi tai t\u00e4ydent\u00e4m\u00e4\u00e4n tutkintoasi, voit ilmoittautua yo-kokeisiin s\u00e4hk\u00f6isen lomakkeen kautta. Tarvittaessa voit kysy\u00e4 neuvoja ilmoittautumiseen lukion kansliasta (Tiina Hokkanen, <a href=\"mailto:tiina.hokkanen@kktavastia.fi\">tiina.hokkanen@kktavastia.fi<\/a> tai opoilta). Kev\u00e4\u00e4n 2026 yo-kokeisiin voi ilmoittautua s\u00e4hk\u00f6isen lomakkeen kautta 1.5.2026 klo 7.00 &#8211; 5.6.2026 klo 23.59. Lomakkeeseen p\u00e4\u00e4set t\u00e4st\u00e4, kun se aukeaa\u00a0<a href=\"https:\/\/link.webropolsurveys.com\/S\/C2B17FAA799DF515\">https:\/\/link.webropolsurveys.com\/S\/C2B17FAA799DF515<\/a><\/p>\n\n\n\n<h3 class=\"wp-block-heading\" id=\"ylioppilaskirjoitusten-tulokset\">Ylioppilaskirjoitusten tulokset<\/h3>\n\n\n\n<p>Tulosten saapumisesta ilmoitetaan erikseen kunkin tutkintokerran osalta.  Tulokset siirret\u00e4\u00e4n opiskelijoiden Wilmaan mahd.pian samana aamup\u00e4iv\u00e4n\u00e4. Muut opiskelijat n\u00e4kev\u00e4t tuloksensa Opintopolusta seuraavana p\u00e4iv\u00e4n\u00e4.  <\/p>\n\n\n\n<p>Kev\u00e4\u00e4n tulokset julkaistaan 12.5.2026 ja ne siirret\u00e4\u00e4n Wilmaan aamup\u00e4iv\u00e4n aikana. <\/p>\n\n\n\n<h3 class=\"wp-block-heading\">Valmistuminen kev\u00e4\u00e4ll\u00e4 2026<\/h3>\n\n\n\n<ul class=\"wp-block-list\">\n<li>Kev\u00e4\u00e4n 2026 lakkiaiset la 30.5. klo 10.00 Pohjant\u00e4hti Areenalla (kesto n. 2 tuntia)<\/li>\n\n\n\n<li>Lakkiaisharjoitukset kev\u00e4\u00e4n juhlaa pe 29.5. klo 17.00<\/li>\n\n\n\n<li>Kun uudet ylioppilaat ovat selvill\u00e4, rehtori l\u00e4hett\u00e4\u00e4 viestin, jossa on lis\u00e4tietoa juhliin liittyen.<\/li>\n\n\n\n<li><\/li>\n<\/ul>\n","protected":false},"excerpt":{"rendered":"<p>Rehtorin abi-infot kokelaille Abi-infot pidet\u00e4\u00e4n, jotta jokainen kokelas osaisi ilmoittautua, toimia kokeissa ja ymm\u00e4rt\u00e4\u00e4 ylioppilastutkintoon liittyv\u00e4t m\u00e4\u00e4r\u00e4ykset. Abi-infoihin osallistuminen on [&hellip;]<\/p>\n","protected":false},"author":6,"featured_media":0,"parent":301,"menu_order":2,"comment_status":"closed","ping_status":"closed","template":"","meta":{"_acf_changed":false,"_relevanssi_hide_post":"","_relevanssi_hide_content":"","_relevanssi_pin_for_all":"","_relevanssi_pin_keywords":"","_relevanssi_unpin_keywords":"","_relevanssi_related_keywords":"","_relevanssi_related_include_ids":"","_relevanssi_related_exclude_ids":"","_relevanssi_related_no_append":"","_relevanssi_related_not_related":"","_relevanssi_related_posts":"33","_relevanssi_noindex_reason":"","footnotes":""},"class_list":["post-308","page","type-page","status-publish","hentry"],"acf":[],"yoast_head":"<title>Abi-info H\u00e4meenlinnan lyseon lukio | Tietoa abeille ylioppilaskirjoituksista<\/title>\n<meta name=\"description\" content=\"Abi-info H\u00e4meenlinnan lyseon lukion opiskelijoille: tietoa abeille ylioppilaskirjoituksista ja kirjoituksiin valmistautumisesta.\" \/>\n<meta name=\"robots\" content=\"index, follow, max-snippet:-1, max-image-preview:large, max-video-preview:-1\" \/>\n<link rel=\"canonical\" href=\"https:\/\/www.kktavastia.fi\/lukiot-hameenlinnan-lyseo\/ylioppilastutkinto\/abi-info\/\" \/>\n<meta property=\"og:locale\" content=\"fi_FI\" \/>\n<meta property=\"og:type\" content=\"article\" \/>\n<meta property=\"og:title\" content=\"Abi-info H\u00e4meenlinnan lyseon lukio | Tietoa abeille ylioppilaskirjoituksista\" \/>\n<meta property=\"og:description\" content=\"Abi-info H\u00e4meenlinnan lyseon lukion opiskelijoille: tietoa abeille ylioppilaskirjoituksista ja kirjoituksiin valmistautumisesta.\" \/>\n<meta property=\"og:url\" content=\"https:\/\/www.kktavastia.fi\/lukiot-hameenlinnan-lyseo\/ylioppilastutkinto\/abi-info\/\" \/>\n<meta property=\"og:site_name\" content=\"H\u00e4meenlinnan lyseon lukio\" \/>\n<meta property=\"article:modified_time\" content=\"2026-04-15T07:33:13+00:00\" \/>\n<meta name=\"twitter:card\" content=\"summary_large_image\" \/>\n<script type=\"application\/ld+json\" class=\"yoast-schema-graph\">{\"@context\":\"https:\\\/\\\/schema.org\",\"@graph\":[{\"@type\":\"WebPage\",\"@id\":\"https:\\\/\\\/www.kktavastia.fi\\\/lukiot-hameenlinnan-lyseo\\\/ylioppilastutkinto\\\/abi-info\\\/\",\"url\":\"https:\\\/\\\/www.kktavastia.fi\\\/lukiot-hameenlinnan-lyseo\\\/ylioppilastutkinto\\\/abi-info\\\/\",\"name\":\"Abi-info H\u00e4meenlinnan lyseon lukio | Tietoa abeille ylioppilaskirjoituksista\",\"isPartOf\":{\"@id\":\"https:\\\/\\\/www.kktavastia.fi\\\/lukiot-hameenlinnan-lyseo\\\/#website\"},\"datePublished\":\"2021-01-13T13:47:25+00:00\",\"dateModified\":\"2026-04-15T07:33:13+00:00\",\"description\":\"Abi-info H\u00e4meenlinnan lyseon lukion opiskelijoille: tietoa abeille ylioppilaskirjoituksista ja kirjoituksiin valmistautumisesta.\",\"breadcrumb\":{\"@id\":\"https:\\\/\\\/www.kktavastia.fi\\\/lukiot-hameenlinnan-lyseo\\\/ylioppilastutkinto\\\/abi-info\\\/#breadcrumb\"},\"inLanguage\":\"fi\",\"potentialAction\":[{\"@type\":\"ReadAction\",\"target\":[\"https:\\\/\\\/www.kktavastia.fi\\\/lukiot-hameenlinnan-lyseo\\\/ylioppilastutkinto\\\/abi-info\\\/\"]}]},{\"@type\":\"BreadcrumbList\",\"@id\":\"https:\\\/\\\/www.kktavastia.fi\\\/lukiot-hameenlinnan-lyseo\\\/ylioppilastutkinto\\\/abi-info\\\/#breadcrumb\",\"itemListElement\":[{\"@type\":\"ListItem\",\"position\":1,\"name\":\"Home\",\"item\":\"https:\\\/\\\/www.kktavastia.fi\\\/lukiot-hameenlinnan-lyseo\\\/\"},{\"@type\":\"ListItem\",\"position\":2,\"name\":\"Ylioppilastutkinto\",\"item\":\"https:\\\/\\\/www.kktavastia.fi\\\/lukiot-hameenlinnan-lyseo\\\/ylioppilastutkinto\\\/\"},{\"@type\":\"ListItem\",\"position\":3,\"name\":\"Abi-info\"}]},{\"@type\":\"WebSite\",\"@id\":\"https:\\\/\\\/www.kktavastia.fi\\\/lukiot-hameenlinnan-lyseo\\\/#website\",\"url\":\"https:\\\/\\\/www.kktavastia.fi\\\/lukiot-hameenlinnan-lyseo\\\/\",\"name\":\"H\u00e4meenlinnan lyseon lukio\",\"description\":\"\",\"potentialAction\":[{\"@type\":\"SearchAction\",\"target\":{\"@type\":\"EntryPoint\",\"urlTemplate\":\"https:\\\/\\\/www.kktavastia.fi\\\/lukiot-hameenlinnan-lyseo\\\/?s={search_term_string}\"},\"query-input\":{\"@type\":\"PropertyValueSpecification\",\"valueRequired\":true,\"valueName\":\"search_term_string\"}}],\"inLanguage\":\"fi\"}]}<\/script>","yoast_head_json":{"title":"Abi-info H\u00e4meenlinnan lyseon lukio | Tietoa abeille ylioppilaskirjoituksista","description":"Abi-info H\u00e4meenlinnan lyseon lukion opiskelijoille: tietoa abeille ylioppilaskirjoituksista ja kirjoituksiin valmistautumisesta.","robots":{"index":"index","follow":"follow","max-snippet":"max-snippet:-1","max-image-preview":"max-image-preview:large","max-video-preview":"max-video-preview:-1"},"canonical":"https:\/\/www.kktavastia.fi\/lukiot-hameenlinnan-lyseo\/ylioppilastutkinto\/abi-info\/","og_locale":"fi_FI","og_type":"article","og_title":"Abi-info H\u00e4meenlinnan lyseon lukio | Tietoa abeille ylioppilaskirjoituksista","og_description":"Abi-info H\u00e4meenlinnan lyseon lukion opiskelijoille: tietoa abeille ylioppilaskirjoituksista ja kirjoituksiin valmistautumisesta.","og_url":"https:\/\/www.kktavastia.fi\/lukiot-hameenlinnan-lyseo\/ylioppilastutkinto\/abi-info\/","og_site_name":"H\u00e4meenlinnan lyseon lukio","article_modified_time":"2026-04-15T07:33:13+00:00","twitter_card":"summary_large_image","schema":{"@context":"https:\/\/schema.org","@graph":[{"@type":"WebPage","@id":"https:\/\/www.kktavastia.fi\/lukiot-hameenlinnan-lyseo\/ylioppilastutkinto\/abi-info\/","url":"https:\/\/www.kktavastia.fi\/lukiot-hameenlinnan-lyseo\/ylioppilastutkinto\/abi-info\/","name":"Abi-info H\u00e4meenlinnan lyseon lukio | Tietoa abeille ylioppilaskirjoituksista","isPartOf":{"@id":"https:\/\/www.kktavastia.fi\/lukiot-hameenlinnan-lyseo\/#website"},"datePublished":"2021-01-13T13:47:25+00:00","dateModified":"2026-04-15T07:33:13+00:00","description":"Abi-info H\u00e4meenlinnan lyseon lukion opiskelijoille: tietoa abeille ylioppilaskirjoituksista ja kirjoituksiin valmistautumisesta.","breadcrumb":{"@id":"https:\/\/www.kktavastia.fi\/lukiot-hameenlinnan-lyseo\/ylioppilastutkinto\/abi-info\/#breadcrumb"},"inLanguage":"fi","potentialAction":[{"@type":"ReadAction","target":["https:\/\/www.kktavastia.fi\/lukiot-hameenlinnan-lyseo\/ylioppilastutkinto\/abi-info\/"]}]},{"@type":"BreadcrumbList","@id":"https:\/\/www.kktavastia.fi\/lukiot-hameenlinnan-lyseo\/ylioppilastutkinto\/abi-info\/#breadcrumb","itemListElement":[{"@type":"ListItem","position":1,"name":"Home","item":"https:\/\/www.kktavastia.fi\/lukiot-hameenlinnan-lyseo\/"},{"@type":"ListItem","position":2,"name":"Ylioppilastutkinto","item":"https:\/\/www.kktavastia.fi\/lukiot-hameenlinnan-lyseo\/ylioppilastutkinto\/"},{"@type":"ListItem","position":3,"name":"Abi-info"}]},{"@type":"WebSite","@id":"https:\/\/www.kktavastia.fi\/lukiot-hameenlinnan-lyseo\/#website","url":"https:\/\/www.kktavastia.fi\/lukiot-hameenlinnan-lyseo\/","name":"H\u00e4meenlinnan lyseon lukio","description":"","potentialAction":[{"@type":"SearchAction","target":{"@type":"EntryPoint","urlTemplate":"https:\/\/www.kktavastia.fi\/lukiot-hameenlinnan-lyseo\/?s={search_term_string}"},"query-input":{"@type":"PropertyValueSpecification","valueRequired":true,"valueName":"search_term_string"}}],"inLanguage":"fi"}]}},"_links":{"self":[{"href":"https:\/\/www.kktavastia.fi\/lukiot-hameenlinnan-lyseo\/wp-json\/wp\/v2\/pages\/308","targetHints":{"allow":["GET"]}}],"collection":[{"href":"https:\/\/www.kktavastia.fi\/lukiot-hameenlinnan-lyseo\/wp-json\/wp\/v2\/pages"}],"about":[{"href":"https:\/\/www.kktavastia.fi\/lukiot-hameenlinnan-lyseo\/wp-json\/wp\/v2\/types\/page"}],"author":[{"embeddable":true,"href":"https:\/\/www.kktavastia.fi\/lukiot-hameenlinnan-lyseo\/wp-json\/wp\/v2\/users\/6"}],"replies":[{"embeddable":true,"href":"https:\/\/www.kktavastia.fi\/lukiot-hameenlinnan-lyseo\/wp-json\/wp\/v2\/comments?post=308"}],"version-history":[{"count":24,"href":"https:\/\/www.kktavastia.fi\/lukiot-hameenlinnan-lyseo\/wp-json\/wp\/v2\/pages\/308\/revisions"}],"predecessor-version":[{"id":6141,"href":"https:\/\/www.kktavastia.fi\/lukiot-hameenlinnan-lyseo\/wp-json\/wp\/v2\/pages\/308\/revisions\/6141"}],"up":[{"embeddable":true,"href":"https:\/\/www.kktavastia.fi\/lukiot-hameenlinnan-lyseo\/wp-json\/wp\/v2\/pages\/301"}],"wp:attachment":[{"href":"https:\/\/www.kktavastia.fi\/lukiot-hameenlinnan-lyseo\/wp-json\/wp\/v2\/media?parent=308"}],"curies":[{"name":"wp","href":"https:\/\/api.w.org\/{rel}","templated":true}]}}