{"id":286,"date":"2021-01-13T15:06:16","date_gmt":"2021-01-13T13:06:16","guid":{"rendered":"https:\/\/kktavastia.vaiheessa.fi\/lukiot-hameenlinnan-lyseo\/?page_id=286"},"modified":"2026-03-27T09:34:11","modified_gmt":"2026-03-27T07:34:11","slug":"it-palvelut","status":"publish","type":"page","link":"https:\/\/www.kktavastia.fi\/lukiot-hameenlinnan-lyseo\/opiskelijalle\/it-palvelut\/","title":{"rendered":"IT-palvelut"},"content":{"rendered":"\n<p class=\"is-style-ingress\">IT-asioissa lyseolaisia auttaa Koulutuskuntayhtym\u00e4 Tavastian IT-palvelut.<\/p>\n\n\n\n<ul class=\"wp-block-list\">\n<li>Hattelmalantie 6 (G-rakennus), 1 krs.<\/li>\n\n\n\n<li>IT-palveluiden yhteinen puhelinnumero on 03 6581 700&nbsp;(emme vaihda salasanaa puhelimitse).<\/li>\n<\/ul>\n\n\n\n<p>IT-palvelut palvelevat erilaisissa tietotekniikkaan liittyviss\u00e4 asioissa kuten laitteiden ja tietoj\u00e4rjestelmien toimivuudessa. Neuvomme my\u00f6s ongelmatilanteissa.<\/p>\n\n\n\n<p>Aloittaessaan opiskelun opiskelija saa henkil\u00f6kohtaisen k\u00e4ytt\u00e4j\u00e4tunnuksen, jolla h\u00e4n p\u00e4\u00e4see kirjautumaan Koulutuskuntayhtym\u00e4 Tavastian tietokoneille ja Moodleen.<\/p>\n\n\n\n<p>Tavastian IT-ohjeet l\u00f6ytyv\u00e4t&nbsp;<a href=\"https:\/\/livekktavastia-my.sharepoint.com\/personal\/700_kktavastia_fi\/_layouts\/15\/WopiFrame.aspx?guestaccesstoken=pPq0jP2t3Ffm2FQzSIzvNd4ckkrzpQ1ZjSODLZ4zka0%3d&amp;folderid=0fe14ae9fd66340c4b5664372be92fcc3&amp;action=view\">Opiskelija Pertist\u00e4.<\/a><\/p>\n\n\n\n<h3 class=\"wp-block-heading\">K\u00e4yt\u00e4nn\u00f6n ohjeita<\/h3>\n\n\n\n<h5 class=\"wp-block-heading\">Salasanan vaihtaminen<\/h5>\n\n\n\n<p>Mik\u00e4li salasana on vanhentumassa voi sen vaihtaa joko koulun koneella CTRL+ALT+DEL tai&nbsp;<a href=\"https:\/\/account.activedirectory.windowsazure.com\/ChangePassword.aspx?portalUrl=https%3a%2f%2faccount.activedirectory.windowsazure.com%2fProfile%2fDefault.aspx\">t\u00e4\u00e4lt\u00e4<\/a>.<br>Unohtuneen tai vanhentuneen salasanan voi vaihtaa&nbsp;<a href=\"http:\/\/passwordreset.microsoftonline.com\/\">linkist\u00e4<\/a>. T\u00e4m\u00e4 edellytt\u00e4\u00e4 ett\u00e4 tiedot salasanan palauttamiseksi on aiemmin&nbsp;<a href=\"https:\/\/account.activedirectory.windowsazure.com\/passwordreset\/register.aspx?regref=Profile&amp;returl=https%3a%2f%2faccount.activedirectory.windowsazure.com%2fProfile%2fDefault.aspx\">annettu<\/a>. Mik\u00e4li n\u00e4m\u00e4 eiv\u00e4t onnistu, niin tulee henkil\u00f6kohtaisesti hakea uusi salasana&nbsp;opintotoimistoista,&nbsp; IT-palveluista tai pyyt\u00e4\u00e4 opettajalta. Salasanaa hakiessa tulee todistaa henkil\u00f6llisyys esimerkiksi opiskelijakortilla. Lyseon lukiossa uuden salasanan antaa opintosihteeri Tiina Hokkanen.<\/p>\n\n\n\n<h5 class=\"wp-block-heading\">S\u00e4hk\u00f6posti<\/h5>\n\n\n\n<p>Opiskelija&nbsp;saa automaattisesti s\u00e4hk\u00f6postin, joka on muotoa k\u00e4ytt\u00e4j\u00e4tunnus@live.kktavastia.fi. S\u00e4hk\u00f6posti on osa&nbsp;<a href=\"https:\/\/outlook.com\/live.kktavastia.fi\" target=\"_blank\" rel=\"noreferrer noopener\">Office 365<\/a>&nbsp;-pilvipalvelua.<\/p>\n\n\n\n<h5 class=\"wp-block-heading\">Moodle<\/h5>\n\n\n\n<p>Tavastian verkko-oppimisalustana k\u00e4ytet\u00e4\u00e4n Moodlea. Moodle toimii osana l\u00e4hiopetuksen tukena sek\u00e4 tarjoaa joitakin verkkokursseja. Moodleen vied\u00e4\u00e4n opiskelun materiaaleja, teht\u00e4vi\u00e4 sek\u00e4 niiden palautuksia.<\/p>\n\n\n\n<h5 class=\"wp-block-heading\">Tallennustila<\/h5>\n\n\n\n<p>Opiskelijalle on OneDrive for Business (Office 365-pilvipalvelu) rajattomasti tallennustilaa. OneDrive on helppo tapa jakaa tiedostoja muille k\u00e4ytt\u00e4jille.<\/p>\n\n\n\n<h5 class=\"wp-block-heading\">Langaton verkko<\/h5>\n\n\n\n<p>Opiskelijoilla &nbsp;on mahdollisuus k\u00e4ytt\u00e4\u00e4 omia laitteitaan Tavastian rakennuksissa, jolloin he voivat k\u00e4ytt\u00e4\u00e4 langatonta verkkoa nimelt\u00e4 Tavastia-Open.<\/p>\n\n\n\n<h5 class=\"wp-block-heading\">Ohjelmistot<\/h5>\n\n\n\n<p>Opiskelijat voivat hankkia ohjelmia opiskelijahintaan. Office 365-pilvipalvelun kautta opiskelija saa k\u00e4ytt\u00f6\u00f6ns\u00e4 opiskelujensa ajaksi Office-paketin maksutta. Lis\u00e4tietoa ohjelmistoista l\u00f6ytyy Opiskelija Pertist\u00e4.<\/p>\n\n\n\n<h5 class=\"wp-block-heading\">T\u00e4rkeit\u00e4 linkkej\u00e4 Opiskelija Pertin ohjeisiin<\/h5>\n\n\n\n<ul class=\"wp-block-list\">\n<li><a href=\"https:\/\/livekktavastia-my.sharepoint.com\/personal\/700_kktavastia_fi\/_layouts\/15\/WopiFrame.aspx?guestaccesstoken=pPq0jP2t3Ffm2FQzSIzvNd4ckkrzpQ1ZjSODLZ4zka0%3d&amp;folderid=0fe14ae9fd66340c4b5664372be92fcc3&amp;action=view\">Aloitussivu<\/a><\/li>\n\n\n\n<li><a rel=\"noreferrer noopener\" href=\"https:\/\/outlook.com\/live.kktavastia.fi\" target=\"_blank\">K\u00e4ytt\u00f6s\u00e4\u00e4nn\u00f6t<\/a><\/li>\n<\/ul>\n\n\n\n<p><\/p>\n","protected":false},"excerpt":{"rendered":"<p>IT-asioissa lyseolaisia auttaa Koulutuskuntayhtym\u00e4 Tavastian IT-palvelut. IT-palvelut palvelevat erilaisissa tietotekniikkaan liittyviss\u00e4 asioissa kuten laitteiden ja tietoj\u00e4rjestelmien toimivuudessa. Neuvomme my\u00f6s ongelmatilanteissa. [&hellip;]<\/p>\n","protected":false},"author":6,"featured_media":0,"parent":77,"menu_order":5,"comment_status":"closed","ping_status":"closed","template":"","meta":{"_acf_changed":false,"_relevanssi_hide_post":"","_relevanssi_hide_content":"","_relevanssi_pin_for_all":"","_relevanssi_pin_keywords":"","_relevanssi_unpin_keywords":"","_relevanssi_related_keywords":"","_relevanssi_related_include_ids":"","_relevanssi_related_exclude_ids":"","_relevanssi_related_no_append":"","_relevanssi_related_not_related":"","_relevanssi_related_posts":"33","_relevanssi_noindex_reason":"","footnotes":""},"class_list":["post-286","page","type-page","status-publish","hentry"],"acf":[],"yoast_head":"<title>IT-palvelut | H\u00e4meenlinnan lyseon lukio | Salasanan vaihtaminen<\/title>\n<meta name=\"description\" content=\"IT-palvelut H\u00e4meenlinnan lyseon lukiossa tuottaa KK Tavastian IT-palvelut. Vaihda salasana ja tutustu lis\u00e4tietoihin t\u00e4\u00e4ll\u00e4.\" \/>\n<meta name=\"robots\" content=\"index, follow, max-snippet:-1, max-image-preview:large, max-video-preview:-1\" \/>\n<link rel=\"canonical\" href=\"https:\/\/www.kktavastia.fi\/lukiot-hameenlinnan-lyseo\/opiskelijalle\/it-palvelut\/\" \/>\n<meta property=\"og:locale\" content=\"fi_FI\" \/>\n<meta property=\"og:type\" content=\"article\" \/>\n<meta property=\"og:title\" content=\"IT-palvelut | H\u00e4meenlinnan lyseon lukio | Salasanan vaihtaminen\" \/>\n<meta property=\"og:description\" content=\"IT-palvelut H\u00e4meenlinnan lyseon lukiossa tuottaa KK Tavastian IT-palvelut. Vaihda salasana ja tutustu lis\u00e4tietoihin t\u00e4\u00e4ll\u00e4.\" \/>\n<meta property=\"og:url\" content=\"https:\/\/www.kktavastia.fi\/lukiot-hameenlinnan-lyseo\/opiskelijalle\/it-palvelut\/\" \/>\n<meta property=\"og:site_name\" content=\"H\u00e4meenlinnan lyseon lukio\" \/>\n<meta property=\"article:modified_time\" content=\"2026-03-27T07:34:11+00:00\" \/>\n<meta name=\"twitter:card\" content=\"summary_large_image\" \/>\n<script type=\"application\/ld+json\" class=\"yoast-schema-graph\">{\"@context\":\"https:\\\/\\\/schema.org\",\"@graph\":[{\"@type\":\"WebPage\",\"@id\":\"https:\\\/\\\/www.kktavastia.fi\\\/lukiot-hameenlinnan-lyseo\\\/opiskelijalle\\\/it-palvelut\\\/\",\"url\":\"https:\\\/\\\/www.kktavastia.fi\\\/lukiot-hameenlinnan-lyseo\\\/opiskelijalle\\\/it-palvelut\\\/\",\"name\":\"IT-palvelut | H\u00e4meenlinnan lyseon lukio | Salasanan vaihtaminen\",\"isPartOf\":{\"@id\":\"https:\\\/\\\/www.kktavastia.fi\\\/lukiot-hameenlinnan-lyseo\\\/#website\"},\"datePublished\":\"2021-01-13T13:06:16+00:00\",\"dateModified\":\"2026-03-27T07:34:11+00:00\",\"description\":\"IT-palvelut H\u00e4meenlinnan lyseon lukiossa tuottaa KK Tavastian IT-palvelut. Vaihda salasana ja tutustu lis\u00e4tietoihin t\u00e4\u00e4ll\u00e4.\",\"breadcrumb\":{\"@id\":\"https:\\\/\\\/www.kktavastia.fi\\\/lukiot-hameenlinnan-lyseo\\\/opiskelijalle\\\/it-palvelut\\\/#breadcrumb\"},\"inLanguage\":\"fi\",\"potentialAction\":[{\"@type\":\"ReadAction\",\"target\":[\"https:\\\/\\\/www.kktavastia.fi\\\/lukiot-hameenlinnan-lyseo\\\/opiskelijalle\\\/it-palvelut\\\/\"]}]},{\"@type\":\"BreadcrumbList\",\"@id\":\"https:\\\/\\\/www.kktavastia.fi\\\/lukiot-hameenlinnan-lyseo\\\/opiskelijalle\\\/it-palvelut\\\/#breadcrumb\",\"itemListElement\":[{\"@type\":\"ListItem\",\"position\":1,\"name\":\"Home\",\"item\":\"https:\\\/\\\/www.kktavastia.fi\\\/lukiot-hameenlinnan-lyseo\\\/\"},{\"@type\":\"ListItem\",\"position\":2,\"name\":\"Opiskelijalle\",\"item\":\"https:\\\/\\\/www.kktavastia.fi\\\/lukiot-hameenlinnan-lyseo\\\/opiskelijalle\\\/\"},{\"@type\":\"ListItem\",\"position\":3,\"name\":\"IT-palvelut\"}]},{\"@type\":\"WebSite\",\"@id\":\"https:\\\/\\\/www.kktavastia.fi\\\/lukiot-hameenlinnan-lyseo\\\/#website\",\"url\":\"https:\\\/\\\/www.kktavastia.fi\\\/lukiot-hameenlinnan-lyseo\\\/\",\"name\":\"H\u00e4meenlinnan lyseon lukio\",\"description\":\"\",\"potentialAction\":[{\"@type\":\"SearchAction\",\"target\":{\"@type\":\"EntryPoint\",\"urlTemplate\":\"https:\\\/\\\/www.kktavastia.fi\\\/lukiot-hameenlinnan-lyseo\\\/?s={search_term_string}\"},\"query-input\":{\"@type\":\"PropertyValueSpecification\",\"valueRequired\":true,\"valueName\":\"search_term_string\"}}],\"inLanguage\":\"fi\"}]}<\/script>","yoast_head_json":{"title":"IT-palvelut | H\u00e4meenlinnan lyseon lukio | Salasanan vaihtaminen","description":"IT-palvelut H\u00e4meenlinnan lyseon lukiossa tuottaa KK Tavastian IT-palvelut. Vaihda salasana ja tutustu lis\u00e4tietoihin t\u00e4\u00e4ll\u00e4.","robots":{"index":"index","follow":"follow","max-snippet":"max-snippet:-1","max-image-preview":"max-image-preview:large","max-video-preview":"max-video-preview:-1"},"canonical":"https:\/\/www.kktavastia.fi\/lukiot-hameenlinnan-lyseo\/opiskelijalle\/it-palvelut\/","og_locale":"fi_FI","og_type":"article","og_title":"IT-palvelut | H\u00e4meenlinnan lyseon lukio | Salasanan vaihtaminen","og_description":"IT-palvelut H\u00e4meenlinnan lyseon lukiossa tuottaa KK Tavastian IT-palvelut. Vaihda salasana ja tutustu lis\u00e4tietoihin t\u00e4\u00e4ll\u00e4.","og_url":"https:\/\/www.kktavastia.fi\/lukiot-hameenlinnan-lyseo\/opiskelijalle\/it-palvelut\/","og_site_name":"H\u00e4meenlinnan lyseon lukio","article_modified_time":"2026-03-27T07:34:11+00:00","twitter_card":"summary_large_image","schema":{"@context":"https:\/\/schema.org","@graph":[{"@type":"WebPage","@id":"https:\/\/www.kktavastia.fi\/lukiot-hameenlinnan-lyseo\/opiskelijalle\/it-palvelut\/","url":"https:\/\/www.kktavastia.fi\/lukiot-hameenlinnan-lyseo\/opiskelijalle\/it-palvelut\/","name":"IT-palvelut | H\u00e4meenlinnan lyseon lukio | Salasanan vaihtaminen","isPartOf":{"@id":"https:\/\/www.kktavastia.fi\/lukiot-hameenlinnan-lyseo\/#website"},"datePublished":"2021-01-13T13:06:16+00:00","dateModified":"2026-03-27T07:34:11+00:00","description":"IT-palvelut H\u00e4meenlinnan lyseon lukiossa tuottaa KK Tavastian IT-palvelut. Vaihda salasana ja tutustu lis\u00e4tietoihin t\u00e4\u00e4ll\u00e4.","breadcrumb":{"@id":"https:\/\/www.kktavastia.fi\/lukiot-hameenlinnan-lyseo\/opiskelijalle\/it-palvelut\/#breadcrumb"},"inLanguage":"fi","potentialAction":[{"@type":"ReadAction","target":["https:\/\/www.kktavastia.fi\/lukiot-hameenlinnan-lyseo\/opiskelijalle\/it-palvelut\/"]}]},{"@type":"BreadcrumbList","@id":"https:\/\/www.kktavastia.fi\/lukiot-hameenlinnan-lyseo\/opiskelijalle\/it-palvelut\/#breadcrumb","itemListElement":[{"@type":"ListItem","position":1,"name":"Home","item":"https:\/\/www.kktavastia.fi\/lukiot-hameenlinnan-lyseo\/"},{"@type":"ListItem","position":2,"name":"Opiskelijalle","item":"https:\/\/www.kktavastia.fi\/lukiot-hameenlinnan-lyseo\/opiskelijalle\/"},{"@type":"ListItem","position":3,"name":"IT-palvelut"}]},{"@type":"WebSite","@id":"https:\/\/www.kktavastia.fi\/lukiot-hameenlinnan-lyseo\/#website","url":"https:\/\/www.kktavastia.fi\/lukiot-hameenlinnan-lyseo\/","name":"H\u00e4meenlinnan lyseon lukio","description":"","potentialAction":[{"@type":"SearchAction","target":{"@type":"EntryPoint","urlTemplate":"https:\/\/www.kktavastia.fi\/lukiot-hameenlinnan-lyseo\/?s={search_term_string}"},"query-input":{"@type":"PropertyValueSpecification","valueRequired":true,"valueName":"search_term_string"}}],"inLanguage":"fi"}]}},"_links":{"self":[{"href":"https:\/\/www.kktavastia.fi\/lukiot-hameenlinnan-lyseo\/wp-json\/wp\/v2\/pages\/286","targetHints":{"allow":["GET"]}}],"collection":[{"href":"https:\/\/www.kktavastia.fi\/lukiot-hameenlinnan-lyseo\/wp-json\/wp\/v2\/pages"}],"about":[{"href":"https:\/\/www.kktavastia.fi\/lukiot-hameenlinnan-lyseo\/wp-json\/wp\/v2\/types\/page"}],"author":[{"embeddable":true,"href":"https:\/\/www.kktavastia.fi\/lukiot-hameenlinnan-lyseo\/wp-json\/wp\/v2\/users\/6"}],"replies":[{"embeddable":true,"href":"https:\/\/www.kktavastia.fi\/lukiot-hameenlinnan-lyseo\/wp-json\/wp\/v2\/comments?post=286"}],"version-history":[{"count":9,"href":"https:\/\/www.kktavastia.fi\/lukiot-hameenlinnan-lyseo\/wp-json\/wp\/v2\/pages\/286\/revisions"}],"predecessor-version":[{"id":5039,"href":"https:\/\/www.kktavastia.fi\/lukiot-hameenlinnan-lyseo\/wp-json\/wp\/v2\/pages\/286\/revisions\/5039"}],"up":[{"embeddable":true,"href":"https:\/\/www.kktavastia.fi\/lukiot-hameenlinnan-lyseo\/wp-json\/wp\/v2\/pages\/77"}],"wp:attachment":[{"href":"https:\/\/www.kktavastia.fi\/lukiot-hameenlinnan-lyseo\/wp-json\/wp\/v2\/media?parent=286"}],"curies":[{"name":"wp","href":"https:\/\/api.w.org\/{rel}","templated":true}]}}