{"id":229,"date":"2021-01-13T12:40:57","date_gmt":"2021-01-13T10:40:57","guid":{"rendered":"https:\/\/kktavastia.vaiheessa.fi\/lukiot-hameenlinnan-lyseo\/?page_id=229"},"modified":"2026-03-25T13:59:27","modified_gmt":"2026-03-25T11:59:27","slug":"vuoden-lyseolainen","status":"publish","type":"page","link":"https:\/\/www.kktavastia.fi\/lukiot-hameenlinnan-lyseo\/opiskelijalle\/historiaa\/vuoden-lyseolainen\/","title":{"rendered":"Vuoden lyseolainen"},"content":{"rendered":"\n<p class=\"is-style-ingress\">Vuoden lyseolainen valitaan joka vuosi entisten oppilaiden joukosta. <\/p>\n\n\n\n<p>Entisten oppilaiden yhdistyksen hallitus on valinnut Vuoden lyseolaiseksi 2025 vuoden 1985 ylioppilaan, l\u00e4\u00e4ketieteen tohtorin, tutkijan ja tutkimusverkoston johtajan, lastenneurologian professorin <strong>Leena Haatajan<\/strong>. H\u00e4n on omistautunut mahdollisuuksien tasa-arvon toteuttamiselle. <\/p>\n\n\n\n<section class=\"block block-image-content-upsell right-image\">\n  <div class=\"container\">\n\n    <div class=\"cols\">\n      <div class=\"col col-content\">\n        <div class=\"content content-dark\">\n          <h3>Vuoden lyseolainen 2025: Leena Haataja<\/h3>\n          <p>Vuoden lyseolaiseksi 2025 on valittu ylioppilas 1985, l\u00e4\u00e4ketieteen tohtori, tutkija ja tutkimusverkoston johtaja, lastenneurologian professori <strong>Leena Haataja.<\/strong><\/p>\n                      <a href=\"https:\/\/www.kktavastia.fi\/lukiot-hameenlinnan-lyseo\/2025\/vuoden-lyseolainen-on-leena-haataja\/\" class=\"button button-light\">Lue lis\u00e4\u00e4<svg xmlns=\"http:\/\/www.w3.org\/2000\/svg\" width=\"23\" height=\"8\" viewBox=\"0 0 23 8\"><path d=\"M1 3.818h21.23m0 0L19.153.764m3.077 3.054l-3.077 3.055\" stroke=\"currentColor\" stroke-width=\"1.5\" fill=\"none\" fill-rule=\"evenodd\" stroke-linecap=\"round\" stroke-linejoin=\"round\"\/><\/svg>\n<\/a>\n                  <\/div>\n      <\/div>\n\n      <div class=\"col col-image\">\n            <div class=\"lazy\"\n      data-bg=\"https:\/\/www.kktavastia.fi\/media\/sites\/8\/leena-haataja.png\"\n          >\n    <\/div>\n\n          <\/div>\n    <\/div>\n\n  <\/div>\n<\/section>\n\n\n\n<p><\/p>\n\n\n\n<section class=\"block block-image-content-upsell right-image\">\n  <div class=\"container\">\n\n    <div class=\"cols\">\n      <div class=\"col col-content\">\n        <div class=\"content content-dark\">\n          <h3>Vuoden lyseolainen 2024 on Jyrki Linnankivi<\/h3>\n          <p>Vuoden 2024 vuoden lyseolainen Jyrki Linnankivi on elinik\u00e4isen oppimisen ja monialaisen osaamisen moniottelija.<\/p>\n                      <a href=\"https:\/\/www.kktavastia.fi\/lukiot-hameenlinnan-lyseo\/2024\/vuoden-lyseolainen-on-jyrki-linnankivi-lyseo-juhli-myos-ylioppilaitaan\/\" class=\"button button-light\">Lue lis\u00e4\u00e4<svg xmlns=\"http:\/\/www.w3.org\/2000\/svg\" width=\"23\" height=\"8\" viewBox=\"0 0 23 8\"><path d=\"M1 3.818h21.23m0 0L19.153.764m3.077 3.054l-3.077 3.055\" stroke=\"currentColor\" stroke-width=\"1.5\" fill=\"none\" fill-rule=\"evenodd\" stroke-linecap=\"round\" stroke-linejoin=\"round\"\/><\/svg>\n<\/a>\n                  <\/div>\n      <\/div>\n\n      <div class=\"col col-image\">\n            <div class=\"lazy\"\n      data-bg=\"https:\/\/www.kktavastia.fi\/media\/sites\/8\/jyrki-linnankivi-scaled.jpg\"\n          >\n    <\/div>\n\n          <\/div>\n    <\/div>\n\n  <\/div>\n<\/section>\n\n\n\n<section class=\"block block-image-content-upsell right-image\">\n  <div class=\"container\">\n\n    <div class=\"cols\">\n      <div class=\"col col-content\">\n        <div class=\"content content-dark\">\n          <h3>Vuoden lyseolainen 2023 on Jaakko Lehtovirta<\/h3>\n          <p>Vuorovaikutustaito on sit\u00e4, miten kykenemme kytkeytym\u00e4\u00e4n toisiimme, auttamaan toisiamme ja hy\u00f6dynt\u00e4m\u00e4\u00e4n toistemme voimavaroja, sanoo suurl\u00e4hettil\u00e4s Jaakko Lehtovirta.<\/p>\n                      <a href=\"https:\/\/www.kktavastia.fi\/lukiot-hameenlinnan-lyseo\/2023\/vuoden-lyseolainen-on-ukrainan-suurlahettilas-jaakko-lehtovirta\/\" class=\"button button-light\">Lue lis\u00e4\u00e4<svg xmlns=\"http:\/\/www.w3.org\/2000\/svg\" width=\"23\" height=\"8\" viewBox=\"0 0 23 8\"><path d=\"M1 3.818h21.23m0 0L19.153.764m3.077 3.054l-3.077 3.055\" stroke=\"currentColor\" stroke-width=\"1.5\" fill=\"none\" fill-rule=\"evenodd\" stroke-linecap=\"round\" stroke-linejoin=\"round\"\/><\/svg>\n<\/a>\n                  <\/div>\n      <\/div>\n\n      <div class=\"col col-image\">\n            <div class=\"lazy\"\n      data-bg=\"https:\/\/www.kktavastia.fi\/media\/sites\/8\/jaakko-lehtovirta-vuoden-lyseolainen-2023.jpg\"\n          >\n    <\/div>\n\n          <\/div>\n    <\/div>\n\n  <\/div>\n<\/section>\n\n\n\n<section class=\"block block-image-content-upsell right-image\">\n  <div class=\"container\">\n\n    <div class=\"cols\">\n      <div class=\"col col-content\">\n        <div class=\"content content-dark\">\n          <h3>Asko Kaipainen on Vuoden lyseolainen 2022<\/h3>\n          <p>Arkkitehti Asko Kaipaisen suunnitteluj\u00e4lki on n\u00e4ht\u00e4viss\u00e4 lukuisissa rakennuskohteissamme.<\/p>\n                      <a href=\"https:\/\/www.kktavastia.fi\/lukiot-hameenlinnan-lyseo\/2022\/vuoden-lyseolaisen-jalki-nakyy-ymparistossamme\/\" class=\"button button-light\">Lue lis\u00e4\u00e4<svg xmlns=\"http:\/\/www.w3.org\/2000\/svg\" width=\"23\" height=\"8\" viewBox=\"0 0 23 8\"><path d=\"M1 3.818h21.23m0 0L19.153.764m3.077 3.054l-3.077 3.055\" stroke=\"currentColor\" stroke-width=\"1.5\" fill=\"none\" fill-rule=\"evenodd\" stroke-linecap=\"round\" stroke-linejoin=\"round\"\/><\/svg>\n<\/a>\n                  <\/div>\n      <\/div>\n\n      <div class=\"col col-image\">\n            <div class=\"lazy\"\n      data-bg=\"https:\/\/www.kktavastia.fi\/media\/sites\/8\/asko-kaipainen.jpg\"\n          >\n    <\/div>\n\n          <\/div>\n    <\/div>\n\n  <\/div>\n<\/section>\n\n\n\n<section class=\"block block-image-content-upsell right-image\">\n  <div class=\"container\">\n\n    <div class=\"cols\">\n      <div class=\"col col-content\">\n        <div class=\"content content-dark\">\n          <h3>Jussi Kaurolasta Vuoden lyseolainen 2021<\/h3>\n          <p>Vuoden lyseolainen tuntee s\u00e4\u00e4t, meret ja ilmaston.<\/p>\n                      <a href=\"https:\/\/www.kktavastia.fi\/lukiot-hameenlinnan-lyseo\/2021\/vuoden-lyseolainen-tuntee-saat-meret-ja-ilmaston\/\" class=\"button button-light\">Lue lis\u00e4\u00e4<svg xmlns=\"http:\/\/www.w3.org\/2000\/svg\" width=\"23\" height=\"8\" viewBox=\"0 0 23 8\"><path d=\"M1 3.818h21.23m0 0L19.153.764m3.077 3.054l-3.077 3.055\" stroke=\"currentColor\" stroke-width=\"1.5\" fill=\"none\" fill-rule=\"evenodd\" stroke-linecap=\"round\" stroke-linejoin=\"round\"\/><\/svg>\n<\/a>\n                  <\/div>\n      <\/div>\n\n      <div class=\"col col-image\">\n            <div class=\"lazy\"\n      data-bg=\"https:\/\/www.kktavastia.fi\/media\/sites\/8\/jussikaurola-2_veikkosomerpuro-e1638537496484.jpg\"\n          >\n    <\/div>\n\n          <\/div>\n    <\/div>\n\n  <\/div>\n<\/section>\n\n\n\n<h3 class=\"wp-block-heading\">Aiemmat Vuoden lyseolaiset<\/h3>\n\n\n\n<p>1996 Jukka Oas, Euroopan unionin edustuston p\u00e4\u00e4llikk\u00f6<\/p>\n\n\n\n<p>1997 Veikko Syyrakki, kaupunginjohtaja<\/p>\n\n\n\n<p>1998 Veijo Meri, akateemikko, kirjailija<\/p>\n\n\n\n<p>1999 Pertti Torstila, suurl\u00e4hettil\u00e4s<\/p>\n\n\n\n<p>2000 Eino Lehtovirta, everstiluutnantti<\/p>\n\n\n\n<p>2001 Markku Veijalainen, p\u00e4\u00e4toimittaja<\/p>\n\n\n\n<p>2002 Hannes Sihvo, professori<\/p>\n\n\n\n<p>2003 Vexi Salmi, sanoittaja, viihdetaiteilija<\/p>\n\n\n\n<p>2004 Maija Peitsalmi, FT<\/p>\n\n\n\n<p>2005 Raimo Honkavuori, opetusneuvos<\/p>\n\n\n\n<p>2006 Juha Itkonen, kirjailija, toimittaja<\/p>\n\n\n\n<p>2007 Pekka Visuri, eversti, valtiotieteen tohtori<\/p>\n\n\n\n<p>2008 Ilkka Uusitalo, suurl\u00e4hettil\u00e4s<\/p>\n\n\n\n<p>2009 Reima T.A. Luoto, tietokirjailija, VTM<\/p>\n\n\n\n<p>2010 Jake Nyman, toimittaja<\/p>\n\n\n\n<p>2011 Pekka Sauri, PH.D<\/p>\n\n\n\n<p>2012 Pekka Vihervuori, korkeimman hallinto-oikeuden presidentti<\/p>\n\n\n\n<p>2013 Seppo Kievari, viestint\u00e4neuvos<\/p>\n\n\n\n<p>2014 Johanna Vuoksenmaa, elokuvaohjaaja<\/p>\n\n\n\n<p>2015 Erkki Korhonen, pianisti, kapellimestari<\/p>\n\n\n\n<p>2016 Maija Itkonen, teollinen muotoilija<\/p>\n\n\n\n<p>2017 Paul Lillrank, teollisuustalouden professori<\/p>\n\n\n\n<p>2018 Timo Metsola, Vuokraturvan toimitusjohtaja ja hallituksen puheenjohtaja<\/p>\n\n\n\n<p>2019 Mika M\u00e4kel\u00e4inen, toimittaja, tietokirjailija<\/p>\n\n\n\n<p>2020 Sally J\u00e4rvel\u00e4, johtajaylil\u00e4\u00e4k\u00e4ri<\/p>\n\n\n\n<p>2021 Jussi Kaurola, Ilmatieteen laitoksen p\u00e4\u00e4johtaja<\/p>\n\n\n\n<p>2022 Asko Kaipainen, arkkitehti<\/p>\n\n\n\n<p>2023 Jaakko Lehtovirta, suurl\u00e4hettil\u00e4s<\/p>\n\n\n\n<p>2024 Jyrki Linnankivi, muusikko (taiteilijanimi Jyrki-69)<\/p>\n","protected":false},"excerpt":{"rendered":"<p>Vuoden lyseolainen valitaan joka vuosi entisten oppilaiden joukosta. Entisten oppilaiden yhdistyksen hallitus on valinnut Vuoden lyseolaiseksi 2025 vuoden 1985 ylioppilaan, [&hellip;]<\/p>\n","protected":false},"author":6,"featured_media":0,"parent":5,"menu_order":0,"comment_status":"closed","ping_status":"closed","template":"","meta":{"_acf_changed":false,"_relevanssi_hide_post":"","_relevanssi_hide_content":"","_relevanssi_pin_for_all":"","_relevanssi_pin_keywords":"","_relevanssi_unpin_keywords":"","_relevanssi_related_keywords":"","_relevanssi_related_include_ids":"","_relevanssi_related_exclude_ids":"","_relevanssi_related_no_append":"","_relevanssi_related_not_related":"","_relevanssi_related_posts":"33","_relevanssi_noindex_reason":"","footnotes":""},"class_list":["post-229","page","type-page","status-publish","hentry"],"acf":[],"yoast_head":"<title>Vuoden lyseolainen H\u00e4meenlinnan lyseon lukio | Katso Vuoden lyseolaiset<\/title>\n<meta name=\"description\" content=\"Vuoden lyseolainen H\u00e4meenlinnan lyseon lukiossa valitaan joka vuosi. Valinnan tekee Entisten oppilaiden yhdistys. Katso kaikki valitut!\" \/>\n<meta name=\"robots\" content=\"index, follow, max-snippet:-1, max-image-preview:large, max-video-preview:-1\" \/>\n<link rel=\"canonical\" href=\"https:\/\/www.kktavastia.fi\/lukiot-hameenlinnan-lyseo\/opiskelijalle\/historiaa\/vuoden-lyseolainen\/\" \/>\n<meta property=\"og:locale\" content=\"fi_FI\" \/>\n<meta property=\"og:type\" content=\"article\" \/>\n<meta property=\"og:title\" content=\"Vuoden lyseolainen H\u00e4meenlinnan lyseon lukio | Katso Vuoden lyseolaiset\" \/>\n<meta property=\"og:description\" content=\"Vuoden lyseolainen H\u00e4meenlinnan lyseon lukiossa valitaan joka vuosi. Valinnan tekee Entisten oppilaiden yhdistys. Katso kaikki valitut!\" \/>\n<meta property=\"og:url\" content=\"https:\/\/www.kktavastia.fi\/lukiot-hameenlinnan-lyseo\/opiskelijalle\/historiaa\/vuoden-lyseolainen\/\" \/>\n<meta property=\"og:site_name\" content=\"H\u00e4meenlinnan lyseon lukio\" \/>\n<meta property=\"article:modified_time\" content=\"2026-03-25T11:59:27+00:00\" \/>\n<meta name=\"twitter:card\" content=\"summary_large_image\" \/>\n<script type=\"application\/ld+json\" class=\"yoast-schema-graph\">{\"@context\":\"https:\/\/schema.org\",\"@graph\":[{\"@type\":\"WebPage\",\"@id\":\"https:\/\/www.kktavastia.fi\/lukiot-hameenlinnan-lyseo\/opiskelijalle\/historiaa\/vuoden-lyseolainen\/\",\"url\":\"https:\/\/www.kktavastia.fi\/lukiot-hameenlinnan-lyseo\/opiskelijalle\/historiaa\/vuoden-lyseolainen\/\",\"name\":\"Vuoden lyseolainen H\u00e4meenlinnan lyseon lukio | Katso Vuoden lyseolaiset\",\"isPartOf\":{\"@id\":\"https:\/\/www.kktavastia.fi\/lukiot-hameenlinnan-lyseo\/#website\"},\"datePublished\":\"2021-01-13T10:40:57+00:00\",\"dateModified\":\"2026-03-25T11:59:27+00:00\",\"description\":\"Vuoden lyseolainen H\u00e4meenlinnan lyseon lukiossa valitaan joka vuosi. Valinnan tekee Entisten oppilaiden yhdistys. Katso kaikki valitut!\",\"breadcrumb\":{\"@id\":\"https:\/\/www.kktavastia.fi\/lukiot-hameenlinnan-lyseo\/opiskelijalle\/historiaa\/vuoden-lyseolainen\/#breadcrumb\"},\"inLanguage\":\"fi\",\"potentialAction\":[{\"@type\":\"ReadAction\",\"target\":[\"https:\/\/www.kktavastia.fi\/lukiot-hameenlinnan-lyseo\/opiskelijalle\/historiaa\/vuoden-lyseolainen\/\"]}]},{\"@type\":\"BreadcrumbList\",\"@id\":\"https:\/\/www.kktavastia.fi\/lukiot-hameenlinnan-lyseo\/opiskelijalle\/historiaa\/vuoden-lyseolainen\/#breadcrumb\",\"itemListElement\":[{\"@type\":\"ListItem\",\"position\":1,\"name\":\"Home\",\"item\":\"https:\/\/www.kktavastia.fi\/lukiot-hameenlinnan-lyseo\/\"},{\"@type\":\"ListItem\",\"position\":2,\"name\":\"Opiskelijalle\",\"item\":\"https:\/\/www.kktavastia.fi\/lukiot-hameenlinnan-lyseo\/opiskelijalle\/\"},{\"@type\":\"ListItem\",\"position\":3,\"name\":\"Koulun historiaa\",\"item\":\"https:\/\/www.kktavastia.fi\/lukiot-hameenlinnan-lyseo\/opiskelijalle\/historiaa\/\"},{\"@type\":\"ListItem\",\"position\":4,\"name\":\"Vuoden lyseolainen\"}]},{\"@type\":\"WebSite\",\"@id\":\"https:\/\/www.kktavastia.fi\/lukiot-hameenlinnan-lyseo\/#website\",\"url\":\"https:\/\/www.kktavastia.fi\/lukiot-hameenlinnan-lyseo\/\",\"name\":\"H\u00e4meenlinnan lyseon lukio\",\"description\":\"\",\"potentialAction\":[{\"@type\":\"SearchAction\",\"target\":{\"@type\":\"EntryPoint\",\"urlTemplate\":\"https:\/\/www.kktavastia.fi\/lukiot-hameenlinnan-lyseo\/?s={search_term_string}\"},\"query-input\":{\"@type\":\"PropertyValueSpecification\",\"valueRequired\":true,\"valueName\":\"search_term_string\"}}],\"inLanguage\":\"fi\"}]}<\/script>","yoast_head_json":{"title":"Vuoden lyseolainen H\u00e4meenlinnan lyseon lukio | Katso Vuoden lyseolaiset","description":"Vuoden lyseolainen H\u00e4meenlinnan lyseon lukiossa valitaan joka vuosi. Valinnan tekee Entisten oppilaiden yhdistys. Katso kaikki valitut!","robots":{"index":"index","follow":"follow","max-snippet":"max-snippet:-1","max-image-preview":"max-image-preview:large","max-video-preview":"max-video-preview:-1"},"canonical":"https:\/\/www.kktavastia.fi\/lukiot-hameenlinnan-lyseo\/opiskelijalle\/historiaa\/vuoden-lyseolainen\/","og_locale":"fi_FI","og_type":"article","og_title":"Vuoden lyseolainen H\u00e4meenlinnan lyseon lukio | Katso Vuoden lyseolaiset","og_description":"Vuoden lyseolainen H\u00e4meenlinnan lyseon lukiossa valitaan joka vuosi. Valinnan tekee Entisten oppilaiden yhdistys. Katso kaikki valitut!","og_url":"https:\/\/www.kktavastia.fi\/lukiot-hameenlinnan-lyseo\/opiskelijalle\/historiaa\/vuoden-lyseolainen\/","og_site_name":"H\u00e4meenlinnan lyseon lukio","article_modified_time":"2026-03-25T11:59:27+00:00","twitter_card":"summary_large_image","schema":{"@context":"https:\/\/schema.org","@graph":[{"@type":"WebPage","@id":"https:\/\/www.kktavastia.fi\/lukiot-hameenlinnan-lyseo\/opiskelijalle\/historiaa\/vuoden-lyseolainen\/","url":"https:\/\/www.kktavastia.fi\/lukiot-hameenlinnan-lyseo\/opiskelijalle\/historiaa\/vuoden-lyseolainen\/","name":"Vuoden lyseolainen H\u00e4meenlinnan lyseon lukio | Katso Vuoden lyseolaiset","isPartOf":{"@id":"https:\/\/www.kktavastia.fi\/lukiot-hameenlinnan-lyseo\/#website"},"datePublished":"2021-01-13T10:40:57+00:00","dateModified":"2026-03-25T11:59:27+00:00","description":"Vuoden lyseolainen H\u00e4meenlinnan lyseon lukiossa valitaan joka vuosi. Valinnan tekee Entisten oppilaiden yhdistys. Katso kaikki valitut!","breadcrumb":{"@id":"https:\/\/www.kktavastia.fi\/lukiot-hameenlinnan-lyseo\/opiskelijalle\/historiaa\/vuoden-lyseolainen\/#breadcrumb"},"inLanguage":"fi","potentialAction":[{"@type":"ReadAction","target":["https:\/\/www.kktavastia.fi\/lukiot-hameenlinnan-lyseo\/opiskelijalle\/historiaa\/vuoden-lyseolainen\/"]}]},{"@type":"BreadcrumbList","@id":"https:\/\/www.kktavastia.fi\/lukiot-hameenlinnan-lyseo\/opiskelijalle\/historiaa\/vuoden-lyseolainen\/#breadcrumb","itemListElement":[{"@type":"ListItem","position":1,"name":"Home","item":"https:\/\/www.kktavastia.fi\/lukiot-hameenlinnan-lyseo\/"},{"@type":"ListItem","position":2,"name":"Opiskelijalle","item":"https:\/\/www.kktavastia.fi\/lukiot-hameenlinnan-lyseo\/opiskelijalle\/"},{"@type":"ListItem","position":3,"name":"Koulun historiaa","item":"https:\/\/www.kktavastia.fi\/lukiot-hameenlinnan-lyseo\/opiskelijalle\/historiaa\/"},{"@type":"ListItem","position":4,"name":"Vuoden lyseolainen"}]},{"@type":"WebSite","@id":"https:\/\/www.kktavastia.fi\/lukiot-hameenlinnan-lyseo\/#website","url":"https:\/\/www.kktavastia.fi\/lukiot-hameenlinnan-lyseo\/","name":"H\u00e4meenlinnan lyseon lukio","description":"","potentialAction":[{"@type":"SearchAction","target":{"@type":"EntryPoint","urlTemplate":"https:\/\/www.kktavastia.fi\/lukiot-hameenlinnan-lyseo\/?s={search_term_string}"},"query-input":{"@type":"PropertyValueSpecification","valueRequired":true,"valueName":"search_term_string"}}],"inLanguage":"fi"}]}},"_links":{"self":[{"href":"https:\/\/www.kktavastia.fi\/lukiot-hameenlinnan-lyseo\/wp-json\/wp\/v2\/pages\/229","targetHints":{"allow":["GET"]}}],"collection":[{"href":"https:\/\/www.kktavastia.fi\/lukiot-hameenlinnan-lyseo\/wp-json\/wp\/v2\/pages"}],"about":[{"href":"https:\/\/www.kktavastia.fi\/lukiot-hameenlinnan-lyseo\/wp-json\/wp\/v2\/types\/page"}],"author":[{"embeddable":true,"href":"https:\/\/www.kktavastia.fi\/lukiot-hameenlinnan-lyseo\/wp-json\/wp\/v2\/users\/6"}],"replies":[{"embeddable":true,"href":"https:\/\/www.kktavastia.fi\/lukiot-hameenlinnan-lyseo\/wp-json\/wp\/v2\/comments?post=229"}],"version-history":[{"count":25,"href":"https:\/\/www.kktavastia.fi\/lukiot-hameenlinnan-lyseo\/wp-json\/wp\/v2\/pages\/229\/revisions"}],"predecessor-version":[{"id":6121,"href":"https:\/\/www.kktavastia.fi\/lukiot-hameenlinnan-lyseo\/wp-json\/wp\/v2\/pages\/229\/revisions\/6121"}],"up":[{"embeddable":true,"href":"https:\/\/www.kktavastia.fi\/lukiot-hameenlinnan-lyseo\/wp-json\/wp\/v2\/pages\/5"}],"wp:attachment":[{"href":"https:\/\/www.kktavastia.fi\/lukiot-hameenlinnan-lyseo\/wp-json\/wp\/v2\/media?parent=229"}],"curies":[{"name":"wp","href":"https:\/\/api.w.org\/{rel}","templated":true}]}}