{"id":168,"date":"2021-01-13T09:01:56","date_gmt":"2021-01-13T07:01:56","guid":{"rendered":"https:\/\/kktavastia.vaiheessa.fi\/lukiot-hameenlinnan-lyseo\/?page_id=168"},"modified":"2025-10-01T10:13:45","modified_gmt":"2025-10-01T07:13:45","slug":"luovan-yrittajyyden-linja","status":"publish","type":"page","link":"https:\/\/www.kktavastia.fi\/lukiot-hameenlinnan-lyseo\/erityislinjat\/luovan-yrittajyyden-linja\/","title":{"rendered":"Luovan yritt\u00e4jyyden linja"},"content":{"rendered":"\n<p class=\"is-style-ingress\">Luovan yritt\u00e4jyyden linjalla l\u00e4hestyt\u00e4\u00e4n yritt\u00e4jyytt\u00e4 k\u00e4yt\u00e4nn\u00f6n toimien ja luovuuden keinoin. Luovuus on voimavara niin tieteiss\u00e4, taiteissa, k\u00e4yt\u00e4nn\u00f6n t\u00f6iss\u00e4 kuin ihmissuhteissakin. Yritt\u00e4j\u00e4m\u00e4inen toimintatapa on osa kaikkia oppiaineita.&nbsp;<\/p>\n\n\n\n<p>H\u00e4meenlinnan lyseon lukion <strong>Luovan yritt\u00e4jyyden linja<\/strong> on toinen koulumme erityislinjoista. Luovan yritt\u00e4jyyden linjalla keski\u00f6ss\u00e4 ovat kolme yritt\u00e4jyyden keskeist\u00e4 ulottuvuutta: itsens\u00e4 johtaminen, bisnesosaaminen ja luovuus. Yri-linjan opinnoissa kehittyv\u00e4t opiskelijan tulevaisuuden ty\u00f6el\u00e4m\u00e4taidot. Opiskelija oppii ajattelemaan laaja-alaisesti ja ratkaisemaan ongelmia muun muassa erilaisten ty\u00f6el\u00e4m\u00e4st\u00e4 nousevien haasteiden kautta. Opiskelijan valmiudet suuntautua jatko-opintoihin kehittyv\u00e4t, sill\u00e4 h\u00e4n pystyy erilaisten kokemusten kautta hankkimaan tietoa ty\u00f6el\u00e4m\u00e4st\u00e4 sek\u00e4 oppii tiedostamaan paremmin omia vahvuuksiaan.<\/p>\n\n\n\n<p>Luovan yritt\u00e4jyyden linjalla l\u00e4hestyt\u00e4\u00e4n yritt\u00e4jyytt\u00e4 k\u00e4yt\u00e4nn\u00f6n toimien ja luovuuden keinoin. Yritt\u00e4jyyslinjalla on toiminnallinen ja osallistava n\u00e4k\u00f6kulma, sill\u00e4 k\u00e4yt\u00e4nn\u00f6n yhteyksien v\u00e4lityksell\u00e4 nuoret saavat kokemuksia oppilaitoksen ulkopuolisista oppimisymp\u00e4rist\u00f6ist\u00e4 niin fyysisist\u00e4 kuin digitaalisistakin. Suuri osa opiskelusta tapahtuu tiimeiss\u00e4, jolloin tiimiin kuuluvat ovat samalla toinen toistensa peilej\u00e4 eli my\u00f6s vertaisohjaus on t\u00e4rke\u00e4ss\u00e4 asemassa. Opettaja toimii valmentajana. Tiimity\u00f6skentelyss\u00e4 voidaan huomioida ja tukea paremmin ja yksil\u00f6llisemmin opiskelijoiden lahjakkuuksia ja vahvuuksia. Luovan yritt\u00e4jyyden linjalla on laajat paikalliset, valtakunnalliset sek\u00e4 kansainv\u00e4liset yhteisty\u00f6verkostot, joissa opiskelija toimii opiskelunsa aikana.&nbsp;<\/p>\n\n\n\n<h3 class=\"wp-block-heading\">Haku luovan yritt\u00e4jyyden linjalle<\/h3>\n\n\n\n<p>Luovan yritt\u00e4jyyden linjalle haetaan yhteishaussa. Yhteishaku syksyll\u00e4 2026 alkavaan koulutukseen on ajalla 17.2.-17.3.2026. Linjalle haetaan Opintopolun kautta.<\/p>\n\n\n\n<p>Luovan yritt\u00e4jyyden linjalle opiskelijat valitaan lukuaineiden keskiarvon perusteella, joka painotetaan \u00e4idinkielen ja kirjallisuuden sek\u00e4 yhteiskuntaopin arvosanoilla. Perusasteen p\u00e4\u00e4tt\u00f6todistuksen lukuaineiden keskiarvon tulee olla v\u00e4hint\u00e4\u00e4n seitsem\u00e4n (7,0).<\/p>\n\n\n\n<div class=\"wp-block-buttons is-layout-flex wp-block-buttons-is-layout-flex\">\n<div class=\"wp-block-button\"><a class=\"wp-block-button__link wp-element-button\" href=\"https:\/\/www.kktavastia.fi\/lukiot-hameenlinnan-lyseo\/tule-opiskelijaksi\/\">Lue lis\u00e4\u00e4 yhteishausta<\/a><\/div>\n<\/div>\n\n\n\n<p><strong>Luovan yritt\u00e4jyyden linjan visio<\/strong><\/p>\n\n\n\n<p>Pyrimme luovasti kohti yritt\u00e4j\u00e4m\u00e4ist\u00e4 toimintaa. &nbsp;<\/p>\n\n\n\n<p><strong>Luovan yritt\u00e4jyyden linjan missio<\/strong><\/p>\n\n\n\n<p>Yrilinjalla edist\u00e4mme tulevaisuuden ty\u00f6el\u00e4m\u00e4taitoja sek\u00e4 harjoittelemme yritt\u00e4jyysosaamisen monia ulottuvuuksia. Luovan yritt\u00e4jyyden linjalla keski\u00f6ss\u00e4 ovat kolme yritt\u00e4jyyden keskeist\u00e4 ulottuvuutta: itsens\u00e4 johtaminen, bisnesosaaminen ja luovuus. Yri-linjan opinnoissa kehittyv\u00e4t opiskelijan tulevaisuuden ty\u00f6el\u00e4m\u00e4taidot. Opiskelija oppii ajattelemaan laaja-alaisesti ja ratkaisemaan ongelmia muun muassa erilaisten ty\u00f6el\u00e4m\u00e4st\u00e4 nousevien haasteiden kautta. Opiskelijan valmiudet suuntautua jatko-opintoihin kehittyv\u00e4t, sill\u00e4 h\u00e4n pystyy erilaisten kokemusten kautta hankkimaan tietoa ty\u00f6el\u00e4m\u00e4st\u00e4 sek\u00e4 oppii tiedostamaan paremmin omia vahvuuksiaan. <\/p>\n\n\n\n<h4 class=\"wp-block-heading\">Luovan yritt\u00e4jyyden linjan opetussuunnitelma<\/h4>\n\n\n\n<p>Luovan yritt\u00e4jyyden linjan opetuksessa toteutuvat kaikki lukion opetussuunnitelman 2021 laaja-alaisen osaamisen osa-alueet hyvinvointiosaaminen, vuorovaikutusosaaminen, monitieteinen ja luova osaaminen, yhteiskunnallinen osaaminen, eettisyys ja ymp\u00e4rist\u00f6osaaminen ja globaali- ja kulttuuriosaaminen. <\/p>\n\n\n\n<div class=\"wp-block-file\"><a id=\"wp-block-file--media-59d29d31-f4ef-45a0-93be-49db63a3b897\" href=\"https:\/\/www.kktavastia.fi\/media\/sites\/8\/yri-lops-2021.pdf\">Luovan yritt\u00e4jyyden linjan opetussuunnitelma (ops 2021)<\/a><a href=\"https:\/\/www.kktavastia.fi\/media\/sites\/8\/yri-lops-2021.pdf\" class=\"wp-block-file__button wp-element-button\" download aria-describedby=\"wp-block-file--media-59d29d31-f4ef-45a0-93be-49db63a3b897\">Avaa PDF<\/a><\/div>\n","protected":false},"excerpt":{"rendered":"<p>Luovan yritt\u00e4jyyden linjalla l\u00e4hestyt\u00e4\u00e4n yritt\u00e4jyytt\u00e4 k\u00e4yt\u00e4nn\u00f6n toimien ja luovuuden keinoin. Luovuus on voimavara niin tieteiss\u00e4, taiteissa, k\u00e4yt\u00e4nn\u00f6n t\u00f6iss\u00e4 kuin ihmissuhteissakin. [&hellip;]<\/p>\n","protected":false},"author":6,"featured_media":0,"parent":49,"menu_order":0,"comment_status":"closed","ping_status":"closed","template":"","meta":{"_acf_changed":false,"_relevanssi_hide_post":"","_relevanssi_hide_content":"","_relevanssi_pin_for_all":"","_relevanssi_pin_keywords":"","_relevanssi_unpin_keywords":"","_relevanssi_related_keywords":"","_relevanssi_related_include_ids":"","_relevanssi_related_exclude_ids":"","_relevanssi_related_no_append":"","_relevanssi_related_not_related":"","_relevanssi_related_posts":"33","_relevanssi_noindex_reason":"","footnotes":""},"class_list":["post-168","page","type-page","status-publish","hentry"],"acf":[],"yoast_head":"<title>H\u00e4meenlinnan lyseon lukio | Luovan yritt\u00e4jyyden linja | Tutustu YRI-linjaan<\/title>\n<meta name=\"description\" content=\"H\u00e4meenlinnan lyseon lukion luovan yritt\u00e4jyyden linja on hieno vaihtoehto yritt\u00e4jyydest\u00e4 kiinnostuneille. Hae meille yhteishaussa!\" \/>\n<meta name=\"robots\" content=\"index, follow, max-snippet:-1, max-image-preview:large, max-video-preview:-1\" \/>\n<link rel=\"canonical\" href=\"https:\/\/www.kktavastia.fi\/lukiot-hameenlinnan-lyseo\/erityislinjat\/luovan-yrittajyyden-linja\/\" \/>\n<meta property=\"og:locale\" content=\"fi_FI\" \/>\n<meta property=\"og:type\" content=\"article\" \/>\n<meta property=\"og:title\" content=\"H\u00e4meenlinnan lyseon lukio | Luovan yritt\u00e4jyyden linja | Tutustu YRI-linjaan\" \/>\n<meta property=\"og:description\" content=\"H\u00e4meenlinnan lyseon lukion luovan yritt\u00e4jyyden linja on hieno vaihtoehto yritt\u00e4jyydest\u00e4 kiinnostuneille. Hae meille yhteishaussa!\" \/>\n<meta property=\"og:url\" content=\"https:\/\/www.kktavastia.fi\/lukiot-hameenlinnan-lyseo\/erityislinjat\/luovan-yrittajyyden-linja\/\" \/>\n<meta property=\"og:site_name\" content=\"H\u00e4meenlinnan lyseon lukio\" \/>\n<meta property=\"article:modified_time\" content=\"2025-10-01T07:13:45+00:00\" \/>\n<meta name=\"twitter:card\" content=\"summary_large_image\" \/>\n<script type=\"application\/ld+json\" class=\"yoast-schema-graph\">{\"@context\":\"https:\\\/\\\/schema.org\",\"@graph\":[{\"@type\":\"WebPage\",\"@id\":\"https:\\\/\\\/www.kktavastia.fi\\\/lukiot-hameenlinnan-lyseo\\\/erityislinjat\\\/luovan-yrittajyyden-linja\\\/\",\"url\":\"https:\\\/\\\/www.kktavastia.fi\\\/lukiot-hameenlinnan-lyseo\\\/erityislinjat\\\/luovan-yrittajyyden-linja\\\/\",\"name\":\"H\u00e4meenlinnan lyseon lukio | Luovan yritt\u00e4jyyden linja | Tutustu YRI-linjaan\",\"isPartOf\":{\"@id\":\"https:\\\/\\\/www.kktavastia.fi\\\/lukiot-hameenlinnan-lyseo\\\/#website\"},\"datePublished\":\"2021-01-13T07:01:56+00:00\",\"dateModified\":\"2025-10-01T07:13:45+00:00\",\"description\":\"H\u00e4meenlinnan lyseon lukion luovan yritt\u00e4jyyden linja on hieno vaihtoehto yritt\u00e4jyydest\u00e4 kiinnostuneille. Hae meille yhteishaussa!\",\"breadcrumb\":{\"@id\":\"https:\\\/\\\/www.kktavastia.fi\\\/lukiot-hameenlinnan-lyseo\\\/erityislinjat\\\/luovan-yrittajyyden-linja\\\/#breadcrumb\"},\"inLanguage\":\"fi\",\"potentialAction\":[{\"@type\":\"ReadAction\",\"target\":[\"https:\\\/\\\/www.kktavastia.fi\\\/lukiot-hameenlinnan-lyseo\\\/erityislinjat\\\/luovan-yrittajyyden-linja\\\/\"]}]},{\"@type\":\"BreadcrumbList\",\"@id\":\"https:\\\/\\\/www.kktavastia.fi\\\/lukiot-hameenlinnan-lyseo\\\/erityislinjat\\\/luovan-yrittajyyden-linja\\\/#breadcrumb\",\"itemListElement\":[{\"@type\":\"ListItem\",\"position\":1,\"name\":\"Home\",\"item\":\"https:\\\/\\\/www.kktavastia.fi\\\/lukiot-hameenlinnan-lyseo\\\/\"},{\"@type\":\"ListItem\",\"position\":2,\"name\":\"Erityislinjat\",\"item\":\"https:\\\/\\\/www.kktavastia.fi\\\/lukiot-hameenlinnan-lyseo\\\/erityislinjat\\\/\"},{\"@type\":\"ListItem\",\"position\":3,\"name\":\"Luovan yritt\u00e4jyyden linja\"}]},{\"@type\":\"WebSite\",\"@id\":\"https:\\\/\\\/www.kktavastia.fi\\\/lukiot-hameenlinnan-lyseo\\\/#website\",\"url\":\"https:\\\/\\\/www.kktavastia.fi\\\/lukiot-hameenlinnan-lyseo\\\/\",\"name\":\"H\u00e4meenlinnan lyseon lukio\",\"description\":\"\",\"potentialAction\":[{\"@type\":\"SearchAction\",\"target\":{\"@type\":\"EntryPoint\",\"urlTemplate\":\"https:\\\/\\\/www.kktavastia.fi\\\/lukiot-hameenlinnan-lyseo\\\/?s={search_term_string}\"},\"query-input\":{\"@type\":\"PropertyValueSpecification\",\"valueRequired\":true,\"valueName\":\"search_term_string\"}}],\"inLanguage\":\"fi\"}]}<\/script>","yoast_head_json":{"title":"H\u00e4meenlinnan lyseon lukio | Luovan yritt\u00e4jyyden linja | Tutustu YRI-linjaan","description":"H\u00e4meenlinnan lyseon lukion luovan yritt\u00e4jyyden linja on hieno vaihtoehto yritt\u00e4jyydest\u00e4 kiinnostuneille. Hae meille yhteishaussa!","robots":{"index":"index","follow":"follow","max-snippet":"max-snippet:-1","max-image-preview":"max-image-preview:large","max-video-preview":"max-video-preview:-1"},"canonical":"https:\/\/www.kktavastia.fi\/lukiot-hameenlinnan-lyseo\/erityislinjat\/luovan-yrittajyyden-linja\/","og_locale":"fi_FI","og_type":"article","og_title":"H\u00e4meenlinnan lyseon lukio | Luovan yritt\u00e4jyyden linja | Tutustu YRI-linjaan","og_description":"H\u00e4meenlinnan lyseon lukion luovan yritt\u00e4jyyden linja on hieno vaihtoehto yritt\u00e4jyydest\u00e4 kiinnostuneille. Hae meille yhteishaussa!","og_url":"https:\/\/www.kktavastia.fi\/lukiot-hameenlinnan-lyseo\/erityislinjat\/luovan-yrittajyyden-linja\/","og_site_name":"H\u00e4meenlinnan lyseon lukio","article_modified_time":"2025-10-01T07:13:45+00:00","twitter_card":"summary_large_image","schema":{"@context":"https:\/\/schema.org","@graph":[{"@type":"WebPage","@id":"https:\/\/www.kktavastia.fi\/lukiot-hameenlinnan-lyseo\/erityislinjat\/luovan-yrittajyyden-linja\/","url":"https:\/\/www.kktavastia.fi\/lukiot-hameenlinnan-lyseo\/erityislinjat\/luovan-yrittajyyden-linja\/","name":"H\u00e4meenlinnan lyseon lukio | Luovan yritt\u00e4jyyden linja | Tutustu YRI-linjaan","isPartOf":{"@id":"https:\/\/www.kktavastia.fi\/lukiot-hameenlinnan-lyseo\/#website"},"datePublished":"2021-01-13T07:01:56+00:00","dateModified":"2025-10-01T07:13:45+00:00","description":"H\u00e4meenlinnan lyseon lukion luovan yritt\u00e4jyyden linja on hieno vaihtoehto yritt\u00e4jyydest\u00e4 kiinnostuneille. Hae meille yhteishaussa!","breadcrumb":{"@id":"https:\/\/www.kktavastia.fi\/lukiot-hameenlinnan-lyseo\/erityislinjat\/luovan-yrittajyyden-linja\/#breadcrumb"},"inLanguage":"fi","potentialAction":[{"@type":"ReadAction","target":["https:\/\/www.kktavastia.fi\/lukiot-hameenlinnan-lyseo\/erityislinjat\/luovan-yrittajyyden-linja\/"]}]},{"@type":"BreadcrumbList","@id":"https:\/\/www.kktavastia.fi\/lukiot-hameenlinnan-lyseo\/erityislinjat\/luovan-yrittajyyden-linja\/#breadcrumb","itemListElement":[{"@type":"ListItem","position":1,"name":"Home","item":"https:\/\/www.kktavastia.fi\/lukiot-hameenlinnan-lyseo\/"},{"@type":"ListItem","position":2,"name":"Erityislinjat","item":"https:\/\/www.kktavastia.fi\/lukiot-hameenlinnan-lyseo\/erityislinjat\/"},{"@type":"ListItem","position":3,"name":"Luovan yritt\u00e4jyyden linja"}]},{"@type":"WebSite","@id":"https:\/\/www.kktavastia.fi\/lukiot-hameenlinnan-lyseo\/#website","url":"https:\/\/www.kktavastia.fi\/lukiot-hameenlinnan-lyseo\/","name":"H\u00e4meenlinnan lyseon lukio","description":"","potentialAction":[{"@type":"SearchAction","target":{"@type":"EntryPoint","urlTemplate":"https:\/\/www.kktavastia.fi\/lukiot-hameenlinnan-lyseo\/?s={search_term_string}"},"query-input":{"@type":"PropertyValueSpecification","valueRequired":true,"valueName":"search_term_string"}}],"inLanguage":"fi"}]}},"_links":{"self":[{"href":"https:\/\/www.kktavastia.fi\/lukiot-hameenlinnan-lyseo\/wp-json\/wp\/v2\/pages\/168","targetHints":{"allow":["GET"]}}],"collection":[{"href":"https:\/\/www.kktavastia.fi\/lukiot-hameenlinnan-lyseo\/wp-json\/wp\/v2\/pages"}],"about":[{"href":"https:\/\/www.kktavastia.fi\/lukiot-hameenlinnan-lyseo\/wp-json\/wp\/v2\/types\/page"}],"author":[{"embeddable":true,"href":"https:\/\/www.kktavastia.fi\/lukiot-hameenlinnan-lyseo\/wp-json\/wp\/v2\/users\/6"}],"replies":[{"embeddable":true,"href":"https:\/\/www.kktavastia.fi\/lukiot-hameenlinnan-lyseo\/wp-json\/wp\/v2\/comments?post=168"}],"version-history":[{"count":24,"href":"https:\/\/www.kktavastia.fi\/lukiot-hameenlinnan-lyseo\/wp-json\/wp\/v2\/pages\/168\/revisions"}],"predecessor-version":[{"id":5980,"href":"https:\/\/www.kktavastia.fi\/lukiot-hameenlinnan-lyseo\/wp-json\/wp\/v2\/pages\/168\/revisions\/5980"}],"up":[{"embeddable":true,"href":"https:\/\/www.kktavastia.fi\/lukiot-hameenlinnan-lyseo\/wp-json\/wp\/v2\/pages\/49"}],"wp:attachment":[{"href":"https:\/\/www.kktavastia.fi\/lukiot-hameenlinnan-lyseo\/wp-json\/wp\/v2\/media?parent=168"}],"curies":[{"name":"wp","href":"https:\/\/api.w.org\/{rel}","templated":true}]}}