{"id":124,"date":"2021-01-11T17:29:23","date_gmt":"2021-01-11T15:29:23","guid":{"rendered":"https:\/\/kktavastia.vaiheessa.fi\/lukiot-hameenlinnan-lyseo\/?page_id=124"},"modified":"2026-03-26T15:34:52","modified_gmt":"2026-03-26T13:34:52","slug":"tyo-ja-loma-ajat","status":"publish","type":"page","link":"https:\/\/www.kktavastia.fi\/lukiot-hameenlinnan-lyseo\/opiskelijalle\/tyo-ja-loma-ajat\/","title":{"rendered":"Ty\u00f6- ja loma-ajat"},"content":{"rendered":"\n<h3 class=\"wp-block-heading\">Opiskelijakalenteri kaikille k\u00e4ytt\u00f6\u00f6n<\/h3>\n\n\n\n<ul class=\"wp-block-list\">\n<li>meneill\u00e4\u00e4n olevan lukuvuoden aikataulut ja tapahtumat l\u00f6yd\u00e4t helposti my\u00f6s opiskelijakalenterista. Kalenteri l\u00f6ytyy koulun kotisivujen kautta: Valitse yl\u00e4palkista <strong>keltainen +Opiskelijoille -v\u00e4lilehti. Vierit\u00e4 sivua alas ja l\u00f6yd\u00e4t otsikon opiskelijan kalenterit (H\u00e4meenlinnan lyseon lukio)<\/strong>. Samasta paikasta l\u00f6ytyy my\u00f6s muuta hy\u00f6dyllist\u00e4 tietoa ja linkkej\u00e4 kaikille opiskelijoille. Kalenteriin p\u00e4\u00e4set my\u00f6s t\u00e4st\u00e4 <a href=\"https:\/\/www.kktavastia.fi\/lukiot-hameenlinnan-lyseo\/hameenlinnan-lyseon-lukion-kalenteri\/\">https:\/\/www.kktavastia.fi\/lukiot-hameenlinnan-lyseo\/hameenlinnan-lyseon-lukion-kalenteri\/<\/a><\/li>\n<\/ul>\n\n\n\n<h2 class=\"wp-block-heading\">Oppitunnit lukuj\u00e4rjestyksess\u00e4 2025-2026 (Tuntikiertokaavio)<\/h2>\n\n\n\n<figure class=\"wp-block-table\"><table class=\"has-fixed-layout\"><tbody><tr><td>Oppitunti<\/td><td>MA<\/td><td>TI<\/td><td>KE<\/td><td>TO<\/td><td>PE<\/td><\/tr><tr><td>klo 8.10 &#8211; 9.25<\/td><td>1<\/td><td>7 (url)<\/td><td>url<\/td><td>2<\/td><td>7 (url)<\/td><\/tr><tr><td>klo 9.40 -10.55<\/td><td>4<\/td><td>2<\/td><td>1<\/td><td>4<\/td><td>6<\/td><\/tr><tr><td>klo 11.05 &#8211; 12.20<\/td><td>2<\/td><td>4<\/td><td>3<\/td><td>1<\/td><td>5<\/td><\/tr><tr><td>klo 12.20-12.35 (abit ja neloset)<br>klo 13.00-13.15 1&amp;2 vsk)<\/td><td>ryhm\u00e4n-<br>ohjaus<\/td><td><\/td><td><\/td><td><\/td><td><\/td><\/tr><tr><td>klo 13.15 &#8211; 14.30<\/td><td>5<\/td><td>3<\/td><td>5<\/td><td>6<\/td><td>3<\/td><\/tr><tr><td>klo 14.45-16 <\/td><td>8 tai 8A (jos hajautettu)<\/td><td>6<\/td><td>7<\/td><td>8<\/td><td>8<\/td><\/tr><\/tbody><\/table><\/figure>\n\n\n\n<h3 class=\"wp-block-heading\">Uusintakokeet<\/h3>\n\n\n\n<p>Uusinnat alkavat klo 15.00.Paikalla on hyv\u00e4 olla klo 14.45 koej\u00e4rjestelyj\u00e4 varten ja ett\u00e4 kokeet p\u00e4\u00e4st\u00e4\u00e4n alkamaan ajallaan. Kielten uusinta kest\u00e4\u00e4 kolme tuntia, matematiikan ja reaalin uusinta kaksi tuntia.<br>5. jakso lv 2024-2025: uusinnat j\u00e4rjestet\u00e4\u00e4n lukuvuoden 2025-2026 elokuussa (14.8. ja 18.8.)<\/p>\n\n\n\n<h3 class=\"wp-block-heading\">LUKUVUOSI 2025-2026<\/h3>\n\n\n\n<h4 class=\"wp-block-heading\">Syyslukukausi ke 6.8.\u2013 pe 19.12.2025<br>(mahdollisuuksien mukaan teemme to 19.12. ty\u00f6p\u00e4iv\u00e4n to 18.12. illalla)<\/h4>\n\n\n\n<ul class=\"wp-block-list\">\n<li>Syysloma vk 42 ma 13.\u2013su 19.10.2025<\/li>\n\n\n\n<li>Joululoma ma 22.12.2025\u2013 ti 6.1.2026<\/li>\n<\/ul>\n\n\n\n<h4 class=\"wp-block-heading\">Kev\u00e4tlukukausi ke 7.1.2025\u2013 la 30.5.2026<\/h4>\n\n\n\n<ul class=\"wp-block-list\">\n<li>Talviloma vk 9 ma 23.2.\u2013 su 1.3.2026<\/li>\n\n\n\n<li>P\u00e4\u00e4si\u00e4isloma pe 3. \u2013 ma 6.4.2026<\/li>\n\n\n\n<li>Vapunp\u00e4iv\u00e4 pe 1.5.2026<\/li>\n\n\n\n<li>Helatorstai 14.5.2026<\/li>\n<\/ul>\n\n\n\n<p><strong>Lukuvuoden 2025\u20132026 jaksot ja jaksojen p\u00e4\u00e4tt\u00f6viikot<\/strong><\/p>\n\n\n\n<figure class=\"wp-block-table\"><table class=\"has-fixed-layout\"><tbody><tr><td>Lukuvuosijakso 1<\/td><td>ke 6.8. \u2013 pe 26.9.<\/td><td>jakson p\u00e4\u00e4tt\u00f6viikko<\/td><td>pe 19.9. \u2013 pe 26.9.<\/td><\/tr><tr><td>Lukuvuosijakso 2<\/td><td>ma 29.9. \u2013 ma 24.11.<\/td><td>jakson p\u00e4\u00e4tt\u00f6viikko<\/td><td>ma 17.11. \u2013 ma 24.11.<\/td><\/tr><tr><td>Lukuvuosijakso 3<\/td><td>ti 25.11. \u2013 pe 30.1.<\/td><td>jakson p\u00e4\u00e4tt\u00f6viikko<\/td><td>pe 23.1. \u2013 pe 30.1.<\/td><\/tr><tr><td>Lukuvuosijakso 4<\/td><td>ma 2.2. \u2013 ti 31.3.<\/td><td>jakson p\u00e4\u00e4tt\u00f6viikko<\/td><td>ti 24.3. \u2013 ti 31.3.<\/td><\/tr><tr><td>Lukuvuosijakso 5<\/td><td>ke 1.4. \u2013 la 30.5.<\/td><td>jakson p\u00e4\u00e4tt\u00f6viikko<\/td><td>to 21.5. \u2013 to 28.5.<\/td><\/tr><\/tbody><\/table><\/figure>\n\n\n\n<h3 class=\"wp-block-heading\">Lukuvuosi 2026-2027<\/h3>\n\n\n\n<p>Syyslukukausi ke 12.8.- ti 22.12.2026<br>&#8211; syysloma vko 42 12.10.-18.10.2026<br>&#8211; joululoma <\/p>\n\n\n\n<p><br>Kev\u00e4tlukukausi to 7.1.- la 5.6.2027<br>&#8211; talviloma vko 9 <br><\/p>\n\n\n\n<figure class=\"wp-block-table\"><table class=\"has-fixed-layout\"><tbody><tr><td>Lukuvuosijakso 1<\/td><td>ke 12.8. \u2013 pe 2.10.<\/td><td>jakson p\u00e4\u00e4tt\u00f6viikko<\/td><td>pe 25.9. \u2013 pe 2.10.<\/td><\/tr><tr><td>Lukuvuosijakso 2<\/td><td>ma 5.10. \u2013 ma 30.11.<\/td><td>jakson p\u00e4\u00e4tt\u00f6viikko<\/td><td>ma 24.11. \u2013 ma 30.11.<\/td><\/tr><tr><td>Lukuvuosijakso 3<\/td><td>ti 1.12. \u2013 pe 5.2.<\/td><td>jakson p\u00e4\u00e4tt\u00f6viikko<\/td><td>pe 29.1.- pe 5.2.<\/td><\/tr><tr><td>Lukuvuosijakso 4<\/td><td>ma 8.2. \u2013 to 8.4.<\/td><td>jakson p\u00e4\u00e4tt\u00f6viikko<\/td><td>to 1.4.- to 8.4.<\/td><\/tr><tr><td>Lukuvuosijakso 5<\/td><td>pe 9.4.- la 5.6.<\/td><td>jakson p\u00e4\u00e4tt\u00f6viikko<\/td><td>to 27.5.- to 3.6.<\/td><\/tr><\/tbody><\/table><\/figure>\n\n\n\n<h3 class=\"wp-block-heading\">Lukuvuosi 2027-2028<\/h3>\n\n\n\n<p>Syyslukukausi ke 11.8. &#8211; ke 22.12.2027<br>Kev\u00e4tlukukausi ma 10.1. &#8211; la 3.6.2028<br><\/p>\n\n\n\n<p><\/p>\n","protected":false},"excerpt":{"rendered":"<p>Opiskelijakalenteri kaikille k\u00e4ytt\u00f6\u00f6n Oppitunnit lukuj\u00e4rjestyksess\u00e4 2025-2026 (Tuntikiertokaavio) Oppitunti MA TI KE TO PE klo 8.10 &#8211; 9.25 1 7 (url) [&hellip;]<\/p>\n","protected":false},"author":3,"featured_media":0,"parent":77,"menu_order":1,"comment_status":"closed","ping_status":"closed","template":"","meta":{"_acf_changed":false,"_relevanssi_hide_post":"","_relevanssi_hide_content":"","_relevanssi_pin_for_all":"","_relevanssi_pin_keywords":"","_relevanssi_unpin_keywords":"","_relevanssi_related_keywords":"","_relevanssi_related_include_ids":"","_relevanssi_related_exclude_ids":"","_relevanssi_related_no_append":"","_relevanssi_related_not_related":"","_relevanssi_related_posts":"33","_relevanssi_noindex_reason":"","footnotes":""},"class_list":["post-124","page","type-page","status-publish","hentry"],"acf":[],"yoast_head":"<title>Ty\u00f6- ja loma-ajat H\u00e4meenlinnan lyseon lukio | Jaksot ja tuntikiertokaavio<\/title>\n<meta name=\"description\" content=\"Ty\u00f6- ja loma-ajat H\u00e4meenlinnan lyseon lukiossa. Syysloma, talviloma, kes\u00e4loma, jaksot ja tuntikiertokaavio, tutustu lis\u00e4\u00e4!\" \/>\n<meta name=\"robots\" content=\"index, follow, max-snippet:-1, max-image-preview:large, max-video-preview:-1\" \/>\n<link rel=\"canonical\" href=\"https:\/\/www.kktavastia.fi\/lukiot-hameenlinnan-lyseo\/opiskelijalle\/tyo-ja-loma-ajat\/\" \/>\n<meta property=\"og:locale\" content=\"fi_FI\" \/>\n<meta property=\"og:type\" content=\"article\" \/>\n<meta property=\"og:title\" content=\"Ty\u00f6- ja loma-ajat H\u00e4meenlinnan lyseon lukio | Jaksot ja tuntikiertokaavio\" \/>\n<meta property=\"og:description\" content=\"Ty\u00f6- ja loma-ajat H\u00e4meenlinnan lyseon lukiossa. Syysloma, talviloma, kes\u00e4loma, jaksot ja tuntikiertokaavio, tutustu lis\u00e4\u00e4!\" \/>\n<meta property=\"og:url\" content=\"https:\/\/www.kktavastia.fi\/lukiot-hameenlinnan-lyseo\/opiskelijalle\/tyo-ja-loma-ajat\/\" \/>\n<meta property=\"og:site_name\" content=\"H\u00e4meenlinnan lyseon lukio\" \/>\n<meta property=\"article:modified_time\" content=\"2026-03-26T13:34:52+00:00\" \/>\n<meta name=\"twitter:card\" content=\"summary_large_image\" \/>\n<script type=\"application\/ld+json\" class=\"yoast-schema-graph\">{\"@context\":\"https:\\\/\\\/schema.org\",\"@graph\":[{\"@type\":\"WebPage\",\"@id\":\"https:\\\/\\\/www.kktavastia.fi\\\/lukiot-hameenlinnan-lyseo\\\/opiskelijalle\\\/tyo-ja-loma-ajat\\\/\",\"url\":\"https:\\\/\\\/www.kktavastia.fi\\\/lukiot-hameenlinnan-lyseo\\\/opiskelijalle\\\/tyo-ja-loma-ajat\\\/\",\"name\":\"Ty\u00f6- ja loma-ajat H\u00e4meenlinnan lyseon lukio | Jaksot ja tuntikiertokaavio\",\"isPartOf\":{\"@id\":\"https:\\\/\\\/www.kktavastia.fi\\\/lukiot-hameenlinnan-lyseo\\\/#website\"},\"datePublished\":\"2021-01-11T15:29:23+00:00\",\"dateModified\":\"2026-03-26T13:34:52+00:00\",\"description\":\"Ty\u00f6- ja loma-ajat H\u00e4meenlinnan lyseon lukiossa. Syysloma, talviloma, kes\u00e4loma, jaksot ja tuntikiertokaavio, tutustu lis\u00e4\u00e4!\",\"breadcrumb\":{\"@id\":\"https:\\\/\\\/www.kktavastia.fi\\\/lukiot-hameenlinnan-lyseo\\\/opiskelijalle\\\/tyo-ja-loma-ajat\\\/#breadcrumb\"},\"inLanguage\":\"fi\",\"potentialAction\":[{\"@type\":\"ReadAction\",\"target\":[\"https:\\\/\\\/www.kktavastia.fi\\\/lukiot-hameenlinnan-lyseo\\\/opiskelijalle\\\/tyo-ja-loma-ajat\\\/\"]}]},{\"@type\":\"BreadcrumbList\",\"@id\":\"https:\\\/\\\/www.kktavastia.fi\\\/lukiot-hameenlinnan-lyseo\\\/opiskelijalle\\\/tyo-ja-loma-ajat\\\/#breadcrumb\",\"itemListElement\":[{\"@type\":\"ListItem\",\"position\":1,\"name\":\"Home\",\"item\":\"https:\\\/\\\/www.kktavastia.fi\\\/lukiot-hameenlinnan-lyseo\\\/\"},{\"@type\":\"ListItem\",\"position\":2,\"name\":\"Opiskelijalle\",\"item\":\"https:\\\/\\\/www.kktavastia.fi\\\/lukiot-hameenlinnan-lyseo\\\/opiskelijalle\\\/\"},{\"@type\":\"ListItem\",\"position\":3,\"name\":\"Ty\u00f6- ja loma-ajat\"}]},{\"@type\":\"WebSite\",\"@id\":\"https:\\\/\\\/www.kktavastia.fi\\\/lukiot-hameenlinnan-lyseo\\\/#website\",\"url\":\"https:\\\/\\\/www.kktavastia.fi\\\/lukiot-hameenlinnan-lyseo\\\/\",\"name\":\"H\u00e4meenlinnan lyseon lukio\",\"description\":\"\",\"potentialAction\":[{\"@type\":\"SearchAction\",\"target\":{\"@type\":\"EntryPoint\",\"urlTemplate\":\"https:\\\/\\\/www.kktavastia.fi\\\/lukiot-hameenlinnan-lyseo\\\/?s={search_term_string}\"},\"query-input\":{\"@type\":\"PropertyValueSpecification\",\"valueRequired\":true,\"valueName\":\"search_term_string\"}}],\"inLanguage\":\"fi\"}]}<\/script>","yoast_head_json":{"title":"Ty\u00f6- ja loma-ajat H\u00e4meenlinnan lyseon lukio | Jaksot ja tuntikiertokaavio","description":"Ty\u00f6- ja loma-ajat H\u00e4meenlinnan lyseon lukiossa. Syysloma, talviloma, kes\u00e4loma, jaksot ja tuntikiertokaavio, tutustu lis\u00e4\u00e4!","robots":{"index":"index","follow":"follow","max-snippet":"max-snippet:-1","max-image-preview":"max-image-preview:large","max-video-preview":"max-video-preview:-1"},"canonical":"https:\/\/www.kktavastia.fi\/lukiot-hameenlinnan-lyseo\/opiskelijalle\/tyo-ja-loma-ajat\/","og_locale":"fi_FI","og_type":"article","og_title":"Ty\u00f6- ja loma-ajat H\u00e4meenlinnan lyseon lukio | Jaksot ja tuntikiertokaavio","og_description":"Ty\u00f6- ja loma-ajat H\u00e4meenlinnan lyseon lukiossa. Syysloma, talviloma, kes\u00e4loma, jaksot ja tuntikiertokaavio, tutustu lis\u00e4\u00e4!","og_url":"https:\/\/www.kktavastia.fi\/lukiot-hameenlinnan-lyseo\/opiskelijalle\/tyo-ja-loma-ajat\/","og_site_name":"H\u00e4meenlinnan lyseon lukio","article_modified_time":"2026-03-26T13:34:52+00:00","twitter_card":"summary_large_image","schema":{"@context":"https:\/\/schema.org","@graph":[{"@type":"WebPage","@id":"https:\/\/www.kktavastia.fi\/lukiot-hameenlinnan-lyseo\/opiskelijalle\/tyo-ja-loma-ajat\/","url":"https:\/\/www.kktavastia.fi\/lukiot-hameenlinnan-lyseo\/opiskelijalle\/tyo-ja-loma-ajat\/","name":"Ty\u00f6- ja loma-ajat H\u00e4meenlinnan lyseon lukio | Jaksot ja tuntikiertokaavio","isPartOf":{"@id":"https:\/\/www.kktavastia.fi\/lukiot-hameenlinnan-lyseo\/#website"},"datePublished":"2021-01-11T15:29:23+00:00","dateModified":"2026-03-26T13:34:52+00:00","description":"Ty\u00f6- ja loma-ajat H\u00e4meenlinnan lyseon lukiossa. Syysloma, talviloma, kes\u00e4loma, jaksot ja tuntikiertokaavio, tutustu lis\u00e4\u00e4!","breadcrumb":{"@id":"https:\/\/www.kktavastia.fi\/lukiot-hameenlinnan-lyseo\/opiskelijalle\/tyo-ja-loma-ajat\/#breadcrumb"},"inLanguage":"fi","potentialAction":[{"@type":"ReadAction","target":["https:\/\/www.kktavastia.fi\/lukiot-hameenlinnan-lyseo\/opiskelijalle\/tyo-ja-loma-ajat\/"]}]},{"@type":"BreadcrumbList","@id":"https:\/\/www.kktavastia.fi\/lukiot-hameenlinnan-lyseo\/opiskelijalle\/tyo-ja-loma-ajat\/#breadcrumb","itemListElement":[{"@type":"ListItem","position":1,"name":"Home","item":"https:\/\/www.kktavastia.fi\/lukiot-hameenlinnan-lyseo\/"},{"@type":"ListItem","position":2,"name":"Opiskelijalle","item":"https:\/\/www.kktavastia.fi\/lukiot-hameenlinnan-lyseo\/opiskelijalle\/"},{"@type":"ListItem","position":3,"name":"Ty\u00f6- ja loma-ajat"}]},{"@type":"WebSite","@id":"https:\/\/www.kktavastia.fi\/lukiot-hameenlinnan-lyseo\/#website","url":"https:\/\/www.kktavastia.fi\/lukiot-hameenlinnan-lyseo\/","name":"H\u00e4meenlinnan lyseon lukio","description":"","potentialAction":[{"@type":"SearchAction","target":{"@type":"EntryPoint","urlTemplate":"https:\/\/www.kktavastia.fi\/lukiot-hameenlinnan-lyseo\/?s={search_term_string}"},"query-input":{"@type":"PropertyValueSpecification","valueRequired":true,"valueName":"search_term_string"}}],"inLanguage":"fi"}]}},"_links":{"self":[{"href":"https:\/\/www.kktavastia.fi\/lukiot-hameenlinnan-lyseo\/wp-json\/wp\/v2\/pages\/124","targetHints":{"allow":["GET"]}}],"collection":[{"href":"https:\/\/www.kktavastia.fi\/lukiot-hameenlinnan-lyseo\/wp-json\/wp\/v2\/pages"}],"about":[{"href":"https:\/\/www.kktavastia.fi\/lukiot-hameenlinnan-lyseo\/wp-json\/wp\/v2\/types\/page"}],"author":[{"embeddable":true,"href":"https:\/\/www.kktavastia.fi\/lukiot-hameenlinnan-lyseo\/wp-json\/wp\/v2\/users\/3"}],"replies":[{"embeddable":true,"href":"https:\/\/www.kktavastia.fi\/lukiot-hameenlinnan-lyseo\/wp-json\/wp\/v2\/comments?post=124"}],"version-history":[{"count":24,"href":"https:\/\/www.kktavastia.fi\/lukiot-hameenlinnan-lyseo\/wp-json\/wp\/v2\/pages\/124\/revisions"}],"predecessor-version":[{"id":6123,"href":"https:\/\/www.kktavastia.fi\/lukiot-hameenlinnan-lyseo\/wp-json\/wp\/v2\/pages\/124\/revisions\/6123"}],"up":[{"embeddable":true,"href":"https:\/\/www.kktavastia.fi\/lukiot-hameenlinnan-lyseo\/wp-json\/wp\/v2\/pages\/77"}],"wp:attachment":[{"href":"https:\/\/www.kktavastia.fi\/lukiot-hameenlinnan-lyseo\/wp-json\/wp\/v2\/media?parent=124"}],"curies":[{"name":"wp","href":"https:\/\/api.w.org\/{rel}","templated":true}]}}