{"id":77,"date":"2020-12-31T12:32:36","date_gmt":"2020-12-31T10:32:36","guid":{"rendered":"https:\/\/kktavastia.vaiheessa.fi\/lukiot-hameenlinnan-lyseo-aikuislinja\/?page_id=77"},"modified":"2025-08-01T15:04:56","modified_gmt":"2025-08-01T12:04:56","slug":"opetusjarjestelyt","status":"publish","type":"page","link":"https:\/\/www.kktavastia.fi\/lukiot-hameenlinnan-lyseo-aikuislinja\/opetus\/opetusjarjestelyt\/","title":{"rendered":"Opetusj\u00e4rjestelyt"},"content":{"rendered":"\n<p>Lukiossa toteutetaan aikuisten lukiokoulutuksen opetussuunnitelman perusteita. <\/p>\n\n\n\n<p>Lukionsa jo lukuvuonna 2020\u20132021 aikana tai sit\u00e4 ennen aloittaneet noudattavat opetussuunnitelmaa ops 2016. 1.8.2021 aloittavat noudattavat opetussuunnitelmaa, jonka toteutus alkoi 1.8.2021 (LOPS2019)<\/p>\n\n\n\n<h2 class=\"wp-block-heading\"><strong>Opetuksen suunnittelu<\/strong><\/h2>\n\n\n\n<p>Aikuislinjalla j\u00e4rjestett\u00e4v\u00e4t opinnot l\u00f6ytyv\u00e4t opintotarjottimesta 2025\u20132026, joka julkaistaan viimeist\u00e4\u00e4n elokuussa tulevan lukuvuoden osalta.<\/p>\n\n\n\n<div class=\"wp-block-file\"><a id=\"wp-block-file--media-0cdee11b-27b4-4943-b48b-c74f51f1d251\" href=\"https:\/\/www.kktavastia.fi\/media\/sites\/9\/aikuislinja-opintotarjotin-25-26-2.pdf\">Aikuislinja opintotarjotin 25-26<\/a><a href=\"https:\/\/www.kktavastia.fi\/media\/sites\/9\/aikuislinja-opintotarjotin-25-26-2.pdf\" class=\"wp-block-file__button wp-element-button\" download aria-describedby=\"wp-block-file--media-0cdee11b-27b4-4943-b48b-c74f51f1d251\">Lataa<\/a><\/div>\n\n\n\n<div class=\"wp-block-file\"><a id=\"wp-block-file--media-824e3a1d-c79f-4bdf-8ff9-532039889c1d\" href=\"https:\/\/www.kktavastia.fi\/media\/sites\/9\/verkkokurssit-25-26-ailu-1.pdf\">Verkkokurssit 25-26 Ailu<\/a><a href=\"https:\/\/www.kktavastia.fi\/media\/sites\/9\/verkkokurssit-25-26-ailu-1.pdf\" class=\"wp-block-file__button wp-element-button\" download aria-describedby=\"wp-block-file--media-824e3a1d-c79f-4bdf-8ff9-532039889c1d\">Lataa<\/a><\/div>\n\n\n\n<div class=\"wp-block-file\"><a id=\"wp-block-file--media-c6d7a533-dd47-49b4-8d42-f2ddde646270\" href=\"https:\/\/www.kktavastia.fi\/media\/sites\/9\/aikuislukio-ja-vankilaperusopetus-ops-2016-1.pdf\">Aikuislukio OPS 2016 ja vankilaperusopetus OPS 2018<\/a><a href=\"https:\/\/www.kktavastia.fi\/media\/sites\/9\/aikuislukio-ja-vankilaperusopetus-ops-2016-1.pdf\" class=\"wp-block-file__button wp-element-button\" download aria-describedby=\"wp-block-file--media-c6d7a533-dd47-49b4-8d42-f2ddde646270\">Avaa pdf<\/a><\/div>\n\n\n\n<h3 class=\"wp-block-heading\">Opetus opetussuunnitelman 2019 mukaan (LOPS19)<\/h3>\n\n\n\n<p>Lukionsa 1.8.2021 j\u00e4lkeen aloittaneet noudattavat uutta opetussuunnitelmaa.<br>Opetussuunnitelma ja lyhyet opintojaksokuvaukset l\u00f6ytyv\u00e4t opetussuunnitelmasta.<\/p>\n\n\n\n<p><a href=\"https:\/\/eperusteet.opintopolku.fi\/#\/fi\/lukiokoulutus\/6840291\/tiedot\">Aikuislukion opetussuunnitelman perusteet 2019<\/a> (valtakunnallinen)<\/p>\n\n\n\n<p><a href=\"https:\/\/eperusteet.opintopolku.fi\/eperusteet-ylops-service\/api\/dokumentit\/21882136\">H\u00e4meenlinnan lyseon lukion aikuislinjan opetussuunnitelma LOPS2021<\/a> (koulukohtainen)<\/p>\n\n\n\n<h3 class=\"wp-block-heading\">Opintoja verkossa<\/h3>\n\n\n\n<p>Aikuislinja tarjoaa verkko-opintoja Tavastian lukioiden opiskelijoille ilmaiseksi. Ulkopuolisille verkko-opinto maksaa 140e\/opintojakso. <\/p>\n\n\n\n<p>N\u00e4ill\u00e4 lukiolaiset voivat t\u00e4ydent\u00e4\u00e4 omia opintojaan sen mukaisesti, miten opinto-ohjaajan kanssa on opintosuunnitelmaan sis\u00e4llytetty. Jos olet kiinnostunut ja haluat suorittaa verkkokurssin\/opintojakson, ota yhteys opinto-ohjaajaasi, jotta opintosuunnitelmasi pysyy ajantasalla.<\/p>\n\n\n\n<div class=\"wp-block-file\"><a id=\"wp-block-file--media-319be262-0fc5-4998-974c-a4f47a60aa60\" href=\"https:\/\/www.kktavastia.fi\/media\/sites\/9\/verkko-opinnot-lv-24-25.pdf\">Verkko-opinnot lv24-25<\/a><a href=\"https:\/\/www.kktavastia.fi\/media\/sites\/9\/verkko-opinnot-lv-24-25.pdf\" class=\"wp-block-file__button wp-element-button\" download aria-describedby=\"wp-block-file--media-319be262-0fc5-4998-974c-a4f47a60aa60\">Lataa<\/a><\/div>\n\n\n\n<p>Linkki opiskelijoiden Moodleen <a href=\"https:\/\/moodle.kktavastia.fi\/\">https:\/\/moodle.kktavastia.fi\/<\/a>  (verkko-opintoja voi katsoa t\u00e4\u00e4lt\u00e4)<\/p>\n\n\n\n<h3 class=\"wp-block-heading\">K\u00e4ytett\u00e4v\u00e4t oppikirjat<\/h3>\n\n\n\n<p>Lukuvuonna 2025\u20132026 opetuksessa k\u00e4ytett\u00e4v\u00e4t oppikirjat l\u00f6yd\u00e4t t\u00e4\u00e4lt\u00e4:<\/p>\n\n\n\n<div class=\"wp-block-file\"><a id=\"wp-block-file--media-c59c2eff-612b-4665-b22c-215d74d474e3\" href=\"https:\/\/www.kktavastia.fi\/media\/sites\/9\/oppikirjat-lops2021-lukuvuonna-2025-2026-ailu-2.pdf\">Oppikirjat LOPS2021 lukuvuonna 2025-2026 Ailu<\/a><a href=\"https:\/\/www.kktavastia.fi\/media\/sites\/9\/oppikirjat-lops2021-lukuvuonna-2025-2026-ailu-2.pdf\" class=\"wp-block-file__button wp-element-button\" download aria-describedby=\"wp-block-file--media-c59c2eff-612b-4665-b22c-215d74d474e3\">Lataa<\/a><\/div>\n\n\n\n<h5 class=\"wp-block-heading\"><\/h5>\n","protected":false},"excerpt":{"rendered":"<p>Lukiossa toteutetaan aikuisten lukiokoulutuksen opetussuunnitelman perusteita. Lukionsa jo lukuvuonna 2020\u20132021 aikana tai sit\u00e4 ennen aloittaneet noudattavat opetussuunnitelmaa ops 2016. 1.8.2021 [&hellip;]<\/p>\n","protected":false},"author":3,"featured_media":0,"parent":42,"menu_order":1,"comment_status":"closed","ping_status":"closed","template":"","meta":{"_acf_changed":false,"_relevanssi_hide_post":"","_relevanssi_hide_content":"","_relevanssi_pin_for_all":"","_relevanssi_pin_keywords":"","_relevanssi_unpin_keywords":"","_relevanssi_related_keywords":"","_relevanssi_related_include_ids":"","_relevanssi_related_exclude_ids":"","_relevanssi_related_no_append":"","_relevanssi_related_not_related":"","_relevanssi_related_posts":"965,861,967,850,844,970","_relevanssi_noindex_reason":"","footnotes":""},"class_list":["post-77","page","type-page","status-publish","hentry"],"acf":[],"yoast_head":"<title>Opetusj\u00e4rjestelyt - H\u00e4meenlinnan lyseon lukion aikuislinja<\/title>\n<meta name=\"robots\" content=\"index, follow, max-snippet:-1, max-image-preview:large, max-video-preview:-1\" \/>\n<link rel=\"canonical\" href=\"https:\/\/www.kktavastia.fi\/lukiot-hameenlinnan-lyseo-aikuislinja\/opetus\/opetusjarjestelyt\/\" \/>\n<meta property=\"og:locale\" content=\"fi_FI\" \/>\n<meta property=\"og:type\" content=\"article\" \/>\n<meta property=\"og:title\" content=\"Opetusj\u00e4rjestelyt - H\u00e4meenlinnan lyseon lukion aikuislinja\" \/>\n<meta property=\"og:description\" content=\"Lukiossa toteutetaan aikuisten lukiokoulutuksen opetussuunnitelman perusteita. Lukionsa jo lukuvuonna 2020\u20132021 aikana tai sit\u00e4 ennen aloittaneet noudattavat opetussuunnitelmaa ops 2016. 1.8.2021 [&hellip;]\" \/>\n<meta property=\"og:url\" content=\"https:\/\/www.kktavastia.fi\/lukiot-hameenlinnan-lyseo-aikuislinja\/opetus\/opetusjarjestelyt\/\" \/>\n<meta property=\"og:site_name\" content=\"H\u00e4meenlinnan lyseon lukion aikuislinja\" \/>\n<meta property=\"article:modified_time\" content=\"2025-08-01T12:04:56+00:00\" \/>\n<meta name=\"twitter:card\" content=\"summary_large_image\" \/>\n<script type=\"application\/ld+json\" class=\"yoast-schema-graph\">{\"@context\":\"https:\\\/\\\/schema.org\",\"@graph\":[{\"@type\":\"WebPage\",\"@id\":\"https:\\\/\\\/www.kktavastia.fi\\\/lukiot-hameenlinnan-lyseo-aikuislinja\\\/opetus\\\/opetusjarjestelyt\\\/\",\"url\":\"https:\\\/\\\/www.kktavastia.fi\\\/lukiot-hameenlinnan-lyseo-aikuislinja\\\/opetus\\\/opetusjarjestelyt\\\/\",\"name\":\"Opetusj\u00e4rjestelyt - H\u00e4meenlinnan lyseon lukion aikuislinja\",\"isPartOf\":{\"@id\":\"https:\\\/\\\/www.kktavastia.fi\\\/lukiot-hameenlinnan-lyseo-aikuislinja\\\/#website\"},\"datePublished\":\"2020-12-31T10:32:36+00:00\",\"dateModified\":\"2025-08-01T12:04:56+00:00\",\"breadcrumb\":{\"@id\":\"https:\\\/\\\/www.kktavastia.fi\\\/lukiot-hameenlinnan-lyseo-aikuislinja\\\/opetus\\\/opetusjarjestelyt\\\/#breadcrumb\"},\"inLanguage\":\"fi\",\"potentialAction\":[{\"@type\":\"ReadAction\",\"target\":[\"https:\\\/\\\/www.kktavastia.fi\\\/lukiot-hameenlinnan-lyseo-aikuislinja\\\/opetus\\\/opetusjarjestelyt\\\/\"]}]},{\"@type\":\"BreadcrumbList\",\"@id\":\"https:\\\/\\\/www.kktavastia.fi\\\/lukiot-hameenlinnan-lyseo-aikuislinja\\\/opetus\\\/opetusjarjestelyt\\\/#breadcrumb\",\"itemListElement\":[{\"@type\":\"ListItem\",\"position\":1,\"name\":\"Home\",\"item\":\"https:\\\/\\\/www.kktavastia.fi\\\/lukiot-hameenlinnan-lyseo-aikuislinja\\\/\"},{\"@type\":\"ListItem\",\"position\":2,\"name\":\"Opetus aikuislinjalla\",\"item\":\"https:\\\/\\\/www.kktavastia.fi\\\/lukiot-hameenlinnan-lyseo-aikuislinja\\\/opetus\\\/\"},{\"@type\":\"ListItem\",\"position\":3,\"name\":\"Opetusj\u00e4rjestelyt\"}]},{\"@type\":\"WebSite\",\"@id\":\"https:\\\/\\\/www.kktavastia.fi\\\/lukiot-hameenlinnan-lyseo-aikuislinja\\\/#website\",\"url\":\"https:\\\/\\\/www.kktavastia.fi\\\/lukiot-hameenlinnan-lyseo-aikuislinja\\\/\",\"name\":\"H\u00e4meenlinnan lyseon lukion aikuislinja\",\"description\":\"\",\"potentialAction\":[{\"@type\":\"SearchAction\",\"target\":{\"@type\":\"EntryPoint\",\"urlTemplate\":\"https:\\\/\\\/www.kktavastia.fi\\\/lukiot-hameenlinnan-lyseo-aikuislinja\\\/?s={search_term_string}\"},\"query-input\":{\"@type\":\"PropertyValueSpecification\",\"valueRequired\":true,\"valueName\":\"search_term_string\"}}],\"inLanguage\":\"fi\"}]}<\/script>","yoast_head_json":{"title":"Opetusj\u00e4rjestelyt - H\u00e4meenlinnan lyseon lukion aikuislinja","robots":{"index":"index","follow":"follow","max-snippet":"max-snippet:-1","max-image-preview":"max-image-preview:large","max-video-preview":"max-video-preview:-1"},"canonical":"https:\/\/www.kktavastia.fi\/lukiot-hameenlinnan-lyseo-aikuislinja\/opetus\/opetusjarjestelyt\/","og_locale":"fi_FI","og_type":"article","og_title":"Opetusj\u00e4rjestelyt - H\u00e4meenlinnan lyseon lukion aikuislinja","og_description":"Lukiossa toteutetaan aikuisten lukiokoulutuksen opetussuunnitelman perusteita. Lukionsa jo lukuvuonna 2020\u20132021 aikana tai sit\u00e4 ennen aloittaneet noudattavat opetussuunnitelmaa ops 2016. 1.8.2021 [&hellip;]","og_url":"https:\/\/www.kktavastia.fi\/lukiot-hameenlinnan-lyseo-aikuislinja\/opetus\/opetusjarjestelyt\/","og_site_name":"H\u00e4meenlinnan lyseon lukion aikuislinja","article_modified_time":"2025-08-01T12:04:56+00:00","twitter_card":"summary_large_image","schema":{"@context":"https:\/\/schema.org","@graph":[{"@type":"WebPage","@id":"https:\/\/www.kktavastia.fi\/lukiot-hameenlinnan-lyseo-aikuislinja\/opetus\/opetusjarjestelyt\/","url":"https:\/\/www.kktavastia.fi\/lukiot-hameenlinnan-lyseo-aikuislinja\/opetus\/opetusjarjestelyt\/","name":"Opetusj\u00e4rjestelyt - H\u00e4meenlinnan lyseon lukion aikuislinja","isPartOf":{"@id":"https:\/\/www.kktavastia.fi\/lukiot-hameenlinnan-lyseo-aikuislinja\/#website"},"datePublished":"2020-12-31T10:32:36+00:00","dateModified":"2025-08-01T12:04:56+00:00","breadcrumb":{"@id":"https:\/\/www.kktavastia.fi\/lukiot-hameenlinnan-lyseo-aikuislinja\/opetus\/opetusjarjestelyt\/#breadcrumb"},"inLanguage":"fi","potentialAction":[{"@type":"ReadAction","target":["https:\/\/www.kktavastia.fi\/lukiot-hameenlinnan-lyseo-aikuislinja\/opetus\/opetusjarjestelyt\/"]}]},{"@type":"BreadcrumbList","@id":"https:\/\/www.kktavastia.fi\/lukiot-hameenlinnan-lyseo-aikuislinja\/opetus\/opetusjarjestelyt\/#breadcrumb","itemListElement":[{"@type":"ListItem","position":1,"name":"Home","item":"https:\/\/www.kktavastia.fi\/lukiot-hameenlinnan-lyseo-aikuislinja\/"},{"@type":"ListItem","position":2,"name":"Opetus aikuislinjalla","item":"https:\/\/www.kktavastia.fi\/lukiot-hameenlinnan-lyseo-aikuislinja\/opetus\/"},{"@type":"ListItem","position":3,"name":"Opetusj\u00e4rjestelyt"}]},{"@type":"WebSite","@id":"https:\/\/www.kktavastia.fi\/lukiot-hameenlinnan-lyseo-aikuislinja\/#website","url":"https:\/\/www.kktavastia.fi\/lukiot-hameenlinnan-lyseo-aikuislinja\/","name":"H\u00e4meenlinnan lyseon lukion aikuislinja","description":"","potentialAction":[{"@type":"SearchAction","target":{"@type":"EntryPoint","urlTemplate":"https:\/\/www.kktavastia.fi\/lukiot-hameenlinnan-lyseo-aikuislinja\/?s={search_term_string}"},"query-input":{"@type":"PropertyValueSpecification","valueRequired":true,"valueName":"search_term_string"}}],"inLanguage":"fi"}]}},"_links":{"self":[{"href":"https:\/\/www.kktavastia.fi\/lukiot-hameenlinnan-lyseo-aikuislinja\/wp-json\/wp\/v2\/pages\/77","targetHints":{"allow":["GET"]}}],"collection":[{"href":"https:\/\/www.kktavastia.fi\/lukiot-hameenlinnan-lyseo-aikuislinja\/wp-json\/wp\/v2\/pages"}],"about":[{"href":"https:\/\/www.kktavastia.fi\/lukiot-hameenlinnan-lyseo-aikuislinja\/wp-json\/wp\/v2\/types\/page"}],"author":[{"embeddable":true,"href":"https:\/\/www.kktavastia.fi\/lukiot-hameenlinnan-lyseo-aikuislinja\/wp-json\/wp\/v2\/users\/3"}],"replies":[{"embeddable":true,"href":"https:\/\/www.kktavastia.fi\/lukiot-hameenlinnan-lyseo-aikuislinja\/wp-json\/wp\/v2\/comments?post=77"}],"version-history":[{"count":25,"href":"https:\/\/www.kktavastia.fi\/lukiot-hameenlinnan-lyseo-aikuislinja\/wp-json\/wp\/v2\/pages\/77\/revisions"}],"predecessor-version":[{"id":2124,"href":"https:\/\/www.kktavastia.fi\/lukiot-hameenlinnan-lyseo-aikuislinja\/wp-json\/wp\/v2\/pages\/77\/revisions\/2124"}],"up":[{"embeddable":true,"href":"https:\/\/www.kktavastia.fi\/lukiot-hameenlinnan-lyseo-aikuislinja\/wp-json\/wp\/v2\/pages\/42"}],"wp:attachment":[{"href":"https:\/\/www.kktavastia.fi\/lukiot-hameenlinnan-lyseo-aikuislinja\/wp-json\/wp\/v2\/media?parent=77"}],"curies":[{"name":"wp","href":"https:\/\/api.w.org\/{rel}","templated":true}]}}