{"id":62,"date":"2020-12-30T15:43:17","date_gmt":"2020-12-30T13:43:17","guid":{"rendered":"https:\/\/kktavastia.vaiheessa.fi\/lukiot-hameenlinnan-lyseo-aikuislinja\/?page_id=62"},"modified":"2026-03-04T13:49:11","modified_gmt":"2026-03-04T11:49:11","slug":"abi-info","status":"publish","type":"page","link":"https:\/\/www.kktavastia.fi\/lukiot-hameenlinnan-lyseo-aikuislinja\/ylioppilastutkinto\/abi-info\/","title":{"rendered":"Abi-info"},"content":{"rendered":"\n<h3 class=\"wp-block-heading\">Seuraavan tutkintokerran koep\u00e4iv\u00e4t<\/h3>\n\n\n\n<p><a href=\"https:\/\/www.ylioppilastutkinto.fi\/fi\/tutkinnon-suorittaminen\/koepaivat\/kevaan-2026-koepaivat\">Kev\u00e4\u00e4n 2026 koep\u00e4iv\u00e4t<\/a><\/p>\n\n\n\n<h3 class=\"wp-block-heading\">Rehtorin abi-infot<\/h3>\n\n\n\n<p>Kokelaille pidet\u00e4\u00e4n Abi-infot, jotta jokainen osaisi toimia kokeissa ja ymm\u00e4rt\u00e4\u00e4 ylioppilastutkinnon rakenteet.<br>Kutakin kirjoituskertaa kohden on 2 abi-infoa, joihin osallistuminen on enemm\u00e4n kuin suositeltavaa:<\/p>\n\n\n\n<ul class=\"wp-block-list\">\n<li>Kev\u00e4\u00e4ll\u00e4 kirjoituksiin osallistuville pidet\u00e4\u00e4n infot marraskuussa ja tammikuussa <\/li>\n\n\n\n<li>Syksyll\u00e4 kirjoituksiin osallistuville pidet\u00e4\u00e4n infot toukokuussa ja syyskuussa. Samassa yhteydess\u00e4 puhutaan valmistumiseen liittyvist\u00e4 asioista.<\/li>\n<\/ul>\n\n\n\n<h3 class=\"wp-block-heading\"><strong>Abi-info kev\u00e4\u00e4n 2026 yo-kokeisiin osallistumista varten<\/strong><\/h3>\n\n\n\n<p>Rehtorin materiaali luettavissa alla olevasta tiedostosta. Ylimm\u00e4inen koskee ilmoitautumisia ja alla oleva kokeisiin osallistumista sek\u00e4 valmistumista sek\u00e4 s\u00e4\u00e4d\u00f6ksi\u00e4.<\/p>\n\n\n\n<div class=\"wp-block-file\"><a id=\"wp-block-file--media-95f66061-705d-44f4-9ce7-1039e994aeb7\" href=\"https:\/\/www.kktavastia.fi\/media\/sites\/9\/abi-info-ilmoittautuminen-marras-2025-ailu.pdf\">ABI-INFO ilmoittautuminen MARRAS 2025 ailu<\/a><a href=\"https:\/\/www.kktavastia.fi\/media\/sites\/9\/abi-info-ilmoittautuminen-marras-2025-ailu.pdf\" class=\"wp-block-file__button wp-element-button\" download aria-describedby=\"wp-block-file--media-95f66061-705d-44f4-9ce7-1039e994aeb7\">Lataa<\/a><\/div>\n\n\n\n<div class=\"wp-block-file\"><a id=\"wp-block-file--media-ba668e0f-20cc-4876-8a87-3d493348b07c\" href=\"https:\/\/www.kktavastia.fi\/media\/sites\/9\/abi-info-maaliskuu-2026-aikkari.pdf\">ABI-INFO maaliskuu 2026 aikkari<\/a><a href=\"https:\/\/www.kktavastia.fi\/media\/sites\/9\/abi-info-maaliskuu-2026-aikkari.pdf\" class=\"wp-block-file__button wp-element-button\" download aria-describedby=\"wp-block-file--media-ba668e0f-20cc-4876-8a87-3d493348b07c\">Lataa<\/a><\/div>\n\n\n\n<h3 class=\"wp-block-heading\">Osallistuminen yo-kokeisiin<\/h3>\n\n\n\n<p>Kirjoitettavien aineiden pakolliset kurssit\/opintojaksot tulee olla suoritettuna ja arvioituna yo-kirjoituksiin menness\u00e4.<\/p>\n\n\n\n<h3 class=\"wp-block-heading\">Saapuminen ylioppilaskokeisiin<\/h3>\n\n\n\n<p><strong>Kev\u00e4\u00e4n 2026 kaikki ylioppilaskokeet j\u00e4rjestet\u00e4\u00e4n Tavastia Areenalla , Hattelmalantie 25<\/strong><\/p>\n\n\n\n<p>Kokeet alkavat klo 9.00. Kokeeseen saavutaan ajoissa.&nbsp;<strong>Ilmoitathan etuk\u00e4teen lyseon lukion kansliaan, jos et aio osallistua kokeeseen lainkaan<\/strong>! (tiina.hokkanen@kktavastia.fi&nbsp;tai puh 050 5090757). \u00c4killiset peruuntumiset ilmoitetaan AINA rehtorille puhelimitse 040&nbsp;749 3843 (mm \u00e4killiset sairaustapaukset).<\/p>\n\n\n\n<p>Kokelaat tulevat Areenalle kahdesta eri ulko-ovesta (p\u00e4\u00e4ovi ja Peuhulan ovi)&nbsp;ja k\u00e4ytt\u00e4v\u00e4t my\u00f6s eri pukuhuoneita. Koetilaan ohjataan pukuhuoneesta keltaisin kyltein. Kun olet j\u00e4tt\u00e4nyt p\u00e4\u00e4llysvaatteesi pukuhuoneeseen, siirry ev\u00e4iden ym. tarkastukseen seuraamalla keltaisia opasteita. &nbsp;Noudata saapumisohjeita, jotta saadaan sis\u00e4\u00e4ntulo sujuvaksi ja joustavaksi.&nbsp;<\/p>\n\n\n\n<p>\u00c4l\u00e4 ota mukaan arvoesineit\u00e4. Jos v\u00e4ltt\u00e4m\u00e4tt\u00e4 tarvitset mukaan esim. lompakon tai puhelimen, merkitse ne tai varaa niille l\u00e4pin\u00e4kyv\u00e4 pieni pussi, jossa on nimesi.<\/p>\n\n\n\n<p>Huolehdithan k\u00e4sien pesusta ja\/tai desifioinnista k\u00e4sidesill\u00e4 wc-k\u00e4yntien yhteydess\u00e4.<\/p>\n\n\n\n<p><strong><u>Koep\u00e4iv\u00e4kohtaiset ohjeet:<\/u><\/strong><strong>&nbsp;saapumisaikataulu ja saapumisovi<\/strong><\/p>\n\n\n\n<p><strong>ti 10.3. \u00c4idinkieli ja kirjallisuus, lukutaito ja S2. &nbsp;Henkil\u00f6llisyystodistus mukaan!<\/strong>&nbsp;<br>Tavastia Areenalle paikalle&nbsp;<strong>klo 8.10<\/strong><br>&#8211; kaikki lis\u00e4ajalliset ja erityisj\u00e4rjestelyj\u00e4 saaneet, Areenan p\u00e4\u00e4ovesta. Pukuhuoneet 5 ja 6.<br>&#8211; Jos sukunimesi alkaa A-L, k\u00e4yt\u00e4 p\u00e4\u00e4ovea ja pukuhuoneita 5 tai 6.<br>&#8211; Jos sukunimesi alkaa M-\u00d6, k\u00e4yt\u00e4 Peuhulan ovea ja pukuhuoneita 2 tai 4.&nbsp;<\/p>\n\n\n\n<p><strong>to 12.3. Vieras kieli, lyhyt oppim\u00e4\u00e4r\u00e4. Henkil\u00f6llisyystodistus mukaan!<\/strong>&nbsp;<br>Tavastia Areenalle paikalle<strong> <\/strong><strong>klo 8.30<\/strong><strong>.<br><\/strong>&#8211; kaikki tulevat p\u00e4\u00e4ovesta, pukuhuoneet 2, 4, 5 ja 6 k\u00e4yt\u00f6ss\u00e4.<\/p>\n\n\n\n<p><strong>pe 13.3. \u00c4idinkieli ja kirjallisuus: kirjoitustaito. Henkil\u00f6llisyystodistus mukaan!<\/strong>&nbsp;<br>Tavastia Areenalle paikalle klo 8.10 &nbsp;<br>&#8211; kaikki lis\u00e4ajalliset ja erityisj\u00e4rjestelyj\u00e4 saaneet Areenan p\u00e4\u00e4ovesta. Pukuhuoneet 5 tai 6.&nbsp;<br>&#8211; Jos sukunimesi alkaa A-L, k\u00e4yt\u00e4 p\u00e4\u00e4ovea ja pukuhuoneita 5 tai 6<br>&#8211; Jos sukunimesi alkaa M-\u00d6, k\u00e4yt\u00e4 Peuhulan ovea ja pukuhuoneita 2 tai 4<\/p>\n\n\n\n<p><strong>ma 16.3 Vieras kieli, pitk\u00e4 oppim\u00e4\u00e4r\u00e4. Henkil\u00f6llisyystodistus mukaan!<\/strong>&nbsp;<br>Tavastia Areenalle paikalle<strong> <\/strong><strong>klo 8.10.<\/strong><strong> &nbsp;<\/strong><br>&#8211; kaikki lis\u00e4ajalliset ja erityisj\u00e4rjestelyj\u00e4 saaneet Areenan p\u00e4\u00e4ovesta. Pukuhuoneet 5 ja 6.&nbsp;<br>&#8211; Jos sukunimesi alkaa A-L,&nbsp;k\u00e4yt\u00e4 p\u00e4\u00e4ovea ja pukuhuoneita 5 tai 6.<br>&#8211; Jos sukunimesi alkaa M-\u00d6, k\u00e4yt\u00e4 Peuhulan ovea ja pukuhuoneita 2 tai 4<strong>.<\/strong><\/p>\n\n\n\n<p><strong>ke 18.3. Matematiikka. Henkil\u00f6llisyystodistus mukaan!<br><\/strong><strong>Tavastia Areenalla, paikalle klo 8.10<\/strong><br>&#8211; kaikki lis\u00e4ajalliset ja erityisj\u00e4rjestelyj\u00e4 saaneet Areenan p\u00e4\u00e4ovesta. Pukuhuoneet 5 ja 6.&nbsp;<br>&#8211; Jos sukunimesi alkaa A-L, k\u00e4yt\u00e4 p\u00e4\u00e4ovea ja pukuhuoneita 5 tai 6<br>&#8211; Jos sukunimesi alkaa M-\u00d6, k\u00e4yt\u00e4 Peuhulan ovea ja pukuhuoneita 2 tai 4.<\/p>\n\n\n\n<p><strong>pe 20.3. Reaali: et, us, yh, ke, ge, te. Henkil\u00f6llisyystodistus mukaan!<br><\/strong><strong>Tavastia Areenalla, paikalle klo 8.10<\/strong><strong><\/strong><br>&#8211; kaikki lis\u00e4ajalliset ja erityisj\u00e4rjestelyj\u00e4 saaneet, k\u00e4yt\u00e4 Areenan p\u00e4\u00e4ovea.<br>&#8211; Jos sukunimesi alkaa A-L, k\u00e4yt\u00e4 p\u00e4\u00e4ovea ja pukuhuoneita 5 tai 6.<br>&#8211; Jos sukunimesi alkaa M-\u00d6, k\u00e4yt\u00e4 Peuhulan ovea ja pukuhuoneita 2 tai 4.<\/p>\n\n\n\n<p><strong>ma 23.3. Toinen kotimainen kieli, ruotsi.&nbsp; Henkil\u00f6llisyystodistus mukaan!<\/strong>&nbsp;<strong><br><\/strong><strong>Tavastia Areenalla, paikalle klo 8.30<br>&#8211;<\/strong><strong> <\/strong>Kaikki tulevat Areenan p\u00e4\u00e4ovesta.<\/p>\n\n\n\n<p><strong>ke 25.3. Reaalikoe:&nbsp;ps, fi, hi, fy, bi. Henkil\u00f6llisyystodistus mukaan!<br><\/strong><strong>Tavastia Areena<\/strong><strong>&nbsp;<\/strong><strong>Paikalle klo 8.10.<\/strong><br>&#8211; kaikki lis\u00e4ajalliset ja erityisj\u00e4rjestelyj\u00e4 saaneet, Areenan p\u00e4\u00e4ovesta<br>&#8211; Jos sukunimesi alkaa A-L, k\u00e4yt\u00e4 p\u00e4\u00e4ovea ja pukuhuoneita 5 tai 6.<br>&#8211; Jos sukunimesi alkaa M-\u00d6, k\u00e4yt\u00e4 Peuhulan ovea ja pukuhuoneita 2 tai 4&nbsp;<\/p>\n\n\n\n<h3 class=\"wp-block-heading\">YO-kokeisiin ilmoittautuminen<\/h3>\n\n\n\n<p>Lukiossa kirjoilla olevat saavat tietoa Wilma-viestill\u00e4 l\u00e4hemp\u00e4n\u00e4 ajankohtaa ja uusijat ja korottajat voivat pyyt\u00e4\u00e4 abi-infoon liittymislinkin rehtorilta tai koulun kansliasta. <\/p>\n\n\n\n<p>Jos et jostain syyst\u00e4 p\u00e4\u00e4se paikalle, olethan yhteydess\u00e4 Wilman kautta tai s\u00e4hk\u00f6postitse rehtoriin. Infot pidet\u00e4\u00e4n ilmoittautumiseen liittyvist\u00e4 asioista (kun ilmoittautuminen tulee ajankohtaiseksi kev\u00e4\u00e4n\/syksyn kirjoituksiin) ja yo-kirjoituksiin liittyvist\u00e4 k\u00e4yt\u00e4nteist\u00e4 ja m\u00e4\u00e4r\u00e4yksist\u00e4, jotka kokelaan on v\u00e4ltt\u00e4m\u00e4t\u00f6n tiet\u00e4\u00e4 osallistuessaan ylioppilaskokeisiin<\/p>\n\n\n\n<aside class=\"block block-featured-story\">\n  <div class=\"container\">\n    <h3>Varmista osaaminen abittikokeessa<\/h3>\n      <p>Varmista Abitti-osaamisesi yo-kokeissa! Harjoittele koulussa abittikokeissa. Jos tietokoneesi tarvitsee p\u00e4ivityst\u00e4 tai koneesi vaihtuu, on syyt\u00e4 testata kone abittij\u00e4rjestelm\u00e4ss\u00e4 ennen kuin saapuu yo-kokeeseen.<\/p>\n          <\/div>\n<\/aside>\n\n\n\n<h3 class=\"wp-block-heading\">Ilmoittautuminen ylioppilastutkintoon<\/h3>\n\n\n\n<p>Jos olet opiskelijana H\u00e4meenlinnan lyseon lukion aikuislinjalla tai Ammattiopisto Tavastian kaksoistutkinnossa, ylioppilaskokeisiin ilmoittaudutaan Wilman kautta. <\/p>\n\n\n\n<p>Mik\u00e4li olet valmistunut aikaisemmin ylioppilaaksi H\u00e4meenlinnan lyseon lukion aikuislinjalta&nbsp;tai Ammattiopisto Tavastian kaksoistutkinnosta, tai haluat ilmoittautua yo-kirjoituksiin ammattitutkinnon pohjalta, voit ilmoittautua yo-kokeisiin s\u00e4hk\u00f6isesti. Lis\u00e4tietoja ilmoittautumisesta saat lukion opinto-ohjaajalta sek\u00e4 opintosihteerilt\u00e4. (matti.iittilainen@kktavastia.fi tai ulla.eklund@kktavastia.fi) <\/p>\n\n\n\n<ul class=\"wp-block-list\">\n<li>Lyseon lukion aikuislinjan opiskelija: <strong>Seuraavan kerran ilmoittautuminen aukeaa Wilmaa<\/strong>n ajalla 13.11.2025 &#8211; 27.11.2025 ja koskee kev\u00e4\u00e4n 2026 yo-kokeita.<\/li>\n\n\n\n<li>Mik\u00e4li sinulla ei ole aikuislinjan Wilmaa k\u00e4yt\u00f6ss\u00e4, <strong>ilmoittautuminen tehd\u00e4\u00e4n oheisesta linkist\u00e4 aukeavalla lomakkeella.<\/strong> Lomake on auki 13.11.-1.12.2025 klo 23.59. KEV\u00c4\u00c4N 2026 ilmoittautumislomake aukeaa t\u00e4st\u00e4 <a href=\"https:\/\/link.webropolsurveys.com\/S\/38C69E238BA05FD6\">https:\/\/link.webropolsurveys.com\/S\/38C69E238BA05FD6<\/a> <\/li>\n<\/ul>\n\n\n\n<p>Jos olet valmistunut jostakin muusta lukiosta, ilmoittaudu yo-kokeisiin kyseisen oman lukiosi kautta. L\u00e4hemp\u00e4n\u00e4 yo-kirjoituksia voimme katsoa, onko meill\u00e4 tilaa ottaa sinut kokeisiin meid\u00e4n koulussamme. Voit olla asiasta yhteydess\u00e4 meihin elokuun alussa.<\/p>\n\n\n\n<h3 class=\"wp-block-heading\">Ylioppilaskirjoitusten tulokset<\/h3>\n\n\n\n<p>Ylioppilastutkintolautakunta l\u00e4hett\u00e4\u00e4 tulokset kouluille joka lukukausi my\u00f6s kotisivuillaan ilmoitettuna ajankohtana. Sen j\u00e4lkeen lukio siirt\u00e4\u00e4 vastaukset kokelaille aamup\u00e4iv\u00e4n aikana. Muut ulkopuoliset saavat tuloksensa Opintopolusta seuraavana p\u00e4iv\u00e4n\u00e4.<\/p>\n\n\n\n<p>Syksyn 2025 tulokset saapuvat koululle 13.11.2025 ja ne siirret\u00e4\u00e4n Wilmaan aamup\u00e4iv\u00e4n aikana. Kev\u00e4\u00e4n tulokset julkaistaan 12.5.2026<\/p>\n\n\n\n<h3 class=\"wp-block-heading\">Valmistuminen <\/h3>\n\n\n\n<p><strong>Syksy 2025<\/strong><br><br>Syksyn lakkiaiset <br>5.12.2025 klo 13.00<\/p>\n\n\n\n<p><strong>Kev\u00e4t 2026<\/strong><\/p>\n\n\n\n<p>Ylioppilasjuhlat Pohjant\u00e4hti Areenalla la 30.5.2026 klo 10.00<br>Ylioppilasjuhlien harjoitukset ovat pe 30.5. klo 17.00 Pohjant\u00e4hti areenalla.<br>Kun uudet ylioppilaat ovat selvill\u00e4, rehtori l\u00e4hett\u00e4\u00e4 viestin, jossa on lis\u00e4tietoa juhliin liittyen.<\/p>\n\n\n\n\n\n<h3 class=\"wp-block-heading\">Lis\u00e4infoa yliopplastutkintolautakunnan sivuilta opiskelijalle<\/h3>\n\n\n<a class=\"wp-block-read-more\" href=\"https:\/\/www.kktavastia.fi\/lukiot-hameenlinnan-lyseo-aikuislinja\/ylioppilastutkinto\/abi-info\/\" target=\"_self\"><a href=\"https:\/\/www.ylioppilastutkinto.fi\/fi\/tutkinnon-suorittaminen\/tietoa-kokelaalle\">Tietoa kokelaalle | Ylioppilastutkintolautakunta<\/a><span class=\"screen-reader-text\">: Abi-info<\/span><\/a>\n\n\n\n","protected":false},"excerpt":{"rendered":"<p>Seuraavan tutkintokerran koep\u00e4iv\u00e4t Kev\u00e4\u00e4n 2026 koep\u00e4iv\u00e4t Rehtorin abi-infot Kokelaille pidet\u00e4\u00e4n Abi-infot, jotta jokainen osaisi toimia kokeissa ja ymm\u00e4rt\u00e4\u00e4 ylioppilastutkinnon rakenteet.Kutakin [&hellip;]<\/p>\n","protected":false},"author":3,"featured_media":0,"parent":48,"menu_order":0,"comment_status":"closed","ping_status":"closed","template":"","meta":{"_acf_changed":false,"_relevanssi_hide_post":"","_relevanssi_hide_content":"","_relevanssi_pin_for_all":"","_relevanssi_pin_keywords":"","_relevanssi_unpin_keywords":"","_relevanssi_related_keywords":"","_relevanssi_related_include_ids":"","_relevanssi_related_exclude_ids":"","_relevanssi_related_no_append":"","_relevanssi_related_not_related":"","_relevanssi_related_posts":"976,817,874,967,610,965","_relevanssi_noindex_reason":"","footnotes":""},"class_list":["post-62","page","type-page","status-publish","hentry"],"acf":[],"yoast_head":"<title>H\u00e4meenlinnan lyseon lukion aikuislinja | Abi-info | Ohjeita abiturientille<\/title>\n<meta name=\"description\" content=\"H\u00e4meenlinnan lyseon lukion aikuislinjan abi-info: ohjeita abiturientille ylioppilaskirjoituksia varten. Tutustu lis\u00e4\u00e4!\" \/>\n<meta name=\"robots\" content=\"index, follow, max-snippet:-1, max-image-preview:large, max-video-preview:-1\" \/>\n<link rel=\"canonical\" href=\"https:\/\/www.kktavastia.fi\/lukiot-hameenlinnan-lyseo-aikuislinja\/ylioppilastutkinto\/abi-info\/\" \/>\n<meta property=\"og:locale\" content=\"fi_FI\" \/>\n<meta property=\"og:type\" content=\"article\" \/>\n<meta property=\"og:title\" content=\"H\u00e4meenlinnan lyseon lukion aikuislinja | Abi-info | Ohjeita abiturientille\" \/>\n<meta property=\"og:description\" content=\"H\u00e4meenlinnan lyseon lukion aikuislinjan abi-info: ohjeita abiturientille ylioppilaskirjoituksia varten. Tutustu lis\u00e4\u00e4!\" \/>\n<meta property=\"og:url\" content=\"https:\/\/www.kktavastia.fi\/lukiot-hameenlinnan-lyseo-aikuislinja\/ylioppilastutkinto\/abi-info\/\" \/>\n<meta property=\"og:site_name\" content=\"H\u00e4meenlinnan lyseon lukion aikuislinja\" \/>\n<meta property=\"article:modified_time\" content=\"2026-03-04T11:49:11+00:00\" \/>\n<meta name=\"twitter:card\" content=\"summary_large_image\" \/>\n<script type=\"application\/ld+json\" class=\"yoast-schema-graph\">{\"@context\":\"https:\\\/\\\/schema.org\",\"@graph\":[{\"@type\":\"WebPage\",\"@id\":\"https:\\\/\\\/www.kktavastia.fi\\\/lukiot-hameenlinnan-lyseo-aikuislinja\\\/ylioppilastutkinto\\\/abi-info\\\/\",\"url\":\"https:\\\/\\\/www.kktavastia.fi\\\/lukiot-hameenlinnan-lyseo-aikuislinja\\\/ylioppilastutkinto\\\/abi-info\\\/\",\"name\":\"H\u00e4meenlinnan lyseon lukion aikuislinja | Abi-info | Ohjeita abiturientille\",\"isPartOf\":{\"@id\":\"https:\\\/\\\/www.kktavastia.fi\\\/lukiot-hameenlinnan-lyseo-aikuislinja\\\/#website\"},\"datePublished\":\"2020-12-30T13:43:17+00:00\",\"dateModified\":\"2026-03-04T11:49:11+00:00\",\"description\":\"H\u00e4meenlinnan lyseon lukion aikuislinjan abi-info: ohjeita abiturientille ylioppilaskirjoituksia varten. Tutustu lis\u00e4\u00e4!\",\"breadcrumb\":{\"@id\":\"https:\\\/\\\/www.kktavastia.fi\\\/lukiot-hameenlinnan-lyseo-aikuislinja\\\/ylioppilastutkinto\\\/abi-info\\\/#breadcrumb\"},\"inLanguage\":\"fi\",\"potentialAction\":[{\"@type\":\"ReadAction\",\"target\":[\"https:\\\/\\\/www.kktavastia.fi\\\/lukiot-hameenlinnan-lyseo-aikuislinja\\\/ylioppilastutkinto\\\/abi-info\\\/\"]}]},{\"@type\":\"BreadcrumbList\",\"@id\":\"https:\\\/\\\/www.kktavastia.fi\\\/lukiot-hameenlinnan-lyseo-aikuislinja\\\/ylioppilastutkinto\\\/abi-info\\\/#breadcrumb\",\"itemListElement\":[{\"@type\":\"ListItem\",\"position\":1,\"name\":\"Home\",\"item\":\"https:\\\/\\\/www.kktavastia.fi\\\/lukiot-hameenlinnan-lyseo-aikuislinja\\\/\"},{\"@type\":\"ListItem\",\"position\":2,\"name\":\"Ylioppilastutkinto\",\"item\":\"https:\\\/\\\/www.kktavastia.fi\\\/lukiot-hameenlinnan-lyseo-aikuislinja\\\/ylioppilastutkinto\\\/\"},{\"@type\":\"ListItem\",\"position\":3,\"name\":\"Abi-info\"}]},{\"@type\":\"WebSite\",\"@id\":\"https:\\\/\\\/www.kktavastia.fi\\\/lukiot-hameenlinnan-lyseo-aikuislinja\\\/#website\",\"url\":\"https:\\\/\\\/www.kktavastia.fi\\\/lukiot-hameenlinnan-lyseo-aikuislinja\\\/\",\"name\":\"H\u00e4meenlinnan lyseon lukion aikuislinja\",\"description\":\"\",\"potentialAction\":[{\"@type\":\"SearchAction\",\"target\":{\"@type\":\"EntryPoint\",\"urlTemplate\":\"https:\\\/\\\/www.kktavastia.fi\\\/lukiot-hameenlinnan-lyseo-aikuislinja\\\/?s={search_term_string}\"},\"query-input\":{\"@type\":\"PropertyValueSpecification\",\"valueRequired\":true,\"valueName\":\"search_term_string\"}}],\"inLanguage\":\"fi\"}]}<\/script>","yoast_head_json":{"title":"H\u00e4meenlinnan lyseon lukion aikuislinja | Abi-info | Ohjeita abiturientille","description":"H\u00e4meenlinnan lyseon lukion aikuislinjan abi-info: ohjeita abiturientille ylioppilaskirjoituksia varten. Tutustu lis\u00e4\u00e4!","robots":{"index":"index","follow":"follow","max-snippet":"max-snippet:-1","max-image-preview":"max-image-preview:large","max-video-preview":"max-video-preview:-1"},"canonical":"https:\/\/www.kktavastia.fi\/lukiot-hameenlinnan-lyseo-aikuislinja\/ylioppilastutkinto\/abi-info\/","og_locale":"fi_FI","og_type":"article","og_title":"H\u00e4meenlinnan lyseon lukion aikuislinja | Abi-info | Ohjeita abiturientille","og_description":"H\u00e4meenlinnan lyseon lukion aikuislinjan abi-info: ohjeita abiturientille ylioppilaskirjoituksia varten. Tutustu lis\u00e4\u00e4!","og_url":"https:\/\/www.kktavastia.fi\/lukiot-hameenlinnan-lyseo-aikuislinja\/ylioppilastutkinto\/abi-info\/","og_site_name":"H\u00e4meenlinnan lyseon lukion aikuislinja","article_modified_time":"2026-03-04T11:49:11+00:00","twitter_card":"summary_large_image","schema":{"@context":"https:\/\/schema.org","@graph":[{"@type":"WebPage","@id":"https:\/\/www.kktavastia.fi\/lukiot-hameenlinnan-lyseo-aikuislinja\/ylioppilastutkinto\/abi-info\/","url":"https:\/\/www.kktavastia.fi\/lukiot-hameenlinnan-lyseo-aikuislinja\/ylioppilastutkinto\/abi-info\/","name":"H\u00e4meenlinnan lyseon lukion aikuislinja | Abi-info | Ohjeita abiturientille","isPartOf":{"@id":"https:\/\/www.kktavastia.fi\/lukiot-hameenlinnan-lyseo-aikuislinja\/#website"},"datePublished":"2020-12-30T13:43:17+00:00","dateModified":"2026-03-04T11:49:11+00:00","description":"H\u00e4meenlinnan lyseon lukion aikuislinjan abi-info: ohjeita abiturientille ylioppilaskirjoituksia varten. Tutustu lis\u00e4\u00e4!","breadcrumb":{"@id":"https:\/\/www.kktavastia.fi\/lukiot-hameenlinnan-lyseo-aikuislinja\/ylioppilastutkinto\/abi-info\/#breadcrumb"},"inLanguage":"fi","potentialAction":[{"@type":"ReadAction","target":["https:\/\/www.kktavastia.fi\/lukiot-hameenlinnan-lyseo-aikuislinja\/ylioppilastutkinto\/abi-info\/"]}]},{"@type":"BreadcrumbList","@id":"https:\/\/www.kktavastia.fi\/lukiot-hameenlinnan-lyseo-aikuislinja\/ylioppilastutkinto\/abi-info\/#breadcrumb","itemListElement":[{"@type":"ListItem","position":1,"name":"Home","item":"https:\/\/www.kktavastia.fi\/lukiot-hameenlinnan-lyseo-aikuislinja\/"},{"@type":"ListItem","position":2,"name":"Ylioppilastutkinto","item":"https:\/\/www.kktavastia.fi\/lukiot-hameenlinnan-lyseo-aikuislinja\/ylioppilastutkinto\/"},{"@type":"ListItem","position":3,"name":"Abi-info"}]},{"@type":"WebSite","@id":"https:\/\/www.kktavastia.fi\/lukiot-hameenlinnan-lyseo-aikuislinja\/#website","url":"https:\/\/www.kktavastia.fi\/lukiot-hameenlinnan-lyseo-aikuislinja\/","name":"H\u00e4meenlinnan lyseon lukion aikuislinja","description":"","potentialAction":[{"@type":"SearchAction","target":{"@type":"EntryPoint","urlTemplate":"https:\/\/www.kktavastia.fi\/lukiot-hameenlinnan-lyseo-aikuislinja\/?s={search_term_string}"},"query-input":{"@type":"PropertyValueSpecification","valueRequired":true,"valueName":"search_term_string"}}],"inLanguage":"fi"}]}},"_links":{"self":[{"href":"https:\/\/www.kktavastia.fi\/lukiot-hameenlinnan-lyseo-aikuislinja\/wp-json\/wp\/v2\/pages\/62","targetHints":{"allow":["GET"]}}],"collection":[{"href":"https:\/\/www.kktavastia.fi\/lukiot-hameenlinnan-lyseo-aikuislinja\/wp-json\/wp\/v2\/pages"}],"about":[{"href":"https:\/\/www.kktavastia.fi\/lukiot-hameenlinnan-lyseo-aikuislinja\/wp-json\/wp\/v2\/types\/page"}],"author":[{"embeddable":true,"href":"https:\/\/www.kktavastia.fi\/lukiot-hameenlinnan-lyseo-aikuislinja\/wp-json\/wp\/v2\/users\/3"}],"replies":[{"embeddable":true,"href":"https:\/\/www.kktavastia.fi\/lukiot-hameenlinnan-lyseo-aikuislinja\/wp-json\/wp\/v2\/comments?post=62"}],"version-history":[{"count":24,"href":"https:\/\/www.kktavastia.fi\/lukiot-hameenlinnan-lyseo-aikuislinja\/wp-json\/wp\/v2\/pages\/62\/revisions"}],"predecessor-version":[{"id":2171,"href":"https:\/\/www.kktavastia.fi\/lukiot-hameenlinnan-lyseo-aikuislinja\/wp-json\/wp\/v2\/pages\/62\/revisions\/2171"}],"up":[{"embeddable":true,"href":"https:\/\/www.kktavastia.fi\/lukiot-hameenlinnan-lyseo-aikuislinja\/wp-json\/wp\/v2\/pages\/48"}],"wp:attachment":[{"href":"https:\/\/www.kktavastia.fi\/lukiot-hameenlinnan-lyseo-aikuislinja\/wp-json\/wp\/v2\/media?parent=62"}],"curies":[{"name":"wp","href":"https:\/\/api.w.org\/{rel}","templated":true}]}}