{"id":48,"date":"2020-12-30T15:34:26","date_gmt":"2020-12-30T13:34:26","guid":{"rendered":"https:\/\/kktavastia.vaiheessa.fi\/lukiot-hameenlinnan-lyseo-aikuislinja\/?page_id=48"},"modified":"2026-04-15T10:22:31","modified_gmt":"2026-04-15T07:22:31","slug":"ylioppilastutkinto","status":"publish","type":"page","link":"https:\/\/www.kktavastia.fi\/lukiot-hameenlinnan-lyseo-aikuislinja\/ylioppilastutkinto\/","title":{"rendered":"Ylioppilastutkinto"},"content":{"rendered":"\n<p class=\"is-style-ingress\">T\u00e4\u00e4lt\u00e4 l\u00f6yd\u00e4t tietoa ylioppilastutkinnosta ja sen rakenteesta<\/p>\n\n\n\n<h3 class=\"wp-block-heading\">Kun alat suunnitella yo-tutkinnon suorittamista<\/h3>\n\n\n\n<p>Ennen ylioppilastutkinnon aloittamista aikuislinjan opiskelijoilta edellytet\u00e4\u00e4n ylioppilastutkintosuunnitelman l\u00e4pik\u00e4ymist\u00e4 yhdess\u00e4 opinto-ohjaajan kanssa. Lukio-opintojen tulee olla riitt\u00e4v\u00e4n pitk\u00e4ll\u00e4, kun ylioppilastutkinto aloitetaan. Keskustelussa opinto-ohjaajan kanssa tarkistetaan, ett\u00e4 opinnot etenev\u00e4t niin, ett\u00e4 kirjoituskelpoisuus kaikissa tutkintoon kuuluvissa aineissa saavutetaan ennen suunniteltua ylioppilaskoetta. Tavoitteena on, ett\u00e4 kolmas tutkintokerta osuu vaiheeseen, jossa aikuislukion oppim\u00e4\u00e4r\u00e4 on valmis. Aikuislukion opiskelijan tulee itse varata ohjausaika opinto-ohjaajalta ennen kuin ilmoittautuu ylioppilaskirjoituksiin ensimm\u00e4isen kerran.<\/p>\n\n\n\n<h3 class=\"wp-block-heading\">Ylioppilastutkinnon aloittaminen<\/h3>\n\n\n\n<p>Tutkinnon suorittaminen alkaa, kun kokelas ilmoittautuu ensimm\u00e4isen kerran suorittamaan ylioppilastutkinnon kokeita.&nbsp;Huomioi, ettet aloita ylioppilastutkinnon suorittamista liian aikaisin, sill\u00e4 kaikkiin pakollisiin kokeisiin on saavutettava osallistumisoikeus ja osallistuttava kolmen per\u00e4kk\u00e4isen kirjoituskerran aikana eli noin yhden vuoden aikana. Muistathan, ett\u00e4 opiskelija on aina itse velvollinen seuraamaan opintojensa edistymist\u00e4!<\/p>\n\n\n\n<p>Ylioppilaskokeeseen osallistuminen edellytt\u00e4\u00e4, ett\u00e4 olet opiskellut ennen kokeeseen osallistumista v\u00e4hint\u00e4\u00e4n lukion tuntijaossa m\u00e4\u00e4r\u00e4tyt asianomaisen oppiaineen pakolliset opinnot. Pakolliset opinnot tulee olla suoritettuna ja arvioituna ennen ko oppiaineen yo-kirjoitusp\u00e4iv\u00e4\u00e4. <\/p>\n\n\n\n<p>Yo-kokeiden teht\u00e4v\u00e4t perustuvat pakollisiin ja valtakunnallisiin syvent\u00e4viin kursseihin (LOPS2016) ja nykyisin valtakunnallisiin valinnaisiin opintojaksoihin (LOPS2021). Niiss\u00e4 vieraissa kieliss\u00e4, joissa ei ole pakollisia opintoja, edellytet\u00e4\u00e4n kolmen kurssin tai kuuden opintopisteen suorittamista. Mik\u00e4li olet hankkinut riitt\u00e4v\u00e4n kielitaidon muutoin, voit anoa rehtorilta lupaa osallistua ao. kielen kokeeseen ilman vaadittuja kurssisuorituksia. <\/p>\n\n\n\n<p>Lukion opiskelija voi osallistua sen kev\u00e4\u00e4n tai syksyn ylioppilastutkinnon kokeeseen (kokeisiin),<br>jonka ilmoittautumisp\u00e4iv\u00e4\u00e4n menness\u00e4 h\u00e4n on osallistunut kirjoitusaineen tai -aineiden pakollisiin opintoihin (pakolliset kurssit\/opintojaksot) tai t\u00e4ll\u00f6in osallistuu viel\u00e4 puuttuviin pakollisiin opintoihin. Yo-kokeeseen vaaditaan, ett\u00e4 pakolliset kurssit tai pakolliset opintojaksot ovat arvioituna. <\/p>\n\n\n\n<p>Lukio-opintojen p\u00e4\u00e4tt\u00f6vaiheessa suoritetaan eri aineiden ylioppilaskirjoitukset, jotka j\u00e4rjestet\u00e4\u00e4n kahdesti vuodessa, kev\u00e4\u00e4ll\u00e4 ja syksyll\u00e4. Tutkintoon kuuluvat kokeet voidaan suorittaa yhdell\u00e4 kerralla tai hajautetusti enint\u00e4\u00e4n kolmena per\u00e4kk\u00e4isen\u00e4 suorituskertana (esim kev\u00e4t-syksy-kev\u00e4t).&nbsp; Hyl\u00e4tyn kokeen saa uusia kolme kertaa ja hyv\u00e4ksytty\u00e4 koetta rajattomasti.<\/p>\n\n\n\n<h3 class=\"wp-block-heading alignwide\">Yo-tutkinnon rakenne<\/h3>\n\n\n\n<p>Ylioppilastutkinto uudistui ja uudistus koskee&nbsp;kokelaita, jotka aloittavat ylioppilastutkinnon suorittamisen kev\u00e4\u00e4ll\u00e4 2022 tai sen j\u00e4lkeen.&nbsp;Tutkinnon suorittaminen alkaa, kun kokelas ilmoittautuu ensimm\u00e4isen kerran suorittamaan ylioppilastutkinnon kokeita.<\/p>\n\n\n\n<p>Tutkinnon tekeminen alkaa siit\u00e4, kun ensimm\u00e4isen kerran ilmoittautuu yo-kokeeseen.<\/p>\n\n\n\n<p><strong>Uudessa tutkintorakenteessa ylioppilastutkintoon on sis\u00e4llytett\u00e4v\u00e4 v\u00e4hint\u00e4\u00e4n viiden tutkintoaineen kokeet.<\/strong><\/p>\n\n\n\n<ul class=\"wp-block-list\">\n<li>Kaikkien&nbsp;kokelaiden&nbsp;on sis\u00e4llytett\u00e4v\u00e4 tutkintoonsa&nbsp;\u00e4idinkielen ja kirjallisuuden koe<\/li>\n\n\n\n<li>Lis\u00e4ksi tutkintoon&nbsp;on&nbsp;sis\u00e4llytett\u00e4v\u00e4<strong> v\u00e4hint\u00e4\u00e4n nelj\u00e4&nbsp;eri tutkintoaineen&nbsp;koetta<\/strong>&nbsp;v\u00e4hint\u00e4\u00e4n&nbsp;kolmesta seuraavasta ryhm\u00e4st\u00e4: matematiikka, toinen kotimainen kieli, vieras kieli ja reaaliaine.<\/li>\n\n\n\n<li>Kokeisiin tulee sis\u00e4lty\u00e4 v\u00e4hint\u00e4\u00e4n&nbsp;yksi&nbsp;pitk\u00e4n oppim\u00e4\u00e4r\u00e4n koe.<\/li>\n<\/ul>\n\n\n\n<p>Tutkintoon vaadittujen viiden kokeen lis\u00e4ksi kokelas voi suorittaa yhden tai useamman muun kokeen. Kokelas voi halutessaan suorittaa eri oppim\u00e4\u00e4rien kokeita samassa tutkintoaineessa. Saman aineen eri oppim\u00e4\u00e4rien kokeet voidaan kuitenkin laskea&nbsp;suoritukseksi&nbsp;vain kerran, esimerkiksi&nbsp;lyhyt ja pitk\u00e4 matematiikka tai evankelisluterilainen uskonto ja ortodoksinen uskonto.<\/p>\n\n\n\n<p>Kokelas voi&nbsp;halutessaan valita&nbsp;toisen kotimaisen kielen kokeen sijasta \u00e4idinkielelt\u00e4\u00e4n ruotsin- tai suomenkielisille kokelaille tarkoitetun \u00e4idinkielen ja kirjallisuuden kokeen kyseisess\u00e4 kieless\u00e4. Kokelas voi&nbsp;my\u00f6s halutessaan&nbsp;suorittaa&nbsp;vieraan kielen kokeen&nbsp;sijasta \u00e4idinkielen ja kirjallisuuden kokeen saamen kieless\u00e4.&nbsp;&nbsp;<\/p>\n\n\n\n<p>Lautakunta on julkaissut verkossa toimivan palvelun, jossa voi kokeilla, millaiset koeyhdistelm\u00e4t t\u00e4ytt\u00e4v\u00e4t n\u00e4m\u00e4 kriteerit.&nbsp;<a href=\"https:\/\/ilmo.ylioppilastutkinto.fi\/fi\">P\u00e4\u00e4set palveluun t\u00e4st\u00e4<\/a>.<\/p>\n\n\n\n<p><strong>Matematiikassa, toisessa kotimaisessa kieless\u00e4 ja vieraissa kieliss\u00e4 j\u00e4rjestet\u00e4\u00e4n vaativuudeltaan kahden eri tason mukaiset kokeet. <\/strong>Kokelas saa valita, mink\u00e4 tasoisena h\u00e4n kokeet suorittaa. V\u00e4hint\u00e4\u00e4n yhdess\u00e4 pakollisessa oppiaineessa tulee kuitenkin suorittaa vaativamman tason (pitk\u00e4n matematiikan tai A-kielen oppim\u00e4\u00e4r\u00e4n) koe.<\/p>\n\n\n\n<h4 class=\"wp-block-heading\">Reaaliaineiden kokeet<\/h4>\n\n\n\n<p>Yhdell\u00e4 tutkintokerralla j\u00e4rjestet\u00e4\u00e4n kaksi reaaliaineiden koep\u00e4iv\u00e4\u00e4. Opiskelija voi osallistua yhten\u00e4 koep\u00e4iv\u00e4n\u00e4 vain yhden reaaliaineen kokeeseen. Kullakin tutkintokerralla opiskelija voi siis osallistua enint\u00e4\u00e4n kahden reaaliaineen kokeeseen. Eri reaaliaineiden kokeet jakautuvat kahdelle koep\u00e4iv\u00e4lle seuraavasti<\/p>\n\n\n\n<ul class=\"wp-block-list\">\n<li>samana koep\u00e4iv\u00e4n\u00e4: psykologia, filosofia, historia, fysiikka, biologia<\/li>\n\n\n\n<li>samana koep\u00e4iv\u00e4n\u00e4: evankelisluterilainen uskonto, ortodoksinen uskonto, el\u00e4m\u00e4nkatsomustieto, yhteiskuntaoppi, kemia, maantiede, terveystieto<\/li>\n<\/ul>\n\n\n\n<h3 class=\"wp-block-heading\">Lis\u00e4\u00e4 tietoa ylioppilastutkinnosta<\/h3>\n\n\n\n<p>Lis\u00e4tietoa ylioppilastutkinnon suoritusohjeista ja eri oppiaineiden ylioppilaskokeista saat lukion ylioppilastutkinto-oppaasta, rehtorilta, opinto-ohjaajilta, aineenopettajilta sek\u00e4 <a href=\"https:\/\/www.ylioppilastutkinto.fi\/\">ylioppilastutkintolautakunnan nettisivuilta<\/a>.<\/p>\n\n\n\n<p>Yo-kokeet laaditaan pakollisten ja valtakunnallisten valinnaisten opintojen perusteella. Ylioppilastutkintotodistus annetaan sellaiselle opiskelijalle, joka on suorittanut hyv\u00e4ksytysti koko lukion oppim\u00e4\u00e4r\u00e4n  ja kaikki tutkintoon vaaditut aineet. <\/p>\n\n\n\n<p>Yo-kirjoitus on maksullinen ja maksut vahvistaa vuosittain yo-tutkintolautakunta. Oppivelvollisena suoritettavaan tutkintoon 5 ensimm\u00e4ist\u00e4 koetta ovat maksuttomia.<\/p>\n\n\n\n<h3 class=\"wp-block-heading\">Ilmoittautuminen ylioppilastutkintoon<\/h3>\n\n\n\n<p>Jos opiskelet H\u00e4meenlinnan lyseon aikuislinjalla tai ammattiopiston Tavastian kaksoistutkinnossa, ylioppilaskokeisiin ilmoittaudutaan Wilman kautta. Kokelaille pidet\u00e4\u00e4n abi-infot,&nbsp;&nbsp;jotta jokainen osaisi toimia kokeissa ja ymm\u00e4rt\u00e4\u00e4 ylioppilastutkinnon rakenteet. L\u00f6yd\u00e4t lis\u00e4tietoa kotisivuilta kohdasta  ABI-info.<\/p>\n\n\n\n<p><strong>Mik\u00e4li olet valmistunut aiemmin H\u00e4meenlinnan lyseon lukiosta ja tulet korottamaan arvosanojasi tai t\u00e4ydent\u00e4m\u00e4\u00e4n tutkintoasi, voit ilmoittautua yo-kokeisiin s\u00e4hk\u00f6isell\u00e4 lomakkeella, jonka l\u00f6yd\u00e4t n\u00e4iden sivujen abi-infosta-v\u00e4lilehdelt\u00e4. <\/strong>Mik\u00e4li olet valmistunut ylioppilaaksi Ammattiopisto Tavastian kaksoistutkinnosta, tai haluat ilmoittautua yo-kirjoituksiin ammattitutkinnon pohjalta, voit ilmoittautua\u00a0\u00a0kotisivuilta Abi-info-v\u00e4lilehdelt\u00e4 l\u00f6ytyv\u00e4st\u00e4 linkist\u00e4. <\/p>\n\n\n\n<p><strong>Tarvittaessa voit kysy\u00e4 neuvoja ilmoittautumiseen lukion kansliasta (Tiina Hokkanen, <a href=\"mailto:tiina.hokkanen@kktavastia.fi\">tiina.hokkanen@kktavastia.fi<\/a> tai aikuislukion kansliasta ulla.eklund@kktavastia.fi ).<\/strong><\/p>\n\n\n\n<p>Jos olet valmistunut jostakin muusta lukiosta, ilmoittaudu yo-kokeisiin kyseisen oman lukiosi kautta. L\u00e4hemp\u00e4n\u00e4 yo-kirjoituksia voimme katsoa, onko meill\u00e4 tilaa ottaa sinut kokeisiin meid\u00e4n koulussa. Voit olla asiasta yhteydess\u00e4 meihin tammi-helmikuussa.<\/p>\n\n\n\n<h3 class=\"wp-block-heading\"><a href=\"https:\/\/www.ylioppilastutkinto.fi\/fi\/tutkinnon-suorittaminen\/koepaivat\">Koep\u00e4iv\u00e4t <\/a>ovat ylioppilastutkintolautakunnan kotisivuilla<\/h3>\n\n\n\n<p><a href=\"https:\/\/www.ylioppilastutkinto.fi\/fi\/tutkinnon-toimeenpano\/maaraykset-ja-ohjeet\/yleiset-maaraykset-ja-ohjeet\/liite-2-kokelaan\">YTL:n ohjeet kokelaan tietokoneesta<\/a><\/p>\n\n\n\n<p>S\u00e4hk\u00f6isest\u00e4 YO-kokeesta saat tietoa <a href=\"https:\/\/www.ylioppilastutkinto.fi\/fi\/tutkinnon-toimeenpano\/maaraykset-ja-ohjeet\">YTL:n sivuilta<\/a> ja <a href=\"https:\/\/www.ylioppilastutkinto.fi\/fi\/tutkinnon-suorittaminen\/tietoa-kokelaalle\">https:\/\/www.ylioppilastutkinto.fi\/fi\/tutkinnon-suorittaminen\/tietoa-kokelaalle<\/a>.<\/p>\n\n\n\n<p>Katso my\u00f6s tarkemmat <a href=\"https:\/\/www.ylioppilastutkinto.fi\/fi\/tutkinnon-suorittaminen\/koetilaisuuden-kulku\">toimintaohjeet kokeessa<\/a>.<\/p>\n","protected":false},"excerpt":{"rendered":"<p>T\u00e4\u00e4lt\u00e4 l\u00f6yd\u00e4t tietoa ylioppilastutkinnosta ja sen rakenteesta Kun alat suunnitella yo-tutkinnon suorittamista Ennen ylioppilastutkinnon aloittamista aikuislinjan opiskelijoilta edellytet\u00e4\u00e4n ylioppilastutkintosuunnitelman l\u00e4pik\u00e4ymist\u00e4 [&hellip;]<\/p>\n","protected":false},"author":3,"featured_media":0,"parent":0,"menu_order":0,"comment_status":"closed","ping_status":"closed","template":"","meta":{"_acf_changed":false,"_relevanssi_hide_post":"","_relevanssi_hide_content":"","_relevanssi_pin_for_all":"","_relevanssi_pin_keywords":"","_relevanssi_unpin_keywords":"","_relevanssi_related_keywords":"","_relevanssi_related_include_ids":"","_relevanssi_related_exclude_ids":"","_relevanssi_related_no_append":"","_relevanssi_related_not_related":"","_relevanssi_related_posts":"828,898,876,747,769,896","_relevanssi_noindex_reason":"","footnotes":""},"class_list":["post-48","page","type-page","status-publish","hentry"],"acf":[],"yoast_head":"<title>H\u00e4meenlinnan lyseon lukion aikuislinja | Ylioppilastutkinto<\/title>\n<meta name=\"description\" content=\"H\u00e4meenlinnan lyseon lukion aikuislinja: ylioppilastutkinto. Suorita ylioppilastutkinto lukion aikuislinjalla joustavasti!\" \/>\n<meta name=\"robots\" content=\"index, follow, max-snippet:-1, max-image-preview:large, max-video-preview:-1\" \/>\n<link rel=\"canonical\" href=\"https:\/\/www.kktavastia.fi\/lukiot-hameenlinnan-lyseo-aikuislinja\/ylioppilastutkinto\/\" \/>\n<meta property=\"og:locale\" content=\"fi_FI\" \/>\n<meta property=\"og:type\" content=\"article\" \/>\n<meta property=\"og:title\" content=\"H\u00e4meenlinnan lyseon lukion aikuislinja | Ylioppilastutkinto\" \/>\n<meta property=\"og:description\" content=\"H\u00e4meenlinnan lyseon lukion aikuislinja: ylioppilastutkinto. Suorita ylioppilastutkinto lukion aikuislinjalla joustavasti!\" \/>\n<meta property=\"og:url\" content=\"https:\/\/www.kktavastia.fi\/lukiot-hameenlinnan-lyseo-aikuislinja\/ylioppilastutkinto\/\" \/>\n<meta property=\"og:site_name\" content=\"H\u00e4meenlinnan lyseon lukion aikuislinja\" \/>\n<meta property=\"article:modified_time\" content=\"2026-04-15T07:22:31+00:00\" \/>\n<meta name=\"twitter:card\" content=\"summary_large_image\" \/>\n<script type=\"application\/ld+json\" class=\"yoast-schema-graph\">{\"@context\":\"https:\\\/\\\/schema.org\",\"@graph\":[{\"@type\":\"WebPage\",\"@id\":\"https:\\\/\\\/www.kktavastia.fi\\\/lukiot-hameenlinnan-lyseo-aikuislinja\\\/ylioppilastutkinto\\\/\",\"url\":\"https:\\\/\\\/www.kktavastia.fi\\\/lukiot-hameenlinnan-lyseo-aikuislinja\\\/ylioppilastutkinto\\\/\",\"name\":\"H\u00e4meenlinnan lyseon lukion aikuislinja | Ylioppilastutkinto\",\"isPartOf\":{\"@id\":\"https:\\\/\\\/www.kktavastia.fi\\\/lukiot-hameenlinnan-lyseo-aikuislinja\\\/#website\"},\"datePublished\":\"2020-12-30T13:34:26+00:00\",\"dateModified\":\"2026-04-15T07:22:31+00:00\",\"description\":\"H\u00e4meenlinnan lyseon lukion aikuislinja: ylioppilastutkinto. Suorita ylioppilastutkinto lukion aikuislinjalla joustavasti!\",\"breadcrumb\":{\"@id\":\"https:\\\/\\\/www.kktavastia.fi\\\/lukiot-hameenlinnan-lyseo-aikuislinja\\\/ylioppilastutkinto\\\/#breadcrumb\"},\"inLanguage\":\"fi\",\"potentialAction\":[{\"@type\":\"ReadAction\",\"target\":[\"https:\\\/\\\/www.kktavastia.fi\\\/lukiot-hameenlinnan-lyseo-aikuislinja\\\/ylioppilastutkinto\\\/\"]}]},{\"@type\":\"BreadcrumbList\",\"@id\":\"https:\\\/\\\/www.kktavastia.fi\\\/lukiot-hameenlinnan-lyseo-aikuislinja\\\/ylioppilastutkinto\\\/#breadcrumb\",\"itemListElement\":[{\"@type\":\"ListItem\",\"position\":1,\"name\":\"Home\",\"item\":\"https:\\\/\\\/www.kktavastia.fi\\\/lukiot-hameenlinnan-lyseo-aikuislinja\\\/\"},{\"@type\":\"ListItem\",\"position\":2,\"name\":\"Ylioppilastutkinto\"}]},{\"@type\":\"WebSite\",\"@id\":\"https:\\\/\\\/www.kktavastia.fi\\\/lukiot-hameenlinnan-lyseo-aikuislinja\\\/#website\",\"url\":\"https:\\\/\\\/www.kktavastia.fi\\\/lukiot-hameenlinnan-lyseo-aikuislinja\\\/\",\"name\":\"H\u00e4meenlinnan lyseon lukion aikuislinja\",\"description\":\"\",\"potentialAction\":[{\"@type\":\"SearchAction\",\"target\":{\"@type\":\"EntryPoint\",\"urlTemplate\":\"https:\\\/\\\/www.kktavastia.fi\\\/lukiot-hameenlinnan-lyseo-aikuislinja\\\/?s={search_term_string}\"},\"query-input\":{\"@type\":\"PropertyValueSpecification\",\"valueRequired\":true,\"valueName\":\"search_term_string\"}}],\"inLanguage\":\"fi\"}]}<\/script>","yoast_head_json":{"title":"H\u00e4meenlinnan lyseon lukion aikuislinja | Ylioppilastutkinto","description":"H\u00e4meenlinnan lyseon lukion aikuislinja: ylioppilastutkinto. Suorita ylioppilastutkinto lukion aikuislinjalla joustavasti!","robots":{"index":"index","follow":"follow","max-snippet":"max-snippet:-1","max-image-preview":"max-image-preview:large","max-video-preview":"max-video-preview:-1"},"canonical":"https:\/\/www.kktavastia.fi\/lukiot-hameenlinnan-lyseo-aikuislinja\/ylioppilastutkinto\/","og_locale":"fi_FI","og_type":"article","og_title":"H\u00e4meenlinnan lyseon lukion aikuislinja | Ylioppilastutkinto","og_description":"H\u00e4meenlinnan lyseon lukion aikuislinja: ylioppilastutkinto. Suorita ylioppilastutkinto lukion aikuislinjalla joustavasti!","og_url":"https:\/\/www.kktavastia.fi\/lukiot-hameenlinnan-lyseo-aikuislinja\/ylioppilastutkinto\/","og_site_name":"H\u00e4meenlinnan lyseon lukion aikuislinja","article_modified_time":"2026-04-15T07:22:31+00:00","twitter_card":"summary_large_image","schema":{"@context":"https:\/\/schema.org","@graph":[{"@type":"WebPage","@id":"https:\/\/www.kktavastia.fi\/lukiot-hameenlinnan-lyseo-aikuislinja\/ylioppilastutkinto\/","url":"https:\/\/www.kktavastia.fi\/lukiot-hameenlinnan-lyseo-aikuislinja\/ylioppilastutkinto\/","name":"H\u00e4meenlinnan lyseon lukion aikuislinja | Ylioppilastutkinto","isPartOf":{"@id":"https:\/\/www.kktavastia.fi\/lukiot-hameenlinnan-lyseo-aikuislinja\/#website"},"datePublished":"2020-12-30T13:34:26+00:00","dateModified":"2026-04-15T07:22:31+00:00","description":"H\u00e4meenlinnan lyseon lukion aikuislinja: ylioppilastutkinto. Suorita ylioppilastutkinto lukion aikuislinjalla joustavasti!","breadcrumb":{"@id":"https:\/\/www.kktavastia.fi\/lukiot-hameenlinnan-lyseo-aikuislinja\/ylioppilastutkinto\/#breadcrumb"},"inLanguage":"fi","potentialAction":[{"@type":"ReadAction","target":["https:\/\/www.kktavastia.fi\/lukiot-hameenlinnan-lyseo-aikuislinja\/ylioppilastutkinto\/"]}]},{"@type":"BreadcrumbList","@id":"https:\/\/www.kktavastia.fi\/lukiot-hameenlinnan-lyseo-aikuislinja\/ylioppilastutkinto\/#breadcrumb","itemListElement":[{"@type":"ListItem","position":1,"name":"Home","item":"https:\/\/www.kktavastia.fi\/lukiot-hameenlinnan-lyseo-aikuislinja\/"},{"@type":"ListItem","position":2,"name":"Ylioppilastutkinto"}]},{"@type":"WebSite","@id":"https:\/\/www.kktavastia.fi\/lukiot-hameenlinnan-lyseo-aikuislinja\/#website","url":"https:\/\/www.kktavastia.fi\/lukiot-hameenlinnan-lyseo-aikuislinja\/","name":"H\u00e4meenlinnan lyseon lukion aikuislinja","description":"","potentialAction":[{"@type":"SearchAction","target":{"@type":"EntryPoint","urlTemplate":"https:\/\/www.kktavastia.fi\/lukiot-hameenlinnan-lyseo-aikuislinja\/?s={search_term_string}"},"query-input":{"@type":"PropertyValueSpecification","valueRequired":true,"valueName":"search_term_string"}}],"inLanguage":"fi"}]}},"_links":{"self":[{"href":"https:\/\/www.kktavastia.fi\/lukiot-hameenlinnan-lyseo-aikuislinja\/wp-json\/wp\/v2\/pages\/48","targetHints":{"allow":["GET"]}}],"collection":[{"href":"https:\/\/www.kktavastia.fi\/lukiot-hameenlinnan-lyseo-aikuislinja\/wp-json\/wp\/v2\/pages"}],"about":[{"href":"https:\/\/www.kktavastia.fi\/lukiot-hameenlinnan-lyseo-aikuislinja\/wp-json\/wp\/v2\/types\/page"}],"author":[{"embeddable":true,"href":"https:\/\/www.kktavastia.fi\/lukiot-hameenlinnan-lyseo-aikuislinja\/wp-json\/wp\/v2\/users\/3"}],"replies":[{"embeddable":true,"href":"https:\/\/www.kktavastia.fi\/lukiot-hameenlinnan-lyseo-aikuislinja\/wp-json\/wp\/v2\/comments?post=48"}],"version-history":[{"count":24,"href":"https:\/\/www.kktavastia.fi\/lukiot-hameenlinnan-lyseo-aikuislinja\/wp-json\/wp\/v2\/pages\/48\/revisions"}],"predecessor-version":[{"id":2183,"href":"https:\/\/www.kktavastia.fi\/lukiot-hameenlinnan-lyseo-aikuislinja\/wp-json\/wp\/v2\/pages\/48\/revisions\/2183"}],"wp:attachment":[{"href":"https:\/\/www.kktavastia.fi\/lukiot-hameenlinnan-lyseo-aikuislinja\/wp-json\/wp\/v2\/media?parent=48"}],"curies":[{"name":"wp","href":"https:\/\/api.w.org\/{rel}","templated":true}]}}