{"id":42,"date":"2020-12-30T15:32:13","date_gmt":"2020-12-30T13:32:13","guid":{"rendered":"https:\/\/kktavastia.vaiheessa.fi\/lukiot-hameenlinnan-lyseo-aikuislinja\/?page_id=42"},"modified":"2025-06-16T09:54:06","modified_gmt":"2025-06-16T06:54:06","slug":"opetus","status":"publish","type":"page","link":"https:\/\/www.kktavastia.fi\/lukiot-hameenlinnan-lyseo-aikuislinja\/opetus\/","title":{"rendered":"Opetus aikuislinjalla"},"content":{"rendered":"\n<p>H\u00e4meenlinnan lyseon lukion aikuislinja on aikuisv\u00e4est\u00f6lle ja varttuneille nuorille tarkoitettu luokaton koulu, jossa voi suorittaa koko lukiotutkinnon tai osan siit\u00e4. Opiskelijan on my\u00f6s mahdollista t\u00e4ydent\u00e4\u00e4 aiempia lukio-opintojaan tai jatkaa siit\u00e4, mihin keskeytyneet opinnot ovat aikoinaan j\u00e4\u00e4neet. Aikuislinjalla voi opiskella my\u00f6s yksitt\u00e4isi\u00e4 oppiaineita aineopiskelijana aineopintomaksua vastaan. Voit my\u00f6s t\u00e4ydent\u00e4\u00e4 ja nopeuttaa p\u00e4iv\u00e4lukion opintoja.<\/p>\n\n\n\n<p>Lukion koko oppim\u00e4\u00e4r\u00e4\u00e4 suorittava opiskelija voi osallistua ylioppilastutkintoon kerralla tai hajautetusti. Aikuislinjalta saatu lukion p\u00e4\u00e4tt\u00f6todistus vastaa p\u00e4iv\u00e4kouluista saatua todistusta.<br><br>Lukuvuodesta 2021 alkaen aikuislinjalla noudatetaan  aikuisten lukiokoulutuksen opetussuunnitelman perusteita vuodelta 2019. Jos olet aloittanut lukion ennen lukuvuotta 2021, opintosi etenev\u00e4t opetussuunnitelman 2016 mukaan.  Opetussuunnitelman 2016 mukaan opiskelevien lukio-opintojen kurssim\u00e4\u00e4r\u00e4 on v\u00e4hint\u00e4\u00e4n 44 kurssia kun taas <strong>uusimman opetussuunnitelman mukaan aloittavilla opinnot koostuvat opintopisteist\u00e4 ja oppim\u00e4\u00e4r\u00e4n laajuudeksi tulee v\u00e4hint\u00e4\u00e4n 88 opintopistett\u00e4.<\/strong><\/p>\n\n\n\n<p>Lukuvuosi jakaantuu viiteen jaksoon, joissa keskityt\u00e4\u00e4n muutamaan oppiaineeseen. Lukion ja perusasteen opinnot ovat suoritettavissa 2-4 vuodessa, niiden laajuudesta riippuen. Osa kursseista on mahdollista suorittaa verkossa. <\/p>\n\n\n\n<h3 class=\"wp-block-heading\">YO-tutkintoon tai lukion p\u00e4\u00e4tt\u00f6todistukseen t\u00e4ht\u00e4\u00e4v\u00e4 opiskelu<\/h3>\n\n\n\n<p>Lukion koko oppim\u00e4\u00e4r\u00e4\u00e4 suorittava opiskelija voi osallistua ylioppilastutkintoon kerralla tai hajautetusti. Aikuislinjalta saatu lukion p\u00e4\u00e4tt\u00f6todistus vastaa p\u00e4iv\u00e4kouluista saatua todistusta.<\/p>\n\n\n\n<p>Lukion oppim\u00e4\u00e4r\u00e4 on nykyisin 88 opintopistett\u00e4 riippuen siit\u00e4, mutta my\u00f6s vanhan opetussuunnitelman kurssit hyv\u00e4ksiluetaan lukion oppim\u00e4\u00e4r\u00e4\u00e4n, jos on sellaisia aikaisemmin suorittanut.  Aikuislukion oppim\u00e4\u00e4r\u00e4\u00e4n hyv\u00e4ksi luetaan aikaisempia lukio-opiskeluja eri opetussuunnitelmien asettamien vaatimusten mukaisesti. Opinto-ohjaaja tekee suunnitelman tarvittavista opinnoista huomioiden sen, mit\u00e4 lukio-opintoja on aikaisemmin suoritettu.<\/p>\n\n\n\n<p>Lukuvuosi jakaantuu viiteen jaksoon, joissa keskityt\u00e4\u00e4n muutamaan oppiaineeseen. Lukion ja perusasteen opinnot ovat suoritettavissa 2-4 vuodessa, niiden laajuudesta riippuen.<\/p>\n\n\n\n<h3 class=\"wp-block-heading\">Aineopiskelu<\/h3>\n\n\n\n<p>Aikuislinjalla voi suorittaa my\u00f6s yksitt\u00e4isen aineen opintoja, esim. matematiikkaa, kemiaa, kieli\u00e4 jne. Aineopiskelijalta perit\u00e4\u00e4n aineopiskelijamaksu. Lukuvuonna 2025-2026 aineopiskelumaksu on 70e.<\/p>\n\n\n\n<h3 class=\"wp-block-heading\">Verkko-opinnot<\/h3>\n\n\n\n<p>Opintoja on mahdollista suorittaa my\u00f6s verkossa. Tavastian lukiokoulutuksen verkko-opinnot ovat tutkinto-opiskelijoille maksuttomia.&nbsp;Aineopiskelijoilla verkko-opinnot&nbsp; sis\u00e4ltyv\u00e4t lukuvuosittain maksettavaan aineopiskelumaksuun.<\/p>\n\n\n\n<p>Ulkopuolisille opiskelijoille yhden verkko-opintojakson hinta on 140 \u20ac. Se laskutetaan opintojaksolle ilmoittautumisen yhteydess\u00e4.<\/p>\n\n\n\n<p>Verkko-opintoja voit suorittaa Moodle-oppimisymp\u00e4rist\u00f6ss\u00e4. Halutessasi suorittaa verkko-opintojakson ota yhteys opettajaan s\u00e4hk\u00f6postitse tai Wilmassa.&nbsp;Opintojaksoavaimen saatuasi sinulla on noin kahdeksan viikkoa aikaa suorittaa opintojakso, joten jos suoritat paljon opintoja, kannattaa suunnitella opiskeluaikataulu huolella. Verkko-opinnot on suoritettava arvosanalla 5 tai enemm\u00e4n.<\/p>\n\n\n\n<p>Ilmoita ilmoittautuessasi opettajalle seuraavat tiedot:<\/p>\n\n\n\n<ul class=\"wp-block-list\">\n<li>nimesi<\/li>\n\n\n\n<li>s\u00e4hk\u00f6postiosoitteesi<\/li>\n\n\n\n<li>miss\u00e4 koulussa opiskelet (muuten suorituksesi ei siirry koulusi hallinto-ohjelmaan)<\/li>\n<\/ul>\n\n\n\n<h3 class=\"wp-block-heading\">Opetustarjonta lv 2025-2026<\/h3>\n\n\n\n<div class=\"wp-block-file\"><a id=\"wp-block-file--media-fe3d288f-b2b9-4f3b-ae73-7ff16314f5be\" href=\"https:\/\/www.kktavastia.fi\/media\/sites\/9\/aikuislinja-opintotarjotin-25-26-1.pdf\">Aikuislinja opintotarjotin 25-26<\/a><a href=\"https:\/\/www.kktavastia.fi\/media\/sites\/9\/aikuislinja-opintotarjotin-25-26-1.pdf\" class=\"wp-block-file__button wp-element-button\" download aria-describedby=\"wp-block-file--media-fe3d288f-b2b9-4f3b-ae73-7ff16314f5be\">Lataa<\/a><\/div>\n\n\n\n<div class=\"wp-block-file\"><a id=\"wp-block-file--media-b87322dc-3dbf-4f9f-bc72-3679e2a15ccc\" href=\"https:\/\/www.kktavastia.fi\/media\/sites\/9\/verkkokurssit-25-26-ailu.pdf\">Verkkokurssit 25-26 Ailu<\/a><a href=\"https:\/\/www.kktavastia.fi\/media\/sites\/9\/verkkokurssit-25-26-ailu.pdf\" class=\"wp-block-file__button wp-element-button\" download aria-describedby=\"wp-block-file--media-b87322dc-3dbf-4f9f-bc72-3679e2a15ccc\">Lataa<\/a><\/div>\n\n\n\n<div class=\"wp-block-file\"><a id=\"wp-block-file--media-42bf3803-6097-4368-9de1-b2a0b8146ed3\" href=\"https:\/\/www.kktavastia.fi\/media\/sites\/9\/oppikirjat-lops2021-lukuvuonna-2025-2026-ailu-1.pdf\">Oppikirjat LOPS2021 lukuvuonna 2025-2026 Ailu<\/a><a href=\"https:\/\/www.kktavastia.fi\/media\/sites\/9\/oppikirjat-lops2021-lukuvuonna-2025-2026-ailu-1.pdf\" class=\"wp-block-file__button wp-element-button\" download aria-describedby=\"wp-block-file--media-42bf3803-6097-4368-9de1-b2a0b8146ed3\">Lataa<\/a><\/div>\n\n\n\n<h3 class=\"wp-block-heading\">Opintojakson itsen\u00e4inen suorittaminen<\/h3>\n\n\n\n<p>Ellet p\u00e4\u00e4se osallistumaan l\u00e4hiopetukseen lainkaan, kurssien\/opintojaksojen suorittaminen onnistuu my\u00f6s itsen\u00e4isesti. Itsen\u00e4isesti suoritettavista opinnoista on aina neuvoteltava opettajan kanssa etuk\u00e4teen ja suunniteltava niiden suorittaminen. Niist\u00e4 laaditaan opiskelijan ja opettajan yhteinen sopimuspaperi. Suositus on, ett\u00e4 opintojakso suoritetaan itsen\u00e4isesti sellaisen jakson aikana, jolloin se j\u00e4rjestet\u00e4\u00e4n my\u00f6s l\u00e4hiopetuksena. Huomaa kuitenkin, ett\u00e4 jos aloitat opiskelun l\u00e4hiopetuksessa, et voi kesken opintojakson vaihtaa itsen\u00e4iseen suorittamiseen.<\/p>\n\n\n\n<p>On hyv\u00e4 my\u00f6s muistaa, ett\u00e4 opintojakson suorittaminen itsen\u00e4isesti vaatii omaa aktiivista panosta, sill\u00e4 laajat asiakokonaisuudet on opeteltava itse. Itsen\u00e4isesti suoritettaviin opintoihin kuuluu aineesta riippuen erilaisia teht\u00e4vi\u00e4, joita opiskelija suorittaa, sek\u00e4 koe. Itsen\u00e4isesti suoritettu opintojako on suoritettava hyv\u00e4ksytysti (v\u00e4hint\u00e4\u00e4n arvosana 5 tai hyv\u00e4ksytty), jotta opiskelija voi lukea sen kokonaisopintopistem\u00e4\u00e4r\u00e4\u00e4ns\u00e4.<\/p>\n\n\n\n<h3 class=\"wp-block-heading\">Muuta<\/h3>\n\n\n\n<p>Opiskelija voi suorittaa lukio-opintoja my\u00f6s tenttim\u00e4ll\u00e4. T\u00e4ll\u00f6in opiskelijan on otettava yhteytt\u00e4 aineen opettajaan viimeist\u00e4\u00e4n viikkoa ennen  opintojakson alkua saadakseen tenttiluvan, sill\u00e4 kaikki lukion opinnot eiv\u00e4t sovellu tenttimiseen. Tentin suorittamistavoista m\u00e4\u00e4r\u00e4\u00e4 aineen opettaja. Tenttiin voi kuulua esseit\u00e4, muita kirjallisia t\u00f6it\u00e4, sek\u00e4 mm. suullisia osuuksia ja\/tai kirjatentti. Tenttimist\u00e4 ei suositella opiskelijalle, jolla kyseisen aineen arvosanat ovat alle 7.<\/p>\n\n\n\n<p>Mik\u00e4li opiskelijalla on aiempia opintoja, niit\u00e4 voidaan ottaa huomioon soveltuvin osin. Tarvittaessa opiskelija voi rehtorin luvalla keskeytt\u00e4\u00e4 opintonsa muuttuneen el\u00e4m\u00e4ntilanteen vuoksi yhden tai useamman jakson ajaksi. T\u00e4ll\u00f6in opiskelija ei menet\u00e4 tutkinnon suorittamisaikaa. Lukion opintojaksot arvostellaan itsen\u00e4isin\u00e4 kokonaisuuksina. Kun lukion oppim\u00e4\u00e4r\u00e4 on suoritettu, opiskelija saa lukion p\u00e4\u00e4tt\u00f6todistuksen. Aineopiskelija saa todistuksen suorittamistaan opinnoista.<\/p>\n\n\n\n<h3 class=\"wp-block-heading\">Yhteystiedot<\/h3>\n\n\n\n<p>Hattelmalantie 6, G-rakennus<br>13100 H\u00e4meenlinna<\/p>\n\n\n\n<p>Kanslia, puh. 050 509 0801 (G-rakennus, toinen kerros)<br>ma\u2013to klo 15\u201319<\/p>\n\n\n\n<p>S\u00e4hk\u00f6postit ovat muotoa: etunimi.sukunimi@kktavastia.fi<\/p>\n","protected":false},"excerpt":{"rendered":"<p>H\u00e4meenlinnan lyseon lukion aikuislinja on aikuisv\u00e4est\u00f6lle ja varttuneille nuorille tarkoitettu luokaton koulu, jossa voi suorittaa koko lukiotutkinnon tai osan siit\u00e4. [&hellip;]<\/p>\n","protected":false},"author":3,"featured_media":0,"parent":0,"menu_order":0,"comment_status":"closed","ping_status":"closed","template":"","meta":{"_acf_changed":false,"_relevanssi_hide_post":"","_relevanssi_hide_content":"","_relevanssi_pin_for_all":"","_relevanssi_pin_keywords":"","_relevanssi_unpin_keywords":"","_relevanssi_related_keywords":"","_relevanssi_related_include_ids":"","_relevanssi_related_exclude_ids":"","_relevanssi_related_no_append":"","_relevanssi_related_not_related":"","_relevanssi_related_posts":"861,847,970,812,876,817","_relevanssi_noindex_reason":"","footnotes":""},"class_list":["post-42","page","type-page","status-publish","hentry"],"acf":[],"yoast_head":"<title>Opetus H\u00e4meenlinnan lyseon lukion aikuislinjalla | Lukiokurssit aikuislinjalla<\/title>\n<meta name=\"description\" content=\"Opetus H\u00e4meenlinnan lyseon lukion aikuislinjalla: lukiokurssit aikuislinjalla voi suorittaa joustavasti. T\u00e4ydenn\u00e4 opintoja ja opi lis\u00e4\u00e4!\" \/>\n<meta name=\"robots\" content=\"index, follow, max-snippet:-1, max-image-preview:large, max-video-preview:-1\" \/>\n<link rel=\"canonical\" href=\"https:\/\/www.kktavastia.fi\/lukiot-hameenlinnan-lyseo-aikuislinja\/opetus\/\" \/>\n<meta property=\"og:locale\" content=\"fi_FI\" \/>\n<meta property=\"og:type\" content=\"article\" \/>\n<meta property=\"og:title\" content=\"Opetus H\u00e4meenlinnan lyseon lukion aikuislinjalla | Lukiokurssit aikuislinjalla\" \/>\n<meta property=\"og:description\" content=\"Opetus H\u00e4meenlinnan lyseon lukion aikuislinjalla: lukiokurssit aikuislinjalla voi suorittaa joustavasti. T\u00e4ydenn\u00e4 opintoja ja opi lis\u00e4\u00e4!\" \/>\n<meta property=\"og:url\" content=\"https:\/\/www.kktavastia.fi\/lukiot-hameenlinnan-lyseo-aikuislinja\/opetus\/\" \/>\n<meta property=\"og:site_name\" content=\"H\u00e4meenlinnan lyseon lukion aikuislinja\" \/>\n<meta property=\"article:modified_time\" content=\"2025-06-16T06:54:06+00:00\" \/>\n<meta name=\"twitter:card\" content=\"summary_large_image\" \/>\n<script type=\"application\/ld+json\" class=\"yoast-schema-graph\">{\"@context\":\"https:\/\/schema.org\",\"@graph\":[{\"@type\":\"WebPage\",\"@id\":\"https:\/\/www.kktavastia.fi\/lukiot-hameenlinnan-lyseo-aikuislinja\/opetus\/\",\"url\":\"https:\/\/www.kktavastia.fi\/lukiot-hameenlinnan-lyseo-aikuislinja\/opetus\/\",\"name\":\"Opetus H\u00e4meenlinnan lyseon lukion aikuislinjalla | Lukiokurssit aikuislinjalla\",\"isPartOf\":{\"@id\":\"https:\/\/www.kktavastia.fi\/lukiot-hameenlinnan-lyseo-aikuislinja\/#website\"},\"datePublished\":\"2020-12-30T13:32:13+00:00\",\"dateModified\":\"2025-06-16T06:54:06+00:00\",\"description\":\"Opetus H\u00e4meenlinnan lyseon lukion aikuislinjalla: lukiokurssit aikuislinjalla voi suorittaa joustavasti. T\u00e4ydenn\u00e4 opintoja ja opi lis\u00e4\u00e4!\",\"breadcrumb\":{\"@id\":\"https:\/\/www.kktavastia.fi\/lukiot-hameenlinnan-lyseo-aikuislinja\/opetus\/#breadcrumb\"},\"inLanguage\":\"fi\",\"potentialAction\":[{\"@type\":\"ReadAction\",\"target\":[\"https:\/\/www.kktavastia.fi\/lukiot-hameenlinnan-lyseo-aikuislinja\/opetus\/\"]}]},{\"@type\":\"BreadcrumbList\",\"@id\":\"https:\/\/www.kktavastia.fi\/lukiot-hameenlinnan-lyseo-aikuislinja\/opetus\/#breadcrumb\",\"itemListElement\":[{\"@type\":\"ListItem\",\"position\":1,\"name\":\"Home\",\"item\":\"https:\/\/www.kktavastia.fi\/lukiot-hameenlinnan-lyseo-aikuislinja\/\"},{\"@type\":\"ListItem\",\"position\":2,\"name\":\"Opetus aikuislinjalla\"}]},{\"@type\":\"WebSite\",\"@id\":\"https:\/\/www.kktavastia.fi\/lukiot-hameenlinnan-lyseo-aikuislinja\/#website\",\"url\":\"https:\/\/www.kktavastia.fi\/lukiot-hameenlinnan-lyseo-aikuislinja\/\",\"name\":\"H\u00e4meenlinnan lyseon lukion aikuislinja\",\"description\":\"\",\"potentialAction\":[{\"@type\":\"SearchAction\",\"target\":{\"@type\":\"EntryPoint\",\"urlTemplate\":\"https:\/\/www.kktavastia.fi\/lukiot-hameenlinnan-lyseo-aikuislinja\/?s={search_term_string}\"},\"query-input\":{\"@type\":\"PropertyValueSpecification\",\"valueRequired\":true,\"valueName\":\"search_term_string\"}}],\"inLanguage\":\"fi\"}]}<\/script>","yoast_head_json":{"title":"Opetus H\u00e4meenlinnan lyseon lukion aikuislinjalla | Lukiokurssit aikuislinjalla","description":"Opetus H\u00e4meenlinnan lyseon lukion aikuislinjalla: lukiokurssit aikuislinjalla voi suorittaa joustavasti. T\u00e4ydenn\u00e4 opintoja ja opi lis\u00e4\u00e4!","robots":{"index":"index","follow":"follow","max-snippet":"max-snippet:-1","max-image-preview":"max-image-preview:large","max-video-preview":"max-video-preview:-1"},"canonical":"https:\/\/www.kktavastia.fi\/lukiot-hameenlinnan-lyseo-aikuislinja\/opetus\/","og_locale":"fi_FI","og_type":"article","og_title":"Opetus H\u00e4meenlinnan lyseon lukion aikuislinjalla | Lukiokurssit aikuislinjalla","og_description":"Opetus H\u00e4meenlinnan lyseon lukion aikuislinjalla: lukiokurssit aikuislinjalla voi suorittaa joustavasti. T\u00e4ydenn\u00e4 opintoja ja opi lis\u00e4\u00e4!","og_url":"https:\/\/www.kktavastia.fi\/lukiot-hameenlinnan-lyseo-aikuislinja\/opetus\/","og_site_name":"H\u00e4meenlinnan lyseon lukion aikuislinja","article_modified_time":"2025-06-16T06:54:06+00:00","twitter_card":"summary_large_image","schema":{"@context":"https:\/\/schema.org","@graph":[{"@type":"WebPage","@id":"https:\/\/www.kktavastia.fi\/lukiot-hameenlinnan-lyseo-aikuislinja\/opetus\/","url":"https:\/\/www.kktavastia.fi\/lukiot-hameenlinnan-lyseo-aikuislinja\/opetus\/","name":"Opetus H\u00e4meenlinnan lyseon lukion aikuislinjalla | Lukiokurssit aikuislinjalla","isPartOf":{"@id":"https:\/\/www.kktavastia.fi\/lukiot-hameenlinnan-lyseo-aikuislinja\/#website"},"datePublished":"2020-12-30T13:32:13+00:00","dateModified":"2025-06-16T06:54:06+00:00","description":"Opetus H\u00e4meenlinnan lyseon lukion aikuislinjalla: lukiokurssit aikuislinjalla voi suorittaa joustavasti. T\u00e4ydenn\u00e4 opintoja ja opi lis\u00e4\u00e4!","breadcrumb":{"@id":"https:\/\/www.kktavastia.fi\/lukiot-hameenlinnan-lyseo-aikuislinja\/opetus\/#breadcrumb"},"inLanguage":"fi","potentialAction":[{"@type":"ReadAction","target":["https:\/\/www.kktavastia.fi\/lukiot-hameenlinnan-lyseo-aikuislinja\/opetus\/"]}]},{"@type":"BreadcrumbList","@id":"https:\/\/www.kktavastia.fi\/lukiot-hameenlinnan-lyseo-aikuislinja\/opetus\/#breadcrumb","itemListElement":[{"@type":"ListItem","position":1,"name":"Home","item":"https:\/\/www.kktavastia.fi\/lukiot-hameenlinnan-lyseo-aikuislinja\/"},{"@type":"ListItem","position":2,"name":"Opetus aikuislinjalla"}]},{"@type":"WebSite","@id":"https:\/\/www.kktavastia.fi\/lukiot-hameenlinnan-lyseo-aikuislinja\/#website","url":"https:\/\/www.kktavastia.fi\/lukiot-hameenlinnan-lyseo-aikuislinja\/","name":"H\u00e4meenlinnan lyseon lukion aikuislinja","description":"","potentialAction":[{"@type":"SearchAction","target":{"@type":"EntryPoint","urlTemplate":"https:\/\/www.kktavastia.fi\/lukiot-hameenlinnan-lyseo-aikuislinja\/?s={search_term_string}"},"query-input":{"@type":"PropertyValueSpecification","valueRequired":true,"valueName":"search_term_string"}}],"inLanguage":"fi"}]}},"_links":{"self":[{"href":"https:\/\/www.kktavastia.fi\/lukiot-hameenlinnan-lyseo-aikuislinja\/wp-json\/wp\/v2\/pages\/42","targetHints":{"allow":["GET"]}}],"collection":[{"href":"https:\/\/www.kktavastia.fi\/lukiot-hameenlinnan-lyseo-aikuislinja\/wp-json\/wp\/v2\/pages"}],"about":[{"href":"https:\/\/www.kktavastia.fi\/lukiot-hameenlinnan-lyseo-aikuislinja\/wp-json\/wp\/v2\/types\/page"}],"author":[{"embeddable":true,"href":"https:\/\/www.kktavastia.fi\/lukiot-hameenlinnan-lyseo-aikuislinja\/wp-json\/wp\/v2\/users\/3"}],"replies":[{"embeddable":true,"href":"https:\/\/www.kktavastia.fi\/lukiot-hameenlinnan-lyseo-aikuislinja\/wp-json\/wp\/v2\/comments?post=42"}],"version-history":[{"count":25,"href":"https:\/\/www.kktavastia.fi\/lukiot-hameenlinnan-lyseo-aikuislinja\/wp-json\/wp\/v2\/pages\/42\/revisions"}],"predecessor-version":[{"id":2113,"href":"https:\/\/www.kktavastia.fi\/lukiot-hameenlinnan-lyseo-aikuislinja\/wp-json\/wp\/v2\/pages\/42\/revisions\/2113"}],"wp:attachment":[{"href":"https:\/\/www.kktavastia.fi\/lukiot-hameenlinnan-lyseo-aikuislinja\/wp-json\/wp\/v2\/media?parent=42"}],"curies":[{"name":"wp","href":"https:\/\/api.w.org\/{rel}","templated":true}]}}