{"id":33,"date":"2020-12-30T15:15:37","date_gmt":"2020-12-30T13:15:37","guid":{"rendered":"https:\/\/kktavastia.vaiheessa.fi\/lukiot-hameenlinnan-lyseo-aikuislinja\/?page_id=33"},"modified":"2025-06-16T09:33:24","modified_gmt":"2025-06-16T06:33:24","slug":"opiskelijalle","status":"publish","type":"page","link":"https:\/\/www.kktavastia.fi\/lukiot-hameenlinnan-lyseo-aikuislinja\/opiskelijalle\/","title":{"rendered":"Aikuislinjan opiskelijalle"},"content":{"rendered":"\n<h3 class=\"wp-block-heading\"><strong>Yleist\u00e4 opiskelusta<\/strong><\/h3>\n\n\n\n<p>Lukio valmentaa yliopisto- ja korkeakouluopintoja varten sek\u00e4 muuhun ammatilliseen koulutukseen. Vaikka et suunnittelisikaan jatko-opintoja, lukion antamasta yleissivistyksest\u00e4 on paljon hy\u00f6ty\u00e4 el\u00e4m\u00e4ss\u00e4. Aikuislinja antaa monia tietoja ja taitoja \u2013 omat mieltymyksesi ja tavoitteesi ovat ratkaisevassa asemassa. <\/p>\n\n\n\n<p>H\u00e4meenlinnan lyseon lukion aikuislinjalla&nbsp;pidet\u00e4\u00e4n t\u00e4rke\u00e4n\u00e4 sek\u00e4 opetus- ett\u00e4&nbsp;sivistysteht\u00e4v\u00e4\u00e4. Arvoihin, asenteisiin ja tahtoon liittyvi\u00e4&nbsp;sivistystavoitteita pidet\u00e4\u00e4n samanarvoisina kuin tietoja ja taitoja, joita mitataan lukio-opintojen lopuksi ylioppilaskokeissa sek\u00e4 muilla arvioitavilla n\u00e4yt\u00f6ill\u00e4.&nbsp;H\u00e4meenlinnan lyseon lukion aikuislinjalla&nbsp;kokonaisvaltaisen yleissivistyksen kartuttaminen tukee kasvua ihmisen\u00e4, mik\u00e4 parantaa h\u00e4nen itsetuntemustaan, hyvinvointiaan sek\u00e4 motivaatiotaan. On t\u00e4rke\u00e4\u00e4, ett\u00e4 viihdyt omassa koulussasi. T\u00e4\u00e4ll\u00e4 keskustellaan, v\u00e4itell\u00e4\u00e4n ja vaikutetaan.<\/p>\n\n\n\n<h3 class=\"wp-block-heading\">T\u00e4ht\u00e4\u00e4tk\u00f6 ylioppilaaksi? (Tutkinto-opiskelu)<\/h3>\n\n\n\n<p>Ylioppilaaksi t\u00e4ht\u00e4\u00e4minen tarkoittaa, ett\u00e4 opiskelet ns. tutkinto-opiskelijana. Tutkinto-opiskelu puolestaan tarkoittaa sit\u00e4, ett\u00e4 opiskelet useita aineita tai keskenj\u00e4\u00e4nytt\u00e4 oppim\u00e4\u00e4r\u00e4\u00e4 ja t\u00e4ht\u00e4\u00e4t ylioppilastodistuksen tai\/ja lukion oppim\u00e4\u00e4r\u00e4n suorittamiseen. Tavoitteiden saavuttaminen on sek\u00e4 opiskelijan ett\u00e4 opettajien etu ja p\u00e4\u00e4m\u00e4\u00e4r\u00e4. Lukiossa k\u00e4sitell\u00e4\u00e4n laajoja asiakokonaisuuksia. Teht\u00e4vi\u00e4 ja omaehtoista opiskelua on paljon. Itsen\u00e4isen ty\u00f6n ja oman vastuun m\u00e4\u00e4r\u00e4 saattaa alkuun tuntua suurelta. Kuitenkin aikuisen opiskelijan el\u00e4m\u00e4nkokemus helpottaa monen asian opiskelua. My\u00f6s opiskelutekniikka hioutuu koko ajan. Sinulla on mahdollisuus suorittaa opintojasi l\u00e4hiopetuksessa koulussa, jolloin tapaat opettajia ja muita opiskelijoita iltap\u00e4iv\u00e4n ja illan tunneilla. My\u00f6s verkko-opintoja opiskellessasi voit aina ottaa yhteytt\u00e4 opettajaan.<\/p>\n\n\n\n<p>Kun suunnittelet ajank\u00e4yt\u00f6n mahdollisen ty\u00f6si ja opiskelun v\u00e4lill\u00e4, opiskelu sujuu hyvin. Ryhm\u00e4n my\u00f6nteinen ja aktiivinen henki on opiskelujen kannalta eritt\u00e4in t\u00e4rke\u00e4\u00e4. Hyv\u00e4 vaihtoehto voikin olla opiskelu ja jopa kokeisiin lukeminen yhdess\u00e4<\/p>\n\n\n\n<h3 class=\"wp-block-heading\">Haluatko opiskella yksitt\u00e4ist\u00e4 ainetta? (Aineopiskelu)<\/h3>\n\n\n\n<p>Aikuislinjalla voi suorittaa my\u00f6s yksitt\u00e4isen aineen opintoja, esim. matematiikkaa, englantia ja ruotsia. Aineopiskelijalta perit\u00e4\u00e4n aineopiskelijamaksu.<\/p>\n\n\n\n<h2 class=\"wp-block-heading\">Opintojen suorittaminen<\/h2>\n\n\n\n<h3 class=\"wp-block-heading\">L\u00e4hiopetus<\/h3>\n\n\n\n<p>Aikuislinjalla opetus tapahtuu p\u00e4\u00e4s\u00e4\u00e4nt\u00f6isesti koulussa iltaisin maanantaista torstaihin 5 jaksossa. Opetettavat aineet vaihtuvat jaksoittain lukuvuoden opintotarjottimen mukaisesti. Opintotarjotin julkaistaan kotisivuilla v\u00e4lilehdell\u00e4 Opiskelijalle-&gt; . Jos olet jo aikuislinjan opiskelija ensi vuoden opintotarjotin on n\u00e4kyvill\u00e4 Wilmassasi (-&gt;Kurssitarjotin-&gt;muuta kurssitarjotin valintoja). Ilmoittautuminen opintoihin Wilman kautta on mahdollista noin viikkoa ennen koulun alkua. Ilmoittautuessasi uutena opiskelijana saat Wilma-tunnukset ja sinua opastetaan niiden k\u00e4ytt\u00f6\u00f6n. Wilma-tunnuksilla p\u00e4\u00e4set my\u00f6s ilmoittautumaan eri opintojaksoille. Opinto-ohjaajasi auttaa sinua alkuun.<\/p>\n\n\n\n<h3 class=\"wp-block-heading\">Verkko-opinnot<\/h3>\n\n\n\n<p>Opintojaksoja on mahdollista suorittaa my\u00f6s verkossa. Aikuislinjan verkko-opinnot ovat tutkinto- ja aineopiskelijoille maksuttomia. Ulkopuolisille opiskelijoille yhden opintojakson hinta on 140 \u20ac. Se laskutetaan  ilmoittautumisen yhteydess\u00e4.<\/p>\n\n\n\n<p>Halutessasi suorittaa opintoja verkossa, ota yhteys opettajaan s\u00e4hk\u00f6postitse tai Wilmassa.&nbsp;Opintoalusta &#8221;avaimen tai tunnuksen&#8221; (esim. Moodle-avaimen) saatuasi sinulla on noin 8 viikkoa aikaa suorittaa jokainen opintojakso. Jos suoritat paljon opintoja, kannattaa suunnitella opiskeluaikataulu huolella. Verkko-opintojakso on suoritettava arvosanalla 5 tai enemm\u00e4n eik\u00e4 siit\u00e4 voi saada hyl\u00e4tty\u00e4 arvosanaa opintorekisteriin. Jos suoritus on hyl\u00e4tty eik\u00e4 arvioinnin kriteerit muutoin t\u00e4yty, suoritusta ei huomioida opintosuorituksissa.<\/p>\n\n\n\n<p>Ilmoita ilmoittautuessasi <strong>opettajalle<\/strong> seuraavat tiedot. Opettajan nimen l\u00f6yd\u00e4t Wilman opintotarjottimelta tai verkkoymp\u00e4rist\u00f6n kulloinkin kyseess\u00e4 olevan opintojakson etusivulta:<\/p>\n\n\n\n<ul class=\"wp-block-list\">\n<li>nimesi<\/li>\n\n\n\n<li>s\u00e4hk\u00f6postiosoitteesi<\/li>\n\n\n\n<li>miss\u00e4 koulussa opiskelet (muuten suorituksesi ei siirry koulusi hallinto-ohjelmaan)<\/li>\n<\/ul>\n\n\n\n<p>Tarjolla olevat verkko-opinnot l\u00f6ytyv\u00e4t Wilmasta tai opintotarjottimesta. <\/p>\n\n\n\n<p>Opintotarjotin 2025-2026 <\/p>\n\n\n\n<div class=\"wp-block-file\"><a id=\"wp-block-file--media-77a045ec-9e1f-4f95-8a66-a84b51d3b5b7\" href=\"https:\/\/www.kktavastia.fi\/media\/sites\/9\/aikuislinja-opintotarjotin-25-26.pdf\">Aikuislinja opintotarjotin 25-26<\/a><a href=\"https:\/\/www.kktavastia.fi\/media\/sites\/9\/aikuislinja-opintotarjotin-25-26.pdf\" class=\"wp-block-file__button wp-element-button\" download aria-describedby=\"wp-block-file--media-77a045ec-9e1f-4f95-8a66-a84b51d3b5b7\">Lataa<\/a><\/div>\n\n\n\n<h3 class=\"wp-block-heading\">Opintojaksojen itsen\u00e4inen suorittaminen (tenttiminen)<\/h3>\n\n\n\n<p>Ellet p\u00e4\u00e4se osallistumaan l\u00e4hiopetukseen, opintojen suorittaminen onnistuu my\u00f6s itsen\u00e4isesti tenttim\u00e4ll\u00e4 sellaisissa aineissa, joissa ei ole verkko-opintoja tarjolla.<strong> <\/strong>Itsen\u00e4isesti suoritettavista opinnoista on aina neuvoteltava opettajan kanssa etuk\u00e4teen ja suunniteltava niiden suorittaminen. Itsen\u00e4isesti suoritettavasta opintojaksosta opiskelija ja opettaja laativat sopimuksen. Wilmassasi on sinisess\u00e4 yl\u00e4palkissa kohta Hakemukset ja p\u00e4\u00e4t\u00f6kset, mist\u00e4 voi tehd\u00e4 opettajalle s\u00e4hk\u00f6isen hakemukset itsen\u00e4isest\u00e4 suorittamisesta. Suositus on, ett\u00e4 opintojakso suoritetaan itsen\u00e4isesti sellaisen jakson aikana, jolloin vastaava opintojakso j\u00e4rjestet\u00e4\u00e4n my\u00f6s l\u00e4hiopetuksena. Huomaa kuitenkin, ett\u00e4 jo aloitettuasi opiskelun l\u00e4hiopetuksessa, et voi kesken l\u00e4hiopetuksen vaihtaa itsen\u00e4iseen suorittamiseen.<\/p>\n\n\n\n<p>On hyv\u00e4 my\u00f6s muistaa, ett\u00e4 opintojen suorittaminen itsen\u00e4isesti vaatii omaa aktiivista panosta, sill\u00e4 laajat asiakokonaisuudet on opeteltava itse. Itsen\u00e4isesti suoritettaviin opintojaksoihin kuuluu aineesta riippuen loppukokeen lis\u00e4ksi my\u00f6s erilaisia teht\u00e4vi\u00e4, joita opiskelija tekee hyv\u00e4ksytysti. Itsen\u00e4isesti suoritettu opintojakso on suoritettava hyv\u00e4ksytysti (v\u00e4hint\u00e4\u00e4n arvosana 5 tai hyv\u00e4ksytty), jotta opiskelija voi lukea sen kokonaisopintopistem\u00e4\u00e4r\u00e4\u00e4ns\u00e4.<\/p>\n\n\n\n<p>Opiskelija voi suorittaa lukio-opintoja my\u00f6s tenttim\u00e4ll\u00e4. T\u00e4ll\u00f6in opiskelijan on otettava yhteytt\u00e4 aineen opettajaan viimeist\u00e4\u00e4n viikkoa ennen opintojakson alkua saadakseen tenttiluvan, sill\u00e4 kaikki lukio-opinnot eiv\u00e4t sovellu tenttimiseen. Tentin suorittamistavoista m\u00e4\u00e4r\u00e4\u00e4 kunkin aineen opettaja. Tenttiin voi kuulua esseit\u00e4, muita kirjallisia t\u00f6it\u00e4, sek\u00e4 mm. suullisia osuuksia ja\/tai kirjatentti. Tenttimist\u00e4 ei suositella opiskelijalle, jolla kyseisen aineen arvosanat ovat alle 7.<\/p>\n\n\n\n<h3 class=\"wp-block-heading\">Uusintakuulustelut<\/h3>\n\n\n\n<p>Opiskelijalle varataan yhden kerran mahdollisuus suorittaa erillisess\u00e4 kuulustelussa opintojakso, josta h\u00e4n on saanut heikon arvosanan 4 tai tullut muutoin hyl\u00e4tyksi. Opiskelija saa osallistua kerran uusintakuulusteluun my\u00f6s siin\u00e4 tapauksessa, ett\u00e4 h\u00e4n on hyv\u00e4ksytt\u00e4v\u00e4st\u00e4 syyst\u00e4 ollut poissa varsinaisesta kokeesta ja selvitt\u00e4nyt luotettavasti poissaolon syyn opettajalle. Uusintakuulustelut pidet\u00e4\u00e4n jakson p\u00e4\u00e4tytty\u00e4 lukuun ottamatta 5. jaksoa, jonka uusintakuulustelu pidet\u00e4\u00e4n seuraavan lukuvuoden aluksi elokuun lopussa. Uusintakuulustelut pidet\u00e4\u00e4n ilmoitettuna p\u00e4iv\u00e4n\u00e4 klo 17.00\u201320.00.<\/p>\n\n\n\n<p>Uusintakuulustelu p\u00e4iv\u00e4m\u00e4\u00e4r\u00e4t on n\u00e4ht\u00e4viss\u00e4 sivulta Ty\u00f6-ja loma-ajat.<\/p>\n\n\n\n<h3 class=\"wp-block-heading\">Aikaisemmat opinnot huomioon<\/h3>\n\n\n\n<p>Mik\u00e4li opiskelijalla on aiempia opintoja, niit\u00e4 voidaan ottaa huomioon soveltuvin osin. Tarvittaessa opiskelija voi rehtorin luvalla keskeytt\u00e4\u00e4 opintonsa muuttuneen el\u00e4m\u00e4ntilanteen vuoksi yhden tai useamman jakson ajaksi. T\u00e4ll\u00f6in opiskelija ei menet\u00e4 tutkinnon suorittamisaikaa. Lukion opintojaksot arvostellaan itsen\u00e4isin\u00e4 kokonaisuuksina. Kun lukion oppim\u00e4\u00e4r\u00e4 on suoritettu, opiskelija saa lukion p\u00e4\u00e4tt\u00f6todistuksen. Osallistuttuaan ylioppilaskokeisiin ja suoritettuaan ne hyv\u00e4ksytysti ylioppilastutkintom\u00e4\u00e4r\u00e4ysten mukaisesti, voi p\u00e4\u00e4st\u00e4 my\u00f6s ylioppilaaksi mik\u00e4li oppim\u00e4\u00e4r\u00e4 on valmis tai opiskelijalla on yo-tutkintom\u00e4\u00e4r\u00e4yksiin hyv\u00e4ksyttyv\u00e4 ammattitutkinto. Aineopiskelija saa todistuksen suorittamistaan opinnoista.<\/p>\n","protected":false},"excerpt":{"rendered":"<p>Yleist\u00e4 opiskelusta Lukio valmentaa yliopisto- ja korkeakouluopintoja varten sek\u00e4 muuhun ammatilliseen koulutukseen. Vaikka et suunnittelisikaan jatko-opintoja, lukion antamasta yleissivistyksest\u00e4 on [&hellip;]<\/p>\n","protected":false},"author":3,"featured_media":0,"parent":0,"menu_order":0,"comment_status":"closed","ping_status":"closed","template":"","meta":{"_acf_changed":false,"_relevanssi_hide_post":"","_relevanssi_hide_content":"","_relevanssi_pin_for_all":"","_relevanssi_pin_keywords":"","_relevanssi_unpin_keywords":"","_relevanssi_related_keywords":"","_relevanssi_related_include_ids":"","_relevanssi_related_exclude_ids":"","_relevanssi_related_no_append":"","_relevanssi_related_not_related":"","_relevanssi_related_posts":"839,976,898,806,677,850","_relevanssi_noindex_reason":"","footnotes":""},"class_list":["post-33","page","type-page","status-publish","hentry"],"acf":[],"yoast_head":"<title>H\u00e4meenlinnan lyseon lukion aikuislinjan opiskelijalle | Infoa opiskelijalle<\/title>\n<meta name=\"description\" content=\"H\u00e4meenlinnan lyseon lukion aikuislinjan opiskelijalle: ty\u00f6- ja loma-ajat, kanslian yhteystiedot, opinto-ohjaus, IT-palvelut, tukipalvelut.\" \/>\n<meta name=\"robots\" content=\"index, follow, max-snippet:-1, max-image-preview:large, max-video-preview:-1\" \/>\n<link rel=\"canonical\" href=\"https:\/\/www.kktavastia.fi\/lukiot-hameenlinnan-lyseo-aikuislinja\/opiskelijalle\/\" \/>\n<meta property=\"og:locale\" content=\"fi_FI\" \/>\n<meta property=\"og:type\" content=\"article\" \/>\n<meta property=\"og:title\" content=\"H\u00e4meenlinnan lyseon lukion aikuislinjan opiskelijalle | Infoa opiskelijalle\" \/>\n<meta property=\"og:description\" content=\"H\u00e4meenlinnan lyseon lukion aikuislinjan opiskelijalle: ty\u00f6- ja loma-ajat, kanslian yhteystiedot, opinto-ohjaus, IT-palvelut, tukipalvelut.\" \/>\n<meta property=\"og:url\" content=\"https:\/\/www.kktavastia.fi\/lukiot-hameenlinnan-lyseo-aikuislinja\/opiskelijalle\/\" \/>\n<meta property=\"og:site_name\" content=\"H\u00e4meenlinnan lyseon lukion aikuislinja\" \/>\n<meta property=\"article:modified_time\" content=\"2025-06-16T06:33:24+00:00\" \/>\n<meta name=\"twitter:card\" content=\"summary_large_image\" \/>\n<script type=\"application\/ld+json\" class=\"yoast-schema-graph\">{\"@context\":\"https:\\\/\\\/schema.org\",\"@graph\":[{\"@type\":\"WebPage\",\"@id\":\"https:\\\/\\\/www.kktavastia.fi\\\/lukiot-hameenlinnan-lyseo-aikuislinja\\\/opiskelijalle\\\/\",\"url\":\"https:\\\/\\\/www.kktavastia.fi\\\/lukiot-hameenlinnan-lyseo-aikuislinja\\\/opiskelijalle\\\/\",\"name\":\"H\u00e4meenlinnan lyseon lukion aikuislinjan opiskelijalle | Infoa opiskelijalle\",\"isPartOf\":{\"@id\":\"https:\\\/\\\/www.kktavastia.fi\\\/lukiot-hameenlinnan-lyseo-aikuislinja\\\/#website\"},\"datePublished\":\"2020-12-30T13:15:37+00:00\",\"dateModified\":\"2025-06-16T06:33:24+00:00\",\"description\":\"H\u00e4meenlinnan lyseon lukion aikuislinjan opiskelijalle: ty\u00f6- ja loma-ajat, kanslian yhteystiedot, opinto-ohjaus, IT-palvelut, tukipalvelut.\",\"breadcrumb\":{\"@id\":\"https:\\\/\\\/www.kktavastia.fi\\\/lukiot-hameenlinnan-lyseo-aikuislinja\\\/opiskelijalle\\\/#breadcrumb\"},\"inLanguage\":\"fi\",\"potentialAction\":[{\"@type\":\"ReadAction\",\"target\":[\"https:\\\/\\\/www.kktavastia.fi\\\/lukiot-hameenlinnan-lyseo-aikuislinja\\\/opiskelijalle\\\/\"]}]},{\"@type\":\"BreadcrumbList\",\"@id\":\"https:\\\/\\\/www.kktavastia.fi\\\/lukiot-hameenlinnan-lyseo-aikuislinja\\\/opiskelijalle\\\/#breadcrumb\",\"itemListElement\":[{\"@type\":\"ListItem\",\"position\":1,\"name\":\"Home\",\"item\":\"https:\\\/\\\/www.kktavastia.fi\\\/lukiot-hameenlinnan-lyseo-aikuislinja\\\/\"},{\"@type\":\"ListItem\",\"position\":2,\"name\":\"Aikuislinjan opiskelijalle\"}]},{\"@type\":\"WebSite\",\"@id\":\"https:\\\/\\\/www.kktavastia.fi\\\/lukiot-hameenlinnan-lyseo-aikuislinja\\\/#website\",\"url\":\"https:\\\/\\\/www.kktavastia.fi\\\/lukiot-hameenlinnan-lyseo-aikuislinja\\\/\",\"name\":\"H\u00e4meenlinnan lyseon lukion aikuislinja\",\"description\":\"\",\"potentialAction\":[{\"@type\":\"SearchAction\",\"target\":{\"@type\":\"EntryPoint\",\"urlTemplate\":\"https:\\\/\\\/www.kktavastia.fi\\\/lukiot-hameenlinnan-lyseo-aikuislinja\\\/?s={search_term_string}\"},\"query-input\":{\"@type\":\"PropertyValueSpecification\",\"valueRequired\":true,\"valueName\":\"search_term_string\"}}],\"inLanguage\":\"fi\"}]}<\/script>","yoast_head_json":{"title":"H\u00e4meenlinnan lyseon lukion aikuislinjan opiskelijalle | Infoa opiskelijalle","description":"H\u00e4meenlinnan lyseon lukion aikuislinjan opiskelijalle: ty\u00f6- ja loma-ajat, kanslian yhteystiedot, opinto-ohjaus, IT-palvelut, tukipalvelut.","robots":{"index":"index","follow":"follow","max-snippet":"max-snippet:-1","max-image-preview":"max-image-preview:large","max-video-preview":"max-video-preview:-1"},"canonical":"https:\/\/www.kktavastia.fi\/lukiot-hameenlinnan-lyseo-aikuislinja\/opiskelijalle\/","og_locale":"fi_FI","og_type":"article","og_title":"H\u00e4meenlinnan lyseon lukion aikuislinjan opiskelijalle | Infoa opiskelijalle","og_description":"H\u00e4meenlinnan lyseon lukion aikuislinjan opiskelijalle: ty\u00f6- ja loma-ajat, kanslian yhteystiedot, opinto-ohjaus, IT-palvelut, tukipalvelut.","og_url":"https:\/\/www.kktavastia.fi\/lukiot-hameenlinnan-lyseo-aikuislinja\/opiskelijalle\/","og_site_name":"H\u00e4meenlinnan lyseon lukion aikuislinja","article_modified_time":"2025-06-16T06:33:24+00:00","twitter_card":"summary_large_image","schema":{"@context":"https:\/\/schema.org","@graph":[{"@type":"WebPage","@id":"https:\/\/www.kktavastia.fi\/lukiot-hameenlinnan-lyseo-aikuislinja\/opiskelijalle\/","url":"https:\/\/www.kktavastia.fi\/lukiot-hameenlinnan-lyseo-aikuislinja\/opiskelijalle\/","name":"H\u00e4meenlinnan lyseon lukion aikuislinjan opiskelijalle | Infoa opiskelijalle","isPartOf":{"@id":"https:\/\/www.kktavastia.fi\/lukiot-hameenlinnan-lyseo-aikuislinja\/#website"},"datePublished":"2020-12-30T13:15:37+00:00","dateModified":"2025-06-16T06:33:24+00:00","description":"H\u00e4meenlinnan lyseon lukion aikuislinjan opiskelijalle: ty\u00f6- ja loma-ajat, kanslian yhteystiedot, opinto-ohjaus, IT-palvelut, tukipalvelut.","breadcrumb":{"@id":"https:\/\/www.kktavastia.fi\/lukiot-hameenlinnan-lyseo-aikuislinja\/opiskelijalle\/#breadcrumb"},"inLanguage":"fi","potentialAction":[{"@type":"ReadAction","target":["https:\/\/www.kktavastia.fi\/lukiot-hameenlinnan-lyseo-aikuislinja\/opiskelijalle\/"]}]},{"@type":"BreadcrumbList","@id":"https:\/\/www.kktavastia.fi\/lukiot-hameenlinnan-lyseo-aikuislinja\/opiskelijalle\/#breadcrumb","itemListElement":[{"@type":"ListItem","position":1,"name":"Home","item":"https:\/\/www.kktavastia.fi\/lukiot-hameenlinnan-lyseo-aikuislinja\/"},{"@type":"ListItem","position":2,"name":"Aikuislinjan opiskelijalle"}]},{"@type":"WebSite","@id":"https:\/\/www.kktavastia.fi\/lukiot-hameenlinnan-lyseo-aikuislinja\/#website","url":"https:\/\/www.kktavastia.fi\/lukiot-hameenlinnan-lyseo-aikuislinja\/","name":"H\u00e4meenlinnan lyseon lukion aikuislinja","description":"","potentialAction":[{"@type":"SearchAction","target":{"@type":"EntryPoint","urlTemplate":"https:\/\/www.kktavastia.fi\/lukiot-hameenlinnan-lyseo-aikuislinja\/?s={search_term_string}"},"query-input":{"@type":"PropertyValueSpecification","valueRequired":true,"valueName":"search_term_string"}}],"inLanguage":"fi"}]}},"_links":{"self":[{"href":"https:\/\/www.kktavastia.fi\/lukiot-hameenlinnan-lyseo-aikuislinja\/wp-json\/wp\/v2\/pages\/33","targetHints":{"allow":["GET"]}}],"collection":[{"href":"https:\/\/www.kktavastia.fi\/lukiot-hameenlinnan-lyseo-aikuislinja\/wp-json\/wp\/v2\/pages"}],"about":[{"href":"https:\/\/www.kktavastia.fi\/lukiot-hameenlinnan-lyseo-aikuislinja\/wp-json\/wp\/v2\/types\/page"}],"author":[{"embeddable":true,"href":"https:\/\/www.kktavastia.fi\/lukiot-hameenlinnan-lyseo-aikuislinja\/wp-json\/wp\/v2\/users\/3"}],"replies":[{"embeddable":true,"href":"https:\/\/www.kktavastia.fi\/lukiot-hameenlinnan-lyseo-aikuislinja\/wp-json\/wp\/v2\/comments?post=33"}],"version-history":[{"count":24,"href":"https:\/\/www.kktavastia.fi\/lukiot-hameenlinnan-lyseo-aikuislinja\/wp-json\/wp\/v2\/pages\/33\/revisions"}],"predecessor-version":[{"id":2103,"href":"https:\/\/www.kktavastia.fi\/lukiot-hameenlinnan-lyseo-aikuislinja\/wp-json\/wp\/v2\/pages\/33\/revisions\/2103"}],"wp:attachment":[{"href":"https:\/\/www.kktavastia.fi\/lukiot-hameenlinnan-lyseo-aikuislinja\/wp-json\/wp\/v2\/media?parent=33"}],"curies":[{"name":"wp","href":"https:\/\/api.w.org\/{rel}","templated":true}]}}