{"id":180,"date":"2021-01-28T14:27:31","date_gmt":"2021-01-28T12:27:31","guid":{"rendered":"https:\/\/kktavastia.vaiheessa.fi\/lukiot-hameenlinnan-lyseo-aikuislinja\/?page_id=180"},"modified":"2025-06-10T14:02:05","modified_gmt":"2025-06-10T11:02:05","slug":"arviointi","status":"publish","type":"page","link":"https:\/\/www.kktavastia.fi\/lukiot-hameenlinnan-lyseo-aikuislinja\/opetus\/arviointi\/","title":{"rendered":"Arviointi"},"content":{"rendered":"\n<h3 class=\"wp-block-heading\">Opintojen arviointi<\/h3>\n\n\n\n<p>Opinnot arvioidaan lukioasetuksessa m\u00e4\u00e4ritellyin numeroin, joista 4 osoittaa heikkoja, 5 v\u00e4ltt\u00e4vi\u00e4, 6 kohtalaisia, 7 tyydytt\u00e4vi\u00e4, 8 hyvi\u00e4 sek\u00e4 9 kiitett\u00e4vi\u00e4 10 erinomaisia tietoja ja taitoja.<\/p>\n\n\n\n<p>Eri aineiden kohdalla opetussuunnitelmissa kerrotaan, mik\u00e4li opinnot arvioidaan muutoin kuin numeroin. T\u00e4llaisia muita tapoja ovat esimerkiksi suoritusmerkint\u00e4 (suoritettu S \/hyl\u00e4tty) tai muu sanallinen arviointi. Sanallinen arviointi voi my\u00f6s t\u00e4ydent\u00e4\u00e4 ja t\u00e4sment\u00e4\u00e4 numeroarviointia.<br><br>Opinnoista voi saada my\u00f6s merkinn\u00e4n K (kesken), jos opintojakson suorittamiseen vaadittavia teht\u00e4vi\u00e4 tai koetta ei ole tehty. Kesken j\u00e4\u00e4neen opintojakson arvosana t\u00e4ytyy suorittaa seuraavan lukuvuoden elokuun loppuun menness\u00e4. Muuten ko .opinnot  on suoritettava uudelleen opetukseen osallistuen ja K -merkint\u00e4 poistuu opiskelijan suorituksista.<\/p>\n\n\n\n<h3 class=\"wp-block-heading\">Oppim\u00e4\u00e4r\u00e4n arvosana ja oppim\u00e4\u00e4r\u00e4kuulustelut<\/h3>\n\n\n\n<p>Oppim\u00e4\u00e4r\u00e4st\u00e4 annetaan arviointi asteikolla 5\u221210, kun opiskelija on suorittanut kaikki valitsemansa opinnot ja saanut niist\u00e4 arvioinnin. Oppiaineen oppim\u00e4\u00e4r\u00e4n arvosana m\u00e4\u00e4r\u00e4ytyy opiskelijan opiskelemien pakollisten ja valtakunnallisten syvent\u00e4vien kurssien tai pakollisten tai valtakunnallisten valinnaisten  opintojaksojen arvosanojen perusteella. Mainituista opinnoista opiskelijalla saa olla hyl\u00e4ttyj\u00e4 arvosanoja enint\u00e4\u00e4n seuraavasti:<br><br>Suoritettuja pakollisia ja valtakunnallisesti valinnaisia opintojaksoja,  joista voi olla hyl\u00e4ttyj\u00e4 arvosanoja enint\u00e4\u00e4n seuraavasti:<br>2-4 opintopistett\u00e4:&nbsp;hyl\u00e4ttyj\u00e4 ei yht\u00e4\u00e4n<br>6-10 opintopistett\u00e4:&nbsp;hyl\u00e4ttyj\u00e4 enint\u00e4\u00e4n 2 opintopistett\u00e4<br>12-16 opintopistett\u00e4:&nbsp;hyl\u00e4ttyj\u00e4 enint\u00e4\u00e4n 4 opintopistett\u00e4<br>18 opintopistett\u00e4  tai enemm\u00e4n: hyl\u00e4ttyj\u00e4 enint\u00e4\u00e4n 6 opintopistett\u00e4<\/p>\n\n\n\n<p>Oppim\u00e4\u00e4r\u00e4n arvosana on sen kaikkien pakollisten ja opiskelijan suorittamien valtakunnallisten valinnaisten opintojaksojen  keskiarvo py\u00f6ristettyn\u00e4 l\u00e4himp\u00e4\u00e4n kokonaislukuun. Jos kaksi kokonaislukua on yht\u00e4 l\u00e4hell\u00e4, oppim\u00e4\u00e4r\u00e4 arvosana py\u00f6ritet\u00e4\u00e4n ylemp\u00e4\u00e4n.<\/p>\n\n\n\n<p>Opetussuunnitelman perusteissa m\u00e4\u00e4riteltyjen pakollisten ja valtakunnallisten syvent\u00e4vien kurssien\/ valtakunnallisten valinnaisten opintojaksojen pohjalta muodostuvaa oppim\u00e4\u00e4r\u00e4n arvosanaa on mahdollista korottaa erillisess\u00e4 kuulustelussa. Oppim\u00e4\u00e4r\u00e4n arvosanaa voi my\u00f6s korottaa koulutuksen j\u00e4rjest\u00e4j\u00e4n opetussuunnitelmassa opiskelijan arvioinnista p\u00e4\u00e4tt\u00e4vien harkinnan perusteella, mik\u00e4li opiskelijan tiedot ja taidot ovat oppiaineen p\u00e4\u00e4tt\u00f6vaiheessa arvosanojen perusteella m\u00e4\u00e4r\u00e4ytyv\u00e4\u00e4 arvosanaa paremmat.<\/p>\n\n\n\n<h3 class=\"wp-block-heading\">Uusintakuulustelut<\/h3>\n\n\n\n<p>Opiskelijalle varataan yhden kerran mahdollisuus suorittaa erillisess\u00e4 kuulustelussa opintojakso, josta h\u00e4n on saanut heikon arvosanan 4 tai tullut muutoin hyl\u00e4tyksi. Opiskelija saa osallistua kerran uusintakuulusteluun my\u00f6s siin\u00e4 tapauksessa, ett\u00e4 h\u00e4n on hyv\u00e4ksytt\u00e4v\u00e4st\u00e4 syyst\u00e4 ollut poissa kurssin varsinaisesta kokeesta ja selvitt\u00e4nyt luotettavasti poissaolon syyn opettajalle. Uusintakuulustelut pidet\u00e4\u00e4n jakson p\u00e4\u00e4tytty\u00e4 lukuun ottamatta 5. jaksoa, jonka uusintakuulustelu pidet\u00e4\u00e4n seuraavan lukuvuoden aluksi elokuun lopussa. Uusintakuulustelut pidet\u00e4\u00e4n kerran jaksossa perjantaisin klo 17.00\u201320.00. Tarkat p\u00e4iv\u00e4m\u00e4\u00e4r\u00e4t l\u00f6yd\u00e4t opiskelijakalenterista sek\u00e4 kotisivuilta sivulta Ty\u00f6-ja loma-ajat.<\/p>\n\n\n\n<p>Uusintakuulusteluun ilmoittaudutaan viimeist\u00e4\u00e4n 3 p\u00e4iv\u00e4\u00e4 ennen uusintakuulusteluaikaa. Ilmoittautuminen voidaan tehd\u00e4 lukion opintosihteerille\/ aineen opettajalle.<\/p>\n\n\n\n<h3 class=\"wp-block-heading\">Muiden oppilaitosten lukio-opinnot<\/h3>\n\n\n\n<p>Koulu voi hyv\u00e4ksy\u00e4 toisen oppilaitoksen opintojaksoja joko rajoitetusti opiskelijan kokonaisopintom\u00e4\u00e4r\u00e4\u00e4n tai vastaamaan jotakin lukion tarjoamaa opintojaksoa. Opintojen vastaavuudet tarkistaa kyseisen aineen opettaja ja opinto-ohjaaja.<\/p>\n\n\n\n<h3 class=\"wp-block-heading\">Jaksotodistukset <\/h3>\n\n\n\n<p>Opiskelija saa tarvittaessa todistuksen siihen asti suoritetuista opinnoistaan. T\u00e4m\u00e4n opintosuoritusotteen voi ladata itselleen ATOMI-palvelusta. Palveluun p\u00e4\u00e4set Wilman etusivun linkist\u00e4 tai koulun (kktavastia.fi) nettisivulta <strong>Opiskelijoille-sivun linkist\u00e4. <\/strong> Opintosuoritusote on s\u00e4hk\u00f6inen ja se on allekirjoitettu my\u00f6s s\u00e4hk\u00f6isesti.<\/p>\n\n\n\n<p>Opiskelija on suorittanut lukion koko oppim\u00e4\u00e4r\u00e4n, kun h\u00e4n on suorittanut hyv\u00e4ksytysti kaikkien opinto-ohjelmaansa kuuluvien oppiaineiden oppim\u00e4\u00e4r\u00e4t. T\u00e4m\u00e4 tarkoittaa paitsi pakollisten aineiden my\u00f6s opiskelijan valitsemien valinnaisten aineiden opintojen suorittamista siin\u00e4 laajuudessa kuin ne ovat opiskelijan opinto-ohjelmassa, kuitenkin v\u00e4hint\u00e4\u00e4n yhteens\u00e4 44 kurssia tai v\u00e4hint\u00e4\u00e4n 88 opintopistett\u00e4.<\/p>\n\n\n\n<h3 class=\"wp-block-heading\">P\u00e4\u00e4tt\u00f6todistus ja ylioppilastodistus<\/h3>\n\n\n\n<p>Lukion p\u00e4\u00e4tt\u00f6todistus on s\u00e4hk\u00f6inen kev\u00e4\u00e4st\u00e4 2025 alkaen. S\u00e4hk\u00f6isesti allekirjoitettu todistus on ainoa alkuper\u00e4inen ja kaikki siit\u00e4 otetut tulosteet ovat kopioita. Ennen kev\u00e4tt\u00e4 2025 valmistuneiden todistukset ovat edelleen paperisia.<\/p>\n\n\n\n<p>Kun koko lukion oppim\u00e4\u00e4r\u00e4\u00e4n kuuluvien aineiden oppim\u00e4\u00e4r\u00e4t on hyv\u00e4ksytysti suoritettu eik\u00e4 opiskelija en\u00e4\u00e4 k\u00e4yt\u00e4 korotusmahdollisuuksiaan, h\u00e4nelle allekirjoitetaan p\u00e4\u00e4tt\u00f6todistus s\u00e4hk\u00f6isesti. Lukion p\u00e4\u00e4tt\u00f6todistus on edellytyksen\u00e4, ett\u00e4 opiskelija voi saada todistuksen jo suoritetusta ylioppilastutkinnosta. S\u00e4hk\u00f6ist\u00e4 todistusta varten opiskelijalla tulee olla lukion tiedoissa toimiva s\u00e4hk\u00f6postiosoite, joka ei ole vain lukion opiskelijas\u00e4hk\u00f6postiosoite (live.kktavasti.piste). S\u00e4hk\u00f6inen todistukseen johtava linkki l\u00e4hetet\u00e4\u00e4n tuohon henk.kohtaiseen spostiin.<\/p>\n\n\n\n<p>Lukion koko oppim\u00e4\u00e4r\u00e4n suorittaneelle opiskelijalle annetaan s\u00e4hk\u00f6inen p\u00e4\u00e4tt\u00f6todistus. Siin\u00e4 k\u00e4ytet\u00e4\u00e4n lukioasetuksessa m\u00e4\u00e4r\u00e4ttyj\u00e4 ja edell\u00e4 m\u00e4\u00e4riteltyj\u00e4 arvosanoja. Arvosanoista p\u00e4\u00e4tt\u00e4v\u00e4t opiskelijan opettajat. <strong>Uuden opetussuunnitelman LOPS21 mukaan opiskelevilla oppim\u00e4\u00e4r\u00e4\u00e4n kuuluu 88 op tietyin edellytyksin.<\/strong><\/p>\n\n\n\n<p>Lukioasetusten mukaan numeroin arvioidaan kaikki pakollisten oppiaineiden oppim\u00e4\u00e4r\u00e4t sek\u00e4 valinnaiset vieraat kielet. Opiskelija voi pyyt\u00e4\u00e4 p\u00e4\u00e4tt\u00f6todistukseen numeroarvosanan sijaan suoritusmerkinn\u00e4n, jos oppiaineessa on vain yksi pakollinen opintojakso ja samoin valinnaisissa vieraissa kieliss\u00e4, mik\u00e4li opiskelijan suorittama oppim\u00e4\u00e4r\u00e4 niiss\u00e4 k\u00e4sitt\u00e4\u00e4 enint\u00e4\u00e4n kaksi 4 opintopistett\u00e4. Jos haluat k\u00e4ytt\u00e4\u00e4 t\u00e4t\u00e4 mahdollisuutta, sinun tulee anoa muutos koulun kansliasta hyviss\u00e4 ajoin, v\u00e4hint\u00e4\u00e4n 2 viikkoa ennen p\u00e4\u00e4tt\u00f6todistuksen kirjoittamista.<\/p>\n\n\n\n<h3 class=\"wp-block-heading\">Erotodistus<\/h3>\n\n\n\n<p>T\u00e4ysi-ik\u00e4inen opiskelija voi erota lukiosta. Eroa pyydet\u00e4\u00e4n rehtorilta tai aikuislukion kansliasta. Erotessaan opiskelija saa s\u00e4hk\u00f6isen erotodistuksen, jossa on n\u00e4kyviss\u00e4 h\u00e4nen siihen asti suoritetut opinnot H\u00e4meenlinnan lyseon lukion aikuislinjalla. Erotodistus ladataan my\u00f6s ATOMI-palvelusta.<\/p>\n","protected":false},"excerpt":{"rendered":"<p>Opintojen arviointi Opinnot arvioidaan lukioasetuksessa m\u00e4\u00e4ritellyin numeroin, joista 4 osoittaa heikkoja, 5 v\u00e4ltt\u00e4vi\u00e4, 6 kohtalaisia, 7 tyydytt\u00e4vi\u00e4, 8 hyvi\u00e4 sek\u00e4 [&hellip;]<\/p>\n","protected":false},"author":3,"featured_media":0,"parent":42,"menu_order":3,"comment_status":"closed","ping_status":"closed","template":"","meta":{"_acf_changed":false,"_relevanssi_hide_post":"","_relevanssi_hide_content":"","_relevanssi_pin_for_all":"","_relevanssi_pin_keywords":"","_relevanssi_unpin_keywords":"","_relevanssi_related_keywords":"","_relevanssi_related_include_ids":"","_relevanssi_related_exclude_ids":"","_relevanssi_related_no_append":"","_relevanssi_related_not_related":"","_relevanssi_related_posts":"828,806,876,847,888,812","_relevanssi_noindex_reason":"","footnotes":""},"class_list":["post-180","page","type-page","status-publish","hentry"],"acf":[],"yoast_head":"<title>Arviointi - H\u00e4meenlinnan lyseon lukion aikuislinja<\/title>\n<meta name=\"robots\" content=\"index, follow, max-snippet:-1, max-image-preview:large, max-video-preview:-1\" \/>\n<link rel=\"canonical\" href=\"https:\/\/www.kktavastia.fi\/lukiot-hameenlinnan-lyseo-aikuislinja\/opetus\/arviointi\/\" \/>\n<meta property=\"og:locale\" content=\"fi_FI\" \/>\n<meta property=\"og:type\" content=\"article\" \/>\n<meta property=\"og:title\" content=\"Arviointi - H\u00e4meenlinnan lyseon lukion aikuislinja\" \/>\n<meta property=\"og:description\" content=\"Opintojen arviointi Opinnot arvioidaan lukioasetuksessa m\u00e4\u00e4ritellyin numeroin, joista 4 osoittaa heikkoja, 5 v\u00e4ltt\u00e4vi\u00e4, 6 kohtalaisia, 7 tyydytt\u00e4vi\u00e4, 8 hyvi\u00e4 sek\u00e4 [&hellip;]\" \/>\n<meta property=\"og:url\" content=\"https:\/\/www.kktavastia.fi\/lukiot-hameenlinnan-lyseo-aikuislinja\/opetus\/arviointi\/\" \/>\n<meta property=\"og:site_name\" content=\"H\u00e4meenlinnan lyseon lukion aikuislinja\" \/>\n<meta property=\"article:modified_time\" content=\"2025-06-10T11:02:05+00:00\" \/>\n<meta name=\"twitter:card\" content=\"summary_large_image\" \/>\n<script type=\"application\/ld+json\" class=\"yoast-schema-graph\">{\"@context\":\"https:\\\/\\\/schema.org\",\"@graph\":[{\"@type\":\"WebPage\",\"@id\":\"https:\\\/\\\/www.kktavastia.fi\\\/lukiot-hameenlinnan-lyseo-aikuislinja\\\/opetus\\\/arviointi\\\/\",\"url\":\"https:\\\/\\\/www.kktavastia.fi\\\/lukiot-hameenlinnan-lyseo-aikuislinja\\\/opetus\\\/arviointi\\\/\",\"name\":\"Arviointi - H\u00e4meenlinnan lyseon lukion aikuislinja\",\"isPartOf\":{\"@id\":\"https:\\\/\\\/www.kktavastia.fi\\\/lukiot-hameenlinnan-lyseo-aikuislinja\\\/#website\"},\"datePublished\":\"2021-01-28T12:27:31+00:00\",\"dateModified\":\"2025-06-10T11:02:05+00:00\",\"breadcrumb\":{\"@id\":\"https:\\\/\\\/www.kktavastia.fi\\\/lukiot-hameenlinnan-lyseo-aikuislinja\\\/opetus\\\/arviointi\\\/#breadcrumb\"},\"inLanguage\":\"fi\",\"potentialAction\":[{\"@type\":\"ReadAction\",\"target\":[\"https:\\\/\\\/www.kktavastia.fi\\\/lukiot-hameenlinnan-lyseo-aikuislinja\\\/opetus\\\/arviointi\\\/\"]}]},{\"@type\":\"BreadcrumbList\",\"@id\":\"https:\\\/\\\/www.kktavastia.fi\\\/lukiot-hameenlinnan-lyseo-aikuislinja\\\/opetus\\\/arviointi\\\/#breadcrumb\",\"itemListElement\":[{\"@type\":\"ListItem\",\"position\":1,\"name\":\"Home\",\"item\":\"https:\\\/\\\/www.kktavastia.fi\\\/lukiot-hameenlinnan-lyseo-aikuislinja\\\/\"},{\"@type\":\"ListItem\",\"position\":2,\"name\":\"Opetus aikuislinjalla\",\"item\":\"https:\\\/\\\/www.kktavastia.fi\\\/lukiot-hameenlinnan-lyseo-aikuislinja\\\/opetus\\\/\"},{\"@type\":\"ListItem\",\"position\":3,\"name\":\"Arviointi\"}]},{\"@type\":\"WebSite\",\"@id\":\"https:\\\/\\\/www.kktavastia.fi\\\/lukiot-hameenlinnan-lyseo-aikuislinja\\\/#website\",\"url\":\"https:\\\/\\\/www.kktavastia.fi\\\/lukiot-hameenlinnan-lyseo-aikuislinja\\\/\",\"name\":\"H\u00e4meenlinnan lyseon lukion aikuislinja\",\"description\":\"\",\"potentialAction\":[{\"@type\":\"SearchAction\",\"target\":{\"@type\":\"EntryPoint\",\"urlTemplate\":\"https:\\\/\\\/www.kktavastia.fi\\\/lukiot-hameenlinnan-lyseo-aikuislinja\\\/?s={search_term_string}\"},\"query-input\":{\"@type\":\"PropertyValueSpecification\",\"valueRequired\":true,\"valueName\":\"search_term_string\"}}],\"inLanguage\":\"fi\"}]}<\/script>","yoast_head_json":{"title":"Arviointi - H\u00e4meenlinnan lyseon lukion aikuislinja","robots":{"index":"index","follow":"follow","max-snippet":"max-snippet:-1","max-image-preview":"max-image-preview:large","max-video-preview":"max-video-preview:-1"},"canonical":"https:\/\/www.kktavastia.fi\/lukiot-hameenlinnan-lyseo-aikuislinja\/opetus\/arviointi\/","og_locale":"fi_FI","og_type":"article","og_title":"Arviointi - H\u00e4meenlinnan lyseon lukion aikuislinja","og_description":"Opintojen arviointi Opinnot arvioidaan lukioasetuksessa m\u00e4\u00e4ritellyin numeroin, joista 4 osoittaa heikkoja, 5 v\u00e4ltt\u00e4vi\u00e4, 6 kohtalaisia, 7 tyydytt\u00e4vi\u00e4, 8 hyvi\u00e4 sek\u00e4 [&hellip;]","og_url":"https:\/\/www.kktavastia.fi\/lukiot-hameenlinnan-lyseo-aikuislinja\/opetus\/arviointi\/","og_site_name":"H\u00e4meenlinnan lyseon lukion aikuislinja","article_modified_time":"2025-06-10T11:02:05+00:00","twitter_card":"summary_large_image","schema":{"@context":"https:\/\/schema.org","@graph":[{"@type":"WebPage","@id":"https:\/\/www.kktavastia.fi\/lukiot-hameenlinnan-lyseo-aikuislinja\/opetus\/arviointi\/","url":"https:\/\/www.kktavastia.fi\/lukiot-hameenlinnan-lyseo-aikuislinja\/opetus\/arviointi\/","name":"Arviointi - H\u00e4meenlinnan lyseon lukion aikuislinja","isPartOf":{"@id":"https:\/\/www.kktavastia.fi\/lukiot-hameenlinnan-lyseo-aikuislinja\/#website"},"datePublished":"2021-01-28T12:27:31+00:00","dateModified":"2025-06-10T11:02:05+00:00","breadcrumb":{"@id":"https:\/\/www.kktavastia.fi\/lukiot-hameenlinnan-lyseo-aikuislinja\/opetus\/arviointi\/#breadcrumb"},"inLanguage":"fi","potentialAction":[{"@type":"ReadAction","target":["https:\/\/www.kktavastia.fi\/lukiot-hameenlinnan-lyseo-aikuislinja\/opetus\/arviointi\/"]}]},{"@type":"BreadcrumbList","@id":"https:\/\/www.kktavastia.fi\/lukiot-hameenlinnan-lyseo-aikuislinja\/opetus\/arviointi\/#breadcrumb","itemListElement":[{"@type":"ListItem","position":1,"name":"Home","item":"https:\/\/www.kktavastia.fi\/lukiot-hameenlinnan-lyseo-aikuislinja\/"},{"@type":"ListItem","position":2,"name":"Opetus aikuislinjalla","item":"https:\/\/www.kktavastia.fi\/lukiot-hameenlinnan-lyseo-aikuislinja\/opetus\/"},{"@type":"ListItem","position":3,"name":"Arviointi"}]},{"@type":"WebSite","@id":"https:\/\/www.kktavastia.fi\/lukiot-hameenlinnan-lyseo-aikuislinja\/#website","url":"https:\/\/www.kktavastia.fi\/lukiot-hameenlinnan-lyseo-aikuislinja\/","name":"H\u00e4meenlinnan lyseon lukion aikuislinja","description":"","potentialAction":[{"@type":"SearchAction","target":{"@type":"EntryPoint","urlTemplate":"https:\/\/www.kktavastia.fi\/lukiot-hameenlinnan-lyseo-aikuislinja\/?s={search_term_string}"},"query-input":{"@type":"PropertyValueSpecification","valueRequired":true,"valueName":"search_term_string"}}],"inLanguage":"fi"}]}},"_links":{"self":[{"href":"https:\/\/www.kktavastia.fi\/lukiot-hameenlinnan-lyseo-aikuislinja\/wp-json\/wp\/v2\/pages\/180","targetHints":{"allow":["GET"]}}],"collection":[{"href":"https:\/\/www.kktavastia.fi\/lukiot-hameenlinnan-lyseo-aikuislinja\/wp-json\/wp\/v2\/pages"}],"about":[{"href":"https:\/\/www.kktavastia.fi\/lukiot-hameenlinnan-lyseo-aikuislinja\/wp-json\/wp\/v2\/types\/page"}],"author":[{"embeddable":true,"href":"https:\/\/www.kktavastia.fi\/lukiot-hameenlinnan-lyseo-aikuislinja\/wp-json\/wp\/v2\/users\/3"}],"replies":[{"embeddable":true,"href":"https:\/\/www.kktavastia.fi\/lukiot-hameenlinnan-lyseo-aikuislinja\/wp-json\/wp\/v2\/comments?post=180"}],"version-history":[{"count":24,"href":"https:\/\/www.kktavastia.fi\/lukiot-hameenlinnan-lyseo-aikuislinja\/wp-json\/wp\/v2\/pages\/180\/revisions"}],"predecessor-version":[{"id":2090,"href":"https:\/\/www.kktavastia.fi\/lukiot-hameenlinnan-lyseo-aikuislinja\/wp-json\/wp\/v2\/pages\/180\/revisions\/2090"}],"up":[{"embeddable":true,"href":"https:\/\/www.kktavastia.fi\/lukiot-hameenlinnan-lyseo-aikuislinja\/wp-json\/wp\/v2\/pages\/42"}],"wp:attachment":[{"href":"https:\/\/www.kktavastia.fi\/lukiot-hameenlinnan-lyseo-aikuislinja\/wp-json\/wp\/v2\/media?parent=180"}],"curies":[{"name":"wp","href":"https:\/\/api.w.org\/{rel}","templated":true}]}}