{"id":112,"date":"2020-12-31T13:55:13","date_gmt":"2020-12-31T11:55:13","guid":{"rendered":"https:\/\/kktavastia.vaiheessa.fi\/lukiot-hameenlinnan-lyseo-aikuislinja\/?page_id=112"},"modified":"2025-06-06T15:00:36","modified_gmt":"2025-06-06T12:00:36","slug":"kanslia","status":"publish","type":"page","link":"https:\/\/www.kktavastia.fi\/lukiot-hameenlinnan-lyseo-aikuislinja\/opiskelijalle\/kanslia\/","title":{"rendered":"Kanslia"},"content":{"rendered":"\n<p>Kanslia <\/p>\n\n\n\n<p>Koulun kanslia on avoinna lukuvuoden aikana maanantaista torstaihin klo 15\u201319. Aukioloaikoina tavoitat opintosihteerimme numerosta 050 509 0801. Poikkeavista aukioloajoista kuten loma- ja kes\u00e4ajan aukiolosta ilmoitamme etusivulla erillisess\u00e4 tiedotteessa kohdassa Ajankohtaista. Ilmoitus n\u00e4kyy kotisivujen aloitussivulla.<\/p>\n\n\n\n<p>H\u00e4meenlinnan lyseon lukion aikuislinjan kanslia sijaitsee H\u00e4meenlinnan lyseon lukion G-rakennuksen toisessa kerroksessa osoitteessa Hattelmalantie 6, H\u00e4meenlinna.  <br><br><\/p>\n","protected":false},"excerpt":{"rendered":"<p>Kanslia Koulun kanslia on avoinna lukuvuoden aikana maanantaista torstaihin klo 15\u201319. Aukioloaikoina tavoitat opintosihteerimme numerosta 050 509 0801. Poikkeavista aukioloajoista [&hellip;]<\/p>\n","protected":false},"author":3,"featured_media":0,"parent":33,"menu_order":0,"comment_status":"closed","ping_status":"closed","template":"","meta":{"_acf_changed":false,"_relevanssi_hide_post":"","_relevanssi_hide_content":"","_relevanssi_pin_for_all":"","_relevanssi_pin_keywords":"","_relevanssi_unpin_keywords":"","_relevanssi_related_keywords":"","_relevanssi_related_include_ids":"","_relevanssi_related_exclude_ids":"","_relevanssi_related_no_append":"","_relevanssi_related_not_related":"","_relevanssi_related_posts":"610,876,1109,965,828,861","_relevanssi_noindex_reason":"","footnotes":""},"class_list":["post-112","page","type-page","status-publish","hentry"],"acf":[],"yoast_head":"<title>H\u00e4meenlinnan lyseon lukion aikuislinjan kanslia | Katso yhteystiedot<\/title>\n<meta name=\"description\" content=\"H\u00e4meenlinnan lyseon lukion aikuislinjan kanslia sijaitsee Hattelmalantien kampusalueella. Ilmoittaudu opiskelijaksi kansliassa!\" \/>\n<meta name=\"robots\" content=\"index, follow, max-snippet:-1, max-image-preview:large, max-video-preview:-1\" \/>\n<link rel=\"canonical\" href=\"https:\/\/www.kktavastia.fi\/lukiot-hameenlinnan-lyseo-aikuislinja\/opiskelijalle\/kanslia\/\" \/>\n<meta property=\"og:locale\" content=\"fi_FI\" \/>\n<meta property=\"og:type\" content=\"article\" \/>\n<meta property=\"og:title\" content=\"H\u00e4meenlinnan lyseon lukion aikuislinjan kanslia | Katso yhteystiedot\" \/>\n<meta property=\"og:description\" content=\"H\u00e4meenlinnan lyseon lukion aikuislinjan kanslia sijaitsee Hattelmalantien kampusalueella. Ilmoittaudu opiskelijaksi kansliassa!\" \/>\n<meta property=\"og:url\" content=\"https:\/\/www.kktavastia.fi\/lukiot-hameenlinnan-lyseo-aikuislinja\/opiskelijalle\/kanslia\/\" \/>\n<meta property=\"og:site_name\" content=\"H\u00e4meenlinnan lyseon lukion aikuislinja\" \/>\n<meta property=\"article:modified_time\" content=\"2025-06-06T12:00:36+00:00\" \/>\n<meta name=\"twitter:card\" content=\"summary_large_image\" \/>\n<script type=\"application\/ld+json\" class=\"yoast-schema-graph\">{\"@context\":\"https:\\\/\\\/schema.org\",\"@graph\":[{\"@type\":\"WebPage\",\"@id\":\"https:\\\/\\\/www.kktavastia.fi\\\/lukiot-hameenlinnan-lyseo-aikuislinja\\\/opiskelijalle\\\/kanslia\\\/\",\"url\":\"https:\\\/\\\/www.kktavastia.fi\\\/lukiot-hameenlinnan-lyseo-aikuislinja\\\/opiskelijalle\\\/kanslia\\\/\",\"name\":\"H\u00e4meenlinnan lyseon lukion aikuislinjan kanslia | Katso yhteystiedot\",\"isPartOf\":{\"@id\":\"https:\\\/\\\/www.kktavastia.fi\\\/lukiot-hameenlinnan-lyseo-aikuislinja\\\/#website\"},\"datePublished\":\"2020-12-31T11:55:13+00:00\",\"dateModified\":\"2025-06-06T12:00:36+00:00\",\"description\":\"H\u00e4meenlinnan lyseon lukion aikuislinjan kanslia sijaitsee Hattelmalantien kampusalueella. Ilmoittaudu opiskelijaksi kansliassa!\",\"breadcrumb\":{\"@id\":\"https:\\\/\\\/www.kktavastia.fi\\\/lukiot-hameenlinnan-lyseo-aikuislinja\\\/opiskelijalle\\\/kanslia\\\/#breadcrumb\"},\"inLanguage\":\"fi\",\"potentialAction\":[{\"@type\":\"ReadAction\",\"target\":[\"https:\\\/\\\/www.kktavastia.fi\\\/lukiot-hameenlinnan-lyseo-aikuislinja\\\/opiskelijalle\\\/kanslia\\\/\"]}]},{\"@type\":\"BreadcrumbList\",\"@id\":\"https:\\\/\\\/www.kktavastia.fi\\\/lukiot-hameenlinnan-lyseo-aikuislinja\\\/opiskelijalle\\\/kanslia\\\/#breadcrumb\",\"itemListElement\":[{\"@type\":\"ListItem\",\"position\":1,\"name\":\"Home\",\"item\":\"https:\\\/\\\/www.kktavastia.fi\\\/lukiot-hameenlinnan-lyseo-aikuislinja\\\/\"},{\"@type\":\"ListItem\",\"position\":2,\"name\":\"Aikuislinjan opiskelijalle\",\"item\":\"https:\\\/\\\/www.kktavastia.fi\\\/lukiot-hameenlinnan-lyseo-aikuislinja\\\/opiskelijalle\\\/\"},{\"@type\":\"ListItem\",\"position\":3,\"name\":\"Kanslia\"}]},{\"@type\":\"WebSite\",\"@id\":\"https:\\\/\\\/www.kktavastia.fi\\\/lukiot-hameenlinnan-lyseo-aikuislinja\\\/#website\",\"url\":\"https:\\\/\\\/www.kktavastia.fi\\\/lukiot-hameenlinnan-lyseo-aikuislinja\\\/\",\"name\":\"H\u00e4meenlinnan lyseon lukion aikuislinja\",\"description\":\"\",\"potentialAction\":[{\"@type\":\"SearchAction\",\"target\":{\"@type\":\"EntryPoint\",\"urlTemplate\":\"https:\\\/\\\/www.kktavastia.fi\\\/lukiot-hameenlinnan-lyseo-aikuislinja\\\/?s={search_term_string}\"},\"query-input\":{\"@type\":\"PropertyValueSpecification\",\"valueRequired\":true,\"valueName\":\"search_term_string\"}}],\"inLanguage\":\"fi\"}]}<\/script>","yoast_head_json":{"title":"H\u00e4meenlinnan lyseon lukion aikuislinjan kanslia | Katso yhteystiedot","description":"H\u00e4meenlinnan lyseon lukion aikuislinjan kanslia sijaitsee Hattelmalantien kampusalueella. Ilmoittaudu opiskelijaksi kansliassa!","robots":{"index":"index","follow":"follow","max-snippet":"max-snippet:-1","max-image-preview":"max-image-preview:large","max-video-preview":"max-video-preview:-1"},"canonical":"https:\/\/www.kktavastia.fi\/lukiot-hameenlinnan-lyseo-aikuislinja\/opiskelijalle\/kanslia\/","og_locale":"fi_FI","og_type":"article","og_title":"H\u00e4meenlinnan lyseon lukion aikuislinjan kanslia | Katso yhteystiedot","og_description":"H\u00e4meenlinnan lyseon lukion aikuislinjan kanslia sijaitsee Hattelmalantien kampusalueella. Ilmoittaudu opiskelijaksi kansliassa!","og_url":"https:\/\/www.kktavastia.fi\/lukiot-hameenlinnan-lyseo-aikuislinja\/opiskelijalle\/kanslia\/","og_site_name":"H\u00e4meenlinnan lyseon lukion aikuislinja","article_modified_time":"2025-06-06T12:00:36+00:00","twitter_card":"summary_large_image","schema":{"@context":"https:\/\/schema.org","@graph":[{"@type":"WebPage","@id":"https:\/\/www.kktavastia.fi\/lukiot-hameenlinnan-lyseo-aikuislinja\/opiskelijalle\/kanslia\/","url":"https:\/\/www.kktavastia.fi\/lukiot-hameenlinnan-lyseo-aikuislinja\/opiskelijalle\/kanslia\/","name":"H\u00e4meenlinnan lyseon lukion aikuislinjan kanslia | Katso yhteystiedot","isPartOf":{"@id":"https:\/\/www.kktavastia.fi\/lukiot-hameenlinnan-lyseo-aikuislinja\/#website"},"datePublished":"2020-12-31T11:55:13+00:00","dateModified":"2025-06-06T12:00:36+00:00","description":"H\u00e4meenlinnan lyseon lukion aikuislinjan kanslia sijaitsee Hattelmalantien kampusalueella. Ilmoittaudu opiskelijaksi kansliassa!","breadcrumb":{"@id":"https:\/\/www.kktavastia.fi\/lukiot-hameenlinnan-lyseo-aikuislinja\/opiskelijalle\/kanslia\/#breadcrumb"},"inLanguage":"fi","potentialAction":[{"@type":"ReadAction","target":["https:\/\/www.kktavastia.fi\/lukiot-hameenlinnan-lyseo-aikuislinja\/opiskelijalle\/kanslia\/"]}]},{"@type":"BreadcrumbList","@id":"https:\/\/www.kktavastia.fi\/lukiot-hameenlinnan-lyseo-aikuislinja\/opiskelijalle\/kanslia\/#breadcrumb","itemListElement":[{"@type":"ListItem","position":1,"name":"Home","item":"https:\/\/www.kktavastia.fi\/lukiot-hameenlinnan-lyseo-aikuislinja\/"},{"@type":"ListItem","position":2,"name":"Aikuislinjan opiskelijalle","item":"https:\/\/www.kktavastia.fi\/lukiot-hameenlinnan-lyseo-aikuislinja\/opiskelijalle\/"},{"@type":"ListItem","position":3,"name":"Kanslia"}]},{"@type":"WebSite","@id":"https:\/\/www.kktavastia.fi\/lukiot-hameenlinnan-lyseo-aikuislinja\/#website","url":"https:\/\/www.kktavastia.fi\/lukiot-hameenlinnan-lyseo-aikuislinja\/","name":"H\u00e4meenlinnan lyseon lukion aikuislinja","description":"","potentialAction":[{"@type":"SearchAction","target":{"@type":"EntryPoint","urlTemplate":"https:\/\/www.kktavastia.fi\/lukiot-hameenlinnan-lyseo-aikuislinja\/?s={search_term_string}"},"query-input":{"@type":"PropertyValueSpecification","valueRequired":true,"valueName":"search_term_string"}}],"inLanguage":"fi"}]}},"_links":{"self":[{"href":"https:\/\/www.kktavastia.fi\/lukiot-hameenlinnan-lyseo-aikuislinja\/wp-json\/wp\/v2\/pages\/112","targetHints":{"allow":["GET"]}}],"collection":[{"href":"https:\/\/www.kktavastia.fi\/lukiot-hameenlinnan-lyseo-aikuislinja\/wp-json\/wp\/v2\/pages"}],"about":[{"href":"https:\/\/www.kktavastia.fi\/lukiot-hameenlinnan-lyseo-aikuislinja\/wp-json\/wp\/v2\/types\/page"}],"author":[{"embeddable":true,"href":"https:\/\/www.kktavastia.fi\/lukiot-hameenlinnan-lyseo-aikuislinja\/wp-json\/wp\/v2\/users\/3"}],"replies":[{"embeddable":true,"href":"https:\/\/www.kktavastia.fi\/lukiot-hameenlinnan-lyseo-aikuislinja\/wp-json\/wp\/v2\/comments?post=112"}],"version-history":[{"count":18,"href":"https:\/\/www.kktavastia.fi\/lukiot-hameenlinnan-lyseo-aikuislinja\/wp-json\/wp\/v2\/pages\/112\/revisions"}],"predecessor-version":[{"id":2062,"href":"https:\/\/www.kktavastia.fi\/lukiot-hameenlinnan-lyseo-aikuislinja\/wp-json\/wp\/v2\/pages\/112\/revisions\/2062"}],"up":[{"embeddable":true,"href":"https:\/\/www.kktavastia.fi\/lukiot-hameenlinnan-lyseo-aikuislinja\/wp-json\/wp\/v2\/pages\/33"}],"wp:attachment":[{"href":"https:\/\/www.kktavastia.fi\/lukiot-hameenlinnan-lyseo-aikuislinja\/wp-json\/wp\/v2\/media?parent=112"}],"curies":[{"name":"wp","href":"https:\/\/api.w.org\/{rel}","templated":true}]}}