{"id":11,"date":"2020-12-30T14:45:33","date_gmt":"2020-12-30T12:45:33","guid":{"rendered":"https:\/\/kktavastia.vaiheessa.fi\/lukiot-hameenlinnan-lyseo-aikuislinja\/?page_id=11"},"modified":"2025-06-16T09:49:32","modified_gmt":"2025-06-16T06:49:32","slug":"ilmoittaudu-opiskelijaksi","status":"publish","type":"page","link":"https:\/\/www.kktavastia.fi\/lukiot-hameenlinnan-lyseo-aikuislinja\/ilmoittaudu-opiskelijaksi\/","title":{"rendered":"Ilmoittaudu opiskelijaksi"},"content":{"rendered":"\n<p>H\u00e4meenlinnan lyseon lukion aikuislinja on aikuisille ja varttuneille nuorille tarkoitettu lukio, jossa voi suorittaa koko lukiotutkinnon tai osan siit\u00e4. Opiskelijan on mahdollista t\u00e4ydent\u00e4\u00e4 jo aiempia lukio-opintojaan tai jatkaa siit\u00e4, mihin joskus aikoinaan keskeytyneet opinnot ovat j\u00e4\u00e4neet. Aikuislinjalla voi opiskella my\u00f6s yksitt\u00e4isi\u00e4 oppiaineita aineopiskelijana opintomaksua vastaan. Voit my\u00f6s t\u00e4ydent\u00e4\u00e4 ja nopeuttaa p\u00e4iv\u00e4lukion opintoja suorittamalla yksitt\u00e4isi\u00e4 opintojaksoja joko iltatunneilla tai aikuislinjan verkko-opinnoissa.<\/p>\n\n\n\n<p>Lukion koko oppim\u00e4\u00e4r\u00e4\u00e4 suorittava opiskelija voi osallistua ylioppilastutkintoon kerralla tai hajautetusti. Aikuislinjalta saatu lukion p\u00e4\u00e4tt\u00f6todistus vastaa p\u00e4iv\u00e4kouluista saatua todistusta.<br><br>Aikuislinjan opintopiste- tai kurssim\u00e4\u00e4r\u00e4 on lukio-opintonsa aikuislukiossa aloittavalla v\u00e4hint\u00e4\u00e4n 88 opintopistett\u00e4 tai 44 kurssia riippuen mit\u00e4 opetussuunnitelmaa opiskelija noudattaa. Opetussuunnitelma m\u00e4\u00e4r\u00e4ytyy sen mukaan, milloin opiskelija on ilmoittautunut opiskelijaksi. Uutta opetussuunnitelmaa noudatetaan syksyst\u00e4 2021 ja aikaisemmat lukio-opinnot hyv\u00e4ksi luetaan oppim\u00e4\u00e4r\u00e4\u00e4n niilt\u00e4 osin kuin ne ovat syksyll\u00e4 2021 uudistetun opetussuunnitelman mukaisia.<\/p>\n\n\n\n<p>Aikuislinjan lukuvuosi jakaantuu viiteen jaksoon, joissa keskityt\u00e4\u00e4n muutamaan pakolliseen oppiaineeseen.  Lukio-opinnot ovat suoritettavissa 2-4 vuodessa  niiden laajuudesta riippuen. Osa opinnoista on mahdollista suorittaa verkossa.<\/p>\n\n\n\n<p><strong>Jos haluat aloittaa opiskelun aikuislinjalla, voit ilmoittautua aikuislinjalle milloin vain. <\/strong>Paras hetki ilmoittautua on syksyll\u00e4 tai ennen kunkin jakson alkua, mik\u00e4li haluaa heti aloittaa opiskelun. Ilmoittautuminen tehd\u00e4\u00e4n henkil\u00f6kohtaisesti lukion <a href=\"https:\/\/www.kktavastia.fi\/lukiot-hameenlinnan-lyseo-aikuislinja\/kanslia\/\">kansliassa<\/a>. Alle 18-vuotiaalta aikuislinjalle hakeutuvalta vaaditaan huoltajien kirjallinen anomus rehtorille, jonka my\u00f6nteinen p\u00e4\u00e4t\u00f6s vaaditaan alaik\u00e4isen opiskelijan hyv\u00e4ksymiseksi aikuislinjalle. <\/p>\n\n\n\n<p><strong>Ilmoittautumisen yhteydess\u00e4 esit\u00e4t tarvittavat koulutodistukset<\/strong><\/p>\n\n\n\n<ul class=\"wp-block-list\">\n<li>peruskoulun suorittaneet \u2013 peruskoulun p\u00e4\u00e4tt\u00f6todistus<\/li>\n\n\n\n<li>toisessa lukiossa tai ammatillisessa oppilaitoksessa aloittaneet \u2013 erotodistus<\/li>\n\n\n\n<li>yo-tutkinnon t\u00e4ydent\u00e4j\u00e4t ja korottajat \u2013 lukion p\u00e4\u00e4tt\u00f6- ja yo-todistus<\/li>\n\n\n\n<li>Ammattitutkinnon suorittaneet -tutkintotodistus<\/li>\n<\/ul>\n\n\n\n<p>Huomioi ilmoittautuessasi, ett\u00e4&nbsp;k\u00e4ynniss\u00e4 oleville opintojaksoille ei voi en\u00e4\u00e4 osallistua, jos sit\u00e4 on kulunut enemm\u00e4n kuin kaksi viikkoa.<\/p>\n\n\n\n<p>Kun olet ilmoittautunut aikuislinjalle, opiskelu aloitetaan opintojen suunnittelulla opinto-ohjaajan kanssa. Samalla saat t\u00e4rkeit\u00e4 perustietoja aikuislinjalla opiskelusta. Ilmoittautumisen yhteydess\u00e4 voit varata ajan aikuislinjan opinto-ohjaajalle. Toki my\u00f6s ennen opintojen aloittamista voit olla yhteydess\u00e4 aikuislinjan opinto-ohjaajaan.<\/p>\n\n\n\n<p><strong>Jos jatkat aikuislinjalla jo aloittamiasi opintojasi<\/strong>, ilmoittaudu AINA jokaisen lukuvuoden alussa opiskelijaksi, vaikka et opiskelisikaan viel\u00e4 ensimm\u00e4isess\u00e4 jaksossa.<\/p>\n\n\n\n<h3 class=\"wp-block-heading\">Kanslia ja muut yhteystiedot<\/h3>\n\n\n\n<p>Kanslia, puh. 050 509 0801 (Hattelmalantie 6G, 2. kerros)<\/p>\n\n\n\n<p>Koulun kanslia aukeaa syksyll\u00e4 n. viikkoa ennen koulun alkua ja on avoinna alkaen maanantaista torstaihin klo 15-19.<br>L\u00f6yd\u00e4t kanslian poikkeavat aikataulut Ajankohtaista -kohdasta.<\/p>\n\n\n\n<p>Koulun osoite: Hattelmalantie 6, G-rakennus<br>13100 H\u00e4meenlinna<\/p>\n\n\n\n<p>S\u00e4hk\u00f6postit ovat muotoa: etunimi.sukunimi@kktavastia.fi<\/p>\n\n\n\n<h3 class=\"wp-block-heading\">Maksut<\/h3>\n\n\n\n<p>Koko lukion suorittaminen on tutkinto-opiskelijalle ilmaista. Aineopiskelijalta perit\u00e4\u00e4n aineopiskelijamaksu, jonka suuruus lukuvuonna <strong>2025\u20132026 <\/strong>on 70 euroa.\u00a0<strong>Tavastian lukioiden opiskelijoille aikuislukion verkko-opinnot ovat maksuttomia, ulkopuolisilta perit\u00e4\u00e4n 140 euroa\/opintojakso<\/strong>. Yo-kokeisiin ilmoittautuvat maksavat ylioppilaslautakunnan m\u00e4\u00e4r\u00e4\u00e4m\u00e4t tutkintomaksut.\u00a0 Ty\u00f6t\u00f6n voi opiskella aikuislukiossa ilman, ett\u00e4 menett\u00e4isi p\u00e4iv\u00e4rahaetuutensa.<\/p>\n","protected":false},"excerpt":{"rendered":"<p>H\u00e4meenlinnan lyseon lukion aikuislinja on aikuisille ja varttuneille nuorille tarkoitettu lukio, jossa voi suorittaa koko lukiotutkinnon tai osan siit\u00e4. Opiskelijan [&hellip;]<\/p>\n","protected":false},"author":3,"featured_media":0,"parent":0,"menu_order":0,"comment_status":"closed","ping_status":"closed","template":"","meta":{"_acf_changed":false,"_relevanssi_hide_post":"","_relevanssi_hide_content":"","_relevanssi_pin_for_all":"","_relevanssi_pin_keywords":"","_relevanssi_unpin_keywords":"","_relevanssi_related_keywords":"","_relevanssi_related_include_ids":"","_relevanssi_related_exclude_ids":"","_relevanssi_related_no_append":"","_relevanssi_related_not_related":"","_relevanssi_related_posts":"960,850,817,672,858,965","_relevanssi_noindex_reason":"","footnotes":""},"class_list":["post-11","page","type-page","status-publish","hentry"],"acf":[],"yoast_head":"<title>H\u00e4meenlinnan lyseon lukion aikuislinjalle ilmoittautuminen | Ilmoittaudu<\/title>\n<meta name=\"description\" content=\"H\u00e4meenlinnan lyseon lukion aikuislinjalle ilmoittautuminen tapahtuu koulun kansliassa k\u00e4ym\u00e4ll\u00e4. Ilmoittaudu milloin vain!\" \/>\n<meta name=\"robots\" content=\"index, follow, max-snippet:-1, max-image-preview:large, max-video-preview:-1\" \/>\n<link rel=\"canonical\" href=\"https:\/\/www.kktavastia.fi\/lukiot-hameenlinnan-lyseo-aikuislinja\/ilmoittaudu-opiskelijaksi\/\" \/>\n<meta property=\"og:locale\" content=\"fi_FI\" \/>\n<meta property=\"og:type\" content=\"article\" \/>\n<meta property=\"og:title\" content=\"H\u00e4meenlinnan lyseon lukion aikuislinjalle ilmoittautuminen | Ilmoittaudu\" \/>\n<meta property=\"og:description\" content=\"H\u00e4meenlinnan lyseon lukion aikuislinjalle ilmoittautuminen tapahtuu koulun kansliassa k\u00e4ym\u00e4ll\u00e4. Ilmoittaudu milloin vain!\" \/>\n<meta property=\"og:url\" content=\"https:\/\/www.kktavastia.fi\/lukiot-hameenlinnan-lyseo-aikuislinja\/ilmoittaudu-opiskelijaksi\/\" \/>\n<meta property=\"og:site_name\" content=\"H\u00e4meenlinnan lyseon lukion aikuislinja\" \/>\n<meta property=\"article:modified_time\" content=\"2025-06-16T06:49:32+00:00\" \/>\n<meta name=\"twitter:card\" content=\"summary_large_image\" \/>\n<script type=\"application\/ld+json\" class=\"yoast-schema-graph\">{\"@context\":\"https:\\\/\\\/schema.org\",\"@graph\":[{\"@type\":\"WebPage\",\"@id\":\"https:\\\/\\\/www.kktavastia.fi\\\/lukiot-hameenlinnan-lyseo-aikuislinja\\\/ilmoittaudu-opiskelijaksi\\\/\",\"url\":\"https:\\\/\\\/www.kktavastia.fi\\\/lukiot-hameenlinnan-lyseo-aikuislinja\\\/ilmoittaudu-opiskelijaksi\\\/\",\"name\":\"H\u00e4meenlinnan lyseon lukion aikuislinjalle ilmoittautuminen | Ilmoittaudu\",\"isPartOf\":{\"@id\":\"https:\\\/\\\/www.kktavastia.fi\\\/lukiot-hameenlinnan-lyseo-aikuislinja\\\/#website\"},\"datePublished\":\"2020-12-30T12:45:33+00:00\",\"dateModified\":\"2025-06-16T06:49:32+00:00\",\"description\":\"H\u00e4meenlinnan lyseon lukion aikuislinjalle ilmoittautuminen tapahtuu koulun kansliassa k\u00e4ym\u00e4ll\u00e4. Ilmoittaudu milloin vain!\",\"breadcrumb\":{\"@id\":\"https:\\\/\\\/www.kktavastia.fi\\\/lukiot-hameenlinnan-lyseo-aikuislinja\\\/ilmoittaudu-opiskelijaksi\\\/#breadcrumb\"},\"inLanguage\":\"fi\",\"potentialAction\":[{\"@type\":\"ReadAction\",\"target\":[\"https:\\\/\\\/www.kktavastia.fi\\\/lukiot-hameenlinnan-lyseo-aikuislinja\\\/ilmoittaudu-opiskelijaksi\\\/\"]}]},{\"@type\":\"BreadcrumbList\",\"@id\":\"https:\\\/\\\/www.kktavastia.fi\\\/lukiot-hameenlinnan-lyseo-aikuislinja\\\/ilmoittaudu-opiskelijaksi\\\/#breadcrumb\",\"itemListElement\":[{\"@type\":\"ListItem\",\"position\":1,\"name\":\"Home\",\"item\":\"https:\\\/\\\/www.kktavastia.fi\\\/lukiot-hameenlinnan-lyseo-aikuislinja\\\/\"},{\"@type\":\"ListItem\",\"position\":2,\"name\":\"Ilmoittaudu opiskelijaksi\"}]},{\"@type\":\"WebSite\",\"@id\":\"https:\\\/\\\/www.kktavastia.fi\\\/lukiot-hameenlinnan-lyseo-aikuislinja\\\/#website\",\"url\":\"https:\\\/\\\/www.kktavastia.fi\\\/lukiot-hameenlinnan-lyseo-aikuislinja\\\/\",\"name\":\"H\u00e4meenlinnan lyseon lukion aikuislinja\",\"description\":\"\",\"potentialAction\":[{\"@type\":\"SearchAction\",\"target\":{\"@type\":\"EntryPoint\",\"urlTemplate\":\"https:\\\/\\\/www.kktavastia.fi\\\/lukiot-hameenlinnan-lyseo-aikuislinja\\\/?s={search_term_string}\"},\"query-input\":{\"@type\":\"PropertyValueSpecification\",\"valueRequired\":true,\"valueName\":\"search_term_string\"}}],\"inLanguage\":\"fi\"}]}<\/script>","yoast_head_json":{"title":"H\u00e4meenlinnan lyseon lukion aikuislinjalle ilmoittautuminen | Ilmoittaudu","description":"H\u00e4meenlinnan lyseon lukion aikuislinjalle ilmoittautuminen tapahtuu koulun kansliassa k\u00e4ym\u00e4ll\u00e4. Ilmoittaudu milloin vain!","robots":{"index":"index","follow":"follow","max-snippet":"max-snippet:-1","max-image-preview":"max-image-preview:large","max-video-preview":"max-video-preview:-1"},"canonical":"https:\/\/www.kktavastia.fi\/lukiot-hameenlinnan-lyseo-aikuislinja\/ilmoittaudu-opiskelijaksi\/","og_locale":"fi_FI","og_type":"article","og_title":"H\u00e4meenlinnan lyseon lukion aikuislinjalle ilmoittautuminen | Ilmoittaudu","og_description":"H\u00e4meenlinnan lyseon lukion aikuislinjalle ilmoittautuminen tapahtuu koulun kansliassa k\u00e4ym\u00e4ll\u00e4. Ilmoittaudu milloin vain!","og_url":"https:\/\/www.kktavastia.fi\/lukiot-hameenlinnan-lyseo-aikuislinja\/ilmoittaudu-opiskelijaksi\/","og_site_name":"H\u00e4meenlinnan lyseon lukion aikuislinja","article_modified_time":"2025-06-16T06:49:32+00:00","twitter_card":"summary_large_image","schema":{"@context":"https:\/\/schema.org","@graph":[{"@type":"WebPage","@id":"https:\/\/www.kktavastia.fi\/lukiot-hameenlinnan-lyseo-aikuislinja\/ilmoittaudu-opiskelijaksi\/","url":"https:\/\/www.kktavastia.fi\/lukiot-hameenlinnan-lyseo-aikuislinja\/ilmoittaudu-opiskelijaksi\/","name":"H\u00e4meenlinnan lyseon lukion aikuislinjalle ilmoittautuminen | Ilmoittaudu","isPartOf":{"@id":"https:\/\/www.kktavastia.fi\/lukiot-hameenlinnan-lyseo-aikuislinja\/#website"},"datePublished":"2020-12-30T12:45:33+00:00","dateModified":"2025-06-16T06:49:32+00:00","description":"H\u00e4meenlinnan lyseon lukion aikuislinjalle ilmoittautuminen tapahtuu koulun kansliassa k\u00e4ym\u00e4ll\u00e4. Ilmoittaudu milloin vain!","breadcrumb":{"@id":"https:\/\/www.kktavastia.fi\/lukiot-hameenlinnan-lyseo-aikuislinja\/ilmoittaudu-opiskelijaksi\/#breadcrumb"},"inLanguage":"fi","potentialAction":[{"@type":"ReadAction","target":["https:\/\/www.kktavastia.fi\/lukiot-hameenlinnan-lyseo-aikuislinja\/ilmoittaudu-opiskelijaksi\/"]}]},{"@type":"BreadcrumbList","@id":"https:\/\/www.kktavastia.fi\/lukiot-hameenlinnan-lyseo-aikuislinja\/ilmoittaudu-opiskelijaksi\/#breadcrumb","itemListElement":[{"@type":"ListItem","position":1,"name":"Home","item":"https:\/\/www.kktavastia.fi\/lukiot-hameenlinnan-lyseo-aikuislinja\/"},{"@type":"ListItem","position":2,"name":"Ilmoittaudu opiskelijaksi"}]},{"@type":"WebSite","@id":"https:\/\/www.kktavastia.fi\/lukiot-hameenlinnan-lyseo-aikuislinja\/#website","url":"https:\/\/www.kktavastia.fi\/lukiot-hameenlinnan-lyseo-aikuislinja\/","name":"H\u00e4meenlinnan lyseon lukion aikuislinja","description":"","potentialAction":[{"@type":"SearchAction","target":{"@type":"EntryPoint","urlTemplate":"https:\/\/www.kktavastia.fi\/lukiot-hameenlinnan-lyseo-aikuislinja\/?s={search_term_string}"},"query-input":{"@type":"PropertyValueSpecification","valueRequired":true,"valueName":"search_term_string"}}],"inLanguage":"fi"}]}},"_links":{"self":[{"href":"https:\/\/www.kktavastia.fi\/lukiot-hameenlinnan-lyseo-aikuislinja\/wp-json\/wp\/v2\/pages\/11","targetHints":{"allow":["GET"]}}],"collection":[{"href":"https:\/\/www.kktavastia.fi\/lukiot-hameenlinnan-lyseo-aikuislinja\/wp-json\/wp\/v2\/pages"}],"about":[{"href":"https:\/\/www.kktavastia.fi\/lukiot-hameenlinnan-lyseo-aikuislinja\/wp-json\/wp\/v2\/types\/page"}],"author":[{"embeddable":true,"href":"https:\/\/www.kktavastia.fi\/lukiot-hameenlinnan-lyseo-aikuislinja\/wp-json\/wp\/v2\/users\/3"}],"replies":[{"embeddable":true,"href":"https:\/\/www.kktavastia.fi\/lukiot-hameenlinnan-lyseo-aikuislinja\/wp-json\/wp\/v2\/comments?post=11"}],"version-history":[{"count":24,"href":"https:\/\/www.kktavastia.fi\/lukiot-hameenlinnan-lyseo-aikuislinja\/wp-json\/wp\/v2\/pages\/11\/revisions"}],"predecessor-version":[{"id":2108,"href":"https:\/\/www.kktavastia.fi\/lukiot-hameenlinnan-lyseo-aikuislinja\/wp-json\/wp\/v2\/pages\/11\/revisions\/2108"}],"wp:attachment":[{"href":"https:\/\/www.kktavastia.fi\/lukiot-hameenlinnan-lyseo-aikuislinja\/wp-json\/wp\/v2\/media?parent=11"}],"curies":[{"name":"wp","href":"https:\/\/api.w.org\/{rel}","templated":true}]}}