{"id":991,"date":"2021-01-07T10:24:13","date_gmt":"2021-01-07T08:24:13","guid":{"rendered":"https:\/\/kktavastia.vaiheessa.fi\/ammattiopisto\/?page_id=991"},"modified":"2025-12-12T16:09:48","modified_gmt":"2025-12-12T14:09:48","slug":"terveydentilavaatimukset","status":"publish","type":"page","link":"https:\/\/www.kktavastia.fi\/ammattiopisto\/hakijalle\/yhteishaku\/terveydentilavaatimukset\/","title":{"rendered":"Terveydentilavaatimukset"},"content":{"rendered":"\n<p class=\"is-style-ingress\">Joissakin koulutuksissa on erityisi\u00e4 terveydentilavaatimuksia, jolloin hakijalta voidaan pyyt\u00e4\u00e4 selvityst\u00e4 terveydentilastaan hakuvaiheessa tai koulutuksen aikana.&nbsp;<\/p>\n\n\n\n<h3 class=\"wp-block-heading\">Terveydentilavaatimukset<\/h3>\n\n\n\n<p>Ammattiopisto Tavastiassa erityiset terveydentilavaatimukset koskevat seuraavia tutkintoja:<\/p>\n\n\n\n<ul class=\"wp-block-list\">\n<li>Sosiaali- ja terveysalan perustutkinto<\/li>\n\n\n\n<li>Kasvatus- ja ohjausalan perustutkinto<\/li>\n\n\n\n<li>Logistiikan perustutkinto, kuljetuspalvelujen osaamisala<\/li>\n\n\n\n<li>Lis\u00e4ksi erityiset terveydentilavaatimukset koskevat ns. Sora-alojen ammatti- ja erikoisammattitutkintoja. Katso lis\u00e4tietoa <a href=\"https:\/\/www.oph.fi\/fi\/koulutus-ja-tutkinnot\/tutkinnot-ja-osaamisalat-joihin-sovelletaan-sora-saadoksia\" target=\"_blank\" rel=\"noreferrer noopener\">t\u00e4\u00e4lt\u00e4<\/a>.<\/li>\n<\/ul>\n\n\n\n<p>Yhteishaussa&nbsp;hakijaa neuvotaan tarkistamaan n\u00e4it\u00e4 aloja koskevat terveydentilavaatimukset hakuvaiheessa. Hakijalta kysyt\u00e4\u00e4n, onko h\u00e4nell\u00e4 terveydellisi\u00e4 tekij\u00f6it\u00e4, jotka saattavat olla esteen\u00e4 opinnoille. Jos hakija vastaa kysymykseen my\u00f6nt\u00e4v\u00e4sti, hakijalta voidaan pyyt\u00e4\u00e4 lis\u00e4selvityksi\u00e4. Jos tutkinnossa on valintakoe, hakija t\u00e4ytt\u00e4\u00e4 valintakoep\u00e4iv\u00e4n aikana terveydentilaa koskevan kyselyn.<\/p>\n\n\n\n<p>Terveydentilavaatimukset voi tarkastaa esimerkiksi <a href=\"https:\/\/opintopolku.fi\/konfo\/fi\/sivu\/hakijan-terveys-ja-toimintakyky\" target=\"_blank\" rel=\"noreferrer noopener\">Opintopolku.fi-sivustolta<\/a>.<\/p>\n\n\n\n<h3 class=\"wp-block-heading\">Aikaisempi opintojen peruuttamisp\u00e4\u00e4t\u00f6s<\/h3>\n\n\n\n<p>Esteen\u00e4 opiskelijavalinnalle voi olla aikaisempi opintojen peruuttamisp\u00e4\u00e4t\u00f6s edell\u00e4 mainituissa koulutuksissa. T\u00e4ll\u00f6in<\/p>\n\n\n\n<ul class=\"wp-block-list\">\n<li>Hakijan on annettava tieto aikaisemmasta opintojen peruuttamisp\u00e4\u00e4t\u00f6ksest\u00e4.<\/li>\n\n\n\n<li>Oppilaitoksella on oikeus pyyt\u00e4\u00e4 ja saada tietoja toiselta oppilaitokselta t\u00e4ss\u00e4 asiassa.<\/li>\n\n\n\n<li>Hakijoita voidaan pyyt\u00e4\u00e4 kertomaan, onko opiskeluoikeus aikaisemmin peruutettu.<\/li>\n\n\n\n<li>Yhteishaussa Opintopolun sivuilla t\u00e4m\u00e4 kysyt\u00e4\u00e4n hakuvaiheessa.<\/li>\n<\/ul>\n\n\n\n<h3 class=\"wp-block-heading\">Opiskeluoikeuden peruuttaminen<\/h3>\n\n\n\n<p>Opiskeluoikeuden peruuttaminen on mahdollista edell\u00e4 mainituilla aloilla.<\/p>\n\n\n\n<ul class=\"wp-block-list\">\n<li>Opiskeluoikeus on mahdollista peruuttaa, jos opiskelija on toistuvasti tai vakavasti vaarantanut toisen henkil\u00f6n terveytt\u00e4 tai turvallisuutta ja n\u00e4in osoittanut ilmeist\u00e4 soveltumattomuutta alalle tai<\/li>\n\n\n\n<li>On ilmeist\u00e4, ettei opiskelija terveydentilaltaan tai toimintakyvylt\u00e4\u00e4n t\u00e4yt\u00e4 opiskelijaksi ottamisen perusteita tai<\/li>\n\n\n\n<li>Opiskelija on hakuvaiheessa salannut tiedon aikaisemmasta peruuttamisp\u00e4\u00e4t\u00f6ksest\u00e4 tai<\/li>\n\n\n\n<li>Opiskelija on tuomittu rangaistukseen sukupuolisiveellisyytt\u00e4 loukkaavasta teosta, seksuaalirikoksesta, t\u00f6rke\u00e4st\u00e4 henkeen tai terveyteen kohdistuneesta rikoksesta taikka v\u00e4h\u00e4ist\u00e4 vakavammasta huumausainerikoksesta ja jos peruuttaminen on tarpeen alaik\u00e4isten suojelemiseksi.<\/li>\n<\/ul>\n\n\n\n<h3 class=\"wp-block-heading\">Terveystarkastus<\/h3>\n\n\n\n<p>Opiskelemaan valittu voidaan perustellusta syyst\u00e4 ohjata terveystarkastukseen edell\u00e4 mainittujen koulutusten osalta.<\/p>\n\n\n\n<ul class=\"wp-block-list\">\n<li>Opiskelija voidaan m\u00e4\u00e4r\u00e4t\u00e4 terveydenhuollon ammattihenkil\u00f6n suorittamiin tarkastuksiin ja tutkimuksiin, jos terveyden tai toimintakyvyn arviointi sit\u00e4 edellytt\u00e4\u00e4.<\/li>\n\n\n\n<li>Oppilaitos maksaa tarkastuksesta aiheutuneet kulut.<\/li>\n\n\n\n<li>Jos opiskelija kielt\u00e4ytyy, h\u00e4nelt\u00e4 voidaan pid\u00e4tt\u00e4\u00e4 oikeus opiskeluun siihen asti, kunnes h\u00e4n suostuu tarvittaviin tarkastuksiin.<\/li>\n<\/ul>\n\n\n\n<h3 class=\"wp-block-heading\">Rikosrekisteriote<\/h3>\n\n\n\n<p>Opiskelemaan valitulta on mahdollista tietyin edellytyksin vaatia ote rikosrekisterist\u00e4 sosiaali- ja terveysalalla sek\u00e4 kasvatus- ja ohjausalalla.<\/p>\n\n\n\n<ul class=\"wp-block-list\">\n<li>Rikostaustaote voidaan edellytt\u00e4\u00e4, jos opiskelija toimii olennaisesti alaik\u00e4isten parissa esimerkiksi koulutusty\u00f6paikalla.<\/li>\n\n\n\n<li>Rikostaustaotetta ei pyydet\u00e4 hakuvaiheessa vaan tarvittaessa opintojen aikana.<\/li>\n\n\n\n<li>Opiskelija hankkii itse rikostaustaotteen.<\/li>\n\n\n\n<li>Opiskelija n\u00e4ytt\u00e4\u00e4 rikostaustaotteen koulutuksen j\u00e4rjest\u00e4j\u00e4lle (oppilaitokselle), ei koulutusty\u00f6paikalle.<\/li>\n<\/ul>\n\n\n\n<h3 class=\"wp-block-heading\">Huumausainetestaus<\/h3>\n\n\n\n<p>Huumausainetestaus on mahdollista tietyin edellytyksin.<\/p>\n\n\n\n<ul class=\"wp-block-list\">\n<li>Oppilaitos voi velvoittaa opiskelijaa esitt\u00e4m\u00e4\u00e4n huumausainetesti\u00e4 koskevan todistuksen, jos on perustelua aihetta ep\u00e4ill\u00e4, ett\u00e4 opiskelija on huumausaineiden vaikutuksen alaisena k\u00e4yt\u00e4nn\u00f6n teht\u00e4viss\u00e4 oppilaitoksessa, ty\u00f6paikalla tai muussa oppimisymp\u00e4rist\u00f6ss\u00e4 tai<\/li>\n\n\n\n<li>opiskelijalla on riippuvuus huumeista ja testaaminen on v\u00e4ltt\u00e4m\u00e4t\u00f6nt\u00e4 opiskelijan toimintakyvyn selvitt\u00e4miseksi ja<\/li>\n\n\n\n<li>opiskelija toimii teht\u00e4viss\u00e4, jotka edellytt\u00e4v\u00e4t erityist\u00e4 tarkkuutta, luotettavuutta, itsen\u00e4ist\u00e4 harkintakyky\u00e4 ja hyv\u00e4\u00e4 reagointikyky\u00e4 ja huumeiden vaikutuksen alaisena tai huumeista riippuvaisena toimiminen ko. teht\u00e4viss\u00e4 vakavasti vaarantaa opiskelijan itsens\u00e4 tai toisen henke\u00e4 tai terveytt\u00e4 tai liikenteen turvallisuutta tai salassapitos\u00e4\u00e4nn\u00f6ksin suojattujen tietojen suojaa ja eheytt\u00e4 tai merkitt\u00e4v\u00e4sti lis\u00e4\u00e4 huumaus- tai l\u00e4\u00e4keaineiden laittoman kaupan, hallussapidon, k\u00e4yt\u00f6n tai levi\u00e4misen riski\u00e4.<\/li>\n\n\n\n<li>Oppilaitoksella on kirjalliset toimintaohjeet opiskelijoiden p\u00e4ihteiden k\u00e4yt\u00f6n ehk\u00e4isemiseksi ja p\u00e4ihdeongelmiin puuttumiseksi.<\/li>\n\n\n\n<li>Hakuvaiheessa ei ole mahdollista m\u00e4\u00e4r\u00e4t\u00e4 huumausainetesteihin.<\/li>\n\n\n\n<li>Kaikkia opiskelijoita tai tietty\u00e4 opiskeluryhm\u00e4\u00e4 koskevia joukkotestauksia ei ole mahdollista tehd\u00e4.<\/li>\n<\/ul>\n\n\n\n<p class=\"is-style-boxed\">Terveydentila- ja toimintakykyvaatimukset perustuvat lakiin ammatillisesta koulutuksesta <br>531\/2017 \u00a7 40\u201341, 81\u201384 ja 93<\/p>\n","protected":false},"excerpt":{"rendered":"<p>Joissakin koulutuksissa on erityisi\u00e4 terveydentilavaatimuksia, jolloin hakijalta voidaan pyyt\u00e4\u00e4 selvityst\u00e4 terveydentilastaan hakuvaiheessa tai koulutuksen aikana.&nbsp; Terveydentilavaatimukset Ammattiopisto Tavastiassa erityiset terveydentilavaatimukset [&hellip;]<\/p>\n","protected":false},"author":6,"featured_media":0,"parent":132,"menu_order":0,"comment_status":"closed","ping_status":"closed","template":"","meta":{"_acf_changed":false,"_relevanssi_hide_post":"","_relevanssi_hide_content":"","_relevanssi_pin_for_all":"","_relevanssi_pin_keywords":"","_relevanssi_unpin_keywords":"","_relevanssi_related_keywords":"","_relevanssi_related_include_ids":"","_relevanssi_related_exclude_ids":"","_relevanssi_related_no_append":"","_relevanssi_related_not_related":"","_relevanssi_related_posts":"132,134,1115,14077,242,127","_relevanssi_noindex_reason":"","footnotes":""},"class_list":["post-991","page","type-page","status-publish","hentry"],"acf":[],"yoast_head":"<title>Terveydentilavaatimukset - Ammattiopisto Tavastia<\/title>\n<meta name=\"robots\" content=\"index, follow, max-snippet:-1, max-image-preview:large, max-video-preview:-1\" \/>\n<link rel=\"canonical\" href=\"https:\/\/www.kktavastia.fi\/ammattiopisto\/hakijalle\/yhteishaku\/terveydentilavaatimukset\/\" \/>\n<meta property=\"og:locale\" content=\"fi_FI\" \/>\n<meta property=\"og:type\" content=\"article\" \/>\n<meta property=\"og:title\" content=\"Terveydentilavaatimukset - Ammattiopisto Tavastia\" \/>\n<meta property=\"og:description\" content=\"Joissakin koulutuksissa on erityisi\u00e4 terveydentilavaatimuksia, jolloin hakijalta voidaan pyyt\u00e4\u00e4 selvityst\u00e4 terveydentilastaan hakuvaiheessa tai koulutuksen aikana.&nbsp; Terveydentilavaatimukset Ammattiopisto Tavastiassa erityiset terveydentilavaatimukset [&hellip;]\" \/>\n<meta property=\"og:url\" content=\"https:\/\/www.kktavastia.fi\/ammattiopisto\/hakijalle\/yhteishaku\/terveydentilavaatimukset\/\" \/>\n<meta property=\"og:site_name\" content=\"Ammattiopisto Tavastia\" \/>\n<meta property=\"article:modified_time\" content=\"2025-12-12T14:09:48+00:00\" \/>\n<meta name=\"twitter:card\" content=\"summary_large_image\" \/>\n<script type=\"application\/ld+json\" class=\"yoast-schema-graph\">{\"@context\":\"https:\\\/\\\/schema.org\",\"@graph\":[{\"@type\":\"WebPage\",\"@id\":\"https:\\\/\\\/www.kktavastia.fi\\\/ammattiopisto\\\/hakijalle\\\/yhteishaku\\\/terveydentilavaatimukset\\\/\",\"url\":\"https:\\\/\\\/www.kktavastia.fi\\\/ammattiopisto\\\/hakijalle\\\/yhteishaku\\\/terveydentilavaatimukset\\\/\",\"name\":\"Terveydentilavaatimukset - Ammattiopisto Tavastia\",\"isPartOf\":{\"@id\":\"https:\\\/\\\/www.kktavastia.fi\\\/ammattiopisto\\\/#website\"},\"datePublished\":\"2021-01-07T08:24:13+00:00\",\"dateModified\":\"2025-12-12T14:09:48+00:00\",\"breadcrumb\":{\"@id\":\"https:\\\/\\\/www.kktavastia.fi\\\/ammattiopisto\\\/hakijalle\\\/yhteishaku\\\/terveydentilavaatimukset\\\/#breadcrumb\"},\"inLanguage\":\"fi\",\"potentialAction\":[{\"@type\":\"ReadAction\",\"target\":[\"https:\\\/\\\/www.kktavastia.fi\\\/ammattiopisto\\\/hakijalle\\\/yhteishaku\\\/terveydentilavaatimukset\\\/\"]}]},{\"@type\":\"BreadcrumbList\",\"@id\":\"https:\\\/\\\/www.kktavastia.fi\\\/ammattiopisto\\\/hakijalle\\\/yhteishaku\\\/terveydentilavaatimukset\\\/#breadcrumb\",\"itemListElement\":[{\"@type\":\"ListItem\",\"position\":1,\"name\":\"Home\",\"item\":\"https:\\\/\\\/www.kktavastia.fi\\\/ammattiopisto\\\/\"},{\"@type\":\"ListItem\",\"position\":2,\"name\":\"Hakijalle\",\"item\":\"https:\\\/\\\/www.kktavastia.fi\\\/ammattiopisto\\\/hakijalle\\\/\"},{\"@type\":\"ListItem\",\"position\":3,\"name\":\"Yhteishaku\",\"item\":\"https:\\\/\\\/www.kktavastia.fi\\\/ammattiopisto\\\/hakijalle\\\/yhteishaku\\\/\"},{\"@type\":\"ListItem\",\"position\":4,\"name\":\"Terveydentilavaatimukset\"}]},{\"@type\":\"WebSite\",\"@id\":\"https:\\\/\\\/www.kktavastia.fi\\\/ammattiopisto\\\/#website\",\"url\":\"https:\\\/\\\/www.kktavastia.fi\\\/ammattiopisto\\\/\",\"name\":\"Ammattiopisto Tavastia\",\"description\":\"\",\"potentialAction\":[{\"@type\":\"SearchAction\",\"target\":{\"@type\":\"EntryPoint\",\"urlTemplate\":\"https:\\\/\\\/www.kktavastia.fi\\\/ammattiopisto\\\/?s={search_term_string}\"},\"query-input\":{\"@type\":\"PropertyValueSpecification\",\"valueRequired\":true,\"valueName\":\"search_term_string\"}}],\"inLanguage\":\"fi\"}]}<\/script>","yoast_head_json":{"title":"Terveydentilavaatimukset - Ammattiopisto Tavastia","robots":{"index":"index","follow":"follow","max-snippet":"max-snippet:-1","max-image-preview":"max-image-preview:large","max-video-preview":"max-video-preview:-1"},"canonical":"https:\/\/www.kktavastia.fi\/ammattiopisto\/hakijalle\/yhteishaku\/terveydentilavaatimukset\/","og_locale":"fi_FI","og_type":"article","og_title":"Terveydentilavaatimukset - Ammattiopisto Tavastia","og_description":"Joissakin koulutuksissa on erityisi\u00e4 terveydentilavaatimuksia, jolloin hakijalta voidaan pyyt\u00e4\u00e4 selvityst\u00e4 terveydentilastaan hakuvaiheessa tai koulutuksen aikana.&nbsp; Terveydentilavaatimukset Ammattiopisto Tavastiassa erityiset terveydentilavaatimukset [&hellip;]","og_url":"https:\/\/www.kktavastia.fi\/ammattiopisto\/hakijalle\/yhteishaku\/terveydentilavaatimukset\/","og_site_name":"Ammattiopisto Tavastia","article_modified_time":"2025-12-12T14:09:48+00:00","twitter_card":"summary_large_image","schema":{"@context":"https:\/\/schema.org","@graph":[{"@type":"WebPage","@id":"https:\/\/www.kktavastia.fi\/ammattiopisto\/hakijalle\/yhteishaku\/terveydentilavaatimukset\/","url":"https:\/\/www.kktavastia.fi\/ammattiopisto\/hakijalle\/yhteishaku\/terveydentilavaatimukset\/","name":"Terveydentilavaatimukset - Ammattiopisto Tavastia","isPartOf":{"@id":"https:\/\/www.kktavastia.fi\/ammattiopisto\/#website"},"datePublished":"2021-01-07T08:24:13+00:00","dateModified":"2025-12-12T14:09:48+00:00","breadcrumb":{"@id":"https:\/\/www.kktavastia.fi\/ammattiopisto\/hakijalle\/yhteishaku\/terveydentilavaatimukset\/#breadcrumb"},"inLanguage":"fi","potentialAction":[{"@type":"ReadAction","target":["https:\/\/www.kktavastia.fi\/ammattiopisto\/hakijalle\/yhteishaku\/terveydentilavaatimukset\/"]}]},{"@type":"BreadcrumbList","@id":"https:\/\/www.kktavastia.fi\/ammattiopisto\/hakijalle\/yhteishaku\/terveydentilavaatimukset\/#breadcrumb","itemListElement":[{"@type":"ListItem","position":1,"name":"Home","item":"https:\/\/www.kktavastia.fi\/ammattiopisto\/"},{"@type":"ListItem","position":2,"name":"Hakijalle","item":"https:\/\/www.kktavastia.fi\/ammattiopisto\/hakijalle\/"},{"@type":"ListItem","position":3,"name":"Yhteishaku","item":"https:\/\/www.kktavastia.fi\/ammattiopisto\/hakijalle\/yhteishaku\/"},{"@type":"ListItem","position":4,"name":"Terveydentilavaatimukset"}]},{"@type":"WebSite","@id":"https:\/\/www.kktavastia.fi\/ammattiopisto\/#website","url":"https:\/\/www.kktavastia.fi\/ammattiopisto\/","name":"Ammattiopisto Tavastia","description":"","potentialAction":[{"@type":"SearchAction","target":{"@type":"EntryPoint","urlTemplate":"https:\/\/www.kktavastia.fi\/ammattiopisto\/?s={search_term_string}"},"query-input":{"@type":"PropertyValueSpecification","valueRequired":true,"valueName":"search_term_string"}}],"inLanguage":"fi"}]}},"_links":{"self":[{"href":"https:\/\/www.kktavastia.fi\/ammattiopisto\/wp-json\/wp\/v2\/pages\/991","targetHints":{"allow":["GET"]}}],"collection":[{"href":"https:\/\/www.kktavastia.fi\/ammattiopisto\/wp-json\/wp\/v2\/pages"}],"about":[{"href":"https:\/\/www.kktavastia.fi\/ammattiopisto\/wp-json\/wp\/v2\/types\/page"}],"author":[{"embeddable":true,"href":"https:\/\/www.kktavastia.fi\/ammattiopisto\/wp-json\/wp\/v2\/users\/6"}],"replies":[{"embeddable":true,"href":"https:\/\/www.kktavastia.fi\/ammattiopisto\/wp-json\/wp\/v2\/comments?post=991"}],"version-history":[{"count":17,"href":"https:\/\/www.kktavastia.fi\/ammattiopisto\/wp-json\/wp\/v2\/pages\/991\/revisions"}],"predecessor-version":[{"id":134479,"href":"https:\/\/www.kktavastia.fi\/ammattiopisto\/wp-json\/wp\/v2\/pages\/991\/revisions\/134479"}],"up":[{"embeddable":true,"href":"https:\/\/www.kktavastia.fi\/ammattiopisto\/wp-json\/wp\/v2\/pages\/132"}],"wp:attachment":[{"href":"https:\/\/www.kktavastia.fi\/ammattiopisto\/wp-json\/wp\/v2\/media?parent=991"}],"curies":[{"name":"wp","href":"https:\/\/api.w.org\/{rel}","templated":true}]}}