{"id":946,"date":"2021-01-05T14:10:36","date_gmt":"2021-01-05T12:10:36","guid":{"rendered":"https:\/\/kktavastia.vaiheessa.fi\/ammattiopisto\/?page_id=946"},"modified":"2026-04-15T11:58:40","modified_gmt":"2026-04-15T08:58:40","slug":"hoks-ja-opiskelupolut","status":"publish","type":"page","link":"https:\/\/www.kktavastia.fi\/ammattiopisto\/opiskelijalle\/opiskelu\/hoks-ja-opiskelupolut\/","title":{"rendered":"HOKS ja opiskelupolut"},"content":{"rendered":"\n<p class=\"is-style-ingress\">Perus-, ammatti- ja erikoisammattitutkinnoissa jokaisella opiskelijalla on oma yksil\u00f6llinen opintopolku ja henkil\u00f6kohtaiset tavoitteet.<\/p>\n\n\n\n<h3 class=\"wp-block-heading\">Henkil\u00f6kohtainen osaamisen kehitt\u00e4missuunnitelma, HOKS<\/h3>\n\n\n\n<p>Heti opintojen alussa sinulle laaditaan Wilmassa HOKS, henkil\u00f6kohtainen osaamisen kehitt\u00e4missuunnitelma. HOKSissa tehd\u00e4\u00e4n suunnitelma opinnoistasi, oppimisen tavoista, ohjauksesta ja tuesta sek\u00e4 tehd\u00e4\u00e4n urasuunnitelma. My\u00f6s huoltajasi osallistuu suunnitelman laatimiseen. Suunnitelmaa p\u00e4ivitet\u00e4\u00e4n opiskelun aikana.<\/p>\n\n\n\n<p>Opiskelijoiden v\u00e4lisi\u00e4 oppimisen tapoja ja etenemist\u00e4 ei kannata verrata toisiinsa. Vaikka etenet oman suunnitelmasi mukaisesti, sinun ja kaikkien muidenkin opiskelijoiden osaamista verrataan tutkinnon perusteiden arviointikriteereihin, ei toisten opiskelijoiden osaamiseen.<\/p>\n\n\n\n<p>Sinulla on velvollisuus osallistua HOKSisi mukaiseen opetukseen. HOKSin mukaista opintojen etenemist\u00e4 seurataan. Jos opiskelusi on p\u00e4\u00e4toimista ja saat esimerkiksi Kelan opintotukea tai opiskelet ty\u00f6tt\u00f6myysetuudella tai ty\u00f6voimakoulutuksessa, tulee suorituksia olla v\u00e4hint\u00e4\u00e4n 4,5 osaamispistett\u00e4 kuukaudessa.<\/p>\n\n\n\n<p>Henkil\u00f6kohtaisesta osaamisen kehitt\u00e4missuunnitelmasta ja opintosuorituksista menee tietoja valtakunnalliseen <a href=\"https:\/\/opintopolku.fi\/oma-opintopolku\/\" target=\"_blank\" rel=\"noreferrer noopener\">Oma Opintopolku -palveluun<\/a>. Opintosuorituksesi siirtyv\u00e4t valtakunnalliseen Koski-palveluun. Omat opintosuoritukseni -osiossa voit tarkastella ja jakaa opintotietojasi (esim. ty\u00f6hakemuksen liitteeksi). eHOKS-osiossa n\u00e4et henkil\u00f6kohtaisen osaamisen kehitt\u00e4missuunnitelmasi ja linkin opintojen aloitus- sek\u00e4 p\u00e4\u00e4tt\u00f6kyselyihin. Oma Opintopolkuun kirjautumisessa k\u00e4ytet\u00e4\u00e4n suomi.fi -tunnistautumista, joten kirjautumista varten tarvitset pankkitunnukset, mobiilivarmenteen tai sirullisen henkil\u00f6kortin.<\/p>\n\n\n\n<h3 class=\"wp-block-heading\">Valinnaiset opinnot<\/h3>\n\n\n\n<p>Ammattiopisto Tavastiassa voit valita opintoja omien tavoitteidesi mukaisesti. Joissakin ammatillisissa tutkinnoissa voit valita osaamisalan opintojen alettua. Joillakin aloilla osaamisalan valintaan voi liitty\u00e4 erillinen hakeutuminen. Ammatillisia tutkinnon osia valitaan opintojen kuluessa. Valittavana on valinnaisia tutkinnon osia suoritettavasta tutkinnosta, kaikille tutkinnoille yhteisi\u00e4 valinnaisia tutkinnon osia tai voit valita tutkinnon osan toisesta tutkinnosta. Yhteisiss\u00e4 tutkinnon osissa valittavana on yhdeks\u00e4n osaamispisteen laajuiset valinnaiset opinnot.<\/p>\n\n\n\n<h3 class=\"wp-block-heading\">Opiskelupolut<\/h3>\n\n\n\n<p>Olemme suunnitelleet valmiiksi erilaisia polkuvaihtoehtoja, joiden perusteella voit tehd\u00e4 valintoja HOKSiisi.<\/p>\n\n\n\n<h4 class=\"wp-block-heading\">Jatko-opintopolku<\/h4>\n\n\n\n<p>Jatko-opintopolulla valmentaudut korkeakouluopintoihin. Opinnot helpottavat sinua korkeakoulun valintakokeissa ja opinnoissa p\u00e4rj\u00e4\u00e4misess\u00e4. Voit valita jatko-opintoja YTO-valinnaisiksi opinnoiksi yksitt\u00e4in tai 15 osaamispisteen kokonaisuutena.<\/p>\n\n\n\n<p>Lis\u00e4ksi Tavastiassa sinulla on mahdollisuus valita korkeakouluopintoja osaksi ammatillista perustutkintoasi. V\u00e4yl\u00e4opinnot toteutetaan H\u00e4meen ammattikorkeakoulussa.<\/p>\n\n\n\n<div class=\"wp-block-file\"><a id=\"wp-block-file--media-8a6322e8-597c-4385-ae61-f66a38070686\" href=\"https:\/\/www.kktavastia.fi\/media\/sites\/2\/jatko-opintopolku.pdf\">Jatko-opintopolku<\/a><a href=\"https:\/\/www.kktavastia.fi\/media\/sites\/2\/jatko-opintopolku.pdf\" class=\"wp-block-file__button wp-element-button\" download aria-describedby=\"wp-block-file--media-8a6322e8-597c-4385-ae61-f66a38070686\">Lataa PDF<\/a><\/div>\n\n\n\n<h4 class=\"wp-block-heading\">Joustava polku<\/h4>\n\n\n\n<p>Joustava polku on tarkoitettu sinulle, joka tarvitset erityist\u00e4 tukea opiskeluusi, joustavan opiskelusuunnitelman, uusia ratkaisuja opinnoissa jatkamiseen ja tukea opiskeluarkeesi. Tukenasi on OTE-paja, jossa erityisopettajat pohtivat kanssasi, millaisesta tuesta hy\u00f6dyt.<\/p>\n\n\n\n<div class=\"wp-block-file\"><a id=\"wp-block-file--media-c2d09c3d-02e1-4337-bf36-3e6fdecb2d68\" href=\"https:\/\/www.kktavastia.fi\/media\/sites\/2\/joustava-polku.pdf\">Joustava polku<\/a><a href=\"https:\/\/www.kktavastia.fi\/media\/sites\/2\/joustava-polku.pdf\" class=\"wp-block-file__button wp-element-button\" download aria-describedby=\"wp-block-file--media-c2d09c3d-02e1-4337-bf36-3e6fdecb2d68\">Lataa PDF<\/a><\/div>\n\n\n\n<h4 class=\"wp-block-heading\">Kaksoistutkintopolku<\/h4>\n\n\n\n<p>Kaksoistutkintopolulla (kahden tutkinnon polku) suoritat ammatillisen perustutkinnon ja ylioppilastutkinnon. Saat hyv\u00e4t tiedot ja taidot jatko-opintoihin. Suoritat ylioppilastutkinnon viidess\u00e4 aineessa. Kaksoistutkinto-opiskelussa suoritat osaamispisteit\u00e4 saman verran kuin pelk\u00e4st\u00e4\u00e4n perustutkinto-opiskelijana, sill\u00e4 lukio-opinnot sis\u00e4llytet\u00e4\u00e4n osaksi ammatillista perustutkintoa. Mahdollisuudesta kahden tutkinnon suorittamiseen tiedotetaan opintojen alettua.<\/p>\n\n\n\n<div class=\"wp-block-file\"><a id=\"wp-block-file--media-451ad0df-03c3-4caf-9cf9-6f354797e043\" href=\"https:\/\/www.kktavastia.fi\/media\/sites\/2\/kaksoistutkintopolku.pdf\">Kaksoistutkintopolku<\/a><a href=\"https:\/\/www.kktavastia.fi\/media\/sites\/2\/kaksoistutkintopolku.pdf\" class=\"wp-block-file__button wp-element-button\" download aria-describedby=\"wp-block-file--media-451ad0df-03c3-4caf-9cf9-6f354797e043\">Lataa<\/a><\/div>\n\n\n\n<h4 class=\"wp-block-heading\">Kansainv\u00e4lisyyspolku<\/h4>\n\n\n\n<p>Haluatko opiskeluaikanasi saada kokemusta kansainv\u00e4lisyydest\u00e4? KV-polulla p\u00e4\u00e4set tutustumaan omaan alaasi kansainv\u00e4lisess\u00e4 ymp\u00e4rist\u00f6ss\u00e4.<\/p>\n\n\n\n<div class=\"wp-block-file\"><a id=\"wp-block-file--media-33ebf5b1-43f4-47bc-9401-6b13ef86cfcd\" href=\"https:\/\/www.kktavastia.fi\/media\/sites\/2\/kansainvalisyyspolku.pdf\">Kansainv\u00e4lisyyspolku<\/a><a href=\"https:\/\/www.kktavastia.fi\/media\/sites\/2\/kansainvalisyyspolku.pdf\" class=\"wp-block-file__button wp-element-button\" download aria-describedby=\"wp-block-file--media-33ebf5b1-43f4-47bc-9401-6b13ef86cfcd\">Lataa PDF<\/a><\/div>\n\n\n\n<h4 class=\"wp-block-heading\">Kest\u00e4v\u00e4n tulevaisuuden polku<\/h4>\n\n\n\n<p>Tulevaisuuden osaamiseen ja ammattitaitoon liittyy aina vaan vahvemmin vastuullisuus ja kest\u00e4v\u00e4 toiminta kaikessa tekemisess\u00e4. Kest\u00e4v\u00e4ll\u00e4 polulla kohtaat kest\u00e4v\u00e4n kehityksen eri ulottuvuudet, sis\u00e4ist\u00e4t kest\u00e4v\u00e4n el\u00e4m\u00e4ntavan merkityksen ja perehdyt mm. oman alasi ymp\u00e4rist\u00f6vaikutuksiin sek\u00e4 kierr\u00e4tyksen ja kiertotalouden merkitykseen luonnonvarojen ja materiaalien kest\u00e4v\u00e4ss\u00e4 k\u00e4yt\u00f6ss\u00e4.<\/p>\n\n\n\n<p>Ammattiopisto Tavastialla on OKKA-s\u00e4\u00e4ti\u00f6n my\u00f6nt\u00e4m\u00e4 Oppilaitosten kest\u00e4v\u00e4n kehityksen sertifikaatti.<\/p>\n\n\n\n<div class=\"wp-block-file\"><a id=\"wp-block-file--media-cb6cc54e-7b9f-46d8-af3c-aedfc263390f\" href=\"https:\/\/www.kktavastia.fi\/media\/sites\/2\/kestavan-tulevaisuuden-polku-2.pdf\">Kest\u00e4v\u00e4n tulevaisuuden polku <\/a><a href=\"https:\/\/www.kktavastia.fi\/media\/sites\/2\/kestavan-tulevaisuuden-polku-2.pdf\" class=\"wp-block-file__button wp-element-button\" download aria-describedby=\"wp-block-file--media-cb6cc54e-7b9f-46d8-af3c-aedfc263390f\">Lataa PDF<\/a><\/div>\n\n\n\n<h4 class=\"wp-block-heading\">Kilpaurheilupolku<\/h4>\n\n\n\n<p>Ammattiopisto Tavastian opiskelijoilla on mahdollisuus hakea Urheiluakatemia Tavastian koordinoimaan kilpaurheiluvalmennukseen. Valmennusta toteutetaan yhdess\u00e4 Lyseon lukion urheilulinjan kanssa. Valmennukseen pyrkivien tulee olla lajissaan hyv\u00e4\u00e4 kansallista tasoa. Urheiluakatemian koordinaattori tekee valinnat yhdess\u00e4 lajivalmentajien kanssa hakemusten perusteella. Tarvittaessa voidaan haastatella urheilijaa ja\/tai h\u00e4nen henkil\u00f6kohtaista valmentajaansa. Kilpaurheiluvalmennuksesta voit saada osaamispisteit\u00e4 henkil\u00f6kohtaisen osaamisen kehitt\u00e4missuunnitelman mukaisesti.<\/p>\n\n\n\n<p>Lis\u00e4tietoja <a href=\"http:\/\/kktavastia.fi\/tietoa-tavastiasta\/urheiluakatemia-tavastia\">Urheiluakatemia Tavastiasta<\/a>.  <\/p>\n\n\n\n<div class=\"wp-block-file\"><a id=\"wp-block-file--media-f5a7fae3-803b-44f8-802e-220ad2bec574\" href=\"https:\/\/www.kktavastia.fi\/media\/sites\/2\/kilpaurheilupolku.pdf\">Kilpaurheilupolku<\/a><a href=\"https:\/\/www.kktavastia.fi\/media\/sites\/2\/kilpaurheilupolku.pdf\" class=\"wp-block-file__button wp-element-button\" download aria-describedby=\"wp-block-file--media-f5a7fae3-803b-44f8-802e-220ad2bec574\">Lataa PDF<\/a><\/div>\n\n\n\n<h4 class=\"wp-block-heading\">S2-polku<\/h4>\n\n\n\n<p>S2-polku on opiskelijalle, joka tarvitsee tukea suomen kieless\u00e4 ja opiskelun taidoissa. S2-polulla opiskelet YTO-opintoja omassa ryhm\u00e4ss\u00e4 tai integroidusti YTO-pajassa. S2-polulla korostuvat selkokielinen opetus ja materiaali.<\/p>\n\n\n\n<div class=\"wp-block-file\"><a id=\"wp-block-file--media-96cc593d-8446-43c3-a6a6-41ae4328ca65\" href=\"https:\/\/www.kktavastia.fi\/media\/sites\/2\/s2-polku.pdf\">S2-polku<\/a><a href=\"https:\/\/www.kktavastia.fi\/media\/sites\/2\/s2-polku.pdf\" class=\"wp-block-file__button wp-element-button\" download aria-describedby=\"wp-block-file--media-96cc593d-8446-43c3-a6a6-41ae4328ca65\">Lataa PDF<\/a><\/div>\n\n\n\n<h4 class=\"wp-block-heading\">Taitaja-polku<\/h4>\n\n\n\n<p>Haluatko saada uusia kokemuksia ja osallistua ammattitaidon suomenmestaruuskilpailuihin? Taitaja-polku on mahdollisuus valmentautua Taitaja-kilpailuihin osana ammatillisen perustutkinnon opintojasi. Lis\u00e4ksi tulevat ty\u00f6nantajasi arvostavat my\u00f6s saamaasi kisakokemusta \u2013 Taitaja n\u00e4ytt\u00e4\u00e4 hyv\u00e4lt\u00e4 CV:ss\u00e4. Kilpailuun on yl\u00e4ik\u00e4raja, voit kilpailuvuonna olla korkeintaan 21-vuotias.<\/p>\n\n\n\n<div class=\"wp-block-file\"><a id=\"wp-block-file--media-df30a797-c8c0-429c-b9b1-51eadcae8d92\" href=\"https:\/\/www.kktavastia.fi\/media\/sites\/2\/taitajapolku.pdf\">Taitajapolku<\/a><a href=\"https:\/\/www.kktavastia.fi\/media\/sites\/2\/taitajapolku.pdf\" class=\"wp-block-file__button wp-element-button\" download aria-describedby=\"wp-block-file--media-df30a797-c8c0-429c-b9b1-51eadcae8d92\">Lataa PDF<\/a><\/div>\n\n\n\n<h4 class=\"wp-block-heading\">Yritt\u00e4jyyspolku<\/h4>\n\n\n\n<p>Yritt\u00e4jyyspolulla saat innostavassa opiskelijaporukassa tietoa ja omakohtaista kokemusta yritt\u00e4jyydest\u00e4. Sinua kannustetaan l\u00f6yt\u00e4m\u00e4\u00e4n oma polkusi ty\u00f6el\u00e4m\u00e4\u00e4n ja saat valmennusta, jos haaveesi on oman yrityksen perustaminen.<\/p>\n\n\n\n<div class=\"wp-block-file\"><a id=\"wp-block-file--media-c8199804-ed0e-4d67-90f0-dfa81d5318fc\" href=\"https:\/\/www.kktavastia.fi\/media\/sites\/2\/yrittajyyspolku-2.pdf\">Yritt\u00e4jyyspolku <\/a><a href=\"https:\/\/www.kktavastia.fi\/media\/sites\/2\/yrittajyyspolku-2.pdf\" class=\"wp-block-file__button wp-element-button\" download aria-describedby=\"wp-block-file--media-c8199804-ed0e-4d67-90f0-dfa81d5318fc\">Lataa PDF<\/a><\/div>\n\n\n\n<p><\/p>\n","protected":false},"excerpt":{"rendered":"<p>Perus-, ammatti- ja erikoisammattitutkinnoissa jokaisella opiskelijalla on oma yksil\u00f6llinen opintopolku ja henkil\u00f6kohtaiset tavoitteet. Henkil\u00f6kohtainen osaamisen kehitt\u00e4missuunnitelma, HOKS Heti opintojen alussa [&hellip;]<\/p>\n","protected":false},"author":6,"featured_media":0,"parent":1063,"menu_order":2,"comment_status":"closed","ping_status":"closed","template":"","meta":{"_acf_changed":false,"_relevanssi_hide_post":"","_relevanssi_hide_content":"","_relevanssi_pin_for_all":"","_relevanssi_pin_keywords":"","_relevanssi_unpin_keywords":"","_relevanssi_related_keywords":"","_relevanssi_related_include_ids":"","_relevanssi_related_exclude_ids":"","_relevanssi_related_no_append":"","_relevanssi_related_not_related":"","_relevanssi_related_posts":"1063,1356,132,1131,14077,1029","_relevanssi_noindex_reason":"","footnotes":""},"class_list":["post-946","page","type-page","status-publish","hentry"],"acf":[],"yoast_head":"<title>Oma opintopolku | Ammattiopisto Tavastia | HOKS ja yksil\u00f6illiset polut<\/title>\n<meta name=\"description\" content=\"Oma opintopolku Ammattiopisto Tavastiassa.\" \/>\n<meta name=\"robots\" content=\"index, follow, max-snippet:-1, max-image-preview:large, max-video-preview:-1\" \/>\n<link rel=\"canonical\" href=\"https:\/\/www.kktavastia.fi\/ammattiopisto\/opiskelijalle\/opiskelu\/hoks-ja-opiskelupolut\/\" \/>\n<meta property=\"og:locale\" content=\"fi_FI\" \/>\n<meta property=\"og:type\" content=\"article\" \/>\n<meta property=\"og:title\" content=\"Oma opintopolku | Ammattiopisto Tavastia | HOKS ja yksil\u00f6illiset polut\" \/>\n<meta property=\"og:description\" content=\"Oma opintopolku Ammattiopisto Tavastiassa.\" \/>\n<meta property=\"og:url\" content=\"https:\/\/www.kktavastia.fi\/ammattiopisto\/opiskelijalle\/opiskelu\/hoks-ja-opiskelupolut\/\" \/>\n<meta property=\"og:site_name\" content=\"Ammattiopisto Tavastia\" \/>\n<meta property=\"article:modified_time\" content=\"2026-04-15T08:58:40+00:00\" \/>\n<meta name=\"twitter:card\" content=\"summary_large_image\" \/>\n<script type=\"application\/ld+json\" class=\"yoast-schema-graph\">{\"@context\":\"https:\\\/\\\/schema.org\",\"@graph\":[{\"@type\":\"WebPage\",\"@id\":\"https:\\\/\\\/www.kktavastia.fi\\\/ammattiopisto\\\/opiskelijalle\\\/opiskelu\\\/hoks-ja-opiskelupolut\\\/\",\"url\":\"https:\\\/\\\/www.kktavastia.fi\\\/ammattiopisto\\\/opiskelijalle\\\/opiskelu\\\/hoks-ja-opiskelupolut\\\/\",\"name\":\"Oma opintopolku | Ammattiopisto Tavastia | HOKS ja yksil\u00f6illiset polut\",\"isPartOf\":{\"@id\":\"https:\\\/\\\/www.kktavastia.fi\\\/ammattiopisto\\\/#website\"},\"datePublished\":\"2021-01-05T12:10:36+00:00\",\"dateModified\":\"2026-04-15T08:58:40+00:00\",\"description\":\"Oma opintopolku Ammattiopisto Tavastiassa.\",\"breadcrumb\":{\"@id\":\"https:\\\/\\\/www.kktavastia.fi\\\/ammattiopisto\\\/opiskelijalle\\\/opiskelu\\\/hoks-ja-opiskelupolut\\\/#breadcrumb\"},\"inLanguage\":\"fi\",\"potentialAction\":[{\"@type\":\"ReadAction\",\"target\":[\"https:\\\/\\\/www.kktavastia.fi\\\/ammattiopisto\\\/opiskelijalle\\\/opiskelu\\\/hoks-ja-opiskelupolut\\\/\"]}]},{\"@type\":\"BreadcrumbList\",\"@id\":\"https:\\\/\\\/www.kktavastia.fi\\\/ammattiopisto\\\/opiskelijalle\\\/opiskelu\\\/hoks-ja-opiskelupolut\\\/#breadcrumb\",\"itemListElement\":[{\"@type\":\"ListItem\",\"position\":1,\"name\":\"Home\",\"item\":\"https:\\\/\\\/www.kktavastia.fi\\\/ammattiopisto\\\/\"},{\"@type\":\"ListItem\",\"position\":2,\"name\":\"Opiskelijalle\",\"item\":\"https:\\\/\\\/www.kktavastia.fi\\\/ammattiopisto\\\/opiskelijalle\\\/\"},{\"@type\":\"ListItem\",\"position\":3,\"name\":\"Opiskelu\",\"item\":\"https:\\\/\\\/www.kktavastia.fi\\\/ammattiopisto\\\/opiskelijalle\\\/opiskelu\\\/\"},{\"@type\":\"ListItem\",\"position\":4,\"name\":\"HOKS ja opiskelupolut\"}]},{\"@type\":\"WebSite\",\"@id\":\"https:\\\/\\\/www.kktavastia.fi\\\/ammattiopisto\\\/#website\",\"url\":\"https:\\\/\\\/www.kktavastia.fi\\\/ammattiopisto\\\/\",\"name\":\"Ammattiopisto Tavastia\",\"description\":\"\",\"potentialAction\":[{\"@type\":\"SearchAction\",\"target\":{\"@type\":\"EntryPoint\",\"urlTemplate\":\"https:\\\/\\\/www.kktavastia.fi\\\/ammattiopisto\\\/?s={search_term_string}\"},\"query-input\":{\"@type\":\"PropertyValueSpecification\",\"valueRequired\":true,\"valueName\":\"search_term_string\"}}],\"inLanguage\":\"fi\"}]}<\/script>","yoast_head_json":{"title":"Oma opintopolku | Ammattiopisto Tavastia | HOKS ja yksil\u00f6illiset polut","description":"Oma opintopolku Ammattiopisto Tavastiassa.","robots":{"index":"index","follow":"follow","max-snippet":"max-snippet:-1","max-image-preview":"max-image-preview:large","max-video-preview":"max-video-preview:-1"},"canonical":"https:\/\/www.kktavastia.fi\/ammattiopisto\/opiskelijalle\/opiskelu\/hoks-ja-opiskelupolut\/","og_locale":"fi_FI","og_type":"article","og_title":"Oma opintopolku | Ammattiopisto Tavastia | HOKS ja yksil\u00f6illiset polut","og_description":"Oma opintopolku Ammattiopisto Tavastiassa.","og_url":"https:\/\/www.kktavastia.fi\/ammattiopisto\/opiskelijalle\/opiskelu\/hoks-ja-opiskelupolut\/","og_site_name":"Ammattiopisto Tavastia","article_modified_time":"2026-04-15T08:58:40+00:00","twitter_card":"summary_large_image","schema":{"@context":"https:\/\/schema.org","@graph":[{"@type":"WebPage","@id":"https:\/\/www.kktavastia.fi\/ammattiopisto\/opiskelijalle\/opiskelu\/hoks-ja-opiskelupolut\/","url":"https:\/\/www.kktavastia.fi\/ammattiopisto\/opiskelijalle\/opiskelu\/hoks-ja-opiskelupolut\/","name":"Oma opintopolku | Ammattiopisto Tavastia | HOKS ja yksil\u00f6illiset polut","isPartOf":{"@id":"https:\/\/www.kktavastia.fi\/ammattiopisto\/#website"},"datePublished":"2021-01-05T12:10:36+00:00","dateModified":"2026-04-15T08:58:40+00:00","description":"Oma opintopolku Ammattiopisto Tavastiassa.","breadcrumb":{"@id":"https:\/\/www.kktavastia.fi\/ammattiopisto\/opiskelijalle\/opiskelu\/hoks-ja-opiskelupolut\/#breadcrumb"},"inLanguage":"fi","potentialAction":[{"@type":"ReadAction","target":["https:\/\/www.kktavastia.fi\/ammattiopisto\/opiskelijalle\/opiskelu\/hoks-ja-opiskelupolut\/"]}]},{"@type":"BreadcrumbList","@id":"https:\/\/www.kktavastia.fi\/ammattiopisto\/opiskelijalle\/opiskelu\/hoks-ja-opiskelupolut\/#breadcrumb","itemListElement":[{"@type":"ListItem","position":1,"name":"Home","item":"https:\/\/www.kktavastia.fi\/ammattiopisto\/"},{"@type":"ListItem","position":2,"name":"Opiskelijalle","item":"https:\/\/www.kktavastia.fi\/ammattiopisto\/opiskelijalle\/"},{"@type":"ListItem","position":3,"name":"Opiskelu","item":"https:\/\/www.kktavastia.fi\/ammattiopisto\/opiskelijalle\/opiskelu\/"},{"@type":"ListItem","position":4,"name":"HOKS ja opiskelupolut"}]},{"@type":"WebSite","@id":"https:\/\/www.kktavastia.fi\/ammattiopisto\/#website","url":"https:\/\/www.kktavastia.fi\/ammattiopisto\/","name":"Ammattiopisto Tavastia","description":"","potentialAction":[{"@type":"SearchAction","target":{"@type":"EntryPoint","urlTemplate":"https:\/\/www.kktavastia.fi\/ammattiopisto\/?s={search_term_string}"},"query-input":{"@type":"PropertyValueSpecification","valueRequired":true,"valueName":"search_term_string"}}],"inLanguage":"fi"}]}},"_links":{"self":[{"href":"https:\/\/www.kktavastia.fi\/ammattiopisto\/wp-json\/wp\/v2\/pages\/946","targetHints":{"allow":["GET"]}}],"collection":[{"href":"https:\/\/www.kktavastia.fi\/ammattiopisto\/wp-json\/wp\/v2\/pages"}],"about":[{"href":"https:\/\/www.kktavastia.fi\/ammattiopisto\/wp-json\/wp\/v2\/types\/page"}],"author":[{"embeddable":true,"href":"https:\/\/www.kktavastia.fi\/ammattiopisto\/wp-json\/wp\/v2\/users\/6"}],"replies":[{"embeddable":true,"href":"https:\/\/www.kktavastia.fi\/ammattiopisto\/wp-json\/wp\/v2\/comments?post=946"}],"version-history":[{"count":25,"href":"https:\/\/www.kktavastia.fi\/ammattiopisto\/wp-json\/wp\/v2\/pages\/946\/revisions"}],"predecessor-version":[{"id":155133,"href":"https:\/\/www.kktavastia.fi\/ammattiopisto\/wp-json\/wp\/v2\/pages\/946\/revisions\/155133"}],"up":[{"embeddable":true,"href":"https:\/\/www.kktavastia.fi\/ammattiopisto\/wp-json\/wp\/v2\/pages\/1063"}],"wp:attachment":[{"href":"https:\/\/www.kktavastia.fi\/ammattiopisto\/wp-json\/wp\/v2\/media?parent=946"}],"curies":[{"name":"wp","href":"https:\/\/api.w.org\/{rel}","templated":true}]}}