{"id":936,"date":"2021-01-05T14:01:02","date_gmt":"2021-01-05T12:01:02","guid":{"rendered":"https:\/\/kktavastia.vaiheessa.fi\/ammattiopisto\/?page_id=936"},"modified":"2026-03-23T13:31:53","modified_gmt":"2026-03-23T11:31:53","slug":"kaksoistutkinto","status":"publish","type":"page","link":"https:\/\/www.kktavastia.fi\/ammattiopisto\/hakijalle\/yhteishaku\/kaksoistutkinto\/","title":{"rendered":"Kaksoistutkinto"},"content":{"rendered":"\n<p class=\"is-style-ingress\">Ammattiopisto Tavastian opiskelijoilla on mahdollisuus opiskella ammatillisen perustutkinnon ohella lukio-opintoja eli suorittaa kaksoistutkinto.<\/p>\n\n\n\n<h3 class=\"wp-block-heading\">Kaksoistutkinto on mahdollinen seuraavissa tutkinnoissa:<\/h3>\n\n\n\n<ul class=\"wp-block-list\">\n<li>Ajoneuvoalan perustutkinto<\/li>\n\n\n\n<li>Elintarvikealan perustutkinto<\/li>\n\n\n\n<li>Hius- ja kauneudenhoitoalan perustutkinto<\/li>\n\n\n\n<li>Kasvatus- ja ohjausalan perustutkinto<\/li>\n\n\n\n<li>Kone- ja tuotantotekniikan perustutkinto<\/li>\n\n\n\n<li>Liiketoiminnan perustutkinto<\/li>\n\n\n\n<li>Matkailualan perustutkinto<\/li>\n\n\n\n<li>Pintak\u00e4sittelyalan perustutkinto<\/li>\n\n\n\n<li>Puhtaus- ja kiinteist\u00f6palvelualan perustutkinto<\/li>\n\n\n\n<li>Rakennusalan perustutkinto<\/li>\n\n\n\n<li>Ravintola- ja catering-alan perustutkinto<\/li>\n\n\n\n<li>Sosiaali- ja terveysalan perustutkinto <\/li>\n\n\n\n<li>S\u00e4hk\u00f6- ja automaatioalan perustutkinto<\/li>\n\n\n\n<li>Taideteollisuusalan perustutkinto<\/li>\n\n\n\n<li>Talotekniikan perustutkinto<\/li>\n\n\n\n<li>Tekstiili- ja muotialan perustutkinto<\/li>\n\n\n\n<li>Tieto- ja viestint\u00e4tekniikan perustutkinto<\/li>\n<\/ul>\n\n\n\n<h3 class=\"wp-block-heading\">Kuka voi hakea kaksoistutkintoon?<\/h3>\n\n\n\n<p>Kaksoistutkintoon voi hakea, kun on ensin valittu yhteishaussa\u00a0johonkin Ammattiopisto Tavastian yll\u00e4 mainittuun perustutkintoon.<\/p>\n\n\n\n<p>Valittaessa opiskelijoita kahden tutkinnon suorittamiseen,&nbsp;hakijan tulisi t\u00e4ytt\u00e4\u00e4 my\u00f6s lukiokoulutuksen valintaperusteet. Koulutuskuntayhtym\u00e4 Tavastiassa lukiokoulutuksen keskiarvorajaksi on asetettu 7.0. Keskiarvo lasketaan seuraavista peruskoulun p\u00e4\u00e4tt\u00f6todistuksen arvosanoista: \u00e4idinkieli ja kirjallisuus, toinen kotimainen kieli, vieraat kielet, uskonto tai el\u00e4m\u00e4nkatsomustieto, historia, yhteiskuntaoppi, matematiikka, fysiikka, kemia, biologia, terveystieto ja maantieto.<\/p>\n\n\n\n<p>Hakija voi ilmoittaa alustavan kiinnostuksensa kaksoistutkinnon suorittamiseen Opintopolku-hakuj\u00e4rjestelm\u00e4ss\u00e4&nbsp;hakiessaan yhteishaussa.<\/p>\n\n\n\n<p>Kun opiskelupaikka on varmistunut, opiskelija t\u00e4ytt\u00e4\u00e4 viel\u00e4 erillisen lomakkeen, jolla h\u00e4n ilmoittautuu kaksoistutkintoon. <a href=\"https:\/\/www.kktavastia.fi\/ammattiopisto\/opiskelijalle\/uudelle-opiskelijalle\/\">Lomake l\u00f6ytyy nettisivuiltamme<\/a>.<\/p>\n\n\n\n<p>Heti opintojen alussa, elokuussa j\u00e4rjestet\u00e4\u00e4n infotilaisuus kaksoistutkinto-opinnoista ilmoittautuneille sek\u00e4 niille, jotka viel\u00e4 t\u00e4ss\u00e4 vaiheessa kiinnostuivat kaksoistutkinto-opinnoista. Lopullinen valinta kahden tutkinnon suorittamiseen tehd\u00e4\u00e4n infotilaisuuden j\u00e4lkeen.<\/p>\n\n\n\n<p>Kilpaurheilupolun opiskelijat eiv\u00e4t voi valita kaksoistutkinto-opintoja.<\/p>\n\n\n\n<h3 class=\"wp-block-heading\">Katso video kaksoistutkinto-opiskelijoiden kokemuksista!<\/h3>\n\n\n\n<figure class=\"wp-block-embed is-type-video is-provider-youtube wp-block-embed-youtube wp-embed-aspect-9-16 wp-has-aspect-ratio\"><div class=\"wp-block-embed__wrapper\">\n<div data-service=\"315292967\" data-id=\"315292967\" data-title=\"T\u00e4m\u00e4 upote saattaa k\u00e4ytt\u00e4\u00e4 ev\u00e4steit\u00e4\" data-autoscale><\/div>\n<\/div><\/figure>\n","protected":false},"excerpt":{"rendered":"<p>Ammattiopisto Tavastian opiskelijoilla on mahdollisuus opiskella ammatillisen perustutkinnon ohella lukio-opintoja eli suorittaa kaksoistutkinto. Kaksoistutkinto on mahdollinen seuraavissa tutkinnoissa: Kuka voi [&hellip;]<\/p>\n","protected":false},"author":6,"featured_media":0,"parent":132,"menu_order":0,"comment_status":"closed","ping_status":"closed","template":"","meta":{"_acf_changed":false,"_relevanssi_hide_post":"","_relevanssi_hide_content":"","_relevanssi_pin_for_all":"","_relevanssi_pin_keywords":"kaksoistutkinto, kaksari","_relevanssi_unpin_keywords":"","_relevanssi_related_keywords":"","_relevanssi_related_include_ids":"","_relevanssi_related_exclude_ids":"","_relevanssi_related_no_append":"","_relevanssi_related_not_related":"","_relevanssi_related_posts":"132,946,15408,1115,40171,147","_relevanssi_noindex_reason":"","footnotes":""},"class_list":["post-936","page","type-page","status-publish","hentry"],"acf":[],"yoast_head":"<title>Kaksoistutkinto - Ammattiopisto Tavastia<\/title>\n<meta name=\"robots\" content=\"index, follow, max-snippet:-1, max-image-preview:large, max-video-preview:-1\" \/>\n<link rel=\"canonical\" href=\"https:\/\/www.kktavastia.fi\/ammattiopisto\/hakijalle\/yhteishaku\/kaksoistutkinto\/\" \/>\n<meta property=\"og:locale\" content=\"fi_FI\" \/>\n<meta property=\"og:type\" content=\"article\" \/>\n<meta property=\"og:title\" content=\"Kaksoistutkinto - Ammattiopisto Tavastia\" \/>\n<meta property=\"og:description\" content=\"Ammattiopisto Tavastian opiskelijoilla on mahdollisuus opiskella ammatillisen perustutkinnon ohella lukio-opintoja eli suorittaa kaksoistutkinto. Kaksoistutkinto on mahdollinen seuraavissa tutkinnoissa: Kuka voi [&hellip;]\" \/>\n<meta property=\"og:url\" content=\"https:\/\/www.kktavastia.fi\/ammattiopisto\/hakijalle\/yhteishaku\/kaksoistutkinto\/\" \/>\n<meta property=\"og:site_name\" content=\"Ammattiopisto Tavastia\" \/>\n<meta property=\"article:modified_time\" content=\"2026-03-23T11:31:53+00:00\" \/>\n<meta name=\"twitter:card\" content=\"summary_large_image\" \/>\n<script type=\"application\/ld+json\" class=\"yoast-schema-graph\">{\"@context\":\"https:\\\/\\\/schema.org\",\"@graph\":[{\"@type\":\"WebPage\",\"@id\":\"https:\\\/\\\/www.kktavastia.fi\\\/ammattiopisto\\\/hakijalle\\\/yhteishaku\\\/kaksoistutkinto\\\/\",\"url\":\"https:\\\/\\\/www.kktavastia.fi\\\/ammattiopisto\\\/hakijalle\\\/yhteishaku\\\/kaksoistutkinto\\\/\",\"name\":\"Kaksoistutkinto - Ammattiopisto Tavastia\",\"isPartOf\":{\"@id\":\"https:\\\/\\\/www.kktavastia.fi\\\/ammattiopisto\\\/#website\"},\"datePublished\":\"2021-01-05T12:01:02+00:00\",\"dateModified\":\"2026-03-23T11:31:53+00:00\",\"breadcrumb\":{\"@id\":\"https:\\\/\\\/www.kktavastia.fi\\\/ammattiopisto\\\/hakijalle\\\/yhteishaku\\\/kaksoistutkinto\\\/#breadcrumb\"},\"inLanguage\":\"fi\",\"potentialAction\":[{\"@type\":\"ReadAction\",\"target\":[\"https:\\\/\\\/www.kktavastia.fi\\\/ammattiopisto\\\/hakijalle\\\/yhteishaku\\\/kaksoistutkinto\\\/\"]}]},{\"@type\":\"BreadcrumbList\",\"@id\":\"https:\\\/\\\/www.kktavastia.fi\\\/ammattiopisto\\\/hakijalle\\\/yhteishaku\\\/kaksoistutkinto\\\/#breadcrumb\",\"itemListElement\":[{\"@type\":\"ListItem\",\"position\":1,\"name\":\"Home\",\"item\":\"https:\\\/\\\/www.kktavastia.fi\\\/ammattiopisto\\\/\"},{\"@type\":\"ListItem\",\"position\":2,\"name\":\"Hakijalle\",\"item\":\"https:\\\/\\\/www.kktavastia.fi\\\/ammattiopisto\\\/hakijalle\\\/\"},{\"@type\":\"ListItem\",\"position\":3,\"name\":\"Yhteishaku\",\"item\":\"https:\\\/\\\/www.kktavastia.fi\\\/ammattiopisto\\\/hakijalle\\\/yhteishaku\\\/\"},{\"@type\":\"ListItem\",\"position\":4,\"name\":\"Kaksoistutkinto\"}]},{\"@type\":\"WebSite\",\"@id\":\"https:\\\/\\\/www.kktavastia.fi\\\/ammattiopisto\\\/#website\",\"url\":\"https:\\\/\\\/www.kktavastia.fi\\\/ammattiopisto\\\/\",\"name\":\"Ammattiopisto Tavastia\",\"description\":\"\",\"potentialAction\":[{\"@type\":\"SearchAction\",\"target\":{\"@type\":\"EntryPoint\",\"urlTemplate\":\"https:\\\/\\\/www.kktavastia.fi\\\/ammattiopisto\\\/?s={search_term_string}\"},\"query-input\":{\"@type\":\"PropertyValueSpecification\",\"valueRequired\":true,\"valueName\":\"search_term_string\"}}],\"inLanguage\":\"fi\"}]}<\/script>","yoast_head_json":{"title":"Kaksoistutkinto - Ammattiopisto Tavastia","robots":{"index":"index","follow":"follow","max-snippet":"max-snippet:-1","max-image-preview":"max-image-preview:large","max-video-preview":"max-video-preview:-1"},"canonical":"https:\/\/www.kktavastia.fi\/ammattiopisto\/hakijalle\/yhteishaku\/kaksoistutkinto\/","og_locale":"fi_FI","og_type":"article","og_title":"Kaksoistutkinto - Ammattiopisto Tavastia","og_description":"Ammattiopisto Tavastian opiskelijoilla on mahdollisuus opiskella ammatillisen perustutkinnon ohella lukio-opintoja eli suorittaa kaksoistutkinto. Kaksoistutkinto on mahdollinen seuraavissa tutkinnoissa: Kuka voi [&hellip;]","og_url":"https:\/\/www.kktavastia.fi\/ammattiopisto\/hakijalle\/yhteishaku\/kaksoistutkinto\/","og_site_name":"Ammattiopisto Tavastia","article_modified_time":"2026-03-23T11:31:53+00:00","twitter_card":"summary_large_image","schema":{"@context":"https:\/\/schema.org","@graph":[{"@type":"WebPage","@id":"https:\/\/www.kktavastia.fi\/ammattiopisto\/hakijalle\/yhteishaku\/kaksoistutkinto\/","url":"https:\/\/www.kktavastia.fi\/ammattiopisto\/hakijalle\/yhteishaku\/kaksoistutkinto\/","name":"Kaksoistutkinto - Ammattiopisto Tavastia","isPartOf":{"@id":"https:\/\/www.kktavastia.fi\/ammattiopisto\/#website"},"datePublished":"2021-01-05T12:01:02+00:00","dateModified":"2026-03-23T11:31:53+00:00","breadcrumb":{"@id":"https:\/\/www.kktavastia.fi\/ammattiopisto\/hakijalle\/yhteishaku\/kaksoistutkinto\/#breadcrumb"},"inLanguage":"fi","potentialAction":[{"@type":"ReadAction","target":["https:\/\/www.kktavastia.fi\/ammattiopisto\/hakijalle\/yhteishaku\/kaksoistutkinto\/"]}]},{"@type":"BreadcrumbList","@id":"https:\/\/www.kktavastia.fi\/ammattiopisto\/hakijalle\/yhteishaku\/kaksoistutkinto\/#breadcrumb","itemListElement":[{"@type":"ListItem","position":1,"name":"Home","item":"https:\/\/www.kktavastia.fi\/ammattiopisto\/"},{"@type":"ListItem","position":2,"name":"Hakijalle","item":"https:\/\/www.kktavastia.fi\/ammattiopisto\/hakijalle\/"},{"@type":"ListItem","position":3,"name":"Yhteishaku","item":"https:\/\/www.kktavastia.fi\/ammattiopisto\/hakijalle\/yhteishaku\/"},{"@type":"ListItem","position":4,"name":"Kaksoistutkinto"}]},{"@type":"WebSite","@id":"https:\/\/www.kktavastia.fi\/ammattiopisto\/#website","url":"https:\/\/www.kktavastia.fi\/ammattiopisto\/","name":"Ammattiopisto Tavastia","description":"","potentialAction":[{"@type":"SearchAction","target":{"@type":"EntryPoint","urlTemplate":"https:\/\/www.kktavastia.fi\/ammattiopisto\/?s={search_term_string}"},"query-input":{"@type":"PropertyValueSpecification","valueRequired":true,"valueName":"search_term_string"}}],"inLanguage":"fi"}]}},"_links":{"self":[{"href":"https:\/\/www.kktavastia.fi\/ammattiopisto\/wp-json\/wp\/v2\/pages\/936","targetHints":{"allow":["GET"]}}],"collection":[{"href":"https:\/\/www.kktavastia.fi\/ammattiopisto\/wp-json\/wp\/v2\/pages"}],"about":[{"href":"https:\/\/www.kktavastia.fi\/ammattiopisto\/wp-json\/wp\/v2\/types\/page"}],"author":[{"embeddable":true,"href":"https:\/\/www.kktavastia.fi\/ammattiopisto\/wp-json\/wp\/v2\/users\/6"}],"replies":[{"embeddable":true,"href":"https:\/\/www.kktavastia.fi\/ammattiopisto\/wp-json\/wp\/v2\/comments?post=936"}],"version-history":[{"count":24,"href":"https:\/\/www.kktavastia.fi\/ammattiopisto\/wp-json\/wp\/v2\/pages\/936\/revisions"}],"predecessor-version":[{"id":151310,"href":"https:\/\/www.kktavastia.fi\/ammattiopisto\/wp-json\/wp\/v2\/pages\/936\/revisions\/151310"}],"up":[{"embeddable":true,"href":"https:\/\/www.kktavastia.fi\/ammattiopisto\/wp-json\/wp\/v2\/pages\/132"}],"wp:attachment":[{"href":"https:\/\/www.kktavastia.fi\/ammattiopisto\/wp-json\/wp\/v2\/media?parent=936"}],"curies":[{"name":"wp","href":"https:\/\/api.w.org\/{rel}","templated":true}]}}