{"id":89305,"date":"2025-04-07T11:05:33","date_gmt":"2025-04-07T08:05:33","guid":{"rendered":"https:\/\/www.kktavastia.fi\/ammattiopisto\/?page_id=89305"},"modified":"2026-04-27T13:32:43","modified_gmt":"2026-04-27T10:32:43","slug":"uutiskirje","status":"publish","type":"page","link":"https:\/\/www.kktavastia.fi\/ammattiopisto\/tavastia-asiakaspalvelut-opiskelijatyot\/kahvila-ravintola-punaportti-tavastia\/uutiskirje\/","title":{"rendered":"Punaportin ruokamatka -uutiskirje"},"content":{"rendered":"\n<p class=\"is-style-ingress\">Punaportin ruokamatka -uutiskirje ilmestyy joka toinen perjantai. Kirjeess\u00e4 infoamme asiakkaitamme tulevista lounaista sek\u00e4 erilaisista teemap\u00e4ivist\u00e4 ja tapahtumista.<\/p>\n\n\n\n<p>Haluatko liitty\u00e4 postituslistalle? L\u00e4het\u00e4 nimesi, s\u00e4hk\u00f6postiosoitteesi sek\u00e4 \u201dtilaan uutiskirjeen\u201d-teksti osoitteeseen uutiskirje.punaportti@kktavastia.fi tai t\u00e4yt\u00e4 lomake Punaportin kahvilassa.<br><br><\/p>\n\n\n\n<h3 class=\"wp-block-heading\">Uutiskirjearkisto<\/h3>\n\n\n\n<p>Vastaa kyselyymme! Kehit\u00e4mme uutiskirjeen sis\u00e4lt\u00f6\u00e4 palautteenne perusteella. Vastaaminen vie vain hetken, kiitos jo etuk\u00e4teen t\u00e4rke\u00e4st\u00e4 palautteestanne! <a href=\"https:\/\/forms.cloud.microsoft\/pages\/responsepage.aspx?id=LDVl0wAWH0iJA67tdFiFCIoNRzpaAvtIolL1o42f-3hUOVBZN05aSFVXR0dNNVlJTUNORDJWMEc3Ui4u&amp;route=shorturl\">Vastaa kyselyyn. <\/a><\/p>\n\n\n\n<p>Klikkaa t\u00e4st\u00e4 lukemaan jo julkaistuja uutiskirjeit\u00e4.<\/p>\n\n\n\n<p><strong>2026<\/strong><br><a href=\"https:\/\/www.kktavastia.fi\/media\/sites\/2\/uutiskirje_nro8-26.pdf\">27.4.2026<\/a><br><a href=\"https:\/\/www.kktavastia.fi\/media\/sites\/2\/uutiskirje_nro7-2026-kotisivulle.pdf\">13.4.2026<\/a><br><a href=\"https:\/\/www.kktavastia.fi\/media\/sites\/2\/uutiskirje_nro6-26.pdf\">30.3.2026<\/a><br><a href=\"https:\/\/www.kktavastia.fi\/media\/sites\/2\/uutiskirje_nro5-26.pdf\">16.3.2026<\/a><br><a href=\"https:\/\/www.kktavastia.fi\/media\/sites\/2\/uutiskirje_nro4-26.pdf\">16.2.2026<\/a><br><a href=\"https:\/\/www.kktavastia.fi\/media\/sites\/2\/uutiskirje_nro3-1.pdf\">2.2.2026<\/a><br><a href=\"https:\/\/www.kktavastia.fi\/media\/sites\/2\/uutiskirje_nro2-26-2.pdf\">19.1.2026<\/a><br><a href=\"https:\/\/www.kktavastia.fi\/media\/sites\/2\/uutiskirje_nro1-26.pdf\">5.1.2026<\/a><\/p>\n\n\n\n<p><strong>2025<\/strong><br><a href=\"https:\/\/www.kktavastia.fi\/media\/sites\/2\/uutiskirje_nro15.pdf\">19.12.2025<\/a><br><a href=\"https:\/\/www.kktavastia.fi\/media\/sites\/2\/uutiskirje_nro14-scaled.jpeg\">5.12.2025<\/a><br><a href=\"https:\/\/www.kktavastia.fi\/media\/sites\/2\/uutiskirje_nro13.pdf\">20.11.2025<\/a><br><a href=\"https:\/\/www.kktavastia.fi\/media\/sites\/2\/uutiskirje_nro12.pdf\">7.11.2025<\/a><br><a href=\"https:\/\/www.kktavastia.fi\/media\/sites\/2\/uutiskirje_nro11.pdf\">24.10.2025<\/a><br><a href=\"https:\/\/www.kktavastia.fi\/media\/sites\/2\/uutiskirje_nro10-1.pdf\">4.10.2025<\/a><br><a href=\"https:\/\/www.kktavastia.fi\/media\/sites\/2\/uutiskirje_nro9.pdf\">19.9.2025<\/a><br><a href=\"https:\/\/www.kktavastia.fi\/media\/sites\/2\/uutiskirje_nro8.pdf\">8.9.2025<\/a><br><a href=\"https:\/\/www.kktavastia.fi\/media\/sites\/2\/uutiskirje_nro7.pdf\">22.8.2025<\/a><br><a href=\"https:\/\/www.kktavastia.fi\/media\/sites\/2\/uutiskirje_nro6.pdf\">4.8.2025<\/a><br><a href=\"https:\/\/www.kktavastia.fi\/media\/sites\/2\/uutiskirje_nro4_2025.pdf\">15.5.2025<\/a><br><a href=\"https:\/\/www.kktavastia.fi\/media\/sites\/2\/uutiskirje_nro3.pdf\">30.4.2025<\/a><br><a href=\"https:\/\/www.kktavastia.fi\/media\/sites\/2\/uutiskirje_nro2_2025.pdf\">17.4.2025<\/a><br><a href=\"https:\/\/www.kktavastia.fi\/media\/sites\/2\/uutiskirje_nro1_2025.pdf\">4.4.2025<\/a><\/p>\n\n\n\n<p><\/p>\n","protected":false},"excerpt":{"rendered":"<p>Punaportin ruokamatka -uutiskirje ilmestyy joka toinen perjantai. Kirjeess\u00e4 infoamme asiakkaitamme tulevista lounaista sek\u00e4 erilaisista teemap\u00e4ivist\u00e4 ja tapahtumista. Haluatko liitty\u00e4 postituslistalle? [&hellip;]<\/p>\n","protected":false},"author":5,"featured_media":0,"parent":189,"menu_order":0,"comment_status":"closed","ping_status":"closed","template":"","meta":{"_acf_changed":false,"_relevanssi_hide_post":"","_relevanssi_hide_content":"","_relevanssi_pin_for_all":"","_relevanssi_pin_keywords":"","_relevanssi_unpin_keywords":"","_relevanssi_related_keywords":"","_relevanssi_related_include_ids":"","_relevanssi_related_exclude_ids":"","_relevanssi_related_no_append":"","_relevanssi_related_not_related":"","_relevanssi_related_posts":"189,750,21615,476,242,115","_relevanssi_noindex_reason":"","footnotes":""},"class_list":["post-89305","page","type-page","status-publish","hentry"],"acf":[],"yoast_head":"<title>Punaportin ruokamatka -uutiskirje - Ammattiopisto Tavastia<\/title>\n<meta name=\"description\" content=\"Pysy menossa mukana ja liity tilaajaksi! Infoamme asiakkaitamme tulevista lounaista sek\u00e4 erilaisista teemap\u00e4ivist\u00e4 ja tapahtumista.\" \/>\n<meta name=\"robots\" content=\"index, follow, max-snippet:-1, max-image-preview:large, max-video-preview:-1\" \/>\n<link rel=\"canonical\" href=\"https:\/\/www.kktavastia.fi\/ammattiopisto\/tavastia-asiakaspalvelut-opiskelijatyot\/kahvila-ravintola-punaportti-tavastia\/uutiskirje\/\" \/>\n<meta property=\"og:locale\" content=\"fi_FI\" \/>\n<meta property=\"og:type\" content=\"article\" \/>\n<meta property=\"og:title\" content=\"Punaportin ruokamatka -uutiskirje - Ammattiopisto Tavastia\" \/>\n<meta property=\"og:description\" content=\"Pysy menossa mukana ja liity tilaajaksi! Infoamme asiakkaitamme tulevista lounaista sek\u00e4 erilaisista teemap\u00e4ivist\u00e4 ja tapahtumista.\" \/>\n<meta property=\"og:url\" content=\"https:\/\/www.kktavastia.fi\/ammattiopisto\/tavastia-asiakaspalvelut-opiskelijatyot\/kahvila-ravintola-punaportti-tavastia\/uutiskirje\/\" \/>\n<meta property=\"og:site_name\" content=\"Ammattiopisto Tavastia\" \/>\n<meta property=\"article:modified_time\" content=\"2026-04-27T10:32:43+00:00\" \/>\n<meta name=\"twitter:card\" content=\"summary_large_image\" \/>\n<script type=\"application\/ld+json\" class=\"yoast-schema-graph\">{\"@context\":\"https:\\\/\\\/schema.org\",\"@graph\":[{\"@type\":\"WebPage\",\"@id\":\"https:\\\/\\\/www.kktavastia.fi\\\/ammattiopisto\\\/tavastia-asiakaspalvelut-opiskelijatyot\\\/kahvila-ravintola-punaportti-tavastia\\\/uutiskirje\\\/\",\"url\":\"https:\\\/\\\/www.kktavastia.fi\\\/ammattiopisto\\\/tavastia-asiakaspalvelut-opiskelijatyot\\\/kahvila-ravintola-punaportti-tavastia\\\/uutiskirje\\\/\",\"name\":\"Punaportin ruokamatka -uutiskirje - Ammattiopisto Tavastia\",\"isPartOf\":{\"@id\":\"https:\\\/\\\/www.kktavastia.fi\\\/ammattiopisto\\\/#website\"},\"datePublished\":\"2025-04-07T08:05:33+00:00\",\"dateModified\":\"2026-04-27T10:32:43+00:00\",\"description\":\"Pysy menossa mukana ja liity tilaajaksi! Infoamme asiakkaitamme tulevista lounaista sek\u00e4 erilaisista teemap\u00e4ivist\u00e4 ja tapahtumista.\",\"breadcrumb\":{\"@id\":\"https:\\\/\\\/www.kktavastia.fi\\\/ammattiopisto\\\/tavastia-asiakaspalvelut-opiskelijatyot\\\/kahvila-ravintola-punaportti-tavastia\\\/uutiskirje\\\/#breadcrumb\"},\"inLanguage\":\"fi\",\"potentialAction\":[{\"@type\":\"ReadAction\",\"target\":[\"https:\\\/\\\/www.kktavastia.fi\\\/ammattiopisto\\\/tavastia-asiakaspalvelut-opiskelijatyot\\\/kahvila-ravintola-punaportti-tavastia\\\/uutiskirje\\\/\"]}]},{\"@type\":\"BreadcrumbList\",\"@id\":\"https:\\\/\\\/www.kktavastia.fi\\\/ammattiopisto\\\/tavastia-asiakaspalvelut-opiskelijatyot\\\/kahvila-ravintola-punaportti-tavastia\\\/uutiskirje\\\/#breadcrumb\",\"itemListElement\":[{\"@type\":\"ListItem\",\"position\":1,\"name\":\"Home\",\"item\":\"https:\\\/\\\/www.kktavastia.fi\\\/ammattiopisto\\\/\"},{\"@type\":\"ListItem\",\"position\":2,\"name\":\"Asiakaspalvelut\",\"item\":\"https:\\\/\\\/www.kktavastia.fi\\\/ammattiopisto\\\/tavastia-asiakaspalvelut-opiskelijatyot\\\/\"},{\"@type\":\"ListItem\",\"position\":3,\"name\":\"Kahvila-ravintola Punaportti\",\"item\":\"https:\\\/\\\/www.kktavastia.fi\\\/ammattiopisto\\\/tavastia-asiakaspalvelut-opiskelijatyot\\\/kahvila-ravintola-punaportti-tavastia\\\/\"},{\"@type\":\"ListItem\",\"position\":4,\"name\":\"Punaportin ruokamatka -uutiskirje\"}]},{\"@type\":\"WebSite\",\"@id\":\"https:\\\/\\\/www.kktavastia.fi\\\/ammattiopisto\\\/#website\",\"url\":\"https:\\\/\\\/www.kktavastia.fi\\\/ammattiopisto\\\/\",\"name\":\"Ammattiopisto Tavastia\",\"description\":\"\",\"potentialAction\":[{\"@type\":\"SearchAction\",\"target\":{\"@type\":\"EntryPoint\",\"urlTemplate\":\"https:\\\/\\\/www.kktavastia.fi\\\/ammattiopisto\\\/?s={search_term_string}\"},\"query-input\":{\"@type\":\"PropertyValueSpecification\",\"valueRequired\":true,\"valueName\":\"search_term_string\"}}],\"inLanguage\":\"fi\"}]}<\/script>","yoast_head_json":{"title":"Punaportin ruokamatka -uutiskirje - Ammattiopisto Tavastia","description":"Pysy menossa mukana ja liity tilaajaksi! Infoamme asiakkaitamme tulevista lounaista sek\u00e4 erilaisista teemap\u00e4ivist\u00e4 ja tapahtumista.","robots":{"index":"index","follow":"follow","max-snippet":"max-snippet:-1","max-image-preview":"max-image-preview:large","max-video-preview":"max-video-preview:-1"},"canonical":"https:\/\/www.kktavastia.fi\/ammattiopisto\/tavastia-asiakaspalvelut-opiskelijatyot\/kahvila-ravintola-punaportti-tavastia\/uutiskirje\/","og_locale":"fi_FI","og_type":"article","og_title":"Punaportin ruokamatka -uutiskirje - Ammattiopisto Tavastia","og_description":"Pysy menossa mukana ja liity tilaajaksi! Infoamme asiakkaitamme tulevista lounaista sek\u00e4 erilaisista teemap\u00e4ivist\u00e4 ja tapahtumista.","og_url":"https:\/\/www.kktavastia.fi\/ammattiopisto\/tavastia-asiakaspalvelut-opiskelijatyot\/kahvila-ravintola-punaportti-tavastia\/uutiskirje\/","og_site_name":"Ammattiopisto Tavastia","article_modified_time":"2026-04-27T10:32:43+00:00","twitter_card":"summary_large_image","schema":{"@context":"https:\/\/schema.org","@graph":[{"@type":"WebPage","@id":"https:\/\/www.kktavastia.fi\/ammattiopisto\/tavastia-asiakaspalvelut-opiskelijatyot\/kahvila-ravintola-punaportti-tavastia\/uutiskirje\/","url":"https:\/\/www.kktavastia.fi\/ammattiopisto\/tavastia-asiakaspalvelut-opiskelijatyot\/kahvila-ravintola-punaportti-tavastia\/uutiskirje\/","name":"Punaportin ruokamatka -uutiskirje - Ammattiopisto Tavastia","isPartOf":{"@id":"https:\/\/www.kktavastia.fi\/ammattiopisto\/#website"},"datePublished":"2025-04-07T08:05:33+00:00","dateModified":"2026-04-27T10:32:43+00:00","description":"Pysy menossa mukana ja liity tilaajaksi! Infoamme asiakkaitamme tulevista lounaista sek\u00e4 erilaisista teemap\u00e4ivist\u00e4 ja tapahtumista.","breadcrumb":{"@id":"https:\/\/www.kktavastia.fi\/ammattiopisto\/tavastia-asiakaspalvelut-opiskelijatyot\/kahvila-ravintola-punaportti-tavastia\/uutiskirje\/#breadcrumb"},"inLanguage":"fi","potentialAction":[{"@type":"ReadAction","target":["https:\/\/www.kktavastia.fi\/ammattiopisto\/tavastia-asiakaspalvelut-opiskelijatyot\/kahvila-ravintola-punaportti-tavastia\/uutiskirje\/"]}]},{"@type":"BreadcrumbList","@id":"https:\/\/www.kktavastia.fi\/ammattiopisto\/tavastia-asiakaspalvelut-opiskelijatyot\/kahvila-ravintola-punaportti-tavastia\/uutiskirje\/#breadcrumb","itemListElement":[{"@type":"ListItem","position":1,"name":"Home","item":"https:\/\/www.kktavastia.fi\/ammattiopisto\/"},{"@type":"ListItem","position":2,"name":"Asiakaspalvelut","item":"https:\/\/www.kktavastia.fi\/ammattiopisto\/tavastia-asiakaspalvelut-opiskelijatyot\/"},{"@type":"ListItem","position":3,"name":"Kahvila-ravintola Punaportti","item":"https:\/\/www.kktavastia.fi\/ammattiopisto\/tavastia-asiakaspalvelut-opiskelijatyot\/kahvila-ravintola-punaportti-tavastia\/"},{"@type":"ListItem","position":4,"name":"Punaportin ruokamatka -uutiskirje"}]},{"@type":"WebSite","@id":"https:\/\/www.kktavastia.fi\/ammattiopisto\/#website","url":"https:\/\/www.kktavastia.fi\/ammattiopisto\/","name":"Ammattiopisto Tavastia","description":"","potentialAction":[{"@type":"SearchAction","target":{"@type":"EntryPoint","urlTemplate":"https:\/\/www.kktavastia.fi\/ammattiopisto\/?s={search_term_string}"},"query-input":{"@type":"PropertyValueSpecification","valueRequired":true,"valueName":"search_term_string"}}],"inLanguage":"fi"}]}},"_links":{"self":[{"href":"https:\/\/www.kktavastia.fi\/ammattiopisto\/wp-json\/wp\/v2\/pages\/89305","targetHints":{"allow":["GET"]}}],"collection":[{"href":"https:\/\/www.kktavastia.fi\/ammattiopisto\/wp-json\/wp\/v2\/pages"}],"about":[{"href":"https:\/\/www.kktavastia.fi\/ammattiopisto\/wp-json\/wp\/v2\/types\/page"}],"author":[{"embeddable":true,"href":"https:\/\/www.kktavastia.fi\/ammattiopisto\/wp-json\/wp\/v2\/users\/5"}],"replies":[{"embeddable":true,"href":"https:\/\/www.kktavastia.fi\/ammattiopisto\/wp-json\/wp\/v2\/comments?post=89305"}],"version-history":[{"count":25,"href":"https:\/\/www.kktavastia.fi\/ammattiopisto\/wp-json\/wp\/v2\/pages\/89305\/revisions"}],"predecessor-version":[{"id":157138,"href":"https:\/\/www.kktavastia.fi\/ammattiopisto\/wp-json\/wp\/v2\/pages\/89305\/revisions\/157138"}],"up":[{"embeddable":true,"href":"https:\/\/www.kktavastia.fi\/ammattiopisto\/wp-json\/wp\/v2\/pages\/189"}],"wp:attachment":[{"href":"https:\/\/www.kktavastia.fi\/ammattiopisto\/wp-json\/wp\/v2\/media?parent=89305"}],"curies":[{"name":"wp","href":"https:\/\/api.w.org\/{rel}","templated":true}]}}