{"id":85639,"date":"2025-03-18T10:47:01","date_gmt":"2025-03-18T08:47:01","guid":{"rendered":"https:\/\/www.kktavastia.fi\/ammattiopisto\/?page_id=85639"},"modified":"2025-05-27T14:02:37","modified_gmt":"2025-05-27T11:02:37","slug":"valmistumisen-jalkeen","status":"publish","type":"page","link":"https:\/\/www.kktavastia.fi\/ammattiopisto\/opiskelijalle\/valmistuminen-ja-todistukset\/valmistumisen-jalkeen\/","title":{"rendered":"Valmistumisen j\u00e4lkeen"},"content":{"rendered":"\n<p class=\"is-style-ingress\">T\u00e4lt\u00e4 sivulta l\u00f6yd\u00e4t hy\u00f6dyllisi\u00e4 vinkkej\u00e4, olit sitten pyrkim\u00e4ss\u00e4 ty\u00f6el\u00e4m\u00e4\u00e4n, pohdiskelemassa jatko-opintoja tai jos tulevaisuuden suunnitelmasi eiv\u00e4t ole viel\u00e4 selvi\u00e4.<\/p>\n\n\n\n<h4 class=\"wp-block-heading\">Ty\u00f6paikka tiedossa<\/h4>\n\n\n\n<ul class=\"wp-block-list\">\n<li><a href=\"https:\/\/tyoelamaan.fi\/\" target=\"_blank\" rel=\"noreferrer noopener\">Ty\u00f6el\u00e4m\u00e4\u00e4n.fi-sivulta<\/a> saat neuvoja ja kannustusta ty\u00f6el\u00e4m\u00e4\u00e4n siirtymisess\u00e4.<\/li>\n\n\n\n<li>Tilaa rikostaustaote <a href=\"https:\/\/www.oikeusrekisterikeskus.fi\/fi\/index.html\" target=\"_blank\" rel=\"noreferrer noopener\">Oikeusrekisterikeskuksesta<\/a>, jos ty\u00f6skentelet alaik\u00e4isten kanssa.<\/li>\n<\/ul>\n\n\n\n<h4 class=\"wp-block-heading\">Vinkkej\u00e4 ty\u00f6nhakuun<\/h4>\n\n\n\n<ul class=\"wp-block-list\">\n<li><a href=\"http:\/\/www.te-palvelut.fi\/te\/fi\/index.html\" target=\"_blank\" rel=\"noreferrer noopener\">Ty\u00f6markkinatori<\/a>-sivuilla voit etsi\u00e4 ty\u00f6paikkoja ja ilmoittautua ty\u00f6nhakijaksi.<\/li>\n\n\n\n<li>Hyv\u00e4 CV eli ansioluettelo on avain ty\u00f6haastatteluun. Katso ohjeet esimerkiksi <a href=\"https:\/\/duunitori.fi\/tyoelama\/tyonhakuopas\/ansioluettelo\" target=\"_blank\" rel=\"noreferrer noopener\">Duunitorin sivuilta<\/a>.<\/li>\n\n\n\n<li>Ty\u00f6hakemuksen kirjoittaminen voi olla hankalaa. T\u00e4ll\u00e4 hakemuksella kuitenkin tehd\u00e4\u00e4n ensimm\u00e4inen vaikutus ty\u00f6nantajaan. Katso malli ty\u00f6hakemuksesta <a href=\"https:\/\/duunitori.fi\/tyoelama\/tyonhakuopas\/tyohakemus-2\" target=\"_blank\" rel=\"noreferrer noopener\"> Duunitorin sivuilta<\/a>.<\/li>\n\n\n\n<li>Googleta ja ota yhteytt\u00e4 erilaisiin rekrytointi- ja henkil\u00f6st\u00f6palveluyrityksiin. <\/li>\n\n\n\n<li>Muista tsekata ty\u00f6nhakukanavat kuten <a href=\"https:\/\/duunitori.fi\/tyopaikat\/alue\/kanta-hame\" target=\"_blank\" rel=\"noreferrer noopener\">Duunitori<\/a>, <a href=\"https:\/\/www.jobly.fi\/\">Jobly<\/a> ja <a href=\"https:\/\/laura.fi\/\">Laura<\/a>.<\/li>\n<\/ul>\n\n\n\n<h4 class=\"wp-block-heading\">Vinkkej\u00e4 jatko-opiskeluun<\/h4>\n\n\n\n<ul class=\"wp-block-list\">\n<li>H\u00e4meenlinnassa korkeakouluopintoja tarjoaa <a href=\"https:\/\/www.hamk.fi\/\" target=\"_blank\" rel=\"noreferrer noopener\"> H\u00e4meen ammattikorkeakoulu HAMK<\/a>.<\/li>\n\n\n\n<li>L\u00f6yd\u00e4t tietoa jatko-opiskeluista my\u00f6s <a href=\"https:\/\/opintopolku.fi\/konfo\/fi\/\" target=\"_blank\" rel=\"noreferrer noopener\">Opintopolusta<\/a>.<\/li>\n<\/ul>\n\n\n\n<h4 class=\"wp-block-heading\">Etk\u00f6 tied\u00e4, mit\u00e4 tehd\u00e4?<\/h4>\n\n\n\n<ul class=\"wp-block-list\">\n<li>Ilmoittaudu tarvittaessa ty\u00f6tt\u00f6m\u00e4ksi ty\u00f6nhakijaksi asuinpaikkasi ty\u00f6llisyysalueelle.<\/li>\n\n\n\n<li>Jos olet alle 30-vuotias voit k\u00e4ytt\u00e4\u00e4 my\u00f6s <a href=\"https:\/\/ohjaamot.fi\/\" target=\"_blank\" rel=\"noreferrer noopener\">Ohjaamon<\/a> palveluja.<\/li>\n\n\n\n<li>Muista s\u00e4ilytt\u00e4\u00e4 valmistumisvuonna palkkakuitit, Kela saattaa tehd\u00e4 kyselyj\u00e4 sinun tuloistasi.<\/li>\n<\/ul>\n\n\n\n<section class=\"block block-image-content-upsell right-image\">\n  <div class=\"container\">\n\n    <div class=\"cols\">\n      <div class=\"col col-content\">\n        <div class=\"content content-dark\">\n          <h3>Tavastian Ohjauspiste palvelee<\/h3>\n          <p>Jos sinulla ei ole ty\u00f6paikkaa tai mietit jatko-opintoja, tule juttelemaan tulevaisuudestasi Ohjauspisteeseen. Opinto- ja uraohjaajat palvelevat niin hakijoita kuin jo opiskelemassa olevia sek\u00e4 valmistuneita opiskelijoita.<\/p>\n                      <a href=\"https:\/\/www.kktavastia.fi\/ammattiopisto\/hakijalle\/ohjauspiste\/\" class=\"button button-light\">Ohjauspisteen yhteystiedot<svg xmlns=\"http:\/\/www.w3.org\/2000\/svg\" width=\"23\" height=\"8\" viewBox=\"0 0 23 8\"><path d=\"M1 3.818h21.23m0 0L19.153.764m3.077 3.054l-3.077 3.055\" stroke=\"currentColor\" stroke-width=\"1.5\" fill=\"none\" fill-rule=\"evenodd\" stroke-linecap=\"round\" stroke-linejoin=\"round\"\/><\/svg>\n<\/a>\n                  <\/div>\n      <\/div>\n\n      <div class=\"col col-image\">\n            <div class=\"lazy\"\n      data-bg=\"https:\/\/www.kktavastia.fi\/media\/sites\/2\/ohjauspiste-14-scaled-e1724402777145.jpg\"\n          >\n    <\/div>\n\n          <\/div>\n    <\/div>\n\n  <\/div>\n<\/section>\n\n\n\n<h4 class=\"wp-block-heading\">Ohjaamo H\u00e4meenlinna<\/h4>\n\n\n\n<ul class=\"wp-block-list\">\n<li>Ohjaamosta saa tietoa sek\u00e4 neuvontaa ja ohjausta ty\u00f6h\u00f6n, koulutukseen, arkeen ja osallisuuteen liittyen. Ohjaamossa p\u00e4\u00e4see tutustumaan monien eri toimijoiden palveluihin. Lue lis\u00e4\u00e4 <a href=\"https:\/\/ohjaamot.fi\/\" target=\"_blank\" rel=\"noreferrer noopener\">Ohjaamosta<\/a>.<\/li>\n<\/ul>\n\n\n\n<h4 class=\"wp-block-heading\">Etsiv\u00e4 nuorisoty\u00f6<\/h4>\n\n\n\n<ul class=\"wp-block-list\">\n<li>Etsiv\u00e4n nuorisoty\u00f6n ensisijaisena teht\u00e4v\u00e4n\u00e4 on auttaa alle 29-vuotiaita nuoria, jotka ovat koulutuksen tai ty\u00f6markkinoiden ulkopuolella tai jotka tarvitsevat tukea saavuttaakseen tarvitsemansa palvelut. N\u00e4it\u00e4 palveluja saa l\u00e4hialueilla:<\/li>\n\n\n\n<li><a href=\"https:\/\/www.hameenlinna.fi\/varhaiskasvatus-ja-koulutus\/nuorisopalvelut\/etsivanuorisotyo\/\" target=\"_blank\" rel=\"noreferrer noopener\">H\u00e4meenlinnassa<\/a><\/li>\n\n\n\n<li><a href=\"https:\/\/www.riihimaki.fi\/ela-ja-voi-hyvin\/nuorisopalvelut\/etsiva-nuorisotyo\/\" target=\"_blank\" rel=\"noreferrer noopener\">Riihim\u00e4ell\u00e4<\/a><\/li>\n\n\n\n<li><a href=\"https:\/\/www.janakkala.fi\/lapset-ja-nuoret\/nuorisopalvelut\/etsiva-nuorisotyo-ja-erityisnuorisotyo\/\" target=\"_blank\" rel=\"noreferrer noopener\">Janakkalassa<\/a><\/li>\n\n\n\n<li><a href=\"https:\/\/www.nurtsi.fi\/etsiva-nuorisotyo\/\" target=\"_blank\" rel=\"noreferrer noopener\">Hattulassa<\/a><\/li>\n<\/ul>\n\n\n\n<h4 class=\"wp-block-heading\">Hy\u00f6dyllisi\u00e4 linkkej\u00e4<\/h4>\n\n\n\n<ul class=\"wp-block-list\">\n<li><a href=\"https:\/\/www.hameensetlementti.fi\/duunaamo\/\">H\u00e4meen Setlementin Duunaamo<\/a><\/li>\n\n\n\n<li><a href=\"https:\/\/www.hattula.fi\/palvelut\/sosiaali-ja-terveyspalvelut\/sosiaalipalvelut\/tyollisyyspalvelut\/\" target=\"_blank\" rel=\"noreferrer noopener\">Hattulan kunnan ty\u00f6llisyyspalvelut<\/a><\/li>\n\n\n\n<li>Hattulan kunnan viisiosainen Nuorten ty\u00f6el\u00e4m\u00e4 -podcast nuorten ty\u00f6el\u00e4m\u00e4n kysymyksist\u00e4. Osassa 4 vieraana Tavastian uraohjaaja Taru Vierimaa. | <a href=\"https:\/\/hattula.fi\/2025\/05\/nuorten-tyoelama-podcast\/\">Kaikki jaksot t\u00e4\u00e4ll\u00e4<\/a><\/li>\n\n\n\n<li><a href=\"https:\/\/www.janakkala.fi\/palvelut\/nuoriso\/nuorten-tyopaja\/\" target=\"_blank\" rel=\"noreferrer noopener\">Janakkalan kunnan nuorten ty\u00f6paja<\/a><\/li>\n\n\n\n<li><a href=\"https:\/\/hameenlinna.4h.fi\/\" target=\"_blank\" rel=\"noreferrer noopener\">Tikki-ty\u00f6paja<\/a>&nbsp;tarjoaa ty\u00f6pajamuotoista ty\u00f6el\u00e4m\u00e4\u00e4n valmentautumista<\/li>\n\n\n\n<li><a href=\"https:\/\/www.luotsisaatio.fi\/\" target=\"_blank\" rel=\"noreferrer noopener\">Ty\u00f6valmennuss\u00e4\u00e4ti\u00f6 Luotsi<\/a><\/li>\n<\/ul>\n","protected":false},"excerpt":{"rendered":"<p>T\u00e4lt\u00e4 sivulta l\u00f6yd\u00e4t hy\u00f6dyllisi\u00e4 vinkkej\u00e4, olit sitten pyrkim\u00e4ss\u00e4 ty\u00f6el\u00e4m\u00e4\u00e4n, pohdiskelemassa jatko-opintoja tai jos tulevaisuuden suunnitelmasi eiv\u00e4t ole viel\u00e4 selvi\u00e4. Ty\u00f6paikka [&hellip;]<\/p>\n","protected":false},"author":5,"featured_media":0,"parent":85633,"menu_order":0,"comment_status":"closed","ping_status":"closed","template":"","meta":{"_acf_changed":false,"_relevanssi_hide_post":"","_relevanssi_hide_content":"","_relevanssi_pin_for_all":"","_relevanssi_pin_keywords":"","_relevanssi_unpin_keywords":"","_relevanssi_related_keywords":"","_relevanssi_related_include_ids":"","_relevanssi_related_exclude_ids":"","_relevanssi_related_no_append":"","_relevanssi_related_not_related":"","_relevanssi_related_posts":"936,85633,50544,40171,38498,526","_relevanssi_noindex_reason":"","footnotes":""},"class_list":["post-85639","page","type-page","status-publish","hentry"],"acf":[],"yoast_head":"<title>Valmistumisen j\u00e4lkeen - Ammattiopisto Tavastia<\/title>\n<meta name=\"robots\" content=\"index, follow, max-snippet:-1, max-image-preview:large, max-video-preview:-1\" \/>\n<link rel=\"canonical\" href=\"https:\/\/www.kktavastia.fi\/ammattiopisto\/opiskelijalle\/valmistuminen-ja-todistukset\/valmistumisen-jalkeen\/\" \/>\n<meta property=\"og:locale\" content=\"fi_FI\" \/>\n<meta property=\"og:type\" content=\"article\" \/>\n<meta property=\"og:title\" content=\"Valmistumisen j\u00e4lkeen - Ammattiopisto Tavastia\" \/>\n<meta property=\"og:description\" content=\"T\u00e4lt\u00e4 sivulta l\u00f6yd\u00e4t hy\u00f6dyllisi\u00e4 vinkkej\u00e4, olit sitten pyrkim\u00e4ss\u00e4 ty\u00f6el\u00e4m\u00e4\u00e4n, pohdiskelemassa jatko-opintoja tai jos tulevaisuuden suunnitelmasi eiv\u00e4t ole viel\u00e4 selvi\u00e4. Ty\u00f6paikka [&hellip;]\" \/>\n<meta property=\"og:url\" content=\"https:\/\/www.kktavastia.fi\/ammattiopisto\/opiskelijalle\/valmistuminen-ja-todistukset\/valmistumisen-jalkeen\/\" \/>\n<meta property=\"og:site_name\" content=\"Ammattiopisto Tavastia\" \/>\n<meta property=\"article:modified_time\" content=\"2025-05-27T11:02:37+00:00\" \/>\n<meta name=\"twitter:card\" content=\"summary_large_image\" \/>\n<script type=\"application\/ld+json\" class=\"yoast-schema-graph\">{\"@context\":\"https:\\\/\\\/schema.org\",\"@graph\":[{\"@type\":\"WebPage\",\"@id\":\"https:\\\/\\\/www.kktavastia.fi\\\/ammattiopisto\\\/opiskelijalle\\\/valmistuminen-ja-todistukset\\\/valmistumisen-jalkeen\\\/\",\"url\":\"https:\\\/\\\/www.kktavastia.fi\\\/ammattiopisto\\\/opiskelijalle\\\/valmistuminen-ja-todistukset\\\/valmistumisen-jalkeen\\\/\",\"name\":\"Valmistumisen j\u00e4lkeen - Ammattiopisto Tavastia\",\"isPartOf\":{\"@id\":\"https:\\\/\\\/www.kktavastia.fi\\\/ammattiopisto\\\/#website\"},\"datePublished\":\"2025-03-18T08:47:01+00:00\",\"dateModified\":\"2025-05-27T11:02:37+00:00\",\"breadcrumb\":{\"@id\":\"https:\\\/\\\/www.kktavastia.fi\\\/ammattiopisto\\\/opiskelijalle\\\/valmistuminen-ja-todistukset\\\/valmistumisen-jalkeen\\\/#breadcrumb\"},\"inLanguage\":\"fi\",\"potentialAction\":[{\"@type\":\"ReadAction\",\"target\":[\"https:\\\/\\\/www.kktavastia.fi\\\/ammattiopisto\\\/opiskelijalle\\\/valmistuminen-ja-todistukset\\\/valmistumisen-jalkeen\\\/\"]}]},{\"@type\":\"BreadcrumbList\",\"@id\":\"https:\\\/\\\/www.kktavastia.fi\\\/ammattiopisto\\\/opiskelijalle\\\/valmistuminen-ja-todistukset\\\/valmistumisen-jalkeen\\\/#breadcrumb\",\"itemListElement\":[{\"@type\":\"ListItem\",\"position\":1,\"name\":\"Home\",\"item\":\"https:\\\/\\\/www.kktavastia.fi\\\/ammattiopisto\\\/\"},{\"@type\":\"ListItem\",\"position\":2,\"name\":\"Opiskelijalle\",\"item\":\"https:\\\/\\\/www.kktavastia.fi\\\/ammattiopisto\\\/opiskelijalle\\\/\"},{\"@type\":\"ListItem\",\"position\":3,\"name\":\"Valmistuminen ja todistukset\",\"item\":\"https:\\\/\\\/www.kktavastia.fi\\\/ammattiopisto\\\/opiskelijalle\\\/valmistuminen-ja-todistukset\\\/\"},{\"@type\":\"ListItem\",\"position\":4,\"name\":\"Valmistumisen j\u00e4lkeen\"}]},{\"@type\":\"WebSite\",\"@id\":\"https:\\\/\\\/www.kktavastia.fi\\\/ammattiopisto\\\/#website\",\"url\":\"https:\\\/\\\/www.kktavastia.fi\\\/ammattiopisto\\\/\",\"name\":\"Ammattiopisto Tavastia\",\"description\":\"\",\"potentialAction\":[{\"@type\":\"SearchAction\",\"target\":{\"@type\":\"EntryPoint\",\"urlTemplate\":\"https:\\\/\\\/www.kktavastia.fi\\\/ammattiopisto\\\/?s={search_term_string}\"},\"query-input\":{\"@type\":\"PropertyValueSpecification\",\"valueRequired\":true,\"valueName\":\"search_term_string\"}}],\"inLanguage\":\"fi\"}]}<\/script>","yoast_head_json":{"title":"Valmistumisen j\u00e4lkeen - Ammattiopisto Tavastia","robots":{"index":"index","follow":"follow","max-snippet":"max-snippet:-1","max-image-preview":"max-image-preview:large","max-video-preview":"max-video-preview:-1"},"canonical":"https:\/\/www.kktavastia.fi\/ammattiopisto\/opiskelijalle\/valmistuminen-ja-todistukset\/valmistumisen-jalkeen\/","og_locale":"fi_FI","og_type":"article","og_title":"Valmistumisen j\u00e4lkeen - Ammattiopisto Tavastia","og_description":"T\u00e4lt\u00e4 sivulta l\u00f6yd\u00e4t hy\u00f6dyllisi\u00e4 vinkkej\u00e4, olit sitten pyrkim\u00e4ss\u00e4 ty\u00f6el\u00e4m\u00e4\u00e4n, pohdiskelemassa jatko-opintoja tai jos tulevaisuuden suunnitelmasi eiv\u00e4t ole viel\u00e4 selvi\u00e4. Ty\u00f6paikka [&hellip;]","og_url":"https:\/\/www.kktavastia.fi\/ammattiopisto\/opiskelijalle\/valmistuminen-ja-todistukset\/valmistumisen-jalkeen\/","og_site_name":"Ammattiopisto Tavastia","article_modified_time":"2025-05-27T11:02:37+00:00","twitter_card":"summary_large_image","schema":{"@context":"https:\/\/schema.org","@graph":[{"@type":"WebPage","@id":"https:\/\/www.kktavastia.fi\/ammattiopisto\/opiskelijalle\/valmistuminen-ja-todistukset\/valmistumisen-jalkeen\/","url":"https:\/\/www.kktavastia.fi\/ammattiopisto\/opiskelijalle\/valmistuminen-ja-todistukset\/valmistumisen-jalkeen\/","name":"Valmistumisen j\u00e4lkeen - Ammattiopisto Tavastia","isPartOf":{"@id":"https:\/\/www.kktavastia.fi\/ammattiopisto\/#website"},"datePublished":"2025-03-18T08:47:01+00:00","dateModified":"2025-05-27T11:02:37+00:00","breadcrumb":{"@id":"https:\/\/www.kktavastia.fi\/ammattiopisto\/opiskelijalle\/valmistuminen-ja-todistukset\/valmistumisen-jalkeen\/#breadcrumb"},"inLanguage":"fi","potentialAction":[{"@type":"ReadAction","target":["https:\/\/www.kktavastia.fi\/ammattiopisto\/opiskelijalle\/valmistuminen-ja-todistukset\/valmistumisen-jalkeen\/"]}]},{"@type":"BreadcrumbList","@id":"https:\/\/www.kktavastia.fi\/ammattiopisto\/opiskelijalle\/valmistuminen-ja-todistukset\/valmistumisen-jalkeen\/#breadcrumb","itemListElement":[{"@type":"ListItem","position":1,"name":"Home","item":"https:\/\/www.kktavastia.fi\/ammattiopisto\/"},{"@type":"ListItem","position":2,"name":"Opiskelijalle","item":"https:\/\/www.kktavastia.fi\/ammattiopisto\/opiskelijalle\/"},{"@type":"ListItem","position":3,"name":"Valmistuminen ja todistukset","item":"https:\/\/www.kktavastia.fi\/ammattiopisto\/opiskelijalle\/valmistuminen-ja-todistukset\/"},{"@type":"ListItem","position":4,"name":"Valmistumisen j\u00e4lkeen"}]},{"@type":"WebSite","@id":"https:\/\/www.kktavastia.fi\/ammattiopisto\/#website","url":"https:\/\/www.kktavastia.fi\/ammattiopisto\/","name":"Ammattiopisto Tavastia","description":"","potentialAction":[{"@type":"SearchAction","target":{"@type":"EntryPoint","urlTemplate":"https:\/\/www.kktavastia.fi\/ammattiopisto\/?s={search_term_string}"},"query-input":{"@type":"PropertyValueSpecification","valueRequired":true,"valueName":"search_term_string"}}],"inLanguage":"fi"}]}},"_links":{"self":[{"href":"https:\/\/www.kktavastia.fi\/ammattiopisto\/wp-json\/wp\/v2\/pages\/85639","targetHints":{"allow":["GET"]}}],"collection":[{"href":"https:\/\/www.kktavastia.fi\/ammattiopisto\/wp-json\/wp\/v2\/pages"}],"about":[{"href":"https:\/\/www.kktavastia.fi\/ammattiopisto\/wp-json\/wp\/v2\/types\/page"}],"author":[{"embeddable":true,"href":"https:\/\/www.kktavastia.fi\/ammattiopisto\/wp-json\/wp\/v2\/users\/5"}],"replies":[{"embeddable":true,"href":"https:\/\/www.kktavastia.fi\/ammattiopisto\/wp-json\/wp\/v2\/comments?post=85639"}],"version-history":[{"count":12,"href":"https:\/\/www.kktavastia.fi\/ammattiopisto\/wp-json\/wp\/v2\/pages\/85639\/revisions"}],"predecessor-version":[{"id":98955,"href":"https:\/\/www.kktavastia.fi\/ammattiopisto\/wp-json\/wp\/v2\/pages\/85639\/revisions\/98955"}],"up":[{"embeddable":true,"href":"https:\/\/www.kktavastia.fi\/ammattiopisto\/wp-json\/wp\/v2\/pages\/85633"}],"wp:attachment":[{"href":"https:\/\/www.kktavastia.fi\/ammattiopisto\/wp-json\/wp\/v2\/media?parent=85639"}],"curies":[{"name":"wp","href":"https:\/\/api.w.org\/{rel}","templated":true}]}}