{"id":85633,"date":"2025-03-18T10:38:23","date_gmt":"2025-03-18T08:38:23","guid":{"rendered":"https:\/\/www.kktavastia.fi\/ammattiopisto\/?page_id=85633"},"modified":"2025-06-14T20:33:29","modified_gmt":"2025-06-14T17:33:29","slug":"valmistuminen-ja-todistukset","status":"publish","type":"page","link":"https:\/\/www.kktavastia.fi\/ammattiopisto\/opiskelijalle\/valmistuminen-ja-todistukset\/","title":{"rendered":"Valmistuminen ja todistukset"},"content":{"rendered":"\n<h3 class=\"wp-block-heading is-style-ingress\">Valmistuminen<\/h3>\n\n\n\n<p>Voit valmistua valmistumisp\u00e4iv\u00e4n\u00e4 aikaisintaan kaksi viikkoa sen j\u00e4lkeen, kun olet saanut viimeisen osaamisen arvioinnin tiedoksi. Ennen valmistumistasi sinun tulee t\u00e4ytt\u00e4\u00e4 Valmistuminen-lomake Wilmassa. Lomakkeet-osiosta l\u00f6ytyv\u00e4 lomake on t\u00e4ytett\u00e4viss\u00e4 14\u20133 p\u00e4iv\u00e4\u00e4 ennen suunniteltua valmistumisp\u00e4iv\u00e4\u00e4.<\/p>\n\n\n\n<p>Valmistuminen-lomakkeessa mm. annat luvan nimesi julkaisemiseen valmistuttuasi. Sinulta kysyt\u00e4\u00e4n my\u00f6s lainaamiesi tavaroiden palauttamisesta, pukukaappisi\/lokerosi tyhjent\u00e4misest\u00e4, kiinnostuksesta Alumni-toimintaan sek\u00e4 ARVO-palautteeseen vastaamisesta.<\/p>\n\n\n\n<h4 class=\"wp-block-heading\">Lukuvuoden 2025\u20132026&nbsp;valmistumisp\u00e4iv\u00e4t ja -juhlat<\/h4>\n\n\n\n<figure class=\"wp-block-table is-style-regular\"><table class=\"has-white-background-color has-background has-fixed-layout\"><thead><tr><th class=\"has-text-align-center\" data-align=\"center\">Syyslukukausi<\/th><th class=\"has-text-align-center\" data-align=\"center\"><\/th><th class=\"has-text-align-center\" data-align=\"center\">Kev\u00e4tlukukausi<\/th><th class=\"has-text-align-center\" data-align=\"center\"><\/th><\/tr><\/thead><tbody><tr><td class=\"has-text-align-center\" data-align=\"center\">Joka perjantai v\u00e4lill\u00e4 <br>8.8. &#8211; 3.10.2025<\/td><td class=\"has-text-align-center\" data-align=\"center\">Joka perjantai v\u00e4lill\u00e4 <br>10.10. &#8211; 19.12.2025<\/td><td class=\"has-text-align-center\" data-align=\"center\">Joka perjantai v\u00e4lill\u00e4 <br>9.1. &#8211; 27.3.2026<\/td><td class=\"has-text-align-center\" data-align=\"center\">Joka perjantai v\u00e4lill\u00e4 <br>2.4. &#8211; 26.6.2026<br>Poikkeusp\u00e4iv\u00e4t <br>(muu kuin perjantai) <br>to 2.4., 30.4. ja 18.6.<\/td><\/tr><\/tbody><tfoot><tr><td class=\"has-text-align-center\" data-align=\"center\">Juhla <br>pe 3.10. klo 14-16<\/td><td class=\"has-text-align-center\" data-align=\"center\">Juhla <br>pe 19.12. klo 10-11.30<\/td><td class=\"has-text-align-center\" data-align=\"center\">Juhla <br>pe 27.3. klo 14-16<\/td><td class=\"has-text-align-center\" data-align=\"center\">Juhla <br>pe 29.5. klo 10-11.30<\/td><\/tr><\/tfoot><\/table><\/figure>\n\n\n\n<h3 class=\"wp-block-heading\">Todistukset<\/h3>\n\n\n\n<p>Kun olet suorittanut hyv\u00e4ksytysti kaikki tutkintoon kuuluvat tutkinnon osat, saat tutkintotodistuksen. Jos suoritat koko tutkinnon sijaan tutkinnon osia, saat todistuksen suoritetuista tutkinnon osista. Saat todistuksen suoritetuista tutkinnon osista my\u00f6s, jos eroat oppilaitoksesta ja olet suorittanut tutkinnon osia. Todistusten liitteen\u00e4 on opintosuoritusote. Pyynn\u00f6st\u00e4 saat kansainv\u00e4liseen k\u00e4ytt\u00f6\u00f6n tarkoitetun liitteen. Voit tarvittaessa my\u00f6s pyyt\u00e4\u00e4 todistuksen suoritetuista tutkinnon osista kesken opiskelun.<\/p>\n\n\n\n<p>Perustutkintojen osalta tutkintotodistusta tai todistusta suoritetuista tutkinnon osista ei anneta, jos osaamisen arviointia on mukautettu tai siit\u00e4 on poikettu niin, ett\u00e4 opiskelija ei ole saavuttanut keskeisi\u00e4 tutkinnon osien osaamistavoitteita tai ammattitaitovaatimuksia. T\u00e4ll\u00f6in opiskelijalle annetaan todistus osaamisesta. Opiskelija saa todistuksen suoritetuista tutkinnon osista niiden tutkinnon osien osalta, joissa h\u00e4n on saavuttanut keskeiset osaamistavoitteet ja ammattitaitovaatimukset. Ammatti- ja erikoisammattitutkinnoissa ammattitaitovaatimuksia ei voi mukauttaa tai niist\u00e4 ei voi poiketa.<\/p>\n\n\n\n<p>TUVA-koulutuksesta annetaan todistus suoritetusta koulutuksesta. Todistuksen liitteen\u00e4 on opintosuoritusote.<\/p>\n\n\n\n<section class=\"block block-image-content-upsell right-image\">\n  <div class=\"container\">\n\n    <div class=\"cols\">\n      <div class=\"col col-content\">\n        <div class=\"content content-dark\">\n          <h3>S\u00e4hk\u00f6iset todistukset<\/h3>\n          <p>Ammattiopisto Tavastiassa on k\u00e4yt\u00f6ss\u00e4 Atomi-palvelu, josta opiskelija voi ladata s\u00e4hk\u00f6isesti allekirjoitetun opiskelutodistuksen, opintosuoritusotteen ja valmistuttuaan tutkintotodistuksen.<\/p>\n                      <a href=\"https:\/\/www.kktavastia.fi\/todistuspalvelu\/\" class=\"button button-light\">Lue lis\u00e4\u00e4 todistuspalvelu -sivulta<svg xmlns=\"http:\/\/www.w3.org\/2000\/svg\" width=\"23\" height=\"8\" viewBox=\"0 0 23 8\"><path d=\"M1 3.818h21.23m0 0L19.153.764m3.077 3.054l-3.077 3.055\" stroke=\"currentColor\" stroke-width=\"1.5\" fill=\"none\" fill-rule=\"evenodd\" stroke-linecap=\"round\" stroke-linejoin=\"round\"\/><\/svg>\n<\/a>\n                  <\/div>\n      <\/div>\n\n      <div class=\"col col-image\">\n            <div class=\"lazy\"\n      data-bg=\"https:\/\/www.kktavastia.fi\/media\/sites\/2\/sahkoiset-todistukset-netti-scaled.jpg\"\n          >\n    <\/div>\n\n          <\/div>\n    <\/div>\n\n  <\/div>\n<\/section>\n\n\n\n<section class=\"block block-image-content-upsell left-image\">\n  <div class=\"container\">\n\n    <div class=\"cols\">\n      <div class=\"col col-content\">\n        <div class=\"content content-dark\">\n          <h3>Lahjoita stipendi opiskelijalle<\/h3>\n          <p>Haluatko muistaa valmistuvia opiskelijoita? Voit lahjoittaa rahasumman, jonka avulla voimme my\u00f6nt\u00e4\u00e4 opiskelijallemme stipendin. Katso ohjeet lomakkeesta!<\/p>\n                      <a href=\"https:\/\/kktavastia.tweb.fi\/3\/152074\" class=\"button button-light\">Stipendilahjoituslomake<svg xmlns=\"http:\/\/www.w3.org\/2000\/svg\" width=\"23\" height=\"8\" viewBox=\"0 0 23 8\"><path d=\"M1 3.818h21.23m0 0L19.153.764m3.077 3.054l-3.077 3.055\" stroke=\"currentColor\" stroke-width=\"1.5\" fill=\"none\" fill-rule=\"evenodd\" stroke-linecap=\"round\" stroke-linejoin=\"round\"\/><\/svg>\n<\/a>\n                  <\/div>\n      <\/div>\n\n      <div class=\"col col-image\">\n            <div class=\"lazy\"\n      data-bg=\"https:\/\/www.kktavastia.fi\/media\/sites\/2\/ruusukimppu.jpg\"\n          >\n    <\/div>\n\n          <\/div>\n    <\/div>\n\n  <\/div>\n<\/section>\n","protected":false},"excerpt":{"rendered":"<p>Valmistuminen Voit valmistua valmistumisp\u00e4iv\u00e4n\u00e4 aikaisintaan kaksi viikkoa sen j\u00e4lkeen, kun olet saanut viimeisen osaamisen arvioinnin tiedoksi. Ennen valmistumistasi sinun tulee [&hellip;]<\/p>\n","protected":false},"author":5,"featured_media":0,"parent":39205,"menu_order":3,"comment_status":"closed","ping_status":"closed","template":"","meta":{"_acf_changed":false,"_relevanssi_hide_post":"","_relevanssi_hide_content":"","_relevanssi_pin_for_all":"","_relevanssi_pin_keywords":"","_relevanssi_unpin_keywords":"","_relevanssi_related_keywords":"","_relevanssi_related_include_ids":"","_relevanssi_related_exclude_ids":"","_relevanssi_related_no_append":"","_relevanssi_related_not_related":"","_relevanssi_related_posts":"50544,1146,1115,38310,946,11","_relevanssi_noindex_reason":"","footnotes":""},"class_list":["post-85633","page","type-page","status-publish","hentry"],"acf":[],"yoast_head":"<title>Valmistuminen ja todistukset - Ammattiopisto Tavastia<\/title>\n<meta name=\"robots\" content=\"index, follow, max-snippet:-1, max-image-preview:large, max-video-preview:-1\" \/>\n<link rel=\"canonical\" href=\"https:\/\/www.kktavastia.fi\/ammattiopisto\/opiskelijalle\/valmistuminen-ja-todistukset\/\" \/>\n<meta property=\"og:locale\" content=\"fi_FI\" \/>\n<meta property=\"og:type\" content=\"article\" \/>\n<meta property=\"og:title\" content=\"Valmistuminen ja todistukset - Ammattiopisto Tavastia\" \/>\n<meta property=\"og:description\" content=\"Valmistuminen Voit valmistua valmistumisp\u00e4iv\u00e4n\u00e4 aikaisintaan kaksi viikkoa sen j\u00e4lkeen, kun olet saanut viimeisen osaamisen arvioinnin tiedoksi. Ennen valmistumistasi sinun tulee [&hellip;]\" \/>\n<meta property=\"og:url\" content=\"https:\/\/www.kktavastia.fi\/ammattiopisto\/opiskelijalle\/valmistuminen-ja-todistukset\/\" \/>\n<meta property=\"og:site_name\" content=\"Ammattiopisto Tavastia\" \/>\n<meta property=\"article:modified_time\" content=\"2025-06-14T17:33:29+00:00\" \/>\n<meta name=\"twitter:card\" content=\"summary_large_image\" \/>\n<script type=\"application\/ld+json\" class=\"yoast-schema-graph\">{\"@context\":\"https:\\\/\\\/schema.org\",\"@graph\":[{\"@type\":\"WebPage\",\"@id\":\"https:\\\/\\\/www.kktavastia.fi\\\/ammattiopisto\\\/opiskelijalle\\\/valmistuminen-ja-todistukset\\\/\",\"url\":\"https:\\\/\\\/www.kktavastia.fi\\\/ammattiopisto\\\/opiskelijalle\\\/valmistuminen-ja-todistukset\\\/\",\"name\":\"Valmistuminen ja todistukset - Ammattiopisto Tavastia\",\"isPartOf\":{\"@id\":\"https:\\\/\\\/www.kktavastia.fi\\\/ammattiopisto\\\/#website\"},\"datePublished\":\"2025-03-18T08:38:23+00:00\",\"dateModified\":\"2025-06-14T17:33:29+00:00\",\"breadcrumb\":{\"@id\":\"https:\\\/\\\/www.kktavastia.fi\\\/ammattiopisto\\\/opiskelijalle\\\/valmistuminen-ja-todistukset\\\/#breadcrumb\"},\"inLanguage\":\"fi\",\"potentialAction\":[{\"@type\":\"ReadAction\",\"target\":[\"https:\\\/\\\/www.kktavastia.fi\\\/ammattiopisto\\\/opiskelijalle\\\/valmistuminen-ja-todistukset\\\/\"]}]},{\"@type\":\"BreadcrumbList\",\"@id\":\"https:\\\/\\\/www.kktavastia.fi\\\/ammattiopisto\\\/opiskelijalle\\\/valmistuminen-ja-todistukset\\\/#breadcrumb\",\"itemListElement\":[{\"@type\":\"ListItem\",\"position\":1,\"name\":\"Home\",\"item\":\"https:\\\/\\\/www.kktavastia.fi\\\/ammattiopisto\\\/\"},{\"@type\":\"ListItem\",\"position\":2,\"name\":\"Opiskelijalle\",\"item\":\"https:\\\/\\\/www.kktavastia.fi\\\/ammattiopisto\\\/opiskelijalle\\\/\"},{\"@type\":\"ListItem\",\"position\":3,\"name\":\"Valmistuminen ja todistukset\"}]},{\"@type\":\"WebSite\",\"@id\":\"https:\\\/\\\/www.kktavastia.fi\\\/ammattiopisto\\\/#website\",\"url\":\"https:\\\/\\\/www.kktavastia.fi\\\/ammattiopisto\\\/\",\"name\":\"Ammattiopisto Tavastia\",\"description\":\"\",\"potentialAction\":[{\"@type\":\"SearchAction\",\"target\":{\"@type\":\"EntryPoint\",\"urlTemplate\":\"https:\\\/\\\/www.kktavastia.fi\\\/ammattiopisto\\\/?s={search_term_string}\"},\"query-input\":{\"@type\":\"PropertyValueSpecification\",\"valueRequired\":true,\"valueName\":\"search_term_string\"}}],\"inLanguage\":\"fi\"}]}<\/script>","yoast_head_json":{"title":"Valmistuminen ja todistukset - Ammattiopisto Tavastia","robots":{"index":"index","follow":"follow","max-snippet":"max-snippet:-1","max-image-preview":"max-image-preview:large","max-video-preview":"max-video-preview:-1"},"canonical":"https:\/\/www.kktavastia.fi\/ammattiopisto\/opiskelijalle\/valmistuminen-ja-todistukset\/","og_locale":"fi_FI","og_type":"article","og_title":"Valmistuminen ja todistukset - Ammattiopisto Tavastia","og_description":"Valmistuminen Voit valmistua valmistumisp\u00e4iv\u00e4n\u00e4 aikaisintaan kaksi viikkoa sen j\u00e4lkeen, kun olet saanut viimeisen osaamisen arvioinnin tiedoksi. Ennen valmistumistasi sinun tulee [&hellip;]","og_url":"https:\/\/www.kktavastia.fi\/ammattiopisto\/opiskelijalle\/valmistuminen-ja-todistukset\/","og_site_name":"Ammattiopisto Tavastia","article_modified_time":"2025-06-14T17:33:29+00:00","twitter_card":"summary_large_image","schema":{"@context":"https:\/\/schema.org","@graph":[{"@type":"WebPage","@id":"https:\/\/www.kktavastia.fi\/ammattiopisto\/opiskelijalle\/valmistuminen-ja-todistukset\/","url":"https:\/\/www.kktavastia.fi\/ammattiopisto\/opiskelijalle\/valmistuminen-ja-todistukset\/","name":"Valmistuminen ja todistukset - Ammattiopisto Tavastia","isPartOf":{"@id":"https:\/\/www.kktavastia.fi\/ammattiopisto\/#website"},"datePublished":"2025-03-18T08:38:23+00:00","dateModified":"2025-06-14T17:33:29+00:00","breadcrumb":{"@id":"https:\/\/www.kktavastia.fi\/ammattiopisto\/opiskelijalle\/valmistuminen-ja-todistukset\/#breadcrumb"},"inLanguage":"fi","potentialAction":[{"@type":"ReadAction","target":["https:\/\/www.kktavastia.fi\/ammattiopisto\/opiskelijalle\/valmistuminen-ja-todistukset\/"]}]},{"@type":"BreadcrumbList","@id":"https:\/\/www.kktavastia.fi\/ammattiopisto\/opiskelijalle\/valmistuminen-ja-todistukset\/#breadcrumb","itemListElement":[{"@type":"ListItem","position":1,"name":"Home","item":"https:\/\/www.kktavastia.fi\/ammattiopisto\/"},{"@type":"ListItem","position":2,"name":"Opiskelijalle","item":"https:\/\/www.kktavastia.fi\/ammattiopisto\/opiskelijalle\/"},{"@type":"ListItem","position":3,"name":"Valmistuminen ja todistukset"}]},{"@type":"WebSite","@id":"https:\/\/www.kktavastia.fi\/ammattiopisto\/#website","url":"https:\/\/www.kktavastia.fi\/ammattiopisto\/","name":"Ammattiopisto Tavastia","description":"","potentialAction":[{"@type":"SearchAction","target":{"@type":"EntryPoint","urlTemplate":"https:\/\/www.kktavastia.fi\/ammattiopisto\/?s={search_term_string}"},"query-input":{"@type":"PropertyValueSpecification","valueRequired":true,"valueName":"search_term_string"}}],"inLanguage":"fi"}]}},"_links":{"self":[{"href":"https:\/\/www.kktavastia.fi\/ammattiopisto\/wp-json\/wp\/v2\/pages\/85633","targetHints":{"allow":["GET"]}}],"collection":[{"href":"https:\/\/www.kktavastia.fi\/ammattiopisto\/wp-json\/wp\/v2\/pages"}],"about":[{"href":"https:\/\/www.kktavastia.fi\/ammattiopisto\/wp-json\/wp\/v2\/types\/page"}],"author":[{"embeddable":true,"href":"https:\/\/www.kktavastia.fi\/ammattiopisto\/wp-json\/wp\/v2\/users\/5"}],"replies":[{"embeddable":true,"href":"https:\/\/www.kktavastia.fi\/ammattiopisto\/wp-json\/wp\/v2\/comments?post=85633"}],"version-history":[{"count":14,"href":"https:\/\/www.kktavastia.fi\/ammattiopisto\/wp-json\/wp\/v2\/pages\/85633\/revisions"}],"predecessor-version":[{"id":101998,"href":"https:\/\/www.kktavastia.fi\/ammattiopisto\/wp-json\/wp\/v2\/pages\/85633\/revisions\/101998"}],"up":[{"embeddable":true,"href":"https:\/\/www.kktavastia.fi\/ammattiopisto\/wp-json\/wp\/v2\/pages\/39205"}],"wp:attachment":[{"href":"https:\/\/www.kktavastia.fi\/ammattiopisto\/wp-json\/wp\/v2\/media?parent=85633"}],"curies":[{"name":"wp","href":"https:\/\/api.w.org\/{rel}","templated":true}]}}