{"id":750,"date":"2020-12-22T12:22:06","date_gmt":"2020-12-22T10:22:06","guid":{"rendered":"https:\/\/kktavastia.vaiheessa.fi\/ammattiopisto\/?page_id=750"},"modified":"2026-02-17T12:14:12","modified_gmt":"2026-02-17T10:14:12","slug":"uutiskirje","status":"publish","type":"page","link":"https:\/\/www.kktavastia.fi\/ammattiopisto\/tietoa-ammattiopistosta\/uutiskirje\/","title":{"rendered":"Uutiskirje"},"content":{"rendered":"\n<p class=\"is-style-ingress\">Ammattiopisto Tavastian uutiskirje ilmestyy 4\u20136 kertaa vuodessa. Tilaa omasi!<\/p>\n\n\n\n<p><br>Uusi uutiskirje on ilmestynyt <a href=\"https:\/\/mailchi.mp\/kktavastia.fi\/ammattiopisto-tavastian-uutiskirje-17022026\">17.2.2026<\/a><\/p>\n\n\n\n<p>Uutiskirje sis\u00e4lt\u00e4\u00e4 Ammattiopisto Tavastian sek\u00e4 Tavastia Koulutus Oy:n ajankohtaisia asioita, kuulumisia, ihmisi\u00e4 ja ilmi\u00f6it\u00e4. Kerromme t\u00e4rpit uusista koulutuksista, yhteisty\u00f6muodoista ja opiskelijoidemme saavutuksista. Liity vastaanottajien joukkoon nyt!<\/p>\n\n\n\n<p>Kun olet tilannut uutiskirjeen, saat muutaman minuutin kuluttua vahvistuspyynn\u00f6n antamaasi s\u00e4hk\u00f6postiosoitteeseen. Vahvista antamasi osoite.<\/p>\n\n\n\n<div id=\"mc_embed_shell\">\n  \n<div id=\"mc_embed_signup\">\n    <form action=\"https:\/\/kktavastia.us16.list-manage.com\/subscribe\/post?u=45c0b0f4786499e84ddb0eabb&amp;id=8b4fd3498b&amp;f_id=00d513e0f0\" method=\"post\" id=\"mc-embedded-subscribe-form\" name=\"mc-embedded-subscribe-form\" class=\"validate\" target=\"_self\" novalidate=\"\">\n        <div id=\"mc_embed_signup_scroll\"><h2>Tilaa uutiskirje<\/h2>\n            <div class=\"mc-field-group\"><label for=\"mce-EMAIL\">S\u00e4hk\u00f6postiosoite <span class=\"asterisk\">*<\/span><\/label><input type=\"email\" name=\"EMAIL\" class=\"required email\" id=\"mce-EMAIL\" required=\"\" value=\"\"><\/div><div class=\"mc-field-group\"><label for=\"mce-FNAME\">Etunimi<\/label><input type=\"text\" name=\"FNAME\" class=\" text\" id=\"mce-FNAME\" value=\"\"><\/div><div class=\"mc-field-group\"><label for=\"mce-LNAME\">Sukunimi<\/label><input type=\"text\" name=\"LNAME\" class=\" text\" id=\"mce-LNAME\" value=\"\"><\/div>\n        <div id=\"mce-responses\" class=\"clear\">\n            <div class=\"response\" id=\"mce-error-response\" style=\"display: none;\"><\/div>\n            <div class=\"response\" id=\"mce-success-response\" style=\"display: none;\"><\/div>\n        <\/div><div style=\"position: absolute; left: -5000px;\" aria-hidden=\"true\"><input type=\"text\" name=\"b_45c0b0f4786499e84ddb0eabb_8b4fd3498b\" tabindex=\"-1\" value=\"\"><\/div><div class=\"clear\"><input type=\"submit\" name=\"subscribe\" id=\"mc-embedded-subscribe\" class=\"button\" value=\"Tilaa\"><\/div>\n    <\/div>\n<\/form>\n<\/div>\n<\/div>\n\n\n\n<h3 class=\"wp-block-heading\">Uutiskirjearkisto<\/h3>\n\n\n\n<p>Klikkaa t\u00e4st\u00e4 lukemaan vanhoja Ammattiopisto Tavastian uutiskirjeit\u00e4.<\/p>\n\n\n\n<p><strong>2025<\/strong><br><a href=\"https:\/\/mailchi.mp\/kktavastia.fi\/ammattiopisto-tavastian-uutiskirje-4282dp9q0c?e=3a90dcb53d\">1\/2025<\/a><br><a href=\"https:\/\/mailchi.mp\/kktavastia.fi\/ammattiopisto-tavastian-uutiskirje-2942025?e=3a90dcb53d\">2\/2025<\/a><br><a href=\"https:\/\/mailchi.mp\/kktavastia.fi\/ammattiopisto-tavastian-uutiskirje-040925\">3\/2025<\/a><br><a href=\"https:\/\/mailchi.mp\/kktavastia.fi\/ammattiopisto-tavastian-uutiskirje-joulukuu25\">4\/2025<\/a><\/p>\n\n\n\n<p><strong>2024<\/strong><br><a href=\"https:\/\/mailchi.mp\/kktavastia.fi\/ammattiopisto-tavastian-uutiskirje-2612024?e=3a90dcb53d\">1\/2024<\/a><br><a href=\"https:\/\/mailchi.mp\/kktavastia.fi\/ammattiopisto-tavastian-uutiskirje-hlel9y7fy9?e=3a90dcb53d\">2\/2024<\/a><br><a href=\"https:\/\/mailchi.mp\/kktavastia.fi\/ammattiopisto-tavastian-uutiskirje-5tqu7j3nj9?e=3a90dcb53d\">3\/2024<\/a><br><a href=\"https:\/\/mailchi.mp\/kktavastia.fi\/ammattiopisto-tavastian-uutiskirje-l04zx63bew\">4\/2024<\/a><br><a href=\"https:\/\/mailchi.mp\/kktavastia.fi\/ammattiopisto-tavastian-uutiskirje-ws69j8bttr\">5\/2024<\/a><br><a href=\"https:\/\/mailchi.mp\/kktavastia.fi\/ammattiopisto-tavastian-uutiskirje-10102024?e=3a90dcb53d\">6\/2024<\/a><br><a href=\"https:\/\/mailchi.mp\/kktavastia.fi\/ammattiopisto-tavastian-uutiskirje-c81m63u7pr?e=3a90dcb53d\">7\/2024<\/a><\/p>\n\n\n\n<p><\/p>\n","protected":false},"excerpt":{"rendered":"<p>Ammattiopisto Tavastian uutiskirje ilmestyy 4\u20136 kertaa vuodessa. Tilaa omasi! Uusi uutiskirje on ilmestynyt 17.2.2026 Uutiskirje sis\u00e4lt\u00e4\u00e4 Ammattiopisto Tavastian sek\u00e4 Tavastia [&hellip;]<\/p>\n","protected":false},"author":6,"featured_media":0,"parent":127,"menu_order":6,"comment_status":"closed","ping_status":"closed","template":"","meta":{"_acf_changed":false,"_relevanssi_hide_post":"","_relevanssi_hide_content":"","_relevanssi_pin_for_all":"","_relevanssi_pin_keywords":"","_relevanssi_unpin_keywords":"","_relevanssi_related_keywords":"","_relevanssi_related_include_ids":"","_relevanssi_related_exclude_ids":"","_relevanssi_related_no_append":"","_relevanssi_related_not_related":"","_relevanssi_related_posts":"58,127,946,1115,1026,1029","_relevanssi_noindex_reason":"","footnotes":""},"class_list":["post-750","page","type-page","status-publish","hentry"],"acf":[],"yoast_head":"<title>Uutiskirje | Ammattiopisto Tavastia | Tilaa Tavastian uutiskirje<\/title>\n<meta name=\"description\" content=\"Ammattiopisto Tavastian uutiskirje ilmestyy noin kerran kuukaudessa. Tilaa Tavastian uutiskirje t\u00e4\u00e4lt\u00e4 ja pysyt menossa mukana!\" \/>\n<meta name=\"robots\" content=\"index, follow, max-snippet:-1, max-image-preview:large, max-video-preview:-1\" \/>\n<link rel=\"canonical\" href=\"https:\/\/www.kktavastia.fi\/ammattiopisto\/tietoa-ammattiopistosta\/uutiskirje\/\" \/>\n<meta property=\"og:locale\" content=\"fi_FI\" \/>\n<meta property=\"og:type\" content=\"article\" \/>\n<meta property=\"og:title\" content=\"Uutiskirje | Ammattiopisto Tavastia | Tilaa Tavastian uutiskirje\" \/>\n<meta property=\"og:description\" content=\"Ammattiopisto Tavastian uutiskirje ilmestyy noin kerran kuukaudessa. Tilaa Tavastian uutiskirje t\u00e4\u00e4lt\u00e4 ja pysyt menossa mukana!\" \/>\n<meta property=\"og:url\" content=\"https:\/\/www.kktavastia.fi\/ammattiopisto\/tietoa-ammattiopistosta\/uutiskirje\/\" \/>\n<meta property=\"og:site_name\" content=\"Ammattiopisto Tavastia\" \/>\n<meta property=\"article:modified_time\" content=\"2026-02-17T10:14:12+00:00\" \/>\n<meta name=\"twitter:card\" content=\"summary_large_image\" \/>\n<script type=\"application\/ld+json\" class=\"yoast-schema-graph\">{\"@context\":\"https:\\\/\\\/schema.org\",\"@graph\":[{\"@type\":\"WebPage\",\"@id\":\"https:\\\/\\\/www.kktavastia.fi\\\/ammattiopisto\\\/tietoa-ammattiopistosta\\\/uutiskirje\\\/\",\"url\":\"https:\\\/\\\/www.kktavastia.fi\\\/ammattiopisto\\\/tietoa-ammattiopistosta\\\/uutiskirje\\\/\",\"name\":\"Uutiskirje | Ammattiopisto Tavastia | Tilaa Tavastian uutiskirje\",\"isPartOf\":{\"@id\":\"https:\\\/\\\/www.kktavastia.fi\\\/ammattiopisto\\\/#website\"},\"datePublished\":\"2020-12-22T10:22:06+00:00\",\"dateModified\":\"2026-02-17T10:14:12+00:00\",\"description\":\"Ammattiopisto Tavastian uutiskirje ilmestyy noin kerran kuukaudessa. Tilaa Tavastian uutiskirje t\u00e4\u00e4lt\u00e4 ja pysyt menossa mukana!\",\"breadcrumb\":{\"@id\":\"https:\\\/\\\/www.kktavastia.fi\\\/ammattiopisto\\\/tietoa-ammattiopistosta\\\/uutiskirje\\\/#breadcrumb\"},\"inLanguage\":\"fi\",\"potentialAction\":[{\"@type\":\"ReadAction\",\"target\":[\"https:\\\/\\\/www.kktavastia.fi\\\/ammattiopisto\\\/tietoa-ammattiopistosta\\\/uutiskirje\\\/\"]}]},{\"@type\":\"BreadcrumbList\",\"@id\":\"https:\\\/\\\/www.kktavastia.fi\\\/ammattiopisto\\\/tietoa-ammattiopistosta\\\/uutiskirje\\\/#breadcrumb\",\"itemListElement\":[{\"@type\":\"ListItem\",\"position\":1,\"name\":\"Home\",\"item\":\"https:\\\/\\\/www.kktavastia.fi\\\/ammattiopisto\\\/\"},{\"@type\":\"ListItem\",\"position\":2,\"name\":\"Tietoa ammattiopistosta\",\"item\":\"https:\\\/\\\/www.kktavastia.fi\\\/ammattiopisto\\\/tietoa-ammattiopistosta\\\/\"},{\"@type\":\"ListItem\",\"position\":3,\"name\":\"Uutiskirje\"}]},{\"@type\":\"WebSite\",\"@id\":\"https:\\\/\\\/www.kktavastia.fi\\\/ammattiopisto\\\/#website\",\"url\":\"https:\\\/\\\/www.kktavastia.fi\\\/ammattiopisto\\\/\",\"name\":\"Ammattiopisto Tavastia\",\"description\":\"\",\"potentialAction\":[{\"@type\":\"SearchAction\",\"target\":{\"@type\":\"EntryPoint\",\"urlTemplate\":\"https:\\\/\\\/www.kktavastia.fi\\\/ammattiopisto\\\/?s={search_term_string}\"},\"query-input\":{\"@type\":\"PropertyValueSpecification\",\"valueRequired\":true,\"valueName\":\"search_term_string\"}}],\"inLanguage\":\"fi\"}]}<\/script>","yoast_head_json":{"title":"Uutiskirje | Ammattiopisto Tavastia | Tilaa Tavastian uutiskirje","description":"Ammattiopisto Tavastian uutiskirje ilmestyy noin kerran kuukaudessa. Tilaa Tavastian uutiskirje t\u00e4\u00e4lt\u00e4 ja pysyt menossa mukana!","robots":{"index":"index","follow":"follow","max-snippet":"max-snippet:-1","max-image-preview":"max-image-preview:large","max-video-preview":"max-video-preview:-1"},"canonical":"https:\/\/www.kktavastia.fi\/ammattiopisto\/tietoa-ammattiopistosta\/uutiskirje\/","og_locale":"fi_FI","og_type":"article","og_title":"Uutiskirje | Ammattiopisto Tavastia | Tilaa Tavastian uutiskirje","og_description":"Ammattiopisto Tavastian uutiskirje ilmestyy noin kerran kuukaudessa. Tilaa Tavastian uutiskirje t\u00e4\u00e4lt\u00e4 ja pysyt menossa mukana!","og_url":"https:\/\/www.kktavastia.fi\/ammattiopisto\/tietoa-ammattiopistosta\/uutiskirje\/","og_site_name":"Ammattiopisto Tavastia","article_modified_time":"2026-02-17T10:14:12+00:00","twitter_card":"summary_large_image","schema":{"@context":"https:\/\/schema.org","@graph":[{"@type":"WebPage","@id":"https:\/\/www.kktavastia.fi\/ammattiopisto\/tietoa-ammattiopistosta\/uutiskirje\/","url":"https:\/\/www.kktavastia.fi\/ammattiopisto\/tietoa-ammattiopistosta\/uutiskirje\/","name":"Uutiskirje | Ammattiopisto Tavastia | Tilaa Tavastian uutiskirje","isPartOf":{"@id":"https:\/\/www.kktavastia.fi\/ammattiopisto\/#website"},"datePublished":"2020-12-22T10:22:06+00:00","dateModified":"2026-02-17T10:14:12+00:00","description":"Ammattiopisto Tavastian uutiskirje ilmestyy noin kerran kuukaudessa. Tilaa Tavastian uutiskirje t\u00e4\u00e4lt\u00e4 ja pysyt menossa mukana!","breadcrumb":{"@id":"https:\/\/www.kktavastia.fi\/ammattiopisto\/tietoa-ammattiopistosta\/uutiskirje\/#breadcrumb"},"inLanguage":"fi","potentialAction":[{"@type":"ReadAction","target":["https:\/\/www.kktavastia.fi\/ammattiopisto\/tietoa-ammattiopistosta\/uutiskirje\/"]}]},{"@type":"BreadcrumbList","@id":"https:\/\/www.kktavastia.fi\/ammattiopisto\/tietoa-ammattiopistosta\/uutiskirje\/#breadcrumb","itemListElement":[{"@type":"ListItem","position":1,"name":"Home","item":"https:\/\/www.kktavastia.fi\/ammattiopisto\/"},{"@type":"ListItem","position":2,"name":"Tietoa ammattiopistosta","item":"https:\/\/www.kktavastia.fi\/ammattiopisto\/tietoa-ammattiopistosta\/"},{"@type":"ListItem","position":3,"name":"Uutiskirje"}]},{"@type":"WebSite","@id":"https:\/\/www.kktavastia.fi\/ammattiopisto\/#website","url":"https:\/\/www.kktavastia.fi\/ammattiopisto\/","name":"Ammattiopisto Tavastia","description":"","potentialAction":[{"@type":"SearchAction","target":{"@type":"EntryPoint","urlTemplate":"https:\/\/www.kktavastia.fi\/ammattiopisto\/?s={search_term_string}"},"query-input":{"@type":"PropertyValueSpecification","valueRequired":true,"valueName":"search_term_string"}}],"inLanguage":"fi"}]}},"_links":{"self":[{"href":"https:\/\/www.kktavastia.fi\/ammattiopisto\/wp-json\/wp\/v2\/pages\/750","targetHints":{"allow":["GET"]}}],"collection":[{"href":"https:\/\/www.kktavastia.fi\/ammattiopisto\/wp-json\/wp\/v2\/pages"}],"about":[{"href":"https:\/\/www.kktavastia.fi\/ammattiopisto\/wp-json\/wp\/v2\/types\/page"}],"author":[{"embeddable":true,"href":"https:\/\/www.kktavastia.fi\/ammattiopisto\/wp-json\/wp\/v2\/users\/6"}],"replies":[{"embeddable":true,"href":"https:\/\/www.kktavastia.fi\/ammattiopisto\/wp-json\/wp\/v2\/comments?post=750"}],"version-history":[{"count":25,"href":"https:\/\/www.kktavastia.fi\/ammattiopisto\/wp-json\/wp\/v2\/pages\/750\/revisions"}],"predecessor-version":[{"id":145571,"href":"https:\/\/www.kktavastia.fi\/ammattiopisto\/wp-json\/wp\/v2\/pages\/750\/revisions\/145571"}],"up":[{"embeddable":true,"href":"https:\/\/www.kktavastia.fi\/ammattiopisto\/wp-json\/wp\/v2\/pages\/127"}],"wp:attachment":[{"href":"https:\/\/www.kktavastia.fi\/ammattiopisto\/wp-json\/wp\/v2\/media?parent=750"}],"curies":[{"name":"wp","href":"https:\/\/api.w.org\/{rel}","templated":true}]}}